{"id":1554,"date":"2021-12-21T18:07:34","date_gmt":"2021-12-21T17:07:34","guid":{"rendered":"https:\/\/123-esta.com\/las-razones-que-conducen-a-un-esta-rechazado\/"},"modified":"2022-08-31T11:42:58","modified_gmt":"2022-08-31T09:42:58","slug":"los-motivos-que-conducen-a-un-esta-rechazado","status":"publish","type":"page","link":"https:\/\/123-esta.com\/es\/los-motivos-que-conducen-a-un-esta-rechazado\/","title":{"rendered":"Las razones que conducen a un ESTA rechazado"},"content":{"rendered":"\n<p><span style=\"font-weight: 400;\">La autorizaci\u00f3n <a href=\"https:\/\/123-esta.com\/es\/\">ESTA<\/a> permite a los nacionales de ciertos pa\u00edses viajar a los EE. UU. (Como parte de una estad\u00eda tur\u00edstica o un viaje de negocios de una duraci\u00f3n m\u00e1xima de 90 d\u00edas) sin tener que solicitar una visa estadounidense con anticipaci\u00f3n. Esta medida, aunque muy pr\u00e1ctica, no concierne a todo el mundo y son varios los motivos que llevan a una <\/span><span style=\"font-weight: 400;\">ESTA rechazado<\/span><span style=\"font-weight: 400;\">. Detallaremos las condiciones de elegibilidad para poder determinar qu\u00e9 razones pueden dar lugar a una denegaci\u00f3n.<\/span><span style=\"font-weight: 400;\">.<\/span><\/p>\n\n<h2 class=\"wp-block-heading\"><strong>Se rechaza su ESTA porque no forma parte del VWP<\/strong><\/h2>\n\n<p><span style=\"font-weight: 400;\">Para poder beneficiarse de ESTA, debe tener un pasaporte de un pa\u00eds que sea miembro del programa de exenci\u00f3n de visa establecido por el gobierno de los EE. UU. Este dispositivo, llamado Visa Waiver Program en ingl\u00e9s, es la primera y m\u00e1s importante condici\u00f3n para acceder a la ESTA. <\/span><\/p>\n\n<p><span style=\"font-weight: 400;\">El programa consta de 40 pa\u00edses desde 2022 con la incorporaci\u00f3n de Croacia:<\/span><\/p>\n\n<p><span style=\"font-weight: 400;\">Alemania, Andorra, Austria, Australia, B\u00e9lgica, Brunei, Croacia, Dinamarca, Eslovaquia, Eslovenia, Espa\u00f1a, Estonia, Finlandia, Francia, Grecia, Hungr\u00eda, Irlanda, Islandia, Italia, Jap\u00f3n, Letonia, Liechtenstein, Lituania, Luxemburgo, Malta, M\u00f3naco, Noruega, Nueva Zelanda, Pa\u00edses Bajos, Polonia, Portugal, Rep\u00fablica Checa, San Marino, Singapur, Suecia y Suiza.<\/span><\/p>\n\n<p><span style=\"font-weight: 400;\">Si su pa\u00eds no est\u00e1 en esta lista, su<\/span> <span style=\"font-weight: 400;\">solicitud ESTA ser\u00e1<\/span> <span style=\"font-weight: 400;\">rechazada sistem\u00e1ticamente.<\/span> <\/p>\n\n<p><span style=\"font-weight: 400;\">Es posible que su pasaporte provenga de uno de los pa\u00edses afectados por el VWP, pero que a\u00fan as\u00ed encuentre una<\/span> <span style=\"font-weight: 400;\">denegaci\u00f3n de la autorizaci\u00f3n ESTA<\/span><span style=\"font-weight: 400;\">. Esto puede deberse a que ha estado en uno de los pa\u00edses de la lista negra de los EE. UU. Estos pa\u00edses son Ir\u00e1n, Irak, Libia, Sud\u00e1n, Somalia, Siria y Yemen. Si ha estado en uno de estos pa\u00edses desde 2011, ingresar a los Estados Unidos a trav\u00e9s del VWP no funciona y su <\/span><span style=\"font-weight: 400;\">Se rechazar\u00e1 la ESTA<\/span> <span style=\"font-weight: 400;\">.<\/span><\/p>\n\n<h2 class=\"wp-block-heading\"><strong>Rechazo de la autorizaci\u00f3n ESTA debido a pasaporte no conforme<\/strong><\/h2>\n\n<p><span style=\"font-weight: 400;\">ESTA es una autorizaci\u00f3n de viaje electr\u00f3nica y, por lo tanto, debe estar vinculada a un n\u00famero de <a href=\"https:\/\/123-esta.com\/es\/esta-eeuu-pasaporte\/\">pasaporte v\u00e1lido<\/a> . Por v\u00e1lido, entienda que el pasaporte debe poder contener la huella dactilar del propietario, el reconocimiento facial y la informaci\u00f3n de identificaci\u00f3n retiniana.<\/span><\/p>\n\n<p><span style=\"font-weight: 400;\">Solo un pasaporte biom\u00e9trico o electr\u00f3nico cumple con estos requisitos de seguridad, el incumplimiento de esta condici\u00f3n dar\u00e1 lugar a la<\/span> <span style=\"font-weight: 400;\">denegaci\u00f3n de su autorizaci\u00f3n ESTA.<\/span><\/p>\n\n<p><span style=\"font-weight: 400;\">Si no tiene un pasaporte v\u00e1lido al que ESTA pueda vincularse electr\u00f3nicamente, su<\/span> <span style=\"font-weight: 400;\">solicitud ESTA ser\u00e1 rechazada<\/span> <span style=\"font-weight: 400;\">.<\/span> <\/p>\n\n<p><span style=\"font-weight: 400;\">Si tiene un pasaporte electr\u00f3nico, pero a\u00fan as\u00ed ha sido rechazado, verifique que el per\u00edodo de validez sea mucho mayor a 6 meses en comparaci\u00f3n con la fecha de inicio de su viaje a los Estados Unidos. De lo contrario, deber\u00e1 obtener un nuevo pasaporte. <\/span><\/p>\n\n<h2 class=\"wp-block-heading\"><strong>Rechazado debido a una posible amenaza a la seguridad nacional estadounidense<\/strong><\/h2>\n\n<p><span style=\"font-weight: 400;\">Las autoridades estadounidenses se toman muy en serio la seguridad interna de su pa\u00eds. Si sienten que eres la menor amenaza, tu permiso <\/span><span style=\"font-weight: 400;\">Se rechazar\u00e1 la ESTA<\/span> <span style=\"font-weight: 400;\">.<\/span> <span style=\"font-weight: 400;\">Pero, \u00bfqu\u00e9 les hace pensar que podr\u00edas ser una amenaza potencial?<\/span> <\/p>\n\n<p><span style=\"font-weight: 400;\">La tercera parte del formulario ESTA compuesta por preguntas cerradas (donde las \u00fanicas respuestas posibles son s\u00ed o no) quiz\u00e1s est\u00e9 en cuesti\u00f3n. <\/span><\/p>\n\n<p><span style=\"font-weight: 400;\">De hecho, estas preguntas tienen como objetivo conocer su historial m\u00e9dico y legal, su posible pertenencia a una organizaci\u00f3n terrorista o si desea encontrar un trabajo durante su estad\u00eda en los Estados Unidos. Si bien debe responder a las preguntas de la manera m\u00e1s honesta posible, tenga en cuenta que una respuesta positiva a este cuestionario en l\u00ednea le brinda la <\/span><span style=\"font-weight: 400;\">rechazo de su autorizaci\u00f3n ESTA<\/span> <span style=\"font-weight: 400;\">.<\/span> <\/p>\n\n<p><span style=\"font-weight: 400;\">Adem\u00e1s, un simple error de mecanograf\u00eda al completar el formulario en l\u00ednea con respecto a su informaci\u00f3n personal, puede percibirse como fraude.<\/span><\/p>\n\n<h2 class=\"wp-block-heading\"><strong>\u00bfQu\u00e9 hacer si se rechaza el ESTA?  <\/strong><\/h2>\n\n<p><span style=\"font-weight: 400;\">La denegaci\u00f3n de su autorizaci\u00f3n ESTA no significa que se le proh\u00edba permanentemente la entrada en Estados Unidos, sino que simplemente no cumple los criterios para viajar a Estados Unidos en el marco del Programa de Exenci\u00f3n de Visado.  <\/span><\/p>\n\n<p><span style=\"font-weight: 400;\">Si cree que el motivo de la denegaci\u00f3n se debe simplemente a un error de escritura al presentar la solicitud en l\u00ednea, tiene la opci\u00f3n de volver a presentar la solicitud dentro de los 10 d\u00edas posteriores a la denegaci\u00f3n. Sin embargo, si el rechazo se repite en el segundo intento, debe buscar otra soluci\u00f3n. <\/span><\/p>\n\n<p><span style=\"font-weight: 400;\">Para ir a los Estados Unidos de todos modos, tendr\u00e1 que ponerse en contacto con la embajada estadounidense de la que depende y <a href=\"https:\/\/123-esta.com\/es\/obtener-una-visa-para-los-estados-unidos\/\">solicitar una visa de turista de los Estados Unidos<\/a> . <\/span><\/p>\n","protected":false},"excerpt":{"rendered":"<p>La autorizaci\u00f3n ESTA permite a los nacionales de ciertos pa\u00edses viajar a los EE. UU. (Como parte de una estad\u00eda tur\u00edstica o un viaje de negocios de una duraci\u00f3n m\u00e1xima de 90 d\u00edas) sin tener que solicitar una visa estadounidense con anticipaci\u00f3n. Esta medida, aunque muy pr\u00e1ctica, no concierne a todo el mundo y son [&hellip;]<\/p>\n","protected":false},"author":1,"featured_media":0,"parent":0,"menu_order":0,"comment_status":"closed","ping_status":"closed","template":"","meta":{"site-sidebar-layout":"default","site-content-layout":"default","ast-site-content-layout":"default","site-content-style":"default","site-sidebar-style":"default","ast-global-header-display":"","ast-banner-title-visibility":"","ast-main-header-display":"","ast-hfb-above-header-display":"","ast-hfb-below-header-display":"","ast-hfb-mobile-header-display":"","site-post-title":"","ast-breadcrumbs-content":"","ast-featured-img":"","footer-sml-layout":"","ast-disable-related-posts":"","theme-transparent-header-meta":"","adv-header-id-meta":"","stick-header-meta":"default","header-above-stick-meta":"","header-main-stick-meta":"","header-below-stick-meta":"","astra-migrate-meta-layouts":"default","ast-page-background-enabled":"default","ast-page-background-meta":{"desktop":{"background-color":"","background-image":"","background-repeat":"repeat","background-position":"center center","background-size":"auto","background-attachment":"scroll","background-type":"","background-media":"","overlay-type":"","overlay-color":"","overlay-opacity":"","overlay-gradient":""},"tablet":{"background-color":"","background-image":"","background-repeat":"repeat","background-position":"center center","background-size":"auto","background-attachment":"scroll","background-type":"","background-media":"","overlay-type":"","overlay-color":"","overlay-opacity":"","overlay-gradient":""},"mobile":{"background-color":"","background-image":"","background-repeat":"repeat","background-position":"center center","background-size":"auto","background-attachment":"scroll","background-type":"","background-media":"","overlay-type":"","overlay-color":"","overlay-opacity":"","overlay-gradient":""}},"ast-content-background-meta":{"desktop":{"background-color":"var(--ast-global-color-5)","background-image":"","background-repeat":"repeat","background-position":"center center","background-size":"auto","background-attachment":"scroll","background-type":"","background-media":"","overlay-type":"","overlay-color":"","overlay-opacity":"","overlay-gradient":""},"tablet":{"background-color":"var(--ast-global-color-5)","background-image":"","background-repeat":"repeat","background-position":"center center","background-size":"auto","background-attachment":"scroll","background-type":"","background-media":"","overlay-type":"","overlay-color":"","overlay-opacity":"","overlay-gradient":""},"mobile":{"background-color":"var(--ast-global-color-5)","background-image":"","background-repeat":"repeat","background-position":"center center","background-size":"auto","background-attachment":"scroll","background-type":"","background-media":"","overlay-type":"","overlay-color":"","overlay-opacity":"","overlay-gradient":""}},"footnotes":""},"class_list":["post-1554","page","type-page","status-publish","hentry"],"yoast_head":"<!-- This site is optimized with the Yoast SEO plugin v27.1.1 - https:\/\/yoast.com\/product\/yoast-seo-wordpress\/ -->\n<title>Las diferentes razones que conducen a un ESTA denegado<\/title>\n<meta name=\"description\" content=\"\u00bfSu autorizaci\u00f3n ESTA ha sido denegada y no comprende el motivo? Explicamos en detalle las razones que conducen a un ESTA rechazado.\" \/>\n<meta name=\"robots\" content=\"index, follow, max-snippet:-1, max-image-preview:large, max-video-preview:-1\" \/>\n<link rel=\"canonical\" href=\"https:\/\/123-esta.com\/es\/los-motivos-que-conducen-a-un-esta-rechazado\/\" \/>\n<meta property=\"og:locale\" content=\"es_ES\" \/>\n<meta property=\"og:type\" content=\"article\" \/>\n<meta property=\"og:title\" content=\"Las diferentes razones que conducen a un ESTA denegado\" \/>\n<meta property=\"og:description\" content=\"\u00bfSu autorizaci\u00f3n ESTA ha sido denegada y no comprende el motivo? Explicamos en detalle las razones que conducen a un ESTA rechazado.\" \/>\n<meta property=\"og:url\" content=\"https:\/\/123-esta.com\/es\/los-motivos-que-conducen-a-un-esta-rechazado\/\" \/>\n<meta property=\"og:site_name\" content=\"Formulaire ESTA pour les USA\" \/>\n<meta property=\"article:modified_time\" content=\"2022-08-31T09:42:58+00:00\" \/>\n<meta name=\"twitter:card\" content=\"summary_large_image\" \/>\n<meta name=\"twitter:label1\" content=\"Tiempo de lectura\" \/>\n\t<meta name=\"twitter:data1\" content=\"4 minutos\" \/>\n<script type=\"application\/ld+json\" class=\"yoast-schema-graph\">{\"@context\":\"https:\/\/schema.org\",\"@graph\":[{\"@type\":\"WebPage\",\"@id\":\"https:\/\/123-esta.com\/es\/los-motivos-que-conducen-a-un-esta-rechazado\/\",\"url\":\"https:\/\/123-esta.com\/es\/los-motivos-que-conducen-a-un-esta-rechazado\/\",\"name\":\"Las diferentes razones que conducen a un ESTA denegado\",\"isPartOf\":{\"@id\":\"https:\/\/123-esta.com\/es\/#website\"},\"datePublished\":\"2021-12-21T17:07:34+00:00\",\"dateModified\":\"2022-08-31T09:42:58+00:00\",\"description\":\"\u00bfSu autorizaci\u00f3n ESTA ha sido denegada y no comprende el motivo? Explicamos en detalle las razones que conducen a un ESTA rechazado.\",\"inLanguage\":\"es\",\"potentialAction\":[{\"@type\":\"ReadAction\",\"target\":[\"https:\/\/123-esta.com\/es\/los-motivos-que-conducen-a-un-esta-rechazado\/\"]}]},{\"@type\":\"WebSite\",\"@id\":\"https:\/\/123-esta.com\/es\/#website\",\"url\":\"https:\/\/123-esta.com\/es\/\",\"name\":\"Formulaire ESTA pour les USA\",\"description\":\"\",\"publisher\":{\"@id\":\"https:\/\/123-esta.com\/es\/#organization\"},\"potentialAction\":[{\"@type\":\"SearchAction\",\"target\":{\"@type\":\"EntryPoint\",\"urlTemplate\":\"https:\/\/123-esta.com\/es\/?s={search_term_string}\"},\"query-input\":{\"@type\":\"PropertyValueSpecification\",\"valueRequired\":true,\"valueName\":\"search_term_string\"}}],\"inLanguage\":\"es\"},{\"@type\":\"Organization\",\"@id\":\"https:\/\/123-esta.com\/es\/#organization\",\"name\":\"Formulaire ESTA pour les USA\",\"url\":\"https:\/\/123-esta.com\/es\/\",\"logo\":{\"@type\":\"ImageObject\",\"inLanguage\":\"es\",\"@id\":\"https:\/\/123-esta.com\/es\/#\/schema\/logo\/image\/\",\"url\":\"https:\/\/123-esta.com\/wp-content\/uploads\/2018\/03\/logo-123-esta.png\",\"contentUrl\":\"https:\/\/123-esta.com\/wp-content\/uploads\/2018\/03\/logo-123-esta.png\",\"width\":191,\"height\":54,\"caption\":\"Formulaire ESTA pour les USA\"},\"image\":{\"@id\":\"https:\/\/123-esta.com\/es\/#\/schema\/logo\/image\/\"}}]}<\/script>\n<!-- \/ Yoast SEO plugin. -->","yoast_head_json":{"title":"Las diferentes razones que conducen a un ESTA denegado","description":"\u00bfSu autorizaci\u00f3n ESTA ha sido denegada y no comprende el motivo? Explicamos en detalle las razones que conducen a un ESTA rechazado.","robots":{"index":"index","follow":"follow","max-snippet":"max-snippet:-1","max-image-preview":"max-image-preview:large","max-video-preview":"max-video-preview:-1"},"canonical":"https:\/\/123-esta.com\/es\/los-motivos-que-conducen-a-un-esta-rechazado\/","og_locale":"es_ES","og_type":"article","og_title":"Las diferentes razones que conducen a un ESTA denegado","og_description":"\u00bfSu autorizaci\u00f3n ESTA ha sido denegada y no comprende el motivo? Explicamos en detalle las razones que conducen a un ESTA rechazado.","og_url":"https:\/\/123-esta.com\/es\/los-motivos-que-conducen-a-un-esta-rechazado\/","og_site_name":"Formulaire ESTA pour les USA","article_modified_time":"2022-08-31T09:42:58+00:00","twitter_card":"summary_large_image","twitter_misc":{"Tiempo de lectura":"4 minutos"},"schema":{"@context":"https:\/\/schema.org","@graph":[{"@type":"WebPage","@id":"https:\/\/123-esta.com\/es\/los-motivos-que-conducen-a-un-esta-rechazado\/","url":"https:\/\/123-esta.com\/es\/los-motivos-que-conducen-a-un-esta-rechazado\/","name":"Las diferentes razones que conducen a un ESTA denegado","isPartOf":{"@id":"https:\/\/123-esta.com\/es\/#website"},"datePublished":"2021-12-21T17:07:34+00:00","dateModified":"2022-08-31T09:42:58+00:00","description":"\u00bfSu autorizaci\u00f3n ESTA ha sido denegada y no comprende el motivo? Explicamos en detalle las razones que conducen a un ESTA rechazado.","inLanguage":"es","potentialAction":[{"@type":"ReadAction","target":["https:\/\/123-esta.com\/es\/los-motivos-que-conducen-a-un-esta-rechazado\/"]}]},{"@type":"WebSite","@id":"https:\/\/123-esta.com\/es\/#website","url":"https:\/\/123-esta.com\/es\/","name":"Formulaire ESTA pour les USA","description":"","publisher":{"@id":"https:\/\/123-esta.com\/es\/#organization"},"potentialAction":[{"@type":"SearchAction","target":{"@type":"EntryPoint","urlTemplate":"https:\/\/123-esta.com\/es\/?s={search_term_string}"},"query-input":{"@type":"PropertyValueSpecification","valueRequired":true,"valueName":"search_term_string"}}],"inLanguage":"es"},{"@type":"Organization","@id":"https:\/\/123-esta.com\/es\/#organization","name":"Formulaire ESTA pour les USA","url":"https:\/\/123-esta.com\/es\/","logo":{"@type":"ImageObject","inLanguage":"es","@id":"https:\/\/123-esta.com\/es\/#\/schema\/logo\/image\/","url":"https:\/\/123-esta.com\/wp-content\/uploads\/2018\/03\/logo-123-esta.png","contentUrl":"https:\/\/123-esta.com\/wp-content\/uploads\/2018\/03\/logo-123-esta.png","width":191,"height":54,"caption":"Formulaire ESTA pour les USA"},"image":{"@id":"https:\/\/123-esta.com\/es\/#\/schema\/logo\/image\/"}}]}},"_links":{"self":[{"href":"https:\/\/123-esta.com\/es\/wp-json\/wp\/v2\/pages\/1554","targetHints":{"allow":["GET"]}}],"collection":[{"href":"https:\/\/123-esta.com\/es\/wp-json\/wp\/v2\/pages"}],"about":[{"href":"https:\/\/123-esta.com\/es\/wp-json\/wp\/v2\/types\/page"}],"author":[{"embeddable":true,"href":"https:\/\/123-esta.com\/es\/wp-json\/wp\/v2\/users\/1"}],"replies":[{"embeddable":true,"href":"https:\/\/123-esta.com\/es\/wp-json\/wp\/v2\/comments?post=1554"}],"version-history":[{"count":0,"href":"https:\/\/123-esta.com\/es\/wp-json\/wp\/v2\/pages\/1554\/revisions"}],"wp:attachment":[{"href":"https:\/\/123-esta.com\/es\/wp-json\/wp\/v2\/media?parent=1554"}],"curies":[{"name":"wp","href":"https:\/\/api.w.org\/{rel}","templated":true}]}}