{"id":1552,"date":"2021-12-21T18:07:19","date_gmt":"2021-12-21T17:07:19","guid":{"rendered":"https:\/\/123-esta.com\/funciona-esta-para-una-estancia-por-tierra\/"},"modified":"2022-08-23T23:28:58","modified_gmt":"2022-08-23T21:28:58","slug":"funciona-esta-para-una-estancia-por-tierra","status":"publish","type":"page","link":"https:\/\/123-esta.com\/es\/funciona-esta-para-una-estancia-por-tierra\/","title":{"rendered":"\u00bfFunciona el ESTA para la entrada por tierra en Estados Unidos?"},"content":{"rendered":"\n<p>ESTA es un <a href=\"https:\/\/123-esta.com\/es\/faq-todas-las-respuestas-a-sus-preguntas-sobre-esta\/\">documento electr\u00f3nico<\/a> que en algunos casos se requiere para las personas que deseen viajar a los Estados Unidos. La solicitud se realiza en l\u00ednea en un sitio web especializado en el sistema de autorizaci\u00f3n electr\u00f3nica.<\/p>\n\n<p>La solicitud incluye varias preguntas que permitir\u00e1n a las autoridades estadounidenses juzgar si el solicitante puede ingresar a territorio estadounidense sin riesgo, social o m\u00e9dico, para los ciudadanos estadounidenses.<\/p>\n\n<h2 class=\"wp-block-heading\">Los usos de ESTA<\/h2>\n\n<p>Este documento se exige ahora a todas las personas que llegan a Estados Unidos, ya sea en avi\u00f3n, barco o coche desde el extranjero. Permite al solicitante una estad\u00eda de menos de 90 d\u00edas en los Estados Unidos.<\/p>\n\n<p>Esta autorizaci\u00f3n electr\u00f3nica es similar a una visa, pero solo estar\u00e1 operativa en ciertos casos y por un tiempo limitado. De hecho, a diferencia de una visa, esta autorizaci\u00f3n solo se solicita en el marco del programa de exenci\u00f3n de visa.<\/p>\n\n<h2 class=\"wp-block-heading\">ESTA OBLIGATORIA A PARTIR DE 2022 para el acceso terrestre a EEUU<\/h2>\n\n<p>En cuanto al acceso por tierra a Estados Unidos de personas no locales procedentes de Canad\u00e1 o M\u00e9xico, la solicitud del ESTA es obligatoria desde mayo de 2022.<\/p>\n\n<p>Anteriormente, los viajeros pod\u00edan simplemente rellenar el formulario I-94W. Este documento permit\u00eda la entrada en Estados Unidos antes de 2022 por v\u00eda terrestre para una estancia m\u00e1xima de 90 d\u00edas en Estados Unidos. Tenga en cuenta que al cruzar una frontera terrestre, los autom\u00f3viles deben pasar por la aduana, a trav\u00e9s de una cola.<\/p>\n","protected":false},"excerpt":{"rendered":"<p>ESTA es un documento electr\u00f3nico que en algunos casos se requiere para las personas que deseen viajar a los Estados Unidos. La solicitud se realiza en l\u00ednea en un sitio web especializado en el sistema de autorizaci\u00f3n electr\u00f3nica. La solicitud incluye varias preguntas que permitir\u00e1n a las autoridades estadounidenses juzgar si el solicitante puede ingresar [&hellip;]<\/p>\n","protected":false},"author":1,"featured_media":0,"parent":0,"menu_order":0,"comment_status":"closed","ping_status":"closed","template":"","meta":{"site-sidebar-layout":"default","site-content-layout":"default","ast-site-content-layout":"default","site-content-style":"default","site-sidebar-style":"default","ast-global-header-display":"","ast-banner-title-visibility":"","ast-main-header-display":"","ast-hfb-above-header-display":"","ast-hfb-below-header-display":"","ast-hfb-mobile-header-display":"","site-post-title":"","ast-breadcrumbs-content":"","ast-featured-img":"","footer-sml-layout":"","ast-disable-related-posts":"","theme-transparent-header-meta":"default","adv-header-id-meta":"","stick-header-meta":"default","header-above-stick-meta":"","header-main-stick-meta":"","header-below-stick-meta":"","astra-migrate-meta-layouts":"default","ast-page-background-enabled":"default","ast-page-background-meta":{"desktop":{"background-color":"","background-image":"","background-repeat":"repeat","background-position":"center center","background-size":"auto","background-attachment":"scroll","background-type":"","background-media":"","overlay-type":"","overlay-color":"","overlay-opacity":"","overlay-gradient":""},"tablet":{"background-color":"","background-image":"","background-repeat":"repeat","background-position":"center center","background-size":"auto","background-attachment":"scroll","background-type":"","background-media":"","overlay-type":"","overlay-color":"","overlay-opacity":"","overlay-gradient":""},"mobile":{"background-color":"","background-image":"","background-repeat":"repeat","background-position":"center center","background-size":"auto","background-attachment":"scroll","background-type":"","background-media":"","overlay-type":"","overlay-color":"","overlay-opacity":"","overlay-gradient":""}},"ast-content-background-meta":{"desktop":{"background-color":"var(--ast-global-color-5)","background-image":"","background-repeat":"repeat","background-position":"center center","background-size":"auto","background-attachment":"scroll","background-type":"","background-media":"","overlay-type":"","overlay-color":"","overlay-opacity":"","overlay-gradient":""},"tablet":{"background-color":"var(--ast-global-color-5)","background-image":"","background-repeat":"repeat","background-position":"center center","background-size":"auto","background-attachment":"scroll","background-type":"","background-media":"","overlay-type":"","overlay-color":"","overlay-opacity":"","overlay-gradient":""},"mobile":{"background-color":"var(--ast-global-color-5)","background-image":"","background-repeat":"repeat","background-position":"center center","background-size":"auto","background-attachment":"scroll","background-type":"","background-media":"","overlay-type":"","overlay-color":"","overlay-opacity":"","overlay-gradient":""}},"footnotes":""},"class_list":["post-1552","page","type-page","status-publish","hentry"],"yoast_head":"<!-- This site is optimized with the Yoast SEO plugin v27.1.1 - https:\/\/yoast.com\/product\/yoast-seo-wordpress\/ -->\n<title>\u00bfFunciona el ESTA para la entrada por tierra en Estados Unidos?<\/title>\n<meta name=\"description\" content=\"\u00bfTiene que solicitar el ESTA para viajar a Estados Unidos en autom\u00f3vil desde M\u00e9xico? Informaci\u00f3n sobre accesos terrestres.\" \/>\n<meta name=\"robots\" content=\"index, follow, max-snippet:-1, max-image-preview:large, max-video-preview:-1\" \/>\n<link rel=\"canonical\" href=\"https:\/\/123-esta.com\/es\/funciona-esta-para-una-estancia-por-tierra\/\" \/>\n<meta property=\"og:locale\" content=\"es_ES\" \/>\n<meta property=\"og:type\" content=\"article\" \/>\n<meta property=\"og:title\" content=\"\u00bfFunciona el ESTA para la entrada por tierra en Estados Unidos?\" \/>\n<meta property=\"og:description\" content=\"\u00bfTiene que solicitar el ESTA para viajar a Estados Unidos en autom\u00f3vil desde M\u00e9xico? Informaci\u00f3n sobre accesos terrestres.\" \/>\n<meta property=\"og:url\" content=\"https:\/\/123-esta.com\/es\/funciona-esta-para-una-estancia-por-tierra\/\" \/>\n<meta property=\"og:site_name\" content=\"Formulaire ESTA pour les USA\" \/>\n<meta property=\"article:modified_time\" content=\"2022-08-23T21:28:58+00:00\" \/>\n<meta name=\"twitter:card\" content=\"summary_large_image\" \/>\n<meta name=\"twitter:label1\" content=\"Tiempo de lectura\" \/>\n\t<meta name=\"twitter:data1\" content=\"2 minutos\" \/>\n<script type=\"application\/ld+json\" class=\"yoast-schema-graph\">{\"@context\":\"https:\/\/schema.org\",\"@graph\":[{\"@type\":\"WebPage\",\"@id\":\"https:\/\/123-esta.com\/es\/funciona-esta-para-una-estancia-por-tierra\/\",\"url\":\"https:\/\/123-esta.com\/es\/funciona-esta-para-una-estancia-por-tierra\/\",\"name\":\"\u00bfFunciona el ESTA para la entrada por tierra en Estados Unidos?\",\"isPartOf\":{\"@id\":\"https:\/\/123-esta.com\/es\/#website\"},\"datePublished\":\"2021-12-21T17:07:19+00:00\",\"dateModified\":\"2022-08-23T21:28:58+00:00\",\"description\":\"\u00bfTiene que solicitar el ESTA para viajar a Estados Unidos en autom\u00f3vil desde M\u00e9xico? Informaci\u00f3n sobre accesos terrestres.\",\"inLanguage\":\"es\",\"potentialAction\":[{\"@type\":\"ReadAction\",\"target\":[\"https:\/\/123-esta.com\/es\/funciona-esta-para-una-estancia-por-tierra\/\"]}]},{\"@type\":\"WebSite\",\"@id\":\"https:\/\/123-esta.com\/es\/#website\",\"url\":\"https:\/\/123-esta.com\/es\/\",\"name\":\"Formulaire ESTA pour les USA\",\"description\":\"\",\"publisher\":{\"@id\":\"https:\/\/123-esta.com\/es\/#organization\"},\"potentialAction\":[{\"@type\":\"SearchAction\",\"target\":{\"@type\":\"EntryPoint\",\"urlTemplate\":\"https:\/\/123-esta.com\/es\/?s={search_term_string}\"},\"query-input\":{\"@type\":\"PropertyValueSpecification\",\"valueRequired\":true,\"valueName\":\"search_term_string\"}}],\"inLanguage\":\"es\"},{\"@type\":\"Organization\",\"@id\":\"https:\/\/123-esta.com\/es\/#organization\",\"name\":\"Formulaire ESTA pour les USA\",\"url\":\"https:\/\/123-esta.com\/es\/\",\"logo\":{\"@type\":\"ImageObject\",\"inLanguage\":\"es\",\"@id\":\"https:\/\/123-esta.com\/es\/#\/schema\/logo\/image\/\",\"url\":\"https:\/\/123-esta.com\/wp-content\/uploads\/2018\/03\/logo-123-esta.png\",\"contentUrl\":\"https:\/\/123-esta.com\/wp-content\/uploads\/2018\/03\/logo-123-esta.png\",\"width\":191,\"height\":54,\"caption\":\"Formulaire ESTA pour les USA\"},\"image\":{\"@id\":\"https:\/\/123-esta.com\/es\/#\/schema\/logo\/image\/\"}}]}<\/script>\n<!-- \/ Yoast SEO plugin. -->","yoast_head_json":{"title":"\u00bfFunciona el ESTA para la entrada por tierra en Estados Unidos?","description":"\u00bfTiene que solicitar el ESTA para viajar a Estados Unidos en autom\u00f3vil desde M\u00e9xico? Informaci\u00f3n sobre accesos terrestres.","robots":{"index":"index","follow":"follow","max-snippet":"max-snippet:-1","max-image-preview":"max-image-preview:large","max-video-preview":"max-video-preview:-1"},"canonical":"https:\/\/123-esta.com\/es\/funciona-esta-para-una-estancia-por-tierra\/","og_locale":"es_ES","og_type":"article","og_title":"\u00bfFunciona el ESTA para la entrada por tierra en Estados Unidos?","og_description":"\u00bfTiene que solicitar el ESTA para viajar a Estados Unidos en autom\u00f3vil desde M\u00e9xico? Informaci\u00f3n sobre accesos terrestres.","og_url":"https:\/\/123-esta.com\/es\/funciona-esta-para-una-estancia-por-tierra\/","og_site_name":"Formulaire ESTA pour les USA","article_modified_time":"2022-08-23T21:28:58+00:00","twitter_card":"summary_large_image","twitter_misc":{"Tiempo de lectura":"2 minutos"},"schema":{"@context":"https:\/\/schema.org","@graph":[{"@type":"WebPage","@id":"https:\/\/123-esta.com\/es\/funciona-esta-para-una-estancia-por-tierra\/","url":"https:\/\/123-esta.com\/es\/funciona-esta-para-una-estancia-por-tierra\/","name":"\u00bfFunciona el ESTA para la entrada por tierra en Estados Unidos?","isPartOf":{"@id":"https:\/\/123-esta.com\/es\/#website"},"datePublished":"2021-12-21T17:07:19+00:00","dateModified":"2022-08-23T21:28:58+00:00","description":"\u00bfTiene que solicitar el ESTA para viajar a Estados Unidos en autom\u00f3vil desde M\u00e9xico? Informaci\u00f3n sobre accesos terrestres.","inLanguage":"es","potentialAction":[{"@type":"ReadAction","target":["https:\/\/123-esta.com\/es\/funciona-esta-para-una-estancia-por-tierra\/"]}]},{"@type":"WebSite","@id":"https:\/\/123-esta.com\/es\/#website","url":"https:\/\/123-esta.com\/es\/","name":"Formulaire ESTA pour les USA","description":"","publisher":{"@id":"https:\/\/123-esta.com\/es\/#organization"},"potentialAction":[{"@type":"SearchAction","target":{"@type":"EntryPoint","urlTemplate":"https:\/\/123-esta.com\/es\/?s={search_term_string}"},"query-input":{"@type":"PropertyValueSpecification","valueRequired":true,"valueName":"search_term_string"}}],"inLanguage":"es"},{"@type":"Organization","@id":"https:\/\/123-esta.com\/es\/#organization","name":"Formulaire ESTA pour les USA","url":"https:\/\/123-esta.com\/es\/","logo":{"@type":"ImageObject","inLanguage":"es","@id":"https:\/\/123-esta.com\/es\/#\/schema\/logo\/image\/","url":"https:\/\/123-esta.com\/wp-content\/uploads\/2018\/03\/logo-123-esta.png","contentUrl":"https:\/\/123-esta.com\/wp-content\/uploads\/2018\/03\/logo-123-esta.png","width":191,"height":54,"caption":"Formulaire ESTA pour les USA"},"image":{"@id":"https:\/\/123-esta.com\/es\/#\/schema\/logo\/image\/"}}]}},"_links":{"self":[{"href":"https:\/\/123-esta.com\/es\/wp-json\/wp\/v2\/pages\/1552","targetHints":{"allow":["GET"]}}],"collection":[{"href":"https:\/\/123-esta.com\/es\/wp-json\/wp\/v2\/pages"}],"about":[{"href":"https:\/\/123-esta.com\/es\/wp-json\/wp\/v2\/types\/page"}],"author":[{"embeddable":true,"href":"https:\/\/123-esta.com\/es\/wp-json\/wp\/v2\/users\/1"}],"replies":[{"embeddable":true,"href":"https:\/\/123-esta.com\/es\/wp-json\/wp\/v2\/comments?post=1552"}],"version-history":[{"count":0,"href":"https:\/\/123-esta.com\/es\/wp-json\/wp\/v2\/pages\/1552\/revisions"}],"wp:attachment":[{"href":"https:\/\/123-esta.com\/es\/wp-json\/wp\/v2\/media?parent=1552"}],"curies":[{"name":"wp","href":"https:\/\/api.w.org\/{rel}","templated":true}]}}