{"id":1548,"date":"2021-12-21T18:06:57","date_gmt":"2021-12-21T17:06:57","guid":{"rendered":"https:\/\/123-esta.com\/tiene-que-ingresar-a-su-cuenta-de-facebook-para-obtener-su-esta\/"},"modified":"2022-01-02T11:19:06","modified_gmt":"2022-01-02T10:19:06","slug":"tiene-que-ingresar-a-su-cuenta-de-facebook-para-obtener-su-esta","status":"publish","type":"page","link":"https:\/\/123-esta.com\/es\/tiene-que-ingresar-a-su-cuenta-de-facebook-para-obtener-su-esta\/","title":{"rendered":"\u00bfTiene que ingresar a su cuenta de Facebook para obtener su ESTA?"},"content":{"rendered":"\n<p>Desde hace unos meses circulan rumores falsos sobre la informaci\u00f3n obligatoria del identificador de Facebook y otras redes sociales para obtener la autorizaci\u00f3n electr\u00f3nica de viaje para Estados Unidos (ESTA). Muchos viajeros piensan que la obtenci\u00f3n de la ESTA solo se puede hacer ingresando el identificador de Facebook o las otras redes sociales en las que est\u00e1n registrados. Nuestras <a href=\"https:\/\/123-esta.com\/es\/faq-todas-las-respuestas-a-sus-preguntas-sobre-esta\/\">preguntas frecuentes sobre la ESTA<\/a> le ayudar\u00e1n a distinguir entre lo verdadero y lo falso.<\/p>\n\n\n\n<p>Esta idea puede ser vergonzosa y el rumor infundado hace que los solicitantes sientan que est\u00e1n siendo espiados, lo que es una fuente de malestar. Los identificadores de redes sociales son informaci\u00f3n privada y sensible. Esta es la informaci\u00f3n que interesa a los solicitantes. Tenga en cuenta que el Departamento de Seguridad Nacional de EE. UU. Env\u00eda una pregunta opcional con respecto a sus credenciales de Facebook y otras redes sociales. Contrario a los rumores, esta pregunta no es obligatoria y la obtenci\u00f3n de la ESTA no depende de ello.<\/p>\n\n\n\n<p>Las solicitudes de autorizaci\u00f3n de viaje se automatizan a trav\u00e9s de un sistema inform\u00e1tico. Como sabemos, el registro se realiza en l\u00ednea y ninguna persona f\u00edsica est\u00e1 presente detr\u00e1s de cada solicitud. Por el contrario, responder \u00abs\u00ed\u00bb a la pregunta relativa a las redes sociales y proporcionar su nombre de usuario puede dar lugar a la negativa a obtener la ESTA.<\/p>\n\n\n\n<p>Como habr\u00e1 entendido, para obtener su ESTA y poner las probabilidades a su favor, se sugiere ignorar esta pregunta y no ingresar sus datos de inicio de sesi\u00f3n. Este proceso es reglamentario y no genera sanciones. Recuerde que esta es una pregunta opcional que el solicitante no est\u00e1 obligado a responder en absoluto.<\/p>\n\n\n\n<p>El viajero solo necesitar\u00e1 su pasaporte vigente para completar el <a href=\"https:\/\/123-esta.com\/es\/formulario-en-linea-esta\/\">formulario de registro<\/a> . Las respuestas se dan en un per\u00edodo de tiempo m\u00e1s corto o m\u00e1s largo, pero pueden tomar hasta 72 horas para ciertas solicitudes que requieren verificaci\u00f3n con las autoridades estadounidenses. Los casos de denegaci\u00f3n son raros y a menudo se explican por errores de entrada de datos y por la falta de conocimiento sobre el funcionamiento del sistema. Por lo tanto, es m\u00e1s f\u00e1cil recurrir a servicios profesionales, mediante el pago de una tarifa, para acelerar y simplificar los procedimientos. Esto evitar\u00e1 posibles errores al enviar.<\/p>\n","protected":false},"excerpt":{"rendered":"<p>Desde hace unos meses circulan rumores falsos sobre la informaci\u00f3n obligatoria del identificador de Facebook y otras redes sociales para obtener la autorizaci\u00f3n electr\u00f3nica de viaje para Estados Unidos (ESTA). Muchos viajeros piensan que la obtenci\u00f3n de la ESTA solo se puede hacer ingresando el identificador de Facebook o las otras redes sociales en las [&hellip;]<\/p>\n","protected":false},"author":1,"featured_media":0,"parent":0,"menu_order":0,"comment_status":"closed","ping_status":"closed","template":"","meta":{"site-sidebar-layout":"default","site-content-layout":"default","ast-site-content-layout":"default","site-content-style":"default","site-sidebar-style":"default","ast-global-header-display":"","ast-banner-title-visibility":"","ast-main-header-display":"","ast-hfb-above-header-display":"","ast-hfb-below-header-display":"","ast-hfb-mobile-header-display":"","site-post-title":"","ast-breadcrumbs-content":"","ast-featured-img":"","footer-sml-layout":"","ast-disable-related-posts":"","theme-transparent-header-meta":"default","adv-header-id-meta":"","stick-header-meta":"default","header-above-stick-meta":"","header-main-stick-meta":"","header-below-stick-meta":"","astra-migrate-meta-layouts":"default","ast-page-background-enabled":"default","ast-page-background-meta":{"desktop":{"background-color":"","background-image":"","background-repeat":"repeat","background-position":"center center","background-size":"auto","background-attachment":"scroll","background-type":"","background-media":"","overlay-type":"","overlay-color":"","overlay-opacity":"","overlay-gradient":""},"tablet":{"background-color":"","background-image":"","background-repeat":"repeat","background-position":"center center","background-size":"auto","background-attachment":"scroll","background-type":"","background-media":"","overlay-type":"","overlay-color":"","overlay-opacity":"","overlay-gradient":""},"mobile":{"background-color":"","background-image":"","background-repeat":"repeat","background-position":"center center","background-size":"auto","background-attachment":"scroll","background-type":"","background-media":"","overlay-type":"","overlay-color":"","overlay-opacity":"","overlay-gradient":""}},"ast-content-background-meta":{"desktop":{"background-color":"var(--ast-global-color-5)","background-image":"","background-repeat":"repeat","background-position":"center center","background-size":"auto","background-attachment":"scroll","background-type":"","background-media":"","overlay-type":"","overlay-color":"","overlay-opacity":"","overlay-gradient":""},"tablet":{"background-color":"var(--ast-global-color-5)","background-image":"","background-repeat":"repeat","background-position":"center center","background-size":"auto","background-attachment":"scroll","background-type":"","background-media":"","overlay-type":"","overlay-color":"","overlay-opacity":"","overlay-gradient":""},"mobile":{"background-color":"var(--ast-global-color-5)","background-image":"","background-repeat":"repeat","background-position":"center center","background-size":"auto","background-attachment":"scroll","background-type":"","background-media":"","overlay-type":"","overlay-color":"","overlay-opacity":"","overlay-gradient":""}},"footnotes":""},"class_list":["post-1548","page","type-page","status-publish","hentry"],"yoast_head":"<!-- This site is optimized with the Yoast SEO plugin v27.1.1 - https:\/\/yoast.com\/product\/yoast-seo-wordpress\/ -->\n<title>\u00bfTiene que ingresar a su cuenta de Facebook para obtener su ESTA?<\/title>\n<meta name=\"description\" content=\"Se rumorea que la ESTA solo se emite a cambio de Facebook, Twitter y otras redes sociales. Y ?\" \/>\n<meta name=\"robots\" content=\"index, follow, max-snippet:-1, max-image-preview:large, max-video-preview:-1\" \/>\n<link rel=\"canonical\" href=\"https:\/\/123-esta.com\/es\/tiene-que-ingresar-a-su-cuenta-de-facebook-para-obtener-su-esta\/\" \/>\n<meta property=\"og:locale\" content=\"es_ES\" \/>\n<meta property=\"og:type\" content=\"article\" \/>\n<meta property=\"og:title\" content=\"\u00bfTiene que ingresar a su cuenta de Facebook para obtener su ESTA?\" \/>\n<meta property=\"og:description\" content=\"Se rumorea que la ESTA solo se emite a cambio de Facebook, Twitter y otras redes sociales. Y ?\" \/>\n<meta property=\"og:url\" content=\"https:\/\/123-esta.com\/es\/tiene-que-ingresar-a-su-cuenta-de-facebook-para-obtener-su-esta\/\" \/>\n<meta property=\"og:site_name\" content=\"Formulaire ESTA pour les USA\" \/>\n<meta property=\"article:modified_time\" content=\"2022-01-02T10:19:06+00:00\" \/>\n<meta name=\"twitter:card\" content=\"summary_large_image\" \/>\n<meta name=\"twitter:label1\" content=\"Tiempo de lectura\" \/>\n\t<meta name=\"twitter:data1\" content=\"2 minutos\" \/>\n<script type=\"application\/ld+json\" class=\"yoast-schema-graph\">{\"@context\":\"https:\/\/schema.org\",\"@graph\":[{\"@type\":\"WebPage\",\"@id\":\"https:\/\/123-esta.com\/es\/tiene-que-ingresar-a-su-cuenta-de-facebook-para-obtener-su-esta\/\",\"url\":\"https:\/\/123-esta.com\/es\/tiene-que-ingresar-a-su-cuenta-de-facebook-para-obtener-su-esta\/\",\"name\":\"\u00bfTiene que ingresar a su cuenta de Facebook para obtener su ESTA?\",\"isPartOf\":{\"@id\":\"https:\/\/123-esta.com\/es\/#website\"},\"datePublished\":\"2021-12-21T17:06:57+00:00\",\"dateModified\":\"2022-01-02T10:19:06+00:00\",\"description\":\"Se rumorea que la ESTA solo se emite a cambio de Facebook, Twitter y otras redes sociales. Y ?\",\"inLanguage\":\"es\",\"potentialAction\":[{\"@type\":\"ReadAction\",\"target\":[\"https:\/\/123-esta.com\/es\/tiene-que-ingresar-a-su-cuenta-de-facebook-para-obtener-su-esta\/\"]}]},{\"@type\":\"WebSite\",\"@id\":\"https:\/\/123-esta.com\/es\/#website\",\"url\":\"https:\/\/123-esta.com\/es\/\",\"name\":\"Formulaire ESTA pour les USA\",\"description\":\"\",\"publisher\":{\"@id\":\"https:\/\/123-esta.com\/es\/#organization\"},\"potentialAction\":[{\"@type\":\"SearchAction\",\"target\":{\"@type\":\"EntryPoint\",\"urlTemplate\":\"https:\/\/123-esta.com\/es\/?s={search_term_string}\"},\"query-input\":{\"@type\":\"PropertyValueSpecification\",\"valueRequired\":true,\"valueName\":\"search_term_string\"}}],\"inLanguage\":\"es\"},{\"@type\":\"Organization\",\"@id\":\"https:\/\/123-esta.com\/es\/#organization\",\"name\":\"Formulaire ESTA pour les USA\",\"url\":\"https:\/\/123-esta.com\/es\/\",\"logo\":{\"@type\":\"ImageObject\",\"inLanguage\":\"es\",\"@id\":\"https:\/\/123-esta.com\/es\/#\/schema\/logo\/image\/\",\"url\":\"https:\/\/123-esta.com\/wp-content\/uploads\/2018\/03\/logo-123-esta.png\",\"contentUrl\":\"https:\/\/123-esta.com\/wp-content\/uploads\/2018\/03\/logo-123-esta.png\",\"width\":191,\"height\":54,\"caption\":\"Formulaire ESTA pour les USA\"},\"image\":{\"@id\":\"https:\/\/123-esta.com\/es\/#\/schema\/logo\/image\/\"}}]}<\/script>\n<!-- \/ Yoast SEO plugin. -->","yoast_head_json":{"title":"\u00bfTiene que ingresar a su cuenta de Facebook para obtener su ESTA?","description":"Se rumorea que la ESTA solo se emite a cambio de Facebook, Twitter y otras redes sociales. Y ?","robots":{"index":"index","follow":"follow","max-snippet":"max-snippet:-1","max-image-preview":"max-image-preview:large","max-video-preview":"max-video-preview:-1"},"canonical":"https:\/\/123-esta.com\/es\/tiene-que-ingresar-a-su-cuenta-de-facebook-para-obtener-su-esta\/","og_locale":"es_ES","og_type":"article","og_title":"\u00bfTiene que ingresar a su cuenta de Facebook para obtener su ESTA?","og_description":"Se rumorea que la ESTA solo se emite a cambio de Facebook, Twitter y otras redes sociales. Y ?","og_url":"https:\/\/123-esta.com\/es\/tiene-que-ingresar-a-su-cuenta-de-facebook-para-obtener-su-esta\/","og_site_name":"Formulaire ESTA pour les USA","article_modified_time":"2022-01-02T10:19:06+00:00","twitter_card":"summary_large_image","twitter_misc":{"Tiempo de lectura":"2 minutos"},"schema":{"@context":"https:\/\/schema.org","@graph":[{"@type":"WebPage","@id":"https:\/\/123-esta.com\/es\/tiene-que-ingresar-a-su-cuenta-de-facebook-para-obtener-su-esta\/","url":"https:\/\/123-esta.com\/es\/tiene-que-ingresar-a-su-cuenta-de-facebook-para-obtener-su-esta\/","name":"\u00bfTiene que ingresar a su cuenta de Facebook para obtener su ESTA?","isPartOf":{"@id":"https:\/\/123-esta.com\/es\/#website"},"datePublished":"2021-12-21T17:06:57+00:00","dateModified":"2022-01-02T10:19:06+00:00","description":"Se rumorea que la ESTA solo se emite a cambio de Facebook, Twitter y otras redes sociales. Y ?","inLanguage":"es","potentialAction":[{"@type":"ReadAction","target":["https:\/\/123-esta.com\/es\/tiene-que-ingresar-a-su-cuenta-de-facebook-para-obtener-su-esta\/"]}]},{"@type":"WebSite","@id":"https:\/\/123-esta.com\/es\/#website","url":"https:\/\/123-esta.com\/es\/","name":"Formulaire ESTA pour les USA","description":"","publisher":{"@id":"https:\/\/123-esta.com\/es\/#organization"},"potentialAction":[{"@type":"SearchAction","target":{"@type":"EntryPoint","urlTemplate":"https:\/\/123-esta.com\/es\/?s={search_term_string}"},"query-input":{"@type":"PropertyValueSpecification","valueRequired":true,"valueName":"search_term_string"}}],"inLanguage":"es"},{"@type":"Organization","@id":"https:\/\/123-esta.com\/es\/#organization","name":"Formulaire ESTA pour les USA","url":"https:\/\/123-esta.com\/es\/","logo":{"@type":"ImageObject","inLanguage":"es","@id":"https:\/\/123-esta.com\/es\/#\/schema\/logo\/image\/","url":"https:\/\/123-esta.com\/wp-content\/uploads\/2018\/03\/logo-123-esta.png","contentUrl":"https:\/\/123-esta.com\/wp-content\/uploads\/2018\/03\/logo-123-esta.png","width":191,"height":54,"caption":"Formulaire ESTA pour les USA"},"image":{"@id":"https:\/\/123-esta.com\/es\/#\/schema\/logo\/image\/"}}]}},"_links":{"self":[{"href":"https:\/\/123-esta.com\/es\/wp-json\/wp\/v2\/pages\/1548","targetHints":{"allow":["GET"]}}],"collection":[{"href":"https:\/\/123-esta.com\/es\/wp-json\/wp\/v2\/pages"}],"about":[{"href":"https:\/\/123-esta.com\/es\/wp-json\/wp\/v2\/types\/page"}],"author":[{"embeddable":true,"href":"https:\/\/123-esta.com\/es\/wp-json\/wp\/v2\/users\/1"}],"replies":[{"embeddable":true,"href":"https:\/\/123-esta.com\/es\/wp-json\/wp\/v2\/comments?post=1548"}],"version-history":[{"count":0,"href":"https:\/\/123-esta.com\/es\/wp-json\/wp\/v2\/pages\/1548\/revisions"}],"wp:attachment":[{"href":"https:\/\/123-esta.com\/es\/wp-json\/wp\/v2\/media?parent=1548"}],"curies":[{"name":"wp","href":"https:\/\/api.w.org\/{rel}","templated":true}]}}