{"id":1541,"date":"2021-12-21T17:57:15","date_gmt":"2021-12-21T16:57:15","guid":{"rendered":"https:\/\/123-esta.com\/explicaciones-sobre-los-diferentes-estados-esta\/"},"modified":"2022-09-16T10:51:56","modified_gmt":"2022-09-16T08:51:56","slug":"explicaciones-sobre-los-diferentes-estados-esta","status":"publish","type":"page","link":"https:\/\/123-esta.com\/es\/explicaciones-sobre-los-diferentes-estados-esta\/","title":{"rendered":"Explicaciones sobre los diferentes estados ESTA"},"content":{"rendered":"\n<p>\u00bfEs usted una de las personas que puede beneficiarse del programa de exenci\u00f3n de visa establecido por el gobierno de los EE. UU.? Si tiene previsto viajar a Estados Unidos en un futuro pr\u00f3ximo, necesitar\u00e1 su <a href=\"https:\/\/123-esta.com\/es\/\">autorizaci\u00f3n ESTA<\/a> para poder entrar en Estados Unidos. Una vez realizada su solicitud, son posibles tres estados ESTA. Explicaremos en detalle la diferencia entre cada uno de los estados de la solicitud ESTA.<\/p>\n\n<h2 class=\"wp-block-heading\">ESTA en breve<\/h2>\n\n<p>En primer lugar, hagamos un peque\u00f1o recordatorio sobre qu\u00e9 es el Sistema electr\u00f3nico de autorizaci\u00f3n de viaje o ESTA.<\/p>\n\n<p>Esta es una autorizaci\u00f3n de viaje que reemplaza una solicitud de visa estadounidense tradicional, que los nacionales de los pa\u00edses miembros del <a href=\"https:\/\/123-esta.com\/es\/pais-visa-waiver-program\/\">Programa de Exenci\u00f3n de Visa<\/a> deben tener si pretenden ir a los Estados Unidos para una estad\u00eda tur\u00edstica o un viaje de negocios de hasta 90 d\u00edas. Esta autorizaci\u00f3n tambi\u00e9n es necesaria en el caso de tr\u00e1nsito a trav\u00e9s de EE. UU. Hasta un destino final.<\/p>\n\n<p>Solicitar la ESTA no requiere solicitar cita previa en la Embajada de Estados Unidos, ya que todo pasa por un formulario que se debe completar en l\u00ednea. Una vez que se haya completado el formulario ESTA, debe pagar las tarifas de solicitud.<\/p>\n\n<p>A partir de ese momento, solo queda esperar la respuesta de las autoridades estadounidenses. Para hacer esto, regrese regularmente al sitio web del gobierno para verificar su estado ESTA, iniciando sesi\u00f3n con su n\u00famero de archivo o su n\u00famero de pasaporte. Si ha utilizado los servicios de un sitio privado, como nuestro socio, se le informar\u00e1 por correo electr\u00f3nico de cualquier cambio en el estado de su solicitud ESTA.<\/p>\n\n<h2 class=\"wp-block-heading\">Estado ESTA aprobado<\/h2>\n\n<p>Si cumple con todos los requisitos del Programa de exenci\u00f3n de visa, su solicitud ser\u00e1 aceptada r\u00e1pidamente. En este caso, se aprobar\u00e1 su estado ESTA. Esto significa que ESTA ahora est\u00e1 vinculado electr\u00f3nicamente a su pasaporte biom\u00e9trico o electr\u00f3nico. La Aduana de EE. UU. Podr\u00e1 verificar esto escaneando su pasaporte al llegar al puesto fronterizo. No tiene que hacer nada desde all\u00ed sobre el estado de su solicitud ESTA, aparte de preparar su viaje a los EE. UU. Un ESTA es v\u00e1lido por dos a\u00f1os o hasta la fecha de vencimiento de su pasaporte, lo que ocurra primero. Esta autorizaci\u00f3n tambi\u00e9n es v\u00e1lida para m\u00faltiples viajes tur\u00edsticos durante este per\u00edodo.<\/p>\n\n<h2 class=\"wp-block-heading\">Estatus pendiente<\/h2>\n\n<p>Su estado ESTA puede estar pendiente. Esta afecci\u00f3n generalmente no dura m\u00e1s de 72 horas. Esto sucede cuando los oficiales encargados de verificar las solicitudes necesitan m\u00e1s tiempo para verificar ciertos detalles que encuentran sospechosos. Es por eso que debe estar extremadamente atento al completar el formulario en l\u00ednea. Un simple error de escritura puede considerarse un intento de fraude y poner en peligro su solicitud ESTA, as\u00ed como su viaje a los Estados Unidos. Un sitio privado, como el de nuestro socio, asegura la veracidad de la informaci\u00f3n contenida en el formulario, para evitar malentendidos.<\/p>\n\n<h2 class=\"wp-block-heading\">Estado de solicitud ESTA rechazado<\/h2>\n\n<p>Si su estatus ESTA es rechazado, significa que no cumple con los criterios requeridos para aprovechar el programa de exenci\u00f3n de visa. Son posibles varias razones.<\/p>\n\n<p>Es posible que haya cometido un error al completar el formulario con respecto a su apellido de soltera (si est\u00e1 casado), su n\u00famero de pasaporte. Tambi\u00e9n es posible que su pasaporte no sea v\u00e1lido por el tiempo que dure su estad\u00eda en los Estados Unidos. En este caso, deber\u00e1 obtener un nuevo pasaporte y asegurarse de que sea un pasaporte electr\u00f3nico o biom\u00e9trico.<\/p>\n\n<p>Tambi\u00e9n puede haber respondido afirmativamente a una de las preguntas de la \u00faltima parte del formulario en l\u00ednea. Estas preguntas se refieren a la seguridad interna estadounidense, responder afirmativamente a una de ellas compromete dr\u00e1sticamente sus posibilidades de obtener ESTA. Siempre puede realizar una nueva solicitud 10 d\u00edas despu\u00e9s de la denegaci\u00f3n.<\/p>\n\n<p>Recuerde que el rechazo de una ESTA no significa que no pueda ir a EE. UU. Pero tendr\u00e1s que pasar por una solicitud de visa de turista de EE. UU., Y por lo tanto, acudir a la embajada de EE. UU. O al consulado de EE. UU. Del que dependes. Una entrevista con uno de los oficiales consulares determinar\u00e1 si usted es apto para recibir una visa de turista.<\/p>\n","protected":false},"excerpt":{"rendered":"<p>\u00bfEs usted una de las personas que puede beneficiarse del programa de exenci\u00f3n de visa establecido por el gobierno de los EE. UU.? Si tiene previsto viajar a Estados Unidos en un futuro pr\u00f3ximo, necesitar\u00e1 su autorizaci\u00f3n ESTA para poder entrar en Estados Unidos. Una vez realizada su solicitud, son posibles tres estados ESTA. Explicaremos [&hellip;]<\/p>\n","protected":false},"author":1,"featured_media":0,"parent":0,"menu_order":0,"comment_status":"closed","ping_status":"closed","template":"","meta":{"site-sidebar-layout":"default","site-content-layout":"default","ast-site-content-layout":"default","site-content-style":"default","site-sidebar-style":"default","ast-global-header-display":"","ast-banner-title-visibility":"","ast-main-header-display":"","ast-hfb-above-header-display":"","ast-hfb-below-header-display":"","ast-hfb-mobile-header-display":"","site-post-title":"","ast-breadcrumbs-content":"","ast-featured-img":"","footer-sml-layout":"","ast-disable-related-posts":"","theme-transparent-header-meta":"default","adv-header-id-meta":"","stick-header-meta":"default","header-above-stick-meta":"","header-main-stick-meta":"","header-below-stick-meta":"","astra-migrate-meta-layouts":"default","ast-page-background-enabled":"default","ast-page-background-meta":{"desktop":{"background-color":"","background-image":"","background-repeat":"repeat","background-position":"center center","background-size":"auto","background-attachment":"scroll","background-type":"","background-media":"","overlay-type":"","overlay-color":"","overlay-opacity":"","overlay-gradient":""},"tablet":{"background-color":"","background-image":"","background-repeat":"repeat","background-position":"center center","background-size":"auto","background-attachment":"scroll","background-type":"","background-media":"","overlay-type":"","overlay-color":"","overlay-opacity":"","overlay-gradient":""},"mobile":{"background-color":"","background-image":"","background-repeat":"repeat","background-position":"center center","background-size":"auto","background-attachment":"scroll","background-type":"","background-media":"","overlay-type":"","overlay-color":"","overlay-opacity":"","overlay-gradient":""}},"ast-content-background-meta":{"desktop":{"background-color":"var(--ast-global-color-5)","background-image":"","background-repeat":"repeat","background-position":"center center","background-size":"auto","background-attachment":"scroll","background-type":"","background-media":"","overlay-type":"","overlay-color":"","overlay-opacity":"","overlay-gradient":""},"tablet":{"background-color":"var(--ast-global-color-5)","background-image":"","background-repeat":"repeat","background-position":"center center","background-size":"auto","background-attachment":"scroll","background-type":"","background-media":"","overlay-type":"","overlay-color":"","overlay-opacity":"","overlay-gradient":""},"mobile":{"background-color":"var(--ast-global-color-5)","background-image":"","background-repeat":"repeat","background-position":"center center","background-size":"auto","background-attachment":"scroll","background-type":"","background-media":"","overlay-type":"","overlay-color":"","overlay-opacity":"","overlay-gradient":""}},"footnotes":""},"class_list":["post-1541","page","type-page","status-publish","hentry"],"yoast_head":"<!-- This site is optimized with the Yoast SEO plugin v27.1.1 - https:\/\/yoast.com\/product\/yoast-seo-wordpress\/ -->\n<title>\u00bfC\u00f3mo verificar el progreso del estado de su solicitud ESTA?<\/title>\n<meta name=\"description\" content=\"\u00bfHa realizado su solicitud ESTA para los Estados Unidos y le gustar\u00eda verificar su estado ESTA? Siga los consejos de nuestros expertos para obtener m\u00e1s informaci\u00f3n.\" \/>\n<meta name=\"robots\" content=\"index, follow, max-snippet:-1, max-image-preview:large, max-video-preview:-1\" \/>\n<link rel=\"canonical\" href=\"https:\/\/123-esta.com\/es\/explicaciones-sobre-los-diferentes-estados-esta\/\" \/>\n<meta property=\"og:locale\" content=\"es_ES\" \/>\n<meta property=\"og:type\" content=\"article\" \/>\n<meta property=\"og:title\" content=\"\u00bfC\u00f3mo verificar el progreso del estado de su solicitud ESTA?\" \/>\n<meta property=\"og:description\" content=\"\u00bfHa realizado su solicitud ESTA para los Estados Unidos y le gustar\u00eda verificar su estado ESTA? Siga los consejos de nuestros expertos para obtener m\u00e1s informaci\u00f3n.\" \/>\n<meta property=\"og:url\" content=\"https:\/\/123-esta.com\/es\/explicaciones-sobre-los-diferentes-estados-esta\/\" \/>\n<meta property=\"og:site_name\" content=\"Formulaire ESTA pour les USA\" \/>\n<meta property=\"article:modified_time\" content=\"2022-09-16T08:51:56+00:00\" \/>\n<meta name=\"twitter:card\" content=\"summary_large_image\" \/>\n<meta name=\"twitter:label1\" content=\"Tiempo de lectura\" \/>\n\t<meta name=\"twitter:data1\" content=\"4 minutos\" \/>\n<script type=\"application\/ld+json\" class=\"yoast-schema-graph\">{\"@context\":\"https:\/\/schema.org\",\"@graph\":[{\"@type\":\"WebPage\",\"@id\":\"https:\/\/123-esta.com\/es\/explicaciones-sobre-los-diferentes-estados-esta\/\",\"url\":\"https:\/\/123-esta.com\/es\/explicaciones-sobre-los-diferentes-estados-esta\/\",\"name\":\"\u00bfC\u00f3mo verificar el progreso del estado de su solicitud ESTA?\",\"isPartOf\":{\"@id\":\"https:\/\/123-esta.com\/es\/#website\"},\"datePublished\":\"2021-12-21T16:57:15+00:00\",\"dateModified\":\"2022-09-16T08:51:56+00:00\",\"description\":\"\u00bfHa realizado su solicitud ESTA para los Estados Unidos y le gustar\u00eda verificar su estado ESTA? Siga los consejos de nuestros expertos para obtener m\u00e1s informaci\u00f3n.\",\"inLanguage\":\"es\",\"potentialAction\":[{\"@type\":\"ReadAction\",\"target\":[\"https:\/\/123-esta.com\/es\/explicaciones-sobre-los-diferentes-estados-esta\/\"]}]},{\"@type\":\"WebSite\",\"@id\":\"https:\/\/123-esta.com\/es\/#website\",\"url\":\"https:\/\/123-esta.com\/es\/\",\"name\":\"Formulaire ESTA pour les USA\",\"description\":\"\",\"publisher\":{\"@id\":\"https:\/\/123-esta.com\/es\/#organization\"},\"potentialAction\":[{\"@type\":\"SearchAction\",\"target\":{\"@type\":\"EntryPoint\",\"urlTemplate\":\"https:\/\/123-esta.com\/es\/?s={search_term_string}\"},\"query-input\":{\"@type\":\"PropertyValueSpecification\",\"valueRequired\":true,\"valueName\":\"search_term_string\"}}],\"inLanguage\":\"es\"},{\"@type\":\"Organization\",\"@id\":\"https:\/\/123-esta.com\/es\/#organization\",\"name\":\"Formulaire ESTA pour les USA\",\"url\":\"https:\/\/123-esta.com\/es\/\",\"logo\":{\"@type\":\"ImageObject\",\"inLanguage\":\"es\",\"@id\":\"https:\/\/123-esta.com\/es\/#\/schema\/logo\/image\/\",\"url\":\"https:\/\/123-esta.com\/wp-content\/uploads\/2018\/03\/logo-123-esta.png\",\"contentUrl\":\"https:\/\/123-esta.com\/wp-content\/uploads\/2018\/03\/logo-123-esta.png\",\"width\":191,\"height\":54,\"caption\":\"Formulaire ESTA pour les USA\"},\"image\":{\"@id\":\"https:\/\/123-esta.com\/es\/#\/schema\/logo\/image\/\"}}]}<\/script>\n<!-- \/ Yoast SEO plugin. -->","yoast_head_json":{"title":"\u00bfC\u00f3mo verificar el progreso del estado de su solicitud ESTA?","description":"\u00bfHa realizado su solicitud ESTA para los Estados Unidos y le gustar\u00eda verificar su estado ESTA? Siga los consejos de nuestros expertos para obtener m\u00e1s informaci\u00f3n.","robots":{"index":"index","follow":"follow","max-snippet":"max-snippet:-1","max-image-preview":"max-image-preview:large","max-video-preview":"max-video-preview:-1"},"canonical":"https:\/\/123-esta.com\/es\/explicaciones-sobre-los-diferentes-estados-esta\/","og_locale":"es_ES","og_type":"article","og_title":"\u00bfC\u00f3mo verificar el progreso del estado de su solicitud ESTA?","og_description":"\u00bfHa realizado su solicitud ESTA para los Estados Unidos y le gustar\u00eda verificar su estado ESTA? Siga los consejos de nuestros expertos para obtener m\u00e1s informaci\u00f3n.","og_url":"https:\/\/123-esta.com\/es\/explicaciones-sobre-los-diferentes-estados-esta\/","og_site_name":"Formulaire ESTA pour les USA","article_modified_time":"2022-09-16T08:51:56+00:00","twitter_card":"summary_large_image","twitter_misc":{"Tiempo de lectura":"4 minutos"},"schema":{"@context":"https:\/\/schema.org","@graph":[{"@type":"WebPage","@id":"https:\/\/123-esta.com\/es\/explicaciones-sobre-los-diferentes-estados-esta\/","url":"https:\/\/123-esta.com\/es\/explicaciones-sobre-los-diferentes-estados-esta\/","name":"\u00bfC\u00f3mo verificar el progreso del estado de su solicitud ESTA?","isPartOf":{"@id":"https:\/\/123-esta.com\/es\/#website"},"datePublished":"2021-12-21T16:57:15+00:00","dateModified":"2022-09-16T08:51:56+00:00","description":"\u00bfHa realizado su solicitud ESTA para los Estados Unidos y le gustar\u00eda verificar su estado ESTA? Siga los consejos de nuestros expertos para obtener m\u00e1s informaci\u00f3n.","inLanguage":"es","potentialAction":[{"@type":"ReadAction","target":["https:\/\/123-esta.com\/es\/explicaciones-sobre-los-diferentes-estados-esta\/"]}]},{"@type":"WebSite","@id":"https:\/\/123-esta.com\/es\/#website","url":"https:\/\/123-esta.com\/es\/","name":"Formulaire ESTA pour les USA","description":"","publisher":{"@id":"https:\/\/123-esta.com\/es\/#organization"},"potentialAction":[{"@type":"SearchAction","target":{"@type":"EntryPoint","urlTemplate":"https:\/\/123-esta.com\/es\/?s={search_term_string}"},"query-input":{"@type":"PropertyValueSpecification","valueRequired":true,"valueName":"search_term_string"}}],"inLanguage":"es"},{"@type":"Organization","@id":"https:\/\/123-esta.com\/es\/#organization","name":"Formulaire ESTA pour les USA","url":"https:\/\/123-esta.com\/es\/","logo":{"@type":"ImageObject","inLanguage":"es","@id":"https:\/\/123-esta.com\/es\/#\/schema\/logo\/image\/","url":"https:\/\/123-esta.com\/wp-content\/uploads\/2018\/03\/logo-123-esta.png","contentUrl":"https:\/\/123-esta.com\/wp-content\/uploads\/2018\/03\/logo-123-esta.png","width":191,"height":54,"caption":"Formulaire ESTA pour les USA"},"image":{"@id":"https:\/\/123-esta.com\/es\/#\/schema\/logo\/image\/"}}]}},"_links":{"self":[{"href":"https:\/\/123-esta.com\/es\/wp-json\/wp\/v2\/pages\/1541","targetHints":{"allow":["GET"]}}],"collection":[{"href":"https:\/\/123-esta.com\/es\/wp-json\/wp\/v2\/pages"}],"about":[{"href":"https:\/\/123-esta.com\/es\/wp-json\/wp\/v2\/types\/page"}],"author":[{"embeddable":true,"href":"https:\/\/123-esta.com\/es\/wp-json\/wp\/v2\/users\/1"}],"replies":[{"embeddable":true,"href":"https:\/\/123-esta.com\/es\/wp-json\/wp\/v2\/comments?post=1541"}],"version-history":[{"count":0,"href":"https:\/\/123-esta.com\/es\/wp-json\/wp\/v2\/pages\/1541\/revisions"}],"wp:attachment":[{"href":"https:\/\/123-esta.com\/es\/wp-json\/wp\/v2\/media?parent=1541"}],"curies":[{"name":"wp","href":"https:\/\/api.w.org\/{rel}","templated":true}]}}