{"id":1532,"date":"2021-12-21T17:47:54","date_gmt":"2021-12-21T16:47:54","guid":{"rendered":"https:\/\/123-esta.com\/cuando-debo-solicitar-una-renovacion-esta\/"},"modified":"2022-01-05T09:30:40","modified_gmt":"2022-01-05T08:30:40","slug":"cuando-debo-solicitar-una-renovacion-esta","status":"publish","type":"page","link":"https:\/\/123-esta.com\/es\/cuando-debo-solicitar-una-renovacion-esta\/","title":{"rendered":"\u00bfCu\u00e1ndo debo solicitar una renovaci\u00f3n ESTA?"},"content":{"rendered":"\n<p>Una autorizaci\u00f3n ESTA es una forma para que los ciudadanos de ciertos pa\u00edses puedan viajar a los Estados Unidos sin pasar por una solicitud de visa de turista de los Estados Unidos.<\/p>\n\n<p>Esta medida ha simplificado los tr\u00e1mites para millones de viajeros en todo el mundo, pero la autorizaci\u00f3n, por pr\u00e1ctica que sea, no es ilimitada en el tiempo. Llega un momento en que se requiere una nueva solicitud ESTA. Tambi\u00e9n es posible que la renovaci\u00f3n del ESTA deba realizarse por motivos distintos a la fecha de validez.<\/p>\n\n<p>Vamos a revisar los diferentes escenarios donde es necesario renovar tu ESTA, para poder ser autorizado a ingresar a Estados Unidos sin incidentes.<\/p>\n\n<h2 class=\"wp-block-heading\">Renovaci\u00f3n de ESTA por fin de validez<\/h2>\n\n<p>La causa m\u00e1s frecuente de renovaci\u00f3n de un ESTA es el final de la validez de la autorizaci\u00f3n de viaje a Estados Unidos. De hecho, a partir de la fecha de obtenci\u00f3n, el ESTA est\u00e1 vinculado a su pasaporte biom\u00e9trico o su pasaporte electr\u00f3nico por un per\u00edodo de 2 a\u00f1os. Despu\u00e9s de este per\u00edodo, debe renovar su ESTA si planea viajar a los EE. UU.<\/p>\n\n<h2 class=\"wp-block-heading\">Renovar su ESTA <span style=\"font-weight: 400;\">por cambio de pasaporte<\/span><\/h2>\n\n<p>Como acabamos de ver, la ESTA est\u00e1 vinculada a su pasaporte durante 2 a\u00f1os. Pero, \u00bfqu\u00e9 pasa si ya no tiene <a href=\"\/\/123-esta.com\/verification-du-passeport-pour-esta\">un pasaporte v\u00e1lido<\/a> y obtiene uno nuevo antes de que finalicen esos dos a\u00f1os? Dado que la autorizaci\u00f3n y su pasaporte son inseparables, un nuevo pasaporte implica que la renovaci\u00f3n de ESTA es obligatoria. Debe comenzar el proceso de solicitud de ESTA nuevamente con la informaci\u00f3n de su nuevo pasaporte (aunque el n\u00famero de pasaporte y la fecha de validez suelen ser los \u00fanicos cambios notables). El hecho de no renovar su ESTA, pensando que sigue siendo v\u00e1lido dentro del plazo de 2 a\u00f1os, constituye un error, pues su autorizaci\u00f3n pierde autom\u00e1ticamente su vigencia en la fecha de caducidad de su antiguo pasaporte.<\/p>\n\n<h2 class=\"wp-block-heading\">Renovaci\u00f3n de ESTA por cambio de informaci\u00f3n<\/h2>\n\n<p>La renovaci\u00f3n de ESTA tambi\u00e9n es obligatoria si su informaci\u00f3n personal cambia durante el <a href=\"\/\/123-esta.com\/validite-esta\/\">per\u00edodo de validez<\/a> . Un cambio de informaci\u00f3n personal significa un cambio de nombre, un cambio de nacionalidad o pa\u00eds de residencia. Del mismo modo, si las respuestas que ha dado con respecto a la seguridad nacional de los EE. UU. Han cambiado desde su primera solicitud, la renovaci\u00f3n del ESTA tambi\u00e9n es obligatoria.<\/p>\n\n<p>Recuerde que los empleados de la aerol\u00ednea o la compa\u00f1\u00eda naviera verificar\u00e1n si tiene un documento ESTA antes de abordar su viaje a los EE. UU.<\/p>\n\n<p>Adem\u00e1s, tenga en cuenta que la ESTA solo es necesaria en el caso de un viaje tur\u00edstico, un viaje de negocios o en el caso de tr\u00e1nsito por EE. UU. Hasta su destino final. La duraci\u00f3n de su estad\u00eda en los EE. UU. No debe exceder los 90 d\u00edas como m\u00e1ximo.<\/p>\n\n<h2 class=\"wp-block-heading\">Env\u00ede una nueva solicitud ESTA<\/h2>\n\n<p>Ahora que sabemos cu\u00e1ndo es necesaria una renovaci\u00f3n ESTA, echemos un vistazo a c\u00f3mo proceder con la solicitud de autorizaci\u00f3n. Nada podr\u00eda ser m\u00e1s sencillo en teor\u00eda, porque hay que seguir exactamente los mismos pasos que la primera vez.<\/p>\n\n<p>A\u00fan no es necesario ir a la Embajada de los Estados Unidos, todo el proceso pasa por una solicitud en l\u00ednea a trav\u00e9s del sitio del gobierno o por los servicios de un sitio privado, como el de nuestro socio.<\/p>\n\n<p>Tener un pasaporte biom\u00e9trico o electr\u00f3nico es siempre una condici\u00f3n obligatoria.<\/p>\n\n<p>Complete el formulario ESTA como antes. Por supuesto, preste especial atenci\u00f3n a la veracidad de la informaci\u00f3n proporcionada, especialmente si cambia. Una vez que se haya completado el formulario en l\u00ednea, debe pagar nuevamente los costos de administraci\u00f3n de su archivo.<\/p>\n\n<p>A partir de ese momento, solo queda esperar mientras espera la respuesta de las autoridades estadounidenses respecto a su nueva solicitud.<\/p>\n\n<p>Recuerde que debe regresar regularmente al sitio del gobierno para verificar el estado ESTA de su solicitud (un proveedor privado como nuestro socio, le informa en tiempo real del progreso de su solicitud).<\/p>\n\n<p>Su ESTA USA puede aceptarse de inmediato o ponerse en espera, si los oficiales responsables de verificar las solicitudes necesitan m\u00e1s tiempo.<\/p>\n\n<p>No es imposible que, tras su nueva solicitud, se le <a href=\"\/\/123-esta.com\/raisons-esta-refuse\/\">denegue la emisi\u00f3n del ESTA<\/a> .<\/p>\n\n<p>Esto puede significar que los cambios en la informaci\u00f3n o nacionalidad a los que est\u00e1 sujeto significan que ya no es elegible para el Programa de exenci\u00f3n de visa. En este caso, deber\u00e1 comunicarse con la embajada de los Estados Unidos o el consulado estadounidense del que depende para solicitar una visa de turista de los Estados Unidos. Una entrevista con un funcionario consular determinar\u00e1 si es elegible o no para una visa de turista. Si el rechazo se debe a un error de copia, es posible realizar una nueva solicitud ESTA despu\u00e9s del rechazo anterior.<\/p>\n","protected":false},"excerpt":{"rendered":"<p>Una autorizaci\u00f3n ESTA es una forma para que los ciudadanos de ciertos pa\u00edses puedan viajar a los Estados Unidos sin pasar por una solicitud de visa de turista de los Estados Unidos. Esta medida ha simplificado los tr\u00e1mites para millones de viajeros en todo el mundo, pero la autorizaci\u00f3n, por pr\u00e1ctica que sea, no es [&hellip;]<\/p>\n","protected":false},"author":1,"featured_media":0,"parent":0,"menu_order":0,"comment_status":"closed","ping_status":"closed","template":"","meta":{"site-sidebar-layout":"default","site-content-layout":"default","ast-site-content-layout":"default","site-content-style":"default","site-sidebar-style":"default","ast-global-header-display":"","ast-banner-title-visibility":"","ast-main-header-display":"","ast-hfb-above-header-display":"","ast-hfb-below-header-display":"","ast-hfb-mobile-header-display":"","site-post-title":"","ast-breadcrumbs-content":"","ast-featured-img":"","footer-sml-layout":"","ast-disable-related-posts":"","theme-transparent-header-meta":"default","adv-header-id-meta":"","stick-header-meta":"default","header-above-stick-meta":"","header-main-stick-meta":"","header-below-stick-meta":"","astra-migrate-meta-layouts":"default","ast-page-background-enabled":"default","ast-page-background-meta":{"desktop":{"background-color":"","background-image":"","background-repeat":"repeat","background-position":"center center","background-size":"auto","background-attachment":"scroll","background-type":"","background-media":"","overlay-type":"","overlay-color":"","overlay-opacity":"","overlay-gradient":""},"tablet":{"background-color":"","background-image":"","background-repeat":"repeat","background-position":"center center","background-size":"auto","background-attachment":"scroll","background-type":"","background-media":"","overlay-type":"","overlay-color":"","overlay-opacity":"","overlay-gradient":""},"mobile":{"background-color":"","background-image":"","background-repeat":"repeat","background-position":"center center","background-size":"auto","background-attachment":"scroll","background-type":"","background-media":"","overlay-type":"","overlay-color":"","overlay-opacity":"","overlay-gradient":""}},"ast-content-background-meta":{"desktop":{"background-color":"var(--ast-global-color-5)","background-image":"","background-repeat":"repeat","background-position":"center center","background-size":"auto","background-attachment":"scroll","background-type":"","background-media":"","overlay-type":"","overlay-color":"","overlay-opacity":"","overlay-gradient":""},"tablet":{"background-color":"var(--ast-global-color-5)","background-image":"","background-repeat":"repeat","background-position":"center center","background-size":"auto","background-attachment":"scroll","background-type":"","background-media":"","overlay-type":"","overlay-color":"","overlay-opacity":"","overlay-gradient":""},"mobile":{"background-color":"var(--ast-global-color-5)","background-image":"","background-repeat":"repeat","background-position":"center center","background-size":"auto","background-attachment":"scroll","background-type":"","background-media":"","overlay-type":"","overlay-color":"","overlay-opacity":"","overlay-gradient":""}},"footnotes":""},"class_list":["post-1532","page","type-page","status-publish","hentry"],"yoast_head":"<!-- This site is optimized with the Yoast SEO plugin v27.1.1 - https:\/\/yoast.com\/product\/yoast-seo-wordpress\/ -->\n<title>\u00bfCu\u00e1ndo debe hacer una renovaci\u00f3n de ESTA para los Estados Unidos?<\/title>\n<meta name=\"description\" content=\"\u00bfTiene que irse a los EE. UU., Pero no est\u00e1 seguro de si debe renovar su ESTA? Explicamos cu\u00e1ndo volver a aplicar.\" \/>\n<meta name=\"robots\" content=\"index, follow, max-snippet:-1, max-image-preview:large, max-video-preview:-1\" \/>\n<link rel=\"canonical\" href=\"https:\/\/123-esta.com\/es\/cuando-debo-solicitar-una-renovacion-esta\/\" \/>\n<meta property=\"og:locale\" content=\"es_ES\" \/>\n<meta property=\"og:type\" content=\"article\" \/>\n<meta property=\"og:title\" content=\"\u00bfCu\u00e1ndo debe hacer una renovaci\u00f3n de ESTA para los Estados Unidos?\" \/>\n<meta property=\"og:description\" content=\"\u00bfTiene que irse a los EE. UU., Pero no est\u00e1 seguro de si debe renovar su ESTA? Explicamos cu\u00e1ndo volver a aplicar.\" \/>\n<meta property=\"og:url\" content=\"https:\/\/123-esta.com\/es\/cuando-debo-solicitar-una-renovacion-esta\/\" \/>\n<meta property=\"og:site_name\" content=\"Formulaire ESTA pour les USA\" \/>\n<meta property=\"article:modified_time\" content=\"2022-01-05T08:30:40+00:00\" \/>\n<meta name=\"twitter:card\" content=\"summary_large_image\" \/>\n<meta name=\"twitter:label1\" content=\"Tiempo de lectura\" \/>\n\t<meta name=\"twitter:data1\" content=\"5 minutos\" \/>\n<script type=\"application\/ld+json\" class=\"yoast-schema-graph\">{\"@context\":\"https:\/\/schema.org\",\"@graph\":[{\"@type\":\"WebPage\",\"@id\":\"https:\/\/123-esta.com\/es\/cuando-debo-solicitar-una-renovacion-esta\/\",\"url\":\"https:\/\/123-esta.com\/es\/cuando-debo-solicitar-una-renovacion-esta\/\",\"name\":\"\u00bfCu\u00e1ndo debe hacer una renovaci\u00f3n de ESTA para los Estados Unidos?\",\"isPartOf\":{\"@id\":\"https:\/\/123-esta.com\/es\/#website\"},\"datePublished\":\"2021-12-21T16:47:54+00:00\",\"dateModified\":\"2022-01-05T08:30:40+00:00\",\"description\":\"\u00bfTiene que irse a los EE. UU., Pero no est\u00e1 seguro de si debe renovar su ESTA? Explicamos cu\u00e1ndo volver a aplicar.\",\"inLanguage\":\"es\",\"potentialAction\":[{\"@type\":\"ReadAction\",\"target\":[\"https:\/\/123-esta.com\/es\/cuando-debo-solicitar-una-renovacion-esta\/\"]}]},{\"@type\":\"WebSite\",\"@id\":\"https:\/\/123-esta.com\/es\/#website\",\"url\":\"https:\/\/123-esta.com\/es\/\",\"name\":\"Formulaire ESTA pour les USA\",\"description\":\"\",\"publisher\":{\"@id\":\"https:\/\/123-esta.com\/es\/#organization\"},\"potentialAction\":[{\"@type\":\"SearchAction\",\"target\":{\"@type\":\"EntryPoint\",\"urlTemplate\":\"https:\/\/123-esta.com\/es\/?s={search_term_string}\"},\"query-input\":{\"@type\":\"PropertyValueSpecification\",\"valueRequired\":true,\"valueName\":\"search_term_string\"}}],\"inLanguage\":\"es\"},{\"@type\":\"Organization\",\"@id\":\"https:\/\/123-esta.com\/es\/#organization\",\"name\":\"Formulaire ESTA pour les USA\",\"url\":\"https:\/\/123-esta.com\/es\/\",\"logo\":{\"@type\":\"ImageObject\",\"inLanguage\":\"es\",\"@id\":\"https:\/\/123-esta.com\/es\/#\/schema\/logo\/image\/\",\"url\":\"https:\/\/123-esta.com\/wp-content\/uploads\/2018\/03\/logo-123-esta.png\",\"contentUrl\":\"https:\/\/123-esta.com\/wp-content\/uploads\/2018\/03\/logo-123-esta.png\",\"width\":191,\"height\":54,\"caption\":\"Formulaire ESTA pour les USA\"},\"image\":{\"@id\":\"https:\/\/123-esta.com\/es\/#\/schema\/logo\/image\/\"}}]}<\/script>\n<!-- \/ Yoast SEO plugin. -->","yoast_head_json":{"title":"\u00bfCu\u00e1ndo debe hacer una renovaci\u00f3n de ESTA para los Estados Unidos?","description":"\u00bfTiene que irse a los EE. UU., Pero no est\u00e1 seguro de si debe renovar su ESTA? Explicamos cu\u00e1ndo volver a aplicar.","robots":{"index":"index","follow":"follow","max-snippet":"max-snippet:-1","max-image-preview":"max-image-preview:large","max-video-preview":"max-video-preview:-1"},"canonical":"https:\/\/123-esta.com\/es\/cuando-debo-solicitar-una-renovacion-esta\/","og_locale":"es_ES","og_type":"article","og_title":"\u00bfCu\u00e1ndo debe hacer una renovaci\u00f3n de ESTA para los Estados Unidos?","og_description":"\u00bfTiene que irse a los EE. UU., Pero no est\u00e1 seguro de si debe renovar su ESTA? Explicamos cu\u00e1ndo volver a aplicar.","og_url":"https:\/\/123-esta.com\/es\/cuando-debo-solicitar-una-renovacion-esta\/","og_site_name":"Formulaire ESTA pour les USA","article_modified_time":"2022-01-05T08:30:40+00:00","twitter_card":"summary_large_image","twitter_misc":{"Tiempo de lectura":"5 minutos"},"schema":{"@context":"https:\/\/schema.org","@graph":[{"@type":"WebPage","@id":"https:\/\/123-esta.com\/es\/cuando-debo-solicitar-una-renovacion-esta\/","url":"https:\/\/123-esta.com\/es\/cuando-debo-solicitar-una-renovacion-esta\/","name":"\u00bfCu\u00e1ndo debe hacer una renovaci\u00f3n de ESTA para los Estados Unidos?","isPartOf":{"@id":"https:\/\/123-esta.com\/es\/#website"},"datePublished":"2021-12-21T16:47:54+00:00","dateModified":"2022-01-05T08:30:40+00:00","description":"\u00bfTiene que irse a los EE. UU., Pero no est\u00e1 seguro de si debe renovar su ESTA? Explicamos cu\u00e1ndo volver a aplicar.","inLanguage":"es","potentialAction":[{"@type":"ReadAction","target":["https:\/\/123-esta.com\/es\/cuando-debo-solicitar-una-renovacion-esta\/"]}]},{"@type":"WebSite","@id":"https:\/\/123-esta.com\/es\/#website","url":"https:\/\/123-esta.com\/es\/","name":"Formulaire ESTA pour les USA","description":"","publisher":{"@id":"https:\/\/123-esta.com\/es\/#organization"},"potentialAction":[{"@type":"SearchAction","target":{"@type":"EntryPoint","urlTemplate":"https:\/\/123-esta.com\/es\/?s={search_term_string}"},"query-input":{"@type":"PropertyValueSpecification","valueRequired":true,"valueName":"search_term_string"}}],"inLanguage":"es"},{"@type":"Organization","@id":"https:\/\/123-esta.com\/es\/#organization","name":"Formulaire ESTA pour les USA","url":"https:\/\/123-esta.com\/es\/","logo":{"@type":"ImageObject","inLanguage":"es","@id":"https:\/\/123-esta.com\/es\/#\/schema\/logo\/image\/","url":"https:\/\/123-esta.com\/wp-content\/uploads\/2018\/03\/logo-123-esta.png","contentUrl":"https:\/\/123-esta.com\/wp-content\/uploads\/2018\/03\/logo-123-esta.png","width":191,"height":54,"caption":"Formulaire ESTA pour les USA"},"image":{"@id":"https:\/\/123-esta.com\/es\/#\/schema\/logo\/image\/"}}]}},"_links":{"self":[{"href":"https:\/\/123-esta.com\/es\/wp-json\/wp\/v2\/pages\/1532","targetHints":{"allow":["GET"]}}],"collection":[{"href":"https:\/\/123-esta.com\/es\/wp-json\/wp\/v2\/pages"}],"about":[{"href":"https:\/\/123-esta.com\/es\/wp-json\/wp\/v2\/types\/page"}],"author":[{"embeddable":true,"href":"https:\/\/123-esta.com\/es\/wp-json\/wp\/v2\/users\/1"}],"replies":[{"embeddable":true,"href":"https:\/\/123-esta.com\/es\/wp-json\/wp\/v2\/comments?post=1532"}],"version-history":[{"count":0,"href":"https:\/\/123-esta.com\/es\/wp-json\/wp\/v2\/pages\/1532\/revisions"}],"wp:attachment":[{"href":"https:\/\/123-esta.com\/es\/wp-json\/wp\/v2\/media?parent=1532"}],"curies":[{"name":"wp","href":"https:\/\/api.w.org\/{rel}","templated":true}]}}