{"id":1528,"date":"2021-12-21T17:47:37","date_gmt":"2021-12-21T16:47:37","guid":{"rendered":"https:\/\/123-esta.com\/presentacion-de-esta-canada\/"},"modified":"2022-09-06T20:33:25","modified_gmt":"2022-09-06T18:33:25","slug":"presentacion-de-esta-canada","status":"publish","type":"page","link":"https:\/\/123-esta.com\/es\/presentacion-de-esta-canada\/","title":{"rendered":"Presentaci\u00f3n de ESTA Canad\u00e1"},"content":{"rendered":"\n<p><span style=\"font-weight: 400;\">Basado en <a href=\"https:\/\/123-esta.com\/es\/\">el modelo ESTA<\/a> para un viaje a los EE. UU., ESTA Canad\u00e1 es una autorizaci\u00f3n electr\u00f3nica que permite a ciertos viajeros permanecer en Canad\u00e1 o transitar. Este permiso apareci\u00f3 en 2016 y permite fortalecer las medidas de seguridad tanto del pa\u00eds como de los viajeros. A partir de ahora, descubra este documento que le permitir\u00e1 viajar f\u00e1cilmente a la tierra del carib\u00fa y descubrir las magn\u00edficas ciudades y provincias de Vancouver, Ontario, Toronto, Quebec, Nueva Escocia, etc. Entre el verano indio, la inmensidad de los paisajes, el jarabe de arce y la aurora boreal, este pa\u00eds te dejar\u00e1 recuerdos inolvidables. \u00a1Destino Canad\u00e1!<\/span><\/p>\n\n<h2 class=\"wp-block-heading\">Restricciones de entrada a CANAD\u00c1 debido a COVID-19<\/h2>\n\n<p>La crisis sanitaria que se inici\u00f3 en 2020 con la aparici\u00f3n del COVID 19 provoc\u00f3 el cierre de las fronteras de todos los pa\u00edses del mundo. Al igual que Estados Unidos, Canad\u00e1 ha cerrado el acceso al pa\u00eds a los viajeros extranjeros desde marzo de 2020. Canad\u00e1 ha decidido reabrir su territorio a los extranjeros desde el 30 de noviembre de 2021. Los criterios de ingreso para extranjeros en Canad\u00e1 se han endurecido, ahora es necesario ingresar a Canad\u00e1 para estar completamente vacunado contra COVID-19.<\/p>\n\n<h2 class=\"wp-block-heading\"><span style=\"font-weight: 400;\">Lo que necesita saber sobre<\/span> <span style=\"font-weight: 400;\">ESTA Canad\u00e1<\/span><\/h2>\n\n<p><span style=\"font-weight: 400;\">ESTA Canad\u00e1 no es el nombre oficial de la autorizaci\u00f3n de viaje canadiense. Su nombre es <a href=\"https:\/\/ave-eta-canada.com\/es\/\">EV Canada<\/a> para la Autorizaci\u00f3n Electr\u00f3nica de Viaje. Permite a los viajeros permanecer en Canad\u00e1 sin solicitar una visa canadiense por adelantado.<\/span><\/p>\n\n<h3 class=\"wp-block-heading\"><span style=\"font-weight: 400;\">\u00bfQui\u00e9n puede beneficiarse de la exenci\u00f3n de visa canadiense?<\/span><\/h3>\n\n<p><span style=\"font-weight: 400;\">La exenci\u00f3n de visa de Canad\u00e1 no est\u00e1 disponible para todos los viajeros. Se deben cumplir varias condiciones para poder solicitar una autorizaci\u00f3n.<\/span><\/p>\n\n<p><span style=\"font-weight: 400;\">En primer lugar, es obligatorio ser nacional de uno de los pa\u00edses miembros de este sistema, que se enumeran a continuaci\u00f3n: Alemania, Andorra, Australia, Austria, Bahamas, Barbados, B\u00e9lgica, Brasil, Brunei Darussalam, Bulgaria, Chile, Chipre, Croacia, Dinamarca, Emiratos \u00c1rabes Unidos, Espa\u00f1a, Estonia, Finlandia, Francia, Gran Breta\u00f1a, Grecia, Hungr\u00eda, Hong Kong, Islas Salom\u00f3n, Irlanda, Islandia, Israel, Italia, Jap\u00f3n, Letonia, Liechtenstein, Lituania, Luxemburgo, Malta , M\u00e9xico, M\u00f3naco, Noruega, Nueva Zelanda, Papua Nueva Guinea, Pa\u00edses Bajos, Polonia, Portugal, Rep\u00fablica de Corea, Rep\u00fablica Checa, Rumania, San Marino, Samoa, Singapur, Eslovaquia, Eslovenia, Suecia, Suiza, Taiw\u00e1n y el Vaticano.<\/span><\/p>\n\n<p><span style=\"font-weight: 400;\">Como puede ver, los espa\u00f1ol est\u00e1n exentos de la obligaci\u00f3n de visado de turista y, por lo tanto, tienen derecho a solicitar el ESTA Canad\u00e1. <\/span><\/p>\n\n<p><span style=\"font-weight: 400;\">La segunda condici\u00f3n impuesta es el modo de transporte: solo los viajes a Canad\u00e1 por v\u00eda a\u00e9rea est\u00e1n cubiertos por la autorizaci\u00f3n de viaje canadiense. <\/span><\/p>\n\n<p><span style=\"font-weight: 400;\">La tercera condici\u00f3n se refiere al motivo de la estancia en Canad\u00e1. El viajero no debe tener el objetivo de establecerse o trabajar en Canad\u00e1. Para poder ingresar a suelo canadiense con una eTA, debes querer hacer una estad\u00eda temporal all\u00ed.<\/span><\/p>\n\n<p><span style=\"font-weight: 400;\">Por supuesto, se requiere un pasaporte v\u00e1lido, ya sea un pasaporte electr\u00f3nico o un pasaporte biom\u00e9trico.<\/span><\/p>\n\n<h3 class=\"wp-block-heading\"><span style=\"font-weight: 400;\">\u00bfCu\u00e1l es el precio de ESTA Canad\u00e1?<\/span><\/h3>\n\n<p><span style=\"font-weight: 400;\">La ESTA canadiense es menos costosa que la ESTA USA. Son co\u00fbt est de 7 $ CAD (dollar canadien) pour une demande faite sur le site du gouvernement canadien et l\u00e9g\u00e8rement plus \u00e9lev\u00e9 si vous souhaitez \u00eatre assist\u00e9 dans votre d\u00e9marche, c&#8217;est-\u00e0-dire en habilitant un prestataire priv\u00e9 \u00e0 faire la demande en su lugar. Veremos las diferentes plataformas de pedidos m\u00e1s adelante en este texto.<\/span><\/p>\n\n<h3 class=\"wp-block-heading\"><span style=\"font-weight: 400;\">\u00bfCu\u00e1nto tiempo puede viajar a Canad\u00e1 con una eTA?<\/span><\/h3>\n\n<p><span style=\"font-weight: 400;\">La duraci\u00f3n de la estancia en territorio canadiense con una autorizaci\u00f3n AVE no es id\u00e9ntica a la del ESTA para una estancia en Estados Unidos: es de 6 meses consecutivos para un AVE Canad\u00e1 frente a 90 d\u00edas para el ESTA.<\/span><\/p>\n\n<h3 class=\"wp-block-heading\"><span style=\"font-weight: 400;\">\u00bfCu\u00e1nto tiempo es v\u00e1lida la autorizaci\u00f3n de viaje?<\/span><\/h3>\n\n<p><span style=\"font-weight: 400;\">El periodo de validez del AVE tambi\u00e9n es m\u00e1s largo que el de un ESTA USA. Tiene una validez de 5 a\u00f1os, a partir de la recepci\u00f3n del acuerdo de las autoridades canadienses. Por lo tanto, es posible realizar varias estancias en Canad\u00e1 sin tener que solicitar un nuevo ESTA Canad\u00e1.  <\/span><\/p>\n\n<p><span style=\"font-weight: 400;\">Tenga en cuenta que si ha perdido su pasaporte o si \u00e9ste ha caducado, debe renovar su solicitud ESTA Canad\u00e1 con su nuevo pasaporte antes de volver a salir, ya que la autorizaci\u00f3n y el pasaporte van juntos.<\/span><\/p>\n\n<h2 class=\"wp-block-heading\"><span style=\"font-weight: 400;\">\u00bfC\u00f3mo obtener una<\/span> <span style=\"font-weight: 400;\">eTA<\/span> <span style=\"font-weight: 400;\">para un viaje a Canad\u00e1?<\/span><\/h2>\n\n<p><span style=\"font-weight: 400;\">Si cumple con los criterios de elegibilidad para la solicitud del AVE, ahora es el momento de explicar c\u00f3mo obtenerlo lo antes posible para que pueda descubrir Canad\u00e1.  <\/span><\/p>\n\n<p><span style=\"font-weight: 400;\">Tenga en cuenta que no es necesario que se presente en la embajada de Canad\u00e1 ni se comunique con las autoridades consulares. Todo lo que necesita hacer es solicitar en l\u00ednea utilizando un formulario ESTA Canad\u00e1. Para completar el formulario, debe proporcionar sus datos personales y los de otros viajeros que lo acompa\u00f1an. Tambi\u00e9n traiga su pasaporte electr\u00f3nico o biom\u00e9trico y una tarjeta de pago.<\/span><\/p>\n\n<h3 class=\"wp-block-heading\"><span style=\"font-weight: 400;\">Obtener una eTA en el sitio web oficial del gobierno canadiense<\/span><\/h3>\n\n<p><span style=\"font-weight: 400;\">Tambi\u00e9n puede visitar el sitio web oficial del Gobierno de Canad\u00e1. En este sitio, no tendr\u00e1 acceso a soporte. Para obtener su autorizaci\u00f3n ESTA Canad\u00e1, todo lo que necesita hacer es completar el formulario en l\u00ednea disponible en el sitio. Para validar su solicitud, debe traer su tarjeta de cr\u00e9dito y pagar el monto solicitado.<\/span><\/p>\n\n<h3 class=\"wp-block-heading\"><span style=\"font-weight: 400;\">\u00bfCu\u00e1nto tiempo esperar para recibir una eTA?<\/span><\/h3>\n\n<p><span style=\"font-weight: 400;\">Ya sea que realice un pedido en el sitio del Gobierno de Canad\u00e1 o en un sitio especializado, recibir\u00e1 la aprobaci\u00f3n de las autoridades en unos pocos d\u00edas. Aseg\u00farese de proporcionar la direcci\u00f3n de correo electr\u00f3nico correcta, ya que se le enviar\u00e1 la respuesta. El primer correo electr\u00f3nico es el acuse de recibo, el segundo es la respuesta a su solicitud de eTA.<\/span><\/p>\n\n<h3 class=\"wp-block-heading\"><span style=\"font-weight: 400;\">\u00bfQu\u00e9 hacer si se rechaza ESTA Canad\u00e1?<\/span><\/h3>\n\n<p><span style=\"font-weight: 400;\">El rechazo de una ESTA Canad\u00e1 por parte de Immigration Canada sigue siendo una situaci\u00f3n rara pero no imposible. Si nota un problema con su formulario, puede comunicarse con las autoridades canadienses lo antes posible utilizando un formulario para corregir los errores tipogr\u00e1ficos. Si una modificaci\u00f3n ya no es posible, se puede realizar una nueva solicitud.<\/span><\/p>\n\n<p><span style=\"font-weight: 400;\">Despu\u00e9s de la denegaci\u00f3n final, a\u00fan le queda su solicitud de visa en la embajada o consulado canadiense. Para ir a Canad\u00e1, existen varias visas que te permiten estudiar en el extranjero, vivir en Canad\u00e1 o hacer un viaje tur\u00edstico all\u00ed. Consulte con la Embajada de Canad\u00e1 para obtener m\u00e1s informaci\u00f3n. Si tiene entre 18 y 35 a\u00f1os, considere el permiso de vacaciones de trabajo, que es un permiso de trabajo que le permite ganarse la vida mientras <a href=\"https:\/\/123-esta.com\/es\/viaje-a-canada-desde-estados-unidos\/\">visita Canad\u00e1<\/a> .<\/span><\/p>\n\n<p><span style=\"font-weight: 400;\">En cualquier caso, las ciudades de Canad\u00e1 te fascinar\u00e1n. \u00a1Te deseamos un buen viaje!<\/span><\/p>\n\n<p><span style=\"font-weight: 400;\"><strong>Conviene saber<\/strong>: si quiere aprovechar la oportunidad de viajar a Estados Unidos en avi\u00f3n, no olvide solicitar el ESTA por Internet, no en la embajada estadounidense. Para ir a los Estados Unidos de Am\u00e9rica es necesario tener un pasaporte vigente, estar en viaje de turismo o de negocios y permanecer en suelo americano por un m\u00e1ximo de 90 d\u00edas.<\/span><\/p>\n","protected":false},"excerpt":{"rendered":"<p>Basado en el modelo ESTA para un viaje a los EE. UU., ESTA Canad\u00e1 es una autorizaci\u00f3n electr\u00f3nica que permite a ciertos viajeros permanecer en Canad\u00e1 o transitar. Este permiso apareci\u00f3 en 2016 y permite fortalecer las medidas de seguridad tanto del pa\u00eds como de los viajeros. A partir de ahora, descubra este documento que [&hellip;]<\/p>\n","protected":false},"author":1,"featured_media":0,"parent":0,"menu_order":0,"comment_status":"closed","ping_status":"closed","template":"","meta":{"site-sidebar-layout":"default","site-content-layout":"default","ast-site-content-layout":"default","site-content-style":"default","site-sidebar-style":"default","ast-global-header-display":"","ast-banner-title-visibility":"","ast-main-header-display":"","ast-hfb-above-header-display":"","ast-hfb-below-header-display":"","ast-hfb-mobile-header-display":"","site-post-title":"","ast-breadcrumbs-content":"","ast-featured-img":"","footer-sml-layout":"","ast-disable-related-posts":"","theme-transparent-header-meta":"default","adv-header-id-meta":"","stick-header-meta":"default","header-above-stick-meta":"","header-main-stick-meta":"","header-below-stick-meta":"","astra-migrate-meta-layouts":"default","ast-page-background-enabled":"default","ast-page-background-meta":{"desktop":{"background-color":"","background-image":"","background-repeat":"repeat","background-position":"center center","background-size":"auto","background-attachment":"scroll","background-type":"","background-media":"","overlay-type":"","overlay-color":"","overlay-opacity":"","overlay-gradient":""},"tablet":{"background-color":"","background-image":"","background-repeat":"repeat","background-position":"center center","background-size":"auto","background-attachment":"scroll","background-type":"","background-media":"","overlay-type":"","overlay-color":"","overlay-opacity":"","overlay-gradient":""},"mobile":{"background-color":"","background-image":"","background-repeat":"repeat","background-position":"center center","background-size":"auto","background-attachment":"scroll","background-type":"","background-media":"","overlay-type":"","overlay-color":"","overlay-opacity":"","overlay-gradient":""}},"ast-content-background-meta":{"desktop":{"background-color":"var(--ast-global-color-5)","background-image":"","background-repeat":"repeat","background-position":"center center","background-size":"auto","background-attachment":"scroll","background-type":"","background-media":"","overlay-type":"","overlay-color":"","overlay-opacity":"","overlay-gradient":""},"tablet":{"background-color":"var(--ast-global-color-5)","background-image":"","background-repeat":"repeat","background-position":"center center","background-size":"auto","background-attachment":"scroll","background-type":"","background-media":"","overlay-type":"","overlay-color":"","overlay-opacity":"","overlay-gradient":""},"mobile":{"background-color":"var(--ast-global-color-5)","background-image":"","background-repeat":"repeat","background-position":"center center","background-size":"auto","background-attachment":"scroll","background-type":"","background-media":"","overlay-type":"","overlay-color":"","overlay-opacity":"","overlay-gradient":""}},"footnotes":""},"class_list":["post-1528","page","type-page","status-publish","hentry"],"yoast_head":"<!-- This site is optimized with the Yoast SEO plugin v27.1.1 - https:\/\/yoast.com\/product\/yoast-seo-wordpress\/ -->\n<title>ESTA Canad\u00e1: \u00bfqu\u00e9 es exactamente?<\/title>\n<meta name=\"description\" content=\"\u00bfPlaneas ir a Canad\u00e1 pero no sabes cu\u00e1les son los tr\u00e1mites? Le presentamos el eTA, que en cierto modo es un ESTA para Canad\u00e1.\" \/>\n<meta name=\"robots\" content=\"index, follow, max-snippet:-1, max-image-preview:large, max-video-preview:-1\" \/>\n<link rel=\"canonical\" href=\"https:\/\/123-esta.com\/es\/presentacion-de-esta-canada\/\" \/>\n<meta property=\"og:locale\" content=\"es_ES\" \/>\n<meta property=\"og:type\" content=\"article\" \/>\n<meta property=\"og:title\" content=\"ESTA Canad\u00e1: \u00bfqu\u00e9 es exactamente?\" \/>\n<meta property=\"og:description\" content=\"\u00bfPlaneas ir a Canad\u00e1 pero no sabes cu\u00e1les son los tr\u00e1mites? Le presentamos el eTA, que en cierto modo es un ESTA para Canad\u00e1.\" \/>\n<meta property=\"og:url\" content=\"https:\/\/123-esta.com\/es\/presentacion-de-esta-canada\/\" \/>\n<meta property=\"og:site_name\" content=\"Formulaire ESTA pour les USA\" \/>\n<meta property=\"article:modified_time\" content=\"2022-09-06T18:33:25+00:00\" \/>\n<meta name=\"twitter:card\" content=\"summary_large_image\" \/>\n<meta name=\"twitter:label1\" content=\"Tiempo de lectura\" \/>\n\t<meta name=\"twitter:data1\" content=\"6 minutos\" \/>\n<script type=\"application\/ld+json\" class=\"yoast-schema-graph\">{\"@context\":\"https:\/\/schema.org\",\"@graph\":[{\"@type\":\"WebPage\",\"@id\":\"https:\/\/123-esta.com\/es\/presentacion-de-esta-canada\/\",\"url\":\"https:\/\/123-esta.com\/es\/presentacion-de-esta-canada\/\",\"name\":\"ESTA Canad\u00e1: \u00bfqu\u00e9 es exactamente?\",\"isPartOf\":{\"@id\":\"https:\/\/123-esta.com\/es\/#website\"},\"datePublished\":\"2021-12-21T16:47:37+00:00\",\"dateModified\":\"2022-09-06T18:33:25+00:00\",\"description\":\"\u00bfPlaneas ir a Canad\u00e1 pero no sabes cu\u00e1les son los tr\u00e1mites? Le presentamos el eTA, que en cierto modo es un ESTA para Canad\u00e1.\",\"inLanguage\":\"es\",\"potentialAction\":[{\"@type\":\"ReadAction\",\"target\":[\"https:\/\/123-esta.com\/es\/presentacion-de-esta-canada\/\"]}]},{\"@type\":\"WebSite\",\"@id\":\"https:\/\/123-esta.com\/es\/#website\",\"url\":\"https:\/\/123-esta.com\/es\/\",\"name\":\"Formulaire ESTA pour les USA\",\"description\":\"\",\"publisher\":{\"@id\":\"https:\/\/123-esta.com\/es\/#organization\"},\"potentialAction\":[{\"@type\":\"SearchAction\",\"target\":{\"@type\":\"EntryPoint\",\"urlTemplate\":\"https:\/\/123-esta.com\/es\/?s={search_term_string}\"},\"query-input\":{\"@type\":\"PropertyValueSpecification\",\"valueRequired\":true,\"valueName\":\"search_term_string\"}}],\"inLanguage\":\"es\"},{\"@type\":\"Organization\",\"@id\":\"https:\/\/123-esta.com\/es\/#organization\",\"name\":\"Formulaire ESTA pour les USA\",\"url\":\"https:\/\/123-esta.com\/es\/\",\"logo\":{\"@type\":\"ImageObject\",\"inLanguage\":\"es\",\"@id\":\"https:\/\/123-esta.com\/es\/#\/schema\/logo\/image\/\",\"url\":\"https:\/\/123-esta.com\/wp-content\/uploads\/2018\/03\/logo-123-esta.png\",\"contentUrl\":\"https:\/\/123-esta.com\/wp-content\/uploads\/2018\/03\/logo-123-esta.png\",\"width\":191,\"height\":54,\"caption\":\"Formulaire ESTA pour les USA\"},\"image\":{\"@id\":\"https:\/\/123-esta.com\/es\/#\/schema\/logo\/image\/\"}}]}<\/script>\n<!-- \/ Yoast SEO plugin. -->","yoast_head_json":{"title":"ESTA Canad\u00e1: \u00bfqu\u00e9 es exactamente?","description":"\u00bfPlaneas ir a Canad\u00e1 pero no sabes cu\u00e1les son los tr\u00e1mites? Le presentamos el eTA, que en cierto modo es un ESTA para Canad\u00e1.","robots":{"index":"index","follow":"follow","max-snippet":"max-snippet:-1","max-image-preview":"max-image-preview:large","max-video-preview":"max-video-preview:-1"},"canonical":"https:\/\/123-esta.com\/es\/presentacion-de-esta-canada\/","og_locale":"es_ES","og_type":"article","og_title":"ESTA Canad\u00e1: \u00bfqu\u00e9 es exactamente?","og_description":"\u00bfPlaneas ir a Canad\u00e1 pero no sabes cu\u00e1les son los tr\u00e1mites? Le presentamos el eTA, que en cierto modo es un ESTA para Canad\u00e1.","og_url":"https:\/\/123-esta.com\/es\/presentacion-de-esta-canada\/","og_site_name":"Formulaire ESTA pour les USA","article_modified_time":"2022-09-06T18:33:25+00:00","twitter_card":"summary_large_image","twitter_misc":{"Tiempo de lectura":"6 minutos"},"schema":{"@context":"https:\/\/schema.org","@graph":[{"@type":"WebPage","@id":"https:\/\/123-esta.com\/es\/presentacion-de-esta-canada\/","url":"https:\/\/123-esta.com\/es\/presentacion-de-esta-canada\/","name":"ESTA Canad\u00e1: \u00bfqu\u00e9 es exactamente?","isPartOf":{"@id":"https:\/\/123-esta.com\/es\/#website"},"datePublished":"2021-12-21T16:47:37+00:00","dateModified":"2022-09-06T18:33:25+00:00","description":"\u00bfPlaneas ir a Canad\u00e1 pero no sabes cu\u00e1les son los tr\u00e1mites? Le presentamos el eTA, que en cierto modo es un ESTA para Canad\u00e1.","inLanguage":"es","potentialAction":[{"@type":"ReadAction","target":["https:\/\/123-esta.com\/es\/presentacion-de-esta-canada\/"]}]},{"@type":"WebSite","@id":"https:\/\/123-esta.com\/es\/#website","url":"https:\/\/123-esta.com\/es\/","name":"Formulaire ESTA pour les USA","description":"","publisher":{"@id":"https:\/\/123-esta.com\/es\/#organization"},"potentialAction":[{"@type":"SearchAction","target":{"@type":"EntryPoint","urlTemplate":"https:\/\/123-esta.com\/es\/?s={search_term_string}"},"query-input":{"@type":"PropertyValueSpecification","valueRequired":true,"valueName":"search_term_string"}}],"inLanguage":"es"},{"@type":"Organization","@id":"https:\/\/123-esta.com\/es\/#organization","name":"Formulaire ESTA pour les USA","url":"https:\/\/123-esta.com\/es\/","logo":{"@type":"ImageObject","inLanguage":"es","@id":"https:\/\/123-esta.com\/es\/#\/schema\/logo\/image\/","url":"https:\/\/123-esta.com\/wp-content\/uploads\/2018\/03\/logo-123-esta.png","contentUrl":"https:\/\/123-esta.com\/wp-content\/uploads\/2018\/03\/logo-123-esta.png","width":191,"height":54,"caption":"Formulaire ESTA pour les USA"},"image":{"@id":"https:\/\/123-esta.com\/es\/#\/schema\/logo\/image\/"}}]}},"_links":{"self":[{"href":"https:\/\/123-esta.com\/es\/wp-json\/wp\/v2\/pages\/1528","targetHints":{"allow":["GET"]}}],"collection":[{"href":"https:\/\/123-esta.com\/es\/wp-json\/wp\/v2\/pages"}],"about":[{"href":"https:\/\/123-esta.com\/es\/wp-json\/wp\/v2\/types\/page"}],"author":[{"embeddable":true,"href":"https:\/\/123-esta.com\/es\/wp-json\/wp\/v2\/users\/1"}],"replies":[{"embeddable":true,"href":"https:\/\/123-esta.com\/es\/wp-json\/wp\/v2\/comments?post=1528"}],"version-history":[{"count":0,"href":"https:\/\/123-esta.com\/es\/wp-json\/wp\/v2\/pages\/1528\/revisions"}],"wp:attachment":[{"href":"https:\/\/123-esta.com\/es\/wp-json\/wp\/v2\/media?parent=1528"}],"curies":[{"name":"wp","href":"https:\/\/api.w.org\/{rel}","templated":true}]}}