{"id":1509,"date":"2021-12-21T17:22:13","date_gmt":"2021-12-21T16:22:13","guid":{"rendered":"https:\/\/123-esta.com\/como-encontrar-alojamiento-u-hotel-para-su-estadia-en-usa\/"},"modified":"2022-08-23T22:31:40","modified_gmt":"2022-08-23T20:31:40","slug":"como-encontrar-alojamiento-u-hotel-para-su-estadia-en-usa","status":"publish","type":"page","link":"https:\/\/123-esta.com\/es\/como-encontrar-alojamiento-u-hotel-para-su-estadia-en-usa\/","title":{"rendered":"\u00bfC\u00f3mo encontrar alojamiento u hotel para su estad\u00eda en USA?"},"content":{"rendered":"<p>Se sabe que los estadounidenses tienen un gran sentido de la hospitalidad.<\/p>\n<p>No obstante, cuando <a href=\"https:\/\/123-esta.com\/es\/que-ver-y-visitar-durante-su-estadia-en-estados-unidos\/\">visite los Estados Unidos<\/a> con ESTA, a\u00fan deber\u00e1 encontrar soluciones de alojamiento. Couchsurfing, una comunidad que te permite estar con gente gratis a cambio de tu buen humor, es una opci\u00f3n popular. Hay muchas opciones diferentes de alojamiento en los EE. UU., Dependiendo de su presupuesto. Aqu\u00ed hay una lista no exhaustiva.<\/p>\n<h2>Elegir el alojamiento adecuado al hacer un viaje a EE. UU.<\/h2>\n<p>Para presupuestos m\u00e1s ajustados, los moteles se consideran un punto de referencia, gracias a una recepci\u00f3n abierta las 24 horas, acceso wi-fi y desayuno. Estos peque\u00f1os hoteles son numerosos a lo largo de las carreteras principales y en la entrada \/ salida de las ciudades. La tarifa para estos establecimientos independientes o de cadena (Quality Inn, Comfort Inn, Red Roof) oscila entre $ 30 y $ 90 por noche.<\/p>\n<p>Los hoteles son alojamientos recomendados para aquellos que deseen permanecer durante varios d\u00edas en una gran ciudad. En este caso, los moteles tambi\u00e9n son posibles, pero es posible que no le brinden la comodidad necesaria. Debe elegirse de acuerdo con su presupuesto.<\/p>\n<p>Estados Unidos tambi\u00e9n tiene varias categor\u00edas de establecimientos de comida para acomodar adecuadamente al gran n\u00famero de turistas que pasan. Recomendamos en particular una alternativa interesante para los mochileros: descansar en un bed &amp; breakfast.<\/p>\n<p>Finalmente, hay un mont\u00f3n de alternativas m\u00e1s o menos aceptables, con diferentes presupuestos, como albergues juveniles, Couchsurfing, Airbnb, Lodges, alquileres de playa, caba\u00f1as, condominios, etc.<\/p>\n<p>Para aquellos con el presupuesto m\u00e1s ajustado, otro consejo econ\u00f3mico es dormir en su autom\u00f3vil. De hecho, algunas carreteras, especialmente autopistas e interestatales, tienen \u00e1reas de descanso especialmente dise\u00f1adas para descansar en su autom\u00f3vil. Para mayor comodidad y si su presupuesto lo permite, es mejor alquilar un camping. De esta forma, podr\u00e1s dormir con total seguridad y disfrutar de la ducha y el aseo que suelen ofrecer este tipo de establecimientos.<\/p>\n<h2>C\u00f3mo alojarse a muy bajo costo en EE. UU.<\/h2>\n<p>Para las personas m\u00e1s sociables y de mente abierta, hay dos opciones muy econ\u00f3micas disponibles: Couchsurfing y dormitorios disponibles en hostales.<\/p>\n<p>El principio de Couchsurfing es bastante simple: cada persona registrada en el sitio ofrece dar la bienvenida a un viajero a su hogar de forma gratuita, de vez en cuando. A cambio, cuando viaje usted mismo, puede <a href=\"https:\/\/123-esta.com\/es\/como-alojarse-gratis-en-ee-uu\/\">quedarse con un local de forma gratuita<\/a> . La comunidad de Couchsurfing es enorme en los EE. UU., Hay muchas posibilidades disponibles para ti.<\/p>\n<p>En cuanto a los albergues juveniles, suelen ofrecer la opci\u00f3n de dormir en dormitorios compartidos con otros viajeros. Estas son casi siempre las opciones de alojamiento m\u00e1s baratas.<\/p>\n<p>Finalmente, para aquellos de ustedes que planean quedarse m\u00e1s de 3 meses en los EE. UU. Con la ayuda de una visa, se recomienda que busquen alojamiento a trav\u00e9s de los clasificados que a menudo se encuentran en los peri\u00f3dicos locales. Tambi\u00e9n se recomienda un sitio como craiglist, que es muy conocido en los Estados Unidos. En particular, podr\u00e1 encontrar un &#8216;compa\u00f1ero de habitaci\u00f3n&#8217; y hacer una colocaci\u00f3n.<\/p>\n","protected":false},"excerpt":{"rendered":"<p>Se sabe que los estadounidenses tienen un gran sentido de la hospitalidad. No obstante, cuando visite los Estados Unidos con ESTA, a\u00fan deber\u00e1 encontrar soluciones de alojamiento. Couchsurfing, una comunidad que te permite estar con gente gratis a cambio de tu buen humor, es una opci\u00f3n popular. Hay muchas opciones diferentes de alojamiento en los [&hellip;]<\/p>\n","protected":false},"author":1,"featured_media":0,"parent":0,"menu_order":0,"comment_status":"closed","ping_status":"closed","template":"","meta":{"site-sidebar-layout":"default","site-content-layout":"default","ast-site-content-layout":"default","site-content-style":"default","site-sidebar-style":"default","ast-global-header-display":"","ast-banner-title-visibility":"","ast-main-header-display":"","ast-hfb-above-header-display":"","ast-hfb-below-header-display":"","ast-hfb-mobile-header-display":"","site-post-title":"","ast-breadcrumbs-content":"","ast-featured-img":"","footer-sml-layout":"","ast-disable-related-posts":"","theme-transparent-header-meta":"default","adv-header-id-meta":"","stick-header-meta":"default","header-above-stick-meta":"","header-main-stick-meta":"","header-below-stick-meta":"","astra-migrate-meta-layouts":"default","ast-page-background-enabled":"default","ast-page-background-meta":{"desktop":{"background-color":"","background-image":"","background-repeat":"repeat","background-position":"center center","background-size":"auto","background-attachment":"scroll","background-type":"","background-media":"","overlay-type":"","overlay-color":"","overlay-opacity":"","overlay-gradient":""},"tablet":{"background-color":"","background-image":"","background-repeat":"repeat","background-position":"center center","background-size":"auto","background-attachment":"scroll","background-type":"","background-media":"","overlay-type":"","overlay-color":"","overlay-opacity":"","overlay-gradient":""},"mobile":{"background-color":"","background-image":"","background-repeat":"repeat","background-position":"center center","background-size":"auto","background-attachment":"scroll","background-type":"","background-media":"","overlay-type":"","overlay-color":"","overlay-opacity":"","overlay-gradient":""}},"ast-content-background-meta":{"desktop":{"background-color":"var(--ast-global-color-5)","background-image":"","background-repeat":"repeat","background-position":"center center","background-size":"auto","background-attachment":"scroll","background-type":"","background-media":"","overlay-type":"","overlay-color":"","overlay-opacity":"","overlay-gradient":""},"tablet":{"background-color":"var(--ast-global-color-5)","background-image":"","background-repeat":"repeat","background-position":"center center","background-size":"auto","background-attachment":"scroll","background-type":"","background-media":"","overlay-type":"","overlay-color":"","overlay-opacity":"","overlay-gradient":""},"mobile":{"background-color":"var(--ast-global-color-5)","background-image":"","background-repeat":"repeat","background-position":"center center","background-size":"auto","background-attachment":"scroll","background-type":"","background-media":"","overlay-type":"","overlay-color":"","overlay-opacity":"","overlay-gradient":""}},"footnotes":""},"class_list":["post-1509","page","type-page","status-publish","hentry"],"yoast_head":"<!-- This site is optimized with the Yoast SEO plugin v27.1.1 - https:\/\/yoast.com\/product\/yoast-seo-wordpress\/ -->\n<title>Nuestros consejos para encontrar el mejor hotel de EE. UU.<\/title>\n<meta name=\"description\" content=\"Estados Unidos est\u00e1 lleno de opciones de alojamiento: desde casas de hu\u00e9spedes hasta hoteles de lujo, pasando por moteles tradicionales ... \u00a1La decisi\u00f3n es tuya!\" \/>\n<meta name=\"robots\" content=\"index, follow, max-snippet:-1, max-image-preview:large, max-video-preview:-1\" \/>\n<link rel=\"canonical\" href=\"https:\/\/123-esta.com\/es\/como-encontrar-alojamiento-u-hotel-para-su-estadia-en-usa\/\" \/>\n<meta property=\"og:locale\" content=\"es_ES\" \/>\n<meta property=\"og:type\" content=\"article\" \/>\n<meta property=\"og:title\" content=\"Nuestros consejos para encontrar el mejor hotel de EE. UU.\" \/>\n<meta property=\"og:description\" content=\"Estados Unidos est\u00e1 lleno de opciones de alojamiento: desde casas de hu\u00e9spedes hasta hoteles de lujo, pasando por moteles tradicionales ... \u00a1La decisi\u00f3n es tuya!\" \/>\n<meta property=\"og:url\" content=\"https:\/\/123-esta.com\/es\/como-encontrar-alojamiento-u-hotel-para-su-estadia-en-usa\/\" \/>\n<meta property=\"og:site_name\" content=\"Formulaire ESTA pour les USA\" \/>\n<meta property=\"article:modified_time\" content=\"2022-08-23T20:31:40+00:00\" \/>\n<meta name=\"twitter:card\" content=\"summary_large_image\" \/>\n<meta name=\"twitter:label1\" content=\"Tiempo de lectura\" \/>\n\t<meta name=\"twitter:data1\" content=\"3 minutos\" \/>\n<script type=\"application\/ld+json\" class=\"yoast-schema-graph\">{\"@context\":\"https:\/\/schema.org\",\"@graph\":[{\"@type\":\"WebPage\",\"@id\":\"https:\/\/123-esta.com\/es\/como-encontrar-alojamiento-u-hotel-para-su-estadia-en-usa\/\",\"url\":\"https:\/\/123-esta.com\/es\/como-encontrar-alojamiento-u-hotel-para-su-estadia-en-usa\/\",\"name\":\"Nuestros consejos para encontrar el mejor hotel de EE. UU.\",\"isPartOf\":{\"@id\":\"https:\/\/123-esta.com\/es\/#website\"},\"datePublished\":\"2021-12-21T16:22:13+00:00\",\"dateModified\":\"2022-08-23T20:31:40+00:00\",\"description\":\"Estados Unidos est\u00e1 lleno de opciones de alojamiento: desde casas de hu\u00e9spedes hasta hoteles de lujo, pasando por moteles tradicionales ... \u00a1La decisi\u00f3n es tuya!\",\"inLanguage\":\"es\",\"potentialAction\":[{\"@type\":\"ReadAction\",\"target\":[\"https:\/\/123-esta.com\/es\/como-encontrar-alojamiento-u-hotel-para-su-estadia-en-usa\/\"]}]},{\"@type\":\"WebSite\",\"@id\":\"https:\/\/123-esta.com\/es\/#website\",\"url\":\"https:\/\/123-esta.com\/es\/\",\"name\":\"Formulaire ESTA pour les USA\",\"description\":\"\",\"publisher\":{\"@id\":\"https:\/\/123-esta.com\/es\/#organization\"},\"potentialAction\":[{\"@type\":\"SearchAction\",\"target\":{\"@type\":\"EntryPoint\",\"urlTemplate\":\"https:\/\/123-esta.com\/es\/?s={search_term_string}\"},\"query-input\":{\"@type\":\"PropertyValueSpecification\",\"valueRequired\":true,\"valueName\":\"search_term_string\"}}],\"inLanguage\":\"es\"},{\"@type\":\"Organization\",\"@id\":\"https:\/\/123-esta.com\/es\/#organization\",\"name\":\"Formulaire ESTA pour les USA\",\"url\":\"https:\/\/123-esta.com\/es\/\",\"logo\":{\"@type\":\"ImageObject\",\"inLanguage\":\"es\",\"@id\":\"https:\/\/123-esta.com\/es\/#\/schema\/logo\/image\/\",\"url\":\"https:\/\/123-esta.com\/wp-content\/uploads\/2018\/03\/logo-123-esta.png\",\"contentUrl\":\"https:\/\/123-esta.com\/wp-content\/uploads\/2018\/03\/logo-123-esta.png\",\"width\":191,\"height\":54,\"caption\":\"Formulaire ESTA pour les USA\"},\"image\":{\"@id\":\"https:\/\/123-esta.com\/es\/#\/schema\/logo\/image\/\"}}]}<\/script>\n<!-- \/ Yoast SEO plugin. -->","yoast_head_json":{"title":"Nuestros consejos para encontrar el mejor hotel de EE. UU.","description":"Estados Unidos est\u00e1 lleno de opciones de alojamiento: desde casas de hu\u00e9spedes hasta hoteles de lujo, pasando por moteles tradicionales ... \u00a1La decisi\u00f3n es tuya!","robots":{"index":"index","follow":"follow","max-snippet":"max-snippet:-1","max-image-preview":"max-image-preview:large","max-video-preview":"max-video-preview:-1"},"canonical":"https:\/\/123-esta.com\/es\/como-encontrar-alojamiento-u-hotel-para-su-estadia-en-usa\/","og_locale":"es_ES","og_type":"article","og_title":"Nuestros consejos para encontrar el mejor hotel de EE. UU.","og_description":"Estados Unidos est\u00e1 lleno de opciones de alojamiento: desde casas de hu\u00e9spedes hasta hoteles de lujo, pasando por moteles tradicionales ... \u00a1La decisi\u00f3n es tuya!","og_url":"https:\/\/123-esta.com\/es\/como-encontrar-alojamiento-u-hotel-para-su-estadia-en-usa\/","og_site_name":"Formulaire ESTA pour les USA","article_modified_time":"2022-08-23T20:31:40+00:00","twitter_card":"summary_large_image","twitter_misc":{"Tiempo de lectura":"3 minutos"},"schema":{"@context":"https:\/\/schema.org","@graph":[{"@type":"WebPage","@id":"https:\/\/123-esta.com\/es\/como-encontrar-alojamiento-u-hotel-para-su-estadia-en-usa\/","url":"https:\/\/123-esta.com\/es\/como-encontrar-alojamiento-u-hotel-para-su-estadia-en-usa\/","name":"Nuestros consejos para encontrar el mejor hotel de EE. UU.","isPartOf":{"@id":"https:\/\/123-esta.com\/es\/#website"},"datePublished":"2021-12-21T16:22:13+00:00","dateModified":"2022-08-23T20:31:40+00:00","description":"Estados Unidos est\u00e1 lleno de opciones de alojamiento: desde casas de hu\u00e9spedes hasta hoteles de lujo, pasando por moteles tradicionales ... \u00a1La decisi\u00f3n es tuya!","inLanguage":"es","potentialAction":[{"@type":"ReadAction","target":["https:\/\/123-esta.com\/es\/como-encontrar-alojamiento-u-hotel-para-su-estadia-en-usa\/"]}]},{"@type":"WebSite","@id":"https:\/\/123-esta.com\/es\/#website","url":"https:\/\/123-esta.com\/es\/","name":"Formulaire ESTA pour les USA","description":"","publisher":{"@id":"https:\/\/123-esta.com\/es\/#organization"},"potentialAction":[{"@type":"SearchAction","target":{"@type":"EntryPoint","urlTemplate":"https:\/\/123-esta.com\/es\/?s={search_term_string}"},"query-input":{"@type":"PropertyValueSpecification","valueRequired":true,"valueName":"search_term_string"}}],"inLanguage":"es"},{"@type":"Organization","@id":"https:\/\/123-esta.com\/es\/#organization","name":"Formulaire ESTA pour les USA","url":"https:\/\/123-esta.com\/es\/","logo":{"@type":"ImageObject","inLanguage":"es","@id":"https:\/\/123-esta.com\/es\/#\/schema\/logo\/image\/","url":"https:\/\/123-esta.com\/wp-content\/uploads\/2018\/03\/logo-123-esta.png","contentUrl":"https:\/\/123-esta.com\/wp-content\/uploads\/2018\/03\/logo-123-esta.png","width":191,"height":54,"caption":"Formulaire ESTA pour les USA"},"image":{"@id":"https:\/\/123-esta.com\/es\/#\/schema\/logo\/image\/"}}]}},"_links":{"self":[{"href":"https:\/\/123-esta.com\/es\/wp-json\/wp\/v2\/pages\/1509","targetHints":{"allow":["GET"]}}],"collection":[{"href":"https:\/\/123-esta.com\/es\/wp-json\/wp\/v2\/pages"}],"about":[{"href":"https:\/\/123-esta.com\/es\/wp-json\/wp\/v2\/types\/page"}],"author":[{"embeddable":true,"href":"https:\/\/123-esta.com\/es\/wp-json\/wp\/v2\/users\/1"}],"replies":[{"embeddable":true,"href":"https:\/\/123-esta.com\/es\/wp-json\/wp\/v2\/comments?post=1509"}],"version-history":[{"count":0,"href":"https:\/\/123-esta.com\/es\/wp-json\/wp\/v2\/pages\/1509\/revisions"}],"wp:attachment":[{"href":"https:\/\/123-esta.com\/es\/wp-json\/wp\/v2\/media?parent=1509"}],"curies":[{"name":"wp","href":"https:\/\/api.w.org\/{rel}","templated":true}]}}