{"id":1507,"date":"2021-12-21T17:21:39","date_gmt":"2021-12-21T16:21:39","guid":{"rendered":"https:\/\/123-esta.com\/como-alojarse-gratis-en-ee-uu\/"},"modified":"2022-08-23T22:17:36","modified_gmt":"2022-08-23T20:17:36","slug":"como-alojarse-gratis-en-ee-uu","status":"publish","type":"page","link":"https:\/\/123-esta.com\/es\/como-alojarse-gratis-en-ee-uu\/","title":{"rendered":"\u00bfC\u00f3mo alojarse gratis en EE. UU.?"},"content":{"rendered":"<p>En una publicaci\u00f3n de blog anterior, le dimos varios <a href=\"https:\/\/123-esta.com\/es\/como-encontrar-alojamiento-u-hotel-para-su-estadia-en-usa\/\">consejos para permanecer en los Estados Unidos dentro de su presupuesto<\/a> . En este nuevo art\u00edculo, quer\u00edamos ir m\u00e1s all\u00e1 y brindarte 3 formas de pasar tus noches en los Estados Unidos de forma totalmente gratuita.<\/p>\n<p>Como recordatorio, antes de plantearse una aventura en el pa\u00eds del T\u00edo Sam, es absolutamente necesario solicitar el ESTA, que le permitir\u00e1 permanecer en los Estados Unidos de forma legal, sin el menor problema, por un per\u00edodo de tiempo de 90 d\u00edas.<\/p>\n<h2>Couchsurfing<\/h2>\n<p>Para ilustrar mejor c\u00f3mo el Couchsurfing en Estados Unidos puede ser una gran opci\u00f3n 100% gratuita, nos parece relevante dar el ejemplo de uno de nuestros managers.<\/p>\n<p>En 2013, uno de nosotros habr\u00e1 pasado un total de 40 d\u00edas en suelo estadounidense. Durante estos 40 d\u00edas, m\u00e1s del 80% de las noches se pasaron gratis a trav\u00e9s de Couchsurfing, \u00a1con los lugare\u00f1os! Chicago, Boston, Nueva York, Nashville, Nueva Orleans, Las Vegas, .., tantas ciudades donde nuestro socio fue recibido con los brazos abiertos por un local, \u00a1por per\u00edodos que van desde una noche hasta casi una semana!<\/p>\n<p>Entonces, naturalmente, Couchsurfing solo puede ir en una direcci\u00f3n. Varios consejos son esenciales:<\/p>\n<ul>\n<li>Si tiene algo de espacio en su apartamento \/ casa en Francia, ser\u00eda bueno ofrecer acomodar a uno u otro viajero tambi\u00e9n, especialmente si vive en una regi\u00f3n tur\u00edstica. El dar \/ recibir es lo que hace posible el concepto de Couchsurfing. Tambi\u00e9n te permite empezar a tener referencias, las cuales son muy importantes para ser aceptadas por otros miembros.<\/li>\n<li>Complete su perfil de Couchsurfing de la manera m\u00e1s completa posible. La mayor\u00eda de los perfiles vac\u00edos nunca reciben una respuesta positiva &#8230; excepto en los casos en los que su \u00fanica foto muestra a una bella dama pero &#8230; \u00bfle gustar\u00eda ser acomodado por razones sexistas?<\/li>\n<li>Cuando realice sus solicitudes, personal\u00edcelas al m\u00ednimo. Demuestre que ha le\u00eddo al menos los perfiles de las personas a las que se postula. \u00a1Esto mejorar\u00e1 enormemente tus posibilidades!<\/li>\n<li>Lleva contigo peque\u00f1os obsequios &#8216;Made in France&#8217; para d\u00e1rselos a las personas que te acoger\u00e1n gratis &#8230; \u00a1Siempre es divertido!<\/li>\n<\/ul>\n<h2>Autobuses nocturnos<\/h2>\n<p>\u00a1Otra excelente manera de ahorrar mucho dinero y dormir gratis es tomar autobuses nocturnos siempre que sea posible en sus viajes! Entonces, por supuesto, debe pagar sus boletos de transporte, \u00a1pero es una situaci\u00f3n en la que todos ganan! No pierde tiempo viajando y puede dormir durante sus viajes en autob\u00fas.<\/p>\n<p>A t\u00edtulo informativo, los autobuses de una empresa como Greyhound son muy c\u00f3modos y tienen muchos servicios incluidos en el precio de tu billete: comida proporcionada durante el viaje, toma para tu tel\u00e9fono (etc.), conexi\u00f3n wifi, asientos de lujo, etc.<\/p>\n<p>El \u00fanico inconveniente: las personas de m\u00e1s de 1 mill\u00f3n 90 metros se sentir\u00e1n agobiadas r\u00e1pidamente. Si no tiene suerte, un beb\u00e9 de la siguiente fila tendr\u00e1 dificultades para dormir. Por no hablar de los ronquidos. Sin embargo, una actitud positiva y tapones para los o\u00eddos deber\u00edan ayudarte.<\/p>\n<h2>Dormir en el aeropuerto<\/h2>\n<p>En el caso de viajes en autob\u00fas que no sean posibles debido a largas distancias, los m\u00e1s aventureros no dudar\u00e1n en pedir vuelos lo antes posible por la ma\u00f1ana.<\/p>\n<p>Digamos que su vuelo sale a las 6 am &#8230; no dude en pasar la noche en el aeropuerto. Muchos viajeros eligen esta opci\u00f3n sin causar ning\u00fan problema a las autoridades estadounidenses. Con un m\u00ednimo de organizaci\u00f3n (una almohada y algo para proteger sus ojos de la luz), incluso podr\u00eda tener una buena, aunque breve, noche de sue\u00f1o.<\/p>\n","protected":false},"excerpt":{"rendered":"<p>En una publicaci\u00f3n de blog anterior, le dimos varios consejos para permanecer en los Estados Unidos dentro de su presupuesto . En este nuevo art\u00edculo, quer\u00edamos ir m\u00e1s all\u00e1 y brindarte 3 formas de pasar tus noches en los Estados Unidos de forma totalmente gratuita. Como recordatorio, antes de plantearse una aventura en el pa\u00eds [&hellip;]<\/p>\n","protected":false},"author":1,"featured_media":0,"parent":0,"menu_order":0,"comment_status":"closed","ping_status":"closed","template":"","meta":{"site-sidebar-layout":"default","site-content-layout":"default","ast-site-content-layout":"default","site-content-style":"default","site-sidebar-style":"default","ast-global-header-display":"","ast-banner-title-visibility":"","ast-main-header-display":"","ast-hfb-above-header-display":"","ast-hfb-below-header-display":"","ast-hfb-mobile-header-display":"","site-post-title":"","ast-breadcrumbs-content":"","ast-featured-img":"","footer-sml-layout":"","ast-disable-related-posts":"","theme-transparent-header-meta":"default","adv-header-id-meta":"","stick-header-meta":"default","header-above-stick-meta":"","header-main-stick-meta":"","header-below-stick-meta":"","astra-migrate-meta-layouts":"default","ast-page-background-enabled":"default","ast-page-background-meta":{"desktop":{"background-color":"","background-image":"","background-repeat":"repeat","background-position":"center center","background-size":"auto","background-attachment":"scroll","background-type":"","background-media":"","overlay-type":"","overlay-color":"","overlay-opacity":"","overlay-gradient":""},"tablet":{"background-color":"","background-image":"","background-repeat":"repeat","background-position":"center center","background-size":"auto","background-attachment":"scroll","background-type":"","background-media":"","overlay-type":"","overlay-color":"","overlay-opacity":"","overlay-gradient":""},"mobile":{"background-color":"","background-image":"","background-repeat":"repeat","background-position":"center center","background-size":"auto","background-attachment":"scroll","background-type":"","background-media":"","overlay-type":"","overlay-color":"","overlay-opacity":"","overlay-gradient":""}},"ast-content-background-meta":{"desktop":{"background-color":"var(--ast-global-color-5)","background-image":"","background-repeat":"repeat","background-position":"center center","background-size":"auto","background-attachment":"scroll","background-type":"","background-media":"","overlay-type":"","overlay-color":"","overlay-opacity":"","overlay-gradient":""},"tablet":{"background-color":"var(--ast-global-color-5)","background-image":"","background-repeat":"repeat","background-position":"center center","background-size":"auto","background-attachment":"scroll","background-type":"","background-media":"","overlay-type":"","overlay-color":"","overlay-opacity":"","overlay-gradient":""},"mobile":{"background-color":"var(--ast-global-color-5)","background-image":"","background-repeat":"repeat","background-position":"center center","background-size":"auto","background-attachment":"scroll","background-type":"","background-media":"","overlay-type":"","overlay-color":"","overlay-opacity":"","overlay-gradient":""}},"footnotes":""},"class_list":["post-1507","page","type-page","status-publish","hentry"],"yoast_head":"<!-- This site is optimized with the Yoast SEO plugin v27.1.1 - https:\/\/yoast.com\/product\/yoast-seo-wordpress\/ -->\n<title>Nuestros consejos para alojamiento gratuito en los Estados Unidos<\/title>\n<meta name=\"description\" content=\"Consejos para alojarse gratis en los EE. UU. Y dormir con los lugare\u00f1os. c\u00f3mo hacer couchsurfing en los estados unidos o viajar en autob\u00fas.\" \/>\n<meta name=\"robots\" content=\"index, follow, max-snippet:-1, max-image-preview:large, max-video-preview:-1\" \/>\n<link rel=\"canonical\" href=\"https:\/\/123-esta.com\/es\/como-alojarse-gratis-en-ee-uu\/\" \/>\n<meta property=\"og:locale\" content=\"es_ES\" \/>\n<meta property=\"og:type\" content=\"article\" \/>\n<meta property=\"og:title\" content=\"Nuestros consejos para alojamiento gratuito en los Estados Unidos\" \/>\n<meta property=\"og:description\" content=\"Consejos para alojarse gratis en los EE. UU. Y dormir con los lugare\u00f1os. c\u00f3mo hacer couchsurfing en los estados unidos o viajar en autob\u00fas.\" \/>\n<meta property=\"og:url\" content=\"https:\/\/123-esta.com\/es\/como-alojarse-gratis-en-ee-uu\/\" \/>\n<meta property=\"og:site_name\" content=\"Formulaire ESTA pour les USA\" \/>\n<meta property=\"article:modified_time\" content=\"2022-08-23T20:17:36+00:00\" \/>\n<meta name=\"twitter:card\" content=\"summary_large_image\" \/>\n<meta name=\"twitter:label1\" content=\"Tiempo de lectura\" \/>\n\t<meta name=\"twitter:data1\" content=\"3 minutos\" \/>\n<script type=\"application\/ld+json\" class=\"yoast-schema-graph\">{\"@context\":\"https:\/\/schema.org\",\"@graph\":[{\"@type\":\"WebPage\",\"@id\":\"https:\/\/123-esta.com\/es\/como-alojarse-gratis-en-ee-uu\/\",\"url\":\"https:\/\/123-esta.com\/es\/como-alojarse-gratis-en-ee-uu\/\",\"name\":\"Nuestros consejos para alojamiento gratuito en los Estados Unidos\",\"isPartOf\":{\"@id\":\"https:\/\/123-esta.com\/es\/#website\"},\"datePublished\":\"2021-12-21T16:21:39+00:00\",\"dateModified\":\"2022-08-23T20:17:36+00:00\",\"description\":\"Consejos para alojarse gratis en los EE. UU. Y dormir con los lugare\u00f1os. c\u00f3mo hacer couchsurfing en los estados unidos o viajar en autob\u00fas.\",\"inLanguage\":\"es\",\"potentialAction\":[{\"@type\":\"ReadAction\",\"target\":[\"https:\/\/123-esta.com\/es\/como-alojarse-gratis-en-ee-uu\/\"]}]},{\"@type\":\"WebSite\",\"@id\":\"https:\/\/123-esta.com\/es\/#website\",\"url\":\"https:\/\/123-esta.com\/es\/\",\"name\":\"Formulaire ESTA pour les USA\",\"description\":\"\",\"publisher\":{\"@id\":\"https:\/\/123-esta.com\/es\/#organization\"},\"potentialAction\":[{\"@type\":\"SearchAction\",\"target\":{\"@type\":\"EntryPoint\",\"urlTemplate\":\"https:\/\/123-esta.com\/es\/?s={search_term_string}\"},\"query-input\":{\"@type\":\"PropertyValueSpecification\",\"valueRequired\":true,\"valueName\":\"search_term_string\"}}],\"inLanguage\":\"es\"},{\"@type\":\"Organization\",\"@id\":\"https:\/\/123-esta.com\/es\/#organization\",\"name\":\"Formulaire ESTA pour les USA\",\"url\":\"https:\/\/123-esta.com\/es\/\",\"logo\":{\"@type\":\"ImageObject\",\"inLanguage\":\"es\",\"@id\":\"https:\/\/123-esta.com\/es\/#\/schema\/logo\/image\/\",\"url\":\"https:\/\/123-esta.com\/wp-content\/uploads\/2018\/03\/logo-123-esta.png\",\"contentUrl\":\"https:\/\/123-esta.com\/wp-content\/uploads\/2018\/03\/logo-123-esta.png\",\"width\":191,\"height\":54,\"caption\":\"Formulaire ESTA pour les USA\"},\"image\":{\"@id\":\"https:\/\/123-esta.com\/es\/#\/schema\/logo\/image\/\"}}]}<\/script>\n<!-- \/ Yoast SEO plugin. -->","yoast_head_json":{"title":"Nuestros consejos para alojamiento gratuito en los Estados Unidos","description":"Consejos para alojarse gratis en los EE. UU. Y dormir con los lugare\u00f1os. c\u00f3mo hacer couchsurfing en los estados unidos o viajar en autob\u00fas.","robots":{"index":"index","follow":"follow","max-snippet":"max-snippet:-1","max-image-preview":"max-image-preview:large","max-video-preview":"max-video-preview:-1"},"canonical":"https:\/\/123-esta.com\/es\/como-alojarse-gratis-en-ee-uu\/","og_locale":"es_ES","og_type":"article","og_title":"Nuestros consejos para alojamiento gratuito en los Estados Unidos","og_description":"Consejos para alojarse gratis en los EE. UU. Y dormir con los lugare\u00f1os. c\u00f3mo hacer couchsurfing en los estados unidos o viajar en autob\u00fas.","og_url":"https:\/\/123-esta.com\/es\/como-alojarse-gratis-en-ee-uu\/","og_site_name":"Formulaire ESTA pour les USA","article_modified_time":"2022-08-23T20:17:36+00:00","twitter_card":"summary_large_image","twitter_misc":{"Tiempo de lectura":"3 minutos"},"schema":{"@context":"https:\/\/schema.org","@graph":[{"@type":"WebPage","@id":"https:\/\/123-esta.com\/es\/como-alojarse-gratis-en-ee-uu\/","url":"https:\/\/123-esta.com\/es\/como-alojarse-gratis-en-ee-uu\/","name":"Nuestros consejos para alojamiento gratuito en los Estados Unidos","isPartOf":{"@id":"https:\/\/123-esta.com\/es\/#website"},"datePublished":"2021-12-21T16:21:39+00:00","dateModified":"2022-08-23T20:17:36+00:00","description":"Consejos para alojarse gratis en los EE. UU. Y dormir con los lugare\u00f1os. c\u00f3mo hacer couchsurfing en los estados unidos o viajar en autob\u00fas.","inLanguage":"es","potentialAction":[{"@type":"ReadAction","target":["https:\/\/123-esta.com\/es\/como-alojarse-gratis-en-ee-uu\/"]}]},{"@type":"WebSite","@id":"https:\/\/123-esta.com\/es\/#website","url":"https:\/\/123-esta.com\/es\/","name":"Formulaire ESTA pour les USA","description":"","publisher":{"@id":"https:\/\/123-esta.com\/es\/#organization"},"potentialAction":[{"@type":"SearchAction","target":{"@type":"EntryPoint","urlTemplate":"https:\/\/123-esta.com\/es\/?s={search_term_string}"},"query-input":{"@type":"PropertyValueSpecification","valueRequired":true,"valueName":"search_term_string"}}],"inLanguage":"es"},{"@type":"Organization","@id":"https:\/\/123-esta.com\/es\/#organization","name":"Formulaire ESTA pour les USA","url":"https:\/\/123-esta.com\/es\/","logo":{"@type":"ImageObject","inLanguage":"es","@id":"https:\/\/123-esta.com\/es\/#\/schema\/logo\/image\/","url":"https:\/\/123-esta.com\/wp-content\/uploads\/2018\/03\/logo-123-esta.png","contentUrl":"https:\/\/123-esta.com\/wp-content\/uploads\/2018\/03\/logo-123-esta.png","width":191,"height":54,"caption":"Formulaire ESTA pour les USA"},"image":{"@id":"https:\/\/123-esta.com\/es\/#\/schema\/logo\/image\/"}}]}},"_links":{"self":[{"href":"https:\/\/123-esta.com\/es\/wp-json\/wp\/v2\/pages\/1507","targetHints":{"allow":["GET"]}}],"collection":[{"href":"https:\/\/123-esta.com\/es\/wp-json\/wp\/v2\/pages"}],"about":[{"href":"https:\/\/123-esta.com\/es\/wp-json\/wp\/v2\/types\/page"}],"author":[{"embeddable":true,"href":"https:\/\/123-esta.com\/es\/wp-json\/wp\/v2\/users\/1"}],"replies":[{"embeddable":true,"href":"https:\/\/123-esta.com\/es\/wp-json\/wp\/v2\/comments?post=1507"}],"version-history":[{"count":0,"href":"https:\/\/123-esta.com\/es\/wp-json\/wp\/v2\/pages\/1507\/revisions"}],"wp:attachment":[{"href":"https:\/\/123-esta.com\/es\/wp-json\/wp\/v2\/media?parent=1507"}],"curies":[{"name":"wp","href":"https:\/\/api.w.org\/{rel}","templated":true}]}}