{"id":1503,"date":"2021-12-21T17:21:25","date_gmt":"2021-12-21T16:21:25","guid":{"rendered":"https:\/\/123-esta.com\/como-y-donde-cambiar-su-moneda-cuando-vaya-a-ee-uu\/"},"modified":"2022-08-23T22:07:56","modified_gmt":"2022-08-23T20:07:56","slug":"como-y-donde-cambiar-su-moneda-cuando-vaya-a-ee-uu","status":"publish","type":"page","link":"https:\/\/123-esta.com\/es\/como-y-donde-cambiar-su-moneda-cuando-vaya-a-ee-uu\/","title":{"rendered":"C\u00f3mo y d\u00f3nde cambiar su moneda cuando vaya a EE. UU."},"content":{"rendered":"\n<p>La moneda utilizada en los Estados Unidos es el d\u00f3lar estadounidense.<\/p>\n\n<p>Dado que probablemente llegar\u00e1s de un pa\u00eds que no tiene esta moneda, ser\u00e1 fundamental que realices un cambio de moneda, sobre todo si tu pa\u00eds de origen forma parte de la zona euro, por lo que <a href=\"https:\/\/123-esta.com\/es\/nuestro-consejo-para-un-viaje-pacifico-a-estados-unidos\/\">nuestro consejo es claramente anticiparte a<\/a> todos los esta. \u00bfD\u00f3nde puedes cambiar tu dinero y c\u00f3mo?<\/p>\n\n<h2 class=\"wp-block-heading\">En un aeropuerto<\/h2>\n\n<p>Ya sea antes de volar o justo despu\u00e9s de su vuelo, puede cambiar su moneda en cualquier aeropuerto.<\/p>\n\n<p>Sin embargo, si puede, le recomendamos que investigue los niveles reales en el cambio de la moneda que va a cambiar. De hecho, cada vez que se realiza un cambio de divisas, las oficinas de cambio cobran comisiones m\u00e1s o menos importantes.<\/p>\n\n<p>Y, lamentablemente conscientes de su ventaja \u00abestrat\u00e9gica\u00bb, los aeropuertos casi siempre tienen costos m\u00e1s altos que en las ciudades. Es aconsejable cambiar solo una peque\u00f1a cantidad de dinero cuando llegue al aeropuerto y hacer la mayor parte del cambio de moneda fuera del aeropuerto, donde las tarifas suelen ser mejores.<\/p>\n\n<p>El precio tambi\u00e9n debe tenerse en cuenta al cambiar divisas. Puede fluctuar a lo largo del d\u00eda. A partir de todos los criterios antes mencionados, el viajero podr\u00e1 definir el momento m\u00e1s rentable para cambiar sus monedas en d\u00f3lares.<\/p>\n\n<h2 class=\"wp-block-heading\">En un banco<\/h2>\n\n<p>El cambio de moneda por d\u00f3lares tambi\u00e9n se puede realizar en cualquier banco del pa\u00eds de origen del viajero. Se puede hacer en el mostrador o desde un sitio seguro que tienen algunos bancos.<\/p>\n\n<p>Sin embargo, a menudo es necesario esperar una demora antes de recibir su dinero, que puede ser de hasta diez d\u00edas.<\/p>\n\n<h2 class=\"wp-block-heading\">Una vez en los EE. UU.<\/h2>\n\n<p>Como se explic\u00f3 anteriormente, el cambio tambi\u00e9n se puede realizar despu\u00e9s de su llegada a Estados Unidos.<\/p>\n\n<p>El par\u00e1metro de la tarifa debe tenerse en cuenta nuevamente, pero un cambio de moneda en el lugar le ahorra tiempo y, a menudo, dinero. Las tarifas son m\u00e1s bajas y la tasa es mejor que en un banco o en un aeropuerto. Tenga en cuenta: la mayor\u00eda de las casas de cambio de divisas le pedir\u00e1n su pasaporte para su verificaci\u00f3n.<\/p>\n\n<h2 class=\"wp-block-heading\">Tarjetas bancarias<\/h2>\n\n<p>Las tarjetas bancarias, especialmente Visa o Mastercard, se pueden utilizar en la mayor\u00eda de los pa\u00edses.<\/p>\n\n<p>Al viajar a EE. UU., Tener uno de estos 2 tipos de tarjeta evitar\u00e1 el transporte de efectivo de un pa\u00eds a otro. De hecho, los retiros se pueden realizar en la mayor\u00eda de los cajeros autom\u00e1ticos locales. El tipo de cambio a tener en cuenta es el de tu banco.<\/p>\n\n<h2 class=\"wp-block-heading\">\u00bfC\u00f3mo se realiza el canje?<\/h2>\n\n<p>Para cambiar una moneda en d\u00f3lares, solo tendr\u00e1s que elegir la cantidad a cambiar (en la moneda que tienes a tu disposici\u00f3n) y calcular su equivalente en la moneda estadounidense seg\u00fan el tipo de cambio del d\u00f3lar.<\/p>\n\n<p>Por supuesto, la cantidad asignada al viajero tambi\u00e9n depender\u00e1 de los costos que tome la agencia donde se realiz\u00f3 el cambio.<\/p>\n","protected":false},"excerpt":{"rendered":"<p>La moneda utilizada en los Estados Unidos es el d\u00f3lar estadounidense. Dado que probablemente llegar\u00e1s de un pa\u00eds que no tiene esta moneda, ser\u00e1 fundamental que realices un cambio de moneda, sobre todo si tu pa\u00eds de origen forma parte de la zona euro, por lo que nuestro consejo es claramente anticiparte a todos los [&hellip;]<\/p>\n","protected":false},"author":1,"featured_media":0,"parent":0,"menu_order":0,"comment_status":"closed","ping_status":"closed","template":"","meta":{"site-sidebar-layout":"default","site-content-layout":"default","ast-site-content-layout":"default","site-content-style":"default","site-sidebar-style":"default","ast-global-header-display":"","ast-banner-title-visibility":"","ast-main-header-display":"","ast-hfb-above-header-display":"","ast-hfb-below-header-display":"","ast-hfb-mobile-header-display":"","site-post-title":"","ast-breadcrumbs-content":"","ast-featured-img":"","footer-sml-layout":"","ast-disable-related-posts":"","theme-transparent-header-meta":"default","adv-header-id-meta":"","stick-header-meta":"default","header-above-stick-meta":"","header-main-stick-meta":"","header-below-stick-meta":"","astra-migrate-meta-layouts":"default","ast-page-background-enabled":"default","ast-page-background-meta":{"desktop":{"background-color":"","background-image":"","background-repeat":"repeat","background-position":"center center","background-size":"auto","background-attachment":"scroll","background-type":"","background-media":"","overlay-type":"","overlay-color":"","overlay-opacity":"","overlay-gradient":""},"tablet":{"background-color":"","background-image":"","background-repeat":"repeat","background-position":"center center","background-size":"auto","background-attachment":"scroll","background-type":"","background-media":"","overlay-type":"","overlay-color":"","overlay-opacity":"","overlay-gradient":""},"mobile":{"background-color":"","background-image":"","background-repeat":"repeat","background-position":"center center","background-size":"auto","background-attachment":"scroll","background-type":"","background-media":"","overlay-type":"","overlay-color":"","overlay-opacity":"","overlay-gradient":""}},"ast-content-background-meta":{"desktop":{"background-color":"var(--ast-global-color-5)","background-image":"","background-repeat":"repeat","background-position":"center center","background-size":"auto","background-attachment":"scroll","background-type":"","background-media":"","overlay-type":"","overlay-color":"","overlay-opacity":"","overlay-gradient":""},"tablet":{"background-color":"var(--ast-global-color-5)","background-image":"","background-repeat":"repeat","background-position":"center center","background-size":"auto","background-attachment":"scroll","background-type":"","background-media":"","overlay-type":"","overlay-color":"","overlay-opacity":"","overlay-gradient":""},"mobile":{"background-color":"var(--ast-global-color-5)","background-image":"","background-repeat":"repeat","background-position":"center center","background-size":"auto","background-attachment":"scroll","background-type":"","background-media":"","overlay-type":"","overlay-color":"","overlay-opacity":"","overlay-gradient":""}},"footnotes":""},"class_list":["post-1503","page","type-page","status-publish","hentry"],"yoast_head":"<!-- This site is optimized with the Yoast SEO plugin v27.1.1 - https:\/\/yoast.com\/product\/yoast-seo-wordpress\/ -->\n<title>\u00bfC\u00f3mo convertir su dinero en d\u00f3lares estadounidenses?<\/title>\n<meta name=\"description\" content=\"\u00bfVas a ir pronto a EE. UU.? Sigue nuestros consejos para cambiar tus euros por d\u00f3lares estadounidenses: \u00bfc\u00f3mo, cu\u00e1ndo y d\u00f3nde? \u00a1Nuestras respuestas!\" \/>\n<meta name=\"robots\" content=\"index, follow, max-snippet:-1, max-image-preview:large, max-video-preview:-1\" \/>\n<link rel=\"canonical\" href=\"https:\/\/123-esta.com\/es\/como-y-donde-cambiar-su-moneda-cuando-vaya-a-ee-uu\/\" \/>\n<meta property=\"og:locale\" content=\"es_ES\" \/>\n<meta property=\"og:type\" content=\"article\" \/>\n<meta property=\"og:title\" content=\"\u00bfC\u00f3mo convertir su dinero en d\u00f3lares estadounidenses?\" \/>\n<meta property=\"og:description\" content=\"\u00bfVas a ir pronto a EE. UU.? Sigue nuestros consejos para cambiar tus euros por d\u00f3lares estadounidenses: \u00bfc\u00f3mo, cu\u00e1ndo y d\u00f3nde? \u00a1Nuestras respuestas!\" \/>\n<meta property=\"og:url\" content=\"https:\/\/123-esta.com\/es\/como-y-donde-cambiar-su-moneda-cuando-vaya-a-ee-uu\/\" \/>\n<meta property=\"og:site_name\" content=\"Formulaire ESTA pour les USA\" \/>\n<meta property=\"article:modified_time\" content=\"2022-08-23T20:07:56+00:00\" \/>\n<meta name=\"twitter:card\" content=\"summary_large_image\" \/>\n<meta name=\"twitter:label1\" content=\"Tiempo de lectura\" \/>\n\t<meta name=\"twitter:data1\" content=\"3 minutos\" \/>\n<script type=\"application\/ld+json\" class=\"yoast-schema-graph\">{\"@context\":\"https:\/\/schema.org\",\"@graph\":[{\"@type\":\"WebPage\",\"@id\":\"https:\/\/123-esta.com\/es\/como-y-donde-cambiar-su-moneda-cuando-vaya-a-ee-uu\/\",\"url\":\"https:\/\/123-esta.com\/es\/como-y-donde-cambiar-su-moneda-cuando-vaya-a-ee-uu\/\",\"name\":\"\u00bfC\u00f3mo convertir su dinero en d\u00f3lares estadounidenses?\",\"isPartOf\":{\"@id\":\"https:\/\/123-esta.com\/es\/#website\"},\"datePublished\":\"2021-12-21T16:21:25+00:00\",\"dateModified\":\"2022-08-23T20:07:56+00:00\",\"description\":\"\u00bfVas a ir pronto a EE. UU.? Sigue nuestros consejos para cambiar tus euros por d\u00f3lares estadounidenses: \u00bfc\u00f3mo, cu\u00e1ndo y d\u00f3nde? \u00a1Nuestras respuestas!\",\"inLanguage\":\"es\",\"potentialAction\":[{\"@type\":\"ReadAction\",\"target\":[\"https:\/\/123-esta.com\/es\/como-y-donde-cambiar-su-moneda-cuando-vaya-a-ee-uu\/\"]}]},{\"@type\":\"WebSite\",\"@id\":\"https:\/\/123-esta.com\/es\/#website\",\"url\":\"https:\/\/123-esta.com\/es\/\",\"name\":\"Formulaire ESTA pour les USA\",\"description\":\"\",\"publisher\":{\"@id\":\"https:\/\/123-esta.com\/es\/#organization\"},\"potentialAction\":[{\"@type\":\"SearchAction\",\"target\":{\"@type\":\"EntryPoint\",\"urlTemplate\":\"https:\/\/123-esta.com\/es\/?s={search_term_string}\"},\"query-input\":{\"@type\":\"PropertyValueSpecification\",\"valueRequired\":true,\"valueName\":\"search_term_string\"}}],\"inLanguage\":\"es\"},{\"@type\":\"Organization\",\"@id\":\"https:\/\/123-esta.com\/es\/#organization\",\"name\":\"Formulaire ESTA pour les USA\",\"url\":\"https:\/\/123-esta.com\/es\/\",\"logo\":{\"@type\":\"ImageObject\",\"inLanguage\":\"es\",\"@id\":\"https:\/\/123-esta.com\/es\/#\/schema\/logo\/image\/\",\"url\":\"https:\/\/123-esta.com\/wp-content\/uploads\/2018\/03\/logo-123-esta.png\",\"contentUrl\":\"https:\/\/123-esta.com\/wp-content\/uploads\/2018\/03\/logo-123-esta.png\",\"width\":191,\"height\":54,\"caption\":\"Formulaire ESTA pour les USA\"},\"image\":{\"@id\":\"https:\/\/123-esta.com\/es\/#\/schema\/logo\/image\/\"}}]}<\/script>\n<!-- \/ Yoast SEO plugin. -->","yoast_head_json":{"title":"\u00bfC\u00f3mo convertir su dinero en d\u00f3lares estadounidenses?","description":"\u00bfVas a ir pronto a EE. UU.? Sigue nuestros consejos para cambiar tus euros por d\u00f3lares estadounidenses: \u00bfc\u00f3mo, cu\u00e1ndo y d\u00f3nde? \u00a1Nuestras respuestas!","robots":{"index":"index","follow":"follow","max-snippet":"max-snippet:-1","max-image-preview":"max-image-preview:large","max-video-preview":"max-video-preview:-1"},"canonical":"https:\/\/123-esta.com\/es\/como-y-donde-cambiar-su-moneda-cuando-vaya-a-ee-uu\/","og_locale":"es_ES","og_type":"article","og_title":"\u00bfC\u00f3mo convertir su dinero en d\u00f3lares estadounidenses?","og_description":"\u00bfVas a ir pronto a EE. UU.? Sigue nuestros consejos para cambiar tus euros por d\u00f3lares estadounidenses: \u00bfc\u00f3mo, cu\u00e1ndo y d\u00f3nde? \u00a1Nuestras respuestas!","og_url":"https:\/\/123-esta.com\/es\/como-y-donde-cambiar-su-moneda-cuando-vaya-a-ee-uu\/","og_site_name":"Formulaire ESTA pour les USA","article_modified_time":"2022-08-23T20:07:56+00:00","twitter_card":"summary_large_image","twitter_misc":{"Tiempo de lectura":"3 minutos"},"schema":{"@context":"https:\/\/schema.org","@graph":[{"@type":"WebPage","@id":"https:\/\/123-esta.com\/es\/como-y-donde-cambiar-su-moneda-cuando-vaya-a-ee-uu\/","url":"https:\/\/123-esta.com\/es\/como-y-donde-cambiar-su-moneda-cuando-vaya-a-ee-uu\/","name":"\u00bfC\u00f3mo convertir su dinero en d\u00f3lares estadounidenses?","isPartOf":{"@id":"https:\/\/123-esta.com\/es\/#website"},"datePublished":"2021-12-21T16:21:25+00:00","dateModified":"2022-08-23T20:07:56+00:00","description":"\u00bfVas a ir pronto a EE. UU.? Sigue nuestros consejos para cambiar tus euros por d\u00f3lares estadounidenses: \u00bfc\u00f3mo, cu\u00e1ndo y d\u00f3nde? \u00a1Nuestras respuestas!","inLanguage":"es","potentialAction":[{"@type":"ReadAction","target":["https:\/\/123-esta.com\/es\/como-y-donde-cambiar-su-moneda-cuando-vaya-a-ee-uu\/"]}]},{"@type":"WebSite","@id":"https:\/\/123-esta.com\/es\/#website","url":"https:\/\/123-esta.com\/es\/","name":"Formulaire ESTA pour les USA","description":"","publisher":{"@id":"https:\/\/123-esta.com\/es\/#organization"},"potentialAction":[{"@type":"SearchAction","target":{"@type":"EntryPoint","urlTemplate":"https:\/\/123-esta.com\/es\/?s={search_term_string}"},"query-input":{"@type":"PropertyValueSpecification","valueRequired":true,"valueName":"search_term_string"}}],"inLanguage":"es"},{"@type":"Organization","@id":"https:\/\/123-esta.com\/es\/#organization","name":"Formulaire ESTA pour les USA","url":"https:\/\/123-esta.com\/es\/","logo":{"@type":"ImageObject","inLanguage":"es","@id":"https:\/\/123-esta.com\/es\/#\/schema\/logo\/image\/","url":"https:\/\/123-esta.com\/wp-content\/uploads\/2018\/03\/logo-123-esta.png","contentUrl":"https:\/\/123-esta.com\/wp-content\/uploads\/2018\/03\/logo-123-esta.png","width":191,"height":54,"caption":"Formulaire ESTA pour les USA"},"image":{"@id":"https:\/\/123-esta.com\/es\/#\/schema\/logo\/image\/"}}]}},"_links":{"self":[{"href":"https:\/\/123-esta.com\/es\/wp-json\/wp\/v2\/pages\/1503","targetHints":{"allow":["GET"]}}],"collection":[{"href":"https:\/\/123-esta.com\/es\/wp-json\/wp\/v2\/pages"}],"about":[{"href":"https:\/\/123-esta.com\/es\/wp-json\/wp\/v2\/types\/page"}],"author":[{"embeddable":true,"href":"https:\/\/123-esta.com\/es\/wp-json\/wp\/v2\/users\/1"}],"replies":[{"embeddable":true,"href":"https:\/\/123-esta.com\/es\/wp-json\/wp\/v2\/comments?post=1503"}],"version-history":[{"count":0,"href":"https:\/\/123-esta.com\/es\/wp-json\/wp\/v2\/pages\/1503\/revisions"}],"wp:attachment":[{"href":"https:\/\/123-esta.com\/es\/wp-json\/wp\/v2\/media?parent=1503"}],"curies":[{"name":"wp","href":"https:\/\/api.w.org\/{rel}","templated":true}]}}