{"id":1501,"date":"2021-12-21T17:21:12","date_gmt":"2021-12-21T16:21:12","guid":{"rendered":"https:\/\/123-esta.com\/seguro-medico-como-estar-cubierto-en-ee-uu\/"},"modified":"2022-08-23T22:05:23","modified_gmt":"2022-08-23T20:05:23","slug":"seguro-de-salud-para-un-viaje-a-los-estados-unidos","status":"publish","type":"page","link":"https:\/\/123-esta.com\/es\/seguro-de-salud-para-un-viaje-a-los-estados-unidos\/","title":{"rendered":"Seguro m\u00e9dico: \u00bfc\u00f3mo estar cubierto en EE. UU.?"},"content":{"rendered":"\n<p>Un viaje al extranjero, y m\u00e1s particularmente a los Estados Unidos, nunca debe tomarse a la ligera, especialmente cuando se trata de elegir un buen seguro m\u00e9dico. El costo de la atenci\u00f3n m\u00e9dica puede aumentar r\u00e1pidamente y el reembolso de los gastos var\u00eda mucho seg\u00fan su compa\u00f1\u00eda de seguros u organizaci\u00f3n mutua de salud.<\/p>\n\n<p>No se deje enga\u00f1ar por c\u00f3mo funciona el seguro m\u00e9dico en su pa\u00eds de origen: algunos pa\u00edses no tienen los mismos beneficios que otros. En los EE. UU., Seguramente extra\u00f1ar\u00e1 la seguridad social francesa, \u00a1al igual que la tarjeta sanitaria europea! En este art\u00edculo te damos nuestros <a href=\"https:\/\/123-esta.com\/es\/nuestro-consejo-para-un-viaje-pacifico-a-estados-unidos\/\">consejos antes de partir hacia Estados Unidos<\/a> , ya sea para una estancia corta o larga en suelo americano. Anticipa este tr\u00e1mite mucho antes de tu partida, porque el tema es vasto y complejo, seguramente m\u00e1s que para los extranjeros en Francia.<\/p>\n\n<h2 class=\"wp-block-heading\">Responsabilidad civil, seguro de expatriaci\u00f3n, seguro multirriesgo\u2026: \u00a1dif\u00edcil de navegar!<\/h2>\n\n<p>Es mejor dedicar un poco de tiempo a comparar seguros antes de apresurarse a firmar un contrato y contratar un seguro que sea demasiado caro y no se adapte a su proyecto. En Estados Unidos, se dice que el sistema de salud es \u201cmutuo\u201d, es decir privado (excepto <a href=\"https:\/\/fr.wikipedia.org\/wiki\/Medicaid\">MEDICAID<\/a> y <a href=\"https:\/\/www.medicare.gov\/\">MEDICARE<\/a> ). As\u00ed que olv\u00eddense de las contribuciones solidarias en Francia para reembolsar los gastos m\u00e9dicos: \u00a1es m\u00e1s el principio de \u00abcada uno para s\u00ed mismo\u00bb!<\/p>\n\n<p>De la misma forma que existe una visa USA para cada perfil (estudiantes extranjeros, artistas, pasantes, trotamundos, etc.), los servicios de asistencia m\u00e9dica y seguro m\u00e9dico para USA se adaptan al solicitante, a su presupuesto y necesidades. Antes de 2014 y Obamacare, no se requer\u00eda que un estadounidense tuviera seguro m\u00e9dico. A partir de ahora, todos deben protegerse a trav\u00e9s de una oferta suscrita. Lo mejor es contactar con las distintas aseguradoras para definir el seguro m\u00e1s adecuado.<\/p>\n\n<p>Para dar una idea, seg\u00fan un estudio de 2015, el seguro m\u00e9dico cuesta 17.454 d\u00f3lares al a\u00f1o para una familia de 4; $ 5,000 eran deducibles, lo que significa que la familia ten\u00eda que pagar esta cantidad antes de cualquier reembolso. El monto deducible de los gastos hospitalarios es bastante elevado, por lo que es fundamental tener dinero disponible en todo momento en tu cuenta bancaria.<\/p>\n\n<p>Aunque el tema sea delicado de abordar, no se descuide el seguro de repatriaci\u00f3n del cuerpo en caso de fallecimiento de un familiar. Adem\u00e1s, tenga en cuenta que el principio de la prestaci\u00f3n por fallecimiento del seguro m\u00e9dico franc\u00e9s no es v\u00e1lido en los EE. UU.<\/p>\n\n<p>Nota: eche un vistazo a su tarjeta de cr\u00e9dito antes de su expatriaci\u00f3n (por ejemplo, Visa Premier o Gold Mastercard). Esto puede incluir asistencia m\u00e9dica para la repatriaci\u00f3n o incluso un pasivo de vida privada que se extiende al extranjero.<\/p>\n\n<h2 class=\"wp-block-heading\">Estudiar bien los contratos de seguro m\u00e9dico para conocer los costes reales a pagar<\/h2>\n\n<p>Hay muchas partes del contrato que determinan la cantidad de gastos m\u00e9dicos que debe pagar en el extranjero. En EE. UU., Marque las palabras \u00abCopago\u00bb (monto pagadero en todos los casos), \u00abDesembolso m\u00e1ximo\u00bb (l\u00edmite m\u00e1ximo), \u00abDeducible\u00bb (deducible), \u00abexclusiones\u00bb o incluso \u00abred\u00bb (redes de m\u00e9dicos). Todo esto le permitir\u00e1 comprender mejor su cobertura en caso de accidente de la vida.<\/p>\n\n<p>Para limitar los riesgos, recomendamos seleccionar una cobertura completa (atenci\u00f3n, medicaci\u00f3n, repatriaci\u00f3n, hospitalizaci\u00f3n). A veces, es incluso m\u00e1s interesante econ\u00f3micamente ser repatriado a Francia para recibir tratamiento.<\/p>\n\n<p>Por otro lado, cuidado con todos los seguros para expatriados: desde la implementaci\u00f3n de Obamacare, es necesario verificar que el seguro internacional sea compatible con el nuevo sistema estadounidense, bajo pena de una multa a pagar. Sin embargo, esta compatibilidad est\u00e1 lejos de ser sistem\u00e1tica.<\/p>\n\n<p>Junto con el seguro m\u00e9dico en los Estados Unidos, y para su estad\u00eda en el extranjero en general, tambi\u00e9n obtenga informaci\u00f3n sobre seguros de hogar, asistencia legal y asistencia en viajes que pueden proteger sus pertenencias personales. Por \u00faltimo, considere un seguro de cancelaci\u00f3n de viaje, por si acaso. Algunas estructuras, como las garant\u00edas de Chapka o la asistencia de Mondial (ahora viajes de Allianz), ofrecen paquetes de ofertas. Comun\u00edquese con ellos o p\u00eddale a un corredor de seguros que lo ayude en sus esfuerzos. Es mejor ser asesorado antes de comenzar una pasant\u00eda en el extranjero, por ejemplo, o un semestre de estudio.<\/p>\n\n<p>No dudes en investigar en Internet si tu viaje alrededor del mundo no implica pasar por Estados Unidos. \u00a1Cada pa\u00eds tiene sus propias especificidades en t\u00e9rminos de seguro de accidentes, costos de transporte o seguro de expatriado!<\/p>\n","protected":false},"excerpt":{"rendered":"<p>Un viaje al extranjero, y m\u00e1s particularmente a los Estados Unidos, nunca debe tomarse a la ligera, especialmente cuando se trata de elegir un buen seguro m\u00e9dico. El costo de la atenci\u00f3n m\u00e9dica puede aumentar r\u00e1pidamente y el reembolso de los gastos var\u00eda mucho seg\u00fan su compa\u00f1\u00eda de seguros u organizaci\u00f3n mutua de salud. No [&hellip;]<\/p>\n","protected":false},"author":1,"featured_media":0,"parent":0,"menu_order":0,"comment_status":"closed","ping_status":"closed","template":"","meta":{"site-sidebar-layout":"default","site-content-layout":"default","ast-site-content-layout":"default","site-content-style":"default","site-sidebar-style":"default","ast-global-header-display":"","ast-banner-title-visibility":"","ast-main-header-display":"","ast-hfb-above-header-display":"","ast-hfb-below-header-display":"","ast-hfb-mobile-header-display":"","site-post-title":"","ast-breadcrumbs-content":"","ast-featured-img":"","footer-sml-layout":"","ast-disable-related-posts":"","theme-transparent-header-meta":"default","adv-header-id-meta":"","stick-header-meta":"default","header-above-stick-meta":"","header-main-stick-meta":"","header-below-stick-meta":"","astra-migrate-meta-layouts":"default","ast-page-background-enabled":"default","ast-page-background-meta":{"desktop":{"background-color":"","background-image":"","background-repeat":"repeat","background-position":"center center","background-size":"auto","background-attachment":"scroll","background-type":"","background-media":"","overlay-type":"","overlay-color":"","overlay-opacity":"","overlay-gradient":""},"tablet":{"background-color":"","background-image":"","background-repeat":"repeat","background-position":"center center","background-size":"auto","background-attachment":"scroll","background-type":"","background-media":"","overlay-type":"","overlay-color":"","overlay-opacity":"","overlay-gradient":""},"mobile":{"background-color":"","background-image":"","background-repeat":"repeat","background-position":"center center","background-size":"auto","background-attachment":"scroll","background-type":"","background-media":"","overlay-type":"","overlay-color":"","overlay-opacity":"","overlay-gradient":""}},"ast-content-background-meta":{"desktop":{"background-color":"var(--ast-global-color-5)","background-image":"","background-repeat":"repeat","background-position":"center center","background-size":"auto","background-attachment":"scroll","background-type":"","background-media":"","overlay-type":"","overlay-color":"","overlay-opacity":"","overlay-gradient":""},"tablet":{"background-color":"var(--ast-global-color-5)","background-image":"","background-repeat":"repeat","background-position":"center center","background-size":"auto","background-attachment":"scroll","background-type":"","background-media":"","overlay-type":"","overlay-color":"","overlay-opacity":"","overlay-gradient":""},"mobile":{"background-color":"var(--ast-global-color-5)","background-image":"","background-repeat":"repeat","background-position":"center center","background-size":"auto","background-attachment":"scroll","background-type":"","background-media":"","overlay-type":"","overlay-color":"","overlay-opacity":"","overlay-gradient":""}},"footnotes":""},"class_list":["post-1501","page","type-page","status-publish","hentry"],"yoast_head":"<!-- This site is optimized with the Yoast SEO plugin v27.1.1 - https:\/\/yoast.com\/product\/yoast-seo-wordpress\/ -->\n<title>Considere su seguro m\u00e9dico para su viaje a EE. UU.<\/title>\n<meta name=\"description\" content=\"Para prepararse bien para su salida hacia los Estados Unidos, la soluci\u00f3n para un viaje sereno es contratar un seguro m\u00e9dico antes del viaje.\" \/>\n<meta name=\"robots\" content=\"index, follow, max-snippet:-1, max-image-preview:large, max-video-preview:-1\" \/>\n<link rel=\"canonical\" href=\"https:\/\/123-esta.com\/es\/seguro-de-salud-para-un-viaje-a-los-estados-unidos\/\" \/>\n<meta property=\"og:locale\" content=\"es_ES\" \/>\n<meta property=\"og:type\" content=\"article\" \/>\n<meta property=\"og:title\" content=\"Considere su seguro m\u00e9dico para su viaje a EE. UU.\" \/>\n<meta property=\"og:description\" content=\"Para prepararse bien para su salida hacia los Estados Unidos, la soluci\u00f3n para un viaje sereno es contratar un seguro m\u00e9dico antes del viaje.\" \/>\n<meta property=\"og:url\" content=\"https:\/\/123-esta.com\/es\/seguro-de-salud-para-un-viaje-a-los-estados-unidos\/\" \/>\n<meta property=\"og:site_name\" content=\"Formulaire ESTA pour les USA\" \/>\n<meta property=\"article:modified_time\" content=\"2022-08-23T20:05:23+00:00\" \/>\n<meta name=\"twitter:card\" content=\"summary_large_image\" \/>\n<meta name=\"twitter:label1\" content=\"Tiempo de lectura\" \/>\n\t<meta name=\"twitter:data1\" content=\"4 minutos\" \/>\n<script type=\"application\/ld+json\" class=\"yoast-schema-graph\">{\"@context\":\"https:\/\/schema.org\",\"@graph\":[{\"@type\":\"WebPage\",\"@id\":\"https:\/\/123-esta.com\/es\/seguro-de-salud-para-un-viaje-a-los-estados-unidos\/\",\"url\":\"https:\/\/123-esta.com\/es\/seguro-de-salud-para-un-viaje-a-los-estados-unidos\/\",\"name\":\"Considere su seguro m\u00e9dico para su viaje a EE. UU.\",\"isPartOf\":{\"@id\":\"https:\/\/123-esta.com\/es\/#website\"},\"datePublished\":\"2021-12-21T16:21:12+00:00\",\"dateModified\":\"2022-08-23T20:05:23+00:00\",\"description\":\"Para prepararse bien para su salida hacia los Estados Unidos, la soluci\u00f3n para un viaje sereno es contratar un seguro m\u00e9dico antes del viaje.\",\"inLanguage\":\"es\",\"potentialAction\":[{\"@type\":\"ReadAction\",\"target\":[\"https:\/\/123-esta.com\/es\/seguro-de-salud-para-un-viaje-a-los-estados-unidos\/\"]}]},{\"@type\":\"WebSite\",\"@id\":\"https:\/\/123-esta.com\/es\/#website\",\"url\":\"https:\/\/123-esta.com\/es\/\",\"name\":\"Formulaire ESTA pour les USA\",\"description\":\"\",\"publisher\":{\"@id\":\"https:\/\/123-esta.com\/es\/#organization\"},\"potentialAction\":[{\"@type\":\"SearchAction\",\"target\":{\"@type\":\"EntryPoint\",\"urlTemplate\":\"https:\/\/123-esta.com\/es\/?s={search_term_string}\"},\"query-input\":{\"@type\":\"PropertyValueSpecification\",\"valueRequired\":true,\"valueName\":\"search_term_string\"}}],\"inLanguage\":\"es\"},{\"@type\":\"Organization\",\"@id\":\"https:\/\/123-esta.com\/es\/#organization\",\"name\":\"Formulaire ESTA pour les USA\",\"url\":\"https:\/\/123-esta.com\/es\/\",\"logo\":{\"@type\":\"ImageObject\",\"inLanguage\":\"es\",\"@id\":\"https:\/\/123-esta.com\/es\/#\/schema\/logo\/image\/\",\"url\":\"https:\/\/123-esta.com\/wp-content\/uploads\/2018\/03\/logo-123-esta.png\",\"contentUrl\":\"https:\/\/123-esta.com\/wp-content\/uploads\/2018\/03\/logo-123-esta.png\",\"width\":191,\"height\":54,\"caption\":\"Formulaire ESTA pour les USA\"},\"image\":{\"@id\":\"https:\/\/123-esta.com\/es\/#\/schema\/logo\/image\/\"}}]}<\/script>\n<!-- \/ Yoast SEO plugin. -->","yoast_head_json":{"title":"Considere su seguro m\u00e9dico para su viaje a EE. UU.","description":"Para prepararse bien para su salida hacia los Estados Unidos, la soluci\u00f3n para un viaje sereno es contratar un seguro m\u00e9dico antes del viaje.","robots":{"index":"index","follow":"follow","max-snippet":"max-snippet:-1","max-image-preview":"max-image-preview:large","max-video-preview":"max-video-preview:-1"},"canonical":"https:\/\/123-esta.com\/es\/seguro-de-salud-para-un-viaje-a-los-estados-unidos\/","og_locale":"es_ES","og_type":"article","og_title":"Considere su seguro m\u00e9dico para su viaje a EE. UU.","og_description":"Para prepararse bien para su salida hacia los Estados Unidos, la soluci\u00f3n para un viaje sereno es contratar un seguro m\u00e9dico antes del viaje.","og_url":"https:\/\/123-esta.com\/es\/seguro-de-salud-para-un-viaje-a-los-estados-unidos\/","og_site_name":"Formulaire ESTA pour les USA","article_modified_time":"2022-08-23T20:05:23+00:00","twitter_card":"summary_large_image","twitter_misc":{"Tiempo de lectura":"4 minutos"},"schema":{"@context":"https:\/\/schema.org","@graph":[{"@type":"WebPage","@id":"https:\/\/123-esta.com\/es\/seguro-de-salud-para-un-viaje-a-los-estados-unidos\/","url":"https:\/\/123-esta.com\/es\/seguro-de-salud-para-un-viaje-a-los-estados-unidos\/","name":"Considere su seguro m\u00e9dico para su viaje a EE. UU.","isPartOf":{"@id":"https:\/\/123-esta.com\/es\/#website"},"datePublished":"2021-12-21T16:21:12+00:00","dateModified":"2022-08-23T20:05:23+00:00","description":"Para prepararse bien para su salida hacia los Estados Unidos, la soluci\u00f3n para un viaje sereno es contratar un seguro m\u00e9dico antes del viaje.","inLanguage":"es","potentialAction":[{"@type":"ReadAction","target":["https:\/\/123-esta.com\/es\/seguro-de-salud-para-un-viaje-a-los-estados-unidos\/"]}]},{"@type":"WebSite","@id":"https:\/\/123-esta.com\/es\/#website","url":"https:\/\/123-esta.com\/es\/","name":"Formulaire ESTA pour les USA","description":"","publisher":{"@id":"https:\/\/123-esta.com\/es\/#organization"},"potentialAction":[{"@type":"SearchAction","target":{"@type":"EntryPoint","urlTemplate":"https:\/\/123-esta.com\/es\/?s={search_term_string}"},"query-input":{"@type":"PropertyValueSpecification","valueRequired":true,"valueName":"search_term_string"}}],"inLanguage":"es"},{"@type":"Organization","@id":"https:\/\/123-esta.com\/es\/#organization","name":"Formulaire ESTA pour les USA","url":"https:\/\/123-esta.com\/es\/","logo":{"@type":"ImageObject","inLanguage":"es","@id":"https:\/\/123-esta.com\/es\/#\/schema\/logo\/image\/","url":"https:\/\/123-esta.com\/wp-content\/uploads\/2018\/03\/logo-123-esta.png","contentUrl":"https:\/\/123-esta.com\/wp-content\/uploads\/2018\/03\/logo-123-esta.png","width":191,"height":54,"caption":"Formulaire ESTA pour les USA"},"image":{"@id":"https:\/\/123-esta.com\/es\/#\/schema\/logo\/image\/"}}]}},"_links":{"self":[{"href":"https:\/\/123-esta.com\/es\/wp-json\/wp\/v2\/pages\/1501","targetHints":{"allow":["GET"]}}],"collection":[{"href":"https:\/\/123-esta.com\/es\/wp-json\/wp\/v2\/pages"}],"about":[{"href":"https:\/\/123-esta.com\/es\/wp-json\/wp\/v2\/types\/page"}],"author":[{"embeddable":true,"href":"https:\/\/123-esta.com\/es\/wp-json\/wp\/v2\/users\/1"}],"replies":[{"embeddable":true,"href":"https:\/\/123-esta.com\/es\/wp-json\/wp\/v2\/comments?post=1501"}],"version-history":[{"count":0,"href":"https:\/\/123-esta.com\/es\/wp-json\/wp\/v2\/pages\/1501\/revisions"}],"wp:attachment":[{"href":"https:\/\/123-esta.com\/es\/wp-json\/wp\/v2\/media?parent=1501"}],"curies":[{"name":"wp","href":"https:\/\/api.w.org\/{rel}","templated":true}]}}