{"id":1495,"date":"2021-12-21T17:07:40","date_gmt":"2021-12-21T16:07:40","guid":{"rendered":"https:\/\/123-esta.com\/por-que-solicitar-esta-para-ee-uu\/"},"modified":"2022-09-01T23:01:16","modified_gmt":"2022-09-01T21:01:16","slug":"por-que-aplicar-esta-para-los-eeuu","status":"publish","type":"page","link":"https:\/\/123-esta.com\/es\/por-que-aplicar-esta-para-los-eeuu\/","title":{"rendered":"\u00bfPor qu\u00e9 solicitar ESTA para EE. UU.?"},"content":{"rendered":"\n<p>La solicitud ESTA es obligatoria desde enero de 2009 para los viajeros que planean viajar a los Estados Unidos por menos de 90 d\u00edas. Sin embargo, la <a href=\"https:\/\/123-esta.com\/es\/esta-oficial\/\">ESTA oficial<\/a> no est\u00e1 al alcance de todos, ya que requiere varias condiciones necesarias para su adquisici\u00f3n.<\/p>\n\n<p>Es precisamente en este art\u00edculo donde discutiremos los diferentes motivos y la necesidad de una solicitud de autorizaci\u00f3n de viaje.<\/p>\n\n<h2 class=\"wp-block-heading\">\u00bfEn qu\u00e9 consiste la solicitud de autorizaci\u00f3n de viaje?<\/h2>\n\n<p>El Departamento de Seguridad Nacional de los Estados Unidos (Departamento de Seguridad) ha establecido el <a href=\"https:\/\/123-esta.com\/es\/pais-visa-waiver-program\/\">Programa de Exenci\u00f3n de Visa<\/a> (VWP) para examinar las solicitudes de entrada a los Estados Unidos y fortalecer las medidas de seguridad. El Programa de Exenci\u00f3n de Visado (VWP) ha sido firmado por 40 pa\u00edses y permite a los nacionales de los pa\u00edses miembros del VWP viajar a Estados Unidos utilizando la solicitud ESTA. Consulte nuestra p\u00e1gina con la <a href=\"https:\/\/123-esta.com\/es\/pais-visa-waiver-program\/\">lista de pa\u00edses del VWP<\/a>.<\/p>\n\n<p>Al completar la solicitud ESTA, las autoridades estadounidenses podr\u00e1n identificar a los viajeros en riesgo m\u00e1s f\u00e1cilmente, gracias a la informaci\u00f3n de identidad proporcionada por el solicitante. Para asegurarse de obtener la solicitud ESTA, debe asegurarse de cumplir con todos los criterios requeridos.<\/p>\n\n<p>Gracias al <a href=\"https:\/\/123-esta.com\/es\/formulario-en-linea-esta\/\">formulario en l\u00ednea<\/a> , la ESTA oficial se puede aplicar r\u00e1pidamente (a diferencia de la visa estadounidense). Para realizar la <a href=\"https:\/\/123-esta.com\/es\/todo-conocimiento-sobre-la-solicitud-para-destacar-en-linea-para-mudarse-a-usa\/\">solicitud en l\u00ednea<\/a>, puede ir al sitio web del gobierno de EE. UU. O al sitio web privado de nuestro socio que le ofrece un servicio.<\/p>\n\n<p>Nota: no lo hagas a \u00faltima hora, aunque se obtenga la ESTA para el 99% de los solicitantes, tu expediente puede requerir m\u00e1s tiempo a solicitud de las autoridades estadounidenses.<\/p>\n\n<h2 class=\"wp-block-heading\">\u00bfMe afecta la aplicaci\u00f3n ESTA?<\/h2>\n\n<p>Hemos mencionado el primer criterio a respetar: ser nacional de uno de los pa\u00edses afectados por el VWP.<\/p>\n\n<p>Sin embargo, esta est\u00e1 lejos de ser la \u00fanica condici\u00f3n para obtener una autorizaci\u00f3n ESTA. Para poner las probabilidades de su lado, aqu\u00ed est\u00e1n los diferentes puntos a tener en cuenta.<\/p>\n\n<h3 class=\"wp-block-heading\">Viajar por una de tus 3 razones<\/h3>\n\n<ul class=\"wp-block-list\"><li>Turista: desea realizar un viaje tur\u00edstico a los Estados Unidos por un viaje por carretera, un viaje a Nueva York u otro motivo de viaje;<\/li><li>Tr\u00e1nsito: pasa por los EE. UU. Justo el momento para hacer una escala;<\/li><li>Profesional: formaci\u00f3n, reuniones, etc. La raz\u00f3n profesional no debe tener car\u00e1cter comercial. Si desea crear una empresa, deber\u00e1 solicitar una visa de EE. UU.<\/li><\/ul>\n\n<h3 class=\"wp-block-heading\">Dejar por 90 d\u00edas (o menos)<\/h3>\n\n<p>Se autoriza una solicitud ESTA para una estancia corta, es decir, un m\u00e1ximo de 90 d\u00edas (3 meses). La ESTA tiene una validez de 2 a\u00f1os, pero no podr\u00e1 realizar viajes de m\u00e1s de 90 d\u00edas consecutivos.<\/p>\n\n<h3 class=\"wp-block-heading\">Ten tus documentos actualizados<\/h3>\n\n<h4 class=\"wp-block-heading\">Pasaporte biom\u00e9trico o electr\u00f3nico<\/h4>\n\n<p>Seguramente el documento imprescindible para tu solicitud de autorizaci\u00f3n para viajar a EE. UU., El <a href=\"https:\/\/123-esta.com\/es\/esta-eeuu-pasaporte\/\">pasaporte electr\u00f3nico o biom\u00e9trico<\/a> se utilizar\u00e1 para rellenar tu formulario ESTA, pero tambi\u00e9n estar\u00e1 directamente vinculado a tu formulario ESTA gracias al n\u00famero de pasaporte v\u00e1lido.<\/p>\n\n<p>En resumen, las autoridades solicitan un pasaporte biom\u00e9trico o electr\u00f3nico para poder vincular digitalmente (con sus sistemas electr\u00f3nicos) su ESTA y su pasaporte. Por lo tanto, cuando se aprueba su solicitud ESTA, no es necesario imprimirla, ya que los funcionarios de aduanas la leer\u00e1n en su pasaporte.<\/p>\n\n<h4 class=\"wp-block-heading\">Autorizaci\u00f3n ESTA<\/h4>\n\n<p>Tenga en cuenta que la autorizaci\u00f3n ESTA es v\u00e1lida por 2 a\u00f1os a partir del d\u00eda en que se recibe. Si su pasaporte caduca durante los dos a\u00f1os, deber\u00e1 renovar su pasaporte y solicitar un nuevo ESTA.<\/p>\n\n<h4 class=\"wp-block-heading\">Boletos de avi\u00f3n<\/h4>\n\n<p>S\u00ed, parece l\u00f3gico tener boletos de avi\u00f3n, pero para Estados Unidos es obligatorio pasar por una aerol\u00ednea o compa\u00f1\u00eda naviera reconocida por el pa\u00eds. Adem\u00e1s, no espere a estar all\u00ed para llevarse su billete de vuelta a Francia (o su pa\u00eds de origen). Si el agente de seguridad observa, a su llegada, que no tiene boleto de regreso, puede negarle el acceso a territorio estadounidense, creyendo que su motivo de viaje es inmigrar ilegalmente a suelo estadounidense.<\/p>\n\n<p>Nota: incluso si tiene su autorizaci\u00f3n de viaje ESTA (y un boleto de regreso), la aduana de EE. UU. Tiene derecho a denegarle el acceso. Un ESTA es una autorizaci\u00f3n para viajar a los Estados Unidos (por aire o mar), pero no es una autorizaci\u00f3n para ingresar al pa\u00eds.<\/p>\n\n<h2 class=\"wp-block-heading\">\u00bfO por visa?<\/h2>\n\n<p>Una ESTA no es una visa. Los dos documentos son bastante distintos entre s\u00ed, porque ESTA permite que los viajeros est\u00e9n exentos de una visa para su estad\u00eda temporal. Hay muchos tipos de visa: visa de trabajo, de pr\u00e1cticas, de estudiar en una universidad, de abrir una empresa, etc. Se sabe que una solicitud de visa es m\u00e1s costosa y m\u00e1s larga que una <span style=\"font-weight: 400;\">solicitud ESTA.<\/span><\/p>\n\n<p>Las personas afectadas por la obtenci\u00f3n de una visa son aquellas que han recibido:<\/p>\n\n<h3 class=\"wp-block-heading\">Una ESTA rechazada<\/h3>\n\n<p>Despu\u00e9s de completar el formulario en l\u00ednea, tomar\u00e1 un m\u00e1ximo de 72 horas para que su solicitud sea respondida y podr\u00e1 obtener 3 respuestas diferentes: la solicitud aprobada, la <a href=\"https:\/\/123-esta.com\/es\/que-hacer-si-solicitas-esta-esperando\/\">solicitud pendiente<\/a> o la solicitud denegada. Para el \u00faltimo caso, dos elementos pueden ser la causa: los errores de copia en la informaci\u00f3n de su identidad o el incumplimiento de los criterios de obtenci\u00f3n. Para evitar errores de copia, aseg\u00farese de tomarse su tiempo y tener su pasaporte o contratar a un proveedor privado.<\/p>\n\n<p>Si no cumple con los criterios para obtener la solicitud ESTA, deber\u00e1 solicitar una visa en los servicios consulares de la Embajada de los Estados Unidos (o el Consulado General). Tambi\u00e9n es posible solicitar la tarjeta verde si desea convertirse en residente permanente. Al igual que con la visa, deber\u00e1 comunicarse con la Embajada de los Estados Unidos.<\/p>\n","protected":false},"excerpt":{"rendered":"<p>La solicitud ESTA es obligatoria desde enero de 2009 para los viajeros que planean viajar a los Estados Unidos por menos de 90 d\u00edas. Sin embargo, la ESTA oficial no est\u00e1 al alcance de todos, ya que requiere varias condiciones necesarias para su adquisici\u00f3n. Es precisamente en este art\u00edculo donde discutiremos los diferentes motivos y [&hellip;]<\/p>\n","protected":false},"author":1,"featured_media":0,"parent":0,"menu_order":0,"comment_status":"closed","ping_status":"closed","template":"","meta":{"site-sidebar-layout":"default","site-content-layout":"default","ast-site-content-layout":"default","site-content-style":"default","site-sidebar-style":"default","ast-global-header-display":"","ast-banner-title-visibility":"","ast-main-header-display":"","ast-hfb-above-header-display":"","ast-hfb-below-header-display":"","ast-hfb-mobile-header-display":"","site-post-title":"","ast-breadcrumbs-content":"","ast-featured-img":"","footer-sml-layout":"","ast-disable-related-posts":"","theme-transparent-header-meta":"default","adv-header-id-meta":"","stick-header-meta":"default","header-above-stick-meta":"","header-main-stick-meta":"","header-below-stick-meta":"","astra-migrate-meta-layouts":"default","ast-page-background-enabled":"default","ast-page-background-meta":{"desktop":{"background-color":"","background-image":"","background-repeat":"repeat","background-position":"center center","background-size":"auto","background-attachment":"scroll","background-type":"","background-media":"","overlay-type":"","overlay-color":"","overlay-opacity":"","overlay-gradient":""},"tablet":{"background-color":"","background-image":"","background-repeat":"repeat","background-position":"center center","background-size":"auto","background-attachment":"scroll","background-type":"","background-media":"","overlay-type":"","overlay-color":"","overlay-opacity":"","overlay-gradient":""},"mobile":{"background-color":"","background-image":"","background-repeat":"repeat","background-position":"center center","background-size":"auto","background-attachment":"scroll","background-type":"","background-media":"","overlay-type":"","overlay-color":"","overlay-opacity":"","overlay-gradient":""}},"ast-content-background-meta":{"desktop":{"background-color":"var(--ast-global-color-5)","background-image":"","background-repeat":"repeat","background-position":"center center","background-size":"auto","background-attachment":"scroll","background-type":"","background-media":"","overlay-type":"","overlay-color":"","overlay-opacity":"","overlay-gradient":""},"tablet":{"background-color":"var(--ast-global-color-5)","background-image":"","background-repeat":"repeat","background-position":"center center","background-size":"auto","background-attachment":"scroll","background-type":"","background-media":"","overlay-type":"","overlay-color":"","overlay-opacity":"","overlay-gradient":""},"mobile":{"background-color":"var(--ast-global-color-5)","background-image":"","background-repeat":"repeat","background-position":"center center","background-size":"auto","background-attachment":"scroll","background-type":"","background-media":"","overlay-type":"","overlay-color":"","overlay-opacity":"","overlay-gradient":""}},"footnotes":""},"class_list":["post-1495","page","type-page","status-publish","hentry"],"yoast_head":"<!-- This site is optimized with the Yoast SEO plugin v27.1.1 - https:\/\/yoast.com\/product\/yoast-seo-wordpress\/ -->\n<title>\u00bfPor qu\u00e9 solicitar ESTA para los Estados Unidos?<\/title>\n<meta name=\"description\" content=\"La solicitud del ESTA es una autorizaci\u00f3n para viajar a Estados Unidos. Todas las respuestas a sus preguntas sobre la solicitud de un permiso.\" \/>\n<meta name=\"robots\" content=\"index, follow, max-snippet:-1, max-image-preview:large, max-video-preview:-1\" \/>\n<link rel=\"canonical\" href=\"https:\/\/123-esta.com\/es\/por-que-aplicar-esta-para-los-eeuu\/\" \/>\n<meta property=\"og:locale\" content=\"es_ES\" \/>\n<meta property=\"og:type\" content=\"article\" \/>\n<meta property=\"og:title\" content=\"\u00bfPor qu\u00e9 solicitar ESTA para los Estados Unidos?\" \/>\n<meta property=\"og:description\" content=\"La solicitud del ESTA es una autorizaci\u00f3n para viajar a Estados Unidos. Todas las respuestas a sus preguntas sobre la solicitud de un permiso.\" \/>\n<meta property=\"og:url\" content=\"https:\/\/123-esta.com\/es\/por-que-aplicar-esta-para-los-eeuu\/\" \/>\n<meta property=\"og:site_name\" content=\"Formulaire ESTA pour les USA\" \/>\n<meta property=\"article:modified_time\" content=\"2022-09-01T21:01:16+00:00\" \/>\n<meta name=\"twitter:card\" content=\"summary_large_image\" \/>\n<meta name=\"twitter:label1\" content=\"Tiempo de lectura\" \/>\n\t<meta name=\"twitter:data1\" content=\"5 minutos\" \/>\n<script type=\"application\/ld+json\" class=\"yoast-schema-graph\">{\"@context\":\"https:\/\/schema.org\",\"@graph\":[{\"@type\":\"WebPage\",\"@id\":\"https:\/\/123-esta.com\/es\/por-que-aplicar-esta-para-los-eeuu\/\",\"url\":\"https:\/\/123-esta.com\/es\/por-que-aplicar-esta-para-los-eeuu\/\",\"name\":\"\u00bfPor qu\u00e9 solicitar ESTA para los Estados Unidos?\",\"isPartOf\":{\"@id\":\"https:\/\/123-esta.com\/es\/#website\"},\"datePublished\":\"2021-12-21T16:07:40+00:00\",\"dateModified\":\"2022-09-01T21:01:16+00:00\",\"description\":\"La solicitud del ESTA es una autorizaci\u00f3n para viajar a Estados Unidos. Todas las respuestas a sus preguntas sobre la solicitud de un permiso.\",\"inLanguage\":\"es\",\"potentialAction\":[{\"@type\":\"ReadAction\",\"target\":[\"https:\/\/123-esta.com\/es\/por-que-aplicar-esta-para-los-eeuu\/\"]}]},{\"@type\":\"WebSite\",\"@id\":\"https:\/\/123-esta.com\/es\/#website\",\"url\":\"https:\/\/123-esta.com\/es\/\",\"name\":\"Formulaire ESTA pour les USA\",\"description\":\"\",\"publisher\":{\"@id\":\"https:\/\/123-esta.com\/es\/#organization\"},\"potentialAction\":[{\"@type\":\"SearchAction\",\"target\":{\"@type\":\"EntryPoint\",\"urlTemplate\":\"https:\/\/123-esta.com\/es\/?s={search_term_string}\"},\"query-input\":{\"@type\":\"PropertyValueSpecification\",\"valueRequired\":true,\"valueName\":\"search_term_string\"}}],\"inLanguage\":\"es\"},{\"@type\":\"Organization\",\"@id\":\"https:\/\/123-esta.com\/es\/#organization\",\"name\":\"Formulaire ESTA pour les USA\",\"url\":\"https:\/\/123-esta.com\/es\/\",\"logo\":{\"@type\":\"ImageObject\",\"inLanguage\":\"es\",\"@id\":\"https:\/\/123-esta.com\/es\/#\/schema\/logo\/image\/\",\"url\":\"https:\/\/123-esta.com\/wp-content\/uploads\/2018\/03\/logo-123-esta.png\",\"contentUrl\":\"https:\/\/123-esta.com\/wp-content\/uploads\/2018\/03\/logo-123-esta.png\",\"width\":191,\"height\":54,\"caption\":\"Formulaire ESTA pour les USA\"},\"image\":{\"@id\":\"https:\/\/123-esta.com\/es\/#\/schema\/logo\/image\/\"}}]}<\/script>\n<!-- \/ Yoast SEO plugin. -->","yoast_head_json":{"title":"\u00bfPor qu\u00e9 solicitar ESTA para los Estados Unidos?","description":"La solicitud del ESTA es una autorizaci\u00f3n para viajar a Estados Unidos. Todas las respuestas a sus preguntas sobre la solicitud de un permiso.","robots":{"index":"index","follow":"follow","max-snippet":"max-snippet:-1","max-image-preview":"max-image-preview:large","max-video-preview":"max-video-preview:-1"},"canonical":"https:\/\/123-esta.com\/es\/por-que-aplicar-esta-para-los-eeuu\/","og_locale":"es_ES","og_type":"article","og_title":"\u00bfPor qu\u00e9 solicitar ESTA para los Estados Unidos?","og_description":"La solicitud del ESTA es una autorizaci\u00f3n para viajar a Estados Unidos. Todas las respuestas a sus preguntas sobre la solicitud de un permiso.","og_url":"https:\/\/123-esta.com\/es\/por-que-aplicar-esta-para-los-eeuu\/","og_site_name":"Formulaire ESTA pour les USA","article_modified_time":"2022-09-01T21:01:16+00:00","twitter_card":"summary_large_image","twitter_misc":{"Tiempo de lectura":"5 minutos"},"schema":{"@context":"https:\/\/schema.org","@graph":[{"@type":"WebPage","@id":"https:\/\/123-esta.com\/es\/por-que-aplicar-esta-para-los-eeuu\/","url":"https:\/\/123-esta.com\/es\/por-que-aplicar-esta-para-los-eeuu\/","name":"\u00bfPor qu\u00e9 solicitar ESTA para los Estados Unidos?","isPartOf":{"@id":"https:\/\/123-esta.com\/es\/#website"},"datePublished":"2021-12-21T16:07:40+00:00","dateModified":"2022-09-01T21:01:16+00:00","description":"La solicitud del ESTA es una autorizaci\u00f3n para viajar a Estados Unidos. Todas las respuestas a sus preguntas sobre la solicitud de un permiso.","inLanguage":"es","potentialAction":[{"@type":"ReadAction","target":["https:\/\/123-esta.com\/es\/por-que-aplicar-esta-para-los-eeuu\/"]}]},{"@type":"WebSite","@id":"https:\/\/123-esta.com\/es\/#website","url":"https:\/\/123-esta.com\/es\/","name":"Formulaire ESTA pour les USA","description":"","publisher":{"@id":"https:\/\/123-esta.com\/es\/#organization"},"potentialAction":[{"@type":"SearchAction","target":{"@type":"EntryPoint","urlTemplate":"https:\/\/123-esta.com\/es\/?s={search_term_string}"},"query-input":{"@type":"PropertyValueSpecification","valueRequired":true,"valueName":"search_term_string"}}],"inLanguage":"es"},{"@type":"Organization","@id":"https:\/\/123-esta.com\/es\/#organization","name":"Formulaire ESTA pour les USA","url":"https:\/\/123-esta.com\/es\/","logo":{"@type":"ImageObject","inLanguage":"es","@id":"https:\/\/123-esta.com\/es\/#\/schema\/logo\/image\/","url":"https:\/\/123-esta.com\/wp-content\/uploads\/2018\/03\/logo-123-esta.png","contentUrl":"https:\/\/123-esta.com\/wp-content\/uploads\/2018\/03\/logo-123-esta.png","width":191,"height":54,"caption":"Formulaire ESTA pour les USA"},"image":{"@id":"https:\/\/123-esta.com\/es\/#\/schema\/logo\/image\/"}}]}},"_links":{"self":[{"href":"https:\/\/123-esta.com\/es\/wp-json\/wp\/v2\/pages\/1495","targetHints":{"allow":["GET"]}}],"collection":[{"href":"https:\/\/123-esta.com\/es\/wp-json\/wp\/v2\/pages"}],"about":[{"href":"https:\/\/123-esta.com\/es\/wp-json\/wp\/v2\/types\/page"}],"author":[{"embeddable":true,"href":"https:\/\/123-esta.com\/es\/wp-json\/wp\/v2\/users\/1"}],"replies":[{"embeddable":true,"href":"https:\/\/123-esta.com\/es\/wp-json\/wp\/v2\/comments?post=1495"}],"version-history":[{"count":0,"href":"https:\/\/123-esta.com\/es\/wp-json\/wp\/v2\/pages\/1495\/revisions"}],"wp:attachment":[{"href":"https:\/\/123-esta.com\/es\/wp-json\/wp\/v2\/media?parent=1495"}],"curies":[{"name":"wp","href":"https:\/\/api.w.org\/{rel}","templated":true}]}}