{"id":1491,"date":"2021-12-21T17:07:26","date_gmt":"2021-12-21T16:07:26","guid":{"rendered":"https:\/\/123-esta.com\/embarcate-en-una-aventura-en-el-noreste-de-los-estados-unidos\/"},"modified":"2022-09-01T23:12:47","modified_gmt":"2022-09-01T21:12:47","slug":"que-hacer-en-el-noreste-de-los-estados-unidos","status":"publish","type":"page","link":"https:\/\/123-esta.com\/es\/que-hacer-en-el-noreste-de-los-estados-unidos\/","title":{"rendered":"Emb\u00e1rcate en una aventura en el noreste de los Estados Unidos."},"content":{"rendered":"\n<p>Descubra las <a href=\"https:\/\/123-esta.com\/es\/ciudades-y-regiones-para-visitar-los-estados-unidos\/\">principales ciudades y regiones de los Estados Unidos<\/a> comenzando su viaje en el noreste de los Estados Unidos. Estos territorios son muy aptos para un viaje por carretera en coche adem\u00e1s de ofrecer una experiencia inolvidable para los viajeros. Con sus atractivos pueblecitos t\u00edpicos de Nueva Inglaterra, sus bosques que cambian de color y forma con las estaciones, su costa escarpada y largas playas naturales, hay algo para todos.<\/p>\n\n<h2 class=\"wp-block-heading\">Chicago o \u00abla antigua capital del crimen\u00bb<\/h2>\n\n<p>Aunque <a href=\"https:\/\/123-esta.com\/es\/que-ver-y-hacer-en-chicago\/\">Chicago<\/a> ha logrado deshacerse de su mala reputaci\u00f3n que se remonta a la era de la prohibici\u00f3n, no obstante es la ciudad donde el famoso Al Capone se hizo famoso gracias a su red de contrabando. Pero aparte de ciertos barrios que deben evitarse durante las horas m\u00e1s oscuras de la noche, \u00a1no hay que preocuparse durante sus paseos!<\/p>\n\n<p>La ciudad tambi\u00e9n es conocida por albergar una incre\u00edble cantidad de museos con m\u00e1s de 70 establecimientos diferentes que cubren casi la misma cantidad de temas: Arte, Historia, Ciencias &#8230; Chicago es tambi\u00e9n la segunda ciudad con m\u00e1s parques y espacios verdes en todo Estados Unidos, respetando as\u00ed su lema \u00abUrbs in Horto\u00bb que significa \u00abla ciudad un jard\u00edn\u00bb. Finalmente, ser\u00eda una l\u00e1stima no probar la especialidad local que es la pizza de plato hondo o el Hot Dog al estilo Chicago, que agrega un gran toque de verdor a la cl\u00e1sica comida chatarra.<\/p>\n\n<h2 class=\"wp-block-heading\">Boston, la ciudad hist\u00f3rica<\/h2>\n\n<p>Un poco m\u00e1s al norte se encuentra la capital de Massachusetts, <a href=\"https:\/\/123-esta.com\/es\/que-visitar-durante-una-estancia-en-boston\/\">Boston<\/a> . Situada junto al mar, esta ciudad atrae a curiosos aficionados a la historia. Esta metr\u00f3poli fue fundada en el siglo XVII por colonos ingleses, lo que la convierte en uno de los lugares m\u00e1s antiguos del continente. Como tal, Boston a menudo se considera la cuna hist\u00f3rica y cultural de los Estados Unidos. Hoy en d\u00eda, se ha convertido en el ejemplo perfecto de una ciudad que mezcla lo antiguo y lo nuevo. De hecho, cada calle, acera y edificio est\u00e1 impregnado de historia antigua, pero la metr\u00f3polis permanece anclada en el presente y el futuro, en particular con su puerto mar\u00edtimo, pero tambi\u00e9n con su universidad reconocida internacionalmente: Harvard. Boston es, por tanto, el destino perfecto para cualquier viajero que busque historia, cultura y conocimiento.<\/p>\n\n<h2 class=\"wp-block-heading\">Canad\u00e1, paisajes magn\u00edficos<\/h2>\n\n<p>Aunque <a href=\"https:\/\/123-esta.com\/es\/viaje-a-canada-desde-estados-unidos\/\">Canad\u00e1<\/a> es un pa\u00eds por derecho propio, sigue siendo el vecino directo de los Estados Unidos en sus fronteras al norte y ser\u00eda una pena no hacer una peque\u00f1a visita a nuestros amigos de Quebec. Para los angloparlantes, Montreal o Quebec son ciudades donde la mayor\u00eda de la poblaci\u00f3n habla franc\u00e9s con este acento particular. Por lo tanto, nos resultar\u00e1 m\u00e1s f\u00e1cil pedir una famosa poutine para combatir el fr\u00edo a veces mordaz del pa\u00eds. Canad\u00e1 tambi\u00e9n tiene paisajes impresionantes, especialmente en el Parque Nacional BANFF. Entre sus monta\u00f1as y sus nieves eternas, sus aguas termales cuyas temperaturas suben hasta los 38 \u00b0 C o sus caminatas en el Johnston Canyon salpicado de peque\u00f1as cascadas, tendr\u00e1s que dar tu tiempo al lugar para poder disfrutarlo plenamente. Y si tienes mucha suerte, podr\u00e1s presenciar las m\u00edticas auroras boreales que encienden el cielo estrellado con mil colores.<\/p>\n\n<p>Para ingresar a Canad\u00e1 por tierra, no es necesaria una solicitud de <a href=\"https:\/\/ave-eta-canada.com\/es\/\">eTA Canad\u00e1<\/a> . Por otro lado, ser\u00e1 para una entrada v\u00eda a\u00e9rea.<\/p>\n","protected":false},"excerpt":{"rendered":"<p>Descubra las principales ciudades y regiones de los Estados Unidos comenzando su viaje en el noreste de los Estados Unidos. Estos territorios son muy aptos para un viaje por carretera en coche adem\u00e1s de ofrecer una experiencia inolvidable para los viajeros. Con sus atractivos pueblecitos t\u00edpicos de Nueva Inglaterra, sus bosques que cambian de color [&hellip;]<\/p>\n","protected":false},"author":1,"featured_media":0,"parent":0,"menu_order":0,"comment_status":"closed","ping_status":"closed","template":"","meta":{"site-sidebar-layout":"default","site-content-layout":"default","ast-site-content-layout":"default","site-content-style":"default","site-sidebar-style":"default","ast-global-header-display":"","ast-banner-title-visibility":"","ast-main-header-display":"","ast-hfb-above-header-display":"","ast-hfb-below-header-display":"","ast-hfb-mobile-header-display":"","site-post-title":"","ast-breadcrumbs-content":"","ast-featured-img":"","footer-sml-layout":"","ast-disable-related-posts":"","theme-transparent-header-meta":"default","adv-header-id-meta":"","stick-header-meta":"default","header-above-stick-meta":"","header-main-stick-meta":"","header-below-stick-meta":"","astra-migrate-meta-layouts":"default","ast-page-background-enabled":"default","ast-page-background-meta":{"desktop":{"background-color":"","background-image":"","background-repeat":"repeat","background-position":"center center","background-size":"auto","background-attachment":"scroll","background-type":"","background-media":"","overlay-type":"","overlay-color":"","overlay-opacity":"","overlay-gradient":""},"tablet":{"background-color":"","background-image":"","background-repeat":"repeat","background-position":"center center","background-size":"auto","background-attachment":"scroll","background-type":"","background-media":"","overlay-type":"","overlay-color":"","overlay-opacity":"","overlay-gradient":""},"mobile":{"background-color":"","background-image":"","background-repeat":"repeat","background-position":"center center","background-size":"auto","background-attachment":"scroll","background-type":"","background-media":"","overlay-type":"","overlay-color":"","overlay-opacity":"","overlay-gradient":""}},"ast-content-background-meta":{"desktop":{"background-color":"var(--ast-global-color-5)","background-image":"","background-repeat":"repeat","background-position":"center center","background-size":"auto","background-attachment":"scroll","background-type":"","background-media":"","overlay-type":"","overlay-color":"","overlay-opacity":"","overlay-gradient":""},"tablet":{"background-color":"var(--ast-global-color-5)","background-image":"","background-repeat":"repeat","background-position":"center center","background-size":"auto","background-attachment":"scroll","background-type":"","background-media":"","overlay-type":"","overlay-color":"","overlay-opacity":"","overlay-gradient":""},"mobile":{"background-color":"var(--ast-global-color-5)","background-image":"","background-repeat":"repeat","background-position":"center center","background-size":"auto","background-attachment":"scroll","background-type":"","background-media":"","overlay-type":"","overlay-color":"","overlay-opacity":"","overlay-gradient":""}},"footnotes":""},"class_list":["post-1491","page","type-page","status-publish","hentry"],"yoast_head":"<!-- This site is optimized with the Yoast SEO plugin v27.1.1 - https:\/\/yoast.com\/product\/yoast-seo-wordpress\/ -->\n<title>\u00bfQu\u00e9 hacer en el noreste de Estados Unidos? Nuestros consejos<\/title>\n<meta name=\"description\" content=\"El noreste de los Estados Unidos es el preferido de los amantes de la cultura y la arquitectura. Los amantes de la naturaleza tambi\u00e9n encontrar\u00e1n su cuenta all\u00ed.\" \/>\n<meta name=\"robots\" content=\"index, follow, max-snippet:-1, max-image-preview:large, max-video-preview:-1\" \/>\n<link rel=\"canonical\" href=\"https:\/\/123-esta.com\/es\/que-hacer-en-el-noreste-de-los-estados-unidos\/\" \/>\n<meta property=\"og:locale\" content=\"es_ES\" \/>\n<meta property=\"og:type\" content=\"article\" \/>\n<meta property=\"og:title\" content=\"\u00bfQu\u00e9 hacer en el noreste de Estados Unidos? Nuestros consejos\" \/>\n<meta property=\"og:description\" content=\"El noreste de los Estados Unidos es el preferido de los amantes de la cultura y la arquitectura. Los amantes de la naturaleza tambi\u00e9n encontrar\u00e1n su cuenta all\u00ed.\" \/>\n<meta property=\"og:url\" content=\"https:\/\/123-esta.com\/es\/que-hacer-en-el-noreste-de-los-estados-unidos\/\" \/>\n<meta property=\"og:site_name\" content=\"Formulaire ESTA pour les USA\" \/>\n<meta property=\"article:modified_time\" content=\"2022-09-01T21:12:47+00:00\" \/>\n<meta name=\"twitter:card\" content=\"summary_large_image\" \/>\n<meta name=\"twitter:label1\" content=\"Tiempo de lectura\" \/>\n\t<meta name=\"twitter:data1\" content=\"3 minutos\" \/>\n<script type=\"application\/ld+json\" class=\"yoast-schema-graph\">{\"@context\":\"https:\/\/schema.org\",\"@graph\":[{\"@type\":\"WebPage\",\"@id\":\"https:\/\/123-esta.com\/es\/que-hacer-en-el-noreste-de-los-estados-unidos\/\",\"url\":\"https:\/\/123-esta.com\/es\/que-hacer-en-el-noreste-de-los-estados-unidos\/\",\"name\":\"\u00bfQu\u00e9 hacer en el noreste de Estados Unidos? Nuestros consejos\",\"isPartOf\":{\"@id\":\"https:\/\/123-esta.com\/es\/#website\"},\"datePublished\":\"2021-12-21T16:07:26+00:00\",\"dateModified\":\"2022-09-01T21:12:47+00:00\",\"description\":\"El noreste de los Estados Unidos es el preferido de los amantes de la cultura y la arquitectura. Los amantes de la naturaleza tambi\u00e9n encontrar\u00e1n su cuenta all\u00ed.\",\"inLanguage\":\"es\",\"potentialAction\":[{\"@type\":\"ReadAction\",\"target\":[\"https:\/\/123-esta.com\/es\/que-hacer-en-el-noreste-de-los-estados-unidos\/\"]}]},{\"@type\":\"WebSite\",\"@id\":\"https:\/\/123-esta.com\/es\/#website\",\"url\":\"https:\/\/123-esta.com\/es\/\",\"name\":\"Formulaire ESTA pour les USA\",\"description\":\"\",\"publisher\":{\"@id\":\"https:\/\/123-esta.com\/es\/#organization\"},\"potentialAction\":[{\"@type\":\"SearchAction\",\"target\":{\"@type\":\"EntryPoint\",\"urlTemplate\":\"https:\/\/123-esta.com\/es\/?s={search_term_string}\"},\"query-input\":{\"@type\":\"PropertyValueSpecification\",\"valueRequired\":true,\"valueName\":\"search_term_string\"}}],\"inLanguage\":\"es\"},{\"@type\":\"Organization\",\"@id\":\"https:\/\/123-esta.com\/es\/#organization\",\"name\":\"Formulaire ESTA pour les USA\",\"url\":\"https:\/\/123-esta.com\/es\/\",\"logo\":{\"@type\":\"ImageObject\",\"inLanguage\":\"es\",\"@id\":\"https:\/\/123-esta.com\/es\/#\/schema\/logo\/image\/\",\"url\":\"https:\/\/123-esta.com\/wp-content\/uploads\/2018\/03\/logo-123-esta.png\",\"contentUrl\":\"https:\/\/123-esta.com\/wp-content\/uploads\/2018\/03\/logo-123-esta.png\",\"width\":191,\"height\":54,\"caption\":\"Formulaire ESTA pour les USA\"},\"image\":{\"@id\":\"https:\/\/123-esta.com\/es\/#\/schema\/logo\/image\/\"}}]}<\/script>\n<!-- \/ Yoast SEO plugin. -->","yoast_head_json":{"title":"\u00bfQu\u00e9 hacer en el noreste de Estados Unidos? Nuestros consejos","description":"El noreste de los Estados Unidos es el preferido de los amantes de la cultura y la arquitectura. Los amantes de la naturaleza tambi\u00e9n encontrar\u00e1n su cuenta all\u00ed.","robots":{"index":"index","follow":"follow","max-snippet":"max-snippet:-1","max-image-preview":"max-image-preview:large","max-video-preview":"max-video-preview:-1"},"canonical":"https:\/\/123-esta.com\/es\/que-hacer-en-el-noreste-de-los-estados-unidos\/","og_locale":"es_ES","og_type":"article","og_title":"\u00bfQu\u00e9 hacer en el noreste de Estados Unidos? Nuestros consejos","og_description":"El noreste de los Estados Unidos es el preferido de los amantes de la cultura y la arquitectura. Los amantes de la naturaleza tambi\u00e9n encontrar\u00e1n su cuenta all\u00ed.","og_url":"https:\/\/123-esta.com\/es\/que-hacer-en-el-noreste-de-los-estados-unidos\/","og_site_name":"Formulaire ESTA pour les USA","article_modified_time":"2022-09-01T21:12:47+00:00","twitter_card":"summary_large_image","twitter_misc":{"Tiempo de lectura":"3 minutos"},"schema":{"@context":"https:\/\/schema.org","@graph":[{"@type":"WebPage","@id":"https:\/\/123-esta.com\/es\/que-hacer-en-el-noreste-de-los-estados-unidos\/","url":"https:\/\/123-esta.com\/es\/que-hacer-en-el-noreste-de-los-estados-unidos\/","name":"\u00bfQu\u00e9 hacer en el noreste de Estados Unidos? Nuestros consejos","isPartOf":{"@id":"https:\/\/123-esta.com\/es\/#website"},"datePublished":"2021-12-21T16:07:26+00:00","dateModified":"2022-09-01T21:12:47+00:00","description":"El noreste de los Estados Unidos es el preferido de los amantes de la cultura y la arquitectura. Los amantes de la naturaleza tambi\u00e9n encontrar\u00e1n su cuenta all\u00ed.","inLanguage":"es","potentialAction":[{"@type":"ReadAction","target":["https:\/\/123-esta.com\/es\/que-hacer-en-el-noreste-de-los-estados-unidos\/"]}]},{"@type":"WebSite","@id":"https:\/\/123-esta.com\/es\/#website","url":"https:\/\/123-esta.com\/es\/","name":"Formulaire ESTA pour les USA","description":"","publisher":{"@id":"https:\/\/123-esta.com\/es\/#organization"},"potentialAction":[{"@type":"SearchAction","target":{"@type":"EntryPoint","urlTemplate":"https:\/\/123-esta.com\/es\/?s={search_term_string}"},"query-input":{"@type":"PropertyValueSpecification","valueRequired":true,"valueName":"search_term_string"}}],"inLanguage":"es"},{"@type":"Organization","@id":"https:\/\/123-esta.com\/es\/#organization","name":"Formulaire ESTA pour les USA","url":"https:\/\/123-esta.com\/es\/","logo":{"@type":"ImageObject","inLanguage":"es","@id":"https:\/\/123-esta.com\/es\/#\/schema\/logo\/image\/","url":"https:\/\/123-esta.com\/wp-content\/uploads\/2018\/03\/logo-123-esta.png","contentUrl":"https:\/\/123-esta.com\/wp-content\/uploads\/2018\/03\/logo-123-esta.png","width":191,"height":54,"caption":"Formulaire ESTA pour les USA"},"image":{"@id":"https:\/\/123-esta.com\/es\/#\/schema\/logo\/image\/"}}]}},"_links":{"self":[{"href":"https:\/\/123-esta.com\/es\/wp-json\/wp\/v2\/pages\/1491","targetHints":{"allow":["GET"]}}],"collection":[{"href":"https:\/\/123-esta.com\/es\/wp-json\/wp\/v2\/pages"}],"about":[{"href":"https:\/\/123-esta.com\/es\/wp-json\/wp\/v2\/types\/page"}],"author":[{"embeddable":true,"href":"https:\/\/123-esta.com\/es\/wp-json\/wp\/v2\/users\/1"}],"replies":[{"embeddable":true,"href":"https:\/\/123-esta.com\/es\/wp-json\/wp\/v2\/comments?post=1491"}],"version-history":[{"count":0,"href":"https:\/\/123-esta.com\/es\/wp-json\/wp\/v2\/pages\/1491\/revisions"}],"wp:attachment":[{"href":"https:\/\/123-esta.com\/es\/wp-json\/wp\/v2\/media?parent=1491"}],"curies":[{"name":"wp","href":"https:\/\/api.w.org\/{rel}","templated":true}]}}