{"id":1486,"date":"2021-12-21T17:06:42","date_gmt":"2021-12-21T16:06:42","guid":{"rendered":"https:\/\/123-esta.com\/principales-ciudades-y-regiones-para-visitar-durante-su-viaje-a-ee-uu\/visitar-nevada-una-experiencia-absolutamente-extraordinaria\/que-ver-y-hacer-durante-su-visita-a-las-vegas\/"},"modified":"2022-09-08T20:06:44","modified_gmt":"2022-09-08T18:06:44","slug":"que-ver-y-hacer-durante-su-visita-a-las-vegas","status":"publish","type":"page","link":"https:\/\/123-esta.com\/es\/que-ver-y-hacer-durante-su-visita-a-las-vegas\/","title":{"rendered":"\u00bfQu\u00e9 ver y hacer durante su visita a Las Vegas?"},"content":{"rendered":"\n<p>Como dice el refr\u00e1n, la vida es buena en Las Vegas. Pero, \u00bfcu\u00e1ndo es el mejor momento para ir?<\/p>\n\n<p>Para responder a esta pregunta, es necesario tener una visi\u00f3n general de la ciudad de Las Vegas y sus alrededores y tener en cuenta los eventos, seminarios y fiestas que se suceden y que elevan los precios. No olvidemos un punto importante: tu resistencia o no a un calor muy importante en verano.<\/p>\n\n<h2 class=\"wp-block-heading\">El clima en Las Vegas<\/h2>\n\n<p>A pesar de su clima des\u00e9rtico, Las Vegas es una ciudad que atrae a muchos visitantes de todo el mundo. Durante todo el a\u00f1o, la temperatura es bastante variada: ronda los 37 \u00b0 C de junio a septiembre con picos de temperatura en julio y agosto (m\u00e1s de 40 \u00b0 C) pero puede bajar hasta los 13 \u00b0 C de media, de diciembre a enero.<\/p>\n\n<p>En Las Vegas, las lluvias son raras con un clima soleado la mayor parte del tiempo (300 d\u00edas soleados). En invierno, sucede que hay tormentas el\u00e9ctricas seguidas de inundaciones relativamente importantes. Quien quiera ir a Las Vegas dependiendo del clima favorecer\u00e1 la primavera y los meses de abril a junio, as\u00ed como el oto\u00f1o alrededor de septiembre y octubre.<\/p>\n\n<h2 class=\"wp-block-heading\">Los momentos de grandes multitudes<\/h2>\n\n<p>Las \u00e9pocas en que Sin City est\u00e1 m\u00e1s concurrida por turistas son durante las vacaciones escolares, pero tambi\u00e9n durante los d\u00edas festivos, manifestaciones, congresos y varios seminarios anuales alrededor de febrero y marzo. Los torneos de p\u00f3quer, que tienen lugar alrededor de junio y julio, tambi\u00e9n se encuentran entre los momentos m\u00e1s populares en Las Vegas.<\/p>\n\n<p>Consecuencia: el aumento vertiginoso de los precios de las habitaciones de hotel durante determinados per\u00edodos. Para la v\u00edspera de A\u00f1o Nuevo y la noche de Navidad, no encontrar\u00e1 habitaciones de hotel con precios inferiores a $ 600 por noche. Durante los per\u00edodos m\u00e1s tradicionales, desde agosto hasta mediados de septiembre y desde mediados de noviembre hasta mediados de diciembre, puedes encontrar habitaciones alrededor de $ 150.<\/p>\n\n<p>Independientemente, siempre hay mucha gente en Las Vegas. \u00a1Una famosa m\u00e1xima nos dice que la fiesta nunca se detiene ah\u00ed!<\/p>\n\n<h2 class=\"wp-block-heading\">El placer de visitar Las Vegas<\/h2>\n\n<p>Es posible visitar Las Vegas con su documento ESTA. De hecho, al completar su formulario de solicitud de autorizaci\u00f3n de viaje en Internet, puede viajar a los EE. UU. Sin una visa.<\/p>\n\n<p>Durante un m\u00e1ximo de 90 d\u00edas, tendr\u00e1 el placer de viajar por el desierto de <a href=\"https:\/\/123-esta.com\/es\/visitar-nevada-una-experiencia-absolutamente-extraordinaria\/\">Nevada<\/a> , nadar en una de las muchas piscinas de los hoteles de lujo, sin olvidar hacer un recorrido por una de las muchas atracciones de la ciudad desde Las Vegas.<\/p>\n\n<p>\u00a1Tampoco hay duda de que querr\u00e1 probar suerte en los diversos juegos disponibles en los numerosos casinos de la ciudad! Pero ten cuidado &#8230; consume con moderaci\u00f3n. Si bien siempre es posible tener suerte, recuerde que, a la larga, los casinos casi siempre ganan.<\/p>\n\n<p>Finalmente, si tiene ganas de celebrar su presencia en Las Vegas, puede dirigirse al bar The Mix Lounge ubicado en el techo del Delano. \u00a1Diversi\u00f3n y emoci\u00f3n garantizadas!<\/p>\n","protected":false},"excerpt":{"rendered":"<p>Como dice el refr\u00e1n, la vida es buena en Las Vegas. Pero, \u00bfcu\u00e1ndo es el mejor momento para ir? Para responder a esta pregunta, es necesario tener una visi\u00f3n general de la ciudad de Las Vegas y sus alrededores y tener en cuenta los eventos, seminarios y fiestas que se suceden y que elevan los [&hellip;]<\/p>\n","protected":false},"author":1,"featured_media":0,"parent":0,"menu_order":0,"comment_status":"closed","ping_status":"closed","template":"","meta":{"site-sidebar-layout":"default","site-content-layout":"default","ast-site-content-layout":"default","site-content-style":"default","site-sidebar-style":"default","ast-global-header-display":"","ast-banner-title-visibility":"","ast-main-header-display":"","ast-hfb-above-header-display":"","ast-hfb-below-header-display":"","ast-hfb-mobile-header-display":"","site-post-title":"","ast-breadcrumbs-content":"","ast-featured-img":"","footer-sml-layout":"","ast-disable-related-posts":"","theme-transparent-header-meta":"default","adv-header-id-meta":"","stick-header-meta":"default","header-above-stick-meta":"","header-main-stick-meta":"","header-below-stick-meta":"","astra-migrate-meta-layouts":"default","ast-page-background-enabled":"default","ast-page-background-meta":{"desktop":{"background-color":"","background-image":"","background-repeat":"repeat","background-position":"center center","background-size":"auto","background-attachment":"scroll","background-type":"","background-media":"","overlay-type":"","overlay-color":"","overlay-opacity":"","overlay-gradient":""},"tablet":{"background-color":"","background-image":"","background-repeat":"repeat","background-position":"center center","background-size":"auto","background-attachment":"scroll","background-type":"","background-media":"","overlay-type":"","overlay-color":"","overlay-opacity":"","overlay-gradient":""},"mobile":{"background-color":"","background-image":"","background-repeat":"repeat","background-position":"center center","background-size":"auto","background-attachment":"scroll","background-type":"","background-media":"","overlay-type":"","overlay-color":"","overlay-opacity":"","overlay-gradient":""}},"ast-content-background-meta":{"desktop":{"background-color":"var(--ast-global-color-5)","background-image":"","background-repeat":"repeat","background-position":"center center","background-size":"auto","background-attachment":"scroll","background-type":"","background-media":"","overlay-type":"","overlay-color":"","overlay-opacity":"","overlay-gradient":""},"tablet":{"background-color":"var(--ast-global-color-5)","background-image":"","background-repeat":"repeat","background-position":"center center","background-size":"auto","background-attachment":"scroll","background-type":"","background-media":"","overlay-type":"","overlay-color":"","overlay-opacity":"","overlay-gradient":""},"mobile":{"background-color":"var(--ast-global-color-5)","background-image":"","background-repeat":"repeat","background-position":"center center","background-size":"auto","background-attachment":"scroll","background-type":"","background-media":"","overlay-type":"","overlay-color":"","overlay-opacity":"","overlay-gradient":""}},"footnotes":""},"class_list":["post-1486","page","type-page","status-publish","hentry"],"yoast_head":"<!-- This site is optimized with the Yoast SEO plugin v27.1.1 - https:\/\/yoast.com\/product\/yoast-seo-wordpress\/ -->\n<title>\u00bfQu\u00e9 ver y hacer durante su visita a Las Vegas?<\/title>\n<meta name=\"description\" content=\"Las Vegas ya no aparece, pero \u00bfsab\u00edas que se puede acceder a ella con solo unos pocos clics? Te lo contamos todo en nuestro art\u00edculo.\" \/>\n<meta name=\"robots\" content=\"index, follow, max-snippet:-1, max-image-preview:large, max-video-preview:-1\" \/>\n<link rel=\"canonical\" href=\"https:\/\/123-esta.com\/es\/que-ver-y-hacer-durante-su-visita-a-las-vegas\/\" \/>\n<meta property=\"og:locale\" content=\"es_ES\" \/>\n<meta property=\"og:type\" content=\"article\" \/>\n<meta property=\"og:title\" content=\"\u00bfQu\u00e9 ver y hacer durante su visita a Las Vegas?\" \/>\n<meta property=\"og:description\" content=\"Las Vegas ya no aparece, pero \u00bfsab\u00edas que se puede acceder a ella con solo unos pocos clics? Te lo contamos todo en nuestro art\u00edculo.\" \/>\n<meta property=\"og:url\" content=\"https:\/\/123-esta.com\/es\/que-ver-y-hacer-durante-su-visita-a-las-vegas\/\" \/>\n<meta property=\"og:site_name\" content=\"Formulaire ESTA pour les USA\" \/>\n<meta property=\"article:modified_time\" content=\"2022-09-08T18:06:44+00:00\" \/>\n<meta name=\"twitter:card\" content=\"summary_large_image\" \/>\n<meta name=\"twitter:label1\" content=\"Tiempo de lectura\" \/>\n\t<meta name=\"twitter:data1\" content=\"3 minutos\" \/>\n<script type=\"application\/ld+json\" class=\"yoast-schema-graph\">{\"@context\":\"https:\/\/schema.org\",\"@graph\":[{\"@type\":\"WebPage\",\"@id\":\"https:\/\/123-esta.com\/es\/que-ver-y-hacer-durante-su-visita-a-las-vegas\/\",\"url\":\"https:\/\/123-esta.com\/es\/que-ver-y-hacer-durante-su-visita-a-las-vegas\/\",\"name\":\"\u00bfQu\u00e9 ver y hacer durante su visita a Las Vegas?\",\"isPartOf\":{\"@id\":\"https:\/\/123-esta.com\/es\/#website\"},\"datePublished\":\"2021-12-21T16:06:42+00:00\",\"dateModified\":\"2022-09-08T18:06:44+00:00\",\"description\":\"Las Vegas ya no aparece, pero \u00bfsab\u00edas que se puede acceder a ella con solo unos pocos clics? Te lo contamos todo en nuestro art\u00edculo.\",\"inLanguage\":\"es\",\"potentialAction\":[{\"@type\":\"ReadAction\",\"target\":[\"https:\/\/123-esta.com\/es\/que-ver-y-hacer-durante-su-visita-a-las-vegas\/\"]}]},{\"@type\":\"WebSite\",\"@id\":\"https:\/\/123-esta.com\/es\/#website\",\"url\":\"https:\/\/123-esta.com\/es\/\",\"name\":\"Formulaire ESTA pour les USA\",\"description\":\"\",\"publisher\":{\"@id\":\"https:\/\/123-esta.com\/es\/#organization\"},\"potentialAction\":[{\"@type\":\"SearchAction\",\"target\":{\"@type\":\"EntryPoint\",\"urlTemplate\":\"https:\/\/123-esta.com\/es\/?s={search_term_string}\"},\"query-input\":{\"@type\":\"PropertyValueSpecification\",\"valueRequired\":true,\"valueName\":\"search_term_string\"}}],\"inLanguage\":\"es\"},{\"@type\":\"Organization\",\"@id\":\"https:\/\/123-esta.com\/es\/#organization\",\"name\":\"Formulaire ESTA pour les USA\",\"url\":\"https:\/\/123-esta.com\/es\/\",\"logo\":{\"@type\":\"ImageObject\",\"inLanguage\":\"es\",\"@id\":\"https:\/\/123-esta.com\/es\/#\/schema\/logo\/image\/\",\"url\":\"https:\/\/123-esta.com\/wp-content\/uploads\/2018\/03\/logo-123-esta.png\",\"contentUrl\":\"https:\/\/123-esta.com\/wp-content\/uploads\/2018\/03\/logo-123-esta.png\",\"width\":191,\"height\":54,\"caption\":\"Formulaire ESTA pour les USA\"},\"image\":{\"@id\":\"https:\/\/123-esta.com\/es\/#\/schema\/logo\/image\/\"}}]}<\/script>\n<!-- \/ Yoast SEO plugin. -->","yoast_head_json":{"title":"\u00bfQu\u00e9 ver y hacer durante su visita a Las Vegas?","description":"Las Vegas ya no aparece, pero \u00bfsab\u00edas que se puede acceder a ella con solo unos pocos clics? Te lo contamos todo en nuestro art\u00edculo.","robots":{"index":"index","follow":"follow","max-snippet":"max-snippet:-1","max-image-preview":"max-image-preview:large","max-video-preview":"max-video-preview:-1"},"canonical":"https:\/\/123-esta.com\/es\/que-ver-y-hacer-durante-su-visita-a-las-vegas\/","og_locale":"es_ES","og_type":"article","og_title":"\u00bfQu\u00e9 ver y hacer durante su visita a Las Vegas?","og_description":"Las Vegas ya no aparece, pero \u00bfsab\u00edas que se puede acceder a ella con solo unos pocos clics? Te lo contamos todo en nuestro art\u00edculo.","og_url":"https:\/\/123-esta.com\/es\/que-ver-y-hacer-durante-su-visita-a-las-vegas\/","og_site_name":"Formulaire ESTA pour les USA","article_modified_time":"2022-09-08T18:06:44+00:00","twitter_card":"summary_large_image","twitter_misc":{"Tiempo de lectura":"3 minutos"},"schema":{"@context":"https:\/\/schema.org","@graph":[{"@type":"WebPage","@id":"https:\/\/123-esta.com\/es\/que-ver-y-hacer-durante-su-visita-a-las-vegas\/","url":"https:\/\/123-esta.com\/es\/que-ver-y-hacer-durante-su-visita-a-las-vegas\/","name":"\u00bfQu\u00e9 ver y hacer durante su visita a Las Vegas?","isPartOf":{"@id":"https:\/\/123-esta.com\/es\/#website"},"datePublished":"2021-12-21T16:06:42+00:00","dateModified":"2022-09-08T18:06:44+00:00","description":"Las Vegas ya no aparece, pero \u00bfsab\u00edas que se puede acceder a ella con solo unos pocos clics? Te lo contamos todo en nuestro art\u00edculo.","inLanguage":"es","potentialAction":[{"@type":"ReadAction","target":["https:\/\/123-esta.com\/es\/que-ver-y-hacer-durante-su-visita-a-las-vegas\/"]}]},{"@type":"WebSite","@id":"https:\/\/123-esta.com\/es\/#website","url":"https:\/\/123-esta.com\/es\/","name":"Formulaire ESTA pour les USA","description":"","publisher":{"@id":"https:\/\/123-esta.com\/es\/#organization"},"potentialAction":[{"@type":"SearchAction","target":{"@type":"EntryPoint","urlTemplate":"https:\/\/123-esta.com\/es\/?s={search_term_string}"},"query-input":{"@type":"PropertyValueSpecification","valueRequired":true,"valueName":"search_term_string"}}],"inLanguage":"es"},{"@type":"Organization","@id":"https:\/\/123-esta.com\/es\/#organization","name":"Formulaire ESTA pour les USA","url":"https:\/\/123-esta.com\/es\/","logo":{"@type":"ImageObject","inLanguage":"es","@id":"https:\/\/123-esta.com\/es\/#\/schema\/logo\/image\/","url":"https:\/\/123-esta.com\/wp-content\/uploads\/2018\/03\/logo-123-esta.png","contentUrl":"https:\/\/123-esta.com\/wp-content\/uploads\/2018\/03\/logo-123-esta.png","width":191,"height":54,"caption":"Formulaire ESTA pour les USA"},"image":{"@id":"https:\/\/123-esta.com\/es\/#\/schema\/logo\/image\/"}}]}},"_links":{"self":[{"href":"https:\/\/123-esta.com\/es\/wp-json\/wp\/v2\/pages\/1486","targetHints":{"allow":["GET"]}}],"collection":[{"href":"https:\/\/123-esta.com\/es\/wp-json\/wp\/v2\/pages"}],"about":[{"href":"https:\/\/123-esta.com\/es\/wp-json\/wp\/v2\/types\/page"}],"author":[{"embeddable":true,"href":"https:\/\/123-esta.com\/es\/wp-json\/wp\/v2\/users\/1"}],"replies":[{"embeddable":true,"href":"https:\/\/123-esta.com\/es\/wp-json\/wp\/v2\/comments?post=1486"}],"version-history":[{"count":0,"href":"https:\/\/123-esta.com\/es\/wp-json\/wp\/v2\/pages\/1486\/revisions"}],"wp:attachment":[{"href":"https:\/\/123-esta.com\/es\/wp-json\/wp\/v2\/media?parent=1486"}],"curies":[{"name":"wp","href":"https:\/\/api.w.org\/{rel}","templated":true}]}}