{"id":1485,"date":"2021-12-21T17:06:30","date_gmt":"2021-12-21T16:06:30","guid":{"rendered":"https:\/\/123-esta.com\/las-10-mejores-cosas-que-debes-ver-en-san-francisco\/"},"modified":"2022-08-23T23:40:58","modified_gmt":"2022-08-23T21:40:58","slug":"las-10-mejores-cosas-que-debes-ver-en-san-francisco","status":"publish","type":"page","link":"https:\/\/123-esta.com\/es\/las-10-mejores-cosas-que-debes-ver-en-san-francisco\/","title":{"rendered":"Las 10 mejores cosas que debes ver en San Francisco"},"content":{"rendered":"<p>\u00bfQui\u00e9n no ha so\u00f1ado nunca con ir a San Francisco y ver con sus propios ojos el m\u00edtico Puente Golden Gate o visitar la prisi\u00f3n m\u00e1s famosa del mundo: Alcatraz? <a href=\"https:\/\/123-esta.com\/es\/que-ver-y-hacer-en-california\/\">Visitar California<\/a> lleva tiempo con sus ciudades tocando la imaginaci\u00f3n.<\/p>\n<p>Si desea ir a &#8216;La Ciudad de la Bah\u00eda&#8217;, necesitar\u00e1 absolutamente una autorizaci\u00f3n ESTA si su estad\u00eda no excede los 3 meses. Lo invitamos a realizar su solicitud directamente en nuestro sitio web. Buenas noticias, los tr\u00e1mites son muy sencillos y r\u00e1pidos. De hecho, la gran mayor\u00eda de las solicitudes se aceptan dentro de los 3 d\u00edas, a condici\u00f3n de que el formulario se complete correctamente con la ayuda, en particular, de su pasaporte.<\/p>\n<p>Una vez obtenida su autorizaci\u00f3n, tendr\u00e1 m\u00e1s libertad que nunca para venir a descubrir SF, \u00a1una ciudad de atracciones diversas y casi infinitas! Como debe tomar buenas decisiones, hemos recopilado 3 visitas esenciales.<\/p>\n<h2>El famoso puente Golden Gate<\/h2>\n<p>Ya sea por pel\u00edculas o series americanas, todav\u00eda es que <a href=\"http:\/\/www.goldengatebridge.org\/\">el famoso puente que sobrellena la bah\u00eda de San Francisco es uno de los lugares m\u00e1s m\u00edticos de USA<\/a> , conocido por todos.<\/p>\n<p>Con una longitud de 2737 metros, fue construido entre 1933 y 1937 y hoy se considera una de las 7 maravillas del mundo moderno. Su constructor, el estadounidense de origen alem\u00e1n Joseph Strauss, tambi\u00e9n es una leyenda en la historia de Estados Unidos.<\/p>\n<p>Caminar all\u00ed es una experiencia \u00fanica pero cuidado con los que tienen v\u00e9rtigo: 67 metros de altura, \u00a1puedes sentirlo pasar por tu est\u00f3mago cuando miras hacia abajo!<\/p>\n<h2>Prisi\u00f3n de alcatraz<\/h2>\n<p>Conocida en todo el mundo y protagonista de pel\u00edculas como la ic\u00f3nica &#8216;El escape de Alcatraz&#8217; protagonizada por Clint Eastwood, la prisi\u00f3n de Alcatraz se encuentra en una peque\u00f1a isla de 2,4 km de largo en la bah\u00eda de San Francisco.<\/p>\n<p>Es un pasaje imprescindible para cualquier turista que vaya a San Francisco. En activo hasta 1963, Alcatraz fue la prisi\u00f3n de mayor seguridad del pa\u00eds. Cuenta la leyenda que ning\u00fan prisionero escap\u00f3 jam\u00e1s. Probablemente esta sea la raz\u00f3n por la que presos conocidos como Al Capone, Henry Young o Robert Stroud (ver la magn\u00edfica pel\u00edcula &#8216;Birdman of Alcatraz&#8217;) fueron encerrados all\u00ed.<\/p>\n<p>Visitada por m\u00e1s de un mill\u00f3n de turistas cada a\u00f1o, visitar Alcatraz te permitir\u00e1 darte cuenta de las condiciones de vida de los presos en ese momento, la vida de los guardias, etc. \u00a1Una visita inolvidable!<\/p>\n<h2>Distrito de Chinatown<\/h2>\n<p>Si, con la ayuda de su autorizaci\u00f3n ESTA, ha estado en los EE. UU. Durante varias semanas, \u00a1dar un paseo por el barrio chino de San Francisco le promete un famoso choque cultural!<\/p>\n<p>De hecho, es el barrio chino m\u00e1s grande del mundo fuera de Asia y tiene una poblaci\u00f3n de poco m\u00e1s de 100.000 personas de China y de toda Asia. Caminar all\u00ed le permitir\u00e1 degustar las muchas especialidades locales, pero tenga cuidado: \u00a1a menudo sucede que los lugare\u00f1os no hablan una sola palabra de ingl\u00e9s! \u00a1Saber mandar\u00edn ser\u00eda una gran ventaja!<\/p>\n<h2>Pero tambi\u00e9n&#8230;<\/h2>\n<p>\u00a1Resumir San Francisco en 3 lugares es, por supuesto, un m\u00ednimo extremo! Dependiendo de sus gustos, no hay duda de que algunos de ustedes se sentir\u00e1n atra\u00eddos por Fisherman&#8217;s Wharf (el muelle de los pecadores), el sublime rascacielos de la Pir\u00e1mide Transam\u00e9rica, las numerosas casas victorianas de la ciudad, etc.<\/p>\n<p>Liderados por varios equipos deportivos que juegan al m\u00e1s alto nivel en Estados Unidos (los 49ers en f\u00fatbol americano, los Giants en b\u00e9isbol y los Warriors en baloncesto), tambi\u00e9n hay que decir que San Francisco es conocida como una ciudad con una de las comunidades homosexuales m\u00e1s grandes. en el mundo, incluidos los barrios de Haight-Ashbury y Castro. En resumen, \u00a1hay algo para todos!<\/p>\n","protected":false},"excerpt":{"rendered":"<p>\u00bfQui\u00e9n no ha so\u00f1ado nunca con ir a San Francisco y ver con sus propios ojos el m\u00edtico Puente Golden Gate o visitar la prisi\u00f3n m\u00e1s famosa del mundo: Alcatraz? Visitar California lleva tiempo con sus ciudades tocando la imaginaci\u00f3n. Si desea ir a &#8216;La Ciudad de la Bah\u00eda&#8217;, necesitar\u00e1 absolutamente una autorizaci\u00f3n ESTA si [&hellip;]<\/p>\n","protected":false},"author":1,"featured_media":0,"parent":0,"menu_order":0,"comment_status":"closed","ping_status":"closed","template":"","meta":{"site-sidebar-layout":"default","site-content-layout":"default","ast-site-content-layout":"default","site-content-style":"default","site-sidebar-style":"default","ast-global-header-display":"","ast-banner-title-visibility":"","ast-main-header-display":"","ast-hfb-above-header-display":"","ast-hfb-below-header-display":"","ast-hfb-mobile-header-display":"","site-post-title":"","ast-breadcrumbs-content":"","ast-featured-img":"","footer-sml-layout":"","ast-disable-related-posts":"","theme-transparent-header-meta":"default","adv-header-id-meta":"","stick-header-meta":"default","header-above-stick-meta":"","header-main-stick-meta":"","header-below-stick-meta":"","astra-migrate-meta-layouts":"default","ast-page-background-enabled":"default","ast-page-background-meta":{"desktop":{"background-color":"","background-image":"","background-repeat":"repeat","background-position":"center center","background-size":"auto","background-attachment":"scroll","background-type":"","background-media":"","overlay-type":"","overlay-color":"","overlay-opacity":"","overlay-gradient":""},"tablet":{"background-color":"","background-image":"","background-repeat":"repeat","background-position":"center center","background-size":"auto","background-attachment":"scroll","background-type":"","background-media":"","overlay-type":"","overlay-color":"","overlay-opacity":"","overlay-gradient":""},"mobile":{"background-color":"","background-image":"","background-repeat":"repeat","background-position":"center center","background-size":"auto","background-attachment":"scroll","background-type":"","background-media":"","overlay-type":"","overlay-color":"","overlay-opacity":"","overlay-gradient":""}},"ast-content-background-meta":{"desktop":{"background-color":"var(--ast-global-color-5)","background-image":"","background-repeat":"repeat","background-position":"center center","background-size":"auto","background-attachment":"scroll","background-type":"","background-media":"","overlay-type":"","overlay-color":"","overlay-opacity":"","overlay-gradient":""},"tablet":{"background-color":"var(--ast-global-color-5)","background-image":"","background-repeat":"repeat","background-position":"center center","background-size":"auto","background-attachment":"scroll","background-type":"","background-media":"","overlay-type":"","overlay-color":"","overlay-opacity":"","overlay-gradient":""},"mobile":{"background-color":"var(--ast-global-color-5)","background-image":"","background-repeat":"repeat","background-position":"center center","background-size":"auto","background-attachment":"scroll","background-type":"","background-media":"","overlay-type":"","overlay-color":"","overlay-opacity":"","overlay-gradient":""}},"footnotes":""},"class_list":["post-1485","page","type-page","status-publish","hentry"],"yoast_head":"<!-- This site is optimized with the Yoast SEO plugin v27.1.1 - https:\/\/yoast.com\/product\/yoast-seo-wordpress\/ -->\n<title>10 atracciones imprescindibles en San Francisco<\/title>\n<meta name=\"description\" content=\"San Francisco, una ciudad de ensue\u00f1o en la costa de California. \u00bfA\u00fan tenemos que presentarlo? El puente Golden Gate, Alcatraz, Fisherman&#039;s Wharf, etc.\" \/>\n<meta name=\"robots\" content=\"index, follow, max-snippet:-1, max-image-preview:large, max-video-preview:-1\" \/>\n<link rel=\"canonical\" href=\"https:\/\/123-esta.com\/es\/las-10-mejores-cosas-que-debes-ver-en-san-francisco\/\" \/>\n<meta property=\"og:locale\" content=\"es_ES\" \/>\n<meta property=\"og:type\" content=\"article\" \/>\n<meta property=\"og:title\" content=\"10 atracciones imprescindibles en San Francisco\" \/>\n<meta property=\"og:description\" content=\"San Francisco, una ciudad de ensue\u00f1o en la costa de California. \u00bfA\u00fan tenemos que presentarlo? El puente Golden Gate, Alcatraz, Fisherman&#039;s Wharf, etc.\" \/>\n<meta property=\"og:url\" content=\"https:\/\/123-esta.com\/es\/las-10-mejores-cosas-que-debes-ver-en-san-francisco\/\" \/>\n<meta property=\"og:site_name\" content=\"Formulaire ESTA pour les USA\" \/>\n<meta property=\"article:modified_time\" content=\"2022-08-23T21:40:58+00:00\" \/>\n<meta name=\"twitter:card\" content=\"summary_large_image\" \/>\n<meta name=\"twitter:label1\" content=\"Tiempo de lectura\" \/>\n\t<meta name=\"twitter:data1\" content=\"4 minutos\" \/>\n<script type=\"application\/ld+json\" class=\"yoast-schema-graph\">{\"@context\":\"https:\/\/schema.org\",\"@graph\":[{\"@type\":\"WebPage\",\"@id\":\"https:\/\/123-esta.com\/es\/las-10-mejores-cosas-que-debes-ver-en-san-francisco\/\",\"url\":\"https:\/\/123-esta.com\/es\/las-10-mejores-cosas-que-debes-ver-en-san-francisco\/\",\"name\":\"10 atracciones imprescindibles en San Francisco\",\"isPartOf\":{\"@id\":\"https:\/\/123-esta.com\/es\/#website\"},\"datePublished\":\"2021-12-21T16:06:30+00:00\",\"dateModified\":\"2022-08-23T21:40:58+00:00\",\"description\":\"San Francisco, una ciudad de ensue\u00f1o en la costa de California. \u00bfA\u00fan tenemos que presentarlo? El puente Golden Gate, Alcatraz, Fisherman's Wharf, etc.\",\"inLanguage\":\"es\",\"potentialAction\":[{\"@type\":\"ReadAction\",\"target\":[\"https:\/\/123-esta.com\/es\/las-10-mejores-cosas-que-debes-ver-en-san-francisco\/\"]}]},{\"@type\":\"WebSite\",\"@id\":\"https:\/\/123-esta.com\/es\/#website\",\"url\":\"https:\/\/123-esta.com\/es\/\",\"name\":\"Formulaire ESTA pour les USA\",\"description\":\"\",\"publisher\":{\"@id\":\"https:\/\/123-esta.com\/es\/#organization\"},\"potentialAction\":[{\"@type\":\"SearchAction\",\"target\":{\"@type\":\"EntryPoint\",\"urlTemplate\":\"https:\/\/123-esta.com\/es\/?s={search_term_string}\"},\"query-input\":{\"@type\":\"PropertyValueSpecification\",\"valueRequired\":true,\"valueName\":\"search_term_string\"}}],\"inLanguage\":\"es\"},{\"@type\":\"Organization\",\"@id\":\"https:\/\/123-esta.com\/es\/#organization\",\"name\":\"Formulaire ESTA pour les USA\",\"url\":\"https:\/\/123-esta.com\/es\/\",\"logo\":{\"@type\":\"ImageObject\",\"inLanguage\":\"es\",\"@id\":\"https:\/\/123-esta.com\/es\/#\/schema\/logo\/image\/\",\"url\":\"https:\/\/123-esta.com\/wp-content\/uploads\/2018\/03\/logo-123-esta.png\",\"contentUrl\":\"https:\/\/123-esta.com\/wp-content\/uploads\/2018\/03\/logo-123-esta.png\",\"width\":191,\"height\":54,\"caption\":\"Formulaire ESTA pour les USA\"},\"image\":{\"@id\":\"https:\/\/123-esta.com\/es\/#\/schema\/logo\/image\/\"}}]}<\/script>\n<!-- \/ Yoast SEO plugin. -->","yoast_head_json":{"title":"10 atracciones imprescindibles en San Francisco","description":"San Francisco, una ciudad de ensue\u00f1o en la costa de California. \u00bfA\u00fan tenemos que presentarlo? El puente Golden Gate, Alcatraz, Fisherman's Wharf, etc.","robots":{"index":"index","follow":"follow","max-snippet":"max-snippet:-1","max-image-preview":"max-image-preview:large","max-video-preview":"max-video-preview:-1"},"canonical":"https:\/\/123-esta.com\/es\/las-10-mejores-cosas-que-debes-ver-en-san-francisco\/","og_locale":"es_ES","og_type":"article","og_title":"10 atracciones imprescindibles en San Francisco","og_description":"San Francisco, una ciudad de ensue\u00f1o en la costa de California. \u00bfA\u00fan tenemos que presentarlo? El puente Golden Gate, Alcatraz, Fisherman's Wharf, etc.","og_url":"https:\/\/123-esta.com\/es\/las-10-mejores-cosas-que-debes-ver-en-san-francisco\/","og_site_name":"Formulaire ESTA pour les USA","article_modified_time":"2022-08-23T21:40:58+00:00","twitter_card":"summary_large_image","twitter_misc":{"Tiempo de lectura":"4 minutos"},"schema":{"@context":"https:\/\/schema.org","@graph":[{"@type":"WebPage","@id":"https:\/\/123-esta.com\/es\/las-10-mejores-cosas-que-debes-ver-en-san-francisco\/","url":"https:\/\/123-esta.com\/es\/las-10-mejores-cosas-que-debes-ver-en-san-francisco\/","name":"10 atracciones imprescindibles en San Francisco","isPartOf":{"@id":"https:\/\/123-esta.com\/es\/#website"},"datePublished":"2021-12-21T16:06:30+00:00","dateModified":"2022-08-23T21:40:58+00:00","description":"San Francisco, una ciudad de ensue\u00f1o en la costa de California. \u00bfA\u00fan tenemos que presentarlo? El puente Golden Gate, Alcatraz, Fisherman's Wharf, etc.","inLanguage":"es","potentialAction":[{"@type":"ReadAction","target":["https:\/\/123-esta.com\/es\/las-10-mejores-cosas-que-debes-ver-en-san-francisco\/"]}]},{"@type":"WebSite","@id":"https:\/\/123-esta.com\/es\/#website","url":"https:\/\/123-esta.com\/es\/","name":"Formulaire ESTA pour les USA","description":"","publisher":{"@id":"https:\/\/123-esta.com\/es\/#organization"},"potentialAction":[{"@type":"SearchAction","target":{"@type":"EntryPoint","urlTemplate":"https:\/\/123-esta.com\/es\/?s={search_term_string}"},"query-input":{"@type":"PropertyValueSpecification","valueRequired":true,"valueName":"search_term_string"}}],"inLanguage":"es"},{"@type":"Organization","@id":"https:\/\/123-esta.com\/es\/#organization","name":"Formulaire ESTA pour les USA","url":"https:\/\/123-esta.com\/es\/","logo":{"@type":"ImageObject","inLanguage":"es","@id":"https:\/\/123-esta.com\/es\/#\/schema\/logo\/image\/","url":"https:\/\/123-esta.com\/wp-content\/uploads\/2018\/03\/logo-123-esta.png","contentUrl":"https:\/\/123-esta.com\/wp-content\/uploads\/2018\/03\/logo-123-esta.png","width":191,"height":54,"caption":"Formulaire ESTA pour les USA"},"image":{"@id":"https:\/\/123-esta.com\/es\/#\/schema\/logo\/image\/"}}]}},"_links":{"self":[{"href":"https:\/\/123-esta.com\/es\/wp-json\/wp\/v2\/pages\/1485","targetHints":{"allow":["GET"]}}],"collection":[{"href":"https:\/\/123-esta.com\/es\/wp-json\/wp\/v2\/pages"}],"about":[{"href":"https:\/\/123-esta.com\/es\/wp-json\/wp\/v2\/types\/page"}],"author":[{"embeddable":true,"href":"https:\/\/123-esta.com\/es\/wp-json\/wp\/v2\/users\/1"}],"replies":[{"embeddable":true,"href":"https:\/\/123-esta.com\/es\/wp-json\/wp\/v2\/comments?post=1485"}],"version-history":[{"count":0,"href":"https:\/\/123-esta.com\/es\/wp-json\/wp\/v2\/pages\/1485\/revisions"}],"wp:attachment":[{"href":"https:\/\/123-esta.com\/es\/wp-json\/wp\/v2\/media?parent=1485"}],"curies":[{"name":"wp","href":"https:\/\/api.w.org\/{rel}","templated":true}]}}