{"id":1483,"date":"2021-12-21T17:06:19","date_gmt":"2021-12-21T16:06:19","guid":{"rendered":"https:\/\/123-esta.com\/principales-ciudades-y-regiones-para-visitar-durante-su-viaje-a-ee-uu\/visitar-nevada-una-experiencia-absolutamente-extraordinaria\/"},"modified":"2022-09-19T17:28:21","modified_gmt":"2022-09-19T15:28:21","slug":"visitar-nevada-una-experiencia-absolutamente-extraordinaria","status":"publish","type":"page","link":"https:\/\/123-esta.com\/es\/visitar-nevada-una-experiencia-absolutamente-extraordinaria\/","title":{"rendered":"Visitar Nevada: una experiencia absolutamente extraordinaria"},"content":{"rendered":"\n<p>Hay muchos lugares interesantes para visitar en los Estados Unidos. Nevada es uno de <a href=\"https:\/\/123-esta.com\/es\/ciudades-y-regiones-para-visitar-los-estados-unidos\/\">los 10 estados m\u00e1s visitados de los EE. UU<\/a> . Y tiene mucho que ofrecer a los viajeros que buscan novedad, belleza y emoci\u00f3n.<\/p>\n\n<p>Como saben, Nevada es un estado \u00e1rido que ha experimentado una transformaci\u00f3n abrumadora y ha florecido en lugares de ensue\u00f1o, el m\u00e1s famoso de los cuales es Las Vegas.<\/p>\n\n<h2 class=\"wp-block-heading\">Lugares imperdibles de Nevada<\/h2>\n\n<p>Hay muchos lugares imperdibles en Nevada. Es un estado que promete grandes descubrimientos y aventuras de todo tipo. En este art\u00edculo, limit\u00e9monos a enumerar solo los lugares m\u00e1s famosos.<\/p>\n\n<p><a href=\"https:\/\/123-esta.com\/es\/que-ver-y-hacer-durante-su-visita-a-las-vegas\/\">Visitar Las Vegas<\/a> encabeza la lista. Fundada por los mormones en 1855, esta ciudad es la m\u00e1s grande de Nevada. Ella sola ofrece un paquete de entretenimiento y lugares m\u00e1s que suficientes para un d\u00eda ajetreado. En el men\u00fa: Casinos, piscinas de todo tipo, monta\u00f1as rusas, circuitos de carreras con posibilidad de conducir coches y el Paris-Las Vegas.<\/p>\n\n<p>Despu\u00e9s de Las Vegas, el lago Mead y la presa Hoover en Nevada tambi\u00e9n merecen una visita. Es el embalse m\u00e1s grande de Estados Unidos cuya plataforma ofrece un espect\u00e1culo extraordinario. Es este prestigioso embalse el que abastece de agua a California, Las Vegas y todo Nevada. Se ofrecen varias actividades alrededor del lago.<\/p>\n\n<p>Aquellos que buscan adrenalina pueden hacer un viaje a Reno. En esta ciudad de Nevada se ofrecen todo tipo de carreras: carreras de autos, carreras de aviones e incluso carreras de globos.<\/p>\n\n<p>Por \u00faltimo, podemos mencionar el Parque Nacional Grand Bassin, que est\u00e1 formado por monta\u00f1as \u00e1ridas e innumerables cuevas antiguas de m\u00e1s de 500 millones de a\u00f1os. A pesar de su paisaje des\u00e9rtico, todav\u00eda ofrece algo para impresionarte.<\/p>\n\n<h2 class=\"wp-block-heading\">\u00bfCu\u00e1ndo visitar Nevada?<\/h2>\n\n<p>Depende de varios criterios. Aquellos que se vayan de vacaciones con los ni\u00f1os seguramente tendr\u00e1n que esperar a las vacaciones. Quienes vayan solos o en pareja a Estados Unidos pueden esperar la temporada baja cuando los precios son m\u00e1s asequibles a nivel hotelero. El mejor per\u00edodo es el oto\u00f1o, de septiembre a octubre, cuando hace calor y los precios son m\u00e1s bajos. Recuerde que el documento ESTA es fundamental para viajar a Estados Unidos.<\/p>\n","protected":false},"excerpt":{"rendered":"<p>Hay muchos lugares interesantes para visitar en los Estados Unidos. Nevada es uno de los 10 estados m\u00e1s visitados de los EE. UU . Y tiene mucho que ofrecer a los viajeros que buscan novedad, belleza y emoci\u00f3n. Como saben, Nevada es un estado \u00e1rido que ha experimentado una transformaci\u00f3n abrumadora y ha florecido en [&hellip;]<\/p>\n","protected":false},"author":1,"featured_media":0,"parent":0,"menu_order":0,"comment_status":"closed","ping_status":"closed","template":"","meta":{"site-sidebar-layout":"default","site-content-layout":"default","ast-site-content-layout":"default","site-content-style":"default","site-sidebar-style":"default","ast-global-header-display":"","ast-banner-title-visibility":"","ast-main-header-display":"","ast-hfb-above-header-display":"","ast-hfb-below-header-display":"","ast-hfb-mobile-header-display":"","site-post-title":"","ast-breadcrumbs-content":"","ast-featured-img":"","footer-sml-layout":"","ast-disable-related-posts":"","theme-transparent-header-meta":"default","adv-header-id-meta":"","stick-header-meta":"default","header-above-stick-meta":"","header-main-stick-meta":"","header-below-stick-meta":"","astra-migrate-meta-layouts":"default","ast-page-background-enabled":"default","ast-page-background-meta":{"desktop":{"background-color":"","background-image":"","background-repeat":"repeat","background-position":"center center","background-size":"auto","background-attachment":"scroll","background-type":"","background-media":"","overlay-type":"","overlay-color":"","overlay-opacity":"","overlay-gradient":""},"tablet":{"background-color":"","background-image":"","background-repeat":"repeat","background-position":"center center","background-size":"auto","background-attachment":"scroll","background-type":"","background-media":"","overlay-type":"","overlay-color":"","overlay-opacity":"","overlay-gradient":""},"mobile":{"background-color":"","background-image":"","background-repeat":"repeat","background-position":"center center","background-size":"auto","background-attachment":"scroll","background-type":"","background-media":"","overlay-type":"","overlay-color":"","overlay-opacity":"","overlay-gradient":""}},"ast-content-background-meta":{"desktop":{"background-color":"var(--ast-global-color-5)","background-image":"","background-repeat":"repeat","background-position":"center center","background-size":"auto","background-attachment":"scroll","background-type":"","background-media":"","overlay-type":"","overlay-color":"","overlay-opacity":"","overlay-gradient":""},"tablet":{"background-color":"var(--ast-global-color-5)","background-image":"","background-repeat":"repeat","background-position":"center center","background-size":"auto","background-attachment":"scroll","background-type":"","background-media":"","overlay-type":"","overlay-color":"","overlay-opacity":"","overlay-gradient":""},"mobile":{"background-color":"var(--ast-global-color-5)","background-image":"","background-repeat":"repeat","background-position":"center center","background-size":"auto","background-attachment":"scroll","background-type":"","background-media":"","overlay-type":"","overlay-color":"","overlay-opacity":"","overlay-gradient":""}},"footnotes":""},"class_list":["post-1483","page","type-page","status-publish","hentry"],"yoast_head":"<!-- This site is optimized with the Yoast SEO plugin v27.1.1 - https:\/\/yoast.com\/product\/yoast-seo-wordpress\/ -->\n<title>Visite Nevada para su pr\u00f3ximo viaje a los Estados Unidos<\/title>\n<meta name=\"description\" content=\"Visitar Nevada tiene muchas sorpresas para usted, como su ciudad insignia: Las Vegas. \u00a1D\u00e9jese tentar con ESTA en su bolsillo!\" \/>\n<meta name=\"robots\" content=\"index, follow, max-snippet:-1, max-image-preview:large, max-video-preview:-1\" \/>\n<link rel=\"canonical\" href=\"https:\/\/123-esta.com\/es\/visitar-nevada-una-experiencia-absolutamente-extraordinaria\/\" \/>\n<meta property=\"og:locale\" content=\"es_ES\" \/>\n<meta property=\"og:type\" content=\"article\" \/>\n<meta property=\"og:title\" content=\"Visite Nevada para su pr\u00f3ximo viaje a los Estados Unidos\" \/>\n<meta property=\"og:description\" content=\"Visitar Nevada tiene muchas sorpresas para usted, como su ciudad insignia: Las Vegas. \u00a1D\u00e9jese tentar con ESTA en su bolsillo!\" \/>\n<meta property=\"og:url\" content=\"https:\/\/123-esta.com\/es\/visitar-nevada-una-experiencia-absolutamente-extraordinaria\/\" \/>\n<meta property=\"og:site_name\" content=\"Formulaire ESTA pour les USA\" \/>\n<meta property=\"article:modified_time\" content=\"2022-09-19T15:28:21+00:00\" \/>\n<meta name=\"twitter:card\" content=\"summary_large_image\" \/>\n<meta name=\"twitter:label1\" content=\"Tiempo de lectura\" \/>\n\t<meta name=\"twitter:data1\" content=\"2 minutos\" \/>\n<script type=\"application\/ld+json\" class=\"yoast-schema-graph\">{\"@context\":\"https:\/\/schema.org\",\"@graph\":[{\"@type\":\"WebPage\",\"@id\":\"https:\/\/123-esta.com\/es\/visitar-nevada-una-experiencia-absolutamente-extraordinaria\/\",\"url\":\"https:\/\/123-esta.com\/es\/visitar-nevada-una-experiencia-absolutamente-extraordinaria\/\",\"name\":\"Visite Nevada para su pr\u00f3ximo viaje a los Estados Unidos\",\"isPartOf\":{\"@id\":\"https:\/\/123-esta.com\/es\/#website\"},\"datePublished\":\"2021-12-21T16:06:19+00:00\",\"dateModified\":\"2022-09-19T15:28:21+00:00\",\"description\":\"Visitar Nevada tiene muchas sorpresas para usted, como su ciudad insignia: Las Vegas. \u00a1D\u00e9jese tentar con ESTA en su bolsillo!\",\"inLanguage\":\"es\",\"potentialAction\":[{\"@type\":\"ReadAction\",\"target\":[\"https:\/\/123-esta.com\/es\/visitar-nevada-una-experiencia-absolutamente-extraordinaria\/\"]}]},{\"@type\":\"WebSite\",\"@id\":\"https:\/\/123-esta.com\/es\/#website\",\"url\":\"https:\/\/123-esta.com\/es\/\",\"name\":\"Formulaire ESTA pour les USA\",\"description\":\"\",\"publisher\":{\"@id\":\"https:\/\/123-esta.com\/es\/#organization\"},\"potentialAction\":[{\"@type\":\"SearchAction\",\"target\":{\"@type\":\"EntryPoint\",\"urlTemplate\":\"https:\/\/123-esta.com\/es\/?s={search_term_string}\"},\"query-input\":{\"@type\":\"PropertyValueSpecification\",\"valueRequired\":true,\"valueName\":\"search_term_string\"}}],\"inLanguage\":\"es\"},{\"@type\":\"Organization\",\"@id\":\"https:\/\/123-esta.com\/es\/#organization\",\"name\":\"Formulaire ESTA pour les USA\",\"url\":\"https:\/\/123-esta.com\/es\/\",\"logo\":{\"@type\":\"ImageObject\",\"inLanguage\":\"es\",\"@id\":\"https:\/\/123-esta.com\/es\/#\/schema\/logo\/image\/\",\"url\":\"https:\/\/123-esta.com\/wp-content\/uploads\/2018\/03\/logo-123-esta.png\",\"contentUrl\":\"https:\/\/123-esta.com\/wp-content\/uploads\/2018\/03\/logo-123-esta.png\",\"width\":191,\"height\":54,\"caption\":\"Formulaire ESTA pour les USA\"},\"image\":{\"@id\":\"https:\/\/123-esta.com\/es\/#\/schema\/logo\/image\/\"}}]}<\/script>\n<!-- \/ Yoast SEO plugin. -->","yoast_head_json":{"title":"Visite Nevada para su pr\u00f3ximo viaje a los Estados Unidos","description":"Visitar Nevada tiene muchas sorpresas para usted, como su ciudad insignia: Las Vegas. \u00a1D\u00e9jese tentar con ESTA en su bolsillo!","robots":{"index":"index","follow":"follow","max-snippet":"max-snippet:-1","max-image-preview":"max-image-preview:large","max-video-preview":"max-video-preview:-1"},"canonical":"https:\/\/123-esta.com\/es\/visitar-nevada-una-experiencia-absolutamente-extraordinaria\/","og_locale":"es_ES","og_type":"article","og_title":"Visite Nevada para su pr\u00f3ximo viaje a los Estados Unidos","og_description":"Visitar Nevada tiene muchas sorpresas para usted, como su ciudad insignia: Las Vegas. \u00a1D\u00e9jese tentar con ESTA en su bolsillo!","og_url":"https:\/\/123-esta.com\/es\/visitar-nevada-una-experiencia-absolutamente-extraordinaria\/","og_site_name":"Formulaire ESTA pour les USA","article_modified_time":"2022-09-19T15:28:21+00:00","twitter_card":"summary_large_image","twitter_misc":{"Tiempo de lectura":"2 minutos"},"schema":{"@context":"https:\/\/schema.org","@graph":[{"@type":"WebPage","@id":"https:\/\/123-esta.com\/es\/visitar-nevada-una-experiencia-absolutamente-extraordinaria\/","url":"https:\/\/123-esta.com\/es\/visitar-nevada-una-experiencia-absolutamente-extraordinaria\/","name":"Visite Nevada para su pr\u00f3ximo viaje a los Estados Unidos","isPartOf":{"@id":"https:\/\/123-esta.com\/es\/#website"},"datePublished":"2021-12-21T16:06:19+00:00","dateModified":"2022-09-19T15:28:21+00:00","description":"Visitar Nevada tiene muchas sorpresas para usted, como su ciudad insignia: Las Vegas. \u00a1D\u00e9jese tentar con ESTA en su bolsillo!","inLanguage":"es","potentialAction":[{"@type":"ReadAction","target":["https:\/\/123-esta.com\/es\/visitar-nevada-una-experiencia-absolutamente-extraordinaria\/"]}]},{"@type":"WebSite","@id":"https:\/\/123-esta.com\/es\/#website","url":"https:\/\/123-esta.com\/es\/","name":"Formulaire ESTA pour les USA","description":"","publisher":{"@id":"https:\/\/123-esta.com\/es\/#organization"},"potentialAction":[{"@type":"SearchAction","target":{"@type":"EntryPoint","urlTemplate":"https:\/\/123-esta.com\/es\/?s={search_term_string}"},"query-input":{"@type":"PropertyValueSpecification","valueRequired":true,"valueName":"search_term_string"}}],"inLanguage":"es"},{"@type":"Organization","@id":"https:\/\/123-esta.com\/es\/#organization","name":"Formulaire ESTA pour les USA","url":"https:\/\/123-esta.com\/es\/","logo":{"@type":"ImageObject","inLanguage":"es","@id":"https:\/\/123-esta.com\/es\/#\/schema\/logo\/image\/","url":"https:\/\/123-esta.com\/wp-content\/uploads\/2018\/03\/logo-123-esta.png","contentUrl":"https:\/\/123-esta.com\/wp-content\/uploads\/2018\/03\/logo-123-esta.png","width":191,"height":54,"caption":"Formulaire ESTA pour les USA"},"image":{"@id":"https:\/\/123-esta.com\/es\/#\/schema\/logo\/image\/"}}]}},"_links":{"self":[{"href":"https:\/\/123-esta.com\/es\/wp-json\/wp\/v2\/pages\/1483","targetHints":{"allow":["GET"]}}],"collection":[{"href":"https:\/\/123-esta.com\/es\/wp-json\/wp\/v2\/pages"}],"about":[{"href":"https:\/\/123-esta.com\/es\/wp-json\/wp\/v2\/types\/page"}],"author":[{"embeddable":true,"href":"https:\/\/123-esta.com\/es\/wp-json\/wp\/v2\/users\/1"}],"replies":[{"embeddable":true,"href":"https:\/\/123-esta.com\/es\/wp-json\/wp\/v2\/comments?post=1483"}],"version-history":[{"count":0,"href":"https:\/\/123-esta.com\/es\/wp-json\/wp\/v2\/pages\/1483\/revisions"}],"wp:attachment":[{"href":"https:\/\/123-esta.com\/es\/wp-json\/wp\/v2\/media?parent=1483"}],"curies":[{"name":"wp","href":"https:\/\/api.w.org\/{rel}","templated":true}]}}