{"id":1480,"date":"2021-12-21T17:06:05","date_gmt":"2021-12-21T16:06:05","guid":{"rendered":"https:\/\/123-esta.com\/principales-ciudades-y-regiones-para-visitar-durante-su-viaje-a-ee-uu\/"},"modified":"2022-09-16T10:37:44","modified_gmt":"2022-09-16T08:37:44","slug":"ciudades-y-regiones-para-visitar-los-estados-unidos","status":"publish","type":"page","link":"https:\/\/123-esta.com\/es\/ciudades-y-regiones-para-visitar-los-estados-unidos\/","title":{"rendered":"Principales ciudades y regiones para visitar durante su viaje a EE. UU."},"content":{"rendered":"\n<p>De este a oeste y de norte a sur, Estados Unidos tiene mucho que ofrecer, desde magn\u00edficas costas hasta majestuosas cadenas monta\u00f1osas, metr\u00f3polis modernas, pero tambi\u00e9n escenarios naturales incre\u00edbles. \u00a1Sin duda hay algo para todos! Si todav\u00eda est\u00e1 dudando entre qu\u00e9 ver y <a href=\"https:\/\/123-esta.com\/es\/que-ver-y-visitar-durante-su-estadia-en-estados-unidos\/\">qu\u00e9 visitar en los EE . UU.<\/a>, \u00a1Aqu\u00ed est\u00e1n nuestras recomendaciones!<\/p>\n\n<h2 class=\"wp-block-heading\">Nueva York<\/h2>\n\n<p><a href=\"https:\/\/123-esta.com\/es\/las-10-visitas-obligadas-en-nueva-york\/\">Nueva York<\/a>, la Gran Manzana, es una visita obligada para todos los viajeros, especialmente si es su primera visita a los EE. UU. La ciudad es popular gracias en particular a los famosos taxis amarillos que recorren la ciudad d\u00eda y noche. Desde el Rockefeller Center hasta Times Square, pasando por el Museo Metropolitano de Arte, Broadway y Manhattan, la ciudad que nunca duerme lo tiene disponible las 24 horas del d\u00eda, los 7 d\u00edas de la semana.<\/p>\n\n<h2 class=\"wp-block-heading\">El noreste de los EE. UU.<\/h2>\n\n<p>Entre las rutas m\u00e1s populares, el <a href=\"https:\/\/123-esta.com\/es\/que-hacer-en-el-noreste-de-los-estados-unidos\/\">noreste de los EE . UU.<\/a> No se queda atr\u00e1s. Y por una buena raz\u00f3n, esta regi\u00f3n americana re\u00fane a 3 de las ciudades m\u00e1s interesantes del pa\u00eds: Nueva York, Boston y Filadelfia. Tanto si busca modernidad como si tiene un hambre insaciable de historia y cultura, quedar\u00e1 satisfecho porque el noreste de los EE. UU. Es la mezcla perfecta entre lo antiguo y lo nuevo. \u00a1Quedar\u00e1s asombrado!<\/p>\n\n<h2 class=\"wp-block-heading\">Florida<\/h2>\n\n<p>Este estado es EL destino perfecto para un viaje en familia: el clima es agradable y soleado la mayor parte del a\u00f1o, lo que permite vivir aventuras divertidas y emocionantes para grandes y peque\u00f1os. En <a href=\"https:\/\/123-esta.com\/es\/que-hacer-en-florida\/\">Florida hay muchos parques tem\u00e1ticos<\/a>, como Disney World y Universal Studios.<\/p>\n\n<h2 class=\"wp-block-heading\">California<\/h2>\n\n<p>\u00bfQuiere pasear por Venice Beach, tomar un c\u00f3ctel en el Beverley Hills Hotel o comprar en los distritos comerciales de Los \u00c1ngeles? \u00a1Entonces <a href=\"https:\/\/123-esta.com\/es\/que-ver-y-hacer-en-california\/\">California<\/a> es para ti! \u00a1Incluso puede tomar los recorridos en autob\u00fas para ver d\u00f3nde viven sus estrellas favoritas de Hollywood!<\/p>\n\n<h2 class=\"wp-block-heading\">Nueva Orleans<\/h2>\n\n<p><a href=\"https:\/\/123-esta.com\/es\/que-ver-y-hacer-en-nueva-orleans\/\">Nueva Orleans<\/a>, conocida por sus coloridos festivales y su loca y divertida vida nocturna, es considerada la ciudad \u00abespecialista\u00bb en fiestas. La cocina no se queda atr\u00e1s para los amantes de las comidas de influencia criolla. Nueva Orleans es uno de los destinos favoritos de los franceses, lo que puede explicarse por el v\u00ednculo hist\u00f3rico entre Luisiana y Francia.<\/p>\n\n<h2 class=\"wp-block-heading\">Nevada<\/h2>\n\n<p>\u00a1 <a href=\"https:\/\/123-esta.com\/es\/visitar-nevada-una-experiencia-absolutamente-extraordinaria\/\">Nevada<\/a> es el lugar de nacimiento de la ciudad de toda la diversi\u00f3n! Situada en el desierto, Las Vegas no es en absoluto un lugar carente de actividades, sino todo lo contrario: hoteles lujosos, casinos gigantescos, excelente gastronom\u00eda, compras de alta gama, espect\u00e1culos que le dejar\u00e1n boquiabierto&#8230; \u00a1Nunca hay un momento aburrido en Las Vegas!<\/p>\n\n<h2 class=\"wp-block-heading\">La casa Blanca<\/h2>\n\n<p>Con nada menos que 132 habitaciones, 35 ba\u00f1os, 6 pisos, 412 puertas, 147 ventanas, 28 chimeneas, 8 escaleras y 3 ascensores, la <a href=\"https:\/\/123-esta.com\/es\/visita-a-la-casa-blanca\/\">Casa Blanca<\/a> es el s\u00edmbolo del gobierno estadounidense en todo el mundo. Partes de este impecable edificio est\u00e1n abiertas al p\u00fablico todos los d\u00edas del a\u00f1o para admirar la decoraci\u00f3n y las pinturas legendarias de los ex presidentes. Como extranjero, debe ponerse en contacto con su embajada en Washington D.C. con suficiente antelaci\u00f3n para organizar su visita.<\/p>\n","protected":false},"excerpt":{"rendered":"<p>De este a oeste y de norte a sur, Estados Unidos tiene mucho que ofrecer, desde magn\u00edficas costas hasta majestuosas cadenas monta\u00f1osas, metr\u00f3polis modernas, pero tambi\u00e9n escenarios naturales incre\u00edbles. \u00a1Sin duda hay algo para todos! Si todav\u00eda est\u00e1 dudando entre qu\u00e9 ver y qu\u00e9 visitar en los EE . UU., \u00a1Aqu\u00ed est\u00e1n nuestras recomendaciones! Nueva [&hellip;]<\/p>\n","protected":false},"author":1,"featured_media":0,"parent":0,"menu_order":0,"comment_status":"closed","ping_status":"closed","template":"","meta":{"site-sidebar-layout":"default","site-content-layout":"default","ast-site-content-layout":"default","site-content-style":"default","site-sidebar-style":"default","ast-global-header-display":"","ast-banner-title-visibility":"","ast-main-header-display":"","ast-hfb-above-header-display":"","ast-hfb-below-header-display":"","ast-hfb-mobile-header-display":"","site-post-title":"","ast-breadcrumbs-content":"","ast-featured-img":"","footer-sml-layout":"","ast-disable-related-posts":"","theme-transparent-header-meta":"default","adv-header-id-meta":"","stick-header-meta":"default","header-above-stick-meta":"","header-main-stick-meta":"","header-below-stick-meta":"","astra-migrate-meta-layouts":"default","ast-page-background-enabled":"default","ast-page-background-meta":{"desktop":{"background-color":"","background-image":"","background-repeat":"repeat","background-position":"center center","background-size":"auto","background-attachment":"scroll","background-type":"","background-media":"","overlay-type":"","overlay-color":"","overlay-opacity":"","overlay-gradient":""},"tablet":{"background-color":"","background-image":"","background-repeat":"repeat","background-position":"center center","background-size":"auto","background-attachment":"scroll","background-type":"","background-media":"","overlay-type":"","overlay-color":"","overlay-opacity":"","overlay-gradient":""},"mobile":{"background-color":"","background-image":"","background-repeat":"repeat","background-position":"center center","background-size":"auto","background-attachment":"scroll","background-type":"","background-media":"","overlay-type":"","overlay-color":"","overlay-opacity":"","overlay-gradient":""}},"ast-content-background-meta":{"desktop":{"background-color":"var(--ast-global-color-5)","background-image":"","background-repeat":"repeat","background-position":"center center","background-size":"auto","background-attachment":"scroll","background-type":"","background-media":"","overlay-type":"","overlay-color":"","overlay-opacity":"","overlay-gradient":""},"tablet":{"background-color":"var(--ast-global-color-5)","background-image":"","background-repeat":"repeat","background-position":"center center","background-size":"auto","background-attachment":"scroll","background-type":"","background-media":"","overlay-type":"","overlay-color":"","overlay-opacity":"","overlay-gradient":""},"mobile":{"background-color":"var(--ast-global-color-5)","background-image":"","background-repeat":"repeat","background-position":"center center","background-size":"auto","background-attachment":"scroll","background-type":"","background-media":"","overlay-type":"","overlay-color":"","overlay-opacity":"","overlay-gradient":""}},"footnotes":""},"class_list":["post-1480","page","type-page","status-publish","hentry"],"yoast_head":"<!-- This site is optimized with the Yoast SEO plugin v27.1.1 - https:\/\/yoast.com\/product\/yoast-seo-wordpress\/ -->\n<title>Viajes a EE. UU .: principales ciudades y regiones para visitar<\/title>\n<meta name=\"description\" content=\"\u00bfCu\u00e1les son las principales ciudades y regiones para visitar en los EE. UU.?\" \/>\n<meta name=\"robots\" content=\"index, follow, max-snippet:-1, max-image-preview:large, max-video-preview:-1\" \/>\n<link rel=\"canonical\" href=\"https:\/\/123-esta.com\/es\/ciudades-y-regiones-para-visitar-los-estados-unidos\/\" \/>\n<meta property=\"og:locale\" content=\"es_ES\" \/>\n<meta property=\"og:type\" content=\"article\" \/>\n<meta property=\"og:title\" content=\"Viajes a EE. UU .: principales ciudades y regiones para visitar\" \/>\n<meta property=\"og:description\" content=\"\u00bfCu\u00e1les son las principales ciudades y regiones para visitar en los EE. UU.?\" \/>\n<meta property=\"og:url\" content=\"https:\/\/123-esta.com\/es\/ciudades-y-regiones-para-visitar-los-estados-unidos\/\" \/>\n<meta property=\"og:site_name\" content=\"Formulaire ESTA pour les USA\" \/>\n<meta property=\"article:modified_time\" content=\"2022-09-16T08:37:44+00:00\" \/>\n<meta name=\"twitter:card\" content=\"summary_large_image\" \/>\n<meta name=\"twitter:label1\" content=\"Tiempo de lectura\" \/>\n\t<meta name=\"twitter:data1\" content=\"3 minutos\" \/>\n<script type=\"application\/ld+json\" class=\"yoast-schema-graph\">{\"@context\":\"https:\/\/schema.org\",\"@graph\":[{\"@type\":\"WebPage\",\"@id\":\"https:\/\/123-esta.com\/es\/ciudades-y-regiones-para-visitar-los-estados-unidos\/\",\"url\":\"https:\/\/123-esta.com\/es\/ciudades-y-regiones-para-visitar-los-estados-unidos\/\",\"name\":\"Viajes a EE. UU .: principales ciudades y regiones para visitar\",\"isPartOf\":{\"@id\":\"https:\/\/123-esta.com\/es\/#website\"},\"datePublished\":\"2021-12-21T16:06:05+00:00\",\"dateModified\":\"2022-09-16T08:37:44+00:00\",\"description\":\"\u00bfCu\u00e1les son las principales ciudades y regiones para visitar en los EE. UU.?\",\"inLanguage\":\"es\",\"potentialAction\":[{\"@type\":\"ReadAction\",\"target\":[\"https:\/\/123-esta.com\/es\/ciudades-y-regiones-para-visitar-los-estados-unidos\/\"]}]},{\"@type\":\"WebSite\",\"@id\":\"https:\/\/123-esta.com\/es\/#website\",\"url\":\"https:\/\/123-esta.com\/es\/\",\"name\":\"Formulaire ESTA pour les USA\",\"description\":\"\",\"publisher\":{\"@id\":\"https:\/\/123-esta.com\/es\/#organization\"},\"potentialAction\":[{\"@type\":\"SearchAction\",\"target\":{\"@type\":\"EntryPoint\",\"urlTemplate\":\"https:\/\/123-esta.com\/es\/?s={search_term_string}\"},\"query-input\":{\"@type\":\"PropertyValueSpecification\",\"valueRequired\":true,\"valueName\":\"search_term_string\"}}],\"inLanguage\":\"es\"},{\"@type\":\"Organization\",\"@id\":\"https:\/\/123-esta.com\/es\/#organization\",\"name\":\"Formulaire ESTA pour les USA\",\"url\":\"https:\/\/123-esta.com\/es\/\",\"logo\":{\"@type\":\"ImageObject\",\"inLanguage\":\"es\",\"@id\":\"https:\/\/123-esta.com\/es\/#\/schema\/logo\/image\/\",\"url\":\"https:\/\/123-esta.com\/wp-content\/uploads\/2018\/03\/logo-123-esta.png\",\"contentUrl\":\"https:\/\/123-esta.com\/wp-content\/uploads\/2018\/03\/logo-123-esta.png\",\"width\":191,\"height\":54,\"caption\":\"Formulaire ESTA pour les USA\"},\"image\":{\"@id\":\"https:\/\/123-esta.com\/es\/#\/schema\/logo\/image\/\"}}]}<\/script>\n<!-- \/ Yoast SEO plugin. -->","yoast_head_json":{"title":"Viajes a EE. UU .: principales ciudades y regiones para visitar","description":"\u00bfCu\u00e1les son las principales ciudades y regiones para visitar en los EE. UU.?","robots":{"index":"index","follow":"follow","max-snippet":"max-snippet:-1","max-image-preview":"max-image-preview:large","max-video-preview":"max-video-preview:-1"},"canonical":"https:\/\/123-esta.com\/es\/ciudades-y-regiones-para-visitar-los-estados-unidos\/","og_locale":"es_ES","og_type":"article","og_title":"Viajes a EE. UU .: principales ciudades y regiones para visitar","og_description":"\u00bfCu\u00e1les son las principales ciudades y regiones para visitar en los EE. UU.?","og_url":"https:\/\/123-esta.com\/es\/ciudades-y-regiones-para-visitar-los-estados-unidos\/","og_site_name":"Formulaire ESTA pour les USA","article_modified_time":"2022-09-16T08:37:44+00:00","twitter_card":"summary_large_image","twitter_misc":{"Tiempo de lectura":"3 minutos"},"schema":{"@context":"https:\/\/schema.org","@graph":[{"@type":"WebPage","@id":"https:\/\/123-esta.com\/es\/ciudades-y-regiones-para-visitar-los-estados-unidos\/","url":"https:\/\/123-esta.com\/es\/ciudades-y-regiones-para-visitar-los-estados-unidos\/","name":"Viajes a EE. UU .: principales ciudades y regiones para visitar","isPartOf":{"@id":"https:\/\/123-esta.com\/es\/#website"},"datePublished":"2021-12-21T16:06:05+00:00","dateModified":"2022-09-16T08:37:44+00:00","description":"\u00bfCu\u00e1les son las principales ciudades y regiones para visitar en los EE. UU.?","inLanguage":"es","potentialAction":[{"@type":"ReadAction","target":["https:\/\/123-esta.com\/es\/ciudades-y-regiones-para-visitar-los-estados-unidos\/"]}]},{"@type":"WebSite","@id":"https:\/\/123-esta.com\/es\/#website","url":"https:\/\/123-esta.com\/es\/","name":"Formulaire ESTA pour les USA","description":"","publisher":{"@id":"https:\/\/123-esta.com\/es\/#organization"},"potentialAction":[{"@type":"SearchAction","target":{"@type":"EntryPoint","urlTemplate":"https:\/\/123-esta.com\/es\/?s={search_term_string}"},"query-input":{"@type":"PropertyValueSpecification","valueRequired":true,"valueName":"search_term_string"}}],"inLanguage":"es"},{"@type":"Organization","@id":"https:\/\/123-esta.com\/es\/#organization","name":"Formulaire ESTA pour les USA","url":"https:\/\/123-esta.com\/es\/","logo":{"@type":"ImageObject","inLanguage":"es","@id":"https:\/\/123-esta.com\/es\/#\/schema\/logo\/image\/","url":"https:\/\/123-esta.com\/wp-content\/uploads\/2018\/03\/logo-123-esta.png","contentUrl":"https:\/\/123-esta.com\/wp-content\/uploads\/2018\/03\/logo-123-esta.png","width":191,"height":54,"caption":"Formulaire ESTA pour les USA"},"image":{"@id":"https:\/\/123-esta.com\/es\/#\/schema\/logo\/image\/"}}]}},"_links":{"self":[{"href":"https:\/\/123-esta.com\/es\/wp-json\/wp\/v2\/pages\/1480","targetHints":{"allow":["GET"]}}],"collection":[{"href":"https:\/\/123-esta.com\/es\/wp-json\/wp\/v2\/pages"}],"about":[{"href":"https:\/\/123-esta.com\/es\/wp-json\/wp\/v2\/types\/page"}],"author":[{"embeddable":true,"href":"https:\/\/123-esta.com\/es\/wp-json\/wp\/v2\/users\/1"}],"replies":[{"embeddable":true,"href":"https:\/\/123-esta.com\/es\/wp-json\/wp\/v2\/comments?post=1480"}],"version-history":[{"count":0,"href":"https:\/\/123-esta.com\/es\/wp-json\/wp\/v2\/pages\/1480\/revisions"}],"wp:attachment":[{"href":"https:\/\/123-esta.com\/es\/wp-json\/wp\/v2\/media?parent=1480"}],"curies":[{"name":"wp","href":"https:\/\/api.w.org\/{rel}","templated":true}]}}