{"id":1479,"date":"2021-12-21T17:05:55","date_gmt":"2021-12-21T16:05:55","guid":{"rendered":"https:\/\/123-esta.com\/el-pasaporte-de-ee-uu-el-documento-de-identidad-imprescindible-para-salir\/"},"modified":"2022-09-13T22:52:14","modified_gmt":"2022-09-13T20:52:14","slug":"esta-eeuu-pasaporte","status":"publish","type":"page","link":"https:\/\/123-esta.com\/es\/esta-eeuu-pasaporte\/","title":{"rendered":"Qu\u00e9 pasaporte ESTA utilizar para viajar a Estados Unidos"},"content":{"rendered":"\n<p>\u00bfPlaneas irte de vacaciones a Estados Unidos? Ya sea que sea un novato o un viajero frecuente, una vez que salga de la Uni\u00f3n Europea, debe tener un pasaporte para los Estados Unidos antes de solicitar cualquier autorizaci\u00f3n de viaje o visa.<\/p>\n\n<p>Si ya tiene una autorizaci\u00f3n de viaje bajo el programa de exenci\u00f3n de visa, le recordamos que la <a href=\"https:\/\/123-esta.com\/es\/validez-esta\/\">validez de ESTA<\/a> tambi\u00e9n est\u00e1 vinculada a la de su pasaporte de EE. UU. Asimismo, si esta \u00faltima ha caducado desde que se emiti\u00f3 tu autorizaci\u00f3n, dejar\u00e1 de ser v\u00e1lida y tendr\u00e1s que reiterar tu solicitud.<\/p>\n\n<h2 class=\"wp-block-heading\">\u00bfQu\u00e9 pasaporte para los Estados Unidos?<\/h2>\n\n<p>Los controles de seguridad estadounidenses se han reforzado a lo largo de los a\u00f1os, por lo que cada viajero debe tener un pasaporte estadounidense electr\u00f3nico o biom\u00e9trico. A partir de 2016, los pasaportes de lectura \u00f3ptica ya no son v\u00e1lidos para viajar a los EE. UU.<\/p>\n\n<p>La versi\u00f3n biom\u00e9trica es m\u00e1s nueva que la electr\u00f3nica. Para saber qu\u00e9 tipo de pasaporte de EE. UU. Tiene, es muy simple: todo lo que tiene que hacer es mirar la portada de su documento, la palabra \u00abPasaporte\u00bb est\u00e1 subrayada en la versi\u00f3n biom\u00e9trica.<\/p>\n\n<p>De hecho, el pasaporte electr\u00f3nico se puso en circulaci\u00f3n en 2006 en Francia. Contiene en formato digital la informaci\u00f3n relativa al titular: nombres, fecha de nacimiento, nacionalidad as\u00ed como el n\u00famero de documento.<\/p>\n\n<p>El pasaporte biom\u00e9trico se emite desde 2009 en Francia. Adem\u00e1s de la informaci\u00f3n ya registrada en el pasaporte electr\u00f3nico, tambi\u00e9n contiene la foto escaneada y las huellas dactilares del titular.<\/p>\n\n<p>Electr\u00f3nico o biom\u00e9trico, su pasaporte de EE. UU. Es un documento esencial que le permitir\u00e1 solicitar una visa o autorizaci\u00f3n de viaje.<\/p>\n\n<h2 class=\"wp-block-heading\">Solicite un pasaporte de EE. UU. Para su viaje<\/h2>\n\n<p>Se recomienda que solicites un pasaporte de EE. UU. Lo antes posible, especialmente si te vas en verano, per\u00edodo en el que las solicitudes van en aumento, lo que alarga los retrasos en su obtenci\u00f3n. De hecho, muchos viajeros van a los Estados Unidos en el verano, durante las vacaciones de verano.<\/p>\n\n<p>Lo emiten los ayuntamientos, las subprefecturas y las prefecturas de polic\u00eda. Si presenta la solicitud desde el extranjero, se lo entregar\u00e1 la embajada o el consulado de su pa\u00eds de residencia.<br\/>Para que una primera solicitud de pasaporte vaya a los EE. UU., Deber\u00e1 proporcionar un documento de identidad v\u00e1lido, dos fotograf\u00edas de identidad y un comprobante de domicilio. Si se trata de una renovaci\u00f3n, deber\u00e1 traer de vuelta su pasaporte que ser\u00e1 destruido en el lugar por el agente administrativo.<\/p>\n\n<p>El precio del timbre fiscal es actualmente de 96 \u20ac, que puedes conseguir en un estanco por ejemplo.<\/p>\n\n<h2 class=\"wp-block-heading\">Validez del pasaporte de EE. UU.<\/h2>\n\n<p>El pasaporte es v\u00e1lido por 10 a\u00f1os para adultos (y 5 a\u00f1os para menores). Cuando viaje a los Estados Unidos, su pasaporte de EE. UU. Debe ser v\u00e1lido para toda la estad\u00eda. Sin embargo, la administraci\u00f3n espa\u00f1ol recomienda que tenga una validez de 6 meses a partir de la fecha de regreso de su viaje a Estados Unidos.<\/p>\n","protected":false},"excerpt":{"rendered":"<p>\u00bfPlaneas irte de vacaciones a Estados Unidos? Ya sea que sea un novato o un viajero frecuente, una vez que salga de la Uni\u00f3n Europea, debe tener un pasaporte para los Estados Unidos antes de solicitar cualquier autorizaci\u00f3n de viaje o visa. Si ya tiene una autorizaci\u00f3n de viaje bajo el programa de exenci\u00f3n de [&hellip;]<\/p>\n","protected":false},"author":1,"featured_media":0,"parent":0,"menu_order":0,"comment_status":"closed","ping_status":"closed","template":"","meta":{"site-sidebar-layout":"default","site-content-layout":"default","ast-site-content-layout":"default","site-content-style":"default","site-sidebar-style":"default","ast-global-header-display":"","ast-banner-title-visibility":"","ast-main-header-display":"","ast-hfb-above-header-display":"","ast-hfb-below-header-display":"","ast-hfb-mobile-header-display":"","site-post-title":"","ast-breadcrumbs-content":"","ast-featured-img":"","footer-sml-layout":"","ast-disable-related-posts":"","theme-transparent-header-meta":"default","adv-header-id-meta":"","stick-header-meta":"default","header-above-stick-meta":"","header-main-stick-meta":"","header-below-stick-meta":"","astra-migrate-meta-layouts":"default","ast-page-background-enabled":"default","ast-page-background-meta":{"desktop":{"background-color":"","background-image":"","background-repeat":"repeat","background-position":"center center","background-size":"auto","background-attachment":"scroll","background-type":"","background-media":"","overlay-type":"","overlay-color":"","overlay-opacity":"","overlay-gradient":""},"tablet":{"background-color":"","background-image":"","background-repeat":"repeat","background-position":"center center","background-size":"auto","background-attachment":"scroll","background-type":"","background-media":"","overlay-type":"","overlay-color":"","overlay-opacity":"","overlay-gradient":""},"mobile":{"background-color":"","background-image":"","background-repeat":"repeat","background-position":"center center","background-size":"auto","background-attachment":"scroll","background-type":"","background-media":"","overlay-type":"","overlay-color":"","overlay-opacity":"","overlay-gradient":""}},"ast-content-background-meta":{"desktop":{"background-color":"var(--ast-global-color-5)","background-image":"","background-repeat":"repeat","background-position":"center center","background-size":"auto","background-attachment":"scroll","background-type":"","background-media":"","overlay-type":"","overlay-color":"","overlay-opacity":"","overlay-gradient":""},"tablet":{"background-color":"var(--ast-global-color-5)","background-image":"","background-repeat":"repeat","background-position":"center center","background-size":"auto","background-attachment":"scroll","background-type":"","background-media":"","overlay-type":"","overlay-color":"","overlay-opacity":"","overlay-gradient":""},"mobile":{"background-color":"var(--ast-global-color-5)","background-image":"","background-repeat":"repeat","background-position":"center center","background-size":"auto","background-attachment":"scroll","background-type":"","background-media":"","overlay-type":"","overlay-color":"","overlay-opacity":"","overlay-gradient":""}},"footnotes":""},"class_list":["post-1479","page","type-page","status-publish","hentry"],"yoast_head":"<!-- This site is optimized with the Yoast SEO plugin v27.1.1 - https:\/\/yoast.com\/product\/yoast-seo-wordpress\/ -->\n<title>Qu\u00e9 pasaporte ESTA utilizar para viajar a Estados Unidos<\/title>\n<meta name=\"description\" content=\"Para viajar fuera del espacio Schegen se necesita un pasaporte. Las autoridades estadounidenses s\u00f3lo aceptan pasaportes biom\u00e9tricos\" \/>\n<meta name=\"robots\" content=\"index, follow, max-snippet:-1, max-image-preview:large, max-video-preview:-1\" \/>\n<link rel=\"canonical\" href=\"https:\/\/123-esta.com\/es\/esta-eeuu-pasaporte\/\" \/>\n<meta property=\"og:locale\" content=\"es_ES\" \/>\n<meta property=\"og:type\" content=\"article\" \/>\n<meta property=\"og:title\" content=\"Qu\u00e9 pasaporte ESTA utilizar para viajar a Estados Unidos\" \/>\n<meta property=\"og:description\" content=\"Para viajar fuera del espacio Schegen se necesita un pasaporte. Las autoridades estadounidenses s\u00f3lo aceptan pasaportes biom\u00e9tricos\" \/>\n<meta property=\"og:url\" content=\"https:\/\/123-esta.com\/es\/esta-eeuu-pasaporte\/\" \/>\n<meta property=\"og:site_name\" content=\"Formulaire ESTA pour les USA\" \/>\n<meta property=\"article:modified_time\" content=\"2022-09-13T20:52:14+00:00\" \/>\n<meta name=\"twitter:card\" content=\"summary_large_image\" \/>\n<meta name=\"twitter:label1\" content=\"Tiempo de lectura\" \/>\n\t<meta name=\"twitter:data1\" content=\"3 minutos\" \/>\n<script type=\"application\/ld+json\" class=\"yoast-schema-graph\">{\"@context\":\"https:\/\/schema.org\",\"@graph\":[{\"@type\":\"WebPage\",\"@id\":\"https:\/\/123-esta.com\/es\/esta-eeuu-pasaporte\/\",\"url\":\"https:\/\/123-esta.com\/es\/esta-eeuu-pasaporte\/\",\"name\":\"Qu\u00e9 pasaporte ESTA utilizar para viajar a Estados Unidos\",\"isPartOf\":{\"@id\":\"https:\/\/123-esta.com\/es\/#website\"},\"datePublished\":\"2021-12-21T16:05:55+00:00\",\"dateModified\":\"2022-09-13T20:52:14+00:00\",\"description\":\"Para viajar fuera del espacio Schegen se necesita un pasaporte. Las autoridades estadounidenses s\u00f3lo aceptan pasaportes biom\u00e9tricos\",\"inLanguage\":\"es\",\"potentialAction\":[{\"@type\":\"ReadAction\",\"target\":[\"https:\/\/123-esta.com\/es\/esta-eeuu-pasaporte\/\"]}]},{\"@type\":\"WebSite\",\"@id\":\"https:\/\/123-esta.com\/es\/#website\",\"url\":\"https:\/\/123-esta.com\/es\/\",\"name\":\"Formulaire ESTA pour les USA\",\"description\":\"\",\"publisher\":{\"@id\":\"https:\/\/123-esta.com\/es\/#organization\"},\"potentialAction\":[{\"@type\":\"SearchAction\",\"target\":{\"@type\":\"EntryPoint\",\"urlTemplate\":\"https:\/\/123-esta.com\/es\/?s={search_term_string}\"},\"query-input\":{\"@type\":\"PropertyValueSpecification\",\"valueRequired\":true,\"valueName\":\"search_term_string\"}}],\"inLanguage\":\"es\"},{\"@type\":\"Organization\",\"@id\":\"https:\/\/123-esta.com\/es\/#organization\",\"name\":\"Formulaire ESTA pour les USA\",\"url\":\"https:\/\/123-esta.com\/es\/\",\"logo\":{\"@type\":\"ImageObject\",\"inLanguage\":\"es\",\"@id\":\"https:\/\/123-esta.com\/es\/#\/schema\/logo\/image\/\",\"url\":\"https:\/\/123-esta.com\/wp-content\/uploads\/2018\/03\/logo-123-esta.png\",\"contentUrl\":\"https:\/\/123-esta.com\/wp-content\/uploads\/2018\/03\/logo-123-esta.png\",\"width\":191,\"height\":54,\"caption\":\"Formulaire ESTA pour les USA\"},\"image\":{\"@id\":\"https:\/\/123-esta.com\/es\/#\/schema\/logo\/image\/\"}}]}<\/script>\n<!-- \/ Yoast SEO plugin. -->","yoast_head_json":{"title":"Qu\u00e9 pasaporte ESTA utilizar para viajar a Estados Unidos","description":"Para viajar fuera del espacio Schegen se necesita un pasaporte. Las autoridades estadounidenses s\u00f3lo aceptan pasaportes biom\u00e9tricos","robots":{"index":"index","follow":"follow","max-snippet":"max-snippet:-1","max-image-preview":"max-image-preview:large","max-video-preview":"max-video-preview:-1"},"canonical":"https:\/\/123-esta.com\/es\/esta-eeuu-pasaporte\/","og_locale":"es_ES","og_type":"article","og_title":"Qu\u00e9 pasaporte ESTA utilizar para viajar a Estados Unidos","og_description":"Para viajar fuera del espacio Schegen se necesita un pasaporte. Las autoridades estadounidenses s\u00f3lo aceptan pasaportes biom\u00e9tricos","og_url":"https:\/\/123-esta.com\/es\/esta-eeuu-pasaporte\/","og_site_name":"Formulaire ESTA pour les USA","article_modified_time":"2022-09-13T20:52:14+00:00","twitter_card":"summary_large_image","twitter_misc":{"Tiempo de lectura":"3 minutos"},"schema":{"@context":"https:\/\/schema.org","@graph":[{"@type":"WebPage","@id":"https:\/\/123-esta.com\/es\/esta-eeuu-pasaporte\/","url":"https:\/\/123-esta.com\/es\/esta-eeuu-pasaporte\/","name":"Qu\u00e9 pasaporte ESTA utilizar para viajar a Estados Unidos","isPartOf":{"@id":"https:\/\/123-esta.com\/es\/#website"},"datePublished":"2021-12-21T16:05:55+00:00","dateModified":"2022-09-13T20:52:14+00:00","description":"Para viajar fuera del espacio Schegen se necesita un pasaporte. Las autoridades estadounidenses s\u00f3lo aceptan pasaportes biom\u00e9tricos","inLanguage":"es","potentialAction":[{"@type":"ReadAction","target":["https:\/\/123-esta.com\/es\/esta-eeuu-pasaporte\/"]}]},{"@type":"WebSite","@id":"https:\/\/123-esta.com\/es\/#website","url":"https:\/\/123-esta.com\/es\/","name":"Formulaire ESTA pour les USA","description":"","publisher":{"@id":"https:\/\/123-esta.com\/es\/#organization"},"potentialAction":[{"@type":"SearchAction","target":{"@type":"EntryPoint","urlTemplate":"https:\/\/123-esta.com\/es\/?s={search_term_string}"},"query-input":{"@type":"PropertyValueSpecification","valueRequired":true,"valueName":"search_term_string"}}],"inLanguage":"es"},{"@type":"Organization","@id":"https:\/\/123-esta.com\/es\/#organization","name":"Formulaire ESTA pour les USA","url":"https:\/\/123-esta.com\/es\/","logo":{"@type":"ImageObject","inLanguage":"es","@id":"https:\/\/123-esta.com\/es\/#\/schema\/logo\/image\/","url":"https:\/\/123-esta.com\/wp-content\/uploads\/2018\/03\/logo-123-esta.png","contentUrl":"https:\/\/123-esta.com\/wp-content\/uploads\/2018\/03\/logo-123-esta.png","width":191,"height":54,"caption":"Formulaire ESTA pour les USA"},"image":{"@id":"https:\/\/123-esta.com\/es\/#\/schema\/logo\/image\/"}}]}},"_links":{"self":[{"href":"https:\/\/123-esta.com\/es\/wp-json\/wp\/v2\/pages\/1479","targetHints":{"allow":["GET"]}}],"collection":[{"href":"https:\/\/123-esta.com\/es\/wp-json\/wp\/v2\/pages"}],"about":[{"href":"https:\/\/123-esta.com\/es\/wp-json\/wp\/v2\/types\/page"}],"author":[{"embeddable":true,"href":"https:\/\/123-esta.com\/es\/wp-json\/wp\/v2\/users\/1"}],"replies":[{"embeddable":true,"href":"https:\/\/123-esta.com\/es\/wp-json\/wp\/v2\/comments?post=1479"}],"version-history":[{"count":0,"href":"https:\/\/123-esta.com\/es\/wp-json\/wp\/v2\/pages\/1479\/revisions"}],"wp:attachment":[{"href":"https:\/\/123-esta.com\/es\/wp-json\/wp\/v2\/media?parent=1479"}],"curies":[{"name":"wp","href":"https:\/\/api.w.org\/{rel}","templated":true}]}}