{"id":1451,"date":"2021-12-21T17:02:22","date_gmt":"2021-12-21T16:02:22","guid":{"rendered":"https:\/\/123-esta.com\/faq-todas-las-respuestas-a-sus-preguntas-sobre-esta\/"},"modified":"2022-09-19T16:19:10","modified_gmt":"2022-09-19T14:19:10","slug":"faq-todas-las-respuestas-a-sus-preguntas-sobre-esta","status":"publish","type":"page","link":"https:\/\/123-esta.com\/es\/faq-todas-las-respuestas-a-sus-preguntas-sobre-esta\/","title":{"rendered":"FAQ &#8211; Todas las respuestas a sus preguntas sobre ESTA"},"content":{"rendered":"\n<h2 class=\"wp-block-heading\">\u00bfQu\u00e9 es la autorizaci\u00f3n de viaje ESTA?<\/h2>\n\n<p>La <a href=\"https:\/\/123-esta.com\/es\/que-es-esta\/\">visa ESTA<\/a> es un acr\u00f3nimo en ingl\u00e9s que significa \u00abSistema electr\u00f3nico de autorizaci\u00f3n de viaje\u00bb. Este es un sistema electr\u00f3nico para autorizar viajes a los Estados Unidos. Esta autorizaci\u00f3n se implement\u00f3 con el prop\u00f3sito de asegurar viajes a los Estados Unidos.<\/p>\n\n<p>Se trata de un programa desarrollado conjuntamente con el Programa de Exenci\u00f3n de Visado (VWP), que permite viajar a Estados Unidos sin necesidad de visado. Este documento es obligatorio para todos los viajeros sin visa de pa\u00edses admitidos en este programa.<\/p>\n\n<p>Para obtener una autorizaci\u00f3n ESTA, debe completar el formulario de solicitud. Puede completar el formulario en nuestro sitio.<\/p>\n\n<h2 class=\"wp-block-heading\">ESTA, \u00bfpara qui\u00e9n?<\/h2>\n\n<p>ESTA es obligatorio para todas las personas que deseen viajar a los EE. UU. En barco o avi\u00f3n y permanecer menos de 3 meses en suelo americano. Incluso los ni\u00f1os peque\u00f1os (beb\u00e9s) necesitan obtener ESTA. A continuaci\u00f3n, encontrar\u00e1 la lista de pa\u00edses elegibles para el programa.<\/p>\n\n<h2 class=\"wp-block-heading\">\u00bfTengo que ser admitido en los Estados Unidos con ESTA?<\/h2>\n\n<p>La posesi\u00f3n de una autorizaci\u00f3n ESTA no garantiza su admisi\u00f3n a suelo estadounidense. Un oficial de inmigraci\u00f3n lo revisar\u00e1 cuando llegue al puesto fronterizo. \u00c9l puede denegar su admisi\u00f3n de manera efectiva en base a la ley de los EE. UU.<\/p>\n\n<h2 class=\"wp-block-heading\">\u00bfESTA es el equivalente a una visa?<\/h2>\n\n<p>No. ESTA y visa son dos documentos diferentes que no pueden sustituirse. Cuando la visa es obligatoria, ESTA no puede reemplazarla. Si tiene una visa v\u00e1lida con un objeto de estad\u00eda correspondiente a esta visa, puede ir a este pa\u00eds sin ESTA.<\/p>\n\n<h2 class=\"wp-block-heading\">\u00bfCu\u00e1nto tiempo es v\u00e1lida una autorizaci\u00f3n ESTA?<\/h2>\n\n<p>La ESTA es v\u00e1lida por dos (2) a\u00f1os a partir de la fecha de aprobaci\u00f3n. Tambi\u00e9n se puede cancelar mientras sea v\u00e1lido o finalizar al mismo tiempo que el pasaporte si este \u00faltimo expira antes de que finalice la validez de su ESTA.<\/p>\n\n<h2 class=\"wp-block-heading\">\u00bfCu\u00e1ndo solicitar una autorizaci\u00f3n ESTA?<\/h2>\n\n<p>Se recomienda realizar su solicitud al menos 72 horas antes de la salida. Aunque la autorizaci\u00f3n de viaje se puede otorgar en unos minutos, si su solicitud est\u00e1 pendiente, las autoridades estadounidenses se reservan un m\u00e1ximo de tres d\u00edas para estudiar m\u00e1s a fondo su solicitud y brindarle una respuesta.<\/p>\n\n<h2 class=\"wp-block-heading\">\u00bfSe puede aceptar la solicitud del ESTA sin un plan espec\u00edfico?<\/h2>\n\n<p>No es necesario indicar un motivo espec\u00edfico de viaje en la solicitud ESTA. No requiere su itinerario ni su alojamiento. Puede responder \u00abdesconocido\u00bb a muchas preguntas para las que no dispone de informaci\u00f3n, como el contacto en Estados Unidos.<\/p>\n\n<p>Las actualizaciones de su archivo tampoco son obligatorias una vez que se ha aceptado la solicitud.<\/p>\n\n<h2 class=\"wp-block-heading\">\u00bfNecesito una autorizaci\u00f3n ESTA para una simple escala durante un viaje?<\/h2>\n\n<p>Para una escala en los Estados Unidos, es imperativo que un nacional de uno de los pa\u00edses miembros del EPI tenga una autorizaci\u00f3n ESTA o una visa v\u00e1lida. Debe mencionar \u00aben tr\u00e1nsito\u00bb al realizar la solicitud.<\/p>\n\n<h2 class=\"wp-block-heading\">\u00bfPor qu\u00e9 es obligatorio ESTA para viajar a los EE. UU.?<\/h2>\n\n<p>La implementaci\u00f3n de la autorizaci\u00f3n ESTA ayuda a fortalecer la seguridad interna de los Estados Unidos. Con \u00e9l, el Departamento de Seguridad Nacional (DHS) eval\u00faa su admisibilidad en Estados Unidos mucho antes de que llegue all\u00ed, tanto para los viajes por aire como por mar. Tenga en cuenta que desde 2022 el<a href=\"https:\/\/123-esta.com\/es\/funciona-esta-para-una-estancia-por-tierra\/\">ESTA es obligatorio para entrar en Estados Unidos por tierra<\/a>. Determina si su visita representa una amenaza para la seguridad nacional o una violaci\u00f3n de la ley local.<\/p>\n\n<h2 class=\"wp-block-heading\">\u00bfQu\u00e9 es el Programa de exenci\u00f3n de visa?<\/h2>\n\n<p>El Programa de Exenci\u00f3n de Visado (VWP) es una forma de viajar a Estados Unidos sin necesidad de visado. Solo se refiere a viajes de negocios o turismo de menos de 90 d\u00edas. No es posible apelar o impugnar una denegaci\u00f3n de la concesi\u00f3n de la autorizaci\u00f3n ESTA.<\/p>\n\n<h2 class=\"wp-block-heading\">\u00bfQu\u00e9 pa\u00edses est\u00e1n inscritos en el Programa de exenci\u00f3n de visa?<\/h2>\n\n<p>El <a href=\"https:\/\/123-esta.com\/es\/pais-visa-waiver-program\/\">programa de exenci\u00f3n de visado<\/a>  es una prerrogativa de los siguientes pa\u00edses: Alemania, Andorra, Australia, Austria, B\u00e9lgica, Brunei, Chile, Croacia, Dinamarca, Eslovaquia, Eslovenia, Espa\u00f1a, Estonia, Finlandia, Francia, Grecia, Hungr\u00eda, Irlanda, Islandia, Italia, Jap\u00f3n, Letonia, Liechtenstein, Lituania, Luxemburgo, M\u00f3naco, Noruega, Nueva Zelanda, Pa\u00edses Bajos, Polonia, Portugal, Reino Unido, Rep\u00fablica Checa, Rep\u00fablica de Malta, San Marino, Singapur, Suecia, Suiza y Taiw\u00e1n. Eres elegible para el programa si tienes una de estas nacionalidades.<\/p>\n\n<h2 class=\"wp-block-heading\">\u00bfPara qui\u00e9n es el Programa de exenci\u00f3n de visa?<\/h2>\n\n<p>Cualquier persona que tenga la nacionalidad de uno de los pa\u00edses mencionados puede acogerse expl\u00edcitamente al Programa de Exenci\u00f3n de Visado si cumple las condiciones.<\/p>\n\n<p>Estas condiciones son:<\/p>\n\n<ul class=\"wp-block-list\"><li>programar un viaje de menos de 90 d\u00edas a los Estados Unidos para hacer turismo, hacer escala o hacer negocios;<\/li><li>tener un pasaporte expedido por un pa\u00eds miembro del VWP;<\/li><li>tener una autorizaci\u00f3n de viaje ESTA;<\/li><li>viajar en una empresa que haya firmado el acuerdo VWP;<\/li><li>tener un pasaje a otro pa\u00eds o ida y vuelta;<\/li><li>ser una persona inofensiva (sin riesgo para la seguridad, la salud, el equilibrio y la seguridad local);<\/li><li>En el caso de una escala, su destino final no debe ser una isla adyacente en territorio estadounidense o un territorio fronterizo. De lo contrario, debe ser residente de uno de estos lugares.<\/li><\/ul>\n\n<h2 class=\"wp-block-heading\">\u00bfExiste alguna obligaci\u00f3n de pasaporte en el Programa de exenci\u00f3n de visa?<\/h2>\n\n<p>S\u00ed, su pasaporte debe cumplir con los requisitos del Programa de exenci\u00f3n de visa, es decir:<\/p>\n\n<ul class=\"wp-block-list\"><li>tener un \u00e1rea de lectura \u00f3ptica en su p\u00e1gina de identidad,<\/li><li>tener un pasaporte electr\u00f3nico, es decir, con un chip electr\u00f3nico que contenga una foto digital para un pasaporte emitido despu\u00e9s del 26 de octubre de 2005,<\/li><li>Tener pasaporte biom\u00e9trico, es decir e integrar un chip digital que contenga los datos biom\u00e9tricos de un pasaporte emitido a partir del 26 de octubre de 2006.<\/li><\/ul>\n\n<h2 class=\"wp-block-heading\">\u00bfCu\u00e1ndo solicitar una visa para viajar a Estados Unidos?<\/h2>\n\n<p>El <a href=\"https:\/\/123-esta.com\/es\/visado-turista-estados-unidos\/\">visado de turista estadounidense<\/a> es obligatorio cuando :<\/p>\n\n<ul class=\"wp-block-list\"><li>viaja con una compa\u00f1\u00eda a\u00e9rea o de env\u00edo que no ha firmado el programa;<\/li><li>desea permanecer en los Estados Unidos por m\u00e1s de 90 d\u00edas;<\/li><li>la solicitud del ESTA es probable que sea rechazada o ha sido rechazada. En este caso, se requiere la solicitud de una visa de estad\u00eda temporal;<\/li><li>va a viajar a los EE. UU. por un motivo que no sea el turismo o un viaje de negocios.<\/li><\/ul>\n\n<h2 class=\"wp-block-heading\">\u00bfQu\u00e9 necesito para completar mi solicitud de autorizaci\u00f3n?<\/h2>\n\n<p>Para completar su solicitud ESTA, necesita su :<\/p>\n\n<ul class=\"wp-block-list\"><li>apellido y Nombre ;<\/li><li>sexo;<\/li><li>fecha de nacimiento (d\u00eda, mes, a\u00f1o);<\/li><li>pa\u00eds de nacimiento ;<\/li><li>pa\u00eds de residencia ;<\/li><li>n\u00famero de tel\u00e9fono precedido por el c\u00f3digo del pa\u00eds;<\/li><li>direcci\u00f3n de correo electr\u00f3nico ;<\/li><li>fecha de vencimiento del pasaporte (d\u00eda, mes, a\u00f1o);<\/li><li>fecha de emisi\u00f3n del pasaporte (d\u00eda, mes, a\u00f1o);<\/li><li>pa\u00eds de emisi\u00f3n del pasaporte;<\/li><li>n\u00famero de pasaporte;<\/li><li>lista de enfermedades, alergias, trastornos mentales o f\u00edsicos que le afectan;<\/li><li>Tenga en cuenta que <a href=\"https:\/\/123-esta.com\/es\/tiene-que-ingresar-a-su-cuenta-de-facebook-para-obtener-su-esta\/\">no es obligatorio indicar sus<\/a> cuentas de <a href=\"https:\/\/123-esta.com\/es\/tiene-que-ingresar-a-su-cuenta-de-facebook-para-obtener-su-esta\/\">Facebook<\/a> u otras redes sociales.<\/li><\/ul>\n\n<p>Tenga en cuenta que toda esta informaci\u00f3n debe proporcionarse tal como aparece en su pasaporte.<\/p>\n\n<h2 class=\"wp-block-heading\">\u00bfSe requiere la presentaci\u00f3n de una copia de la autorizaci\u00f3n ESTA para el embarque en el aeropuerto?<\/h2>\n\n<p>No, esto no es obligatorio. El Departamento de Seguridad Nacional ya inform\u00f3 a la compa\u00f1\u00eda de viajes sobre el estado de su solicitud. A\u00fan as\u00ed, recomendamos que guarde una copia con usted por si acaso.<\/p>\n\n<h2 class=\"wp-block-heading\">\u00bfTengo que renovar la solicitud del ESTA para futuros viajes?<\/h2>\n\n<p>No es posible renovar una autorizaci\u00f3n de viaje. Tienes que hacer una nueva solicitud. Esto se puede hacer cuando:<\/p>\n\n<ul class=\"wp-block-list\"><li>la solicitud ha expirado o expirar\u00e1 pronto;<\/li><li>el pasaporte debe renovarse;<\/li><li>ha habido un cambio en su vida modificando as\u00ed sus credenciales (mudanza, matrimonio, divorcio, etc.);<\/li><li>cambias tu sexo;<\/li><li>cambia de nacionalidad;<\/li><li>una de sus respuestas a las preguntas cerradas (s\u00ed o no) ha cambiado.<\/li><\/ul>\n\n<h2 class=\"wp-block-heading\">\u00a0<\/h2>\n\n<h2 class=\"wp-block-heading\">Mi autorizaci\u00f3n ESTA finalizar\u00e1 antes de mi regreso de los Estados Unidos. \u00bfTendr\u00e9 que volver a presentar una solicitud antes de mi partida?<\/h2>\n\n<p>No, la ESTA debe ser v\u00e1lida al llegar a los Estados Unidos y no al regresar de ese pa\u00eds.<\/p>\n\n<h2 class=\"wp-block-heading\">\u00bfQu\u00e9 datos puedo actualizar?<\/h2>\n\n<p>puedes actualizar tu:<\/p>\n\n<ul class=\"wp-block-list\"><li>Direcci\u00f3n de correo electr\u00f3nico ;<\/li><li>Direcci\u00f3n en destino (direcci\u00f3n y ciudad).<\/li><\/ul>\n\n<h2 class=\"wp-block-heading\">\u00bfQu\u00e9 debo hacer cuando ha habido cambios en la informaci\u00f3n de mi pasaporte?<\/h2>\n\n<p>Deber\u00e1 presentar una nueva solicitud de ESTA una vez que haya obtenido su nuevo pasaporte. Lo mismo ocurre cuando se ha modificado la informaci\u00f3n de este.<\/p>\n\n<h2 class=\"wp-block-heading\">\u00bfPuedo corregir mi solicitud ESTA?<\/h2>\n\n<p>Antes de enviar su solicitud, es recomendable verificar toda su informaci\u00f3n. En caso de error despu\u00e9s de enviar la solicitud, ya no ser\u00e1 posible modificar la informaci\u00f3n enviada. Tendr\u00e1 que volver a solicitar y realizar un nuevo pago.<\/p>\n\n<p>Una funci\u00f3n de actualizaci\u00f3n est\u00e1 disponible para modificar las casillas que se pueden cambiar sin renovar la solicitud, pero esto solo se refiere a su direcci\u00f3n de correo electr\u00f3nico y direcci\u00f3n en el sitio.<\/p>\n\n<h2 class=\"wp-block-heading\">Hubo un error en la fecha de vencimiento o emisi\u00f3n del pasaporte. \u00bfComo arreglarlo?<\/h2>\n\n<p>Si la solicitud ha sido validada y aprobada, no es posible modificar estos datos. Debe volver a presentar la solicitud y realizar un nuevo pago. El formulario enviado anteriormente se cancelar\u00e1 autom\u00e1ticamente.<\/p>\n\n<h2 class=\"wp-block-heading\">\u00bfQu\u00e9 debo hacer si mi solicitud ESTA es rechazada?<\/h2>\n\n<p>No se aceptan todas las solicitudes del ESTA. Si, lamentablemente, su solicitud de ESTA es rechazada, deber\u00e1 solicitar un visado. Comun\u00edquese con la Embajada de los EE. UU. O el Consulado de los EE. UU. Para obtener informaci\u00f3n sobre este proceso.<\/p>\n\n<h2 class=\"wp-block-heading\">\u00bfPuedo volver a solicitar el ESTA despu\u00e9s de una denegaci\u00f3n?<\/h2>\n\n<p>S\u00ed, puede volver a solicitar el ESTA si su anterior solicitud fue rechazada. Sin embargo, la respuesta ser\u00e1 la misma si su informaci\u00f3n sigue siendo la misma. Sin embargo, no puede proporcionar datos falsos en el formulario de solicitud del ESTA.<\/p>\n\n<p>Esto puede resultar en una prohibici\u00f3n permanente de permanecer en ese pa\u00eds. Tambi\u00e9n hay pocas posibilidades de que se acepte su segunda solicitud. Por lo tanto, es mejor viajar a los Estados Unidos fuera del contexto del Programa de exenci\u00f3n de visa. Esto da lugar a la solicitud de una visa.<\/p>\n\n<h2 class=\"wp-block-heading\">\u00bfEl sistema me dar\u00e1 las razones del rechazo?<\/h2>\n\n<p>El sistema ESTA solo rechaza a las personas que no cumplen con los requisitos del Programa de exenci\u00f3n de visa. Lo mismo es cierto para las personas que representan un riesgo potencial para la seguridad estadounidense. En caso de negativa, no se le comunicar\u00e1n los motivos.<\/p>\n\n<h2 class=\"wp-block-heading\">En caso de rechazo por un viaje urgente, \u00bfpuedo solicitar una cita de emergencia en la embajada?<\/h2>\n\n<p>Puede obtener una cita inmediata cuando la cantidad de solicitudes de visa pendientes sea baja, pero esto no est\u00e1 garantizado. Para garantizar una salida a tiempo, lo mejor es solicitar el ESTA con varios meses de antelaci\u00f3n. Por lo tanto, en caso de rechazo, puede solicitar una visa a tiempo.<\/p>\n","protected":false},"excerpt":{"rendered":"<p>\u00bfQu\u00e9 es la autorizaci\u00f3n de viaje ESTA? La visa ESTA es un acr\u00f3nimo en ingl\u00e9s que significa \u00abSistema electr\u00f3nico de autorizaci\u00f3n de viaje\u00bb. Este es un sistema electr\u00f3nico para autorizar viajes a los Estados Unidos. Esta autorizaci\u00f3n se implement\u00f3 con el prop\u00f3sito de asegurar viajes a los Estados Unidos. Se trata de un programa desarrollado [&hellip;]<\/p>\n","protected":false},"author":1,"featured_media":0,"parent":0,"menu_order":0,"comment_status":"closed","ping_status":"closed","template":"","meta":{"site-sidebar-layout":"default","site-content-layout":"default","ast-site-content-layout":"default","site-content-style":"default","site-sidebar-style":"default","ast-global-header-display":"","ast-banner-title-visibility":"","ast-main-header-display":"","ast-hfb-above-header-display":"","ast-hfb-below-header-display":"","ast-hfb-mobile-header-display":"","site-post-title":"","ast-breadcrumbs-content":"","ast-featured-img":"","footer-sml-layout":"","ast-disable-related-posts":"","theme-transparent-header-meta":"default","adv-header-id-meta":"","stick-header-meta":"default","header-above-stick-meta":"","header-main-stick-meta":"","header-below-stick-meta":"","astra-migrate-meta-layouts":"default","ast-page-background-enabled":"default","ast-page-background-meta":{"desktop":{"background-color":"","background-image":"","background-repeat":"repeat","background-position":"center center","background-size":"auto","background-attachment":"scroll","background-type":"","background-media":"","overlay-type":"","overlay-color":"","overlay-opacity":"","overlay-gradient":""},"tablet":{"background-color":"","background-image":"","background-repeat":"repeat","background-position":"center center","background-size":"auto","background-attachment":"scroll","background-type":"","background-media":"","overlay-type":"","overlay-color":"","overlay-opacity":"","overlay-gradient":""},"mobile":{"background-color":"","background-image":"","background-repeat":"repeat","background-position":"center center","background-size":"auto","background-attachment":"scroll","background-type":"","background-media":"","overlay-type":"","overlay-color":"","overlay-opacity":"","overlay-gradient":""}},"ast-content-background-meta":{"desktop":{"background-color":"var(--ast-global-color-5)","background-image":"","background-repeat":"repeat","background-position":"center center","background-size":"auto","background-attachment":"scroll","background-type":"","background-media":"","overlay-type":"","overlay-color":"","overlay-opacity":"","overlay-gradient":""},"tablet":{"background-color":"var(--ast-global-color-5)","background-image":"","background-repeat":"repeat","background-position":"center center","background-size":"auto","background-attachment":"scroll","background-type":"","background-media":"","overlay-type":"","overlay-color":"","overlay-opacity":"","overlay-gradient":""},"mobile":{"background-color":"var(--ast-global-color-5)","background-image":"","background-repeat":"repeat","background-position":"center center","background-size":"auto","background-attachment":"scroll","background-type":"","background-media":"","overlay-type":"","overlay-color":"","overlay-opacity":"","overlay-gradient":""}},"footnotes":""},"class_list":["post-1451","page","type-page","status-publish","hentry"],"yoast_head":"<!-- This site is optimized with the Yoast SEO plugin v27.1.1 - https:\/\/yoast.com\/product\/yoast-seo-wordpress\/ -->\n<title>FAQ - Todas las respuestas a sus preguntas sobre ESTA<\/title>\n<meta name=\"description\" content=\"Todas las respuestas a sus preguntas sobre ESTA se pueden encontrar en nuestro sitio web. Nuestras respuestas son claras, sencillas y precisas.\" \/>\n<meta name=\"robots\" content=\"index, follow, max-snippet:-1, max-image-preview:large, max-video-preview:-1\" \/>\n<link rel=\"canonical\" href=\"https:\/\/123-esta.com\/es\/faq-todas-las-respuestas-a-sus-preguntas-sobre-esta\/\" \/>\n<meta property=\"og:locale\" content=\"es_ES\" \/>\n<meta property=\"og:type\" content=\"article\" \/>\n<meta property=\"og:title\" content=\"FAQ - Todas las respuestas a sus preguntas sobre ESTA\" \/>\n<meta property=\"og:description\" content=\"Todas las respuestas a sus preguntas sobre ESTA se pueden encontrar en nuestro sitio web. Nuestras respuestas son claras, sencillas y precisas.\" \/>\n<meta property=\"og:url\" content=\"https:\/\/123-esta.com\/es\/faq-todas-las-respuestas-a-sus-preguntas-sobre-esta\/\" \/>\n<meta property=\"og:site_name\" content=\"Formulaire ESTA pour les USA\" \/>\n<meta property=\"article:modified_time\" content=\"2022-09-19T14:19:10+00:00\" \/>\n<meta name=\"twitter:card\" content=\"summary_large_image\" \/>\n<meta name=\"twitter:label1\" content=\"Tiempo de lectura\" \/>\n\t<meta name=\"twitter:data1\" content=\"9 minutos\" \/>\n<script type=\"application\/ld+json\" class=\"yoast-schema-graph\">{\"@context\":\"https:\/\/schema.org\",\"@graph\":[{\"@type\":\"WebPage\",\"@id\":\"https:\/\/123-esta.com\/es\/faq-todas-las-respuestas-a-sus-preguntas-sobre-esta\/\",\"url\":\"https:\/\/123-esta.com\/es\/faq-todas-las-respuestas-a-sus-preguntas-sobre-esta\/\",\"name\":\"FAQ - Todas las respuestas a sus preguntas sobre ESTA\",\"isPartOf\":{\"@id\":\"https:\/\/123-esta.com\/es\/#website\"},\"datePublished\":\"2021-12-21T16:02:22+00:00\",\"dateModified\":\"2022-09-19T14:19:10+00:00\",\"description\":\"Todas las respuestas a sus preguntas sobre ESTA se pueden encontrar en nuestro sitio web. Nuestras respuestas son claras, sencillas y precisas.\",\"inLanguage\":\"es\",\"potentialAction\":[{\"@type\":\"ReadAction\",\"target\":[\"https:\/\/123-esta.com\/es\/faq-todas-las-respuestas-a-sus-preguntas-sobre-esta\/\"]}]},{\"@type\":\"WebSite\",\"@id\":\"https:\/\/123-esta.com\/es\/#website\",\"url\":\"https:\/\/123-esta.com\/es\/\",\"name\":\"Formulaire ESTA pour les USA\",\"description\":\"\",\"publisher\":{\"@id\":\"https:\/\/123-esta.com\/es\/#organization\"},\"potentialAction\":[{\"@type\":\"SearchAction\",\"target\":{\"@type\":\"EntryPoint\",\"urlTemplate\":\"https:\/\/123-esta.com\/es\/?s={search_term_string}\"},\"query-input\":{\"@type\":\"PropertyValueSpecification\",\"valueRequired\":true,\"valueName\":\"search_term_string\"}}],\"inLanguage\":\"es\"},{\"@type\":\"Organization\",\"@id\":\"https:\/\/123-esta.com\/es\/#organization\",\"name\":\"Formulaire ESTA pour les USA\",\"url\":\"https:\/\/123-esta.com\/es\/\",\"logo\":{\"@type\":\"ImageObject\",\"inLanguage\":\"es\",\"@id\":\"https:\/\/123-esta.com\/es\/#\/schema\/logo\/image\/\",\"url\":\"https:\/\/123-esta.com\/wp-content\/uploads\/2018\/03\/logo-123-esta.png\",\"contentUrl\":\"https:\/\/123-esta.com\/wp-content\/uploads\/2018\/03\/logo-123-esta.png\",\"width\":191,\"height\":54,\"caption\":\"Formulaire ESTA pour les USA\"},\"image\":{\"@id\":\"https:\/\/123-esta.com\/es\/#\/schema\/logo\/image\/\"}}]}<\/script>\n<!-- \/ Yoast SEO plugin. -->","yoast_head_json":{"title":"FAQ - Todas las respuestas a sus preguntas sobre ESTA","description":"Todas las respuestas a sus preguntas sobre ESTA se pueden encontrar en nuestro sitio web. Nuestras respuestas son claras, sencillas y precisas.","robots":{"index":"index","follow":"follow","max-snippet":"max-snippet:-1","max-image-preview":"max-image-preview:large","max-video-preview":"max-video-preview:-1"},"canonical":"https:\/\/123-esta.com\/es\/faq-todas-las-respuestas-a-sus-preguntas-sobre-esta\/","og_locale":"es_ES","og_type":"article","og_title":"FAQ - Todas las respuestas a sus preguntas sobre ESTA","og_description":"Todas las respuestas a sus preguntas sobre ESTA se pueden encontrar en nuestro sitio web. Nuestras respuestas son claras, sencillas y precisas.","og_url":"https:\/\/123-esta.com\/es\/faq-todas-las-respuestas-a-sus-preguntas-sobre-esta\/","og_site_name":"Formulaire ESTA pour les USA","article_modified_time":"2022-09-19T14:19:10+00:00","twitter_card":"summary_large_image","twitter_misc":{"Tiempo de lectura":"9 minutos"},"schema":{"@context":"https:\/\/schema.org","@graph":[{"@type":"WebPage","@id":"https:\/\/123-esta.com\/es\/faq-todas-las-respuestas-a-sus-preguntas-sobre-esta\/","url":"https:\/\/123-esta.com\/es\/faq-todas-las-respuestas-a-sus-preguntas-sobre-esta\/","name":"FAQ - Todas las respuestas a sus preguntas sobre ESTA","isPartOf":{"@id":"https:\/\/123-esta.com\/es\/#website"},"datePublished":"2021-12-21T16:02:22+00:00","dateModified":"2022-09-19T14:19:10+00:00","description":"Todas las respuestas a sus preguntas sobre ESTA se pueden encontrar en nuestro sitio web. Nuestras respuestas son claras, sencillas y precisas.","inLanguage":"es","potentialAction":[{"@type":"ReadAction","target":["https:\/\/123-esta.com\/es\/faq-todas-las-respuestas-a-sus-preguntas-sobre-esta\/"]}]},{"@type":"WebSite","@id":"https:\/\/123-esta.com\/es\/#website","url":"https:\/\/123-esta.com\/es\/","name":"Formulaire ESTA pour les USA","description":"","publisher":{"@id":"https:\/\/123-esta.com\/es\/#organization"},"potentialAction":[{"@type":"SearchAction","target":{"@type":"EntryPoint","urlTemplate":"https:\/\/123-esta.com\/es\/?s={search_term_string}"},"query-input":{"@type":"PropertyValueSpecification","valueRequired":true,"valueName":"search_term_string"}}],"inLanguage":"es"},{"@type":"Organization","@id":"https:\/\/123-esta.com\/es\/#organization","name":"Formulaire ESTA pour les USA","url":"https:\/\/123-esta.com\/es\/","logo":{"@type":"ImageObject","inLanguage":"es","@id":"https:\/\/123-esta.com\/es\/#\/schema\/logo\/image\/","url":"https:\/\/123-esta.com\/wp-content\/uploads\/2018\/03\/logo-123-esta.png","contentUrl":"https:\/\/123-esta.com\/wp-content\/uploads\/2018\/03\/logo-123-esta.png","width":191,"height":54,"caption":"Formulaire ESTA pour les USA"},"image":{"@id":"https:\/\/123-esta.com\/es\/#\/schema\/logo\/image\/"}}]}},"_links":{"self":[{"href":"https:\/\/123-esta.com\/es\/wp-json\/wp\/v2\/pages\/1451","targetHints":{"allow":["GET"]}}],"collection":[{"href":"https:\/\/123-esta.com\/es\/wp-json\/wp\/v2\/pages"}],"about":[{"href":"https:\/\/123-esta.com\/es\/wp-json\/wp\/v2\/types\/page"}],"author":[{"embeddable":true,"href":"https:\/\/123-esta.com\/es\/wp-json\/wp\/v2\/users\/1"}],"replies":[{"embeddable":true,"href":"https:\/\/123-esta.com\/es\/wp-json\/wp\/v2\/comments?post=1451"}],"version-history":[{"count":0,"href":"https:\/\/123-esta.com\/es\/wp-json\/wp\/v2\/pages\/1451\/revisions"}],"wp:attachment":[{"href":"https:\/\/123-esta.com\/es\/wp-json\/wp\/v2\/media?parent=1451"}],"curies":[{"name":"wp","href":"https:\/\/api.w.org\/{rel}","templated":true}]}}