{"id":1449,"date":"2021-12-21T17:01:57","date_gmt":"2021-12-21T16:01:57","guid":{"rendered":"https:\/\/123-esta.com\/conducir-en-los-ee-uu-con-su-licencia-francesa\/"},"modified":"2022-08-23T22:34:07","modified_gmt":"2022-08-23T20:34:07","slug":"conducir-en-los-ee-uu-con-su-licencia-francesa","status":"publish","type":"page","link":"https:\/\/123-esta.com\/es\/conducir-en-los-ee-uu-con-su-licencia-francesa\/","title":{"rendered":"conducir en los EE. UU. con su licencia espa\u00f1ol"},"content":{"rendered":"\n<p>\u00bfQui\u00e9n no ha so\u00f1ado nunca con conducir en Estados Unidos por carreteras tan legendarias como la Ruta 66? El autom\u00f3vil es el <a href=\"https:\/\/123-esta.com\/es\/el-medio-de-transporte-para-visitar-estados-unidos\/\">principal medio de transporte en EE<\/a> . UU.<\/p>\n\n<p>Para poder hacer realidad el sue\u00f1o de un viaje por carretera en los EE. UU., Es importante solicitar en l\u00ednea para obtener su autorizaci\u00f3n de viaje electr\u00f3nica ESTA. Adem\u00e1s, el viajero debe, por supuesto, tener una licencia de conducir v\u00e1lida para poder viajar serenamente en los EE. UU.<\/p>\n\n<p>\u00bfEn qu\u00e9 condiciones es v\u00e1lido el permiso de conducir espa\u00f1ol para conducir en el pa\u00eds del T\u00edo Sam?<\/p>\n\n<h2 class=\"wp-block-heading\">\u00bfQu\u00e9 permiso de conducir para una estancia corta en EE. UU.?<\/h2>\n\n<p>Para una estancia en los EE. UU. De menos de 3 meses, el permiso de conducir espa\u00f1ol deber\u00eda ser suficiente. Efectivamente, los modelos de carnet de conducir del Espa\u00f1a con 1 o 3 componentes son suficientes para poder caminar en los distintos estados americanos.<\/p>\n\n<p>Otras condiciones requeridas para utilizar su licencia de conducir espa\u00f1ol para viajar en autom\u00f3vil en los EE. UU.:<\/p>\n\n<ul class=\"wp-block-list\"><li>el conductor debe tener al menos 21 a\u00f1os;<\/li><li>algunas empresas locales de alquiler de veh\u00edculos exigen que el cliente tenga al menos 25 a\u00f1os si desea alquilar un veh\u00edculo;<\/li><li>Para que el certificado de conducci\u00f3n sea autorizado, el documento debe tener una antig\u00fcedad absoluta de un a\u00f1o.<\/li><\/ul>\n\n<h2 class=\"wp-block-heading\">\u00bfQu\u00e9 sucede cuando el tiempo de residencia es mayor?<\/h2>\n\n<p>El permiso espa\u00f1ol ya no es v\u00e1lido si su per\u00edodo de estad\u00eda en los EE. UU. Excede los 3 meses. En este caso, a menudo ser\u00e1 fundamental obtener el permiso de conducci\u00f3n del Estado de residencia. Dado que las leyes difieren seg\u00fan la regi\u00f3n, se recomienda ponerse en contacto con los consulados franceses de los estados en cuesti\u00f3n para obtener m\u00e1s informaci\u00f3n. Tenga en cuenta que, en algunos casos, no es necesario volver a realizar el examen de conducir.<\/p>\n\n<p>En cualquier caso, los viajeros que quieran permanecer m\u00e1s de 90 d\u00edas en los EE. UU. Deber\u00e1n utilizar una licencia de conducir internacional. Las autorizaciones son v\u00e1lidas por un a\u00f1o.<\/p>\n\n<h2 class=\"wp-block-heading\">Las ventajas de una licencia internacional para conducir en EE. UU.<\/h2>\n\n<p>Para obtener un permiso internacional, todo lo que tiene que hacer es solicitarlo en su prefectura. Este proceso gratuito simplifica el alquiler de autom\u00f3viles en agencias en la mayor\u00eda de los pa\u00edses extranjeros, incluido Estados Unidos.<\/p>\n\n<p>Es cierto que una licencia de conducir espa\u00f1ol puede ser suficiente para completar los formularios de alquiler de autom\u00f3viles, pero los turistas con visi\u00f3n de futuro estar\u00e1n interesados en obtener una licencia internacional para ahorrar tiempo en los procedimientos administrativos.<\/p>\n\n<p>Un \u00faltimo consejo para los viajeros que est\u00e1n descubriendo el pa\u00eds por primera vez, no duden en invertir en un GPS adem\u00e1s de alquilar su veh\u00edculo. Esto \u00faltimo podr\u00eda ahorrarle mucho tiempo y evitar situaciones desagradables.<\/p>\n","protected":false},"excerpt":{"rendered":"<p>\u00bfQui\u00e9n no ha so\u00f1ado nunca con conducir en Estados Unidos por carreteras tan legendarias como la Ruta 66? El autom\u00f3vil es el principal medio de transporte en EE . UU. Para poder hacer realidad el sue\u00f1o de un viaje por carretera en los EE. UU., Es importante solicitar en l\u00ednea para obtener su autorizaci\u00f3n de [&hellip;]<\/p>\n","protected":false},"author":1,"featured_media":0,"parent":0,"menu_order":0,"comment_status":"closed","ping_status":"closed","template":"","meta":{"site-sidebar-layout":"default","site-content-layout":"default","ast-site-content-layout":"default","site-content-style":"default","site-sidebar-style":"default","ast-global-header-display":"","ast-banner-title-visibility":"","ast-main-header-display":"","ast-hfb-above-header-display":"","ast-hfb-below-header-display":"","ast-hfb-mobile-header-display":"","site-post-title":"","ast-breadcrumbs-content":"","ast-featured-img":"","footer-sml-layout":"","ast-disable-related-posts":"","theme-transparent-header-meta":"default","adv-header-id-meta":"","stick-header-meta":"default","header-above-stick-meta":"","header-main-stick-meta":"","header-below-stick-meta":"","astra-migrate-meta-layouts":"default","ast-page-background-enabled":"default","ast-page-background-meta":{"desktop":{"background-color":"","background-image":"","background-repeat":"repeat","background-position":"center center","background-size":"auto","background-attachment":"scroll","background-type":"","background-media":"","overlay-type":"","overlay-color":"","overlay-opacity":"","overlay-gradient":""},"tablet":{"background-color":"","background-image":"","background-repeat":"repeat","background-position":"center center","background-size":"auto","background-attachment":"scroll","background-type":"","background-media":"","overlay-type":"","overlay-color":"","overlay-opacity":"","overlay-gradient":""},"mobile":{"background-color":"","background-image":"","background-repeat":"repeat","background-position":"center center","background-size":"auto","background-attachment":"scroll","background-type":"","background-media":"","overlay-type":"","overlay-color":"","overlay-opacity":"","overlay-gradient":""}},"ast-content-background-meta":{"desktop":{"background-color":"var(--ast-global-color-5)","background-image":"","background-repeat":"repeat","background-position":"center center","background-size":"auto","background-attachment":"scroll","background-type":"","background-media":"","overlay-type":"","overlay-color":"","overlay-opacity":"","overlay-gradient":""},"tablet":{"background-color":"var(--ast-global-color-5)","background-image":"","background-repeat":"repeat","background-position":"center center","background-size":"auto","background-attachment":"scroll","background-type":"","background-media":"","overlay-type":"","overlay-color":"","overlay-opacity":"","overlay-gradient":""},"mobile":{"background-color":"var(--ast-global-color-5)","background-image":"","background-repeat":"repeat","background-position":"center center","background-size":"auto","background-attachment":"scroll","background-type":"","background-media":"","overlay-type":"","overlay-color":"","overlay-opacity":"","overlay-gradient":""}},"footnotes":""},"class_list":["post-1449","page","type-page","status-publish","hentry"],"yoast_head":"<!-- This site is optimized with the Yoast SEO plugin v27.1.1 - https:\/\/yoast.com\/product\/yoast-seo-wordpress\/ -->\n<title>\u00bfPuede conducir en los EE. UU. Con su licencia espa\u00f1ol?<\/title>\n<meta name=\"description\" content=\"Conducir en los EE. UU. Con una licencia espa\u00f1ol depende de la duraci\u00f3n de su estad\u00eda en los Estados Unidos. Todo lo que hay que saber aqu\u00ed.\" \/>\n<meta name=\"robots\" content=\"index, follow, max-snippet:-1, max-image-preview:large, max-video-preview:-1\" \/>\n<link rel=\"canonical\" href=\"https:\/\/123-esta.com\/es\/conducir-en-los-ee-uu-con-su-licencia-francesa\/\" \/>\n<meta property=\"og:locale\" content=\"es_ES\" \/>\n<meta property=\"og:type\" content=\"article\" \/>\n<meta property=\"og:title\" content=\"\u00bfPuede conducir en los EE. UU. Con su licencia espa\u00f1ol?\" \/>\n<meta property=\"og:description\" content=\"Conducir en los EE. UU. Con una licencia espa\u00f1ol depende de la duraci\u00f3n de su estad\u00eda en los Estados Unidos. Todo lo que hay que saber aqu\u00ed.\" \/>\n<meta property=\"og:url\" content=\"https:\/\/123-esta.com\/es\/conducir-en-los-ee-uu-con-su-licencia-francesa\/\" \/>\n<meta property=\"og:site_name\" content=\"Formulaire ESTA pour les USA\" \/>\n<meta property=\"article:modified_time\" content=\"2022-08-23T20:34:07+00:00\" \/>\n<meta name=\"twitter:card\" content=\"summary_large_image\" \/>\n<meta name=\"twitter:label1\" content=\"Tiempo de lectura\" \/>\n\t<meta name=\"twitter:data1\" content=\"3 minutos\" \/>\n<script type=\"application\/ld+json\" class=\"yoast-schema-graph\">{\"@context\":\"https:\/\/schema.org\",\"@graph\":[{\"@type\":\"WebPage\",\"@id\":\"https:\/\/123-esta.com\/es\/conducir-en-los-ee-uu-con-su-licencia-francesa\/\",\"url\":\"https:\/\/123-esta.com\/es\/conducir-en-los-ee-uu-con-su-licencia-francesa\/\",\"name\":\"\u00bfPuede conducir en los EE. UU. Con su licencia espa\u00f1ol?\",\"isPartOf\":{\"@id\":\"https:\/\/123-esta.com\/es\/#website\"},\"datePublished\":\"2021-12-21T16:01:57+00:00\",\"dateModified\":\"2022-08-23T20:34:07+00:00\",\"description\":\"Conducir en los EE. UU. Con una licencia espa\u00f1ol depende de la duraci\u00f3n de su estad\u00eda en los Estados Unidos. Todo lo que hay que saber aqu\u00ed.\",\"inLanguage\":\"es\",\"potentialAction\":[{\"@type\":\"ReadAction\",\"target\":[\"https:\/\/123-esta.com\/es\/conducir-en-los-ee-uu-con-su-licencia-francesa\/\"]}]},{\"@type\":\"WebSite\",\"@id\":\"https:\/\/123-esta.com\/es\/#website\",\"url\":\"https:\/\/123-esta.com\/es\/\",\"name\":\"Formulaire ESTA pour les USA\",\"description\":\"\",\"publisher\":{\"@id\":\"https:\/\/123-esta.com\/es\/#organization\"},\"potentialAction\":[{\"@type\":\"SearchAction\",\"target\":{\"@type\":\"EntryPoint\",\"urlTemplate\":\"https:\/\/123-esta.com\/es\/?s={search_term_string}\"},\"query-input\":{\"@type\":\"PropertyValueSpecification\",\"valueRequired\":true,\"valueName\":\"search_term_string\"}}],\"inLanguage\":\"es\"},{\"@type\":\"Organization\",\"@id\":\"https:\/\/123-esta.com\/es\/#organization\",\"name\":\"Formulaire ESTA pour les USA\",\"url\":\"https:\/\/123-esta.com\/es\/\",\"logo\":{\"@type\":\"ImageObject\",\"inLanguage\":\"es\",\"@id\":\"https:\/\/123-esta.com\/es\/#\/schema\/logo\/image\/\",\"url\":\"https:\/\/123-esta.com\/wp-content\/uploads\/2018\/03\/logo-123-esta.png\",\"contentUrl\":\"https:\/\/123-esta.com\/wp-content\/uploads\/2018\/03\/logo-123-esta.png\",\"width\":191,\"height\":54,\"caption\":\"Formulaire ESTA pour les USA\"},\"image\":{\"@id\":\"https:\/\/123-esta.com\/es\/#\/schema\/logo\/image\/\"}}]}<\/script>\n<!-- \/ Yoast SEO plugin. -->","yoast_head_json":{"title":"\u00bfPuede conducir en los EE. UU. Con su licencia espa\u00f1ol?","description":"Conducir en los EE. UU. Con una licencia espa\u00f1ol depende de la duraci\u00f3n de su estad\u00eda en los Estados Unidos. Todo lo que hay que saber aqu\u00ed.","robots":{"index":"index","follow":"follow","max-snippet":"max-snippet:-1","max-image-preview":"max-image-preview:large","max-video-preview":"max-video-preview:-1"},"canonical":"https:\/\/123-esta.com\/es\/conducir-en-los-ee-uu-con-su-licencia-francesa\/","og_locale":"es_ES","og_type":"article","og_title":"\u00bfPuede conducir en los EE. UU. Con su licencia espa\u00f1ol?","og_description":"Conducir en los EE. UU. Con una licencia espa\u00f1ol depende de la duraci\u00f3n de su estad\u00eda en los Estados Unidos. Todo lo que hay que saber aqu\u00ed.","og_url":"https:\/\/123-esta.com\/es\/conducir-en-los-ee-uu-con-su-licencia-francesa\/","og_site_name":"Formulaire ESTA pour les USA","article_modified_time":"2022-08-23T20:34:07+00:00","twitter_card":"summary_large_image","twitter_misc":{"Tiempo de lectura":"3 minutos"},"schema":{"@context":"https:\/\/schema.org","@graph":[{"@type":"WebPage","@id":"https:\/\/123-esta.com\/es\/conducir-en-los-ee-uu-con-su-licencia-francesa\/","url":"https:\/\/123-esta.com\/es\/conducir-en-los-ee-uu-con-su-licencia-francesa\/","name":"\u00bfPuede conducir en los EE. UU. Con su licencia espa\u00f1ol?","isPartOf":{"@id":"https:\/\/123-esta.com\/es\/#website"},"datePublished":"2021-12-21T16:01:57+00:00","dateModified":"2022-08-23T20:34:07+00:00","description":"Conducir en los EE. UU. Con una licencia espa\u00f1ol depende de la duraci\u00f3n de su estad\u00eda en los Estados Unidos. Todo lo que hay que saber aqu\u00ed.","inLanguage":"es","potentialAction":[{"@type":"ReadAction","target":["https:\/\/123-esta.com\/es\/conducir-en-los-ee-uu-con-su-licencia-francesa\/"]}]},{"@type":"WebSite","@id":"https:\/\/123-esta.com\/es\/#website","url":"https:\/\/123-esta.com\/es\/","name":"Formulaire ESTA pour les USA","description":"","publisher":{"@id":"https:\/\/123-esta.com\/es\/#organization"},"potentialAction":[{"@type":"SearchAction","target":{"@type":"EntryPoint","urlTemplate":"https:\/\/123-esta.com\/es\/?s={search_term_string}"},"query-input":{"@type":"PropertyValueSpecification","valueRequired":true,"valueName":"search_term_string"}}],"inLanguage":"es"},{"@type":"Organization","@id":"https:\/\/123-esta.com\/es\/#organization","name":"Formulaire ESTA pour les USA","url":"https:\/\/123-esta.com\/es\/","logo":{"@type":"ImageObject","inLanguage":"es","@id":"https:\/\/123-esta.com\/es\/#\/schema\/logo\/image\/","url":"https:\/\/123-esta.com\/wp-content\/uploads\/2018\/03\/logo-123-esta.png","contentUrl":"https:\/\/123-esta.com\/wp-content\/uploads\/2018\/03\/logo-123-esta.png","width":191,"height":54,"caption":"Formulaire ESTA pour les USA"},"image":{"@id":"https:\/\/123-esta.com\/es\/#\/schema\/logo\/image\/"}}]}},"_links":{"self":[{"href":"https:\/\/123-esta.com\/es\/wp-json\/wp\/v2\/pages\/1449","targetHints":{"allow":["GET"]}}],"collection":[{"href":"https:\/\/123-esta.com\/es\/wp-json\/wp\/v2\/pages"}],"about":[{"href":"https:\/\/123-esta.com\/es\/wp-json\/wp\/v2\/types\/page"}],"author":[{"embeddable":true,"href":"https:\/\/123-esta.com\/es\/wp-json\/wp\/v2\/users\/1"}],"replies":[{"embeddable":true,"href":"https:\/\/123-esta.com\/es\/wp-json\/wp\/v2\/comments?post=1449"}],"version-history":[{"count":0,"href":"https:\/\/123-esta.com\/es\/wp-json\/wp\/v2\/pages\/1449\/revisions"}],"wp:attachment":[{"href":"https:\/\/123-esta.com\/es\/wp-json\/wp\/v2\/media?parent=1449"}],"curies":[{"name":"wp","href":"https:\/\/api.w.org\/{rel}","templated":true}]}}