{"id":1448,"date":"2021-12-21T17:01:41","date_gmt":"2021-12-21T16:01:41","guid":{"rendered":"https:\/\/123-esta.com\/hacer-la-eleccion-correcta-de-alimentos-en-los-ee-uu\/"},"modified":"2022-08-23T23:03:54","modified_gmt":"2022-08-23T21:03:54","slug":"hacer-la-eleccion-correcta-de-alimentos-en-los-ee-uu","status":"publish","type":"page","link":"https:\/\/123-esta.com\/es\/hacer-la-eleccion-correcta-de-alimentos-en-los-ee-uu\/","title":{"rendered":"Hacer la elecci\u00f3n correcta de alimentos en los EE. UU."},"content":{"rendered":"<p>Con m\u00e1s de 320 millones de habitantes, Estados Unidos no tiene escasez real de alimentos. Lamentablemente, el pa\u00eds es famoso por la obesidad de buena parte de su poblaci\u00f3n.<\/p>\n<h2>\u00bfC\u00f3mo comer bien en Estados Unidos?<\/h2>\n<p>En EE. UU., Siempre ser\u00e1 muy f\u00e1cil encontrar una gran selecci\u00f3n de restaurantes diversos y variados, pero tambi\u00e9n muchos restaurantes de comida r\u00e1pida. Al nivel de las primeras ciudades, no tendr\u00e1 problemas para encontrar muchas opciones en las grandes ciudades, as\u00ed como <a href=\"https:\/\/123-esta.com\/es\/cocina-estadounidense-un-elemento-basico-de-su-viaje\/\">buenos restaurantes culinarios<\/a> , incluso si a menudo ser\u00e1 necesario pagar el precio.<\/p>\n<p>En lugares m\u00e1s remotos, es posible que deba familiarizarse con diferentes h\u00e1bitos alimenticios. Que pueden ser buenas o malas noticias. Qui\u00e9n sabe, \u00bfle gustar\u00e1 la sopa de ma\u00edz con frijoles rojos t\u00edpica de las regiones lim\u00edtrofes con M\u00e9xico? Tambi\u00e9n es posible que no te guste para nada &#8230;<\/p>\n<p>En el peor de los casos, siempre puede contar con el restaurante de comida r\u00e1pida local para satisfacer sus necesidades cal\u00f3ricas de todo tipo. \u00a1Bajo tu responsabilidad!<\/p>\n<p>Tenga en cuenta que si reserva una habitaci\u00f3n de hotel, a menudo encontrar\u00e1 el desayuno, el almuerzo y la cena incluidos en el precio de la habitaci\u00f3n, lo que puede resultar \u00fatil si se aloja en el mismo lugar durante varios d\u00edas.<\/p>\n<p>Finalmente, recuerde que si viaja en autom\u00f3vil a trav\u00e9s del aire libre en Estados Unidos, el viaje para encontrar un lugar para comer a veces puede ser muy largo.<\/p>\n<h2>Consejos y trucos<\/h2>\n<p>Es recomendable comprar una hielera si decide ir lejos o si no puede pagar los servicios de un restaurante o una tienda de comestibles. Esto le permitir\u00e1 llevar una dieta m\u00e1s equilibrada que la del estadounidense promedio y a un costo menor. Compra un helado y abastecete de todo lo que necesites en el supermercado m\u00e1s cercano: frutas, verduras, leche, etc. Con un m\u00ednimo de imaginaci\u00f3n, especialmente deber\u00edas poder prepararte cualquier tipo de ensalada.<\/p>\n<p>En caso de dificultad o viajes largos fuera de las ciudades, la opci\u00f3n de picnic con conservas tambi\u00e9n te puede ayudar.<\/p>\n<p>Tambi\u00e9n es \u00fatil saber que puede encontrar Salad Bars en todas partes de los EE. UU. Son estantes de ensaladas frescas con la salsa de tu preferencia que puedes comer con pan y queso si te apetece. Tambi\u00e9n hay muchas cadenas que ofrecen diferentes productos alimenticios seg\u00fan su especialidad.<\/p>\n<p>Como puede ver, es posible encontrar cualquier cosa que se adapte a sus necesidades en EE. UU. Y esto aunque, cuando vayas al extranjero, conviene no tener demasiadas expectativas. \u00a1Las sorpresas son a\u00fan mejores!<\/p>\n","protected":false},"excerpt":{"rendered":"<p>Con m\u00e1s de 320 millones de habitantes, Estados Unidos no tiene escasez real de alimentos. Lamentablemente, el pa\u00eds es famoso por la obesidad de buena parte de su poblaci\u00f3n. \u00bfC\u00f3mo comer bien en Estados Unidos? En EE. UU., Siempre ser\u00e1 muy f\u00e1cil encontrar una gran selecci\u00f3n de restaurantes diversos y variados, pero tambi\u00e9n muchos restaurantes [&hellip;]<\/p>\n","protected":false},"author":1,"featured_media":0,"parent":0,"menu_order":0,"comment_status":"closed","ping_status":"closed","template":"","meta":{"site-sidebar-layout":"default","site-content-layout":"default","ast-site-content-layout":"default","site-content-style":"default","site-sidebar-style":"default","ast-global-header-display":"","ast-banner-title-visibility":"","ast-main-header-display":"","ast-hfb-above-header-display":"","ast-hfb-below-header-display":"","ast-hfb-mobile-header-display":"","site-post-title":"","ast-breadcrumbs-content":"","ast-featured-img":"","footer-sml-layout":"","ast-disable-related-posts":"","theme-transparent-header-meta":"default","adv-header-id-meta":"","stick-header-meta":"default","header-above-stick-meta":"","header-main-stick-meta":"","header-below-stick-meta":"","astra-migrate-meta-layouts":"default","ast-page-background-enabled":"default","ast-page-background-meta":{"desktop":{"background-color":"","background-image":"","background-repeat":"repeat","background-position":"center center","background-size":"auto","background-attachment":"scroll","background-type":"","background-media":"","overlay-type":"","overlay-color":"","overlay-opacity":"","overlay-gradient":""},"tablet":{"background-color":"","background-image":"","background-repeat":"repeat","background-position":"center center","background-size":"auto","background-attachment":"scroll","background-type":"","background-media":"","overlay-type":"","overlay-color":"","overlay-opacity":"","overlay-gradient":""},"mobile":{"background-color":"","background-image":"","background-repeat":"repeat","background-position":"center center","background-size":"auto","background-attachment":"scroll","background-type":"","background-media":"","overlay-type":"","overlay-color":"","overlay-opacity":"","overlay-gradient":""}},"ast-content-background-meta":{"desktop":{"background-color":"var(--ast-global-color-5)","background-image":"","background-repeat":"repeat","background-position":"center center","background-size":"auto","background-attachment":"scroll","background-type":"","background-media":"","overlay-type":"","overlay-color":"","overlay-opacity":"","overlay-gradient":""},"tablet":{"background-color":"var(--ast-global-color-5)","background-image":"","background-repeat":"repeat","background-position":"center center","background-size":"auto","background-attachment":"scroll","background-type":"","background-media":"","overlay-type":"","overlay-color":"","overlay-opacity":"","overlay-gradient":""},"mobile":{"background-color":"var(--ast-global-color-5)","background-image":"","background-repeat":"repeat","background-position":"center center","background-size":"auto","background-attachment":"scroll","background-type":"","background-media":"","overlay-type":"","overlay-color":"","overlay-opacity":"","overlay-gradient":""}},"footnotes":""},"class_list":["post-1448","page","type-page","status-publish","hentry"],"yoast_head":"<!-- This site is optimized with the Yoast SEO plugin v27.1.1 - https:\/\/yoast.com\/product\/yoast-seo-wordpress\/ -->\n<title>Nuestro consejo para elegir la comida adecuada una vez en EE. UU.<\/title>\n<meta name=\"description\" content=\"Descubre restaurantes en los Estados Unidos as\u00ed como especialidades culinarias y consejos y trucos para comer bien.\" \/>\n<meta name=\"robots\" content=\"index, follow, max-snippet:-1, max-image-preview:large, max-video-preview:-1\" \/>\n<link rel=\"canonical\" href=\"https:\/\/123-esta.com\/es\/hacer-la-eleccion-correcta-de-alimentos-en-los-ee-uu\/\" \/>\n<meta property=\"og:locale\" content=\"es_ES\" \/>\n<meta property=\"og:type\" content=\"article\" \/>\n<meta property=\"og:title\" content=\"Nuestro consejo para elegir la comida adecuada una vez en EE. UU.\" \/>\n<meta property=\"og:description\" content=\"Descubre restaurantes en los Estados Unidos as\u00ed como especialidades culinarias y consejos y trucos para comer bien.\" \/>\n<meta property=\"og:url\" content=\"https:\/\/123-esta.com\/es\/hacer-la-eleccion-correcta-de-alimentos-en-los-ee-uu\/\" \/>\n<meta property=\"og:site_name\" content=\"Formulaire ESTA pour les USA\" \/>\n<meta property=\"article:modified_time\" content=\"2022-08-23T21:03:54+00:00\" \/>\n<meta name=\"twitter:card\" content=\"summary_large_image\" \/>\n<meta name=\"twitter:label1\" content=\"Tiempo de lectura\" \/>\n\t<meta name=\"twitter:data1\" content=\"3 minutos\" \/>\n<script type=\"application\/ld+json\" class=\"yoast-schema-graph\">{\"@context\":\"https:\/\/schema.org\",\"@graph\":[{\"@type\":\"WebPage\",\"@id\":\"https:\/\/123-esta.com\/es\/hacer-la-eleccion-correcta-de-alimentos-en-los-ee-uu\/\",\"url\":\"https:\/\/123-esta.com\/es\/hacer-la-eleccion-correcta-de-alimentos-en-los-ee-uu\/\",\"name\":\"Nuestro consejo para elegir la comida adecuada una vez en EE. UU.\",\"isPartOf\":{\"@id\":\"https:\/\/123-esta.com\/es\/#website\"},\"datePublished\":\"2021-12-21T16:01:41+00:00\",\"dateModified\":\"2022-08-23T21:03:54+00:00\",\"description\":\"Descubre restaurantes en los Estados Unidos as\u00ed como especialidades culinarias y consejos y trucos para comer bien.\",\"inLanguage\":\"es\",\"potentialAction\":[{\"@type\":\"ReadAction\",\"target\":[\"https:\/\/123-esta.com\/es\/hacer-la-eleccion-correcta-de-alimentos-en-los-ee-uu\/\"]}]},{\"@type\":\"WebSite\",\"@id\":\"https:\/\/123-esta.com\/es\/#website\",\"url\":\"https:\/\/123-esta.com\/es\/\",\"name\":\"Formulaire ESTA pour les USA\",\"description\":\"\",\"publisher\":{\"@id\":\"https:\/\/123-esta.com\/es\/#organization\"},\"potentialAction\":[{\"@type\":\"SearchAction\",\"target\":{\"@type\":\"EntryPoint\",\"urlTemplate\":\"https:\/\/123-esta.com\/es\/?s={search_term_string}\"},\"query-input\":{\"@type\":\"PropertyValueSpecification\",\"valueRequired\":true,\"valueName\":\"search_term_string\"}}],\"inLanguage\":\"es\"},{\"@type\":\"Organization\",\"@id\":\"https:\/\/123-esta.com\/es\/#organization\",\"name\":\"Formulaire ESTA pour les USA\",\"url\":\"https:\/\/123-esta.com\/es\/\",\"logo\":{\"@type\":\"ImageObject\",\"inLanguage\":\"es\",\"@id\":\"https:\/\/123-esta.com\/es\/#\/schema\/logo\/image\/\",\"url\":\"https:\/\/123-esta.com\/wp-content\/uploads\/2018\/03\/logo-123-esta.png\",\"contentUrl\":\"https:\/\/123-esta.com\/wp-content\/uploads\/2018\/03\/logo-123-esta.png\",\"width\":191,\"height\":54,\"caption\":\"Formulaire ESTA pour les USA\"},\"image\":{\"@id\":\"https:\/\/123-esta.com\/es\/#\/schema\/logo\/image\/\"}}]}<\/script>\n<!-- \/ Yoast SEO plugin. -->","yoast_head_json":{"title":"Nuestro consejo para elegir la comida adecuada una vez en EE. UU.","description":"Descubre restaurantes en los Estados Unidos as\u00ed como especialidades culinarias y consejos y trucos para comer bien.","robots":{"index":"index","follow":"follow","max-snippet":"max-snippet:-1","max-image-preview":"max-image-preview:large","max-video-preview":"max-video-preview:-1"},"canonical":"https:\/\/123-esta.com\/es\/hacer-la-eleccion-correcta-de-alimentos-en-los-ee-uu\/","og_locale":"es_ES","og_type":"article","og_title":"Nuestro consejo para elegir la comida adecuada una vez en EE. UU.","og_description":"Descubre restaurantes en los Estados Unidos as\u00ed como especialidades culinarias y consejos y trucos para comer bien.","og_url":"https:\/\/123-esta.com\/es\/hacer-la-eleccion-correcta-de-alimentos-en-los-ee-uu\/","og_site_name":"Formulaire ESTA pour les USA","article_modified_time":"2022-08-23T21:03:54+00:00","twitter_card":"summary_large_image","twitter_misc":{"Tiempo de lectura":"3 minutos"},"schema":{"@context":"https:\/\/schema.org","@graph":[{"@type":"WebPage","@id":"https:\/\/123-esta.com\/es\/hacer-la-eleccion-correcta-de-alimentos-en-los-ee-uu\/","url":"https:\/\/123-esta.com\/es\/hacer-la-eleccion-correcta-de-alimentos-en-los-ee-uu\/","name":"Nuestro consejo para elegir la comida adecuada una vez en EE. UU.","isPartOf":{"@id":"https:\/\/123-esta.com\/es\/#website"},"datePublished":"2021-12-21T16:01:41+00:00","dateModified":"2022-08-23T21:03:54+00:00","description":"Descubre restaurantes en los Estados Unidos as\u00ed como especialidades culinarias y consejos y trucos para comer bien.","inLanguage":"es","potentialAction":[{"@type":"ReadAction","target":["https:\/\/123-esta.com\/es\/hacer-la-eleccion-correcta-de-alimentos-en-los-ee-uu\/"]}]},{"@type":"WebSite","@id":"https:\/\/123-esta.com\/es\/#website","url":"https:\/\/123-esta.com\/es\/","name":"Formulaire ESTA pour les USA","description":"","publisher":{"@id":"https:\/\/123-esta.com\/es\/#organization"},"potentialAction":[{"@type":"SearchAction","target":{"@type":"EntryPoint","urlTemplate":"https:\/\/123-esta.com\/es\/?s={search_term_string}"},"query-input":{"@type":"PropertyValueSpecification","valueRequired":true,"valueName":"search_term_string"}}],"inLanguage":"es"},{"@type":"Organization","@id":"https:\/\/123-esta.com\/es\/#organization","name":"Formulaire ESTA pour les USA","url":"https:\/\/123-esta.com\/es\/","logo":{"@type":"ImageObject","inLanguage":"es","@id":"https:\/\/123-esta.com\/es\/#\/schema\/logo\/image\/","url":"https:\/\/123-esta.com\/wp-content\/uploads\/2018\/03\/logo-123-esta.png","contentUrl":"https:\/\/123-esta.com\/wp-content\/uploads\/2018\/03\/logo-123-esta.png","width":191,"height":54,"caption":"Formulaire ESTA pour les USA"},"image":{"@id":"https:\/\/123-esta.com\/es\/#\/schema\/logo\/image\/"}}]}},"_links":{"self":[{"href":"https:\/\/123-esta.com\/es\/wp-json\/wp\/v2\/pages\/1448","targetHints":{"allow":["GET"]}}],"collection":[{"href":"https:\/\/123-esta.com\/es\/wp-json\/wp\/v2\/pages"}],"about":[{"href":"https:\/\/123-esta.com\/es\/wp-json\/wp\/v2\/types\/page"}],"author":[{"embeddable":true,"href":"https:\/\/123-esta.com\/es\/wp-json\/wp\/v2\/users\/1"}],"replies":[{"embeddable":true,"href":"https:\/\/123-esta.com\/es\/wp-json\/wp\/v2\/comments?post=1448"}],"version-history":[{"count":0,"href":"https:\/\/123-esta.com\/es\/wp-json\/wp\/v2\/pages\/1448\/revisions"}],"wp:attachment":[{"href":"https:\/\/123-esta.com\/es\/wp-json\/wp\/v2\/media?parent=1448"}],"curies":[{"name":"wp","href":"https:\/\/api.w.org\/{rel}","templated":true}]}}