{"id":1446,"date":"2021-12-21T17:01:23","date_gmt":"2021-12-21T16:01:23","guid":{"rendered":"https:\/\/123-esta.com\/cocina-estadounidense-un-elemento-basico-de-su-viaje\/"},"modified":"2022-08-23T23:33:23","modified_gmt":"2022-08-23T21:33:23","slug":"cocina-estadounidense-un-elemento-basico-de-su-viaje","status":"publish","type":"page","link":"https:\/\/123-esta.com\/es\/cocina-estadounidense-un-elemento-basico-de-su-viaje\/","title":{"rendered":"Cocina estadounidense: un elemento b\u00e1sico de su viaje"},"content":{"rendered":"\n<p>La cocina estadounidense adolece de una inmerecida falta de conciencia a nivel mundial. Ignorancia porque para los profanos, que dice que la cocina americana significa comida frita y comida chatarra. La globalizaci\u00f3n de la comida r\u00e1pida estadounidense ha jugado un papel negativo en lo que actualmente creemos saber y saber sobre la gastronom\u00eda estadounidense. Sin embargo, siguiendo <a href=\"https:\/\/123-esta.com\/es\/nuestro-consejo-para-un-viaje-pacifico-a-estados-unidos\/\">nuestros consejos sobre EE<\/a> . UU., Podr\u00e1 encontrar la comida que m\u00e1s le convenga.<\/p>\n\n<p>Antes de ir m\u00e1s lejos, se\u00f1alemos con raz\u00f3n que los restaurantes de comida r\u00e1pida se democratizaron solo a principios de la d\u00e9cada de 1940, en 1937 para ser m\u00e1s precisos, con la creaci\u00f3n de la multinacional McDonalds. Sin embargo, la cocina estadounidense es m\u00e1s antigua que eso. Wikipedia nos dice que las recetas tradicionales de los indios americanos est\u00e1n hoy en d\u00eda bien conservadas y consideradas como herencia cultural americana.<\/p>\n\n<h2 class=\"wp-block-heading\">Gastronom\u00eda americana<\/h2>\n\n<p>La grandeza de Estados Unidos se refleja en la riqueza y diversidad de su cultura. Cada estado tiene su propia cultura que lo diferencia de los dem\u00e1s, al igual que la cocina estadounidense. A primera vista, es como la combinaci\u00f3n perfecta de las habilidades culinarias de los inmigrantes que llegaron al pa\u00eds desde el siglo XVI.<\/p>\n\n<p><a href=\"https:\/\/123-esta.com\/es\/hacer-la-eleccion-correcta-de-alimentos-en-los-ee-uu\/\">Algunas especialidades estadounidenses<\/a> , como la famosa hamburguesa, no fueron inventadas por los estadounidenses. Independientemente, los estadounidenses todav\u00eda le dedican un d\u00eda nacional (28 de mayo).<\/p>\n\n<p>Cada estado de los Estados Unidos tiene su propia especialidad, y as\u00ed es como ciertos platos se han vuelto populares para convertirse en una especialidad estadounidense por derecho propio. En el departamento de dulces, podemos mencionar: panqueques, rosquillas, brownies, muffins, etc; y en el apartado salado: el pastel de carne con tocino, el bistec con huevo, el rollo de langosta de Maine (un panecillo de perrito caliente con bogavante, verduras y una buena salsa), el chili con carne, los macarrones con queso, sin olvidar el picante perro.<\/p>\n\n<h2 class=\"wp-block-heading\">Famosos restaurantes de comida r\u00e1pida estadounidense<\/h2>\n\n<p>Despu\u00e9s de hacerle sospechar del lado pasado por alto de la cocina estadounidense, echemos un vistazo r\u00e1pido a los famosos lugares de comida r\u00e1pida que se han dado a conocer en todo el mundo.<\/p>\n\n<p>Como acabamos de decir, la hamburguesa no es americana, pero Estados Unidos supo perfeccionarla e incluso se apropi\u00f3 de ella. Hay varias marcas estadounidenses de restaurantes de comida r\u00e1pida, la mayor\u00eda de las cuales se han extendido a Europa hasta ahora: McDonald&#8217;s, Burger King, Denny&#8217;s, Taco Bell, Pizza Hut, KFC, etc. La lista es larga.<\/p>\n\n<p>En estas tiendas, se le servir\u00e1n generosas porciones de deliciosos platos cuyo sabor difiere un poco de nuestras sucursales locales. Tenga la seguridad de que todos corren el riesgo de aumentar algunos kilos durante las vacaciones, sin importar a d\u00f3nde vaya. Comer una hamburguesa o dos en los Estados Unidos no te har\u00e1 da\u00f1o. Por otro lado, comer solo eso, incluso aqu\u00ed en Francia, podr\u00eda ser perjudicial para la salud. \u00a1Sin embargo, es dif\u00edcil resistirse al vendedor de perritos calientes en Time Square! Definitivamente vale la pena una visita para aquellos que pasan por Nueva York.<\/p>\n","protected":false},"excerpt":{"rendered":"<p>La cocina estadounidense adolece de una inmerecida falta de conciencia a nivel mundial. Ignorancia porque para los profanos, que dice que la cocina americana significa comida frita y comida chatarra. La globalizaci\u00f3n de la comida r\u00e1pida estadounidense ha jugado un papel negativo en lo que actualmente creemos saber y saber sobre la gastronom\u00eda estadounidense. Sin [&hellip;]<\/p>\n","protected":false},"author":1,"featured_media":0,"parent":0,"menu_order":0,"comment_status":"closed","ping_status":"closed","template":"","meta":{"site-sidebar-layout":"default","site-content-layout":"default","ast-site-content-layout":"default","site-content-style":"default","site-sidebar-style":"default","ast-global-header-display":"","ast-banner-title-visibility":"","ast-main-header-display":"","ast-hfb-above-header-display":"","ast-hfb-below-header-display":"","ast-hfb-mobile-header-display":"","site-post-title":"","ast-breadcrumbs-content":"","ast-featured-img":"","footer-sml-layout":"","ast-disable-related-posts":"","theme-transparent-header-meta":"default","adv-header-id-meta":"","stick-header-meta":"default","header-above-stick-meta":"","header-main-stick-meta":"","header-below-stick-meta":"","astra-migrate-meta-layouts":"default","ast-page-background-enabled":"default","ast-page-background-meta":{"desktop":{"background-color":"","background-image":"","background-repeat":"repeat","background-position":"center center","background-size":"auto","background-attachment":"scroll","background-type":"","background-media":"","overlay-type":"","overlay-color":"","overlay-opacity":"","overlay-gradient":""},"tablet":{"background-color":"","background-image":"","background-repeat":"repeat","background-position":"center center","background-size":"auto","background-attachment":"scroll","background-type":"","background-media":"","overlay-type":"","overlay-color":"","overlay-opacity":"","overlay-gradient":""},"mobile":{"background-color":"","background-image":"","background-repeat":"repeat","background-position":"center center","background-size":"auto","background-attachment":"scroll","background-type":"","background-media":"","overlay-type":"","overlay-color":"","overlay-opacity":"","overlay-gradient":""}},"ast-content-background-meta":{"desktop":{"background-color":"var(--ast-global-color-5)","background-image":"","background-repeat":"repeat","background-position":"center center","background-size":"auto","background-attachment":"scroll","background-type":"","background-media":"","overlay-type":"","overlay-color":"","overlay-opacity":"","overlay-gradient":""},"tablet":{"background-color":"var(--ast-global-color-5)","background-image":"","background-repeat":"repeat","background-position":"center center","background-size":"auto","background-attachment":"scroll","background-type":"","background-media":"","overlay-type":"","overlay-color":"","overlay-opacity":"","overlay-gradient":""},"mobile":{"background-color":"var(--ast-global-color-5)","background-image":"","background-repeat":"repeat","background-position":"center center","background-size":"auto","background-attachment":"scroll","background-type":"","background-media":"","overlay-type":"","overlay-color":"","overlay-opacity":"","overlay-gradient":""}},"footnotes":""},"class_list":["post-1446","page","type-page","status-publish","hentry"],"yoast_head":"<!-- This site is optimized with the Yoast SEO plugin v27.1.1 - https:\/\/yoast.com\/product\/yoast-seo-wordpress\/ -->\n<title>Cocina americana: un descubrimiento imperdible<\/title>\n<meta name=\"description\" content=\"Aqu\u00ed hay un recorrido r\u00e1pido por la cocina estadounidense y la riqueza culinaria de los Estados Unidos. Tambi\u00e9n se hablar\u00e1 de los restaurantes de comida r\u00e1pida estadounidenses.\" \/>\n<meta name=\"robots\" content=\"index, follow, max-snippet:-1, max-image-preview:large, max-video-preview:-1\" \/>\n<link rel=\"canonical\" href=\"https:\/\/123-esta.com\/es\/cocina-estadounidense-un-elemento-basico-de-su-viaje\/\" \/>\n<meta property=\"og:locale\" content=\"es_ES\" \/>\n<meta property=\"og:type\" content=\"article\" \/>\n<meta property=\"og:title\" content=\"Cocina americana: un descubrimiento imperdible\" \/>\n<meta property=\"og:description\" content=\"Aqu\u00ed hay un recorrido r\u00e1pido por la cocina estadounidense y la riqueza culinaria de los Estados Unidos. Tambi\u00e9n se hablar\u00e1 de los restaurantes de comida r\u00e1pida estadounidenses.\" \/>\n<meta property=\"og:url\" content=\"https:\/\/123-esta.com\/es\/cocina-estadounidense-un-elemento-basico-de-su-viaje\/\" \/>\n<meta property=\"og:site_name\" content=\"Formulaire ESTA pour les USA\" \/>\n<meta property=\"article:modified_time\" content=\"2022-08-23T21:33:23+00:00\" \/>\n<meta name=\"twitter:card\" content=\"summary_large_image\" \/>\n<meta name=\"twitter:label1\" content=\"Tiempo de lectura\" \/>\n\t<meta name=\"twitter:data1\" content=\"3 minutos\" \/>\n<script type=\"application\/ld+json\" class=\"yoast-schema-graph\">{\"@context\":\"https:\/\/schema.org\",\"@graph\":[{\"@type\":\"WebPage\",\"@id\":\"https:\/\/123-esta.com\/es\/cocina-estadounidense-un-elemento-basico-de-su-viaje\/\",\"url\":\"https:\/\/123-esta.com\/es\/cocina-estadounidense-un-elemento-basico-de-su-viaje\/\",\"name\":\"Cocina americana: un descubrimiento imperdible\",\"isPartOf\":{\"@id\":\"https:\/\/123-esta.com\/es\/#website\"},\"datePublished\":\"2021-12-21T16:01:23+00:00\",\"dateModified\":\"2022-08-23T21:33:23+00:00\",\"description\":\"Aqu\u00ed hay un recorrido r\u00e1pido por la cocina estadounidense y la riqueza culinaria de los Estados Unidos. Tambi\u00e9n se hablar\u00e1 de los restaurantes de comida r\u00e1pida estadounidenses.\",\"inLanguage\":\"es\",\"potentialAction\":[{\"@type\":\"ReadAction\",\"target\":[\"https:\/\/123-esta.com\/es\/cocina-estadounidense-un-elemento-basico-de-su-viaje\/\"]}]},{\"@type\":\"WebSite\",\"@id\":\"https:\/\/123-esta.com\/es\/#website\",\"url\":\"https:\/\/123-esta.com\/es\/\",\"name\":\"Formulaire ESTA pour les USA\",\"description\":\"\",\"publisher\":{\"@id\":\"https:\/\/123-esta.com\/es\/#organization\"},\"potentialAction\":[{\"@type\":\"SearchAction\",\"target\":{\"@type\":\"EntryPoint\",\"urlTemplate\":\"https:\/\/123-esta.com\/es\/?s={search_term_string}\"},\"query-input\":{\"@type\":\"PropertyValueSpecification\",\"valueRequired\":true,\"valueName\":\"search_term_string\"}}],\"inLanguage\":\"es\"},{\"@type\":\"Organization\",\"@id\":\"https:\/\/123-esta.com\/es\/#organization\",\"name\":\"Formulaire ESTA pour les USA\",\"url\":\"https:\/\/123-esta.com\/es\/\",\"logo\":{\"@type\":\"ImageObject\",\"inLanguage\":\"es\",\"@id\":\"https:\/\/123-esta.com\/es\/#\/schema\/logo\/image\/\",\"url\":\"https:\/\/123-esta.com\/wp-content\/uploads\/2018\/03\/logo-123-esta.png\",\"contentUrl\":\"https:\/\/123-esta.com\/wp-content\/uploads\/2018\/03\/logo-123-esta.png\",\"width\":191,\"height\":54,\"caption\":\"Formulaire ESTA pour les USA\"},\"image\":{\"@id\":\"https:\/\/123-esta.com\/es\/#\/schema\/logo\/image\/\"}}]}<\/script>\n<!-- \/ Yoast SEO plugin. -->","yoast_head_json":{"title":"Cocina americana: un descubrimiento imperdible","description":"Aqu\u00ed hay un recorrido r\u00e1pido por la cocina estadounidense y la riqueza culinaria de los Estados Unidos. Tambi\u00e9n se hablar\u00e1 de los restaurantes de comida r\u00e1pida estadounidenses.","robots":{"index":"index","follow":"follow","max-snippet":"max-snippet:-1","max-image-preview":"max-image-preview:large","max-video-preview":"max-video-preview:-1"},"canonical":"https:\/\/123-esta.com\/es\/cocina-estadounidense-un-elemento-basico-de-su-viaje\/","og_locale":"es_ES","og_type":"article","og_title":"Cocina americana: un descubrimiento imperdible","og_description":"Aqu\u00ed hay un recorrido r\u00e1pido por la cocina estadounidense y la riqueza culinaria de los Estados Unidos. Tambi\u00e9n se hablar\u00e1 de los restaurantes de comida r\u00e1pida estadounidenses.","og_url":"https:\/\/123-esta.com\/es\/cocina-estadounidense-un-elemento-basico-de-su-viaje\/","og_site_name":"Formulaire ESTA pour les USA","article_modified_time":"2022-08-23T21:33:23+00:00","twitter_card":"summary_large_image","twitter_misc":{"Tiempo de lectura":"3 minutos"},"schema":{"@context":"https:\/\/schema.org","@graph":[{"@type":"WebPage","@id":"https:\/\/123-esta.com\/es\/cocina-estadounidense-un-elemento-basico-de-su-viaje\/","url":"https:\/\/123-esta.com\/es\/cocina-estadounidense-un-elemento-basico-de-su-viaje\/","name":"Cocina americana: un descubrimiento imperdible","isPartOf":{"@id":"https:\/\/123-esta.com\/es\/#website"},"datePublished":"2021-12-21T16:01:23+00:00","dateModified":"2022-08-23T21:33:23+00:00","description":"Aqu\u00ed hay un recorrido r\u00e1pido por la cocina estadounidense y la riqueza culinaria de los Estados Unidos. Tambi\u00e9n se hablar\u00e1 de los restaurantes de comida r\u00e1pida estadounidenses.","inLanguage":"es","potentialAction":[{"@type":"ReadAction","target":["https:\/\/123-esta.com\/es\/cocina-estadounidense-un-elemento-basico-de-su-viaje\/"]}]},{"@type":"WebSite","@id":"https:\/\/123-esta.com\/es\/#website","url":"https:\/\/123-esta.com\/es\/","name":"Formulaire ESTA pour les USA","description":"","publisher":{"@id":"https:\/\/123-esta.com\/es\/#organization"},"potentialAction":[{"@type":"SearchAction","target":{"@type":"EntryPoint","urlTemplate":"https:\/\/123-esta.com\/es\/?s={search_term_string}"},"query-input":{"@type":"PropertyValueSpecification","valueRequired":true,"valueName":"search_term_string"}}],"inLanguage":"es"},{"@type":"Organization","@id":"https:\/\/123-esta.com\/es\/#organization","name":"Formulaire ESTA pour les USA","url":"https:\/\/123-esta.com\/es\/","logo":{"@type":"ImageObject","inLanguage":"es","@id":"https:\/\/123-esta.com\/es\/#\/schema\/logo\/image\/","url":"https:\/\/123-esta.com\/wp-content\/uploads\/2018\/03\/logo-123-esta.png","contentUrl":"https:\/\/123-esta.com\/wp-content\/uploads\/2018\/03\/logo-123-esta.png","width":191,"height":54,"caption":"Formulaire ESTA pour les USA"},"image":{"@id":"https:\/\/123-esta.com\/es\/#\/schema\/logo\/image\/"}}]}},"_links":{"self":[{"href":"https:\/\/123-esta.com\/es\/wp-json\/wp\/v2\/pages\/1446","targetHints":{"allow":["GET"]}}],"collection":[{"href":"https:\/\/123-esta.com\/es\/wp-json\/wp\/v2\/pages"}],"about":[{"href":"https:\/\/123-esta.com\/es\/wp-json\/wp\/v2\/types\/page"}],"author":[{"embeddable":true,"href":"https:\/\/123-esta.com\/es\/wp-json\/wp\/v2\/users\/1"}],"replies":[{"embeddable":true,"href":"https:\/\/123-esta.com\/es\/wp-json\/wp\/v2\/comments?post=1446"}],"version-history":[{"count":0,"href":"https:\/\/123-esta.com\/es\/wp-json\/wp\/v2\/pages\/1446\/revisions"}],"wp:attachment":[{"href":"https:\/\/123-esta.com\/es\/wp-json\/wp\/v2\/media?parent=1446"}],"curies":[{"name":"wp","href":"https:\/\/api.w.org\/{rel}","templated":true}]}}