{"id":1445,"date":"2021-12-21T17:01:09","date_gmt":"2021-12-21T16:01:09","guid":{"rendered":"https:\/\/123-esta.com\/el-medio-de-transporte-para-visitar-estados-unidos\/"},"modified":"2022-08-31T11:34:03","modified_gmt":"2022-08-31T09:34:03","slug":"el-medio-de-transporte-para-visitar-estados-unidos","status":"publish","type":"page","link":"https:\/\/123-esta.com\/es\/el-medio-de-transporte-para-visitar-estados-unidos\/","title":{"rendered":"El medio de transporte para visitar Estados Unidos."},"content":{"rendered":"<p>Visitar los Estados Unidos de norte a sur y de este a oeste a trav\u00e9s del centro es una carrera de obst\u00e1culos debido al inmenso tama\u00f1o del pa\u00eds. Sigue nuestros <a href=\"https:\/\/123-esta.com\/es\/nuestro-consejo-para-un-viaje-pacifico-a-estados-unidos\/\">consejos sobre Estados Unidos<\/a> para hacerte la vida m\u00e1s f\u00e1cil.<\/p>\n<p>Con una superficie de 9.370.000 kil\u00f3metros cuadrados y una poblaci\u00f3n de alrededor de 322 millones, el pa\u00eds es uno de los m\u00e1s grandes del mundo. Solo 3 pa\u00edses son m\u00e1s grandes: Rusia con 17.090.000 km2, Canad\u00e1 con 9.980.000 km2 y China con 9.680.000 km2.<\/p>\n<p>De todos modos, existen sin embargo muchos medios de transporte para visitar EE. UU. De un extremo a otro.<\/p>\n<h2>\u00bfC\u00f3mo moverse por Estados Unidos?<\/h2>\n<p>En Estados Unidos, a pesar de la inmensidad del territorio, a menudo es posible ir de una ciudad a otra utilizando varios medios de transporte: en coche, autob\u00fas, avi\u00f3n y, en algunos casos, en barco o en tren. El pa\u00eds est\u00e1 muy bien comunicado por numerosas carreteras y los aeropuertos modernos conectan las ciudades m\u00e1s grandes y las aldeas m\u00e1s peque\u00f1as.<\/p>\n<p>Viajar es bueno, pero estar preparado es a\u00fan mejor y como dice el refr\u00e1n: quien quiere viajar lejos cuida de su montura. Por tanto, es importante ajustar su presupuesto a sus modos de transporte.<\/p>\n<h2>Tren, coche, avi\u00f3n, autocaravana, barco, etc.<\/h2>\n<p>Al igual que en Europa, es posible viajar en tren en Estados Unidos. Es un medio de transporte moderno y muy c\u00f3modo a precios a menudo inmejorables. Una vez a bordo, puede encontrar un restaurante all\u00ed con precios relativamente asequibles.<\/p>\n<p>Otra opci\u00f3n es viajar en autocar con una empresa como Greyhound. En comparaci\u00f3n con los trenes, este modo de transporte a menudo ser\u00e1 m\u00e1s r\u00e1pido y le brindar\u00e1 m\u00e1s opciones de destinos y horarios. Si planeas viajar distancias muy largas, los autobuses son una alternativa real. Los autobuses nocturnos en particular pueden ser una excelente opci\u00f3n para los viajeros que desean ahorrar una noche de hotel.<\/p>\n<p>Si tiene los medios, <a href=\"https:\/\/123-esta.com\/es\/pregunta-esta-antes-de-comprar-billetes-de-avion\/\">el avi\u00f3n, por supuesto, le permitir\u00e1 ir a\u00fan m\u00e1s r\u00e1pido durante sus viajes de larga distancia<\/a> . Todas las principales ciudades estadounidenses tienen aeropuertos con infraestructura moderna.<\/p>\n<p>Para aquellos de ustedes que buscan <a href=\"https:\/\/123-esta.com\/es\/conducir-en-los-ee-uu-con-su-licencia-espanola\/\">alquilar un autom\u00f3vil utilitario<\/a> , hay muchas opciones en los EE. UU. Los aeropuertos suelen estar llenos de agencias de alquiler. A trav\u00e9s de determinados sitios web, incluso es posible alquilar un coche a particulares por una compensaci\u00f3n econ\u00f3mica a menudo ventajosa.<\/p>\n<p>Un \u00faltimo medio de transporte que podemos recomendar son los campings. De hecho, \u00a1la demanda es mayor que la oferta! En familia o en pareja, es uno de los medios de transporte preferidos para tu viaje a tierras americanas en lugares m\u00edticos como Nueva York, Florida, etc.<\/p>\n<p>Una \u00faltima y original forma de viajar ser\u00eda optar por la bicicleta. \u00a1 <a href=\"https:\/\/123-esta.com\/es\/una-gira-de-los-estados-unidos-es-posible\/\">Visitar Estados Unidos en bicicleta<\/a> puede ser una experiencia extraordinaria!<\/p>\n","protected":false},"excerpt":{"rendered":"<p>Visitar los Estados Unidos de norte a sur y de este a oeste a trav\u00e9s del centro es una carrera de obst\u00e1culos debido al inmenso tama\u00f1o del pa\u00eds. Sigue nuestros consejos sobre Estados Unidos para hacerte la vida m\u00e1s f\u00e1cil. Con una superficie de 9.370.000 kil\u00f3metros cuadrados y una poblaci\u00f3n de alrededor de 322 millones, [&hellip;]<\/p>\n","protected":false},"author":1,"featured_media":0,"parent":0,"menu_order":0,"comment_status":"closed","ping_status":"closed","template":"","meta":{"site-sidebar-layout":"default","site-content-layout":"default","ast-site-content-layout":"default","site-content-style":"default","site-sidebar-style":"default","ast-global-header-display":"","ast-banner-title-visibility":"","ast-main-header-display":"","ast-hfb-above-header-display":"","ast-hfb-below-header-display":"","ast-hfb-mobile-header-display":"","site-post-title":"","ast-breadcrumbs-content":"","ast-featured-img":"","footer-sml-layout":"","ast-disable-related-posts":"","theme-transparent-header-meta":"default","adv-header-id-meta":"","stick-header-meta":"default","header-above-stick-meta":"","header-main-stick-meta":"","header-below-stick-meta":"","astra-migrate-meta-layouts":"default","ast-page-background-enabled":"default","ast-page-background-meta":{"desktop":{"background-color":"","background-image":"","background-repeat":"repeat","background-position":"center center","background-size":"auto","background-attachment":"scroll","background-type":"","background-media":"","overlay-type":"","overlay-color":"","overlay-opacity":"","overlay-gradient":""},"tablet":{"background-color":"","background-image":"","background-repeat":"repeat","background-position":"center center","background-size":"auto","background-attachment":"scroll","background-type":"","background-media":"","overlay-type":"","overlay-color":"","overlay-opacity":"","overlay-gradient":""},"mobile":{"background-color":"","background-image":"","background-repeat":"repeat","background-position":"center center","background-size":"auto","background-attachment":"scroll","background-type":"","background-media":"","overlay-type":"","overlay-color":"","overlay-opacity":"","overlay-gradient":""}},"ast-content-background-meta":{"desktop":{"background-color":"var(--ast-global-color-5)","background-image":"","background-repeat":"repeat","background-position":"center center","background-size":"auto","background-attachment":"scroll","background-type":"","background-media":"","overlay-type":"","overlay-color":"","overlay-opacity":"","overlay-gradient":""},"tablet":{"background-color":"var(--ast-global-color-5)","background-image":"","background-repeat":"repeat","background-position":"center center","background-size":"auto","background-attachment":"scroll","background-type":"","background-media":"","overlay-type":"","overlay-color":"","overlay-opacity":"","overlay-gradient":""},"mobile":{"background-color":"var(--ast-global-color-5)","background-image":"","background-repeat":"repeat","background-position":"center center","background-size":"auto","background-attachment":"scroll","background-type":"","background-media":"","overlay-type":"","overlay-color":"","overlay-opacity":"","overlay-gradient":""}},"footnotes":""},"class_list":["post-1445","page","type-page","status-publish","hentry"],"yoast_head":"<!-- This site is optimized with the Yoast SEO plugin v27.1.1 - https:\/\/yoast.com\/product\/yoast-seo-wordpress\/ -->\n<title>\u00bfCu\u00e1les son los mejores medios de transporte para visitar EE. UU.?<\/title>\n<meta name=\"description\" content=\"Estados Unidos es un pa\u00eds muy grande, pero no dejes que eso te enfr\u00ede porque es muy f\u00e1cil moverse por Estados Unidos. Lista de modos de transporte.\" \/>\n<meta name=\"robots\" content=\"index, follow, max-snippet:-1, max-image-preview:large, max-video-preview:-1\" \/>\n<link rel=\"canonical\" href=\"https:\/\/123-esta.com\/es\/el-medio-de-transporte-para-visitar-estados-unidos\/\" \/>\n<meta property=\"og:locale\" content=\"es_ES\" \/>\n<meta property=\"og:type\" content=\"article\" \/>\n<meta property=\"og:title\" content=\"\u00bfCu\u00e1les son los mejores medios de transporte para visitar EE. UU.?\" \/>\n<meta property=\"og:description\" content=\"Estados Unidos es un pa\u00eds muy grande, pero no dejes que eso te enfr\u00ede porque es muy f\u00e1cil moverse por Estados Unidos. Lista de modos de transporte.\" \/>\n<meta property=\"og:url\" content=\"https:\/\/123-esta.com\/es\/el-medio-de-transporte-para-visitar-estados-unidos\/\" \/>\n<meta property=\"og:site_name\" content=\"Formulaire ESTA pour les USA\" \/>\n<meta property=\"article:modified_time\" content=\"2022-08-31T09:34:03+00:00\" \/>\n<meta name=\"twitter:card\" content=\"summary_large_image\" \/>\n<meta name=\"twitter:label1\" content=\"Tiempo de lectura\" \/>\n\t<meta name=\"twitter:data1\" content=\"3 minutos\" \/>\n<script type=\"application\/ld+json\" class=\"yoast-schema-graph\">{\"@context\":\"https:\/\/schema.org\",\"@graph\":[{\"@type\":\"WebPage\",\"@id\":\"https:\/\/123-esta.com\/es\/el-medio-de-transporte-para-visitar-estados-unidos\/\",\"url\":\"https:\/\/123-esta.com\/es\/el-medio-de-transporte-para-visitar-estados-unidos\/\",\"name\":\"\u00bfCu\u00e1les son los mejores medios de transporte para visitar EE. UU.?\",\"isPartOf\":{\"@id\":\"https:\/\/123-esta.com\/es\/#website\"},\"datePublished\":\"2021-12-21T16:01:09+00:00\",\"dateModified\":\"2022-08-31T09:34:03+00:00\",\"description\":\"Estados Unidos es un pa\u00eds muy grande, pero no dejes que eso te enfr\u00ede porque es muy f\u00e1cil moverse por Estados Unidos. Lista de modos de transporte.\",\"inLanguage\":\"es\",\"potentialAction\":[{\"@type\":\"ReadAction\",\"target\":[\"https:\/\/123-esta.com\/es\/el-medio-de-transporte-para-visitar-estados-unidos\/\"]}]},{\"@type\":\"WebSite\",\"@id\":\"https:\/\/123-esta.com\/es\/#website\",\"url\":\"https:\/\/123-esta.com\/es\/\",\"name\":\"Formulaire ESTA pour les USA\",\"description\":\"\",\"publisher\":{\"@id\":\"https:\/\/123-esta.com\/es\/#organization\"},\"potentialAction\":[{\"@type\":\"SearchAction\",\"target\":{\"@type\":\"EntryPoint\",\"urlTemplate\":\"https:\/\/123-esta.com\/es\/?s={search_term_string}\"},\"query-input\":{\"@type\":\"PropertyValueSpecification\",\"valueRequired\":true,\"valueName\":\"search_term_string\"}}],\"inLanguage\":\"es\"},{\"@type\":\"Organization\",\"@id\":\"https:\/\/123-esta.com\/es\/#organization\",\"name\":\"Formulaire ESTA pour les USA\",\"url\":\"https:\/\/123-esta.com\/es\/\",\"logo\":{\"@type\":\"ImageObject\",\"inLanguage\":\"es\",\"@id\":\"https:\/\/123-esta.com\/es\/#\/schema\/logo\/image\/\",\"url\":\"https:\/\/123-esta.com\/wp-content\/uploads\/2018\/03\/logo-123-esta.png\",\"contentUrl\":\"https:\/\/123-esta.com\/wp-content\/uploads\/2018\/03\/logo-123-esta.png\",\"width\":191,\"height\":54,\"caption\":\"Formulaire ESTA pour les USA\"},\"image\":{\"@id\":\"https:\/\/123-esta.com\/es\/#\/schema\/logo\/image\/\"}}]}<\/script>\n<!-- \/ Yoast SEO plugin. -->","yoast_head_json":{"title":"\u00bfCu\u00e1les son los mejores medios de transporte para visitar EE. UU.?","description":"Estados Unidos es un pa\u00eds muy grande, pero no dejes que eso te enfr\u00ede porque es muy f\u00e1cil moverse por Estados Unidos. Lista de modos de transporte.","robots":{"index":"index","follow":"follow","max-snippet":"max-snippet:-1","max-image-preview":"max-image-preview:large","max-video-preview":"max-video-preview:-1"},"canonical":"https:\/\/123-esta.com\/es\/el-medio-de-transporte-para-visitar-estados-unidos\/","og_locale":"es_ES","og_type":"article","og_title":"\u00bfCu\u00e1les son los mejores medios de transporte para visitar EE. UU.?","og_description":"Estados Unidos es un pa\u00eds muy grande, pero no dejes que eso te enfr\u00ede porque es muy f\u00e1cil moverse por Estados Unidos. Lista de modos de transporte.","og_url":"https:\/\/123-esta.com\/es\/el-medio-de-transporte-para-visitar-estados-unidos\/","og_site_name":"Formulaire ESTA pour les USA","article_modified_time":"2022-08-31T09:34:03+00:00","twitter_card":"summary_large_image","twitter_misc":{"Tiempo de lectura":"3 minutos"},"schema":{"@context":"https:\/\/schema.org","@graph":[{"@type":"WebPage","@id":"https:\/\/123-esta.com\/es\/el-medio-de-transporte-para-visitar-estados-unidos\/","url":"https:\/\/123-esta.com\/es\/el-medio-de-transporte-para-visitar-estados-unidos\/","name":"\u00bfCu\u00e1les son los mejores medios de transporte para visitar EE. UU.?","isPartOf":{"@id":"https:\/\/123-esta.com\/es\/#website"},"datePublished":"2021-12-21T16:01:09+00:00","dateModified":"2022-08-31T09:34:03+00:00","description":"Estados Unidos es un pa\u00eds muy grande, pero no dejes que eso te enfr\u00ede porque es muy f\u00e1cil moverse por Estados Unidos. Lista de modos de transporte.","inLanguage":"es","potentialAction":[{"@type":"ReadAction","target":["https:\/\/123-esta.com\/es\/el-medio-de-transporte-para-visitar-estados-unidos\/"]}]},{"@type":"WebSite","@id":"https:\/\/123-esta.com\/es\/#website","url":"https:\/\/123-esta.com\/es\/","name":"Formulaire ESTA pour les USA","description":"","publisher":{"@id":"https:\/\/123-esta.com\/es\/#organization"},"potentialAction":[{"@type":"SearchAction","target":{"@type":"EntryPoint","urlTemplate":"https:\/\/123-esta.com\/es\/?s={search_term_string}"},"query-input":{"@type":"PropertyValueSpecification","valueRequired":true,"valueName":"search_term_string"}}],"inLanguage":"es"},{"@type":"Organization","@id":"https:\/\/123-esta.com\/es\/#organization","name":"Formulaire ESTA pour les USA","url":"https:\/\/123-esta.com\/es\/","logo":{"@type":"ImageObject","inLanguage":"es","@id":"https:\/\/123-esta.com\/es\/#\/schema\/logo\/image\/","url":"https:\/\/123-esta.com\/wp-content\/uploads\/2018\/03\/logo-123-esta.png","contentUrl":"https:\/\/123-esta.com\/wp-content\/uploads\/2018\/03\/logo-123-esta.png","width":191,"height":54,"caption":"Formulaire ESTA pour les USA"},"image":{"@id":"https:\/\/123-esta.com\/es\/#\/schema\/logo\/image\/"}}]}},"_links":{"self":[{"href":"https:\/\/123-esta.com\/es\/wp-json\/wp\/v2\/pages\/1445","targetHints":{"allow":["GET"]}}],"collection":[{"href":"https:\/\/123-esta.com\/es\/wp-json\/wp\/v2\/pages"}],"about":[{"href":"https:\/\/123-esta.com\/es\/wp-json\/wp\/v2\/types\/page"}],"author":[{"embeddable":true,"href":"https:\/\/123-esta.com\/es\/wp-json\/wp\/v2\/users\/1"}],"replies":[{"embeddable":true,"href":"https:\/\/123-esta.com\/es\/wp-json\/wp\/v2\/comments?post=1445"}],"version-history":[{"count":0,"href":"https:\/\/123-esta.com\/es\/wp-json\/wp\/v2\/pages\/1445\/revisions"}],"wp:attachment":[{"href":"https:\/\/123-esta.com\/es\/wp-json\/wp\/v2\/media?parent=1445"}],"curies":[{"name":"wp","href":"https:\/\/api.w.org\/{rel}","templated":true}]}}