{"id":1441,"date":"2021-12-21T17:00:03","date_gmt":"2021-12-21T16:00:03","guid":{"rendered":"https:\/\/123-esta.com\/los-riesgos-incurridos-en-caso-de-una-estancia-excesiva-en-los-ee-uu\/"},"modified":"2024-10-07T15:01:59","modified_gmt":"2024-10-07T13:01:59","slug":"los-riesgos-incurridos-en-caso-de-una-estancia-excesiva-en-los-ee-uu","status":"publish","type":"page","link":"https:\/\/123-esta.com\/es\/los-riesgos-incurridos-en-caso-de-una-estancia-excesiva-en-los-ee-uu\/","title":{"rendered":"Los riesgos de quedarse m\u00e1s tiempo del permitido en EE.UU."},"content":{"rendered":"\n<p>Estados Unidos es uno de los destinos que m\u00e1s visitantes recibe durante todo el a\u00f1o, especialmente durante el per\u00edodo navide\u00f1o. Si es la primera vez que viaja a este territorio, o si han pasado m\u00e1s de 2 a\u00f1os desde que regres\u00f3 all\u00ed, debe solicitar una autorizaci\u00f3n ESTA, si su pa\u00eds es miembro del programa. Exenci\u00f3n de visa.<\/p>\n\n<p>La solicitud es sencilla, ya que s\u00f3lo hay que rellenar el formulario ESTA en l\u00ednea. Entonces pueden surgir tres casos:<\/p>\n\n<ul class=\"wp-block-list\">\n<li>se aprueba su solicitud;<\/li>\n\n\n\n<li>su solicitud es rechazada;<\/li>\n\n\n\n<li>su solicitud est\u00e1 pendiente.<\/li>\n<\/ul>\n\n<p>Si se le otorga su autorizaci\u00f3n ESTA, esto significa que tiene derecho a estar en los Estados Unidos cuando lo desee por un per\u00edodo que a menudo equivale a un m\u00e1ximo de 3 meses. Como recordatorio, <a href=\"https:\/\/123-esta.com\/es\/validez-esta\/\">esta autorizaci\u00f3n ESTA es v\u00e1lida por un per\u00edodo de 2 a\u00f1os<\/a> .<\/p>\n\n<h2 class=\"wp-block-heading\">\u00bfQu\u00e9 ocurre si me quedo m\u00e1s tiempo del permitido?<\/h2>\n\n<p>Una vez que haya pasado la fecha l\u00edmite para su estad\u00eda, autom\u00e1ticamente se lo considerar\u00e1 un inmigrante ilegal.<\/p>\n\n<p>Obviamente, para evitar esta desagradable situaci\u00f3n, se debe tener cuidado de salir de Estados Unidos antes de la fecha l\u00edmite de suspensi\u00f3n. De lo contrario, esto puede dar lugar a una prohibici\u00f3n, o incluso a la denegaci\u00f3n de la entrada a los EE. UU. Que van de 3 a 10 a\u00f1os, dependiendo de la duraci\u00f3n del desbordamiento.<\/p>\n\n<p>En el caso de que se exceda el l\u00edmite, el funcionario consular deber\u00e1 interrogarle sobre las razones de este exceso. Si tienes un buen argumento (accidente, problema m\u00e9dico, fuerza mayor, etc.) podr\u00e1s regresar a Estados Unidos sin ocasionar el menor problema. Sin embargo, si su argumento no convence a la administraci\u00f3n de los Estados Unidos, autom\u00e1ticamente se lo penalizar\u00e1 y se lo marcar\u00e1 como una persona que tiene la intenci\u00f3n de residir ilegalmente en los Estados Unidos.<\/p>\n\n<h2 class=\"wp-block-heading\">Qu\u00e9 hacer para evitar tal situaci\u00f3n.<\/h2>\n\n<p>Si por alguna raz\u00f3n su estancia puede ser superior a 90 d\u00edas, se aconseja encarecidamente solicitar un visado mientras se descarta la solicitud del ESTA. De hecho, ciertos tipos de visa le permitir\u00e1n permanecer en los Estados Unidos por un per\u00edodo de m\u00e1s de 3 meses.<\/p>\n\n<p>Adem\u00e1s, con una visa, puede extender su estad\u00eda simplemente presentando una solicitud motivada. Esto no es v\u00e1lido para una autorizaci\u00f3n ESTA, a menos que sea una emergencia m\u00e9dica o una solicitud de asilo pol\u00edtico.<\/p>\n\n<p>En cualquier caso, las estancias de m\u00e1s de 90 d\u00edas son raras y a menudo requieren tr\u00e1mites administrativos largos y costosos. Si est\u00e1 seguro de que su estancia ser\u00e1 inferior a 3 meses, puede solicitar simplemente la autorizaci\u00f3n ESTA. Autorizaci\u00f3n mediante la cual permanecer en suelo americano de forma legal y segura.<\/p>\n\n<p><\/p>\n","protected":false},"excerpt":{"rendered":"<p>Estados Unidos es uno de los destinos que m\u00e1s visitantes recibe durante todo el a\u00f1o, especialmente durante el per\u00edodo navide\u00f1o. Si es la primera vez que viaja a este territorio, o si han pasado m\u00e1s de 2 a\u00f1os desde que regres\u00f3 all\u00ed, debe solicitar una autorizaci\u00f3n ESTA, si su pa\u00eds es miembro del programa. Exenci\u00f3n [&hellip;]<\/p>\n","protected":false},"author":1,"featured_media":0,"parent":0,"menu_order":0,"comment_status":"closed","ping_status":"closed","template":"","meta":{"site-sidebar-layout":"default","site-content-layout":"default","ast-site-content-layout":"default","site-content-style":"default","site-sidebar-style":"default","ast-global-header-display":"","ast-banner-title-visibility":"","ast-main-header-display":"","ast-hfb-above-header-display":"","ast-hfb-below-header-display":"","ast-hfb-mobile-header-display":"","site-post-title":"","ast-breadcrumbs-content":"","ast-featured-img":"","footer-sml-layout":"","ast-disable-related-posts":"","theme-transparent-header-meta":"default","adv-header-id-meta":"","stick-header-meta":"default","header-above-stick-meta":"","header-main-stick-meta":"","header-below-stick-meta":"","astra-migrate-meta-layouts":"default","ast-page-background-enabled":"default","ast-page-background-meta":{"desktop":{"background-color":"","background-image":"","background-repeat":"repeat","background-position":"center center","background-size":"auto","background-attachment":"scroll","background-type":"","background-media":"","overlay-type":"","overlay-color":"","overlay-opacity":"","overlay-gradient":""},"tablet":{"background-color":"","background-image":"","background-repeat":"repeat","background-position":"center center","background-size":"auto","background-attachment":"scroll","background-type":"","background-media":"","overlay-type":"","overlay-color":"","overlay-opacity":"","overlay-gradient":""},"mobile":{"background-color":"","background-image":"","background-repeat":"repeat","background-position":"center center","background-size":"auto","background-attachment":"scroll","background-type":"","background-media":"","overlay-type":"","overlay-color":"","overlay-opacity":"","overlay-gradient":""}},"ast-content-background-meta":{"desktop":{"background-color":"var(--ast-global-color-5)","background-image":"","background-repeat":"repeat","background-position":"center center","background-size":"auto","background-attachment":"scroll","background-type":"","background-media":"","overlay-type":"","overlay-color":"","overlay-opacity":"","overlay-gradient":""},"tablet":{"background-color":"var(--ast-global-color-5)","background-image":"","background-repeat":"repeat","background-position":"center center","background-size":"auto","background-attachment":"scroll","background-type":"","background-media":"","overlay-type":"","overlay-color":"","overlay-opacity":"","overlay-gradient":""},"mobile":{"background-color":"var(--ast-global-color-5)","background-image":"","background-repeat":"repeat","background-position":"center center","background-size":"auto","background-attachment":"scroll","background-type":"","background-media":"","overlay-type":"","overlay-color":"","overlay-opacity":"","overlay-gradient":""}},"footnotes":""},"class_list":["post-1441","page","type-page","status-publish","hentry"],"yoast_head":"<!-- This site is optimized with the Yoast SEO plugin v27.1.1 - https:\/\/yoast.com\/product\/yoast-seo-wordpress\/ -->\n<title>Los riesgos de quedarse m\u00e1s tiempo del permitido en EE.UU.<\/title>\n<meta name=\"description\" content=\"\u00bfLas estancias autorizadas por ESTA est\u00e1n sujetas a un l\u00edmite de tiempo? Si es as\u00ed, \u00bfqu\u00e9 es y se puede ampliar?\" \/>\n<meta name=\"robots\" content=\"index, follow, max-snippet:-1, max-image-preview:large, max-video-preview:-1\" \/>\n<link rel=\"canonical\" href=\"https:\/\/123-esta.com\/es\/los-riesgos-incurridos-en-caso-de-una-estancia-excesiva-en-los-ee-uu\/\" \/>\n<meta property=\"og:locale\" content=\"es_ES\" \/>\n<meta property=\"og:type\" content=\"article\" \/>\n<meta property=\"og:title\" content=\"Los riesgos de quedarse m\u00e1s tiempo del permitido en EE.UU.\" \/>\n<meta property=\"og:description\" content=\"\u00bfLas estancias autorizadas por ESTA est\u00e1n sujetas a un l\u00edmite de tiempo? Si es as\u00ed, \u00bfqu\u00e9 es y se puede ampliar?\" \/>\n<meta property=\"og:url\" content=\"https:\/\/123-esta.com\/es\/los-riesgos-incurridos-en-caso-de-una-estancia-excesiva-en-los-ee-uu\/\" \/>\n<meta property=\"og:site_name\" content=\"Formulaire ESTA pour les USA\" \/>\n<meta property=\"article:modified_time\" content=\"2024-10-07T13:01:59+00:00\" \/>\n<meta name=\"twitter:card\" content=\"summary_large_image\" \/>\n<meta name=\"twitter:label1\" content=\"Tiempo de lectura\" \/>\n\t<meta name=\"twitter:data1\" content=\"3 minutos\" \/>\n<script type=\"application\/ld+json\" class=\"yoast-schema-graph\">{\"@context\":\"https:\/\/schema.org\",\"@graph\":[{\"@type\":\"WebPage\",\"@id\":\"https:\/\/123-esta.com\/es\/los-riesgos-incurridos-en-caso-de-una-estancia-excesiva-en-los-ee-uu\/\",\"url\":\"https:\/\/123-esta.com\/es\/los-riesgos-incurridos-en-caso-de-una-estancia-excesiva-en-los-ee-uu\/\",\"name\":\"Los riesgos de quedarse m\u00e1s tiempo del permitido en EE.UU.\",\"isPartOf\":{\"@id\":\"https:\/\/123-esta.com\/es\/#website\"},\"datePublished\":\"2021-12-21T16:00:03+00:00\",\"dateModified\":\"2024-10-07T13:01:59+00:00\",\"description\":\"\u00bfLas estancias autorizadas por ESTA est\u00e1n sujetas a un l\u00edmite de tiempo? Si es as\u00ed, \u00bfqu\u00e9 es y se puede ampliar?\",\"inLanguage\":\"es\",\"potentialAction\":[{\"@type\":\"ReadAction\",\"target\":[\"https:\/\/123-esta.com\/es\/los-riesgos-incurridos-en-caso-de-una-estancia-excesiva-en-los-ee-uu\/\"]}]},{\"@type\":\"WebSite\",\"@id\":\"https:\/\/123-esta.com\/es\/#website\",\"url\":\"https:\/\/123-esta.com\/es\/\",\"name\":\"Formulaire ESTA pour les USA\",\"description\":\"\",\"publisher\":{\"@id\":\"https:\/\/123-esta.com\/es\/#organization\"},\"potentialAction\":[{\"@type\":\"SearchAction\",\"target\":{\"@type\":\"EntryPoint\",\"urlTemplate\":\"https:\/\/123-esta.com\/es\/?s={search_term_string}\"},\"query-input\":{\"@type\":\"PropertyValueSpecification\",\"valueRequired\":true,\"valueName\":\"search_term_string\"}}],\"inLanguage\":\"es\"},{\"@type\":\"Organization\",\"@id\":\"https:\/\/123-esta.com\/es\/#organization\",\"name\":\"Formulaire ESTA pour les USA\",\"url\":\"https:\/\/123-esta.com\/es\/\",\"logo\":{\"@type\":\"ImageObject\",\"inLanguage\":\"es\",\"@id\":\"https:\/\/123-esta.com\/es\/#\/schema\/logo\/image\/\",\"url\":\"https:\/\/123-esta.com\/wp-content\/uploads\/2018\/03\/logo-123-esta.png\",\"contentUrl\":\"https:\/\/123-esta.com\/wp-content\/uploads\/2018\/03\/logo-123-esta.png\",\"width\":191,\"height\":54,\"caption\":\"Formulaire ESTA pour les USA\"},\"image\":{\"@id\":\"https:\/\/123-esta.com\/es\/#\/schema\/logo\/image\/\"}}]}<\/script>\n<!-- \/ Yoast SEO plugin. -->","yoast_head_json":{"title":"Los riesgos de quedarse m\u00e1s tiempo del permitido en EE.UU.","description":"\u00bfLas estancias autorizadas por ESTA est\u00e1n sujetas a un l\u00edmite de tiempo? Si es as\u00ed, \u00bfqu\u00e9 es y se puede ampliar?","robots":{"index":"index","follow":"follow","max-snippet":"max-snippet:-1","max-image-preview":"max-image-preview:large","max-video-preview":"max-video-preview:-1"},"canonical":"https:\/\/123-esta.com\/es\/los-riesgos-incurridos-en-caso-de-una-estancia-excesiva-en-los-ee-uu\/","og_locale":"es_ES","og_type":"article","og_title":"Los riesgos de quedarse m\u00e1s tiempo del permitido en EE.UU.","og_description":"\u00bfLas estancias autorizadas por ESTA est\u00e1n sujetas a un l\u00edmite de tiempo? Si es as\u00ed, \u00bfqu\u00e9 es y se puede ampliar?","og_url":"https:\/\/123-esta.com\/es\/los-riesgos-incurridos-en-caso-de-una-estancia-excesiva-en-los-ee-uu\/","og_site_name":"Formulaire ESTA pour les USA","article_modified_time":"2024-10-07T13:01:59+00:00","twitter_card":"summary_large_image","twitter_misc":{"Tiempo de lectura":"3 minutos"},"schema":{"@context":"https:\/\/schema.org","@graph":[{"@type":"WebPage","@id":"https:\/\/123-esta.com\/es\/los-riesgos-incurridos-en-caso-de-una-estancia-excesiva-en-los-ee-uu\/","url":"https:\/\/123-esta.com\/es\/los-riesgos-incurridos-en-caso-de-una-estancia-excesiva-en-los-ee-uu\/","name":"Los riesgos de quedarse m\u00e1s tiempo del permitido en EE.UU.","isPartOf":{"@id":"https:\/\/123-esta.com\/es\/#website"},"datePublished":"2021-12-21T16:00:03+00:00","dateModified":"2024-10-07T13:01:59+00:00","description":"\u00bfLas estancias autorizadas por ESTA est\u00e1n sujetas a un l\u00edmite de tiempo? Si es as\u00ed, \u00bfqu\u00e9 es y se puede ampliar?","inLanguage":"es","potentialAction":[{"@type":"ReadAction","target":["https:\/\/123-esta.com\/es\/los-riesgos-incurridos-en-caso-de-una-estancia-excesiva-en-los-ee-uu\/"]}]},{"@type":"WebSite","@id":"https:\/\/123-esta.com\/es\/#website","url":"https:\/\/123-esta.com\/es\/","name":"Formulaire ESTA pour les USA","description":"","publisher":{"@id":"https:\/\/123-esta.com\/es\/#organization"},"potentialAction":[{"@type":"SearchAction","target":{"@type":"EntryPoint","urlTemplate":"https:\/\/123-esta.com\/es\/?s={search_term_string}"},"query-input":{"@type":"PropertyValueSpecification","valueRequired":true,"valueName":"search_term_string"}}],"inLanguage":"es"},{"@type":"Organization","@id":"https:\/\/123-esta.com\/es\/#organization","name":"Formulaire ESTA pour les USA","url":"https:\/\/123-esta.com\/es\/","logo":{"@type":"ImageObject","inLanguage":"es","@id":"https:\/\/123-esta.com\/es\/#\/schema\/logo\/image\/","url":"https:\/\/123-esta.com\/wp-content\/uploads\/2018\/03\/logo-123-esta.png","contentUrl":"https:\/\/123-esta.com\/wp-content\/uploads\/2018\/03\/logo-123-esta.png","width":191,"height":54,"caption":"Formulaire ESTA pour les USA"},"image":{"@id":"https:\/\/123-esta.com\/es\/#\/schema\/logo\/image\/"}}]}},"_links":{"self":[{"href":"https:\/\/123-esta.com\/es\/wp-json\/wp\/v2\/pages\/1441","targetHints":{"allow":["GET"]}}],"collection":[{"href":"https:\/\/123-esta.com\/es\/wp-json\/wp\/v2\/pages"}],"about":[{"href":"https:\/\/123-esta.com\/es\/wp-json\/wp\/v2\/types\/page"}],"author":[{"embeddable":true,"href":"https:\/\/123-esta.com\/es\/wp-json\/wp\/v2\/users\/1"}],"replies":[{"embeddable":true,"href":"https:\/\/123-esta.com\/es\/wp-json\/wp\/v2\/comments?post=1441"}],"version-history":[{"count":0,"href":"https:\/\/123-esta.com\/es\/wp-json\/wp\/v2\/pages\/1441\/revisions"}],"wp:attachment":[{"href":"https:\/\/123-esta.com\/es\/wp-json\/wp\/v2\/media?parent=1441"}],"curies":[{"name":"wp","href":"https:\/\/api.w.org\/{rel}","templated":true}]}}