{"id":1437,"date":"2021-12-21T16:59:49","date_gmt":"2021-12-21T15:59:49","guid":{"rendered":"https:\/\/123-esta.com\/las-preguntas-de-elegibilidad-del-formulario-esta\/"},"modified":"2022-08-31T11:38:20","modified_gmt":"2022-08-31T09:38:20","slug":"los-cuestiones-de-elegibilidad-del-formulario-esta","status":"publish","type":"page","link":"https:\/\/123-esta.com\/es\/los-cuestiones-de-elegibilidad-del-formulario-esta\/","title":{"rendered":"Las preguntas de elegibilidad del formulario ESTA"},"content":{"rendered":"\n<p>Quiere prepararse para su viaje a los Estados Unidos de Am\u00e9rica lo antes posible y obtener el <a href=\"\/\">ESTA<\/a>. El formulario ESTA a menudo se considera m\u00e1s accesible y m\u00e1s f\u00e1cil en comparaci\u00f3n con la visa de los EE. UU., Lo cual es cierto. Sin embargo, solicita cumplir determinadas condiciones para su obtenci\u00f3n y no cometer ning\u00fan error. \u00bfCu\u00e1les son las preguntas ESTA? \u00bfC\u00f3mo se crea el formulario en l\u00ednea? Nuestras respuestas aqu\u00ed. <\/p>\n\n<h2 class=\"wp-block-heading\">\u00bfCu\u00e1les son las preguntas ESTA en el formulario?<\/h2>\n\n<p>Las preguntas de elegibilidad de la ESTA son preguntas cerradas y, por lo tanto, requieren una \u00fanica respuesta s\u00ed o no, sin ninguna justificaci\u00f3n. <\/p>\n\n<p>El cuestionario ESTA cubre su historial m\u00e9dico y \/ o legal y puede parecerle sencillo y sorprendente. Sin embargo, el Departamento de Seguridad Nacional de los Estados Unidos ha incluido estas preguntas como medida de seguridad, as\u00ed que no se sorprenda y responda con franqueza. A continuaci\u00f3n, se muestran algunos ejemplos de preguntas del formulario ESTA: <\/p>\n\n<ul class=\"wp-block-list\"><li>\u00bfsufre de alguna enfermedad f\u00edsica o mental? ;<\/li><li>\u00bfAlguna vez ha sido arrestado o declarado culpable de un delito que caus\u00f3 da\u00f1os graves o da\u00f1os a la propiedad, las personas o una autoridad gubernamental? ;<\/li><li>\u00bfEst\u00e1 actualmente buscando empleo en los Estados Unidos o ha estado empleado en los Estados Unidos en el pasado sin haber recibido la autorizaci\u00f3n previa necesaria del gobierno? ;<\/li><li>etc.<\/li><\/ul>\n\n<p>Es cierto que la respuesta a las preguntas cerradas de la ESTA es un paso importante. Sin embargo, no es el \u00fanico paso del documento en l\u00ednea. De hecho, el formulario ESTA se divide en tres partes: los datos del solicitante (los datos de su pasaporte), la informaci\u00f3n del viajero (sus motivos para viajar a los EE. UU.) Y el cuestionario ESTA cerrado. <\/p>\n\n<h2 class=\"wp-block-heading\">Cuestionario ESTA: \u00bfc\u00f3mo prepararse?<\/h2>\n\n<p>Para obtener una autorizaci\u00f3n aprobada por las autoridades estadounidenses, las tres partes del formulario ESTA deben corresponder a los criterios de elegibilidad establecidos por el gobierno de los Estados Unidos. <\/p>\n\n<p>En primer lugar, antes de ir al sitio oficial del gobierno o un sitio privado para completar el formulario, le recomendamos que verifique que cumple con estos criterios obligatorios: <\/p>\n\n<ul class=\"wp-block-list\"><li>es usted nacional de uno de los 40 pa\u00edses miembros del Programa de Exenci\u00f3n de Visado (VWP);<\/li><li>desea permanecer en los EE. UU. durante un m\u00e1ximo de 90 d\u00edas; <\/li><li>desea viajar a los EE. UU. para un viaje tur\u00edstico, un viaje de negocios o una escala;<\/li><li>tienes un pasaporte v\u00e1lido.<\/li><\/ul>\n\n<p>Si no cumple con estos criterios, le recomendamos que solicite una visa. El proceso es m\u00e1s tedioso ya que requiere una cita en la Embajada de los Estados Unidos (o el Consulado General), pero te permitir\u00e1 tener m\u00e1s derechos en los Estados Unidos. Si se cumplen estas condiciones, veamos la constituci\u00f3n del formulario en l\u00ednea que contiene las preguntas cerradas de la ESTA.<\/p>\n\n<h3 class=\"wp-block-heading\">Los datos personales del viajero <\/h3>\n\n<p>Esta parte constituye el primer paso del formulario y le solicita que simplemente copie sus datos personales tal como est\u00e1n escritos en su pasaporte (direcci\u00f3n, nombres, nombres, fecha de nacimiento, etc.).<\/p>\n\n<p>Sepa que su pasaporte biom\u00e9trico o electr\u00f3nico ser\u00e1 el elemento clave de su viaje. Sin pasaporte electr\u00f3nico o biom\u00e9trico, es imposible <a href=\"https:\/\/123-esta.com\/es\/como-completar-el-esta-cuestionario\/\">completar correctamente el cuestionario ESTA<\/a> y por lo tanto ir a EE. UU. <\/p>\n\n<p>Asimismo, si caduca y ya ha obtenido su autorizaci\u00f3n ESTA, deber\u00e1 renovar su ESTA con los datos del nuevo pasaporte. <\/p>\n\n<p>No intente defraudar, ya que el servicio de aduanas utiliza sistemas electr\u00f3nicos desarrollados para leer su ESTA vinculado al n\u00famero de pasaporte. As\u00ed, el departamento de inform\u00e1tica detecta autom\u00e1ticamente si la informaci\u00f3n ingresada en los dos documentos coincide o no. <\/p>\n\n<h3 class=\"wp-block-heading\">Razones para viajar a los Estados Unidos <\/h3>\n\n<p>Para este paso, debes indicar los motivos por los que deseas viajar a Estados Unidos (estad\u00eda tur\u00edstica, viaje de negocios o tr\u00e1nsito). Si su prop\u00f3sito es permanecer all\u00ed (en el caso de un viaje de turismo o de negocios), podr\u00e1 proporcionar los datos de contacto de su alojamiento en los Estados Unidos, pero este paso no es obligatorio. <br\/><\/p>\n\n<p>Nota: si duda entre varios <a href=\"https:\/\/123-esta.com\/es\/como-encontrar-alojamiento-u-hotel-para-su-estadia-en-usa\/\">hoteles o alojamientos en EE. UU.<\/a>, Tenga en cuenta que puede cambiar la direcci\u00f3n de residencia, incluso despu\u00e9s de recibir la ESTA.<\/p>\n\n<h3 class=\"wp-block-heading\"> Preguntas ESTA<\/h3>\n\n<p>El tercer y \u00faltimo paso se refiere a las preguntas cerradas del formulario ESTA, que ha detallado en el p\u00e1rrafo anterior. Una vez que se haya completado el cuestionario y se hayan pagado las tarifas, recibir\u00e1 una respuesta de las autoridades estadounidenses en un plazo m\u00e1ximo de 72 horas. <\/p>\n\n<p>Sin embargo, recibir una autorizaci\u00f3n ESTA no significa que pueda ingresar a los Estados Unidos. Cuando aterriza, solo el oficial de aduanas est\u00e1 a cargo de juzgar su elegibilidad. Para maximizar sus posibilidades de acceso a suelo estadounidense, le recomendamos que tenga sus boletos de avi\u00f3n de regreso y pase por una aerol\u00ednea reconocida por las autoridades estadounidenses. <\/p>\n","protected":false},"excerpt":{"rendered":"<p>Quiere prepararse para su viaje a los Estados Unidos de Am\u00e9rica lo antes posible y obtener el ESTA. El formulario ESTA a menudo se considera m\u00e1s accesible y m\u00e1s f\u00e1cil en comparaci\u00f3n con la visa de los EE. UU., Lo cual es cierto. Sin embargo, solicita cumplir determinadas condiciones para su obtenci\u00f3n y no cometer [&hellip;]<\/p>\n","protected":false},"author":1,"featured_media":0,"parent":0,"menu_order":0,"comment_status":"closed","ping_status":"closed","template":"","meta":{"site-sidebar-layout":"default","site-content-layout":"default","ast-site-content-layout":"default","site-content-style":"default","site-sidebar-style":"default","ast-global-header-display":"","ast-banner-title-visibility":"","ast-main-header-display":"","ast-hfb-above-header-display":"","ast-hfb-below-header-display":"","ast-hfb-mobile-header-display":"","site-post-title":"","ast-breadcrumbs-content":"","ast-featured-img":"","footer-sml-layout":"","ast-disable-related-posts":"","theme-transparent-header-meta":"default","adv-header-id-meta":"","stick-header-meta":"default","header-above-stick-meta":"","header-main-stick-meta":"","header-below-stick-meta":"","astra-migrate-meta-layouts":"default","ast-page-background-enabled":"default","ast-page-background-meta":{"desktop":{"background-color":"","background-image":"","background-repeat":"repeat","background-position":"center center","background-size":"auto","background-attachment":"scroll","background-type":"","background-media":"","overlay-type":"","overlay-color":"","overlay-opacity":"","overlay-gradient":""},"tablet":{"background-color":"","background-image":"","background-repeat":"repeat","background-position":"center center","background-size":"auto","background-attachment":"scroll","background-type":"","background-media":"","overlay-type":"","overlay-color":"","overlay-opacity":"","overlay-gradient":""},"mobile":{"background-color":"","background-image":"","background-repeat":"repeat","background-position":"center center","background-size":"auto","background-attachment":"scroll","background-type":"","background-media":"","overlay-type":"","overlay-color":"","overlay-opacity":"","overlay-gradient":""}},"ast-content-background-meta":{"desktop":{"background-color":"var(--ast-global-color-5)","background-image":"","background-repeat":"repeat","background-position":"center center","background-size":"auto","background-attachment":"scroll","background-type":"","background-media":"","overlay-type":"","overlay-color":"","overlay-opacity":"","overlay-gradient":""},"tablet":{"background-color":"var(--ast-global-color-5)","background-image":"","background-repeat":"repeat","background-position":"center center","background-size":"auto","background-attachment":"scroll","background-type":"","background-media":"","overlay-type":"","overlay-color":"","overlay-opacity":"","overlay-gradient":""},"mobile":{"background-color":"var(--ast-global-color-5)","background-image":"","background-repeat":"repeat","background-position":"center center","background-size":"auto","background-attachment":"scroll","background-type":"","background-media":"","overlay-type":"","overlay-color":"","overlay-opacity":"","overlay-gradient":""}},"footnotes":""},"class_list":["post-1437","page","type-page","status-publish","hentry"],"yoast_head":"<!-- This site is optimized with the Yoast SEO plugin v27.1.1 - https:\/\/yoast.com\/product\/yoast-seo-wordpress\/ -->\n<title>\u00bfCu\u00e1les son las preguntas de elegibilidad del formulario ESTA?<\/title>\n<meta name=\"description\" content=\"El formulario ESTA se divide en 3 partes, una de las cuales consiste en responder preguntas cerradas. \u00bfC\u00f3mo son las preguntas ESTA? Aqu\u00ed est\u00e1n.\" \/>\n<meta name=\"robots\" content=\"index, follow, max-snippet:-1, max-image-preview:large, max-video-preview:-1\" \/>\n<link rel=\"canonical\" href=\"https:\/\/123-esta.com\/es\/los-cuestiones-de-elegibilidad-del-formulario-esta\/\" \/>\n<meta property=\"og:locale\" content=\"es_ES\" \/>\n<meta property=\"og:type\" content=\"article\" \/>\n<meta property=\"og:title\" content=\"\u00bfCu\u00e1les son las preguntas de elegibilidad del formulario ESTA?\" \/>\n<meta property=\"og:description\" content=\"El formulario ESTA se divide en 3 partes, una de las cuales consiste en responder preguntas cerradas. \u00bfC\u00f3mo son las preguntas ESTA? Aqu\u00ed est\u00e1n.\" \/>\n<meta property=\"og:url\" content=\"https:\/\/123-esta.com\/es\/los-cuestiones-de-elegibilidad-del-formulario-esta\/\" \/>\n<meta property=\"og:site_name\" content=\"Formulaire ESTA pour les USA\" \/>\n<meta property=\"article:modified_time\" content=\"2022-08-31T09:38:20+00:00\" \/>\n<meta name=\"twitter:card\" content=\"summary_large_image\" \/>\n<meta name=\"twitter:label1\" content=\"Tiempo de lectura\" \/>\n\t<meta name=\"twitter:data1\" content=\"5 minutos\" \/>\n<script type=\"application\/ld+json\" class=\"yoast-schema-graph\">{\"@context\":\"https:\/\/schema.org\",\"@graph\":[{\"@type\":\"WebPage\",\"@id\":\"https:\/\/123-esta.com\/es\/los-cuestiones-de-elegibilidad-del-formulario-esta\/\",\"url\":\"https:\/\/123-esta.com\/es\/los-cuestiones-de-elegibilidad-del-formulario-esta\/\",\"name\":\"\u00bfCu\u00e1les son las preguntas de elegibilidad del formulario ESTA?\",\"isPartOf\":{\"@id\":\"https:\/\/123-esta.com\/es\/#website\"},\"datePublished\":\"2021-12-21T15:59:49+00:00\",\"dateModified\":\"2022-08-31T09:38:20+00:00\",\"description\":\"El formulario ESTA se divide en 3 partes, una de las cuales consiste en responder preguntas cerradas. \u00bfC\u00f3mo son las preguntas ESTA? Aqu\u00ed est\u00e1n.\",\"inLanguage\":\"es\",\"potentialAction\":[{\"@type\":\"ReadAction\",\"target\":[\"https:\/\/123-esta.com\/es\/los-cuestiones-de-elegibilidad-del-formulario-esta\/\"]}]},{\"@type\":\"WebSite\",\"@id\":\"https:\/\/123-esta.com\/es\/#website\",\"url\":\"https:\/\/123-esta.com\/es\/\",\"name\":\"Formulaire ESTA pour les USA\",\"description\":\"\",\"publisher\":{\"@id\":\"https:\/\/123-esta.com\/es\/#organization\"},\"potentialAction\":[{\"@type\":\"SearchAction\",\"target\":{\"@type\":\"EntryPoint\",\"urlTemplate\":\"https:\/\/123-esta.com\/es\/?s={search_term_string}\"},\"query-input\":{\"@type\":\"PropertyValueSpecification\",\"valueRequired\":true,\"valueName\":\"search_term_string\"}}],\"inLanguage\":\"es\"},{\"@type\":\"Organization\",\"@id\":\"https:\/\/123-esta.com\/es\/#organization\",\"name\":\"Formulaire ESTA pour les USA\",\"url\":\"https:\/\/123-esta.com\/es\/\",\"logo\":{\"@type\":\"ImageObject\",\"inLanguage\":\"es\",\"@id\":\"https:\/\/123-esta.com\/es\/#\/schema\/logo\/image\/\",\"url\":\"https:\/\/123-esta.com\/wp-content\/uploads\/2018\/03\/logo-123-esta.png\",\"contentUrl\":\"https:\/\/123-esta.com\/wp-content\/uploads\/2018\/03\/logo-123-esta.png\",\"width\":191,\"height\":54,\"caption\":\"Formulaire ESTA pour les USA\"},\"image\":{\"@id\":\"https:\/\/123-esta.com\/es\/#\/schema\/logo\/image\/\"}}]}<\/script>\n<!-- \/ Yoast SEO plugin. -->","yoast_head_json":{"title":"\u00bfCu\u00e1les son las preguntas de elegibilidad del formulario ESTA?","description":"El formulario ESTA se divide en 3 partes, una de las cuales consiste en responder preguntas cerradas. \u00bfC\u00f3mo son las preguntas ESTA? Aqu\u00ed est\u00e1n.","robots":{"index":"index","follow":"follow","max-snippet":"max-snippet:-1","max-image-preview":"max-image-preview:large","max-video-preview":"max-video-preview:-1"},"canonical":"https:\/\/123-esta.com\/es\/los-cuestiones-de-elegibilidad-del-formulario-esta\/","og_locale":"es_ES","og_type":"article","og_title":"\u00bfCu\u00e1les son las preguntas de elegibilidad del formulario ESTA?","og_description":"El formulario ESTA se divide en 3 partes, una de las cuales consiste en responder preguntas cerradas. \u00bfC\u00f3mo son las preguntas ESTA? Aqu\u00ed est\u00e1n.","og_url":"https:\/\/123-esta.com\/es\/los-cuestiones-de-elegibilidad-del-formulario-esta\/","og_site_name":"Formulaire ESTA pour les USA","article_modified_time":"2022-08-31T09:38:20+00:00","twitter_card":"summary_large_image","twitter_misc":{"Tiempo de lectura":"5 minutos"},"schema":{"@context":"https:\/\/schema.org","@graph":[{"@type":"WebPage","@id":"https:\/\/123-esta.com\/es\/los-cuestiones-de-elegibilidad-del-formulario-esta\/","url":"https:\/\/123-esta.com\/es\/los-cuestiones-de-elegibilidad-del-formulario-esta\/","name":"\u00bfCu\u00e1les son las preguntas de elegibilidad del formulario ESTA?","isPartOf":{"@id":"https:\/\/123-esta.com\/es\/#website"},"datePublished":"2021-12-21T15:59:49+00:00","dateModified":"2022-08-31T09:38:20+00:00","description":"El formulario ESTA se divide en 3 partes, una de las cuales consiste en responder preguntas cerradas. \u00bfC\u00f3mo son las preguntas ESTA? Aqu\u00ed est\u00e1n.","inLanguage":"es","potentialAction":[{"@type":"ReadAction","target":["https:\/\/123-esta.com\/es\/los-cuestiones-de-elegibilidad-del-formulario-esta\/"]}]},{"@type":"WebSite","@id":"https:\/\/123-esta.com\/es\/#website","url":"https:\/\/123-esta.com\/es\/","name":"Formulaire ESTA pour les USA","description":"","publisher":{"@id":"https:\/\/123-esta.com\/es\/#organization"},"potentialAction":[{"@type":"SearchAction","target":{"@type":"EntryPoint","urlTemplate":"https:\/\/123-esta.com\/es\/?s={search_term_string}"},"query-input":{"@type":"PropertyValueSpecification","valueRequired":true,"valueName":"search_term_string"}}],"inLanguage":"es"},{"@type":"Organization","@id":"https:\/\/123-esta.com\/es\/#organization","name":"Formulaire ESTA pour les USA","url":"https:\/\/123-esta.com\/es\/","logo":{"@type":"ImageObject","inLanguage":"es","@id":"https:\/\/123-esta.com\/es\/#\/schema\/logo\/image\/","url":"https:\/\/123-esta.com\/wp-content\/uploads\/2018\/03\/logo-123-esta.png","contentUrl":"https:\/\/123-esta.com\/wp-content\/uploads\/2018\/03\/logo-123-esta.png","width":191,"height":54,"caption":"Formulaire ESTA pour les USA"},"image":{"@id":"https:\/\/123-esta.com\/es\/#\/schema\/logo\/image\/"}}]}},"_links":{"self":[{"href":"https:\/\/123-esta.com\/es\/wp-json\/wp\/v2\/pages\/1437","targetHints":{"allow":["GET"]}}],"collection":[{"href":"https:\/\/123-esta.com\/es\/wp-json\/wp\/v2\/pages"}],"about":[{"href":"https:\/\/123-esta.com\/es\/wp-json\/wp\/v2\/types\/page"}],"author":[{"embeddable":true,"href":"https:\/\/123-esta.com\/es\/wp-json\/wp\/v2\/users\/1"}],"replies":[{"embeddable":true,"href":"https:\/\/123-esta.com\/es\/wp-json\/wp\/v2\/comments?post=1437"}],"version-history":[{"count":0,"href":"https:\/\/123-esta.com\/es\/wp-json\/wp\/v2\/pages\/1437\/revisions"}],"wp:attachment":[{"href":"https:\/\/123-esta.com\/es\/wp-json\/wp\/v2\/media?parent=1437"}],"curies":[{"name":"wp","href":"https:\/\/api.w.org\/{rel}","templated":true}]}}