{"id":1433,"date":"2021-12-21T16:59:31","date_gmt":"2021-12-21T15:59:31","guid":{"rendered":"https:\/\/123-esta.com\/es-necesaria-la-aplicacion-esta-para-ninos-y-menores\/"},"modified":"2022-08-23T23:37:19","modified_gmt":"2022-08-23T21:37:19","slug":"es-necesaria-la-aplicacion-esta-para-ninos-y-menores","status":"publish","type":"page","link":"https:\/\/123-esta.com\/es\/es-necesaria-la-aplicacion-esta-para-ninos-y-menores\/","title":{"rendered":"\u00bfEs necesaria la aplicaci\u00f3n ESTA para ni\u00f1os y menores?"},"content":{"rendered":"\n<p>Cualquiera que desee viajar a los Estados Unidos no puede hacerlo sin una visa o autorizaci\u00f3n de viaje antes de partir.<\/p>\n\n<p>Muchos padres, que desean pasar unas vacaciones en los EE. UU. Y se benefician del programa de exenci\u00f3n de visa, se preguntan si deber\u00edan solicitar una ESTA para sus hijos.<\/p>\n\n<p>Esta pregunta es perfectamente leg\u00edtima, especialmente cuando se viaja con un beb\u00e9. El Departamento de Seguridad Nacional de los Estados Unidos verifica la identidad de todos los viajeros antes de llegar a suelo estadounidense, tanto adultos como menores. Antes de completar su <a href=\"https:\/\/123-esta.com\/es\/como-completar-el-esta-cuestionario\/\">cuestionario ESTA<\/a> , encuentre todos nuestros consejos para viajeros sobre los tr\u00e1mites a realizar antes de partir hacia Estados Unidos con un ni\u00f1o para no quedarse en la pista al momento de abordar.<\/p>\n\n<h2 class=\"wp-block-heading\">\u00bfCu\u00e1les son las condiciones requeridas para solicitar un ESTA para ni\u00f1os?<\/h2>\n\n<p>Tanto si se trata de una ESTA para ni\u00f1os como para adultos, las condiciones a cumplir son exactamente las mismas (ser nacional de uno de los pa\u00edses afectados por el VWP, estancia de 90 d\u00edas como m\u00e1ximo, viajar con fines tur\u00edsticos o en tr\u00e1nsito, etc. ).<\/p>\n\n<p>Como ocurre con cualquier viaje al extranjero, fuera de la Uni\u00f3n Europea, todos deben tener un pasaporte v\u00e1lido a su nombre. En el contexto de un viaje a los EE. UU., El ESTA se adjunta al n\u00famero de pasaporte. Por lo tanto, un menor debe tener un pasaporte biom\u00e9trico o un pasaporte electr\u00f3nico, as\u00ed como el ESTA de su hijo.<\/p>\n\n<p>En el caso de un hijo de parejas solteras o divorciadas, cuya madre ha tomado su apellido de soltera, el hijo no siempre lleva el mismo nombre que su padre. Por lo tanto, necesita un documento de identidad adecuado y el libro de registro familiar no es un documento admisible durante una estad\u00eda en los Estados Unidos.<\/p>\n\n<p>Adem\u00e1s, si su hijo a\u00fan no tiene un documento de viaje y est\u00e1 planeando unas vacaciones en los Estados Unidos, vaya al ayuntamiento con su hijo para solicitar un pasaporte por primera vez. Espere un mes para recibirlo.<\/p>\n\n<h2 class=\"wp-block-heading\">\u00bfC\u00f3mo solicitar la ESTA para un menor?<\/h2>\n\n<p><a href=\"https:\/\/123-esta.com\/es\/por-que-aplicar-esta-para-los-eeuu\/\">La solicitud ESTA<\/a> para un menor es la misma que para un adulto. Por lo tanto, debe completar un formulario en l\u00ednea disponible en el sitio web oficial del gobierno de los EE. UU. O en un sitio especializado.<br\/>La ventaja es que puede realizar una solicitud en l\u00ednea agrupada. As\u00ed que aseg\u00farese de tener los pasaportes de todas las personas que viajan con usted de antemano para completar su solicitud. El proceso es m\u00e1s r\u00e1pido que si tuviera que completar un formulario ESTA para cada persona por separado.<\/p>\n\n<p>Con un per\u00edodo de validez de 2 a\u00f1os, el ESTA para ni\u00f1os te permite realizar varias estancias en USA durante este per\u00edodo y ya no tendr\u00e1s que hacerlo para un viaje futuro.<\/p>\n\n<p>Las tasas administrativas relacionadas con la solicitud de una autorizaci\u00f3n de viaje para un menor se cobran, al igual que la de un adulto, y la cantidad a pagar es la misma, ya sea un adulto o un ni\u00f1o; las autoridades de EE. UU. No otorgan un tarifa preferencial aqui!<\/p>\n\n<p><em><strong>Nota IMPORTANTE:<\/strong> la \u00fanica diferencia entre una solicitud ESTA para ni\u00f1os y adultos radica en la cumplimentaci\u00f3n real del formulario: el padre o la persona responsable de la patria potestad puede completar la solicitud ESTA para el menor, pero debe, no obstante, asegurarse de que la \u201cSolicitud realizada por un tercero parte \u201dpara certificar que un adulto realmente ha realizado la solicitud en nombre del ni\u00f1o. De hecho, conviene saber que un menor no puede realizar la solicitud por s\u00ed mismo y, por tanto, depende de una tercera persona. Incluso si el ni\u00f1o no responde a las preguntas por s\u00ed mismo, la informaci\u00f3n comunicada por el padre o representante legal debe ser verdadera.<\/em><\/p>\n\n<h2 class=\"wp-block-heading\">Otros documentos que necesitan los ni\u00f1os que viajan a los Estados Unidos<\/h2>\n\n<p>Si un menor viaja a los Estados Unidos para realizar una pasant\u00eda en el extranjero, un viaje de estudios de idiomas o simplemente para visitar a familiares y visitar los Estados Unidos, puede viajar con o sin uno de sus padres. Por otro lado, debe tener imperativamente una autorizaci\u00f3n para salir del territorio (AST). Restablecido el 15 de enero de 2017, este decreto afecta a todos los menores que viven en Francia y viajan al extranjero sin estar acompa\u00f1ados por ambos padres, con el objetivo de prevenir el secuestro de menores. Puede parecer una exageraci\u00f3n, pero sucede en los casos de divorcio.<\/p>\n\n<p>En resumen, para poder ingresar a los Estados Unidos, un menor debe tener los siguientes documentos que probablemente ser\u00e1n solicitados por los funcionarios de aduanas en el puesto fronterizo:<\/p>\n\n<ul class=\"wp-block-list\"><li>una autorizaci\u00f3n ESTA para menores a su nombre;<\/li><li>un pasaporte franc\u00e9s a su nombre y v\u00e1lido;<\/li><li>un boleto de avi\u00f3n o crucero a su nombre;<\/li><li>el formulario original de autorizaci\u00f3n de salida del pa\u00eds firmado por uno de los dos padres (o el representante legal);<\/li><li>fotocopia del documento de identidad del firmante.<\/li><\/ul>\n\n<p>\u00a1Viajar con un beb\u00e9 o un ni\u00f1o no siempre es f\u00e1cil! Con estos valiosos consejos, ahora est\u00e1 listo para solicitar una autorizaci\u00f3n de viaje para usted y \/ o sus hijos con total tranquilidad. Le recordamos que la solicitud ESTA debe solicitarse lo antes posible para poder volver a solicitar si es necesario o en caso de rechazo, una solicitud de visa en la Embajada de los Estados Unidos.<\/p>\n","protected":false},"excerpt":{"rendered":"<p>Cualquiera que desee viajar a los Estados Unidos no puede hacerlo sin una visa o autorizaci\u00f3n de viaje antes de partir. Muchos padres, que desean pasar unas vacaciones en los EE. UU. Y se benefician del programa de exenci\u00f3n de visa, se preguntan si deber\u00edan solicitar una ESTA para sus hijos. Esta pregunta es perfectamente [&hellip;]<\/p>\n","protected":false},"author":1,"featured_media":0,"parent":0,"menu_order":0,"comment_status":"closed","ping_status":"closed","template":"","meta":{"site-sidebar-layout":"default","site-content-layout":"default","ast-site-content-layout":"default","site-content-style":"default","site-sidebar-style":"default","ast-global-header-display":"","ast-banner-title-visibility":"","ast-main-header-display":"","ast-hfb-above-header-display":"","ast-hfb-below-header-display":"","ast-hfb-mobile-header-display":"","site-post-title":"","ast-breadcrumbs-content":"","ast-featured-img":"","footer-sml-layout":"","ast-disable-related-posts":"","theme-transparent-header-meta":"default","adv-header-id-meta":"","stick-header-meta":"default","header-above-stick-meta":"","header-main-stick-meta":"","header-below-stick-meta":"","astra-migrate-meta-layouts":"default","ast-page-background-enabled":"default","ast-page-background-meta":{"desktop":{"background-color":"","background-image":"","background-repeat":"repeat","background-position":"center center","background-size":"auto","background-attachment":"scroll","background-type":"","background-media":"","overlay-type":"","overlay-color":"","overlay-opacity":"","overlay-gradient":""},"tablet":{"background-color":"","background-image":"","background-repeat":"repeat","background-position":"center center","background-size":"auto","background-attachment":"scroll","background-type":"","background-media":"","overlay-type":"","overlay-color":"","overlay-opacity":"","overlay-gradient":""},"mobile":{"background-color":"","background-image":"","background-repeat":"repeat","background-position":"center center","background-size":"auto","background-attachment":"scroll","background-type":"","background-media":"","overlay-type":"","overlay-color":"","overlay-opacity":"","overlay-gradient":""}},"ast-content-background-meta":{"desktop":{"background-color":"var(--ast-global-color-5)","background-image":"","background-repeat":"repeat","background-position":"center center","background-size":"auto","background-attachment":"scroll","background-type":"","background-media":"","overlay-type":"","overlay-color":"","overlay-opacity":"","overlay-gradient":""},"tablet":{"background-color":"var(--ast-global-color-5)","background-image":"","background-repeat":"repeat","background-position":"center center","background-size":"auto","background-attachment":"scroll","background-type":"","background-media":"","overlay-type":"","overlay-color":"","overlay-opacity":"","overlay-gradient":""},"mobile":{"background-color":"var(--ast-global-color-5)","background-image":"","background-repeat":"repeat","background-position":"center center","background-size":"auto","background-attachment":"scroll","background-type":"","background-media":"","overlay-type":"","overlay-color":"","overlay-opacity":"","overlay-gradient":""}},"footnotes":""},"class_list":["post-1433","page","type-page","status-publish","hentry"],"yoast_head":"<!-- This site is optimized with the Yoast SEO plugin v27.1.1 - https:\/\/yoast.com\/product\/yoast-seo-wordpress\/ -->\n<title>\u00bfEs necesaria la aplicaci\u00f3n ESTA para ni\u00f1os y menores?<\/title>\n<meta name=\"description\" content=\"\u00bfTengo que solicitar el ESTA para un beb\u00e9 o un ni\u00f1o peque\u00f1o? Informaci\u00f3n sobre el Programa de exenci\u00f3n de visas de EE. UU.\" \/>\n<meta name=\"robots\" content=\"index, follow, max-snippet:-1, max-image-preview:large, max-video-preview:-1\" \/>\n<link rel=\"canonical\" href=\"https:\/\/123-esta.com\/es\/es-necesaria-la-aplicacion-esta-para-ninos-y-menores\/\" \/>\n<meta property=\"og:locale\" content=\"es_ES\" \/>\n<meta property=\"og:type\" content=\"article\" \/>\n<meta property=\"og:title\" content=\"\u00bfEs necesaria la aplicaci\u00f3n ESTA para ni\u00f1os y menores?\" \/>\n<meta property=\"og:description\" content=\"\u00bfTengo que solicitar el ESTA para un beb\u00e9 o un ni\u00f1o peque\u00f1o? Informaci\u00f3n sobre el Programa de exenci\u00f3n de visas de EE. UU.\" \/>\n<meta property=\"og:url\" content=\"https:\/\/123-esta.com\/es\/es-necesaria-la-aplicacion-esta-para-ninos-y-menores\/\" \/>\n<meta property=\"og:site_name\" content=\"Formulaire ESTA pour les USA\" \/>\n<meta property=\"article:modified_time\" content=\"2022-08-23T21:37:19+00:00\" \/>\n<meta name=\"twitter:card\" content=\"summary_large_image\" \/>\n<meta name=\"twitter:label1\" content=\"Tiempo de lectura\" \/>\n\t<meta name=\"twitter:data1\" content=\"5 minutos\" \/>\n<script type=\"application\/ld+json\" class=\"yoast-schema-graph\">{\"@context\":\"https:\/\/schema.org\",\"@graph\":[{\"@type\":\"WebPage\",\"@id\":\"https:\/\/123-esta.com\/es\/es-necesaria-la-aplicacion-esta-para-ninos-y-menores\/\",\"url\":\"https:\/\/123-esta.com\/es\/es-necesaria-la-aplicacion-esta-para-ninos-y-menores\/\",\"name\":\"\u00bfEs necesaria la aplicaci\u00f3n ESTA para ni\u00f1os y menores?\",\"isPartOf\":{\"@id\":\"https:\/\/123-esta.com\/es\/#website\"},\"datePublished\":\"2021-12-21T15:59:31+00:00\",\"dateModified\":\"2022-08-23T21:37:19+00:00\",\"description\":\"\u00bfTengo que solicitar el ESTA para un beb\u00e9 o un ni\u00f1o peque\u00f1o? Informaci\u00f3n sobre el Programa de exenci\u00f3n de visas de EE. UU.\",\"inLanguage\":\"es\",\"potentialAction\":[{\"@type\":\"ReadAction\",\"target\":[\"https:\/\/123-esta.com\/es\/es-necesaria-la-aplicacion-esta-para-ninos-y-menores\/\"]}]},{\"@type\":\"WebSite\",\"@id\":\"https:\/\/123-esta.com\/es\/#website\",\"url\":\"https:\/\/123-esta.com\/es\/\",\"name\":\"Formulaire ESTA pour les USA\",\"description\":\"\",\"publisher\":{\"@id\":\"https:\/\/123-esta.com\/es\/#organization\"},\"potentialAction\":[{\"@type\":\"SearchAction\",\"target\":{\"@type\":\"EntryPoint\",\"urlTemplate\":\"https:\/\/123-esta.com\/es\/?s={search_term_string}\"},\"query-input\":{\"@type\":\"PropertyValueSpecification\",\"valueRequired\":true,\"valueName\":\"search_term_string\"}}],\"inLanguage\":\"es\"},{\"@type\":\"Organization\",\"@id\":\"https:\/\/123-esta.com\/es\/#organization\",\"name\":\"Formulaire ESTA pour les USA\",\"url\":\"https:\/\/123-esta.com\/es\/\",\"logo\":{\"@type\":\"ImageObject\",\"inLanguage\":\"es\",\"@id\":\"https:\/\/123-esta.com\/es\/#\/schema\/logo\/image\/\",\"url\":\"https:\/\/123-esta.com\/wp-content\/uploads\/2018\/03\/logo-123-esta.png\",\"contentUrl\":\"https:\/\/123-esta.com\/wp-content\/uploads\/2018\/03\/logo-123-esta.png\",\"width\":191,\"height\":54,\"caption\":\"Formulaire ESTA pour les USA\"},\"image\":{\"@id\":\"https:\/\/123-esta.com\/es\/#\/schema\/logo\/image\/\"}}]}<\/script>\n<!-- \/ Yoast SEO plugin. -->","yoast_head_json":{"title":"\u00bfEs necesaria la aplicaci\u00f3n ESTA para ni\u00f1os y menores?","description":"\u00bfTengo que solicitar el ESTA para un beb\u00e9 o un ni\u00f1o peque\u00f1o? Informaci\u00f3n sobre el Programa de exenci\u00f3n de visas de EE. UU.","robots":{"index":"index","follow":"follow","max-snippet":"max-snippet:-1","max-image-preview":"max-image-preview:large","max-video-preview":"max-video-preview:-1"},"canonical":"https:\/\/123-esta.com\/es\/es-necesaria-la-aplicacion-esta-para-ninos-y-menores\/","og_locale":"es_ES","og_type":"article","og_title":"\u00bfEs necesaria la aplicaci\u00f3n ESTA para ni\u00f1os y menores?","og_description":"\u00bfTengo que solicitar el ESTA para un beb\u00e9 o un ni\u00f1o peque\u00f1o? Informaci\u00f3n sobre el Programa de exenci\u00f3n de visas de EE. UU.","og_url":"https:\/\/123-esta.com\/es\/es-necesaria-la-aplicacion-esta-para-ninos-y-menores\/","og_site_name":"Formulaire ESTA pour les USA","article_modified_time":"2022-08-23T21:37:19+00:00","twitter_card":"summary_large_image","twitter_misc":{"Tiempo de lectura":"5 minutos"},"schema":{"@context":"https:\/\/schema.org","@graph":[{"@type":"WebPage","@id":"https:\/\/123-esta.com\/es\/es-necesaria-la-aplicacion-esta-para-ninos-y-menores\/","url":"https:\/\/123-esta.com\/es\/es-necesaria-la-aplicacion-esta-para-ninos-y-menores\/","name":"\u00bfEs necesaria la aplicaci\u00f3n ESTA para ni\u00f1os y menores?","isPartOf":{"@id":"https:\/\/123-esta.com\/es\/#website"},"datePublished":"2021-12-21T15:59:31+00:00","dateModified":"2022-08-23T21:37:19+00:00","description":"\u00bfTengo que solicitar el ESTA para un beb\u00e9 o un ni\u00f1o peque\u00f1o? Informaci\u00f3n sobre el Programa de exenci\u00f3n de visas de EE. UU.","inLanguage":"es","potentialAction":[{"@type":"ReadAction","target":["https:\/\/123-esta.com\/es\/es-necesaria-la-aplicacion-esta-para-ninos-y-menores\/"]}]},{"@type":"WebSite","@id":"https:\/\/123-esta.com\/es\/#website","url":"https:\/\/123-esta.com\/es\/","name":"Formulaire ESTA pour les USA","description":"","publisher":{"@id":"https:\/\/123-esta.com\/es\/#organization"},"potentialAction":[{"@type":"SearchAction","target":{"@type":"EntryPoint","urlTemplate":"https:\/\/123-esta.com\/es\/?s={search_term_string}"},"query-input":{"@type":"PropertyValueSpecification","valueRequired":true,"valueName":"search_term_string"}}],"inLanguage":"es"},{"@type":"Organization","@id":"https:\/\/123-esta.com\/es\/#organization","name":"Formulaire ESTA pour les USA","url":"https:\/\/123-esta.com\/es\/","logo":{"@type":"ImageObject","inLanguage":"es","@id":"https:\/\/123-esta.com\/es\/#\/schema\/logo\/image\/","url":"https:\/\/123-esta.com\/wp-content\/uploads\/2018\/03\/logo-123-esta.png","contentUrl":"https:\/\/123-esta.com\/wp-content\/uploads\/2018\/03\/logo-123-esta.png","width":191,"height":54,"caption":"Formulaire ESTA pour les USA"},"image":{"@id":"https:\/\/123-esta.com\/es\/#\/schema\/logo\/image\/"}}]}},"_links":{"self":[{"href":"https:\/\/123-esta.com\/es\/wp-json\/wp\/v2\/pages\/1433","targetHints":{"allow":["GET"]}}],"collection":[{"href":"https:\/\/123-esta.com\/es\/wp-json\/wp\/v2\/pages"}],"about":[{"href":"https:\/\/123-esta.com\/es\/wp-json\/wp\/v2\/types\/page"}],"author":[{"embeddable":true,"href":"https:\/\/123-esta.com\/es\/wp-json\/wp\/v2\/users\/1"}],"replies":[{"embeddable":true,"href":"https:\/\/123-esta.com\/es\/wp-json\/wp\/v2\/comments?post=1433"}],"version-history":[{"count":0,"href":"https:\/\/123-esta.com\/es\/wp-json\/wp\/v2\/pages\/1433\/revisions"}],"wp:attachment":[{"href":"https:\/\/123-esta.com\/es\/wp-json\/wp\/v2\/media?parent=1433"}],"curies":[{"name":"wp","href":"https:\/\/api.w.org\/{rel}","templated":true}]}}