{"id":1431,"date":"2021-12-21T16:59:09","date_gmt":"2021-12-21T15:59:09","guid":{"rendered":"https:\/\/123-esta.com\/esta-se-requiere-un-boleto-de-avion-de-ida-y-vuelta-para-los-estados-unidos\/"},"modified":"2022-09-23T11:19:07","modified_gmt":"2022-09-23T09:19:07","slug":"esta-boleto-de-vuelta-de-avion-a-los-estados-unidos","status":"publish","type":"page","link":"https:\/\/123-esta.com\/es\/esta-boleto-de-vuelta-de-avion-a-los-estados-unidos\/","title":{"rendered":"Billete de avi\u00f3n obligatorio para ESTA"},"content":{"rendered":"\n<p>Si desea ir a los Estados Unidos, tenga en cuenta que algunos pa\u00edses permiten que sus ciudadanos viajen a los Estados Unidos sin solicitar una visa. Esto no quiere decir que la estancia en suelo americano se pueda realizar sin solicitar autorizaci\u00f3n, sino que existe un sustituto de la visa USA, que es m\u00e1s r\u00e1pida de obtener. Antes de partir para un viaje tur\u00edstico o un viaje de estudios de idiomas, \u00a1no olvide su solicitud ESTA! Para obtenerlo y volar a Manhattan o Florida, deber\u00e1 completar un formulario de f\u00e1cil acceso en Internet. Se deben cumplir los criterios, incluida la posesi\u00f3n de <a href=\"https:\/\/123-esta.com\/es\/pregunta-esta-antes-de-comprar-billetes-de-avion\/\">boletos de avi\u00f3n (o barco)<\/a> que demuestren que est\u00e1 viajando por un m\u00e1ximo de 90 d\u00edas. Como sin duda habr\u00e1s entendido, un solo boleto no satisfar\u00e1 al gobierno estadounidense, que te enviar\u00e1 una negativa: es un boleto de regreso que debes tener para cualquier estad\u00eda en Estados Unidos.<\/p>\n\n<h2 class=\"wp-block-heading\">Se requiere un boleto de regreso para la autorizaci\u00f3n ESTA, pero no solo<\/h2>\n\n<p>La visa estadounidense a menudo se requiere para viajar a los Estados Unidos. Sin embargo, esta no es una condici\u00f3n universal, gracias, por ejemplo, al Visa Waiver Program (VWP) establecido por las autoridades estadounidenses. Este sistema simplifica el proceso para los ciudadanos de 40 pa\u00edses, que s\u00f3lo tienen que rellenar un formulario ESTA para entrar en Estados Unidos. Tenga en cuenta: la <a href=\"https:\/\/123-esta.com\/es\/todo-conocimiento-sobre-la-solicitud-para-destacar-en-linea-para-mudarse-a-usa\/\">solicitud en l\u00ednea<\/a> es simple pero no necesariamente conduce a una respuesta gubernamental positiva.<\/p>\n\n<p>Es necesario el cumplimiento de varias condiciones acumulativas:<\/p>\n\n<ul class=\"wp-block-list\"><li>Prop\u00f3sito del viaje a los Estados Unidos: turismo, tr\u00e1nsito o negocios<\/li><li>Duraci\u00f3n del viaje: m\u00e1ximo 90 d\u00edas consecutivos<\/li><li>Tener un pasaporte biom\u00e9trico o electr\u00f3nico cuyo per\u00edodo de vigencia cubra toda la estad\u00eda (en caso contrario, solicitar un nuevo pasaporte)<\/li><li>Poseer un boleto de regreso o de regreso, lo que demuestra que no se queda m\u00e1s de 90 d\u00edas en los EE. UU.<\/li><\/ul>\n\n<p>Si tiene previsto crear un negocio, conseguir un trabajo, estudiar un semestre o emigrar, es mejor no perder el tiempo solicitando el ESTA. No puede embarcarse y conseguir este tipo de objetivo sin un <a href=\"https:\/\/123-esta.com\/es\/visado-turista-estados-unidos\/\">visado de turista B2<\/a>. Por ejemplo, inf\u00f3rmese sobre la tarjeta verde.<\/p>\n\n<p>Si, por el contrario, cumple con las condiciones anteriores, ahora puede completar el formulario en l\u00ednea, con su pasaporte franc\u00e9s. La respuesta del gobierno de EE. UU. Se devuelve dentro de las 72 horas, pero este tiempo suele ser mucho m\u00e1s corto. Incluso si es posible partir hacia EE. UU. En el \u00faltimo momento gracias a esta reactividad, le aconsejamos que se anticipe al procedimiento. De hecho, sucede que las autoridades extraen su expediente al azar para una verificaci\u00f3n de rutina y que se <a href=\"https:\/\/123-esta.com\/es\/que-hacer-si-solicitas-esta-esperando\/\">pone en espera<\/a> (la ESTA se emite a trav\u00e9s de sistemas electr\u00f3nicos que no son infalibles).<\/p>\n\n<h2 class=\"wp-block-heading\">Con su boleto de regreso y su pasaporte v\u00e1lido en su bolsillo, \u00a1el ESTA es casi suyo!<\/h2>\n\n<p>La probabilidad de rechazar una solicitud ESTA es m\u00ednima, casi nula. Adem\u00e1s de no cumplir con los criterios mencionados anteriormente, algunas respuestas dadas al cuestionario en l\u00ednea conducen al rechazo de viajar a los Estados Unidos, por ejemplo, si la seguridad interna se considera amenazada.<\/p>\n\n<p>Si no ha planeado organizar un ataque en Nueva York o si no tiene la nacionalidad de uno de los pa\u00edses afectados por una prohibici\u00f3n de acceso, qu\u00e9dese relativamente tranquilo completando el formulario en el sitio web del gobierno o en un sitio privado. Una expatriaci\u00f3n a corto plazo para visitar el Gran Ca\u00f1\u00f3n o las playas de Miami no suele ser un problema.<\/p>\n\n<p>As\u00ed que no esperes m\u00e1s para comprar tus billetes de ida y vuelta y solicitar la autorizaci\u00f3n. Vuelva a leer su informaci\u00f3n con atenci\u00f3n (apellido, n\u00famero de pasaporte, apellido de soltera, etc.); cualquier error requerir\u00e1 una nueva solicitud (solo el correo electr\u00f3nico y las direcciones de destino final en los EE. UU. se pueden modificar despu\u00e9s de enviar el pedido ESTA).<br\/>No dudes en acudir al consulado o la embajada de Estados Unidos para m\u00e1s informaci\u00f3n (empresas y v\u00edas a\u00e9reas a utilizar, caducidad del pasaporte electr\u00f3nico, salida del territorio americano durante una estancia con la ESTA\u2026).<\/p>\n\n<p>\u00a1Buen viaje a Nueva York o al oeste americano!<\/p>\n","protected":false},"excerpt":{"rendered":"<p>Si desea ir a los Estados Unidos, tenga en cuenta que algunos pa\u00edses permiten que sus ciudadanos viajen a los Estados Unidos sin solicitar una visa. Esto no quiere decir que la estancia en suelo americano se pueda realizar sin solicitar autorizaci\u00f3n, sino que existe un sustituto de la visa USA, que es m\u00e1s r\u00e1pida [&hellip;]<\/p>\n","protected":false},"author":1,"featured_media":0,"parent":0,"menu_order":0,"comment_status":"closed","ping_status":"closed","template":"","meta":{"site-sidebar-layout":"default","site-content-layout":"default","ast-site-content-layout":"default","site-content-style":"default","site-sidebar-style":"default","ast-global-header-display":"","ast-banner-title-visibility":"","ast-main-header-display":"","ast-hfb-above-header-display":"","ast-hfb-below-header-display":"","ast-hfb-mobile-header-display":"","site-post-title":"","ast-breadcrumbs-content":"","ast-featured-img":"","footer-sml-layout":"","ast-disable-related-posts":"","theme-transparent-header-meta":"default","adv-header-id-meta":"","stick-header-meta":"default","header-above-stick-meta":"","header-main-stick-meta":"","header-below-stick-meta":"","astra-migrate-meta-layouts":"default","ast-page-background-enabled":"default","ast-page-background-meta":{"desktop":{"background-color":"","background-image":"","background-repeat":"repeat","background-position":"center center","background-size":"auto","background-attachment":"scroll","background-type":"","background-media":"","overlay-type":"","overlay-color":"","overlay-opacity":"","overlay-gradient":""},"tablet":{"background-color":"","background-image":"","background-repeat":"repeat","background-position":"center center","background-size":"auto","background-attachment":"scroll","background-type":"","background-media":"","overlay-type":"","overlay-color":"","overlay-opacity":"","overlay-gradient":""},"mobile":{"background-color":"","background-image":"","background-repeat":"repeat","background-position":"center center","background-size":"auto","background-attachment":"scroll","background-type":"","background-media":"","overlay-type":"","overlay-color":"","overlay-opacity":"","overlay-gradient":""}},"ast-content-background-meta":{"desktop":{"background-color":"var(--ast-global-color-5)","background-image":"","background-repeat":"repeat","background-position":"center center","background-size":"auto","background-attachment":"scroll","background-type":"","background-media":"","overlay-type":"","overlay-color":"","overlay-opacity":"","overlay-gradient":""},"tablet":{"background-color":"var(--ast-global-color-5)","background-image":"","background-repeat":"repeat","background-position":"center center","background-size":"auto","background-attachment":"scroll","background-type":"","background-media":"","overlay-type":"","overlay-color":"","overlay-opacity":"","overlay-gradient":""},"mobile":{"background-color":"var(--ast-global-color-5)","background-image":"","background-repeat":"repeat","background-position":"center center","background-size":"auto","background-attachment":"scroll","background-type":"","background-media":"","overlay-type":"","overlay-color":"","overlay-opacity":"","overlay-gradient":""}},"footnotes":""},"class_list":["post-1431","page","type-page","status-publish","hentry"],"yoast_head":"<!-- This site is optimized with the Yoast SEO plugin v27.1.1 - https:\/\/yoast.com\/product\/yoast-seo-wordpress\/ -->\n<title>Billete de avi\u00f3n obligatorio para ESTA<\/title>\n<meta name=\"description\" content=\"ESTA permite estancias cortas en los EE. UU. Para garantizar una estad\u00eda de hasta 90 d\u00edas, debe presentar un boleto de regreso.\" \/>\n<meta name=\"robots\" content=\"index, follow, max-snippet:-1, max-image-preview:large, max-video-preview:-1\" \/>\n<link rel=\"canonical\" href=\"https:\/\/123-esta.com\/es\/esta-boleto-de-vuelta-de-avion-a-los-estados-unidos\/\" \/>\n<meta property=\"og:locale\" content=\"es_ES\" \/>\n<meta property=\"og:type\" content=\"article\" \/>\n<meta property=\"og:title\" content=\"Billete de avi\u00f3n obligatorio para ESTA\" \/>\n<meta property=\"og:description\" content=\"ESTA permite estancias cortas en los EE. UU. Para garantizar una estad\u00eda de hasta 90 d\u00edas, debe presentar un boleto de regreso.\" \/>\n<meta property=\"og:url\" content=\"https:\/\/123-esta.com\/es\/esta-boleto-de-vuelta-de-avion-a-los-estados-unidos\/\" \/>\n<meta property=\"og:site_name\" content=\"Formulaire ESTA pour les USA\" \/>\n<meta property=\"article:modified_time\" content=\"2022-09-23T09:19:07+00:00\" \/>\n<meta name=\"twitter:card\" content=\"summary_large_image\" \/>\n<meta name=\"twitter:label1\" content=\"Tiempo de lectura\" \/>\n\t<meta name=\"twitter:data1\" content=\"4 minutos\" \/>\n<script type=\"application\/ld+json\" class=\"yoast-schema-graph\">{\"@context\":\"https:\/\/schema.org\",\"@graph\":[{\"@type\":\"WebPage\",\"@id\":\"https:\/\/123-esta.com\/es\/esta-boleto-de-vuelta-de-avion-a-los-estados-unidos\/\",\"url\":\"https:\/\/123-esta.com\/es\/esta-boleto-de-vuelta-de-avion-a-los-estados-unidos\/\",\"name\":\"Billete de avi\u00f3n obligatorio para ESTA\",\"isPartOf\":{\"@id\":\"https:\/\/123-esta.com\/es\/#website\"},\"datePublished\":\"2021-12-21T15:59:09+00:00\",\"dateModified\":\"2022-09-23T09:19:07+00:00\",\"description\":\"ESTA permite estancias cortas en los EE. UU. Para garantizar una estad\u00eda de hasta 90 d\u00edas, debe presentar un boleto de regreso.\",\"inLanguage\":\"es\",\"potentialAction\":[{\"@type\":\"ReadAction\",\"target\":[\"https:\/\/123-esta.com\/es\/esta-boleto-de-vuelta-de-avion-a-los-estados-unidos\/\"]}]},{\"@type\":\"WebSite\",\"@id\":\"https:\/\/123-esta.com\/es\/#website\",\"url\":\"https:\/\/123-esta.com\/es\/\",\"name\":\"Formulaire ESTA pour les USA\",\"description\":\"\",\"publisher\":{\"@id\":\"https:\/\/123-esta.com\/es\/#organization\"},\"potentialAction\":[{\"@type\":\"SearchAction\",\"target\":{\"@type\":\"EntryPoint\",\"urlTemplate\":\"https:\/\/123-esta.com\/es\/?s={search_term_string}\"},\"query-input\":{\"@type\":\"PropertyValueSpecification\",\"valueRequired\":true,\"valueName\":\"search_term_string\"}}],\"inLanguage\":\"es\"},{\"@type\":\"Organization\",\"@id\":\"https:\/\/123-esta.com\/es\/#organization\",\"name\":\"Formulaire ESTA pour les USA\",\"url\":\"https:\/\/123-esta.com\/es\/\",\"logo\":{\"@type\":\"ImageObject\",\"inLanguage\":\"es\",\"@id\":\"https:\/\/123-esta.com\/es\/#\/schema\/logo\/image\/\",\"url\":\"https:\/\/123-esta.com\/wp-content\/uploads\/2018\/03\/logo-123-esta.png\",\"contentUrl\":\"https:\/\/123-esta.com\/wp-content\/uploads\/2018\/03\/logo-123-esta.png\",\"width\":191,\"height\":54,\"caption\":\"Formulaire ESTA pour les USA\"},\"image\":{\"@id\":\"https:\/\/123-esta.com\/es\/#\/schema\/logo\/image\/\"}}]}<\/script>\n<!-- \/ Yoast SEO plugin. -->","yoast_head_json":{"title":"Billete de avi\u00f3n obligatorio para ESTA","description":"ESTA permite estancias cortas en los EE. UU. Para garantizar una estad\u00eda de hasta 90 d\u00edas, debe presentar un boleto de regreso.","robots":{"index":"index","follow":"follow","max-snippet":"max-snippet:-1","max-image-preview":"max-image-preview:large","max-video-preview":"max-video-preview:-1"},"canonical":"https:\/\/123-esta.com\/es\/esta-boleto-de-vuelta-de-avion-a-los-estados-unidos\/","og_locale":"es_ES","og_type":"article","og_title":"Billete de avi\u00f3n obligatorio para ESTA","og_description":"ESTA permite estancias cortas en los EE. UU. Para garantizar una estad\u00eda de hasta 90 d\u00edas, debe presentar un boleto de regreso.","og_url":"https:\/\/123-esta.com\/es\/esta-boleto-de-vuelta-de-avion-a-los-estados-unidos\/","og_site_name":"Formulaire ESTA pour les USA","article_modified_time":"2022-09-23T09:19:07+00:00","twitter_card":"summary_large_image","twitter_misc":{"Tiempo de lectura":"4 minutos"},"schema":{"@context":"https:\/\/schema.org","@graph":[{"@type":"WebPage","@id":"https:\/\/123-esta.com\/es\/esta-boleto-de-vuelta-de-avion-a-los-estados-unidos\/","url":"https:\/\/123-esta.com\/es\/esta-boleto-de-vuelta-de-avion-a-los-estados-unidos\/","name":"Billete de avi\u00f3n obligatorio para ESTA","isPartOf":{"@id":"https:\/\/123-esta.com\/es\/#website"},"datePublished":"2021-12-21T15:59:09+00:00","dateModified":"2022-09-23T09:19:07+00:00","description":"ESTA permite estancias cortas en los EE. UU. Para garantizar una estad\u00eda de hasta 90 d\u00edas, debe presentar un boleto de regreso.","inLanguage":"es","potentialAction":[{"@type":"ReadAction","target":["https:\/\/123-esta.com\/es\/esta-boleto-de-vuelta-de-avion-a-los-estados-unidos\/"]}]},{"@type":"WebSite","@id":"https:\/\/123-esta.com\/es\/#website","url":"https:\/\/123-esta.com\/es\/","name":"Formulaire ESTA pour les USA","description":"","publisher":{"@id":"https:\/\/123-esta.com\/es\/#organization"},"potentialAction":[{"@type":"SearchAction","target":{"@type":"EntryPoint","urlTemplate":"https:\/\/123-esta.com\/es\/?s={search_term_string}"},"query-input":{"@type":"PropertyValueSpecification","valueRequired":true,"valueName":"search_term_string"}}],"inLanguage":"es"},{"@type":"Organization","@id":"https:\/\/123-esta.com\/es\/#organization","name":"Formulaire ESTA pour les USA","url":"https:\/\/123-esta.com\/es\/","logo":{"@type":"ImageObject","inLanguage":"es","@id":"https:\/\/123-esta.com\/es\/#\/schema\/logo\/image\/","url":"https:\/\/123-esta.com\/wp-content\/uploads\/2018\/03\/logo-123-esta.png","contentUrl":"https:\/\/123-esta.com\/wp-content\/uploads\/2018\/03\/logo-123-esta.png","width":191,"height":54,"caption":"Formulaire ESTA pour les USA"},"image":{"@id":"https:\/\/123-esta.com\/es\/#\/schema\/logo\/image\/"}}]}},"_links":{"self":[{"href":"https:\/\/123-esta.com\/es\/wp-json\/wp\/v2\/pages\/1431","targetHints":{"allow":["GET"]}}],"collection":[{"href":"https:\/\/123-esta.com\/es\/wp-json\/wp\/v2\/pages"}],"about":[{"href":"https:\/\/123-esta.com\/es\/wp-json\/wp\/v2\/types\/page"}],"author":[{"embeddable":true,"href":"https:\/\/123-esta.com\/es\/wp-json\/wp\/v2\/users\/1"}],"replies":[{"embeddable":true,"href":"https:\/\/123-esta.com\/es\/wp-json\/wp\/v2\/comments?post=1431"}],"version-history":[{"count":0,"href":"https:\/\/123-esta.com\/es\/wp-json\/wp\/v2\/pages\/1431\/revisions"}],"wp:attachment":[{"href":"https:\/\/123-esta.com\/es\/wp-json\/wp\/v2\/media?parent=1431"}],"curies":[{"name":"wp","href":"https:\/\/api.w.org\/{rel}","templated":true}]}}