{"id":1427,"date":"2021-12-21T16:58:31","date_gmt":"2021-12-21T15:58:31","guid":{"rendered":"https:\/\/123-esta.com\/se-puede-utilizar-la-autorizacion-esta-para-una-estancia-linguistica\/"},"modified":"2022-08-23T23:26:30","modified_gmt":"2022-08-23T21:26:30","slug":"se-puede-utilizar-la-autorizacion-esta-para-una-estancia-linguistica","status":"publish","type":"page","link":"https:\/\/123-esta.com\/es\/se-puede-utilizar-la-autorizacion-esta-para-una-estancia-linguistica\/","title":{"rendered":"\u00bfSe puede utilizar la autorizaci\u00f3n ESTA para una estancia ling\u00fc\u00edstica?"},"content":{"rendered":"\n<p>Como parte de las estancias ling\u00fc\u00edsticas, puede aprender ingl\u00e9s con la conciencia tranquila gracias a su autorizaci\u00f3n ESTA, lo que le ahorrar\u00e1 el papeleo de solicitar una visa.<\/p>\n\n<p>Si quieres mejorar tu nivel de ingl\u00e9s, <a href=\"https:\/\/123-esta.com\/es\/nuestro-consejo-para-un-viaje-pacifico-a-estados-unidos\/\">ir a EE. UU. Es una excelente idea y te lo recomendamos encarecidamente<\/a> . De hecho, se reconoce que el ingl\u00e9s de los estadounidenses es mucho m\u00e1s f\u00e1cil que el de los ciudadanos ingleses, que suelen tener un acento dif\u00edcil de entender.<\/p>\n\n<p>Una vez en los EE. UU., Por ejemplo, puede tomar lecciones de ingl\u00e9s de menos de 18 horas por semana. Sin embargo, aseg\u00farese de que los cursos no superen los 90 d\u00edas, que es el l\u00edmite de su autorizaci\u00f3n ESTA.<\/p>\n\n<p>De hecho, durante un per\u00edodo que exceda este l\u00edmite, tendr\u00e1 que solicitar una visa, que a veces puede ser dif\u00edcil de obtener. Podemos apostar que, en 3 meses, podr\u00e1s mejorar significativamente tu nivel en el idioma de Shakespeare.<\/p>\n\n<h2 class=\"wp-block-heading\">Aprovecha tu estancia en Estados Unidos para mejorar tu nivel de ingl\u00e9s<\/h2>\n\n<p>Tanto si est\u00e1s en Estados Unidos de vacaciones como de turismo, seguro que tendr\u00e1s muchas posibilidades de mejorar tu nivel de ingl\u00e9s. Siempre que tengas los conocimientos b\u00e1sicos de un idioma, \u00a1lo m\u00e1s importante es practicar! Al estar inmerso en los EE. UU. Durante varias semanas, sin duda tendr\u00e1 esta oportunidad.<\/p>\n\n<p>Para aquellos que lo deseen, muchas escuelas ofrecen cursos de idiomas para extranjeros en el lugar. Estas lecciones generalmente tienen lugar 3 horas al d\u00eda de lunes a viernes. Esto le dar\u00e1 tiempo para descubrir las maravillas de la ciudad o regi\u00f3n donde se instalar\u00e1.<\/p>\n\n<h2 class=\"wp-block-heading\">Descubra qu\u00e9 es una autorizaci\u00f3n ESTA<\/h2>\n\n<p>La autorizaci\u00f3n ESTA debe solicitarse imperativamente antes de la salida. Para solicitarlo, simplemente complete nuestro <a href=\"https:\/\/123-esta.com\/es\/formulario-en-linea-esta\/\">formulario en l\u00ednea<\/a> .<\/p>\n\n<p>Por supuesto, tenga cuidado de prestar mucha atenci\u00f3n a la informaci\u00f3n proporcionada para evitar el rechazo de su solicitud. Esto puede suceder en particular si su informaci\u00f3n no es la misma que la de su pasaporte. Tambi\u00e9n es recomendable <a href=\"https:\/\/123-esta.com\/es\/por-que-aplicar-esta-para-los-eeuu\/\">realizar su solicitud<\/a> varios d\u00edas antes de su salida en caso de que est\u00e9 pendiente. Poner en espera significa que la administraci\u00f3n de EE. UU. Se da varios d\u00edas para analizar la aceptabilidad o no de su solicitud.<\/p>\n\n<p>Tenga en cuenta que la autorizaci\u00f3n ESTA es v\u00e1lida por un m\u00e1ximo de 2 a\u00f1os o hasta que expire su pasaporte.<\/p>\n\n<p>Una vez otorgada la autorizaci\u00f3n, puede ingresar a Estados Unidos en cualquier momento siempre que no exceda el l\u00edmite de 90 d\u00edas consecutivos. Si por alguna raz\u00f3n su solicitud no es aprobada, es recomendable solicitar una visa lo antes posible. Sin embargo, tenga en cuenta que las negativas son muy raras.<\/p>\n\n<p>Por supuesto, concluiremos recordando que la solicitud de autorizaci\u00f3n ESTA no es v\u00e1lida para quienes planean irse a vivir a EE. UU. Y trabajar all\u00ed. En esta situaci\u00f3n, debe solicitar inmediatamente una visa, porque una autorizaci\u00f3n ESTA no le permite trabajar all\u00ed.<\/p>\n","protected":false},"excerpt":{"rendered":"<p>Como parte de las estancias ling\u00fc\u00edsticas, puede aprender ingl\u00e9s con la conciencia tranquila gracias a su autorizaci\u00f3n ESTA, lo que le ahorrar\u00e1 el papeleo de solicitar una visa. Si quieres mejorar tu nivel de ingl\u00e9s, ir a EE. UU. Es una excelente idea y te lo recomendamos encarecidamente . De hecho, se reconoce que el [&hellip;]<\/p>\n","protected":false},"author":1,"featured_media":0,"parent":0,"menu_order":0,"comment_status":"closed","ping_status":"closed","template":"","meta":{"site-sidebar-layout":"default","site-content-layout":"default","ast-site-content-layout":"default","site-content-style":"default","site-sidebar-style":"default","ast-global-header-display":"","ast-banner-title-visibility":"","ast-main-header-display":"","ast-hfb-above-header-display":"","ast-hfb-below-header-display":"","ast-hfb-mobile-header-display":"","site-post-title":"","ast-breadcrumbs-content":"","ast-featured-img":"","footer-sml-layout":"","ast-disable-related-posts":"","theme-transparent-header-meta":"default","adv-header-id-meta":"","stick-header-meta":"default","header-above-stick-meta":"","header-main-stick-meta":"","header-below-stick-meta":"","astra-migrate-meta-layouts":"default","ast-page-background-enabled":"default","ast-page-background-meta":{"desktop":{"background-color":"","background-image":"","background-repeat":"repeat","background-position":"center center","background-size":"auto","background-attachment":"scroll","background-type":"","background-media":"","overlay-type":"","overlay-color":"","overlay-opacity":"","overlay-gradient":""},"tablet":{"background-color":"","background-image":"","background-repeat":"repeat","background-position":"center center","background-size":"auto","background-attachment":"scroll","background-type":"","background-media":"","overlay-type":"","overlay-color":"","overlay-opacity":"","overlay-gradient":""},"mobile":{"background-color":"","background-image":"","background-repeat":"repeat","background-position":"center center","background-size":"auto","background-attachment":"scroll","background-type":"","background-media":"","overlay-type":"","overlay-color":"","overlay-opacity":"","overlay-gradient":""}},"ast-content-background-meta":{"desktop":{"background-color":"var(--ast-global-color-5)","background-image":"","background-repeat":"repeat","background-position":"center center","background-size":"auto","background-attachment":"scroll","background-type":"","background-media":"","overlay-type":"","overlay-color":"","overlay-opacity":"","overlay-gradient":""},"tablet":{"background-color":"var(--ast-global-color-5)","background-image":"","background-repeat":"repeat","background-position":"center center","background-size":"auto","background-attachment":"scroll","background-type":"","background-media":"","overlay-type":"","overlay-color":"","overlay-opacity":"","overlay-gradient":""},"mobile":{"background-color":"var(--ast-global-color-5)","background-image":"","background-repeat":"repeat","background-position":"center center","background-size":"auto","background-attachment":"scroll","background-type":"","background-media":"","overlay-type":"","overlay-color":"","overlay-opacity":"","overlay-gradient":""}},"footnotes":""},"class_list":["post-1427","page","type-page","status-publish","hentry"],"yoast_head":"<!-- This site is optimized with the Yoast SEO plugin v27.1.1 - https:\/\/yoast.com\/product\/yoast-seo-wordpress\/ -->\n<title>\u00bfLa estancia de un idioma en los EE. UU. Requiere una ESTA?<\/title>\n<meta name=\"description\" content=\"Es posible realizar un viaje de estudios de idiomas a los Estados Unidos para aprender ingl\u00e9s. \u00bfEs suficiente una simple autorizaci\u00f3n ESTA? La respuesta aqui.\" \/>\n<meta name=\"robots\" content=\"index, follow, max-snippet:-1, max-image-preview:large, max-video-preview:-1\" \/>\n<link rel=\"canonical\" href=\"https:\/\/123-esta.com\/es\/se-puede-utilizar-la-autorizacion-esta-para-una-estancia-linguistica\/\" \/>\n<meta property=\"og:locale\" content=\"es_ES\" \/>\n<meta property=\"og:type\" content=\"article\" \/>\n<meta property=\"og:title\" content=\"\u00bfLa estancia de un idioma en los EE. UU. Requiere una ESTA?\" \/>\n<meta property=\"og:description\" content=\"Es posible realizar un viaje de estudios de idiomas a los Estados Unidos para aprender ingl\u00e9s. \u00bfEs suficiente una simple autorizaci\u00f3n ESTA? La respuesta aqui.\" \/>\n<meta property=\"og:url\" content=\"https:\/\/123-esta.com\/es\/se-puede-utilizar-la-autorizacion-esta-para-una-estancia-linguistica\/\" \/>\n<meta property=\"og:site_name\" content=\"Formulaire ESTA pour les USA\" \/>\n<meta property=\"article:modified_time\" content=\"2022-08-23T21:26:30+00:00\" \/>\n<meta name=\"twitter:card\" content=\"summary_large_image\" \/>\n<meta name=\"twitter:label1\" content=\"Tiempo de lectura\" \/>\n\t<meta name=\"twitter:data1\" content=\"3 minutos\" \/>\n<script type=\"application\/ld+json\" class=\"yoast-schema-graph\">{\"@context\":\"https:\/\/schema.org\",\"@graph\":[{\"@type\":\"WebPage\",\"@id\":\"https:\/\/123-esta.com\/es\/se-puede-utilizar-la-autorizacion-esta-para-una-estancia-linguistica\/\",\"url\":\"https:\/\/123-esta.com\/es\/se-puede-utilizar-la-autorizacion-esta-para-una-estancia-linguistica\/\",\"name\":\"\u00bfLa estancia de un idioma en los EE. UU. Requiere una ESTA?\",\"isPartOf\":{\"@id\":\"https:\/\/123-esta.com\/es\/#website\"},\"datePublished\":\"2021-12-21T15:58:31+00:00\",\"dateModified\":\"2022-08-23T21:26:30+00:00\",\"description\":\"Es posible realizar un viaje de estudios de idiomas a los Estados Unidos para aprender ingl\u00e9s. \u00bfEs suficiente una simple autorizaci\u00f3n ESTA? La respuesta aqui.\",\"inLanguage\":\"es\",\"potentialAction\":[{\"@type\":\"ReadAction\",\"target\":[\"https:\/\/123-esta.com\/es\/se-puede-utilizar-la-autorizacion-esta-para-una-estancia-linguistica\/\"]}]},{\"@type\":\"WebSite\",\"@id\":\"https:\/\/123-esta.com\/es\/#website\",\"url\":\"https:\/\/123-esta.com\/es\/\",\"name\":\"Formulaire ESTA pour les USA\",\"description\":\"\",\"publisher\":{\"@id\":\"https:\/\/123-esta.com\/es\/#organization\"},\"potentialAction\":[{\"@type\":\"SearchAction\",\"target\":{\"@type\":\"EntryPoint\",\"urlTemplate\":\"https:\/\/123-esta.com\/es\/?s={search_term_string}\"},\"query-input\":{\"@type\":\"PropertyValueSpecification\",\"valueRequired\":true,\"valueName\":\"search_term_string\"}}],\"inLanguage\":\"es\"},{\"@type\":\"Organization\",\"@id\":\"https:\/\/123-esta.com\/es\/#organization\",\"name\":\"Formulaire ESTA pour les USA\",\"url\":\"https:\/\/123-esta.com\/es\/\",\"logo\":{\"@type\":\"ImageObject\",\"inLanguage\":\"es\",\"@id\":\"https:\/\/123-esta.com\/es\/#\/schema\/logo\/image\/\",\"url\":\"https:\/\/123-esta.com\/wp-content\/uploads\/2018\/03\/logo-123-esta.png\",\"contentUrl\":\"https:\/\/123-esta.com\/wp-content\/uploads\/2018\/03\/logo-123-esta.png\",\"width\":191,\"height\":54,\"caption\":\"Formulaire ESTA pour les USA\"},\"image\":{\"@id\":\"https:\/\/123-esta.com\/es\/#\/schema\/logo\/image\/\"}}]}<\/script>\n<!-- \/ Yoast SEO plugin. -->","yoast_head_json":{"title":"\u00bfLa estancia de un idioma en los EE. UU. Requiere una ESTA?","description":"Es posible realizar un viaje de estudios de idiomas a los Estados Unidos para aprender ingl\u00e9s. \u00bfEs suficiente una simple autorizaci\u00f3n ESTA? La respuesta aqui.","robots":{"index":"index","follow":"follow","max-snippet":"max-snippet:-1","max-image-preview":"max-image-preview:large","max-video-preview":"max-video-preview:-1"},"canonical":"https:\/\/123-esta.com\/es\/se-puede-utilizar-la-autorizacion-esta-para-una-estancia-linguistica\/","og_locale":"es_ES","og_type":"article","og_title":"\u00bfLa estancia de un idioma en los EE. UU. Requiere una ESTA?","og_description":"Es posible realizar un viaje de estudios de idiomas a los Estados Unidos para aprender ingl\u00e9s. \u00bfEs suficiente una simple autorizaci\u00f3n ESTA? La respuesta aqui.","og_url":"https:\/\/123-esta.com\/es\/se-puede-utilizar-la-autorizacion-esta-para-una-estancia-linguistica\/","og_site_name":"Formulaire ESTA pour les USA","article_modified_time":"2022-08-23T21:26:30+00:00","twitter_card":"summary_large_image","twitter_misc":{"Tiempo de lectura":"3 minutos"},"schema":{"@context":"https:\/\/schema.org","@graph":[{"@type":"WebPage","@id":"https:\/\/123-esta.com\/es\/se-puede-utilizar-la-autorizacion-esta-para-una-estancia-linguistica\/","url":"https:\/\/123-esta.com\/es\/se-puede-utilizar-la-autorizacion-esta-para-una-estancia-linguistica\/","name":"\u00bfLa estancia de un idioma en los EE. UU. Requiere una ESTA?","isPartOf":{"@id":"https:\/\/123-esta.com\/es\/#website"},"datePublished":"2021-12-21T15:58:31+00:00","dateModified":"2022-08-23T21:26:30+00:00","description":"Es posible realizar un viaje de estudios de idiomas a los Estados Unidos para aprender ingl\u00e9s. \u00bfEs suficiente una simple autorizaci\u00f3n ESTA? La respuesta aqui.","inLanguage":"es","potentialAction":[{"@type":"ReadAction","target":["https:\/\/123-esta.com\/es\/se-puede-utilizar-la-autorizacion-esta-para-una-estancia-linguistica\/"]}]},{"@type":"WebSite","@id":"https:\/\/123-esta.com\/es\/#website","url":"https:\/\/123-esta.com\/es\/","name":"Formulaire ESTA pour les USA","description":"","publisher":{"@id":"https:\/\/123-esta.com\/es\/#organization"},"potentialAction":[{"@type":"SearchAction","target":{"@type":"EntryPoint","urlTemplate":"https:\/\/123-esta.com\/es\/?s={search_term_string}"},"query-input":{"@type":"PropertyValueSpecification","valueRequired":true,"valueName":"search_term_string"}}],"inLanguage":"es"},{"@type":"Organization","@id":"https:\/\/123-esta.com\/es\/#organization","name":"Formulaire ESTA pour les USA","url":"https:\/\/123-esta.com\/es\/","logo":{"@type":"ImageObject","inLanguage":"es","@id":"https:\/\/123-esta.com\/es\/#\/schema\/logo\/image\/","url":"https:\/\/123-esta.com\/wp-content\/uploads\/2018\/03\/logo-123-esta.png","contentUrl":"https:\/\/123-esta.com\/wp-content\/uploads\/2018\/03\/logo-123-esta.png","width":191,"height":54,"caption":"Formulaire ESTA pour les USA"},"image":{"@id":"https:\/\/123-esta.com\/es\/#\/schema\/logo\/image\/"}}]}},"_links":{"self":[{"href":"https:\/\/123-esta.com\/es\/wp-json\/wp\/v2\/pages\/1427","targetHints":{"allow":["GET"]}}],"collection":[{"href":"https:\/\/123-esta.com\/es\/wp-json\/wp\/v2\/pages"}],"about":[{"href":"https:\/\/123-esta.com\/es\/wp-json\/wp\/v2\/types\/page"}],"author":[{"embeddable":true,"href":"https:\/\/123-esta.com\/es\/wp-json\/wp\/v2\/users\/1"}],"replies":[{"embeddable":true,"href":"https:\/\/123-esta.com\/es\/wp-json\/wp\/v2\/comments?post=1427"}],"version-history":[{"count":0,"href":"https:\/\/123-esta.com\/es\/wp-json\/wp\/v2\/pages\/1427\/revisions"}],"wp:attachment":[{"href":"https:\/\/123-esta.com\/es\/wp-json\/wp\/v2\/media?parent=1427"}],"curies":[{"name":"wp","href":"https:\/\/api.w.org\/{rel}","templated":true}]}}