{"id":1420,"date":"2021-12-21T16:52:52","date_gmt":"2021-12-21T15:52:52","guid":{"rendered":"https:\/\/123-esta.com\/como-completar-correctamente-el-cuestionario-esta\/"},"modified":"2022-08-23T22:27:29","modified_gmt":"2022-08-23T20:27:29","slug":"como-completar-el-esta-cuestionario","status":"publish","type":"page","link":"https:\/\/123-esta.com\/es\/como-completar-el-esta-cuestionario\/","title":{"rendered":"\u00bfC\u00f3mo completar correctamente el cuestionario ESTA?"},"content":{"rendered":"\n<p>\u00bfEst\u00e1 a punto de pasar sus pr\u00f3ximas vacaciones al otro lado del Atl\u00e1ntico y visitar los Estados Unidos? Ya sea que se vaya de viaje a Nueva York o un viaje por carretera en el oeste americano, hay algunas formalidades que debe resolver antes de partir y embarcarse en la aventura.<\/p>\n\n<p>Entre otras cosas, debe solicitar una <a href=\"https:\/\/123-esta.com\/es\/que-es-esta\/\">visa ESTA de EE<\/a> . UU., \u00a1Tambi\u00e9n llamada autorizaci\u00f3n ESTA! Si es elegible para este programa que le permite viajar sin visa, deber\u00e1 completar el <a href=\"https:\/\/123-esta.com\/es\/los-cuestiones-de-elegibilidad-del-formulario-esta\/\">cuestionario ESTA<\/a> . Idealmente, lo antes posible y no m\u00e1s tarde de 72 horas antes de su salida. Los rechazos son raros, pero si no se otorga su autorizaci\u00f3n, tendr\u00e1 que volver a presentar la solicitud 10 d\u00edas despu\u00e9s del rechazo o acudir a la Embajada de los Estados Unidos para solicitar una visa.<\/p>\n\n<p>La solicitud de autorizaci\u00f3n tiene la forma de un formulario en l\u00ednea, disponible solo en Internet. Para evitar decepciones, presentamos este cuestionario para Estados Unidos en detalle.<\/p>\n\n<p><a href=\"https:\/\/123-esta.com\/es\/formulario-en-linea-esta\/\">Completar el formulario de solicitud en l\u00ednea<\/a> no es ciencia espacial. Sin embargo, el sitio del gobierno de EE. UU. Indica que se necesitan unos 20 minutos para completar el cuestionario ESTA. Aseg\u00farese de tener un pasaporte a mano. Estas listo ? Se fue !<\/p>\n\n<h2 class=\"wp-block-heading\">\u00bfPara qui\u00e9n es el cuestionario para Estados Unidos?<\/h2>\n\n<p>Antes de comenzar a completar el cuestionario para los Estados Unidos, es importante recordar las condiciones de elegibilidad para el Programa de exenci\u00f3n de visa (VWP):<\/p>\n\n<ul class=\"wp-block-list\"><li>tener un pasaporte biom\u00e9trico o electr\u00f3nico v\u00e1lido, que abre toda la estad\u00eda en los Estados Unidos;<\/li><li>no quedarse m\u00e1s de 90 d\u00edas consecutivos;<\/li><li>viajar a los Estados Unidos por v\u00eda a\u00e9rea o mar\u00edtima a trav\u00e9s de una empresa aprobada por las autoridades estadounidenses;<\/li><li>ser ciudadano de uno de los 40 pa\u00edses miembros del Programa de Exenci\u00f3n de Visado (VWP) para Estados Unidos;<\/li><li>viajes con fines tur\u00edsticos, profesionales o de tr\u00e1nsito.<\/li><\/ul>\n\n<p>\u00bfMarca todos estos criterios? \u00a1No espere m\u00e1s para completar su cuestionario ESTA!<\/p>\n\n<h2 class=\"wp-block-heading\">El cuestionario ESTA y su forma en varias partes<\/h2>\n\n<p>Ya sea que realice su solicitud en el sitio oficial del gobierno de los EE. UU. O en un sitio privado, las preguntas que se hagan ser\u00e1n pr\u00e1cticamente las mismas. El formulario ESTA consta de cuatro partes distintas. \u00bfEl ingl\u00e9s no es tu punto fuerte? No se preocupe, para su solicitud ESTA, las preguntas est\u00e1n en franc\u00e9s.<\/p>\n\n<p>El primero se refiere a sus datos personales, los que aparecen en su pasaporte: apellido, nombre, sexo, fecha y lugar de nacimiento, pa\u00eds de origen, nacionalidad e informaci\u00f3n de contacto. Toda esta informaci\u00f3n permite al Departamento de Seguridad Nacional conocer la identidad de las personas que desean viajar a los Estados Unidos.<\/p>\n\n<p>Nota para mujeres casadas: su apellido en su ESTA debe ser el mismo que en su pasaporte. Si no le han renovado el pasaporte desde que se cas\u00f3, deber\u00e1 proporcionar su apellido de soltera. Los apellidos deben ser consistentes en ambos documentos<\/p>\n\n<p>Luego viene la segunda parte relativa a la informaci\u00f3n espec\u00edfica de su pasaporte. Entre otras cosas, se le pedir\u00e1 el n\u00famero de pasaporte, su fecha de emisi\u00f3n y su fecha de caducidad.<br\/>A esta secci\u00f3n le sigue una tercera parte que le solicita informaci\u00f3n sobre su estad\u00eda en los Estados Unidos (direcci\u00f3n y contacto en el sitio). Si a\u00fan no ha reservado su hotel o planea hacer un viaje por carretera, no hay problema, estos campos no son obligatorios para esperar poner un pie en suelo estadounidense.<\/p>\n\n<p>Finalmente, se le har\u00e1 una serie de preguntas de tipo \u201cs\u00ed o no\u201d sobre su estado de salud y su historial legal. Estas preguntas le permiten al gobierno de los EE. UU. Determinar si representa o no una amenaza para la seguridad interna del pa\u00eds. Es recomendable responder \u00abno\u00bb a todas estas preguntas, pero en cualquier caso, sea lo m\u00e1s honesto posible al completar el cuestionario ESTA. Comunicar una declaraci\u00f3n falsa podr\u00eda causarle da\u00f1o y Estados Unidos podr\u00eda negarle el acceso a su territorio de por vida.<br\/>Una vez que se haya completado el formulario, deber\u00e1 pagar las tarifas de procesamiento. El <a href=\"https:\/\/123-esta.com\/es\/explicaciones-sobre-los-diferentes-estados-esta\/\">estado de su ESTA<\/a> se transmitir\u00e1 en un plazo de 72 horas (ESTA concedido, <a href=\"https:\/\/123-esta.com\/es\/que-hacer-si-solicitas-esta-esperando\/\">ESTA pendiente<\/a> o ESTA denegado).<\/p>\n\n<h2 class=\"wp-block-heading\">\u00bfPuede un tercero completar un formulario ESTA?<\/h2>\n\n<p>Cualquiera que desee viajar a los EE. UU. Debe tener una autorizaci\u00f3n de viaje previa. Esta obligaci\u00f3n se aplica tanto a adultos como a ni\u00f1os. As\u00ed como un menor debe tener su propio pasaporte v\u00e1lido, un beb\u00e9 o un ni\u00f1o debe tener un ESTA a su nombre, incluso si no pueden solicitarlo por su cuenta.<\/p>\n\n<p>\u00a1El sistema estadounidense est\u00e1 bien establecido ya que el formulario ESTA le permite realizar varias solicitudes en 1! Para un viaje familiar de cuatro personas, por ejemplo, los padres pueden solicitar un <a href=\"https:\/\/123-esta.com\/es\/es-necesaria-la-aplicacion-esta-para-ninos-y-menores\/\">ESTA para los ni\u00f1os<\/a> al mismo tiempo que el suyo. Esto ahorra mucho tiempo y deja m\u00e1s tiempo para preparar y organizar el viaje a los Estados Unidos.<br\/>Asimismo, los viajeros con problemas de salud mental no siempre pueden completar el cuestionario ellos mismos y pueden buscar ayuda de un tercero. A continuaci\u00f3n, el responsable deber\u00e1 marcar la casilla prevista a tal efecto.<\/p>\n\n<p>Recuerde, <a href=\"https:\/\/123-esta.com\/es\/imprimir-formulario-esta\/\">definitivamente puede imprimir su ESTA<\/a> si quiere asegurarse de que no tendr\u00e1 ning\u00fan problema con la inmigraci\u00f3n estadounidense.<\/p>\n","protected":false},"excerpt":{"rendered":"<p>\u00bfEst\u00e1 a punto de pasar sus pr\u00f3ximas vacaciones al otro lado del Atl\u00e1ntico y visitar los Estados Unidos? Ya sea que se vaya de viaje a Nueva York o un viaje por carretera en el oeste americano, hay algunas formalidades que debe resolver antes de partir y embarcarse en la aventura. Entre otras cosas, debe [&hellip;]<\/p>\n","protected":false},"author":1,"featured_media":0,"parent":0,"menu_order":0,"comment_status":"closed","ping_status":"closed","template":"","meta":{"site-sidebar-layout":"default","site-content-layout":"default","ast-site-content-layout":"default","site-content-style":"default","site-sidebar-style":"default","ast-global-header-display":"","ast-banner-title-visibility":"","ast-main-header-display":"","ast-hfb-above-header-display":"","ast-hfb-below-header-display":"","ast-hfb-mobile-header-display":"","site-post-title":"","ast-breadcrumbs-content":"","ast-featured-img":"","footer-sml-layout":"","ast-disable-related-posts":"","theme-transparent-header-meta":"default","adv-header-id-meta":"","stick-header-meta":"default","header-above-stick-meta":"","header-main-stick-meta":"","header-below-stick-meta":"","astra-migrate-meta-layouts":"default","ast-page-background-enabled":"default","ast-page-background-meta":{"desktop":{"background-color":"","background-image":"","background-repeat":"repeat","background-position":"center center","background-size":"auto","background-attachment":"scroll","background-type":"","background-media":"","overlay-type":"","overlay-color":"","overlay-opacity":"","overlay-gradient":""},"tablet":{"background-color":"","background-image":"","background-repeat":"repeat","background-position":"center center","background-size":"auto","background-attachment":"scroll","background-type":"","background-media":"","overlay-type":"","overlay-color":"","overlay-opacity":"","overlay-gradient":""},"mobile":{"background-color":"","background-image":"","background-repeat":"repeat","background-position":"center center","background-size":"auto","background-attachment":"scroll","background-type":"","background-media":"","overlay-type":"","overlay-color":"","overlay-opacity":"","overlay-gradient":""}},"ast-content-background-meta":{"desktop":{"background-color":"var(--ast-global-color-5)","background-image":"","background-repeat":"repeat","background-position":"center center","background-size":"auto","background-attachment":"scroll","background-type":"","background-media":"","overlay-type":"","overlay-color":"","overlay-opacity":"","overlay-gradient":""},"tablet":{"background-color":"var(--ast-global-color-5)","background-image":"","background-repeat":"repeat","background-position":"center center","background-size":"auto","background-attachment":"scroll","background-type":"","background-media":"","overlay-type":"","overlay-color":"","overlay-opacity":"","overlay-gradient":""},"mobile":{"background-color":"var(--ast-global-color-5)","background-image":"","background-repeat":"repeat","background-position":"center center","background-size":"auto","background-attachment":"scroll","background-type":"","background-media":"","overlay-type":"","overlay-color":"","overlay-opacity":"","overlay-gradient":""}},"footnotes":""},"class_list":["post-1420","page","type-page","status-publish","hentry"],"yoast_head":"<!-- This site is optimized with the Yoast SEO plugin v27.1.1 - https:\/\/yoast.com\/product\/yoast-seo-wordpress\/ -->\n<title>\u00bfC\u00f3mo completar correctamente el cuestionario ESTA?<\/title>\n<meta name=\"description\" content=\"Ayuda para completar el cuestionario ESTA: \u00bfqu\u00e9 informaci\u00f3n se solicita en el formulario de pasaporte y viajero?\" \/>\n<meta name=\"robots\" content=\"index, follow, max-snippet:-1, max-image-preview:large, max-video-preview:-1\" \/>\n<link rel=\"canonical\" href=\"https:\/\/123-esta.com\/es\/como-completar-el-esta-cuestionario\/\" \/>\n<meta property=\"og:locale\" content=\"es_ES\" \/>\n<meta property=\"og:type\" content=\"article\" \/>\n<meta property=\"og:title\" content=\"\u00bfC\u00f3mo completar correctamente el cuestionario ESTA?\" \/>\n<meta property=\"og:description\" content=\"Ayuda para completar el cuestionario ESTA: \u00bfqu\u00e9 informaci\u00f3n se solicita en el formulario de pasaporte y viajero?\" \/>\n<meta property=\"og:url\" content=\"https:\/\/123-esta.com\/es\/como-completar-el-esta-cuestionario\/\" \/>\n<meta property=\"og:site_name\" content=\"Formulaire ESTA pour les USA\" \/>\n<meta property=\"article:modified_time\" content=\"2022-08-23T20:27:29+00:00\" \/>\n<meta name=\"twitter:card\" content=\"summary_large_image\" \/>\n<meta name=\"twitter:label1\" content=\"Tiempo de lectura\" \/>\n\t<meta name=\"twitter:data1\" content=\"5 minutos\" \/>\n<script type=\"application\/ld+json\" class=\"yoast-schema-graph\">{\"@context\":\"https:\/\/schema.org\",\"@graph\":[{\"@type\":\"WebPage\",\"@id\":\"https:\/\/123-esta.com\/es\/como-completar-el-esta-cuestionario\/\",\"url\":\"https:\/\/123-esta.com\/es\/como-completar-el-esta-cuestionario\/\",\"name\":\"\u00bfC\u00f3mo completar correctamente el cuestionario ESTA?\",\"isPartOf\":{\"@id\":\"https:\/\/123-esta.com\/es\/#website\"},\"datePublished\":\"2021-12-21T15:52:52+00:00\",\"dateModified\":\"2022-08-23T20:27:29+00:00\",\"description\":\"Ayuda para completar el cuestionario ESTA: \u00bfqu\u00e9 informaci\u00f3n se solicita en el formulario de pasaporte y viajero?\",\"inLanguage\":\"es\",\"potentialAction\":[{\"@type\":\"ReadAction\",\"target\":[\"https:\/\/123-esta.com\/es\/como-completar-el-esta-cuestionario\/\"]}]},{\"@type\":\"WebSite\",\"@id\":\"https:\/\/123-esta.com\/es\/#website\",\"url\":\"https:\/\/123-esta.com\/es\/\",\"name\":\"Formulaire ESTA pour les USA\",\"description\":\"\",\"publisher\":{\"@id\":\"https:\/\/123-esta.com\/es\/#organization\"},\"potentialAction\":[{\"@type\":\"SearchAction\",\"target\":{\"@type\":\"EntryPoint\",\"urlTemplate\":\"https:\/\/123-esta.com\/es\/?s={search_term_string}\"},\"query-input\":{\"@type\":\"PropertyValueSpecification\",\"valueRequired\":true,\"valueName\":\"search_term_string\"}}],\"inLanguage\":\"es\"},{\"@type\":\"Organization\",\"@id\":\"https:\/\/123-esta.com\/es\/#organization\",\"name\":\"Formulaire ESTA pour les USA\",\"url\":\"https:\/\/123-esta.com\/es\/\",\"logo\":{\"@type\":\"ImageObject\",\"inLanguage\":\"es\",\"@id\":\"https:\/\/123-esta.com\/es\/#\/schema\/logo\/image\/\",\"url\":\"https:\/\/123-esta.com\/wp-content\/uploads\/2018\/03\/logo-123-esta.png\",\"contentUrl\":\"https:\/\/123-esta.com\/wp-content\/uploads\/2018\/03\/logo-123-esta.png\",\"width\":191,\"height\":54,\"caption\":\"Formulaire ESTA pour les USA\"},\"image\":{\"@id\":\"https:\/\/123-esta.com\/es\/#\/schema\/logo\/image\/\"}}]}<\/script>\n<!-- \/ Yoast SEO plugin. -->","yoast_head_json":{"title":"\u00bfC\u00f3mo completar correctamente el cuestionario ESTA?","description":"Ayuda para completar el cuestionario ESTA: \u00bfqu\u00e9 informaci\u00f3n se solicita en el formulario de pasaporte y viajero?","robots":{"index":"index","follow":"follow","max-snippet":"max-snippet:-1","max-image-preview":"max-image-preview:large","max-video-preview":"max-video-preview:-1"},"canonical":"https:\/\/123-esta.com\/es\/como-completar-el-esta-cuestionario\/","og_locale":"es_ES","og_type":"article","og_title":"\u00bfC\u00f3mo completar correctamente el cuestionario ESTA?","og_description":"Ayuda para completar el cuestionario ESTA: \u00bfqu\u00e9 informaci\u00f3n se solicita en el formulario de pasaporte y viajero?","og_url":"https:\/\/123-esta.com\/es\/como-completar-el-esta-cuestionario\/","og_site_name":"Formulaire ESTA pour les USA","article_modified_time":"2022-08-23T20:27:29+00:00","twitter_card":"summary_large_image","twitter_misc":{"Tiempo de lectura":"5 minutos"},"schema":{"@context":"https:\/\/schema.org","@graph":[{"@type":"WebPage","@id":"https:\/\/123-esta.com\/es\/como-completar-el-esta-cuestionario\/","url":"https:\/\/123-esta.com\/es\/como-completar-el-esta-cuestionario\/","name":"\u00bfC\u00f3mo completar correctamente el cuestionario ESTA?","isPartOf":{"@id":"https:\/\/123-esta.com\/es\/#website"},"datePublished":"2021-12-21T15:52:52+00:00","dateModified":"2022-08-23T20:27:29+00:00","description":"Ayuda para completar el cuestionario ESTA: \u00bfqu\u00e9 informaci\u00f3n se solicita en el formulario de pasaporte y viajero?","inLanguage":"es","potentialAction":[{"@type":"ReadAction","target":["https:\/\/123-esta.com\/es\/como-completar-el-esta-cuestionario\/"]}]},{"@type":"WebSite","@id":"https:\/\/123-esta.com\/es\/#website","url":"https:\/\/123-esta.com\/es\/","name":"Formulaire ESTA pour les USA","description":"","publisher":{"@id":"https:\/\/123-esta.com\/es\/#organization"},"potentialAction":[{"@type":"SearchAction","target":{"@type":"EntryPoint","urlTemplate":"https:\/\/123-esta.com\/es\/?s={search_term_string}"},"query-input":{"@type":"PropertyValueSpecification","valueRequired":true,"valueName":"search_term_string"}}],"inLanguage":"es"},{"@type":"Organization","@id":"https:\/\/123-esta.com\/es\/#organization","name":"Formulaire ESTA pour les USA","url":"https:\/\/123-esta.com\/es\/","logo":{"@type":"ImageObject","inLanguage":"es","@id":"https:\/\/123-esta.com\/es\/#\/schema\/logo\/image\/","url":"https:\/\/123-esta.com\/wp-content\/uploads\/2018\/03\/logo-123-esta.png","contentUrl":"https:\/\/123-esta.com\/wp-content\/uploads\/2018\/03\/logo-123-esta.png","width":191,"height":54,"caption":"Formulaire ESTA pour les USA"},"image":{"@id":"https:\/\/123-esta.com\/es\/#\/schema\/logo\/image\/"}}]}},"_links":{"self":[{"href":"https:\/\/123-esta.com\/es\/wp-json\/wp\/v2\/pages\/1420","targetHints":{"allow":["GET"]}}],"collection":[{"href":"https:\/\/123-esta.com\/es\/wp-json\/wp\/v2\/pages"}],"about":[{"href":"https:\/\/123-esta.com\/es\/wp-json\/wp\/v2\/types\/page"}],"author":[{"embeddable":true,"href":"https:\/\/123-esta.com\/es\/wp-json\/wp\/v2\/users\/1"}],"replies":[{"embeddable":true,"href":"https:\/\/123-esta.com\/es\/wp-json\/wp\/v2\/comments?post=1420"}],"version-history":[{"count":0,"href":"https:\/\/123-esta.com\/es\/wp-json\/wp\/v2\/pages\/1420\/revisions"}],"wp:attachment":[{"href":"https:\/\/123-esta.com\/es\/wp-json\/wp\/v2\/media?parent=1420"}],"curies":[{"name":"wp","href":"https:\/\/api.w.org\/{rel}","templated":true}]}}