{"id":1415,"date":"2021-12-21T16:51:11","date_gmt":"2021-12-21T15:51:11","guid":{"rendered":"https:\/\/123-esta.com\/tenemos-que-imprimir-el-documento-esta-antes-de-ir-a-ee-uu\/"},"modified":"2022-08-23T22:52:27","modified_gmt":"2022-08-23T20:52:27","slug":"imprimir-formulario-esta","status":"publish","type":"page","link":"https:\/\/123-esta.com\/es\/imprimir-formulario-esta\/","title":{"rendered":"\u00bfTenemos que imprimir el documento ESTA antes de ir a EE. UU.?"},"content":{"rendered":"\n<p>Una vez que haya obtenido su autorizaci\u00f3n, despu\u00e9s de <a href=\"https:\/\/123-esta.com\/es\/como-completar-el-esta-cuestionario\/\">completar su formulario ESTA<\/a>, se le asignar\u00e1 un n\u00famero de recibo. Es este n\u00famero el que conviene conservar, especialmente en caso de p\u00e9rdida. Por supuesto, puede imprimir el resumen y guardar los detalles con usted hasta que pase por la aduana de EE. UU. Para ser v\u00e1lida, su copia debe contener el n\u00famero de recibo que se le asign\u00f3 a su autorizaci\u00f3n.<\/p>\n\n<p>Al completar el cuestionario, los datos ingresados deben ser precisos y cumplir con la informaci\u00f3n de su pasaporte como nombre y apellidos, su fecha de nacimiento, referencias del pasaporte y nacionalidad.<\/p>\n\n<p>De hecho, cuando su autorizaci\u00f3n de viaje sea otorgada por el servicio de aduanas de EE. UU., Son estos datos los que se tendr\u00e1n en cuenta. Cuando ingrese a los Estados Unidos, se escanear\u00e1 su pasaporte y el sistema detectar\u00e1 autom\u00e1ticamente si se le ha otorgado una autorizaci\u00f3n de viaje. Un error en los datos que ingres\u00f3 durante el cuestionario ESTA le impedir\u00e1 ingresar a los Estados Unidos.<\/p>\n\n<p>Dado que el servicio de aduanas recibe la informaci\u00f3n con anticipaci\u00f3n, la impresi\u00f3n no es obligatoria, pero las autoridades competentes de EE. UU. Recomiendan encarecidamente que conserve una copia durante su estancia. De esta manera, no ser\u00e1 dif\u00edcil verificar la posesi\u00f3n de su autorizaci\u00f3n ESTA sin una conexi\u00f3n a Internet. Esta versi\u00f3n impresa constituye una prueba fehaciente de que se recomienda tenerla a mano.<\/p>\n\n<h2 class=\"wp-block-heading\">Razones para imprimir su formulario ESTA<\/h2>\n\n<p>Incluso si no es obligatorio, es recomendable guardar una copia de su formulario ESTA para garantizar la informaci\u00f3n transmitida. Y esto por muchas razones:<\/p>\n\n<ul class=\"wp-block-list\"><li>en caso de error, podr\u00e1 saber m\u00e1s f\u00e1cilmente en qu\u00e9 parte se encuentra la informaci\u00f3n err\u00f3nea;<\/li><li>su copia del formulario ESTA puede ayudarlo a protegerse de un problema cuando se vaya y ayudarlo en caso de un posible problema con la computadora o para poder responder preguntas hechas por funcionarios de inmigraci\u00f3n estadounidenses;<\/li><li>su copia le permitir\u00e1 conocer el per\u00edodo de validez de su autorizaci\u00f3n ESTA. Por supuesto, es importante conocer su fecha de caducidad.<\/li><\/ul>\n\n<p>En resumen, esta copia podr\u00eda serle \u00fatil en cualquier lugar durante su estad\u00eda en suelo estadounidense.<\/p>\n\n<h2 class=\"wp-block-heading\">Otra informaci\u00f3n importante<\/h2>\n\n<p>Una vez recibida su autorizaci\u00f3n ESTA, siempre es recomendable leer atentamente la informaci\u00f3n ingresada en ella. Si hay un error, debe informarlo de inmediato para evitar m\u00e1s problemas.<\/p>\n\n<p>Si est\u00e1 seguro de que la informaci\u00f3n en su pasaporte coincide con su autorizaci\u00f3n ESTA, todo lo que tiene que hacer es imprimir el documento. Como ya se se\u00f1al\u00f3 anteriormente, este procedimiento no es obligatorio, pero se recomienda.<\/p>\n\n<p>Si por alguna raz\u00f3n no has impreso el documento, es imprescindible tener al menos tu n\u00famero de identificaci\u00f3n a tu disposici\u00f3n. Es posible que se le solicite esto al embarcar.<\/p>\n","protected":false},"excerpt":{"rendered":"<p>Una vez que haya obtenido su autorizaci\u00f3n, despu\u00e9s de completar su formulario ESTA, se le asignar\u00e1 un n\u00famero de recibo. Es este n\u00famero el que conviene conservar, especialmente en caso de p\u00e9rdida. Por supuesto, puede imprimir el resumen y guardar los detalles con usted hasta que pase por la aduana de EE. UU. Para ser [&hellip;]<\/p>\n","protected":false},"author":1,"featured_media":0,"parent":0,"menu_order":0,"comment_status":"closed","ping_status":"closed","template":"","meta":{"site-sidebar-layout":"default","site-content-layout":"default","ast-site-content-layout":"default","site-content-style":"default","site-sidebar-style":"default","ast-global-header-display":"","ast-banner-title-visibility":"","ast-main-header-display":"","ast-hfb-above-header-display":"","ast-hfb-below-header-display":"","ast-hfb-mobile-header-display":"","site-post-title":"","ast-breadcrumbs-content":"","ast-featured-img":"","footer-sml-layout":"","ast-disable-related-posts":"","theme-transparent-header-meta":"default","adv-header-id-meta":"","stick-header-meta":"default","header-above-stick-meta":"","header-main-stick-meta":"","header-below-stick-meta":"","astra-migrate-meta-layouts":"default","ast-page-background-enabled":"default","ast-page-background-meta":{"desktop":{"background-color":"","background-image":"","background-repeat":"repeat","background-position":"center center","background-size":"auto","background-attachment":"scroll","background-type":"","background-media":"","overlay-type":"","overlay-color":"","overlay-opacity":"","overlay-gradient":""},"tablet":{"background-color":"","background-image":"","background-repeat":"repeat","background-position":"center center","background-size":"auto","background-attachment":"scroll","background-type":"","background-media":"","overlay-type":"","overlay-color":"","overlay-opacity":"","overlay-gradient":""},"mobile":{"background-color":"","background-image":"","background-repeat":"repeat","background-position":"center center","background-size":"auto","background-attachment":"scroll","background-type":"","background-media":"","overlay-type":"","overlay-color":"","overlay-opacity":"","overlay-gradient":""}},"ast-content-background-meta":{"desktop":{"background-color":"var(--ast-global-color-5)","background-image":"","background-repeat":"repeat","background-position":"center center","background-size":"auto","background-attachment":"scroll","background-type":"","background-media":"","overlay-type":"","overlay-color":"","overlay-opacity":"","overlay-gradient":""},"tablet":{"background-color":"var(--ast-global-color-5)","background-image":"","background-repeat":"repeat","background-position":"center center","background-size":"auto","background-attachment":"scroll","background-type":"","background-media":"","overlay-type":"","overlay-color":"","overlay-opacity":"","overlay-gradient":""},"mobile":{"background-color":"var(--ast-global-color-5)","background-image":"","background-repeat":"repeat","background-position":"center center","background-size":"auto","background-attachment":"scroll","background-type":"","background-media":"","overlay-type":"","overlay-color":"","overlay-opacity":"","overlay-gradient":""}},"footnotes":""},"class_list":["post-1415","page","type-page","status-publish","hentry"],"yoast_head":"<!-- This site is optimized with the Yoast SEO plugin v27.1.1 - https:\/\/yoast.com\/product\/yoast-seo-wordpress\/ -->\n<title>\u00bfTenemos que imprimir el documento ESTA antes de ir a EE. UU.?<\/title>\n<meta name=\"description\" content=\"Es recomendable imprimir el formulario de viaje ESTA antes de embarcar, pero no es obligatorio. Volvemos al procedimiento.\" \/>\n<meta name=\"robots\" content=\"index, follow, max-snippet:-1, max-image-preview:large, max-video-preview:-1\" \/>\n<link rel=\"canonical\" href=\"https:\/\/123-esta.com\/es\/imprimir-formulario-esta\/\" \/>\n<meta property=\"og:locale\" content=\"es_ES\" \/>\n<meta property=\"og:type\" content=\"article\" \/>\n<meta property=\"og:title\" content=\"\u00bfTenemos que imprimir el documento ESTA antes de ir a EE. UU.?\" \/>\n<meta property=\"og:description\" content=\"Es recomendable imprimir el formulario de viaje ESTA antes de embarcar, pero no es obligatorio. Volvemos al procedimiento.\" \/>\n<meta property=\"og:url\" content=\"https:\/\/123-esta.com\/es\/imprimir-formulario-esta\/\" \/>\n<meta property=\"og:site_name\" content=\"Formulaire ESTA pour les USA\" \/>\n<meta property=\"article:modified_time\" content=\"2022-08-23T20:52:27+00:00\" \/>\n<meta name=\"twitter:card\" content=\"summary_large_image\" \/>\n<meta name=\"twitter:label1\" content=\"Tiempo de lectura\" \/>\n\t<meta name=\"twitter:data1\" content=\"3 minutos\" \/>\n<script type=\"application\/ld+json\" class=\"yoast-schema-graph\">{\"@context\":\"https:\/\/schema.org\",\"@graph\":[{\"@type\":\"WebPage\",\"@id\":\"https:\/\/123-esta.com\/es\/imprimir-formulario-esta\/\",\"url\":\"https:\/\/123-esta.com\/es\/imprimir-formulario-esta\/\",\"name\":\"\u00bfTenemos que imprimir el documento ESTA antes de ir a EE. UU.?\",\"isPartOf\":{\"@id\":\"https:\/\/123-esta.com\/es\/#website\"},\"datePublished\":\"2021-12-21T15:51:11+00:00\",\"dateModified\":\"2022-08-23T20:52:27+00:00\",\"description\":\"Es recomendable imprimir el formulario de viaje ESTA antes de embarcar, pero no es obligatorio. Volvemos al procedimiento.\",\"inLanguage\":\"es\",\"potentialAction\":[{\"@type\":\"ReadAction\",\"target\":[\"https:\/\/123-esta.com\/es\/imprimir-formulario-esta\/\"]}]},{\"@type\":\"WebSite\",\"@id\":\"https:\/\/123-esta.com\/es\/#website\",\"url\":\"https:\/\/123-esta.com\/es\/\",\"name\":\"Formulaire ESTA pour les USA\",\"description\":\"\",\"publisher\":{\"@id\":\"https:\/\/123-esta.com\/es\/#organization\"},\"potentialAction\":[{\"@type\":\"SearchAction\",\"target\":{\"@type\":\"EntryPoint\",\"urlTemplate\":\"https:\/\/123-esta.com\/es\/?s={search_term_string}\"},\"query-input\":{\"@type\":\"PropertyValueSpecification\",\"valueRequired\":true,\"valueName\":\"search_term_string\"}}],\"inLanguage\":\"es\"},{\"@type\":\"Organization\",\"@id\":\"https:\/\/123-esta.com\/es\/#organization\",\"name\":\"Formulaire ESTA pour les USA\",\"url\":\"https:\/\/123-esta.com\/es\/\",\"logo\":{\"@type\":\"ImageObject\",\"inLanguage\":\"es\",\"@id\":\"https:\/\/123-esta.com\/es\/#\/schema\/logo\/image\/\",\"url\":\"https:\/\/123-esta.com\/wp-content\/uploads\/2018\/03\/logo-123-esta.png\",\"contentUrl\":\"https:\/\/123-esta.com\/wp-content\/uploads\/2018\/03\/logo-123-esta.png\",\"width\":191,\"height\":54,\"caption\":\"Formulaire ESTA pour les USA\"},\"image\":{\"@id\":\"https:\/\/123-esta.com\/es\/#\/schema\/logo\/image\/\"}}]}<\/script>\n<!-- \/ Yoast SEO plugin. -->","yoast_head_json":{"title":"\u00bfTenemos que imprimir el documento ESTA antes de ir a EE. UU.?","description":"Es recomendable imprimir el formulario de viaje ESTA antes de embarcar, pero no es obligatorio. Volvemos al procedimiento.","robots":{"index":"index","follow":"follow","max-snippet":"max-snippet:-1","max-image-preview":"max-image-preview:large","max-video-preview":"max-video-preview:-1"},"canonical":"https:\/\/123-esta.com\/es\/imprimir-formulario-esta\/","og_locale":"es_ES","og_type":"article","og_title":"\u00bfTenemos que imprimir el documento ESTA antes de ir a EE. UU.?","og_description":"Es recomendable imprimir el formulario de viaje ESTA antes de embarcar, pero no es obligatorio. Volvemos al procedimiento.","og_url":"https:\/\/123-esta.com\/es\/imprimir-formulario-esta\/","og_site_name":"Formulaire ESTA pour les USA","article_modified_time":"2022-08-23T20:52:27+00:00","twitter_card":"summary_large_image","twitter_misc":{"Tiempo de lectura":"3 minutos"},"schema":{"@context":"https:\/\/schema.org","@graph":[{"@type":"WebPage","@id":"https:\/\/123-esta.com\/es\/imprimir-formulario-esta\/","url":"https:\/\/123-esta.com\/es\/imprimir-formulario-esta\/","name":"\u00bfTenemos que imprimir el documento ESTA antes de ir a EE. UU.?","isPartOf":{"@id":"https:\/\/123-esta.com\/es\/#website"},"datePublished":"2021-12-21T15:51:11+00:00","dateModified":"2022-08-23T20:52:27+00:00","description":"Es recomendable imprimir el formulario de viaje ESTA antes de embarcar, pero no es obligatorio. Volvemos al procedimiento.","inLanguage":"es","potentialAction":[{"@type":"ReadAction","target":["https:\/\/123-esta.com\/es\/imprimir-formulario-esta\/"]}]},{"@type":"WebSite","@id":"https:\/\/123-esta.com\/es\/#website","url":"https:\/\/123-esta.com\/es\/","name":"Formulaire ESTA pour les USA","description":"","publisher":{"@id":"https:\/\/123-esta.com\/es\/#organization"},"potentialAction":[{"@type":"SearchAction","target":{"@type":"EntryPoint","urlTemplate":"https:\/\/123-esta.com\/es\/?s={search_term_string}"},"query-input":{"@type":"PropertyValueSpecification","valueRequired":true,"valueName":"search_term_string"}}],"inLanguage":"es"},{"@type":"Organization","@id":"https:\/\/123-esta.com\/es\/#organization","name":"Formulaire ESTA pour les USA","url":"https:\/\/123-esta.com\/es\/","logo":{"@type":"ImageObject","inLanguage":"es","@id":"https:\/\/123-esta.com\/es\/#\/schema\/logo\/image\/","url":"https:\/\/123-esta.com\/wp-content\/uploads\/2018\/03\/logo-123-esta.png","contentUrl":"https:\/\/123-esta.com\/wp-content\/uploads\/2018\/03\/logo-123-esta.png","width":191,"height":54,"caption":"Formulaire ESTA pour les USA"},"image":{"@id":"https:\/\/123-esta.com\/es\/#\/schema\/logo\/image\/"}}]}},"_links":{"self":[{"href":"https:\/\/123-esta.com\/es\/wp-json\/wp\/v2\/pages\/1415","targetHints":{"allow":["GET"]}}],"collection":[{"href":"https:\/\/123-esta.com\/es\/wp-json\/wp\/v2\/pages"}],"about":[{"href":"https:\/\/123-esta.com\/es\/wp-json\/wp\/v2\/types\/page"}],"author":[{"embeddable":true,"href":"https:\/\/123-esta.com\/es\/wp-json\/wp\/v2\/users\/1"}],"replies":[{"embeddable":true,"href":"https:\/\/123-esta.com\/es\/wp-json\/wp\/v2\/comments?post=1415"}],"version-history":[{"count":0,"href":"https:\/\/123-esta.com\/es\/wp-json\/wp\/v2\/pages\/1415\/revisions"}],"wp:attachment":[{"href":"https:\/\/123-esta.com\/es\/wp-json\/wp\/v2\/media?parent=1415"}],"curies":[{"name":"wp","href":"https:\/\/api.w.org\/{rel}","templated":true}]}}