{"id":1410,"date":"2021-12-21T16:47:56","date_gmt":"2021-12-21T15:47:56","guid":{"rendered":"https:\/\/123-esta.com\/solicite-esta-antes-de-reservar-su-boleto-de-avion\/"},"modified":"2022-08-23T22:46:25","modified_gmt":"2022-08-23T20:46:25","slug":"pregunta-esta-antes-de-comprar-billetes-de-avion","status":"publish","type":"page","link":"https:\/\/123-esta.com\/es\/pregunta-esta-antes-de-comprar-billetes-de-avion\/","title":{"rendered":"Solicite ESTA antes de reservar su boleto de avi\u00f3n"},"content":{"rendered":"<p>Puede solicitar ESTA en cualquier momento <a href=\"https:\/\/123-esta.com\/es\/el-medio-de-transporte-para-visitar-estados-unidos\/\">cuando se disponga a viajar a los EE . UU.<\/a> No obstante, es recomendable hacerlo al menos 72 horas antes de embarcar.<\/p>\n<p>Por lo general, su respuesta llegar\u00e1 inmediatamente despu\u00e9s de enviar su solicitud. Sin embargo, se puede suspender y, en este caso, pueden pasar hasta 72 horas antes de que se obtenga una respuesta definitiva.<\/p>\n<p>Si la respuesta es negativa, su \u00fanica opci\u00f3n es solicitar un <a href=\"https:\/\/123-esta.com\/es\/visado-turista-estados-unidos\/\">visado de turista B2<\/a>. Aunque una respuesta negativa es muy poco com\u00fan, obtener una visa puede demorar hasta 3 semanas.<\/p>\n<p>Si su solicitud ESTA es aceptada, es v\u00e1lida por dos a\u00f1os y no tiene que especificar la fecha de salida al realizar su solicitud. El beneficiario puede viajar a EE. UU. Varias veces para estancias de hasta 90 d\u00edas durante estos dos a\u00f1os sin tener que solicitar una nueva autorizaci\u00f3n para cada viaje. La autorizaci\u00f3n finaliza cuando expira la fecha de validez. Tenga en cuenta que, l\u00f3gicamente, si su pasaporte vence antes de que finalice la validez de su autorizaci\u00f3n ESTA, es la fecha de vencimiento de su pasaporte lo que debe tenerse en cuenta.<\/p>\n<p><em>\u00daltimo consejo: se recomienda que solicite la ESTA incluso antes de obtener y comprar su <a href=\"https:\/\/123-esta.com\/es\/esta-boleto-de-vuelta-de-avion-a-los-estados-unidos\/\">boleto de avi\u00f3n a Estados Unidos<\/a> . Y tenga cuidado de tener el mismo nombre en el boleto de avi\u00f3n y en la autorizaci\u00f3n de viaje ESTA.<\/em><\/p>\n<h2>Estancias inolvidables en USA seg\u00fan un programa personalizado<\/h2>\n<p>Para muchas personas, es una experiencia que se vive al menos una vez en la vida. \u00a1Caminar y descubrir lugares que est\u00e1s acostumbrado a ver en pel\u00edculas o series es algo bastante \u00fanico!<\/p>\n<p>Varias agencias ofrecen visitas guiadas a precios aceptables para quienes cuentan con el presupuesto necesario. En caso contrario, puede configurar un presupuesto teniendo en cuenta un programa personalizado y bien definido.<\/p>\n<p>Cuando sabemos que Estados Unidos tiene m\u00e1s de 50 estados repartidos en m\u00e1s de nueve millones de kil\u00f3metros cuadrados con m\u00e1s de trescientos cincuenta millones de habitantes, es f\u00e1cil imaginar que no podremos visitar f\u00e1cilmente ning\u00fan rinc\u00f3n del pa\u00eds. Tienes que ser un m\u00ednimo selectivo.<\/p>\n<h2>Elija los sitios para visitar<\/h2>\n<p>Muchos viajeros experimentados siempre recomendar\u00e1n que prepare su plan de viaje mucho antes de su partida. Con este consejo, puede concentrarse m\u00e1s en los aspectos esenciales de su plan de turismo en lugar de perder su tiempo y energ\u00eda decidiendo el pr\u00f3ximo lugar a visitar.<\/p>\n<p>La mayor\u00eda de los visitantes de los Estados Unidos van a sitios costeros para disfrutar del frescor en lugar del sol, pero tambi\u00e9n simplemente porque muchas ciudades de inter\u00e9s se encuentran en la costa: Nueva York, Boston, Miami, Los \u00c1ngeles, etc.<\/p>\n<p>Si no desea &#8216;ce\u00f1irse a ese patr\u00f3n&#8217;, puede disfrutar de una visita a Nevada, Las Vegas, donde el p\u00f3quer y otros juegos de casino le esperan en un ambiente agradable. \u00a1Con moderaci\u00f3n, por supuesto!<\/p>\n","protected":false},"excerpt":{"rendered":"<p>Puede solicitar ESTA en cualquier momento cuando se disponga a viajar a los EE . UU. No obstante, es recomendable hacerlo al menos 72 horas antes de embarcar. Por lo general, su respuesta llegar\u00e1 inmediatamente despu\u00e9s de enviar su solicitud. Sin embargo, se puede suspender y, en este caso, pueden pasar hasta 72 horas antes [&hellip;]<\/p>\n","protected":false},"author":1,"featured_media":0,"parent":0,"menu_order":0,"comment_status":"closed","ping_status":"closed","template":"","meta":{"site-sidebar-layout":"default","site-content-layout":"default","ast-site-content-layout":"default","site-content-style":"default","site-sidebar-style":"default","ast-global-header-display":"","ast-banner-title-visibility":"","ast-main-header-display":"","ast-hfb-above-header-display":"","ast-hfb-below-header-display":"","ast-hfb-mobile-header-display":"","site-post-title":"","ast-breadcrumbs-content":"","ast-featured-img":"","footer-sml-layout":"","ast-disable-related-posts":"","theme-transparent-header-meta":"default","adv-header-id-meta":"","stick-header-meta":"default","header-above-stick-meta":"","header-main-stick-meta":"","header-below-stick-meta":"","astra-migrate-meta-layouts":"default","ast-page-background-enabled":"default","ast-page-background-meta":{"desktop":{"background-color":"","background-image":"","background-repeat":"repeat","background-position":"center center","background-size":"auto","background-attachment":"scroll","background-type":"","background-media":"","overlay-type":"","overlay-color":"","overlay-opacity":"","overlay-gradient":""},"tablet":{"background-color":"","background-image":"","background-repeat":"repeat","background-position":"center center","background-size":"auto","background-attachment":"scroll","background-type":"","background-media":"","overlay-type":"","overlay-color":"","overlay-opacity":"","overlay-gradient":""},"mobile":{"background-color":"","background-image":"","background-repeat":"repeat","background-position":"center center","background-size":"auto","background-attachment":"scroll","background-type":"","background-media":"","overlay-type":"","overlay-color":"","overlay-opacity":"","overlay-gradient":""}},"ast-content-background-meta":{"desktop":{"background-color":"var(--ast-global-color-5)","background-image":"","background-repeat":"repeat","background-position":"center center","background-size":"auto","background-attachment":"scroll","background-type":"","background-media":"","overlay-type":"","overlay-color":"","overlay-opacity":"","overlay-gradient":""},"tablet":{"background-color":"var(--ast-global-color-5)","background-image":"","background-repeat":"repeat","background-position":"center center","background-size":"auto","background-attachment":"scroll","background-type":"","background-media":"","overlay-type":"","overlay-color":"","overlay-opacity":"","overlay-gradient":""},"mobile":{"background-color":"var(--ast-global-color-5)","background-image":"","background-repeat":"repeat","background-position":"center center","background-size":"auto","background-attachment":"scroll","background-type":"","background-media":"","overlay-type":"","overlay-color":"","overlay-opacity":"","overlay-gradient":""}},"footnotes":""},"class_list":["post-1410","page","type-page","status-publish","hentry"],"yoast_head":"<!-- This site is optimized with the Yoast SEO plugin v27.1.1 - https:\/\/yoast.com\/product\/yoast-seo-wordpress\/ -->\n<title>Solicite ESTA antes de reservar su boleto de avi\u00f3n<\/title>\n<meta name=\"description\" content=\"La ESTA es v\u00e1lida por 2 a\u00f1os, por lo que no es necesario presentar una solicitud en el \u00faltimo minuto. Sobre todo porque sigue siendo posible el riesgo de rechazo.\" \/>\n<meta name=\"robots\" content=\"index, follow, max-snippet:-1, max-image-preview:large, max-video-preview:-1\" \/>\n<link rel=\"canonical\" href=\"https:\/\/123-esta.com\/es\/pregunta-esta-antes-de-comprar-billetes-de-avion\/\" \/>\n<meta property=\"og:locale\" content=\"es_ES\" \/>\n<meta property=\"og:type\" content=\"article\" \/>\n<meta property=\"og:title\" content=\"Solicite ESTA antes de reservar su boleto de avi\u00f3n\" \/>\n<meta property=\"og:description\" content=\"La ESTA es v\u00e1lida por 2 a\u00f1os, por lo que no es necesario presentar una solicitud en el \u00faltimo minuto. Sobre todo porque sigue siendo posible el riesgo de rechazo.\" \/>\n<meta property=\"og:url\" content=\"https:\/\/123-esta.com\/es\/pregunta-esta-antes-de-comprar-billetes-de-avion\/\" \/>\n<meta property=\"og:site_name\" content=\"Formulaire ESTA pour les USA\" \/>\n<meta property=\"article:modified_time\" content=\"2022-08-23T20:46:25+00:00\" \/>\n<meta name=\"twitter:card\" content=\"summary_large_image\" \/>\n<meta name=\"twitter:label1\" content=\"Tiempo de lectura\" \/>\n\t<meta name=\"twitter:data1\" content=\"3 minutos\" \/>\n<script type=\"application\/ld+json\" class=\"yoast-schema-graph\">{\"@context\":\"https:\/\/schema.org\",\"@graph\":[{\"@type\":\"WebPage\",\"@id\":\"https:\/\/123-esta.com\/es\/pregunta-esta-antes-de-comprar-billetes-de-avion\/\",\"url\":\"https:\/\/123-esta.com\/es\/pregunta-esta-antes-de-comprar-billetes-de-avion\/\",\"name\":\"Solicite ESTA antes de reservar su boleto de avi\u00f3n\",\"isPartOf\":{\"@id\":\"https:\/\/123-esta.com\/es\/#website\"},\"datePublished\":\"2021-12-21T15:47:56+00:00\",\"dateModified\":\"2022-08-23T20:46:25+00:00\",\"description\":\"La ESTA es v\u00e1lida por 2 a\u00f1os, por lo que no es necesario presentar una solicitud en el \u00faltimo minuto. Sobre todo porque sigue siendo posible el riesgo de rechazo.\",\"inLanguage\":\"es\",\"potentialAction\":[{\"@type\":\"ReadAction\",\"target\":[\"https:\/\/123-esta.com\/es\/pregunta-esta-antes-de-comprar-billetes-de-avion\/\"]}]},{\"@type\":\"WebSite\",\"@id\":\"https:\/\/123-esta.com\/es\/#website\",\"url\":\"https:\/\/123-esta.com\/es\/\",\"name\":\"Formulaire ESTA pour les USA\",\"description\":\"\",\"publisher\":{\"@id\":\"https:\/\/123-esta.com\/es\/#organization\"},\"potentialAction\":[{\"@type\":\"SearchAction\",\"target\":{\"@type\":\"EntryPoint\",\"urlTemplate\":\"https:\/\/123-esta.com\/es\/?s={search_term_string}\"},\"query-input\":{\"@type\":\"PropertyValueSpecification\",\"valueRequired\":true,\"valueName\":\"search_term_string\"}}],\"inLanguage\":\"es\"},{\"@type\":\"Organization\",\"@id\":\"https:\/\/123-esta.com\/es\/#organization\",\"name\":\"Formulaire ESTA pour les USA\",\"url\":\"https:\/\/123-esta.com\/es\/\",\"logo\":{\"@type\":\"ImageObject\",\"inLanguage\":\"es\",\"@id\":\"https:\/\/123-esta.com\/es\/#\/schema\/logo\/image\/\",\"url\":\"https:\/\/123-esta.com\/wp-content\/uploads\/2018\/03\/logo-123-esta.png\",\"contentUrl\":\"https:\/\/123-esta.com\/wp-content\/uploads\/2018\/03\/logo-123-esta.png\",\"width\":191,\"height\":54,\"caption\":\"Formulaire ESTA pour les USA\"},\"image\":{\"@id\":\"https:\/\/123-esta.com\/es\/#\/schema\/logo\/image\/\"}}]}<\/script>\n<!-- \/ Yoast SEO plugin. -->","yoast_head_json":{"title":"Solicite ESTA antes de reservar su boleto de avi\u00f3n","description":"La ESTA es v\u00e1lida por 2 a\u00f1os, por lo que no es necesario presentar una solicitud en el \u00faltimo minuto. Sobre todo porque sigue siendo posible el riesgo de rechazo.","robots":{"index":"index","follow":"follow","max-snippet":"max-snippet:-1","max-image-preview":"max-image-preview:large","max-video-preview":"max-video-preview:-1"},"canonical":"https:\/\/123-esta.com\/es\/pregunta-esta-antes-de-comprar-billetes-de-avion\/","og_locale":"es_ES","og_type":"article","og_title":"Solicite ESTA antes de reservar su boleto de avi\u00f3n","og_description":"La ESTA es v\u00e1lida por 2 a\u00f1os, por lo que no es necesario presentar una solicitud en el \u00faltimo minuto. Sobre todo porque sigue siendo posible el riesgo de rechazo.","og_url":"https:\/\/123-esta.com\/es\/pregunta-esta-antes-de-comprar-billetes-de-avion\/","og_site_name":"Formulaire ESTA pour les USA","article_modified_time":"2022-08-23T20:46:25+00:00","twitter_card":"summary_large_image","twitter_misc":{"Tiempo de lectura":"3 minutos"},"schema":{"@context":"https:\/\/schema.org","@graph":[{"@type":"WebPage","@id":"https:\/\/123-esta.com\/es\/pregunta-esta-antes-de-comprar-billetes-de-avion\/","url":"https:\/\/123-esta.com\/es\/pregunta-esta-antes-de-comprar-billetes-de-avion\/","name":"Solicite ESTA antes de reservar su boleto de avi\u00f3n","isPartOf":{"@id":"https:\/\/123-esta.com\/es\/#website"},"datePublished":"2021-12-21T15:47:56+00:00","dateModified":"2022-08-23T20:46:25+00:00","description":"La ESTA es v\u00e1lida por 2 a\u00f1os, por lo que no es necesario presentar una solicitud en el \u00faltimo minuto. Sobre todo porque sigue siendo posible el riesgo de rechazo.","inLanguage":"es","potentialAction":[{"@type":"ReadAction","target":["https:\/\/123-esta.com\/es\/pregunta-esta-antes-de-comprar-billetes-de-avion\/"]}]},{"@type":"WebSite","@id":"https:\/\/123-esta.com\/es\/#website","url":"https:\/\/123-esta.com\/es\/","name":"Formulaire ESTA pour les USA","description":"","publisher":{"@id":"https:\/\/123-esta.com\/es\/#organization"},"potentialAction":[{"@type":"SearchAction","target":{"@type":"EntryPoint","urlTemplate":"https:\/\/123-esta.com\/es\/?s={search_term_string}"},"query-input":{"@type":"PropertyValueSpecification","valueRequired":true,"valueName":"search_term_string"}}],"inLanguage":"es"},{"@type":"Organization","@id":"https:\/\/123-esta.com\/es\/#organization","name":"Formulaire ESTA pour les USA","url":"https:\/\/123-esta.com\/es\/","logo":{"@type":"ImageObject","inLanguage":"es","@id":"https:\/\/123-esta.com\/es\/#\/schema\/logo\/image\/","url":"https:\/\/123-esta.com\/wp-content\/uploads\/2018\/03\/logo-123-esta.png","contentUrl":"https:\/\/123-esta.com\/wp-content\/uploads\/2018\/03\/logo-123-esta.png","width":191,"height":54,"caption":"Formulaire ESTA pour les USA"},"image":{"@id":"https:\/\/123-esta.com\/es\/#\/schema\/logo\/image\/"}}]}},"_links":{"self":[{"href":"https:\/\/123-esta.com\/es\/wp-json\/wp\/v2\/pages\/1410","targetHints":{"allow":["GET"]}}],"collection":[{"href":"https:\/\/123-esta.com\/es\/wp-json\/wp\/v2\/pages"}],"about":[{"href":"https:\/\/123-esta.com\/es\/wp-json\/wp\/v2\/types\/page"}],"author":[{"embeddable":true,"href":"https:\/\/123-esta.com\/es\/wp-json\/wp\/v2\/users\/1"}],"replies":[{"embeddable":true,"href":"https:\/\/123-esta.com\/es\/wp-json\/wp\/v2\/comments?post=1410"}],"version-history":[{"count":0,"href":"https:\/\/123-esta.com\/es\/wp-json\/wp\/v2\/pages\/1410\/revisions"}],"wp:attachment":[{"href":"https:\/\/123-esta.com\/es\/wp-json\/wp\/v2\/media?parent=1410"}],"curies":[{"name":"wp","href":"https:\/\/api.w.org\/{rel}","templated":true}]}}