{"id":1406,"date":"2021-12-21T16:45:37","date_gmt":"2021-12-21T15:45:37","guid":{"rendered":"https:\/\/123-esta.com\/como-solicitar-una-visa-de-ee-uu\/"},"modified":"2022-09-15T09:44:16","modified_gmt":"2022-09-15T07:44:16","slug":"solicitud-visa-eeuu","status":"publish","type":"page","link":"https:\/\/123-esta.com\/es\/solicitud-visa-eeuu\/","title":{"rendered":"C\u00f3mo solicitar una visa de EE. UU."},"content":{"rendered":"\n<p>\u00bfSue\u00f1as con la expatriaci\u00f3n y el sue\u00f1o americano? \u00bfQuieres vivir en los Estados Unidos o simplemente ir all\u00ed para un simple viaje tur\u00edstico? Antes de poder pisar suelo estadounidense, debe solicitar un <a href=\"https:\/\/123-esta.com\/es\/visado-turista-estados-unidos\/\">visado de turista para Estados Unidos<\/a>.<\/p>\n\n<p>Hay casi tantos visados como situaciones (para hacer unas pr\u00e1cticas, para estudiar en una universidad americana, para hacer una estancia ling\u00fc\u00edstica&#8230;) pero volveremos en este art\u00edculo al procedimiento de solicitud de <a href=\"https:\/\/123-esta.com\/es\/necesita-un-visado-para-eeuu\/\">visado para EEUU<\/a> en el marco de una estancia temporal.<\/p>\n\n<h2 class=\"wp-block-heading\">\u00bfQui\u00e9n debe solicitar una visa de EE. UU.?<\/h2>\n\n<p>El gobierno de Estados Unidos es muy estricto con la inmigraci\u00f3n, incluso temporal. Quien quiera trabajar en Estados Unidos o simplemente hacer turismo por las calles de Miami debe cumplir una serie de requisitos. Los criterios de elegibilidad se comprueban durante el proceso de solicitud del <a href=\"https:\/\/usa-esta.net\/es\/visa-ee-uu\/\">visado estadounidense<\/a>.<\/p>\n\n<p>Hay 3 tipos de solicitud de visa de EE. UU.: Autorizaci\u00f3n de viaje seg\u00fan el Programa de exenci\u00f3n de visa de EE. UU. (VWP), visa de estad\u00eda temporal y visa de inmigraci\u00f3n para residente permanente.<\/p>\n\n<p>Los <a href=\"https:\/\/123-esta.com\/es\/cual-es-el-precio-de-un-visado-para-los-estados-unidos\/\">procedimientos y el precio de la visa de EE. UU.<\/a> Var\u00edan seg\u00fan la categor\u00eda de documento deseado, pero cualquier persona que planee viajar al pa\u00eds del T\u00edo Sam debe tener una autorizaci\u00f3n de viaje o una visa de los Estados Unidos.<\/p>\n\n<p>La m\u00e1s solicitada es la de turismo, negocios, estudios, programa de intercambio y empleo temporal.<\/p>\n\n<h2 class=\"wp-block-heading\">\u00bfCu\u00e1ndo solicitar una visa para los Estados Unidos?<\/h2>\n\n<p>Para evitar decepciones, la respuesta es inequ\u00edvoca: \u00a1lo antes posible! El tiempo de procesamiento depende del tipo de solicitud, pero tambi\u00e9n del consulado donde solicita una visa de EE. UU. Adem\u00e1s, el proceso a veces puede ser m\u00e1s largo que los plazos anunciados si las autoridades estadounidenses consideran que son necesarias investigaciones adicionales.<br\/>Por lo tanto, se recomienda esperar para tener su visa de EE. UU. En el bolsillo antes de reservar sus boletos de avi\u00f3n y hotel para los Estados Unidos, porque sin una visa, puede despedirse de su viaje a Florida.<\/p>\n\n<p>De manera m\u00e1s general, y esta informaci\u00f3n est\u00e1 destinada especialmente a los trotamundos, aseg\u00farese de tener un pasaporte electr\u00f3nico o biom\u00e9trico v\u00e1lido antes de solicitar una visa y verifique la fecha de vencimiento. Asimismo, si es un viajero frecuente, espere hasta estar en su pa\u00eds de residencia antes de solicitar una visa de EE. UU. Porque debe pasar una entrevista f\u00edsica.<\/p>\n\n<h2 class=\"wp-block-heading\">\u00bfC\u00f3mo solicitar un visado para Estados Unidos?<\/h2>\n\n<p>Entonces <a href=\"https:\/\/123-esta.com\/es\/obtener-una-visa-para-los-estados-unidos\/\">, \u00bfc\u00f3mo se obtiene una visa para los Estados Unidos<\/a> ? La solicitud de visa de EE. UU. Se realiza directamente en la embajada de EE. UU. O en el consulado de EE. UU. M\u00e1s cercano.<\/p>\n\n<p>En concreto, para obtener un visado para los Estados Unidos, primero hay que ir a la p\u00e1gina web oficial del gobierno, es decir, la p\u00e1gina web de la embajada y los consulados de los Estados Unidos de Am\u00e9rica, para rellenar un formulario en l\u00ednea. Tenga en cuenta que si tiene alguna pregunta sobre el proceso de solicitud de un visado para EE.UU. en su pa\u00eds de origen, puede encontrar los datos de contacto de la embajada (n\u00famero de tel\u00e9fono y direcci\u00f3n de correo electr\u00f3nico) directamente en el sitio web.<\/p>\n\n<p>Cuando haya completado su solicitud en l\u00ednea, cargue su foto, pague la tarifa de solicitud de visa y re\u00fana los documentos necesarios, recibir\u00e1 una notificaci\u00f3n que le informar\u00e1 qu\u00e9 documentos debe recopilar y presentar durante su entrevista en la Embajada de los Estados Unidos. United (o en el consulado ) con un representante de la administraci\u00f3n estadounidense. Durante esta reuni\u00f3n, se le invitar\u00e1 a presentarse y presentar su proyecto personal o profesional en los Estados Unidos. Sin atarse a los m\u00e1s m\u00ednimos detalles, debe definirse a grandes rasgos, en particular en lo que respecta a sus motivaciones y la duraci\u00f3n estimada de su estancia.<\/p>\n\n<p>Una vez superada esta entrevista, el plazo para recibir el visado estadounidense es bastante r\u00e1pido (entre 3 y 5 d\u00edas), pero sigue estando sujeto a los caprichos del servicio postal y al tiempo que tarde en tramitarse el expediente, en funci\u00f3n del n\u00famero de solicitudes de visado de su pa\u00eds.<\/p>\n","protected":false},"excerpt":{"rendered":"<p>\u00bfSue\u00f1as con la expatriaci\u00f3n y el sue\u00f1o americano? \u00bfQuieres vivir en los Estados Unidos o simplemente ir all\u00ed para un simple viaje tur\u00edstico? Antes de poder pisar suelo estadounidense, debe solicitar un visado de turista para Estados Unidos. Hay casi tantos visados como situaciones (para hacer unas pr\u00e1cticas, para estudiar en una universidad americana, para [&hellip;]<\/p>\n","protected":false},"author":1,"featured_media":0,"parent":0,"menu_order":0,"comment_status":"closed","ping_status":"closed","template":"","meta":{"site-sidebar-layout":"default","site-content-layout":"default","ast-site-content-layout":"default","site-content-style":"default","site-sidebar-style":"default","ast-global-header-display":"","ast-banner-title-visibility":"","ast-main-header-display":"","ast-hfb-above-header-display":"","ast-hfb-below-header-display":"","ast-hfb-mobile-header-display":"","site-post-title":"","ast-breadcrumbs-content":"","ast-featured-img":"","footer-sml-layout":"","ast-disable-related-posts":"","theme-transparent-header-meta":"default","adv-header-id-meta":"","stick-header-meta":"default","header-above-stick-meta":"","header-main-stick-meta":"","header-below-stick-meta":"","astra-migrate-meta-layouts":"default","ast-page-background-enabled":"default","ast-page-background-meta":{"desktop":{"background-color":"","background-image":"","background-repeat":"repeat","background-position":"center center","background-size":"auto","background-attachment":"scroll","background-type":"","background-media":"","overlay-type":"","overlay-color":"","overlay-opacity":"","overlay-gradient":""},"tablet":{"background-color":"","background-image":"","background-repeat":"repeat","background-position":"center center","background-size":"auto","background-attachment":"scroll","background-type":"","background-media":"","overlay-type":"","overlay-color":"","overlay-opacity":"","overlay-gradient":""},"mobile":{"background-color":"","background-image":"","background-repeat":"repeat","background-position":"center center","background-size":"auto","background-attachment":"scroll","background-type":"","background-media":"","overlay-type":"","overlay-color":"","overlay-opacity":"","overlay-gradient":""}},"ast-content-background-meta":{"desktop":{"background-color":"var(--ast-global-color-5)","background-image":"","background-repeat":"repeat","background-position":"center center","background-size":"auto","background-attachment":"scroll","background-type":"","background-media":"","overlay-type":"","overlay-color":"","overlay-opacity":"","overlay-gradient":""},"tablet":{"background-color":"var(--ast-global-color-5)","background-image":"","background-repeat":"repeat","background-position":"center center","background-size":"auto","background-attachment":"scroll","background-type":"","background-media":"","overlay-type":"","overlay-color":"","overlay-opacity":"","overlay-gradient":""},"mobile":{"background-color":"var(--ast-global-color-5)","background-image":"","background-repeat":"repeat","background-position":"center center","background-size":"auto","background-attachment":"scroll","background-type":"","background-media":"","overlay-type":"","overlay-color":"","overlay-opacity":"","overlay-gradient":""}},"footnotes":""},"class_list":["post-1406","page","type-page","status-publish","hentry"],"yoast_head":"<!-- This site is optimized with the Yoast SEO plugin v27.1.1 - https:\/\/yoast.com\/product\/yoast-seo-wordpress\/ -->\n<title>C\u00f3mo solicitar una visa de EE. UU.<\/title>\n<meta name=\"description\" content=\"Toda la informaci\u00f3n que necesita para solicitar una visa en la Embajada de los Estados Unidos se puede encontrar aqu\u00ed.\" \/>\n<meta name=\"robots\" content=\"index, follow, max-snippet:-1, max-image-preview:large, max-video-preview:-1\" \/>\n<link rel=\"canonical\" href=\"https:\/\/123-esta.com\/es\/solicitud-visa-eeuu\/\" \/>\n<meta property=\"og:locale\" content=\"es_ES\" \/>\n<meta property=\"og:type\" content=\"article\" \/>\n<meta property=\"og:title\" content=\"C\u00f3mo solicitar una visa de EE. UU.\" \/>\n<meta property=\"og:description\" content=\"Toda la informaci\u00f3n que necesita para solicitar una visa en la Embajada de los Estados Unidos se puede encontrar aqu\u00ed.\" \/>\n<meta property=\"og:url\" content=\"https:\/\/123-esta.com\/es\/solicitud-visa-eeuu\/\" \/>\n<meta property=\"og:site_name\" content=\"Formulaire ESTA pour les USA\" \/>\n<meta property=\"article:modified_time\" content=\"2022-09-15T07:44:16+00:00\" \/>\n<meta name=\"twitter:card\" content=\"summary_large_image\" \/>\n<meta name=\"twitter:label1\" content=\"Tiempo de lectura\" \/>\n\t<meta name=\"twitter:data1\" content=\"4 minutos\" \/>\n<script type=\"application\/ld+json\" class=\"yoast-schema-graph\">{\"@context\":\"https:\/\/schema.org\",\"@graph\":[{\"@type\":\"WebPage\",\"@id\":\"https:\/\/123-esta.com\/es\/solicitud-visa-eeuu\/\",\"url\":\"https:\/\/123-esta.com\/es\/solicitud-visa-eeuu\/\",\"name\":\"C\u00f3mo solicitar una visa de EE. UU.\",\"isPartOf\":{\"@id\":\"https:\/\/123-esta.com\/es\/#website\"},\"datePublished\":\"2021-12-21T15:45:37+00:00\",\"dateModified\":\"2022-09-15T07:44:16+00:00\",\"description\":\"Toda la informaci\u00f3n que necesita para solicitar una visa en la Embajada de los Estados Unidos se puede encontrar aqu\u00ed.\",\"inLanguage\":\"es\",\"potentialAction\":[{\"@type\":\"ReadAction\",\"target\":[\"https:\/\/123-esta.com\/es\/solicitud-visa-eeuu\/\"]}]},{\"@type\":\"WebSite\",\"@id\":\"https:\/\/123-esta.com\/es\/#website\",\"url\":\"https:\/\/123-esta.com\/es\/\",\"name\":\"Formulaire ESTA pour les USA\",\"description\":\"\",\"publisher\":{\"@id\":\"https:\/\/123-esta.com\/es\/#organization\"},\"potentialAction\":[{\"@type\":\"SearchAction\",\"target\":{\"@type\":\"EntryPoint\",\"urlTemplate\":\"https:\/\/123-esta.com\/es\/?s={search_term_string}\"},\"query-input\":{\"@type\":\"PropertyValueSpecification\",\"valueRequired\":true,\"valueName\":\"search_term_string\"}}],\"inLanguage\":\"es\"},{\"@type\":\"Organization\",\"@id\":\"https:\/\/123-esta.com\/es\/#organization\",\"name\":\"Formulaire ESTA pour les USA\",\"url\":\"https:\/\/123-esta.com\/es\/\",\"logo\":{\"@type\":\"ImageObject\",\"inLanguage\":\"es\",\"@id\":\"https:\/\/123-esta.com\/es\/#\/schema\/logo\/image\/\",\"url\":\"https:\/\/123-esta.com\/wp-content\/uploads\/2018\/03\/logo-123-esta.png\",\"contentUrl\":\"https:\/\/123-esta.com\/wp-content\/uploads\/2018\/03\/logo-123-esta.png\",\"width\":191,\"height\":54,\"caption\":\"Formulaire ESTA pour les USA\"},\"image\":{\"@id\":\"https:\/\/123-esta.com\/es\/#\/schema\/logo\/image\/\"}}]}<\/script>\n<!-- \/ Yoast SEO plugin. -->","yoast_head_json":{"title":"C\u00f3mo solicitar una visa de EE. UU.","description":"Toda la informaci\u00f3n que necesita para solicitar una visa en la Embajada de los Estados Unidos se puede encontrar aqu\u00ed.","robots":{"index":"index","follow":"follow","max-snippet":"max-snippet:-1","max-image-preview":"max-image-preview:large","max-video-preview":"max-video-preview:-1"},"canonical":"https:\/\/123-esta.com\/es\/solicitud-visa-eeuu\/","og_locale":"es_ES","og_type":"article","og_title":"C\u00f3mo solicitar una visa de EE. UU.","og_description":"Toda la informaci\u00f3n que necesita para solicitar una visa en la Embajada de los Estados Unidos se puede encontrar aqu\u00ed.","og_url":"https:\/\/123-esta.com\/es\/solicitud-visa-eeuu\/","og_site_name":"Formulaire ESTA pour les USA","article_modified_time":"2022-09-15T07:44:16+00:00","twitter_card":"summary_large_image","twitter_misc":{"Tiempo de lectura":"4 minutos"},"schema":{"@context":"https:\/\/schema.org","@graph":[{"@type":"WebPage","@id":"https:\/\/123-esta.com\/es\/solicitud-visa-eeuu\/","url":"https:\/\/123-esta.com\/es\/solicitud-visa-eeuu\/","name":"C\u00f3mo solicitar una visa de EE. UU.","isPartOf":{"@id":"https:\/\/123-esta.com\/es\/#website"},"datePublished":"2021-12-21T15:45:37+00:00","dateModified":"2022-09-15T07:44:16+00:00","description":"Toda la informaci\u00f3n que necesita para solicitar una visa en la Embajada de los Estados Unidos se puede encontrar aqu\u00ed.","inLanguage":"es","potentialAction":[{"@type":"ReadAction","target":["https:\/\/123-esta.com\/es\/solicitud-visa-eeuu\/"]}]},{"@type":"WebSite","@id":"https:\/\/123-esta.com\/es\/#website","url":"https:\/\/123-esta.com\/es\/","name":"Formulaire ESTA pour les USA","description":"","publisher":{"@id":"https:\/\/123-esta.com\/es\/#organization"},"potentialAction":[{"@type":"SearchAction","target":{"@type":"EntryPoint","urlTemplate":"https:\/\/123-esta.com\/es\/?s={search_term_string}"},"query-input":{"@type":"PropertyValueSpecification","valueRequired":true,"valueName":"search_term_string"}}],"inLanguage":"es"},{"@type":"Organization","@id":"https:\/\/123-esta.com\/es\/#organization","name":"Formulaire ESTA pour les USA","url":"https:\/\/123-esta.com\/es\/","logo":{"@type":"ImageObject","inLanguage":"es","@id":"https:\/\/123-esta.com\/es\/#\/schema\/logo\/image\/","url":"https:\/\/123-esta.com\/wp-content\/uploads\/2018\/03\/logo-123-esta.png","contentUrl":"https:\/\/123-esta.com\/wp-content\/uploads\/2018\/03\/logo-123-esta.png","width":191,"height":54,"caption":"Formulaire ESTA pour les USA"},"image":{"@id":"https:\/\/123-esta.com\/es\/#\/schema\/logo\/image\/"}}]}},"_links":{"self":[{"href":"https:\/\/123-esta.com\/es\/wp-json\/wp\/v2\/pages\/1406","targetHints":{"allow":["GET"]}}],"collection":[{"href":"https:\/\/123-esta.com\/es\/wp-json\/wp\/v2\/pages"}],"about":[{"href":"https:\/\/123-esta.com\/es\/wp-json\/wp\/v2\/types\/page"}],"author":[{"embeddable":true,"href":"https:\/\/123-esta.com\/es\/wp-json\/wp\/v2\/users\/1"}],"replies":[{"embeddable":true,"href":"https:\/\/123-esta.com\/es\/wp-json\/wp\/v2\/comments?post=1406"}],"version-history":[{"count":0,"href":"https:\/\/123-esta.com\/es\/wp-json\/wp\/v2\/pages\/1406\/revisions"}],"wp:attachment":[{"href":"https:\/\/123-esta.com\/es\/wp-json\/wp\/v2\/media?parent=1406"}],"curies":[{"name":"wp","href":"https:\/\/api.w.org\/{rel}","templated":true}]}}