{"id":1386,"date":"2021-12-21T14:12:16","date_gmt":"2021-12-21T13:12:16","guid":{"rendered":"https:\/\/123-esta.com\/cual-es-el-precio-de-una-visa-para-viajar-a-ee-uu\/"},"modified":"2022-09-13T21:18:32","modified_gmt":"2022-09-13T19:18:32","slug":"cual-es-el-precio-de-un-visado-para-los-estados-unidos","status":"publish","type":"page","link":"https:\/\/123-esta.com\/es\/cual-es-el-precio-de-un-visado-para-los-estados-unidos\/","title":{"rendered":"\u00bfCu\u00e1l es el precio de una visa para viajar a EE. UU.?"},"content":{"rendered":"\n<p>Cualquiera que planee ir a los Estados Unidos debe asegurarse de tener una <a href=\"https:\/\/123-esta.com\/es\/necesita-un-visado-para-eeuu\/\">visa estadounidense<\/a> .<\/p>\n\n<p>Adem\u00e1s de la compra de boletos de avi\u00f3n y la reserva de alojamiento, existen costos adicionales asociados con la visa de Estados Unidos. Para optimizar su presupuesto y evitar sorpresas desagradables a la hora de solicitar un visado, en este art\u00edculo repasaremos el precio del visado para Estados Unidos.<\/p>\n\n<h2 class=\"wp-block-heading\">Visa USA: \u00bfun precio fijo?<\/h2>\n\n<p> <a href=\"https:\/\/123-esta.com\/es\/solicitud-visa-eeuu\/\">Solicitar un visado para EE.UU.<\/a> es un paso obligatorio antes de poder viajar a Estados Unidos, ya sea un <a href=\"https:\/\/123-esta.com\/es\/visado-turista-estados-unidos\/\">visado de turista<\/a> para unas semanas, unas pr\u00e1cticas, unos estudios o un empleo.<br\/>El precio de la visa de los Estados Unidos var\u00eda seg\u00fan el prop\u00f3sito de su estad\u00eda. Adem\u00e1s, los solicitantes deben asegurarse de cumplir con todos los criterios requeridos para ser elegibles para la categor\u00eda de visa deseada.<br\/>Por ejemplo, las personas que deseen ir a Estados Unidos por motivos tur\u00edsticos, para visitar a familiares o amigos, o incluso para recibir atenci\u00f3n m\u00e9dica, deber\u00e1n solicitar la visa B que cuesta 160 d\u00f3lares. La visa H para trabajadores temporales o pasantes cuesta $ 190. Las personas que viajen a Estados Unidos para casarse con su prometido (a) o c\u00f3nyuge de nacionalidad estadounidense tendr\u00e1n que pagar la ordenada suma de 265 d\u00f3lares.<\/p>\n\n<p>Cabe se\u00f1alar que al costo de la visa de EE. UU., Se pueden agregar costos adicionales:<\/p>\n\n<ul class=\"wp-block-list\"><li>Tarifas SEVIS: para visas de estudiante H o F;<\/li><li>tasa de reciprocidad: dependiendo de la ciudadan\u00eda del solicitante y el tipo de visa.<\/li><\/ul>\n\n<p>Nota: Si es elegible para el Programa de exenci\u00f3n de visa, el costo de este permiso de residencia es mucho menor que el de una visa.<\/p>\n\n<h2 class=\"wp-block-heading\">\u00bfC\u00f3mo pagar la visa de EE. UU.?<\/h2>\n\n<p>El pago se realiza en el momento de solicitar el visado de EE.UU., a trav\u00e9s de la p\u00e1gina web de la embajada y los consulados de EE.UU.<\/p>\n\n<p>Primero debe crear una cuenta en l\u00ednea y completar el formulario DS-160 antes de poder pagar las tarifas de su solicitud de visa de EE. UU.<\/p>\n\n<ul class=\"wp-block-list\"><li>Con tarjeta: pago en l\u00ednea o telef\u00f3nico, en ambos casos se debe tener tarjeta bancaria para pagar el monto del precio de la visa de Estados Unidos;<\/li><li>Por transferencia bancaria electr\u00f3nica: espere 3 d\u00edas h\u00e1biles para que su pago se tenga en cuenta y aparezca en el sistema.<\/li><\/ul>\n\n<h2 class=\"wp-block-heading\">Visa pagada, visa asegurada?<\/h2>\n\n<p>El pago de las tarifas asociadas con su solicitud no garantiza que obtendr\u00e1 su visa de los Estados Unidos. Al final de la validaci\u00f3n de su solicitud, recibir\u00e1 un correo electr\u00f3nico con m\u00e1s detalles. <a href=\"https:\/\/123-esta.com\/es\/obtener-una-visa-para-los-estados-unidos\/\">c\u00f3mo obtener un visado para Estados Unidos<\/a>  Es decir, los documentos que debe reunir para completar su expediente (su pasaporte electr\u00f3nico o biom\u00e9trico, en particular) antes de su cita en la embajada o el consulado con un funcionario del gobierno estadounidense.<\/p>\n\n<p>Ya sea que su solicitud haya sido aceptada o denegada, la tarifa para una solicitud de visa de EE. UU. No es reembolsable. Como tal, si su primera solicitud es rechazada, puede renovarla, pero tendr\u00e1 que proceder nuevamente al pago correspondiente al precio de la visa estadounidense.<\/p>\n","protected":false},"excerpt":{"rendered":"<p>Cualquiera que planee ir a los Estados Unidos debe asegurarse de tener una visa estadounidense . Adem\u00e1s de la compra de boletos de avi\u00f3n y la reserva de alojamiento, existen costos adicionales asociados con la visa de Estados Unidos. Para optimizar su presupuesto y evitar sorpresas desagradables a la hora de solicitar un visado, en [&hellip;]<\/p>\n","protected":false},"author":1,"featured_media":0,"parent":0,"menu_order":0,"comment_status":"closed","ping_status":"closed","template":"","meta":{"site-sidebar-layout":"default","site-content-layout":"default","ast-site-content-layout":"default","site-content-style":"default","site-sidebar-style":"default","ast-global-header-display":"","ast-banner-title-visibility":"","ast-main-header-display":"","ast-hfb-above-header-display":"","ast-hfb-below-header-display":"","ast-hfb-mobile-header-display":"","site-post-title":"","ast-breadcrumbs-content":"","ast-featured-img":"","footer-sml-layout":"","ast-disable-related-posts":"","theme-transparent-header-meta":"default","adv-header-id-meta":"","stick-header-meta":"default","header-above-stick-meta":"","header-main-stick-meta":"","header-below-stick-meta":"","astra-migrate-meta-layouts":"default","ast-page-background-enabled":"default","ast-page-background-meta":{"desktop":{"background-color":"","background-image":"","background-repeat":"repeat","background-position":"center center","background-size":"auto","background-attachment":"scroll","background-type":"","background-media":"","overlay-type":"","overlay-color":"","overlay-opacity":"","overlay-gradient":""},"tablet":{"background-color":"","background-image":"","background-repeat":"repeat","background-position":"center center","background-size":"auto","background-attachment":"scroll","background-type":"","background-media":"","overlay-type":"","overlay-color":"","overlay-opacity":"","overlay-gradient":""},"mobile":{"background-color":"","background-image":"","background-repeat":"repeat","background-position":"center center","background-size":"auto","background-attachment":"scroll","background-type":"","background-media":"","overlay-type":"","overlay-color":"","overlay-opacity":"","overlay-gradient":""}},"ast-content-background-meta":{"desktop":{"background-color":"var(--ast-global-color-5)","background-image":"","background-repeat":"repeat","background-position":"center center","background-size":"auto","background-attachment":"scroll","background-type":"","background-media":"","overlay-type":"","overlay-color":"","overlay-opacity":"","overlay-gradient":""},"tablet":{"background-color":"var(--ast-global-color-5)","background-image":"","background-repeat":"repeat","background-position":"center center","background-size":"auto","background-attachment":"scroll","background-type":"","background-media":"","overlay-type":"","overlay-color":"","overlay-opacity":"","overlay-gradient":""},"mobile":{"background-color":"var(--ast-global-color-5)","background-image":"","background-repeat":"repeat","background-position":"center center","background-size":"auto","background-attachment":"scroll","background-type":"","background-media":"","overlay-type":"","overlay-color":"","overlay-opacity":"","overlay-gradient":""}},"footnotes":""},"class_list":["post-1386","page","type-page","status-publish","hentry"],"yoast_head":"<!-- This site is optimized with the Yoast SEO plugin v27.1.1 - https:\/\/yoast.com\/product\/yoast-seo-wordpress\/ -->\n<title>\u00bfCu\u00e1l es el precio de una visa para viajar a EE. UU.?<\/title>\n<meta name=\"description\" content=\"Obtener una ESTA es una operaci\u00f3n sencilla que solo requiere unos pocos euros. \u00bfQu\u00e9 pasa con la solicitud de visa? \u00bfLa visa de EE. UU. Es gratuita?\" \/>\n<meta name=\"robots\" content=\"index, follow, max-snippet:-1, max-image-preview:large, max-video-preview:-1\" \/>\n<link rel=\"canonical\" href=\"https:\/\/123-esta.com\/es\/cual-es-el-precio-de-un-visado-para-los-estados-unidos\/\" \/>\n<meta property=\"og:locale\" content=\"es_ES\" \/>\n<meta property=\"og:type\" content=\"article\" \/>\n<meta property=\"og:title\" content=\"\u00bfCu\u00e1l es el precio de una visa para viajar a EE. UU.?\" \/>\n<meta property=\"og:description\" content=\"Obtener una ESTA es una operaci\u00f3n sencilla que solo requiere unos pocos euros. \u00bfQu\u00e9 pasa con la solicitud de visa? \u00bfLa visa de EE. UU. Es gratuita?\" \/>\n<meta property=\"og:url\" content=\"https:\/\/123-esta.com\/es\/cual-es-el-precio-de-un-visado-para-los-estados-unidos\/\" \/>\n<meta property=\"og:site_name\" content=\"Formulaire ESTA pour les USA\" \/>\n<meta property=\"article:modified_time\" content=\"2022-09-13T19:18:32+00:00\" \/>\n<meta name=\"twitter:card\" content=\"summary_large_image\" \/>\n<meta name=\"twitter:label1\" content=\"Tiempo de lectura\" \/>\n\t<meta name=\"twitter:data1\" content=\"3 minutos\" \/>\n<script type=\"application\/ld+json\" class=\"yoast-schema-graph\">{\"@context\":\"https:\/\/schema.org\",\"@graph\":[{\"@type\":\"WebPage\",\"@id\":\"https:\/\/123-esta.com\/es\/cual-es-el-precio-de-un-visado-para-los-estados-unidos\/\",\"url\":\"https:\/\/123-esta.com\/es\/cual-es-el-precio-de-un-visado-para-los-estados-unidos\/\",\"name\":\"\u00bfCu\u00e1l es el precio de una visa para viajar a EE. UU.?\",\"isPartOf\":{\"@id\":\"https:\/\/123-esta.com\/es\/#website\"},\"datePublished\":\"2021-12-21T13:12:16+00:00\",\"dateModified\":\"2022-09-13T19:18:32+00:00\",\"description\":\"Obtener una ESTA es una operaci\u00f3n sencilla que solo requiere unos pocos euros. \u00bfQu\u00e9 pasa con la solicitud de visa? \u00bfLa visa de EE. UU. Es gratuita?\",\"inLanguage\":\"es\",\"potentialAction\":[{\"@type\":\"ReadAction\",\"target\":[\"https:\/\/123-esta.com\/es\/cual-es-el-precio-de-un-visado-para-los-estados-unidos\/\"]}]},{\"@type\":\"WebSite\",\"@id\":\"https:\/\/123-esta.com\/es\/#website\",\"url\":\"https:\/\/123-esta.com\/es\/\",\"name\":\"Formulaire ESTA pour les USA\",\"description\":\"\",\"publisher\":{\"@id\":\"https:\/\/123-esta.com\/es\/#organization\"},\"potentialAction\":[{\"@type\":\"SearchAction\",\"target\":{\"@type\":\"EntryPoint\",\"urlTemplate\":\"https:\/\/123-esta.com\/es\/?s={search_term_string}\"},\"query-input\":{\"@type\":\"PropertyValueSpecification\",\"valueRequired\":true,\"valueName\":\"search_term_string\"}}],\"inLanguage\":\"es\"},{\"@type\":\"Organization\",\"@id\":\"https:\/\/123-esta.com\/es\/#organization\",\"name\":\"Formulaire ESTA pour les USA\",\"url\":\"https:\/\/123-esta.com\/es\/\",\"logo\":{\"@type\":\"ImageObject\",\"inLanguage\":\"es\",\"@id\":\"https:\/\/123-esta.com\/es\/#\/schema\/logo\/image\/\",\"url\":\"https:\/\/123-esta.com\/wp-content\/uploads\/2018\/03\/logo-123-esta.png\",\"contentUrl\":\"https:\/\/123-esta.com\/wp-content\/uploads\/2018\/03\/logo-123-esta.png\",\"width\":191,\"height\":54,\"caption\":\"Formulaire ESTA pour les USA\"},\"image\":{\"@id\":\"https:\/\/123-esta.com\/es\/#\/schema\/logo\/image\/\"}}]}<\/script>\n<!-- \/ Yoast SEO plugin. -->","yoast_head_json":{"title":"\u00bfCu\u00e1l es el precio de una visa para viajar a EE. UU.?","description":"Obtener una ESTA es una operaci\u00f3n sencilla que solo requiere unos pocos euros. \u00bfQu\u00e9 pasa con la solicitud de visa? \u00bfLa visa de EE. UU. Es gratuita?","robots":{"index":"index","follow":"follow","max-snippet":"max-snippet:-1","max-image-preview":"max-image-preview:large","max-video-preview":"max-video-preview:-1"},"canonical":"https:\/\/123-esta.com\/es\/cual-es-el-precio-de-un-visado-para-los-estados-unidos\/","og_locale":"es_ES","og_type":"article","og_title":"\u00bfCu\u00e1l es el precio de una visa para viajar a EE. UU.?","og_description":"Obtener una ESTA es una operaci\u00f3n sencilla que solo requiere unos pocos euros. \u00bfQu\u00e9 pasa con la solicitud de visa? \u00bfLa visa de EE. UU. Es gratuita?","og_url":"https:\/\/123-esta.com\/es\/cual-es-el-precio-de-un-visado-para-los-estados-unidos\/","og_site_name":"Formulaire ESTA pour les USA","article_modified_time":"2022-09-13T19:18:32+00:00","twitter_card":"summary_large_image","twitter_misc":{"Tiempo de lectura":"3 minutos"},"schema":{"@context":"https:\/\/schema.org","@graph":[{"@type":"WebPage","@id":"https:\/\/123-esta.com\/es\/cual-es-el-precio-de-un-visado-para-los-estados-unidos\/","url":"https:\/\/123-esta.com\/es\/cual-es-el-precio-de-un-visado-para-los-estados-unidos\/","name":"\u00bfCu\u00e1l es el precio de una visa para viajar a EE. UU.?","isPartOf":{"@id":"https:\/\/123-esta.com\/es\/#website"},"datePublished":"2021-12-21T13:12:16+00:00","dateModified":"2022-09-13T19:18:32+00:00","description":"Obtener una ESTA es una operaci\u00f3n sencilla que solo requiere unos pocos euros. \u00bfQu\u00e9 pasa con la solicitud de visa? \u00bfLa visa de EE. UU. Es gratuita?","inLanguage":"es","potentialAction":[{"@type":"ReadAction","target":["https:\/\/123-esta.com\/es\/cual-es-el-precio-de-un-visado-para-los-estados-unidos\/"]}]},{"@type":"WebSite","@id":"https:\/\/123-esta.com\/es\/#website","url":"https:\/\/123-esta.com\/es\/","name":"Formulaire ESTA pour les USA","description":"","publisher":{"@id":"https:\/\/123-esta.com\/es\/#organization"},"potentialAction":[{"@type":"SearchAction","target":{"@type":"EntryPoint","urlTemplate":"https:\/\/123-esta.com\/es\/?s={search_term_string}"},"query-input":{"@type":"PropertyValueSpecification","valueRequired":true,"valueName":"search_term_string"}}],"inLanguage":"es"},{"@type":"Organization","@id":"https:\/\/123-esta.com\/es\/#organization","name":"Formulaire ESTA pour les USA","url":"https:\/\/123-esta.com\/es\/","logo":{"@type":"ImageObject","inLanguage":"es","@id":"https:\/\/123-esta.com\/es\/#\/schema\/logo\/image\/","url":"https:\/\/123-esta.com\/wp-content\/uploads\/2018\/03\/logo-123-esta.png","contentUrl":"https:\/\/123-esta.com\/wp-content\/uploads\/2018\/03\/logo-123-esta.png","width":191,"height":54,"caption":"Formulaire ESTA pour les USA"},"image":{"@id":"https:\/\/123-esta.com\/es\/#\/schema\/logo\/image\/"}}]}},"_links":{"self":[{"href":"https:\/\/123-esta.com\/es\/wp-json\/wp\/v2\/pages\/1386","targetHints":{"allow":["GET"]}}],"collection":[{"href":"https:\/\/123-esta.com\/es\/wp-json\/wp\/v2\/pages"}],"about":[{"href":"https:\/\/123-esta.com\/es\/wp-json\/wp\/v2\/types\/page"}],"author":[{"embeddable":true,"href":"https:\/\/123-esta.com\/es\/wp-json\/wp\/v2\/users\/1"}],"replies":[{"embeddable":true,"href":"https:\/\/123-esta.com\/es\/wp-json\/wp\/v2\/comments?post=1386"}],"version-history":[{"count":0,"href":"https:\/\/123-esta.com\/es\/wp-json\/wp\/v2\/pages\/1386\/revisions"}],"wp:attachment":[{"href":"https:\/\/123-esta.com\/es\/wp-json\/wp\/v2\/media?parent=1386"}],"curies":[{"name":"wp","href":"https:\/\/api.w.org\/{rel}","templated":true}]}}