{"id":1379,"date":"2021-12-21T14:10:21","date_gmt":"2021-12-21T13:10:21","guid":{"rendered":"https:\/\/123-esta.com\/tengo-que-solicitar-esta-para-un-transito\/"},"modified":"2022-08-23T23:13:08","modified_gmt":"2022-08-23T21:13:08","slug":"debe-uno-solicitar-una-esta-para-un-transito","status":"publish","type":"page","link":"https:\/\/123-esta.com\/es\/debe-uno-solicitar-una-esta-para-un-transito\/","title":{"rendered":"\u00bfDebo solicitar el ESTA para el tr\u00e1nsito?"},"content":{"rendered":"\n<p>Ciertamente sabe que para viajar a los EE. UU. Todos necesitamos una autorizaci\u00f3n de viaje, ya sea una visa de los EE. UU. O una <a href=\"\/\">ESTA<\/a> . Pero, \u00bftenemos que solicitar una ESTA USA para un tr\u00e1nsito simple?<\/p>\n\n<p>Primero, definiremos ESTA y tr\u00e1nsito, luego veremos, en segundo lugar, <a href=\"https:\/\/123-esta.com\/es\/por-que-aplicar-esta-para-los-eeuu\/\">si es importante tener un ESTA<\/a> para su pr\u00f3ximo viaje a los EE. UU. En tr\u00e1nsito.<\/p>\n\n<h2 class=\"wp-block-heading\">Definici\u00f3n del ESTA y del tr\u00e1nsito<\/h2>\n\n<p>Antes de revelarle si ESTA es esencial para su futuro tr\u00e1nsito, es importante hacer un balance de los siguientes dos conceptos: ESTA y tr\u00e1nsito.<\/p>\n\n<h3 class=\"wp-block-heading\">Certificado ESTA<\/h3>\n\n<p>ESTA, o Sistema electr\u00f3nico de autorizaci\u00f3n de viaje, es una autorizaci\u00f3n electr\u00f3nica que permite que ciertos ciudadanos extranjeros est\u00e9n exentos de una visa de EE. UU. Se deben cumplir en su totalidad ciertas condiciones para ser elegible. Los ciudadanos elegibles deben ser de uno de los pa\u00edses cubiertos por el Programa de Exenci\u00f3n de Visado (40 pa\u00edses desde 2022). Tambi\u00e9n deben estar en posesi\u00f3n de un pasaporte v\u00e1lido (pasaporte electr\u00f3nico o pasaporte biom\u00e9trico). Adem\u00e1s, el prop\u00f3sito del viaje debe ser tur\u00edstico o de negocios y tener una duraci\u00f3n m\u00e1xima de 90 d\u00edas. No olvidemos que los viajeros deben utilizar rutas a\u00e9reas o mar\u00edtimas para viajar a Estados Unidos con ESTA.<\/p>\n\n<h3 class=\"wp-block-heading\">Tr\u00e1nsito<\/h3>\n\n<p>El diccionario Larousse define el tr\u00e1nsito como \u201cla situaci\u00f3n de un viajero que, durante una escala a\u00e9rea, permanece dentro de los l\u00edmites del aeropuerto\u201d. O en el caso de tr\u00e1nsito mar\u00edtimo, dentro del puerto. <\/p>\n\n<p>A menudo sucede que los viajeros se detienen en un aeropuerto o puerto estadounidense antes de partir hacia su destino final (Canad\u00e1, Cuba, M\u00e9xico, Tailandia, Jamaica, etc.). <\/p>\n\n<p>Parecer\u00eda obvio no solicitar ESTA solo para permanecer unas horas en un aeropuerto de los Estados Unidos. Sin embargo, es imposible que el viajero embarque sin una autorizaci\u00f3n de viaje. M\u00e1s explicaciones en el siguiente p\u00e1rrafo.<\/p>\n\n<h2 class=\"wp-block-heading\">\u00bfPor qu\u00e9 solicitar una ESTA para un tr\u00e1nsito?<\/h2>\n\n<p>Es imprescindible solicitar una ESTA, incluso de tr\u00e1nsito, porque permanecer en el aeropuerto o en el puerto, es como pisar suelo americano. Es por eso que el Departamento de Seguridad Nacional de los Estados Unidos requiere que los turistas en tr\u00e1nsito tengan un ESTA. Si no ha realizado esta solicitud de autorizaci\u00f3n de viaje, no podr\u00e1 abordar el avi\u00f3n ni el barco con destino a los Estados Unidos de Am\u00e9rica.<\/p>\n\n<p>La seguridad nacional es m\u00e1s que importante en los Estados Unidos. ESTA fue implementado por el gobierno de los Estados Unidos para fortalecer las medidas de seguridad a trav\u00e9s de criterios de elegibilidad. De hecho, esta solicitud en l\u00ednea permite a las autoridades estadounidenses seleccionar a los viajeros de acuerdo con su informaci\u00f3n personal, sus motivaciones e intenciones con respecto a su estad\u00eda en Estados Unidos. Por lo tanto, se requiere autorizaci\u00f3n ESTA para una escala.<\/p>\n\n<h2 class=\"wp-block-heading\">\u00bfC\u00f3mo obtener una autorizaci\u00f3n ESTA para una escala?<\/h2>\n\n<p>Los procedimientos para obtener la autorizaci\u00f3n ESTA para una escala son los mismos que para una ESTA que permite una estad\u00eda temporal de 90 d\u00edas consecutivos en los Estados Unidos.<\/p>\n\n<p>\u00bfQuieres obtener una autorizaci\u00f3n de viaje electr\u00f3nica para ir a EE. UU.? Nada podr\u00eda ser m\u00e1s sencillo, todo lo que necesitas es un ordenador con buena conexi\u00f3n a Internet, porque todo sucede online. A diferencia de la solicitud de visa que se realiza en la embajada o el consulado estadounidense, la solicitud ESTA solo se puede realizar <a href=\"https:\/\/123-esta.com\/es\/como-completar-el-esta-cuestionario\/\">completando un formulario en l\u00ednea<\/a> .<\/p>\n\n<p>Este formulario de autorizaci\u00f3n ESTA est\u00e1 disponible en varias plataformas, tales como:<\/p>\n\n<ul class=\"wp-block-list\"><li>sitios privados autorizados a solicitar el ESTA en su nombre;<\/li><li>el sitio web oficial del gobierno de EE. UU., donde puede seleccionar \u00abtr\u00e1nsito\u00bb como el tipo de estad\u00eda.<\/li><\/ul>\n\n<p>No hace falta decir que el formulario ESTA debe completarse correctamente. Preste atenci\u00f3n a la informaci\u00f3n comunicada, ya que si los sistemas detectan un error, su solicitud de autorizaci\u00f3n puede ser rechazada. Si es as\u00ed, vuelva a presentar la solicitud 10 d\u00edas despu\u00e9s de la primera solicitud. Si su solicitud es rechazada por cualquier motivo que no sea un error en el formulario, debe solicitar una visa en la Embajada de los Estados Unidos. La visa de tr\u00e1nsito de EE. UU. Es la visa C.<\/p>\n\n<p>El per\u00edodo de validez de la ESTA depende de la fecha de vencimiento del pasaporte, pero no puede exceder los 2 a\u00f1os. Marcar \u201ctr\u00e1nsito\u201d durante su solicitud no deber\u00eda limitarlo a este tipo de viaje. Sin embargo, en caso de duda, puede hacer todo lo posible para realizar una solicitud ESTA para una estad\u00eda. Adem\u00e1s, ten en cuenta que la ESTA permite m\u00faltiples entradas en suelo americano, por lo que no necesitar\u00e1s renovar este tr\u00e1mite si viajas a Estados Unidos durante los dos a\u00f1os de vigencia de la ESTA. <\/p>\n\n<p>Para un viaje futuro, tenga en cuenta que si el pasaporte utilizado al solicitar una exenci\u00f3n de visa ya no es el mismo, su permiso de residencia ya no es v\u00e1lido, porque est\u00e1 vinculado electr\u00f3nicamente al n\u00famero de pasaporte. Un nuevo pasaporte equivale a realizar una nueva solicitud.<\/p>\n\n<h2 class=\"wp-block-heading\">Tr\u00e1mites de entrada con ESTA en tr\u00e1nsito <\/h2>\n\n<p>Tener una ESTA o una visa en regla no garantiza de ninguna manera su entrada a los Estados Unidos. De hecho, a su llegada, estar\u00e1 sujeto a un control por parte de un oficial de los servicios de inmigraci\u00f3n. Este \u00faltimo buscar\u00e1 asegurarse de que se cumpla en todo punto con las condiciones para ingresar a Estados Unidos, incluso para un tr\u00e1nsito de unas horas en suelo estadounidense. Ante la menor duda, el agente federal puede ordenar la repatriaci\u00f3n a su pa\u00eds de origen. <br\/><\/p>\n","protected":false},"excerpt":{"rendered":"<p>Ciertamente sabe que para viajar a los EE. UU. Todos necesitamos una autorizaci\u00f3n de viaje, ya sea una visa de los EE. UU. O una ESTA . Pero, \u00bftenemos que solicitar una ESTA USA para un tr\u00e1nsito simple? Primero, definiremos ESTA y tr\u00e1nsito, luego veremos, en segundo lugar, si es importante tener un ESTA para [&hellip;]<\/p>\n","protected":false},"author":1,"featured_media":0,"parent":0,"menu_order":0,"comment_status":"closed","ping_status":"closed","template":"","meta":{"site-sidebar-layout":"default","site-content-layout":"default","ast-site-content-layout":"default","site-content-style":"default","site-sidebar-style":"default","ast-global-header-display":"","ast-banner-title-visibility":"","ast-main-header-display":"","ast-hfb-above-header-display":"","ast-hfb-below-header-display":"","ast-hfb-mobile-header-display":"","site-post-title":"","ast-breadcrumbs-content":"","ast-featured-img":"","footer-sml-layout":"","ast-disable-related-posts":"","theme-transparent-header-meta":"default","adv-header-id-meta":"","stick-header-meta":"default","header-above-stick-meta":"","header-main-stick-meta":"","header-below-stick-meta":"","astra-migrate-meta-layouts":"default","ast-page-background-enabled":"default","ast-page-background-meta":{"desktop":{"background-color":"","background-image":"","background-repeat":"repeat","background-position":"center center","background-size":"auto","background-attachment":"scroll","background-type":"","background-media":"","overlay-type":"","overlay-color":"","overlay-opacity":"","overlay-gradient":""},"tablet":{"background-color":"","background-image":"","background-repeat":"repeat","background-position":"center center","background-size":"auto","background-attachment":"scroll","background-type":"","background-media":"","overlay-type":"","overlay-color":"","overlay-opacity":"","overlay-gradient":""},"mobile":{"background-color":"","background-image":"","background-repeat":"repeat","background-position":"center center","background-size":"auto","background-attachment":"scroll","background-type":"","background-media":"","overlay-type":"","overlay-color":"","overlay-opacity":"","overlay-gradient":""}},"ast-content-background-meta":{"desktop":{"background-color":"var(--ast-global-color-5)","background-image":"","background-repeat":"repeat","background-position":"center center","background-size":"auto","background-attachment":"scroll","background-type":"","background-media":"","overlay-type":"","overlay-color":"","overlay-opacity":"","overlay-gradient":""},"tablet":{"background-color":"var(--ast-global-color-5)","background-image":"","background-repeat":"repeat","background-position":"center center","background-size":"auto","background-attachment":"scroll","background-type":"","background-media":"","overlay-type":"","overlay-color":"","overlay-opacity":"","overlay-gradient":""},"mobile":{"background-color":"var(--ast-global-color-5)","background-image":"","background-repeat":"repeat","background-position":"center center","background-size":"auto","background-attachment":"scroll","background-type":"","background-media":"","overlay-type":"","overlay-color":"","overlay-opacity":"","overlay-gradient":""}},"footnotes":""},"class_list":["post-1379","page","type-page","status-publish","hentry"],"yoast_head":"<!-- This site is optimized with the Yoast SEO plugin v27.1.1 - https:\/\/yoast.com\/product\/yoast-seo-wordpress\/ -->\n<title>\u00bfEs obligatorio solicitar un ESTA para un tr\u00e1nsito?<\/title>\n<meta name=\"description\" content=\"Tiene previsto transitar por Estados Unidos y se pregunta si debe solicitar un ESTA\" \/>\n<meta name=\"robots\" content=\"index, follow, max-snippet:-1, max-image-preview:large, max-video-preview:-1\" \/>\n<link rel=\"canonical\" href=\"https:\/\/123-esta.com\/es\/debe-uno-solicitar-una-esta-para-un-transito\/\" \/>\n<meta property=\"og:locale\" content=\"es_ES\" \/>\n<meta property=\"og:type\" content=\"article\" \/>\n<meta property=\"og:title\" content=\"\u00bfEs obligatorio solicitar un ESTA para un tr\u00e1nsito?\" \/>\n<meta property=\"og:description\" content=\"Tiene previsto transitar por Estados Unidos y se pregunta si debe solicitar un ESTA\" \/>\n<meta property=\"og:url\" content=\"https:\/\/123-esta.com\/es\/debe-uno-solicitar-una-esta-para-un-transito\/\" \/>\n<meta property=\"og:site_name\" content=\"Formulaire ESTA pour les USA\" \/>\n<meta property=\"article:modified_time\" content=\"2022-08-23T21:13:08+00:00\" \/>\n<meta name=\"twitter:card\" content=\"summary_large_image\" \/>\n<meta name=\"twitter:label1\" content=\"Tiempo de lectura\" \/>\n\t<meta name=\"twitter:data1\" content=\"5 minutos\" \/>\n<script type=\"application\/ld+json\" class=\"yoast-schema-graph\">{\"@context\":\"https:\/\/schema.org\",\"@graph\":[{\"@type\":\"WebPage\",\"@id\":\"https:\/\/123-esta.com\/es\/debe-uno-solicitar-una-esta-para-un-transito\/\",\"url\":\"https:\/\/123-esta.com\/es\/debe-uno-solicitar-una-esta-para-un-transito\/\",\"name\":\"\u00bfEs obligatorio solicitar un ESTA para un tr\u00e1nsito?\",\"isPartOf\":{\"@id\":\"https:\/\/123-esta.com\/es\/#website\"},\"datePublished\":\"2021-12-21T13:10:21+00:00\",\"dateModified\":\"2022-08-23T21:13:08+00:00\",\"description\":\"Tiene previsto transitar por Estados Unidos y se pregunta si debe solicitar un ESTA\",\"inLanguage\":\"es\",\"potentialAction\":[{\"@type\":\"ReadAction\",\"target\":[\"https:\/\/123-esta.com\/es\/debe-uno-solicitar-una-esta-para-un-transito\/\"]}]},{\"@type\":\"WebSite\",\"@id\":\"https:\/\/123-esta.com\/es\/#website\",\"url\":\"https:\/\/123-esta.com\/es\/\",\"name\":\"Formulaire ESTA pour les USA\",\"description\":\"\",\"publisher\":{\"@id\":\"https:\/\/123-esta.com\/es\/#organization\"},\"potentialAction\":[{\"@type\":\"SearchAction\",\"target\":{\"@type\":\"EntryPoint\",\"urlTemplate\":\"https:\/\/123-esta.com\/es\/?s={search_term_string}\"},\"query-input\":{\"@type\":\"PropertyValueSpecification\",\"valueRequired\":true,\"valueName\":\"search_term_string\"}}],\"inLanguage\":\"es\"},{\"@type\":\"Organization\",\"@id\":\"https:\/\/123-esta.com\/es\/#organization\",\"name\":\"Formulaire ESTA pour les USA\",\"url\":\"https:\/\/123-esta.com\/es\/\",\"logo\":{\"@type\":\"ImageObject\",\"inLanguage\":\"es\",\"@id\":\"https:\/\/123-esta.com\/es\/#\/schema\/logo\/image\/\",\"url\":\"https:\/\/123-esta.com\/wp-content\/uploads\/2018\/03\/logo-123-esta.png\",\"contentUrl\":\"https:\/\/123-esta.com\/wp-content\/uploads\/2018\/03\/logo-123-esta.png\",\"width\":191,\"height\":54,\"caption\":\"Formulaire ESTA pour les USA\"},\"image\":{\"@id\":\"https:\/\/123-esta.com\/es\/#\/schema\/logo\/image\/\"}}]}<\/script>\n<!-- \/ Yoast SEO plugin. -->","yoast_head_json":{"title":"\u00bfEs obligatorio solicitar un ESTA para un tr\u00e1nsito?","description":"Tiene previsto transitar por Estados Unidos y se pregunta si debe solicitar un ESTA","robots":{"index":"index","follow":"follow","max-snippet":"max-snippet:-1","max-image-preview":"max-image-preview:large","max-video-preview":"max-video-preview:-1"},"canonical":"https:\/\/123-esta.com\/es\/debe-uno-solicitar-una-esta-para-un-transito\/","og_locale":"es_ES","og_type":"article","og_title":"\u00bfEs obligatorio solicitar un ESTA para un tr\u00e1nsito?","og_description":"Tiene previsto transitar por Estados Unidos y se pregunta si debe solicitar un ESTA","og_url":"https:\/\/123-esta.com\/es\/debe-uno-solicitar-una-esta-para-un-transito\/","og_site_name":"Formulaire ESTA pour les USA","article_modified_time":"2022-08-23T21:13:08+00:00","twitter_card":"summary_large_image","twitter_misc":{"Tiempo de lectura":"5 minutos"},"schema":{"@context":"https:\/\/schema.org","@graph":[{"@type":"WebPage","@id":"https:\/\/123-esta.com\/es\/debe-uno-solicitar-una-esta-para-un-transito\/","url":"https:\/\/123-esta.com\/es\/debe-uno-solicitar-una-esta-para-un-transito\/","name":"\u00bfEs obligatorio solicitar un ESTA para un tr\u00e1nsito?","isPartOf":{"@id":"https:\/\/123-esta.com\/es\/#website"},"datePublished":"2021-12-21T13:10:21+00:00","dateModified":"2022-08-23T21:13:08+00:00","description":"Tiene previsto transitar por Estados Unidos y se pregunta si debe solicitar un ESTA","inLanguage":"es","potentialAction":[{"@type":"ReadAction","target":["https:\/\/123-esta.com\/es\/debe-uno-solicitar-una-esta-para-un-transito\/"]}]},{"@type":"WebSite","@id":"https:\/\/123-esta.com\/es\/#website","url":"https:\/\/123-esta.com\/es\/","name":"Formulaire ESTA pour les USA","description":"","publisher":{"@id":"https:\/\/123-esta.com\/es\/#organization"},"potentialAction":[{"@type":"SearchAction","target":{"@type":"EntryPoint","urlTemplate":"https:\/\/123-esta.com\/es\/?s={search_term_string}"},"query-input":{"@type":"PropertyValueSpecification","valueRequired":true,"valueName":"search_term_string"}}],"inLanguage":"es"},{"@type":"Organization","@id":"https:\/\/123-esta.com\/es\/#organization","name":"Formulaire ESTA pour les USA","url":"https:\/\/123-esta.com\/es\/","logo":{"@type":"ImageObject","inLanguage":"es","@id":"https:\/\/123-esta.com\/es\/#\/schema\/logo\/image\/","url":"https:\/\/123-esta.com\/wp-content\/uploads\/2018\/03\/logo-123-esta.png","contentUrl":"https:\/\/123-esta.com\/wp-content\/uploads\/2018\/03\/logo-123-esta.png","width":191,"height":54,"caption":"Formulaire ESTA pour les USA"},"image":{"@id":"https:\/\/123-esta.com\/es\/#\/schema\/logo\/image\/"}}]}},"_links":{"self":[{"href":"https:\/\/123-esta.com\/es\/wp-json\/wp\/v2\/pages\/1379","targetHints":{"allow":["GET"]}}],"collection":[{"href":"https:\/\/123-esta.com\/es\/wp-json\/wp\/v2\/pages"}],"about":[{"href":"https:\/\/123-esta.com\/es\/wp-json\/wp\/v2\/types\/page"}],"author":[{"embeddable":true,"href":"https:\/\/123-esta.com\/es\/wp-json\/wp\/v2\/users\/1"}],"replies":[{"embeddable":true,"href":"https:\/\/123-esta.com\/es\/wp-json\/wp\/v2\/comments?post=1379"}],"version-history":[{"count":0,"href":"https:\/\/123-esta.com\/es\/wp-json\/wp\/v2\/pages\/1379\/revisions"}],"wp:attachment":[{"href":"https:\/\/123-esta.com\/es\/wp-json\/wp\/v2\/media?parent=1379"}],"curies":[{"name":"wp","href":"https:\/\/api.w.org\/{rel}","templated":true}]}}