{"id":1375,"date":"2021-12-21T14:09:44","date_gmt":"2021-12-21T13:09:44","guid":{"rendered":"https:\/\/123-esta.com\/solicitud-de-visa-para-ee-uu\/"},"modified":"2022-07-29T17:10:11","modified_gmt":"2022-07-29T15:10:11","slug":"necesita-un-visado-para-eeuu","status":"publish","type":"page","link":"https:\/\/123-esta.com\/es\/necesita-un-visado-para-eeuu\/","title":{"rendered":"Solicitud de visa para EE. UU."},"content":{"rendered":"\n<p>Con m\u00e1s de 3 millones de pasajeros desembarcando en los Estados Unidos todos los d\u00edas, las autoridades aduaneras estadounidenses se preocupan por mantener un alto nivel de seguridad en sus fronteras, al tiempo que garantizan un tr\u00e1fico fluido.<\/p>\n\n<p>Sujeto a cumplir con los criterios de elegibilidad, los ciudadanos franceses pueden beneficiarse del programa de exenci\u00f3n de visa de EE. UU.<\/p>\n\n<p>Para solicitar un <a href=\"https:\/\/123-esta.com\/es\/que-es-esta\/\">visado ESTA<\/a>, debe ser nacional de uno de los 40 pa\u00edses que participan en el programa. Asimismo, su estad\u00eda no debe exceder los 90 d\u00edas consecutivos, ya sea de turismo, negocios (estad\u00eda no remunerada) o tr\u00e1nsito. Tambi\u00e9n debe tener un pasaporte electr\u00f3nico o biom\u00e9trico.<br\/>Quienes no cumplan estos requisitos deber\u00e1n solicitar un <a href=\"https:\/\/123-esta.com\/es\/visado-turista-estados-unidos\/\">visado de turista para Estados Unidos<\/a>.<\/p>\n\n<h2 class=\"wp-block-heading\">\u00bfQu\u00e9 visa de EE. UU. Solicitar?<\/h2>\n\n<p>La <a href=\"https:\/\/123-esta.com\/es\/solicitud-visa-eeuu\/\">solicitud de visa de EE. UU.<\/a> Se refiere a los viajeros que no pueden beneficiarse del Programa de exenci\u00f3n de visa. Esto no debe tomarse a la ligera, porque sin una visa, puede despedirse de su sue\u00f1o americano.<\/p>\n\n<p>Hay varias visas de EE. UU., Pero podemos presentar las m\u00e1s solicitadas:<\/p>\n\n<ul class=\"wp-block-list\"><li>\u00bfSue\u00f1as con estar al aire libre, admirar los rascacielos de Nueva York o simplemente visitar a un ser querido? Debe solicitar un <a href=\"https:\/\/usa-esta.net\/es\/visa-ee-uu\/visa-b2\/\">visado de turista para Estados Unidos<\/a>, el visado B2;<\/li><li>\u00bfQuiere tomar cursos en una de las prestigiosas universidades estadounidenses del pa\u00eds para obtener cr\u00e9ditos e incluso un t\u00edtulo? En este caso debes solicitar un visado F1 o un visado M1;<\/li><li>Si quieres hacer una pasant\u00eda en una empresa para mejorar tu ingl\u00e9s y descubrir el mundo laboral al otro lado del Atl\u00e1ntico, deber\u00e1s solicitar la visa J1.<\/li><\/ul>\n\n<p>Por supuesto, esta breve descripci\u00f3n no es exhaustiva. Los diferentes tipos de visas de EE. UU. Son tan diversos y variados como pueda ser la situaci\u00f3n de cada solicitante, pero sea cual sea su caso y el prop\u00f3sito de su estad\u00eda en los Estados Unidos, debe comunicarse con la Embajada de los EE. UU. &#8211; Los Estados Unidos de su pa\u00eds de residencia o el Consulado de Estados Unidos m\u00e1s cercano a su domicilio.<\/p>\n\n<h2 class=\"wp-block-heading\">\u00bfC\u00f3mo obtener una visa para los EE. UU.?<\/h2>\n\n<p>Como se mencion\u00f3 anteriormente, si su situaci\u00f3n no cumple con los criterios establecidos por el programa de exenci\u00f3n de visa, debe solicitar un permiso de residencia en los Estados Unidos. Queda por ver <a href=\"https:\/\/123-esta.com\/es\/obtener-una-visa-para-los-estados-unidos\/\">c\u00f3mo conseguir una visa para Estados Unidos<\/a> .<\/p>\n\n<p>Para cualquier solicitud de visa de EE. UU. Francia, el proceso comienza en l\u00ednea, en el sitio web de la embajada y los consulados estadounidenses. Si desea solicitar una visa de turista de EE. UU. (La m\u00e1s com\u00fanmente solicitada), debe completar el formulario en l\u00ednea DS-160 y luego recopilar los documentos solicitados para presentarlos al funcionario de la administraci\u00f3n de EE. UU. El d\u00eda de su cita. la embajada o consulado si aplica. La demora de la visa de EE. UU. Es generalmente de 3 a 5 d\u00edas h\u00e1biles.<\/p>\n\n<h2 class=\"wp-block-heading\">\u00bfQu\u00e9 pasa con el precio de una visa de EE. UU.?<\/h2>\n\n<p>El <a href=\"https:\/\/123-esta.com\/es\/cual-es-el-precio-de-un-visado-para-los-estados-unidos\/\">precio de la visa para los EE. UU.<\/a> Var\u00eda seg\u00fan la categor\u00eda de la visa. Por ejemplo, el precio de una visa de trabajador temporal o de aprendiz (visa H) es m\u00e1s alto que el de una visa de visitante para turismo, negocios o atenci\u00f3n m\u00e9dica: $ 190 por la primera y $ 160 por la segunda.<\/p>\n\n<p>Las tarifas se pagar\u00e1n durante la validaci\u00f3n de su solicitud de visa de turista de EE. UU. No se le otorgar\u00e1 ning\u00fan reembolso en caso de rechazo de su solicitud, pero puede renovarlo si no tiene \u00e9xito la primera vez.<\/p>\n","protected":false},"excerpt":{"rendered":"<p>Con m\u00e1s de 3 millones de pasajeros desembarcando en los Estados Unidos todos los d\u00edas, las autoridades aduaneras estadounidenses se preocupan por mantener un alto nivel de seguridad en sus fronteras, al tiempo que garantizan un tr\u00e1fico fluido. Sujeto a cumplir con los criterios de elegibilidad, los ciudadanos franceses pueden beneficiarse del programa de exenci\u00f3n [&hellip;]<\/p>\n","protected":false},"author":1,"featured_media":0,"parent":0,"menu_order":0,"comment_status":"closed","ping_status":"closed","template":"","meta":{"site-sidebar-layout":"default","site-content-layout":"default","ast-site-content-layout":"default","site-content-style":"default","site-sidebar-style":"default","ast-global-header-display":"","ast-banner-title-visibility":"","ast-main-header-display":"","ast-hfb-above-header-display":"","ast-hfb-below-header-display":"","ast-hfb-mobile-header-display":"","site-post-title":"","ast-breadcrumbs-content":"","ast-featured-img":"","footer-sml-layout":"","ast-disable-related-posts":"","theme-transparent-header-meta":"default","adv-header-id-meta":"","stick-header-meta":"default","header-above-stick-meta":"","header-main-stick-meta":"","header-below-stick-meta":"","astra-migrate-meta-layouts":"default","ast-page-background-enabled":"default","ast-page-background-meta":{"desktop":{"background-color":"","background-image":"","background-repeat":"repeat","background-position":"center center","background-size":"auto","background-attachment":"scroll","background-type":"","background-media":"","overlay-type":"","overlay-color":"","overlay-opacity":"","overlay-gradient":""},"tablet":{"background-color":"","background-image":"","background-repeat":"repeat","background-position":"center center","background-size":"auto","background-attachment":"scroll","background-type":"","background-media":"","overlay-type":"","overlay-color":"","overlay-opacity":"","overlay-gradient":""},"mobile":{"background-color":"","background-image":"","background-repeat":"repeat","background-position":"center center","background-size":"auto","background-attachment":"scroll","background-type":"","background-media":"","overlay-type":"","overlay-color":"","overlay-opacity":"","overlay-gradient":""}},"ast-content-background-meta":{"desktop":{"background-color":"var(--ast-global-color-5)","background-image":"","background-repeat":"repeat","background-position":"center center","background-size":"auto","background-attachment":"scroll","background-type":"","background-media":"","overlay-type":"","overlay-color":"","overlay-opacity":"","overlay-gradient":""},"tablet":{"background-color":"var(--ast-global-color-5)","background-image":"","background-repeat":"repeat","background-position":"center center","background-size":"auto","background-attachment":"scroll","background-type":"","background-media":"","overlay-type":"","overlay-color":"","overlay-opacity":"","overlay-gradient":""},"mobile":{"background-color":"var(--ast-global-color-5)","background-image":"","background-repeat":"repeat","background-position":"center center","background-size":"auto","background-attachment":"scroll","background-type":"","background-media":"","overlay-type":"","overlay-color":"","overlay-opacity":"","overlay-gradient":""}},"footnotes":""},"class_list":["post-1375","page","type-page","status-publish","hentry"],"yoast_head":"<!-- This site is optimized with the Yoast SEO plugin v27.1.1 - https:\/\/yoast.com\/product\/yoast-seo-wordpress\/ -->\n<title>\u00bfNecesita una visa para viajar a los Estados Unidos?<\/title>\n<meta name=\"description\" content=\"No es posible viajar a los Estados Unidos sin una autorizaci\u00f3n de viaje. Nos enfocamos aqu\u00ed en asesorarlo sobre la obtenci\u00f3n de una visa de EE. UU.\" \/>\n<meta name=\"robots\" content=\"index, follow, max-snippet:-1, max-image-preview:large, max-video-preview:-1\" \/>\n<link rel=\"canonical\" href=\"https:\/\/123-esta.com\/es\/necesita-un-visado-para-eeuu\/\" \/>\n<meta property=\"og:locale\" content=\"es_ES\" \/>\n<meta property=\"og:type\" content=\"article\" \/>\n<meta property=\"og:title\" content=\"\u00bfNecesita una visa para viajar a los Estados Unidos?\" \/>\n<meta property=\"og:description\" content=\"No es posible viajar a los Estados Unidos sin una autorizaci\u00f3n de viaje. Nos enfocamos aqu\u00ed en asesorarlo sobre la obtenci\u00f3n de una visa de EE. UU.\" \/>\n<meta property=\"og:url\" content=\"https:\/\/123-esta.com\/es\/necesita-un-visado-para-eeuu\/\" \/>\n<meta property=\"og:site_name\" content=\"Formulaire ESTA pour les USA\" \/>\n<meta property=\"article:modified_time\" content=\"2022-07-29T15:10:11+00:00\" \/>\n<meta name=\"twitter:card\" content=\"summary_large_image\" \/>\n<meta name=\"twitter:label1\" content=\"Tiempo de lectura\" \/>\n\t<meta name=\"twitter:data1\" content=\"4 minutos\" \/>\n<script type=\"application\/ld+json\" class=\"yoast-schema-graph\">{\"@context\":\"https:\/\/schema.org\",\"@graph\":[{\"@type\":\"WebPage\",\"@id\":\"https:\/\/123-esta.com\/es\/necesita-un-visado-para-eeuu\/\",\"url\":\"https:\/\/123-esta.com\/es\/necesita-un-visado-para-eeuu\/\",\"name\":\"\u00bfNecesita una visa para viajar a los Estados Unidos?\",\"isPartOf\":{\"@id\":\"https:\/\/123-esta.com\/es\/#website\"},\"datePublished\":\"2021-12-21T13:09:44+00:00\",\"dateModified\":\"2022-07-29T15:10:11+00:00\",\"description\":\"No es posible viajar a los Estados Unidos sin una autorizaci\u00f3n de viaje. Nos enfocamos aqu\u00ed en asesorarlo sobre la obtenci\u00f3n de una visa de EE. UU.\",\"inLanguage\":\"es\",\"potentialAction\":[{\"@type\":\"ReadAction\",\"target\":[\"https:\/\/123-esta.com\/es\/necesita-un-visado-para-eeuu\/\"]}]},{\"@type\":\"WebSite\",\"@id\":\"https:\/\/123-esta.com\/es\/#website\",\"url\":\"https:\/\/123-esta.com\/es\/\",\"name\":\"Formulaire ESTA pour les USA\",\"description\":\"\",\"publisher\":{\"@id\":\"https:\/\/123-esta.com\/es\/#organization\"},\"potentialAction\":[{\"@type\":\"SearchAction\",\"target\":{\"@type\":\"EntryPoint\",\"urlTemplate\":\"https:\/\/123-esta.com\/es\/?s={search_term_string}\"},\"query-input\":{\"@type\":\"PropertyValueSpecification\",\"valueRequired\":true,\"valueName\":\"search_term_string\"}}],\"inLanguage\":\"es\"},{\"@type\":\"Organization\",\"@id\":\"https:\/\/123-esta.com\/es\/#organization\",\"name\":\"Formulaire ESTA pour les USA\",\"url\":\"https:\/\/123-esta.com\/es\/\",\"logo\":{\"@type\":\"ImageObject\",\"inLanguage\":\"es\",\"@id\":\"https:\/\/123-esta.com\/es\/#\/schema\/logo\/image\/\",\"url\":\"https:\/\/123-esta.com\/wp-content\/uploads\/2018\/03\/logo-123-esta.png\",\"contentUrl\":\"https:\/\/123-esta.com\/wp-content\/uploads\/2018\/03\/logo-123-esta.png\",\"width\":191,\"height\":54,\"caption\":\"Formulaire ESTA pour les USA\"},\"image\":{\"@id\":\"https:\/\/123-esta.com\/es\/#\/schema\/logo\/image\/\"}}]}<\/script>\n<!-- \/ Yoast SEO plugin. -->","yoast_head_json":{"title":"\u00bfNecesita una visa para viajar a los Estados Unidos?","description":"No es posible viajar a los Estados Unidos sin una autorizaci\u00f3n de viaje. Nos enfocamos aqu\u00ed en asesorarlo sobre la obtenci\u00f3n de una visa de EE. UU.","robots":{"index":"index","follow":"follow","max-snippet":"max-snippet:-1","max-image-preview":"max-image-preview:large","max-video-preview":"max-video-preview:-1"},"canonical":"https:\/\/123-esta.com\/es\/necesita-un-visado-para-eeuu\/","og_locale":"es_ES","og_type":"article","og_title":"\u00bfNecesita una visa para viajar a los Estados Unidos?","og_description":"No es posible viajar a los Estados Unidos sin una autorizaci\u00f3n de viaje. Nos enfocamos aqu\u00ed en asesorarlo sobre la obtenci\u00f3n de una visa de EE. UU.","og_url":"https:\/\/123-esta.com\/es\/necesita-un-visado-para-eeuu\/","og_site_name":"Formulaire ESTA pour les USA","article_modified_time":"2022-07-29T15:10:11+00:00","twitter_card":"summary_large_image","twitter_misc":{"Tiempo de lectura":"4 minutos"},"schema":{"@context":"https:\/\/schema.org","@graph":[{"@type":"WebPage","@id":"https:\/\/123-esta.com\/es\/necesita-un-visado-para-eeuu\/","url":"https:\/\/123-esta.com\/es\/necesita-un-visado-para-eeuu\/","name":"\u00bfNecesita una visa para viajar a los Estados Unidos?","isPartOf":{"@id":"https:\/\/123-esta.com\/es\/#website"},"datePublished":"2021-12-21T13:09:44+00:00","dateModified":"2022-07-29T15:10:11+00:00","description":"No es posible viajar a los Estados Unidos sin una autorizaci\u00f3n de viaje. Nos enfocamos aqu\u00ed en asesorarlo sobre la obtenci\u00f3n de una visa de EE. UU.","inLanguage":"es","potentialAction":[{"@type":"ReadAction","target":["https:\/\/123-esta.com\/es\/necesita-un-visado-para-eeuu\/"]}]},{"@type":"WebSite","@id":"https:\/\/123-esta.com\/es\/#website","url":"https:\/\/123-esta.com\/es\/","name":"Formulaire ESTA pour les USA","description":"","publisher":{"@id":"https:\/\/123-esta.com\/es\/#organization"},"potentialAction":[{"@type":"SearchAction","target":{"@type":"EntryPoint","urlTemplate":"https:\/\/123-esta.com\/es\/?s={search_term_string}"},"query-input":{"@type":"PropertyValueSpecification","valueRequired":true,"valueName":"search_term_string"}}],"inLanguage":"es"},{"@type":"Organization","@id":"https:\/\/123-esta.com\/es\/#organization","name":"Formulaire ESTA pour les USA","url":"https:\/\/123-esta.com\/es\/","logo":{"@type":"ImageObject","inLanguage":"es","@id":"https:\/\/123-esta.com\/es\/#\/schema\/logo\/image\/","url":"https:\/\/123-esta.com\/wp-content\/uploads\/2018\/03\/logo-123-esta.png","contentUrl":"https:\/\/123-esta.com\/wp-content\/uploads\/2018\/03\/logo-123-esta.png","width":191,"height":54,"caption":"Formulaire ESTA pour les USA"},"image":{"@id":"https:\/\/123-esta.com\/es\/#\/schema\/logo\/image\/"}}]}},"_links":{"self":[{"href":"https:\/\/123-esta.com\/es\/wp-json\/wp\/v2\/pages\/1375","targetHints":{"allow":["GET"]}}],"collection":[{"href":"https:\/\/123-esta.com\/es\/wp-json\/wp\/v2\/pages"}],"about":[{"href":"https:\/\/123-esta.com\/es\/wp-json\/wp\/v2\/types\/page"}],"author":[{"embeddable":true,"href":"https:\/\/123-esta.com\/es\/wp-json\/wp\/v2\/users\/1"}],"replies":[{"embeddable":true,"href":"https:\/\/123-esta.com\/es\/wp-json\/wp\/v2\/comments?post=1375"}],"version-history":[{"count":0,"href":"https:\/\/123-esta.com\/es\/wp-json\/wp\/v2\/pages\/1375\/revisions"}],"wp:attachment":[{"href":"https:\/\/123-esta.com\/es\/wp-json\/wp\/v2\/media?parent=1375"}],"curies":[{"name":"wp","href":"https:\/\/api.w.org\/{rel}","templated":true}]}}