{"id":1365,"date":"2021-12-21T14:03:46","date_gmt":"2021-12-21T13:03:46","guid":{"rendered":"https:\/\/123-esta.com\/obtenga-una-visa-para-los-estados-unidos\/"},"modified":"2022-09-01T10:45:03","modified_gmt":"2022-09-01T08:45:03","slug":"obtener-una-visa-para-los-estados-unidos","status":"publish","type":"page","link":"https:\/\/123-esta.com\/es\/obtener-una-visa-para-los-estados-unidos\/","title":{"rendered":"Obtenga una visa para los Estados Unidos"},"content":{"rendered":"\n<p>Las autoridades estadounidenses se toman muy en serio la seguridad de su patria, y m\u00e1s desde la llegada del presidente Trump como jefe de gobierno. Adem\u00e1s, todos los solicitantes no estadounidenses deben asegurarse de cumplir con los requisitos necesarios para obtener una <a href=\"https:\/\/123-esta.com\/es\/necesita-un-visado-para-eeuu\/\">visa de los Estados Unidos<\/a> . Sin embargo, el procedimiento de solicitud y los documentos que se deben recopilar son diferentes seg\u00fan la categor\u00eda de visa. Pero entonces, \u00bfcu\u00e1les son los tr\u00e1mites y concretamente, c\u00f3mo obtener una visa para Estados Unidos?<\/p>\n\n<h2 class=\"wp-block-heading\">Determine el tipo de visa para EE. UU.<\/h2>\n\n<p>En primer lugar, para determinar c\u00f3mo obtener una visa para los EE. UU., Debe determinar el tipo de visa requerida, \u00a1porque hay muchas!<\/p>\n\n<p>Aparte del programa de exenci\u00f3n de visas de EE. UU., Del que no todos pueden beneficiarse, existen dos categor\u00edas de visas: la visa de no inmigrante para estad\u00edas temporales y, en contraste, la visa de inmigrante para personas que desean residir permanentemente en los Estados Unidos. En cualquier caso, <a href=\"https:\/\/123-esta.com\/es\/solicitud-visa-eeuu\/\">solicitar una visa de EE<\/a> . UU. Es fundamental para viajar al territorio, independientemente del prop\u00f3sito de la estad\u00eda.<\/p>\n\n<p>Las personas que deseen ir a los Estados Unidos para una estad\u00eda temporal tienen el estatus de solicitante no inmigrante. Por lo tanto, pueden solicitar, por ejemplo, una visa B para visitantes, una visa C para tr\u00e1nsito, una visa F, M o J para estudiantes &#8230; \u00a1la lista es larga! Necesariamente existe una visa correspondiente al motivo de su estad\u00eda en los Estados Unidos.<\/p>\n\n<p>Las personas que deseen vivir permanentemente en los Estados Unidos deben solicitar una visa de inmigrante. Sin embargo, a diferencia de la visa de no inmigrante, el solicitante no puede iniciar el proceso por s\u00ed mismo. Estados Unidos, a pesar de su tradici\u00f3n como tierra acogedora, no abre sus puertas a nadie. Cualquiera que desee establecerse en los Estados Unidos de forma permanente debe solicitar una visa de residente permanente que requiere ser patrocinado o haber sido seleccionado para la loter\u00eda de visas de diversidad (tambi\u00e9n conocida como loter\u00eda de tarjetas verdes). Visa temporal o visa de residente permanente, en todos los casos parte del proceso se realiza online.<\/p>\n\n<h2 class=\"wp-block-heading\">Proceso en l\u00ednea para obtener una visa para los Estados Unidos<\/h2>\n\n<p>Como se ha mencionado anteriormente, el proceso de obtenci\u00f3n de un <a href=\"https:\/\/123-esta.com\/es\/visado-turista-estados-unidos\/\">visado de turista B2 para Estados Unidos<\/a> var\u00eda seg\u00fan la categor\u00eda de visado. A diferencia del sistema de exenci\u00f3n de visa (VWP) para el cual la solicitud es completamente sin papel, solo una parte del proceso se realiza en l\u00ednea, en el sitio web de la Embajada de los Estados Unidos.<\/p>\n\n<p>En general, deber\u00e1 completar un formulario (formulario DS-160 para no inmigrantes), luego recopilar los documentos necesarios (pasaporte biom\u00e9trico o electr\u00f3nico, documentos que acrediten su situaci\u00f3n, etc.), crear su cuenta en l\u00ednea y luego proceder a pago de las tasas tasa de solicitud. El <a href=\"https:\/\/123-esta.com\/es\/cual-es-el-precio-de-un-visado-para-los-estados-unidos\/\">precio de la visa de EE<\/a> . UU. Var\u00eda seg\u00fan la naturaleza de la autorizaci\u00f3n solicitada.<\/p>\n\n<p>Finalmente, luego de haber validado tu solicitud, recibir\u00e1s un mensaje indic\u00e1ndote el procedimiento a seguir para tu entrevista con un oficial consular. Tenga en cuenta que el tiempo de espera para obtener una cita en la Embajada o Consulado de Estados Unidos para obtener un visado estadounidense var\u00eda de una instituci\u00f3n a otra. Por lo tanto, se recomienda encarecidamente solicitar un visado lo antes posible.<\/p>\n\n<p>La entrevista en s\u00ed es relativamente r\u00e1pida, alrededor de diez minutos, lo que le permite a su entrevistador determinar si usted es elegible para poner un pie en suelo estadounidense.<\/p>\n\n<h2 class=\"wp-block-heading\">\u00bfCu\u00e1les son los plazos para obtener una visa de EE. UU.?<\/h2>\n\n<p>Una vez finalizada su entrevista, el funcionario consular le informar\u00e1 de su decisi\u00f3n. Si se le otorga la visa, el agente de la administraci\u00f3n de los Estados Unidos se quedar\u00e1 con su pasaporte para colocar su visa de los Estados Unidos. Por lo tanto, no saldr\u00e1 de casa inmediatamente con su s\u00e9samo en el bolsillo, sino que recibir\u00e1 su pasaporte por correo en un plazo de 3 a 5 d\u00edas h\u00e1biles.<br\/>Finalmente, si queda alguna pregunta sobre c\u00f3mo obtener una visa para los Estados Unidos, no dude en comunicarse con la embajada o consulado estadounidense m\u00e1s cercano a usted.<\/p>\n","protected":false},"excerpt":{"rendered":"<p>Las autoridades estadounidenses se toman muy en serio la seguridad de su patria, y m\u00e1s desde la llegada del presidente Trump como jefe de gobierno. Adem\u00e1s, todos los solicitantes no estadounidenses deben asegurarse de cumplir con los requisitos necesarios para obtener una visa de los Estados Unidos . Sin embargo, el procedimiento de solicitud y [&hellip;]<\/p>\n","protected":false},"author":1,"featured_media":0,"parent":0,"menu_order":0,"comment_status":"closed","ping_status":"closed","template":"","meta":{"site-sidebar-layout":"default","site-content-layout":"default","ast-site-content-layout":"default","site-content-style":"default","site-sidebar-style":"default","ast-global-header-display":"","ast-banner-title-visibility":"","ast-main-header-display":"","ast-hfb-above-header-display":"","ast-hfb-below-header-display":"","ast-hfb-mobile-header-display":"","site-post-title":"","ast-breadcrumbs-content":"","ast-featured-img":"","footer-sml-layout":"","ast-disable-related-posts":"","theme-transparent-header-meta":"default","adv-header-id-meta":"","stick-header-meta":"default","header-above-stick-meta":"","header-main-stick-meta":"","header-below-stick-meta":"","astra-migrate-meta-layouts":"default","ast-page-background-enabled":"default","ast-page-background-meta":{"desktop":{"background-color":"","background-image":"","background-repeat":"repeat","background-position":"center center","background-size":"auto","background-attachment":"scroll","background-type":"","background-media":"","overlay-type":"","overlay-color":"","overlay-opacity":"","overlay-gradient":""},"tablet":{"background-color":"","background-image":"","background-repeat":"repeat","background-position":"center center","background-size":"auto","background-attachment":"scroll","background-type":"","background-media":"","overlay-type":"","overlay-color":"","overlay-opacity":"","overlay-gradient":""},"mobile":{"background-color":"","background-image":"","background-repeat":"repeat","background-position":"center center","background-size":"auto","background-attachment":"scroll","background-type":"","background-media":"","overlay-type":"","overlay-color":"","overlay-opacity":"","overlay-gradient":""}},"ast-content-background-meta":{"desktop":{"background-color":"var(--ast-global-color-5)","background-image":"","background-repeat":"repeat","background-position":"center center","background-size":"auto","background-attachment":"scroll","background-type":"","background-media":"","overlay-type":"","overlay-color":"","overlay-opacity":"","overlay-gradient":""},"tablet":{"background-color":"var(--ast-global-color-5)","background-image":"","background-repeat":"repeat","background-position":"center center","background-size":"auto","background-attachment":"scroll","background-type":"","background-media":"","overlay-type":"","overlay-color":"","overlay-opacity":"","overlay-gradient":""},"mobile":{"background-color":"var(--ast-global-color-5)","background-image":"","background-repeat":"repeat","background-position":"center center","background-size":"auto","background-attachment":"scroll","background-type":"","background-media":"","overlay-type":"","overlay-color":"","overlay-opacity":"","overlay-gradient":""}},"footnotes":""},"class_list":["post-1365","page","type-page","status-publish","hentry"],"yoast_head":"<!-- This site is optimized with the Yoast SEO plugin v27.1.1 - https:\/\/yoast.com\/product\/yoast-seo-wordpress\/ -->\n<title>C\u00f3mo obtener su visa para ir a los Estados Unidos<\/title>\n<meta name=\"description\" content=\"El ESTA no corresponde a todos los tipos de estad\u00eda en los Estados Unidos y la solicitud de visa puede ser inevitable. Nuestro consejo para una solicitud de visa r\u00e1pida.\" \/>\n<meta name=\"robots\" content=\"index, follow, max-snippet:-1, max-image-preview:large, max-video-preview:-1\" \/>\n<link rel=\"canonical\" href=\"https:\/\/123-esta.com\/es\/obtener-una-visa-para-los-estados-unidos\/\" \/>\n<meta property=\"og:locale\" content=\"es_ES\" \/>\n<meta property=\"og:type\" content=\"article\" \/>\n<meta property=\"og:title\" content=\"C\u00f3mo obtener su visa para ir a los Estados Unidos\" \/>\n<meta property=\"og:description\" content=\"El ESTA no corresponde a todos los tipos de estad\u00eda en los Estados Unidos y la solicitud de visa puede ser inevitable. Nuestro consejo para una solicitud de visa r\u00e1pida.\" \/>\n<meta property=\"og:url\" content=\"https:\/\/123-esta.com\/es\/obtener-una-visa-para-los-estados-unidos\/\" \/>\n<meta property=\"og:site_name\" content=\"Formulaire ESTA pour les USA\" \/>\n<meta property=\"article:modified_time\" content=\"2022-09-01T08:45:03+00:00\" \/>\n<meta name=\"twitter:card\" content=\"summary_large_image\" \/>\n<meta name=\"twitter:label1\" content=\"Tiempo de lectura\" \/>\n\t<meta name=\"twitter:data1\" content=\"4 minutos\" \/>\n<script type=\"application\/ld+json\" class=\"yoast-schema-graph\">{\"@context\":\"https:\/\/schema.org\",\"@graph\":[{\"@type\":\"WebPage\",\"@id\":\"https:\/\/123-esta.com\/es\/obtener-una-visa-para-los-estados-unidos\/\",\"url\":\"https:\/\/123-esta.com\/es\/obtener-una-visa-para-los-estados-unidos\/\",\"name\":\"C\u00f3mo obtener su visa para ir a los Estados Unidos\",\"isPartOf\":{\"@id\":\"https:\/\/123-esta.com\/es\/#website\"},\"datePublished\":\"2021-12-21T13:03:46+00:00\",\"dateModified\":\"2022-09-01T08:45:03+00:00\",\"description\":\"El ESTA no corresponde a todos los tipos de estad\u00eda en los Estados Unidos y la solicitud de visa puede ser inevitable. Nuestro consejo para una solicitud de visa r\u00e1pida.\",\"inLanguage\":\"es\",\"potentialAction\":[{\"@type\":\"ReadAction\",\"target\":[\"https:\/\/123-esta.com\/es\/obtener-una-visa-para-los-estados-unidos\/\"]}]},{\"@type\":\"WebSite\",\"@id\":\"https:\/\/123-esta.com\/es\/#website\",\"url\":\"https:\/\/123-esta.com\/es\/\",\"name\":\"Formulaire ESTA pour les USA\",\"description\":\"\",\"publisher\":{\"@id\":\"https:\/\/123-esta.com\/es\/#organization\"},\"potentialAction\":[{\"@type\":\"SearchAction\",\"target\":{\"@type\":\"EntryPoint\",\"urlTemplate\":\"https:\/\/123-esta.com\/es\/?s={search_term_string}\"},\"query-input\":{\"@type\":\"PropertyValueSpecification\",\"valueRequired\":true,\"valueName\":\"search_term_string\"}}],\"inLanguage\":\"es\"},{\"@type\":\"Organization\",\"@id\":\"https:\/\/123-esta.com\/es\/#organization\",\"name\":\"Formulaire ESTA pour les USA\",\"url\":\"https:\/\/123-esta.com\/es\/\",\"logo\":{\"@type\":\"ImageObject\",\"inLanguage\":\"es\",\"@id\":\"https:\/\/123-esta.com\/es\/#\/schema\/logo\/image\/\",\"url\":\"https:\/\/123-esta.com\/wp-content\/uploads\/2018\/03\/logo-123-esta.png\",\"contentUrl\":\"https:\/\/123-esta.com\/wp-content\/uploads\/2018\/03\/logo-123-esta.png\",\"width\":191,\"height\":54,\"caption\":\"Formulaire ESTA pour les USA\"},\"image\":{\"@id\":\"https:\/\/123-esta.com\/es\/#\/schema\/logo\/image\/\"}}]}<\/script>\n<!-- \/ Yoast SEO plugin. -->","yoast_head_json":{"title":"C\u00f3mo obtener su visa para ir a los Estados Unidos","description":"El ESTA no corresponde a todos los tipos de estad\u00eda en los Estados Unidos y la solicitud de visa puede ser inevitable. Nuestro consejo para una solicitud de visa r\u00e1pida.","robots":{"index":"index","follow":"follow","max-snippet":"max-snippet:-1","max-image-preview":"max-image-preview:large","max-video-preview":"max-video-preview:-1"},"canonical":"https:\/\/123-esta.com\/es\/obtener-una-visa-para-los-estados-unidos\/","og_locale":"es_ES","og_type":"article","og_title":"C\u00f3mo obtener su visa para ir a los Estados Unidos","og_description":"El ESTA no corresponde a todos los tipos de estad\u00eda en los Estados Unidos y la solicitud de visa puede ser inevitable. Nuestro consejo para una solicitud de visa r\u00e1pida.","og_url":"https:\/\/123-esta.com\/es\/obtener-una-visa-para-los-estados-unidos\/","og_site_name":"Formulaire ESTA pour les USA","article_modified_time":"2022-09-01T08:45:03+00:00","twitter_card":"summary_large_image","twitter_misc":{"Tiempo de lectura":"4 minutos"},"schema":{"@context":"https:\/\/schema.org","@graph":[{"@type":"WebPage","@id":"https:\/\/123-esta.com\/es\/obtener-una-visa-para-los-estados-unidos\/","url":"https:\/\/123-esta.com\/es\/obtener-una-visa-para-los-estados-unidos\/","name":"C\u00f3mo obtener su visa para ir a los Estados Unidos","isPartOf":{"@id":"https:\/\/123-esta.com\/es\/#website"},"datePublished":"2021-12-21T13:03:46+00:00","dateModified":"2022-09-01T08:45:03+00:00","description":"El ESTA no corresponde a todos los tipos de estad\u00eda en los Estados Unidos y la solicitud de visa puede ser inevitable. Nuestro consejo para una solicitud de visa r\u00e1pida.","inLanguage":"es","potentialAction":[{"@type":"ReadAction","target":["https:\/\/123-esta.com\/es\/obtener-una-visa-para-los-estados-unidos\/"]}]},{"@type":"WebSite","@id":"https:\/\/123-esta.com\/es\/#website","url":"https:\/\/123-esta.com\/es\/","name":"Formulaire ESTA pour les USA","description":"","publisher":{"@id":"https:\/\/123-esta.com\/es\/#organization"},"potentialAction":[{"@type":"SearchAction","target":{"@type":"EntryPoint","urlTemplate":"https:\/\/123-esta.com\/es\/?s={search_term_string}"},"query-input":{"@type":"PropertyValueSpecification","valueRequired":true,"valueName":"search_term_string"}}],"inLanguage":"es"},{"@type":"Organization","@id":"https:\/\/123-esta.com\/es\/#organization","name":"Formulaire ESTA pour les USA","url":"https:\/\/123-esta.com\/es\/","logo":{"@type":"ImageObject","inLanguage":"es","@id":"https:\/\/123-esta.com\/es\/#\/schema\/logo\/image\/","url":"https:\/\/123-esta.com\/wp-content\/uploads\/2018\/03\/logo-123-esta.png","contentUrl":"https:\/\/123-esta.com\/wp-content\/uploads\/2018\/03\/logo-123-esta.png","width":191,"height":54,"caption":"Formulaire ESTA pour les USA"},"image":{"@id":"https:\/\/123-esta.com\/es\/#\/schema\/logo\/image\/"}}]}},"_links":{"self":[{"href":"https:\/\/123-esta.com\/es\/wp-json\/wp\/v2\/pages\/1365","targetHints":{"allow":["GET"]}}],"collection":[{"href":"https:\/\/123-esta.com\/es\/wp-json\/wp\/v2\/pages"}],"about":[{"href":"https:\/\/123-esta.com\/es\/wp-json\/wp\/v2\/types\/page"}],"author":[{"embeddable":true,"href":"https:\/\/123-esta.com\/es\/wp-json\/wp\/v2\/users\/1"}],"replies":[{"embeddable":true,"href":"https:\/\/123-esta.com\/es\/wp-json\/wp\/v2\/comments?post=1365"}],"version-history":[{"count":0,"href":"https:\/\/123-esta.com\/es\/wp-json\/wp\/v2\/pages\/1365\/revisions"}],"wp:attachment":[{"href":"https:\/\/123-esta.com\/es\/wp-json\/wp\/v2\/media?parent=1365"}],"curies":[{"name":"wp","href":"https:\/\/api.w.org\/{rel}","templated":true}]}}