{"id":1359,"date":"2021-12-21T14:00:15","date_gmt":"2021-12-21T13:00:15","guid":{"rendered":"https:\/\/123-esta.com\/formulario-esta-para-los-estados-unidos\/tramites-en-estados-unidos-para-viajar-a-estados-unidos\/que-es-la-autorizacion-de-viaje-esta\/"},"modified":"2022-09-06T21:11:18","modified_gmt":"2022-09-06T19:11:18","slug":"que-es-esta","status":"publish","type":"page","link":"https:\/\/123-esta.com\/es\/que-es-esta\/","title":{"rendered":"\u00bfQu\u00e9 es la autorizaci\u00f3n de viaje ESTA?"},"content":{"rendered":"\n<p>Cada a\u00f1o, varios millones de viajeros llegan a las fronteras de los Estados Unidos con su autorizaci\u00f3n <a href=\"https:\/\/123-esta.com\/es\/\">ESTA<\/a> . Porque, como muchos pa\u00edses del mundo, Estados Unidos se toma muy en serio la seguridad de su territorio al monitorear muy de cerca la inmigraci\u00f3n legal. Y para recibir una visa ESTA, es necesario cumplir ciertas condiciones.<\/p>\n\n<h2 class=\"wp-block-heading\">\u00bfPara qu\u00e9 se utiliza la visa ESTA para los Estados Unidos?<\/h2>\n\n<p>La visa ESTA para los Estados Unidos es una autorizaci\u00f3n para obtener antes de poder poner un pie en la tierra del T\u00edo Sam. Aunque a menudo encontramos el t\u00e9rmino visa ESTA, es un nombre inapropiado porque la ESTA es precisamente un documento que permite prescindir de una visa.<\/p>\n\n<p>El Sistema Electr\u00f3nico de Autorizaci\u00f3n de Viaje, de su peque\u00f1o nombre ESTA, fue creado con el objetivo de hacer la vida m\u00e1s f\u00e1cil a las personas que desean viajar a Estados Unidos. De hecho, es muy r\u00e1pido obtenerlo y el <a href=\"https:\/\/123-esta.com\/es\/precios-y-pagos-esta\/\">costo de la ESTA<\/a> es mucho menor que el de una visa tradicional. Pero su alcance se limita a los viajes de negocios y al turismo no remunerados. No se recomienda obtener una visa ESTA si la excursi\u00f3n al pa\u00eds de exceso no cumple con estos criterios. Porque en caso de un problema en el lugar, la polic\u00eda y las autoridades aduaneras son extremadamente severas en el trato a los inmigrantes ilegales.<\/p>\n\n<h2 class=\"wp-block-heading\">\u00bfCu\u00e1les son las condiciones para obtener una visa ESTA para EE. UU.?<\/h2>\n\n<p>Es importante conocer las condiciones para obtener una visa ESTA para los EE. UU. Porque no todos son elegibles. En efecto, s\u00f3lo los nacionales de los 40 pa\u00edses miembros del Programa de Exenci\u00f3n de Visado pueden solicitar un visado ESTA. Tambi\u00e9n debe asegurarse de que cumple los siguientes criterios:<\/p>\n\n<ul class=\"wp-block-list\"><li>Como ya se coment\u00f3 anteriormente, el viaje debe realizarse con fines tur\u00edsticos o de negocios pero sin compensaci\u00f3n econ\u00f3mica;<\/li><li>El pasaporte utilizado para viajar debe ser electr\u00f3nico o biom\u00e9trico. Su per\u00edodo de validez debe cubrir toda la duraci\u00f3n de la estancia;<\/li><li>El viaje no debe exceder los 90 d\u00edas;<\/li><li>Finalmente, es importante poder realizar pagos en l\u00ednea porque una <a href=\"https:\/\/123-esta.com\/es\/esta-oficial\/\">ESTA oficial<\/a> solo se puede obtener en Internet.<\/li><\/ul>\n\n<h2 class=\"wp-block-heading\">\u00bfC\u00f3mo obtener una visa ESTA?<\/h2>\n\n<p>Ahora que se ha asegurado de haber cumplido con todos los requisitos, es hora de pasar a completar el <a href=\"https:\/\/123-esta.com\/es\/como-completar-el-esta-cuestionario\/\">cuestionario ESTA<\/a> . Este cuestionario est\u00e1 dividido en 3 partes donde tendr\u00e1s que responder m\u00faltiples preguntas relacionadas con tu informaci\u00f3n personal (tu nombre, nombre, fecha y lugar de nacimiento, etc.), los motivos de tu viaje o la informaci\u00f3n contenida en tu pasaporte. . Finaliza con una serie de preguntas que deben ser respondidas con \u00abs\u00ed\u00bb o \u00abno\u00bb sobre su estado de salud, sus antecedentes penales, si planea poner en peligro la seguridad interna del pa\u00eds (le recomendamos encarecidamente que responda no a esta una) &#8230;<\/p>\n\n<p>Una vez cumplimentado el cuestionario, nos encargamos de enviarlo a las autoridades competentes. Si has realizado este paso directamente en la web oficial, solo debes abonar las tasas de solicitud y se enviar\u00e1 directamente a los agentes encargados de su verificaci\u00f3n. Si la respuesta es s\u00ed, sepa que la <a href=\"https:\/\/123-esta.com\/es\/validez-esta\/\">ESTA es v\u00e1lida por<\/a> dos a\u00f1os, a menos que entre tanto cambie informaci\u00f3n importante (cambio de pasaporte, por ejemplo). De lo contrario, no es necesario renovarlo durante este per\u00edodo.<\/p>\n\n<p>Despu\u00e9s de estas explicaciones, habr\u00e1s comprendido la pregunta: \u00bfes <a href=\"https:\/\/123-esta.com\/es\/necesita-un-visado-para-eeuu\/\">necesario un visado para los Estados Unidos?<\/a> Nuestra respuesta es un gran S\u00cd en vista de su naturaleza y su utilidad. Si todav\u00eda tiene preguntas sobre la visa ESTA? No dude en consultar nuestras <a href=\"https:\/\/123-esta.com\/es\/faq-todas-las-respuestas-a-sus-preguntas-sobre-esta\/\">preguntas frecuentes sobre ESTA<\/a> .<\/p>\n","protected":false},"excerpt":{"rendered":"<p>Cada a\u00f1o, varios millones de viajeros llegan a las fronteras de los Estados Unidos con su autorizaci\u00f3n ESTA . Porque, como muchos pa\u00edses del mundo, Estados Unidos se toma muy en serio la seguridad de su territorio al monitorear muy de cerca la inmigraci\u00f3n legal. Y para recibir una visa ESTA, es necesario cumplir ciertas [&hellip;]<\/p>\n","protected":false},"author":1,"featured_media":0,"parent":0,"menu_order":0,"comment_status":"closed","ping_status":"closed","template":"","meta":{"site-sidebar-layout":"default","site-content-layout":"default","ast-site-content-layout":"default","site-content-style":"default","site-sidebar-style":"default","ast-global-header-display":"","ast-banner-title-visibility":"","ast-main-header-display":"","ast-hfb-above-header-display":"","ast-hfb-below-header-display":"","ast-hfb-mobile-header-display":"","site-post-title":"","ast-breadcrumbs-content":"","ast-featured-img":"","footer-sml-layout":"","ast-disable-related-posts":"","theme-transparent-header-meta":"default","adv-header-id-meta":"","stick-header-meta":"default","header-above-stick-meta":"","header-main-stick-meta":"","header-below-stick-meta":"","astra-migrate-meta-layouts":"default","ast-page-background-enabled":"default","ast-page-background-meta":{"desktop":{"background-color":"","background-image":"","background-repeat":"repeat","background-position":"center center","background-size":"auto","background-attachment":"scroll","background-type":"","background-media":"","overlay-type":"","overlay-color":"","overlay-opacity":"","overlay-gradient":""},"tablet":{"background-color":"","background-image":"","background-repeat":"repeat","background-position":"center center","background-size":"auto","background-attachment":"scroll","background-type":"","background-media":"","overlay-type":"","overlay-color":"","overlay-opacity":"","overlay-gradient":""},"mobile":{"background-color":"","background-image":"","background-repeat":"repeat","background-position":"center center","background-size":"auto","background-attachment":"scroll","background-type":"","background-media":"","overlay-type":"","overlay-color":"","overlay-opacity":"","overlay-gradient":""}},"ast-content-background-meta":{"desktop":{"background-color":"var(--ast-global-color-5)","background-image":"","background-repeat":"repeat","background-position":"center center","background-size":"auto","background-attachment":"scroll","background-type":"","background-media":"","overlay-type":"","overlay-color":"","overlay-opacity":"","overlay-gradient":""},"tablet":{"background-color":"var(--ast-global-color-5)","background-image":"","background-repeat":"repeat","background-position":"center center","background-size":"auto","background-attachment":"scroll","background-type":"","background-media":"","overlay-type":"","overlay-color":"","overlay-opacity":"","overlay-gradient":""},"mobile":{"background-color":"var(--ast-global-color-5)","background-image":"","background-repeat":"repeat","background-position":"center center","background-size":"auto","background-attachment":"scroll","background-type":"","background-media":"","overlay-type":"","overlay-color":"","overlay-opacity":"","overlay-gradient":""}},"footnotes":""},"class_list":["post-1359","page","type-page","status-publish","hentry"],"yoast_head":"<!-- This site is optimized with the Yoast SEO plugin v27.1.1 - https:\/\/yoast.com\/product\/yoast-seo-wordpress\/ -->\n<title>\u00bfQu\u00e9 es la autorizaci\u00f3n de viaje ESTA?<\/title>\n<meta name=\"description\" content=\"La autorizaci\u00f3n de viaje ESTA se ha convertido en un paso esencial en la preparaci\u00f3n de un viaje corto a EE. UU. Te lo contamos todo.\" \/>\n<meta name=\"robots\" content=\"index, follow, max-snippet:-1, max-image-preview:large, max-video-preview:-1\" \/>\n<link rel=\"canonical\" href=\"https:\/\/123-esta.com\/es\/que-es-esta\/\" \/>\n<meta property=\"og:locale\" content=\"es_ES\" \/>\n<meta property=\"og:type\" content=\"article\" \/>\n<meta property=\"og:title\" content=\"\u00bfQu\u00e9 es la autorizaci\u00f3n de viaje ESTA?\" \/>\n<meta property=\"og:description\" content=\"La autorizaci\u00f3n de viaje ESTA se ha convertido en un paso esencial en la preparaci\u00f3n de un viaje corto a EE. UU. Te lo contamos todo.\" \/>\n<meta property=\"og:url\" content=\"https:\/\/123-esta.com\/es\/que-es-esta\/\" \/>\n<meta property=\"og:site_name\" content=\"Formulaire ESTA pour les USA\" \/>\n<meta property=\"article:modified_time\" content=\"2022-09-06T19:11:18+00:00\" \/>\n<meta name=\"twitter:card\" content=\"summary_large_image\" \/>\n<meta name=\"twitter:label1\" content=\"Tiempo de lectura\" \/>\n\t<meta name=\"twitter:data1\" content=\"4 minutos\" \/>\n<script type=\"application\/ld+json\" class=\"yoast-schema-graph\">{\"@context\":\"https:\/\/schema.org\",\"@graph\":[{\"@type\":\"WebPage\",\"@id\":\"https:\/\/123-esta.com\/es\/que-es-esta\/\",\"url\":\"https:\/\/123-esta.com\/es\/que-es-esta\/\",\"name\":\"\u00bfQu\u00e9 es la autorizaci\u00f3n de viaje ESTA?\",\"isPartOf\":{\"@id\":\"https:\/\/123-esta.com\/es\/#website\"},\"datePublished\":\"2021-12-21T13:00:15+00:00\",\"dateModified\":\"2022-09-06T19:11:18+00:00\",\"description\":\"La autorizaci\u00f3n de viaje ESTA se ha convertido en un paso esencial en la preparaci\u00f3n de un viaje corto a EE. UU. Te lo contamos todo.\",\"inLanguage\":\"es\",\"potentialAction\":[{\"@type\":\"ReadAction\",\"target\":[\"https:\/\/123-esta.com\/es\/que-es-esta\/\"]}]},{\"@type\":\"WebSite\",\"@id\":\"https:\/\/123-esta.com\/es\/#website\",\"url\":\"https:\/\/123-esta.com\/es\/\",\"name\":\"Formulaire ESTA pour les USA\",\"description\":\"\",\"publisher\":{\"@id\":\"https:\/\/123-esta.com\/es\/#organization\"},\"potentialAction\":[{\"@type\":\"SearchAction\",\"target\":{\"@type\":\"EntryPoint\",\"urlTemplate\":\"https:\/\/123-esta.com\/es\/?s={search_term_string}\"},\"query-input\":{\"@type\":\"PropertyValueSpecification\",\"valueRequired\":true,\"valueName\":\"search_term_string\"}}],\"inLanguage\":\"es\"},{\"@type\":\"Organization\",\"@id\":\"https:\/\/123-esta.com\/es\/#organization\",\"name\":\"Formulaire ESTA pour les USA\",\"url\":\"https:\/\/123-esta.com\/es\/\",\"logo\":{\"@type\":\"ImageObject\",\"inLanguage\":\"es\",\"@id\":\"https:\/\/123-esta.com\/es\/#\/schema\/logo\/image\/\",\"url\":\"https:\/\/123-esta.com\/wp-content\/uploads\/2018\/03\/logo-123-esta.png\",\"contentUrl\":\"https:\/\/123-esta.com\/wp-content\/uploads\/2018\/03\/logo-123-esta.png\",\"width\":191,\"height\":54,\"caption\":\"Formulaire ESTA pour les USA\"},\"image\":{\"@id\":\"https:\/\/123-esta.com\/es\/#\/schema\/logo\/image\/\"}}]}<\/script>\n<!-- \/ Yoast SEO plugin. -->","yoast_head_json":{"title":"\u00bfQu\u00e9 es la autorizaci\u00f3n de viaje ESTA?","description":"La autorizaci\u00f3n de viaje ESTA se ha convertido en un paso esencial en la preparaci\u00f3n de un viaje corto a EE. UU. Te lo contamos todo.","robots":{"index":"index","follow":"follow","max-snippet":"max-snippet:-1","max-image-preview":"max-image-preview:large","max-video-preview":"max-video-preview:-1"},"canonical":"https:\/\/123-esta.com\/es\/que-es-esta\/","og_locale":"es_ES","og_type":"article","og_title":"\u00bfQu\u00e9 es la autorizaci\u00f3n de viaje ESTA?","og_description":"La autorizaci\u00f3n de viaje ESTA se ha convertido en un paso esencial en la preparaci\u00f3n de un viaje corto a EE. UU. Te lo contamos todo.","og_url":"https:\/\/123-esta.com\/es\/que-es-esta\/","og_site_name":"Formulaire ESTA pour les USA","article_modified_time":"2022-09-06T19:11:18+00:00","twitter_card":"summary_large_image","twitter_misc":{"Tiempo de lectura":"4 minutos"},"schema":{"@context":"https:\/\/schema.org","@graph":[{"@type":"WebPage","@id":"https:\/\/123-esta.com\/es\/que-es-esta\/","url":"https:\/\/123-esta.com\/es\/que-es-esta\/","name":"\u00bfQu\u00e9 es la autorizaci\u00f3n de viaje ESTA?","isPartOf":{"@id":"https:\/\/123-esta.com\/es\/#website"},"datePublished":"2021-12-21T13:00:15+00:00","dateModified":"2022-09-06T19:11:18+00:00","description":"La autorizaci\u00f3n de viaje ESTA se ha convertido en un paso esencial en la preparaci\u00f3n de un viaje corto a EE. UU. Te lo contamos todo.","inLanguage":"es","potentialAction":[{"@type":"ReadAction","target":["https:\/\/123-esta.com\/es\/que-es-esta\/"]}]},{"@type":"WebSite","@id":"https:\/\/123-esta.com\/es\/#website","url":"https:\/\/123-esta.com\/es\/","name":"Formulaire ESTA pour les USA","description":"","publisher":{"@id":"https:\/\/123-esta.com\/es\/#organization"},"potentialAction":[{"@type":"SearchAction","target":{"@type":"EntryPoint","urlTemplate":"https:\/\/123-esta.com\/es\/?s={search_term_string}"},"query-input":{"@type":"PropertyValueSpecification","valueRequired":true,"valueName":"search_term_string"}}],"inLanguage":"es"},{"@type":"Organization","@id":"https:\/\/123-esta.com\/es\/#organization","name":"Formulaire ESTA pour les USA","url":"https:\/\/123-esta.com\/es\/","logo":{"@type":"ImageObject","inLanguage":"es","@id":"https:\/\/123-esta.com\/es\/#\/schema\/logo\/image\/","url":"https:\/\/123-esta.com\/wp-content\/uploads\/2018\/03\/logo-123-esta.png","contentUrl":"https:\/\/123-esta.com\/wp-content\/uploads\/2018\/03\/logo-123-esta.png","width":191,"height":54,"caption":"Formulaire ESTA pour les USA"},"image":{"@id":"https:\/\/123-esta.com\/es\/#\/schema\/logo\/image\/"}}]}},"_links":{"self":[{"href":"https:\/\/123-esta.com\/es\/wp-json\/wp\/v2\/pages\/1359","targetHints":{"allow":["GET"]}}],"collection":[{"href":"https:\/\/123-esta.com\/es\/wp-json\/wp\/v2\/pages"}],"about":[{"href":"https:\/\/123-esta.com\/es\/wp-json\/wp\/v2\/types\/page"}],"author":[{"embeddable":true,"href":"https:\/\/123-esta.com\/es\/wp-json\/wp\/v2\/users\/1"}],"replies":[{"embeddable":true,"href":"https:\/\/123-esta.com\/es\/wp-json\/wp\/v2\/comments?post=1359"}],"version-history":[{"count":0,"href":"https:\/\/123-esta.com\/es\/wp-json\/wp\/v2\/pages\/1359\/revisions"}],"wp:attachment":[{"href":"https:\/\/123-esta.com\/es\/wp-json\/wp\/v2\/media?parent=1359"}],"curies":[{"name":"wp","href":"https:\/\/api.w.org\/{rel}","templated":true}]}}