{"id":1356,"date":"2021-12-21T13:58:58","date_gmt":"2021-12-21T12:58:58","guid":{"rendered":"https:\/\/123-esta.com\/formulario-esta-para-los-estados-unidos\/nuestro-consejo-para-un-viaje-pacifico-a-estados-unidos\/"},"modified":"2022-09-01T09:24:18","modified_gmt":"2022-09-01T07:24:18","slug":"nuestro-consejo-para-un-viaje-pacifico-a-estados-unidos","status":"publish","type":"page","link":"https:\/\/123-esta.com\/es\/nuestro-consejo-para-un-viaje-pacifico-a-estados-unidos\/","title":{"rendered":"Nuestro consejo para un viaje pac\u00edfico a Estados Unidos"},"content":{"rendered":"\n<p>\u00bfHas decidido irte a Estados Unidos para tus pr\u00f3ximas vacaciones? \u00bfTiene su pasaporte v\u00e1lido, su <a href=\"https:\/\/123-esta.com\/es\/\">ESTA<\/a> en el bolsillo e incluso ha reservado sus boletos de avi\u00f3n? \u00a1Excelente!<br\/>Tanto si vas a Nueva York para visitar la ciudad que nunca duerme como si vas all\u00ed para un <a href=\"https:\/\/123-esta.com\/es\/se-puede-utilizar-la-autorizacion-esta-para-una-estancia-linguistica\/\">viaje de estudios de idiomas<\/a> , aqu\u00ed tienes nuestros \u00faltimos consejos antes de la gran salida para estar mejor preparado y evitar sorpresas desagradables.<\/p>\n\n<h2 class=\"wp-block-heading\">Visitas y viajes<\/h2>\n\n<p>Si su itinerario a\u00fan no est\u00e1 definido con precisi\u00f3n, una cosa es segura: \u00a1no faltan destinos para <a href=\"https:\/\/123-esta.com\/es\/que-ver-y-visitar-durante-su-estadia-en-estados-unidos\/\">visitar los EE<\/a> . UU.! Las grandes ciudades como Nueva York son apreciadas por su desmesura, mientras que en California se busca la dulzura de la vida. \u00bfVas con tu familia? Florida, y sus numerosos parques de atracciones, har\u00e1n las delicias de grandes y peque\u00f1os.<\/p>\n\n<p>Si no te est\u00e1s limitando a una sola ciudad, debes saber que el pa\u00eds est\u00e1 dotado de muchas infraestructuras y que es f\u00e1cil viajar en tren, autob\u00fas, incluso en avi\u00f3n para cubrir largas distancias. Como parte de un viaje por carretera, el coche de alquiler sigue siendo el mejor <a href=\"https:\/\/123-esta.com\/es\/el-medio-de-transporte-para-visitar-estados-unidos\/\">medio de transporte en los Estados Unidos<\/a> . En este sentido, es importante destacar que no es necesario solicitar una licencia internacional antes de partir, porque su licencia de conducir francesa es suficiente para alquilar un veh\u00edculo.<\/p>\n\n<h2 class=\"wp-block-heading\">Cobertura sanitaria y cambiaria<\/h2>\n\n<p>Tambi\u00e9n considere comprar <a href=\"https:\/\/123-esta.com\/es\/seguro-de-salud-para-un-viaje-a-los-estados-unidos\/\">un seguro de viaje<\/a> . Lo ideal es optar por un seguro a todo riesgo que cubra en particular parte de la atenci\u00f3n prestada en Estados Unidos. Desafortunadamente, el pa\u00eds es famoso por sus altos costos m\u00e9dicos. El dicho \u00abes mejor prevenir que curar\u00bb es particularmente apropiado para un viaje a los Estados Unidos; y ser\u00eda una l\u00e1stima que un accidente, por peque\u00f1o que fuera, pudiera reducir su presupuesto de vacaciones.<\/p>\n\n<p>Cuando se trata de presupuesto, sabes que la moneda de Estados Unidos es el d\u00f3lar estadounidense. Por lo tanto, tendr\u00e1 que cambiar sus euros a d\u00f3lares en un momento u otro. Hay muchas opciones para hacer esto. Puedes cambiar tu dinero antes de tu salida o una vez all\u00ed: en tu banco, en un aeropuerto, en una <a href=\"https:\/\/123-esta.com\/es\/como-y-donde-cambiar-su-moneda-cuando-vaya-a-ee-uu\/\">oficina de cambio de divisas<\/a> o incluso realizar retiros de efectivo a trav\u00e9s de cajeros autom\u00e1ticos.<\/p>\n\n<h2 class=\"wp-block-heading\">cultura americana<\/h2>\n\n<p>Finalmente, el descubrimiento de otra cultura es lo que hace todo el encanto de un viaje al extranjero, y la gastronom\u00eda forma parte de ello. La comida r\u00e1pida y sus numerosos representantes que se pueden encontrar por aqu\u00ed son, por supuesto, un elemento b\u00e1sico de <a href=\"https:\/\/123-esta.com\/es\/cocina-estadounidense-un-elemento-basico-de-su-viaje\/\">la cocina estadounidense.<\/a> Sin embargo, las especialidades culinarias del pa\u00eds no se limitan a las hamburguesas o los hot dogs. Estados Unidos est\u00e1 compuesto por 50 estados, cada uno con su propia especialidad culinaria, desde carne hasta pescado, desde comida saludable hasta comida chatarra, \u00a1hay algo para todos!<\/p>\n\n<p>Tampoco se sorprenda si los estadounidenses se acercan a usted en la calle. Los estadounidenses son muy acogedores y tambi\u00e9n curiosos, el pa\u00eds de inmigraci\u00f3n obliga. Si esto te sucede, ser\u00e1 una oportunidad para que intercambies, aprendas un poco m\u00e1s sobre la cultura del pa\u00eds y practiques tu ingl\u00e9s.<\/p>\n","protected":false},"excerpt":{"rendered":"<p>\u00bfHas decidido irte a Estados Unidos para tus pr\u00f3ximas vacaciones? \u00bfTiene su pasaporte v\u00e1lido, su ESTA en el bolsillo e incluso ha reservado sus boletos de avi\u00f3n? \u00a1Excelente!Tanto si vas a Nueva York para visitar la ciudad que nunca duerme como si vas all\u00ed para un viaje de estudios de idiomas , aqu\u00ed tienes nuestros [&hellip;]<\/p>\n","protected":false},"author":1,"featured_media":0,"parent":0,"menu_order":0,"comment_status":"closed","ping_status":"closed","template":"","meta":{"site-sidebar-layout":"default","site-content-layout":"default","ast-site-content-layout":"default","site-content-style":"default","site-sidebar-style":"default","ast-global-header-display":"","ast-banner-title-visibility":"","ast-main-header-display":"","ast-hfb-above-header-display":"","ast-hfb-below-header-display":"","ast-hfb-mobile-header-display":"","site-post-title":"","ast-breadcrumbs-content":"","ast-featured-img":"","footer-sml-layout":"","ast-disable-related-posts":"","theme-transparent-header-meta":"default","adv-header-id-meta":"","stick-header-meta":"default","header-above-stick-meta":"","header-main-stick-meta":"","header-below-stick-meta":"","astra-migrate-meta-layouts":"default","ast-page-background-enabled":"default","ast-page-background-meta":{"desktop":{"background-color":"","background-image":"","background-repeat":"repeat","background-position":"center center","background-size":"auto","background-attachment":"scroll","background-type":"","background-media":"","overlay-type":"","overlay-color":"","overlay-opacity":"","overlay-gradient":""},"tablet":{"background-color":"","background-image":"","background-repeat":"repeat","background-position":"center center","background-size":"auto","background-attachment":"scroll","background-type":"","background-media":"","overlay-type":"","overlay-color":"","overlay-opacity":"","overlay-gradient":""},"mobile":{"background-color":"","background-image":"","background-repeat":"repeat","background-position":"center center","background-size":"auto","background-attachment":"scroll","background-type":"","background-media":"","overlay-type":"","overlay-color":"","overlay-opacity":"","overlay-gradient":""}},"ast-content-background-meta":{"desktop":{"background-color":"var(--ast-global-color-5)","background-image":"","background-repeat":"repeat","background-position":"center center","background-size":"auto","background-attachment":"scroll","background-type":"","background-media":"","overlay-type":"","overlay-color":"","overlay-opacity":"","overlay-gradient":""},"tablet":{"background-color":"var(--ast-global-color-5)","background-image":"","background-repeat":"repeat","background-position":"center center","background-size":"auto","background-attachment":"scroll","background-type":"","background-media":"","overlay-type":"","overlay-color":"","overlay-opacity":"","overlay-gradient":""},"mobile":{"background-color":"var(--ast-global-color-5)","background-image":"","background-repeat":"repeat","background-position":"center center","background-size":"auto","background-attachment":"scroll","background-type":"","background-media":"","overlay-type":"","overlay-color":"","overlay-opacity":"","overlay-gradient":""}},"footnotes":""},"class_list":["post-1356","page","type-page","status-publish","hentry"],"yoast_head":"<!-- This site is optimized with the Yoast SEO plugin v27.1.1 - https:\/\/yoast.com\/product\/yoast-seo-wordpress\/ -->\n<title>Nuestro consejo para preparar tu viaje a Estados Unidos<\/title>\n<meta name=\"description\" content=\"Los viajeros que deseen permanecer en los Estados Unidos deben preparar bien su horario. Encuentre aqu\u00ed nuestros consejos para unas vacaciones exitosas.\" \/>\n<meta name=\"robots\" content=\"index, follow, max-snippet:-1, max-image-preview:large, max-video-preview:-1\" \/>\n<link rel=\"canonical\" href=\"https:\/\/123-esta.com\/es\/nuestro-consejo-para-un-viaje-pacifico-a-estados-unidos\/\" \/>\n<meta property=\"og:locale\" content=\"es_ES\" \/>\n<meta property=\"og:type\" content=\"article\" \/>\n<meta property=\"og:title\" content=\"Nuestro consejo para preparar tu viaje a Estados Unidos\" \/>\n<meta property=\"og:description\" content=\"Los viajeros que deseen permanecer en los Estados Unidos deben preparar bien su horario. Encuentre aqu\u00ed nuestros consejos para unas vacaciones exitosas.\" \/>\n<meta property=\"og:url\" content=\"https:\/\/123-esta.com\/es\/nuestro-consejo-para-un-viaje-pacifico-a-estados-unidos\/\" \/>\n<meta property=\"og:site_name\" content=\"Formulaire ESTA pour les USA\" \/>\n<meta property=\"article:modified_time\" content=\"2022-09-01T07:24:18+00:00\" \/>\n<meta name=\"twitter:card\" content=\"summary_large_image\" \/>\n<meta name=\"twitter:label1\" content=\"Tiempo de lectura\" \/>\n\t<meta name=\"twitter:data1\" content=\"3 minutos\" \/>\n<script type=\"application\/ld+json\" class=\"yoast-schema-graph\">{\"@context\":\"https:\/\/schema.org\",\"@graph\":[{\"@type\":\"WebPage\",\"@id\":\"https:\/\/123-esta.com\/es\/nuestro-consejo-para-un-viaje-pacifico-a-estados-unidos\/\",\"url\":\"https:\/\/123-esta.com\/es\/nuestro-consejo-para-un-viaje-pacifico-a-estados-unidos\/\",\"name\":\"Nuestro consejo para preparar tu viaje a Estados Unidos\",\"isPartOf\":{\"@id\":\"https:\/\/123-esta.com\/es\/#website\"},\"datePublished\":\"2021-12-21T12:58:58+00:00\",\"dateModified\":\"2022-09-01T07:24:18+00:00\",\"description\":\"Los viajeros que deseen permanecer en los Estados Unidos deben preparar bien su horario. Encuentre aqu\u00ed nuestros consejos para unas vacaciones exitosas.\",\"inLanguage\":\"es\",\"potentialAction\":[{\"@type\":\"ReadAction\",\"target\":[\"https:\/\/123-esta.com\/es\/nuestro-consejo-para-un-viaje-pacifico-a-estados-unidos\/\"]}]},{\"@type\":\"WebSite\",\"@id\":\"https:\/\/123-esta.com\/es\/#website\",\"url\":\"https:\/\/123-esta.com\/es\/\",\"name\":\"Formulaire ESTA pour les USA\",\"description\":\"\",\"publisher\":{\"@id\":\"https:\/\/123-esta.com\/es\/#organization\"},\"potentialAction\":[{\"@type\":\"SearchAction\",\"target\":{\"@type\":\"EntryPoint\",\"urlTemplate\":\"https:\/\/123-esta.com\/es\/?s={search_term_string}\"},\"query-input\":{\"@type\":\"PropertyValueSpecification\",\"valueRequired\":true,\"valueName\":\"search_term_string\"}}],\"inLanguage\":\"es\"},{\"@type\":\"Organization\",\"@id\":\"https:\/\/123-esta.com\/es\/#organization\",\"name\":\"Formulaire ESTA pour les USA\",\"url\":\"https:\/\/123-esta.com\/es\/\",\"logo\":{\"@type\":\"ImageObject\",\"inLanguage\":\"es\",\"@id\":\"https:\/\/123-esta.com\/es\/#\/schema\/logo\/image\/\",\"url\":\"https:\/\/123-esta.com\/wp-content\/uploads\/2018\/03\/logo-123-esta.png\",\"contentUrl\":\"https:\/\/123-esta.com\/wp-content\/uploads\/2018\/03\/logo-123-esta.png\",\"width\":191,\"height\":54,\"caption\":\"Formulaire ESTA pour les USA\"},\"image\":{\"@id\":\"https:\/\/123-esta.com\/es\/#\/schema\/logo\/image\/\"}}]}<\/script>\n<!-- \/ Yoast SEO plugin. -->","yoast_head_json":{"title":"Nuestro consejo para preparar tu viaje a Estados Unidos","description":"Los viajeros que deseen permanecer en los Estados Unidos deben preparar bien su horario. Encuentre aqu\u00ed nuestros consejos para unas vacaciones exitosas.","robots":{"index":"index","follow":"follow","max-snippet":"max-snippet:-1","max-image-preview":"max-image-preview:large","max-video-preview":"max-video-preview:-1"},"canonical":"https:\/\/123-esta.com\/es\/nuestro-consejo-para-un-viaje-pacifico-a-estados-unidos\/","og_locale":"es_ES","og_type":"article","og_title":"Nuestro consejo para preparar tu viaje a Estados Unidos","og_description":"Los viajeros que deseen permanecer en los Estados Unidos deben preparar bien su horario. Encuentre aqu\u00ed nuestros consejos para unas vacaciones exitosas.","og_url":"https:\/\/123-esta.com\/es\/nuestro-consejo-para-un-viaje-pacifico-a-estados-unidos\/","og_site_name":"Formulaire ESTA pour les USA","article_modified_time":"2022-09-01T07:24:18+00:00","twitter_card":"summary_large_image","twitter_misc":{"Tiempo de lectura":"3 minutos"},"schema":{"@context":"https:\/\/schema.org","@graph":[{"@type":"WebPage","@id":"https:\/\/123-esta.com\/es\/nuestro-consejo-para-un-viaje-pacifico-a-estados-unidos\/","url":"https:\/\/123-esta.com\/es\/nuestro-consejo-para-un-viaje-pacifico-a-estados-unidos\/","name":"Nuestro consejo para preparar tu viaje a Estados Unidos","isPartOf":{"@id":"https:\/\/123-esta.com\/es\/#website"},"datePublished":"2021-12-21T12:58:58+00:00","dateModified":"2022-09-01T07:24:18+00:00","description":"Los viajeros que deseen permanecer en los Estados Unidos deben preparar bien su horario. Encuentre aqu\u00ed nuestros consejos para unas vacaciones exitosas.","inLanguage":"es","potentialAction":[{"@type":"ReadAction","target":["https:\/\/123-esta.com\/es\/nuestro-consejo-para-un-viaje-pacifico-a-estados-unidos\/"]}]},{"@type":"WebSite","@id":"https:\/\/123-esta.com\/es\/#website","url":"https:\/\/123-esta.com\/es\/","name":"Formulaire ESTA pour les USA","description":"","publisher":{"@id":"https:\/\/123-esta.com\/es\/#organization"},"potentialAction":[{"@type":"SearchAction","target":{"@type":"EntryPoint","urlTemplate":"https:\/\/123-esta.com\/es\/?s={search_term_string}"},"query-input":{"@type":"PropertyValueSpecification","valueRequired":true,"valueName":"search_term_string"}}],"inLanguage":"es"},{"@type":"Organization","@id":"https:\/\/123-esta.com\/es\/#organization","name":"Formulaire ESTA pour les USA","url":"https:\/\/123-esta.com\/es\/","logo":{"@type":"ImageObject","inLanguage":"es","@id":"https:\/\/123-esta.com\/es\/#\/schema\/logo\/image\/","url":"https:\/\/123-esta.com\/wp-content\/uploads\/2018\/03\/logo-123-esta.png","contentUrl":"https:\/\/123-esta.com\/wp-content\/uploads\/2018\/03\/logo-123-esta.png","width":191,"height":54,"caption":"Formulaire ESTA pour les USA"},"image":{"@id":"https:\/\/123-esta.com\/es\/#\/schema\/logo\/image\/"}}]}},"_links":{"self":[{"href":"https:\/\/123-esta.com\/es\/wp-json\/wp\/v2\/pages\/1356","targetHints":{"allow":["GET"]}}],"collection":[{"href":"https:\/\/123-esta.com\/es\/wp-json\/wp\/v2\/pages"}],"about":[{"href":"https:\/\/123-esta.com\/es\/wp-json\/wp\/v2\/types\/page"}],"author":[{"embeddable":true,"href":"https:\/\/123-esta.com\/es\/wp-json\/wp\/v2\/users\/1"}],"replies":[{"embeddable":true,"href":"https:\/\/123-esta.com\/es\/wp-json\/wp\/v2\/comments?post=1356"}],"version-history":[{"count":0,"href":"https:\/\/123-esta.com\/es\/wp-json\/wp\/v2\/pages\/1356\/revisions"}],"wp:attachment":[{"href":"https:\/\/123-esta.com\/es\/wp-json\/wp\/v2\/media?parent=1356"}],"curies":[{"name":"wp","href":"https:\/\/api.w.org\/{rel}","templated":true}]}}