{"id":1352,"date":"2021-12-21T13:57:02","date_gmt":"2021-12-21T12:57:02","guid":{"rendered":"https:\/\/123-esta.com\/formulario-esta-para-los-estados-unidos\/tramites-en-estados-unidos-para-viajar-a-estados-unidos\/"},"modified":"2022-08-23T23:45:52","modified_gmt":"2022-08-23T21:45:52","slug":"tramites-usa","status":"publish","type":"page","link":"https:\/\/123-esta.com\/es\/tramites-usa\/","title":{"rendered":"Tr\u00e1mites en Estados Unidos para viajar a Estados Unidos"},"content":{"rendered":"\n<p>\u00bfHas decidido ir a Estados Unidos? El gobierno estadounidense, preocupado por la seguridad de su pa\u00eds, exige que los viajeros cumplan con ciertos criterios y completen los tr\u00e1mites estadounidenses necesarios para su entrada al territorio antes de que puedan salir y poner un pie en suelo estadounidense.<\/p>\n\n<p>Gracias al programa Visa Waiver, muchos franceses optan por pasar sus vacaciones en los Estados Unidos. <a href=\"https:\/\/123-esta.com\/es\/validez-esta\/\">La ESTA es v\u00e1lida<\/a> por dos a\u00f1os, lo que permite estancias m\u00faltiples en los EE. UU. Durante este per\u00edodo. Si este documento es f\u00e1cil de obtener, no obstante es esencial, al igual que algunos otros tr\u00e1mites de EE. UU. Que deben realizarse antes de partir.<\/p>\n\n<h2 class=\"wp-block-heading\">Formalidades AMERICANAS que deben observarse<\/h2>\n\n<p>Tienes que prepararte para unas vacaciones, \u00a1y esto es a\u00fan m\u00e1s cierto para un viaje a los Estados Unidos! Las formalidades estadounidenses pueden parecer al principio largas y tediosas, pero no lo es. Te presentamos los documentos que debes cumplir y los criterios que debes cumplir para poder ir a USA.<\/p>\n\n<p>En primer lugar, debe tener un pasaporte electr\u00f3nico o biom\u00e9trico v\u00e1lido, que cubra toda la duraci\u00f3n de su estad\u00eda en los EE. UU. (Incluida la fecha de regreso). Francia es miembro del \u00abClub de los seis meses\u00bb, por lo que sus nacionales no necesitan que su pasaporte sea v\u00e1lido durante los 6 meses siguientes a la fecha de regreso. Una vez que tenga este documento en el bolsillo, podr\u00e1 solicitar una autorizaci\u00f3n de viaje o un <a href=\"https:\/\/123-esta.com\/es\/visado-turista-estados-unidos\/\">visado de turista para Estados Unidos<\/a> (seg\u00fan su situaci\u00f3n).<\/p>\n\n<p>Tenga en cuenta: si tiene un pasaporte de emergencia, debe solicitar una visa de EE. UU., Independientemente del tipo de viaje que est\u00e9 realizando (tur\u00edstico, profesional o de <a href=\"https:\/\/123-esta.com\/es\/debe-uno-solicitar-una-esta-para-un-transito\/\">tr\u00e1nsito<\/a> ).<\/p>\n\n<p>Finalmente, si ingresa a Estados Unidos por v\u00eda terrestre (desde Canad\u00e1 o M\u00e9xico), debe tener su pasaporte consigo y deber\u00e1 pagar un impuesto de $ 6 en la frontera.<\/p>\n\n<p>Una vez que haya completado estos tr\u00e1mites de EE. UU., Puede viajar a los Estados Unidos con confianza. Sin embargo, el viaje no comienza realmente hasta despu\u00e9s del servicio de inmigraci\u00f3n de EE. UU.<\/p>\n\n<h2 class=\"wp-block-heading\">Tr\u00e1mites en Estados Unidos: paso por el servicio de inmigraci\u00f3n estadounidense<\/h2>\n\n<p>\u00bfTiene todos los documentos necesarios para sus vacaciones en Nueva York y ha completado todos los tr\u00e1mites de viaje a EE. UU.? Muy bien ! Cuando llegue a los Estados Unidos, pasar\u00e1 por el Servicio de Inmigraci\u00f3n de los Estados Unidos. El oficial al que se reportar\u00e1 le pedir\u00e1 su pasaporte. El formulario azul 6059B, tambi\u00e9n llamado formulario de declaraci\u00f3n de aduanas (entregado en el avi\u00f3n o en el barco) ya no es necesario.<\/p>\n\n<p>El oficial de inmigraci\u00f3n le tomar\u00e1 una foto y escanear\u00e1 sus huellas digitales. Adem\u00e1s, si tiene una autorizaci\u00f3n de viaje, es importante recordar que solo se refiere a su viaje y no a su entrada a los Estados Unidos. En otras palabras, significa que se le permite entrar a la frontera de los EE. UU. Sin tener la garant\u00eda de cruzarla. Pero tenga la seguridad de que si ha completado su formulario de solicitud de manera correcta y honesta, no hay raz\u00f3n para que el oficial le niegue la entrada a los Estados Unidos.<br\/>\nFinalmente, recuerda que si solo est\u00e1s de paso, no est\u00e1s exento de las formalidades de USA: pasar\u00e1s el mismo control pero tomar\u00e1s una cola dedicada a los viajeros en tr\u00e1nsito.<\/p>\n","protected":false},"excerpt":{"rendered":"<p>\u00bfHas decidido ir a Estados Unidos? El gobierno estadounidense, preocupado por la seguridad de su pa\u00eds, exige que los viajeros cumplan con ciertos criterios y completen los tr\u00e1mites estadounidenses necesarios para su entrada al territorio antes de que puedan salir y poner un pie en suelo estadounidense. Gracias al programa Visa Waiver, muchos franceses optan [&hellip;]<\/p>\n","protected":false},"author":1,"featured_media":0,"parent":0,"menu_order":0,"comment_status":"closed","ping_status":"closed","template":"","meta":{"site-sidebar-layout":"default","site-content-layout":"default","ast-site-content-layout":"default","site-content-style":"default","site-sidebar-style":"default","ast-global-header-display":"","ast-banner-title-visibility":"","ast-main-header-display":"","ast-hfb-above-header-display":"","ast-hfb-below-header-display":"","ast-hfb-mobile-header-display":"","site-post-title":"","ast-breadcrumbs-content":"","ast-featured-img":"","footer-sml-layout":"","ast-disable-related-posts":"","theme-transparent-header-meta":"default","adv-header-id-meta":"","stick-header-meta":"default","header-above-stick-meta":"","header-main-stick-meta":"","header-below-stick-meta":"","astra-migrate-meta-layouts":"default","ast-page-background-enabled":"default","ast-page-background-meta":{"desktop":{"background-color":"","background-image":"","background-repeat":"repeat","background-position":"center center","background-size":"auto","background-attachment":"scroll","background-type":"","background-media":"","overlay-type":"","overlay-color":"","overlay-opacity":"","overlay-gradient":""},"tablet":{"background-color":"","background-image":"","background-repeat":"repeat","background-position":"center center","background-size":"auto","background-attachment":"scroll","background-type":"","background-media":"","overlay-type":"","overlay-color":"","overlay-opacity":"","overlay-gradient":""},"mobile":{"background-color":"","background-image":"","background-repeat":"repeat","background-position":"center center","background-size":"auto","background-attachment":"scroll","background-type":"","background-media":"","overlay-type":"","overlay-color":"","overlay-opacity":"","overlay-gradient":""}},"ast-content-background-meta":{"desktop":{"background-color":"var(--ast-global-color-5)","background-image":"","background-repeat":"repeat","background-position":"center center","background-size":"auto","background-attachment":"scroll","background-type":"","background-media":"","overlay-type":"","overlay-color":"","overlay-opacity":"","overlay-gradient":""},"tablet":{"background-color":"var(--ast-global-color-5)","background-image":"","background-repeat":"repeat","background-position":"center center","background-size":"auto","background-attachment":"scroll","background-type":"","background-media":"","overlay-type":"","overlay-color":"","overlay-opacity":"","overlay-gradient":""},"mobile":{"background-color":"var(--ast-global-color-5)","background-image":"","background-repeat":"repeat","background-position":"center center","background-size":"auto","background-attachment":"scroll","background-type":"","background-media":"","overlay-type":"","overlay-color":"","overlay-opacity":"","overlay-gradient":""}},"footnotes":""},"class_list":["post-1352","page","type-page","status-publish","hentry"],"yoast_head":"<!-- This site is optimized with the Yoast SEO plugin v27.1.1 - https:\/\/yoast.com\/product\/yoast-seo-wordpress\/ -->\n<title>Los tr\u00e1mites para preparar tu viaje a Estados Unidos<\/title>\n<meta name=\"description\" content=\"Mudarse a Estados Unidos es una experiencia emocionante para la que hay que prepararse, de lo contrario ser\u00e1 una pesadilla. Recordatorio de las formalidades de EE. UU. Que deben cumplirse.\" \/>\n<meta name=\"robots\" content=\"index, follow, max-snippet:-1, max-image-preview:large, max-video-preview:-1\" \/>\n<link rel=\"canonical\" href=\"https:\/\/123-esta.com\/es\/tramites-usa\/\" \/>\n<meta property=\"og:locale\" content=\"es_ES\" \/>\n<meta property=\"og:type\" content=\"article\" \/>\n<meta property=\"og:title\" content=\"Los tr\u00e1mites para preparar tu viaje a Estados Unidos\" \/>\n<meta property=\"og:description\" content=\"Mudarse a Estados Unidos es una experiencia emocionante para la que hay que prepararse, de lo contrario ser\u00e1 una pesadilla. Recordatorio de las formalidades de EE. UU. Que deben cumplirse.\" \/>\n<meta property=\"og:url\" content=\"https:\/\/123-esta.com\/es\/tramites-usa\/\" \/>\n<meta property=\"og:site_name\" content=\"Formulaire ESTA pour les USA\" \/>\n<meta property=\"article:modified_time\" content=\"2022-08-23T21:45:52+00:00\" \/>\n<meta name=\"twitter:card\" content=\"summary_large_image\" \/>\n<meta name=\"twitter:label1\" content=\"Tiempo de lectura\" \/>\n\t<meta name=\"twitter:data1\" content=\"3 minutos\" \/>\n<script type=\"application\/ld+json\" class=\"yoast-schema-graph\">{\"@context\":\"https:\/\/schema.org\",\"@graph\":[{\"@type\":\"WebPage\",\"@id\":\"https:\/\/123-esta.com\/es\/tramites-usa\/\",\"url\":\"https:\/\/123-esta.com\/es\/tramites-usa\/\",\"name\":\"Los tr\u00e1mites para preparar tu viaje a Estados Unidos\",\"isPartOf\":{\"@id\":\"https:\/\/123-esta.com\/es\/#website\"},\"datePublished\":\"2021-12-21T12:57:02+00:00\",\"dateModified\":\"2022-08-23T21:45:52+00:00\",\"description\":\"Mudarse a Estados Unidos es una experiencia emocionante para la que hay que prepararse, de lo contrario ser\u00e1 una pesadilla. Recordatorio de las formalidades de EE. UU. Que deben cumplirse.\",\"inLanguage\":\"es\",\"potentialAction\":[{\"@type\":\"ReadAction\",\"target\":[\"https:\/\/123-esta.com\/es\/tramites-usa\/\"]}]},{\"@type\":\"WebSite\",\"@id\":\"https:\/\/123-esta.com\/es\/#website\",\"url\":\"https:\/\/123-esta.com\/es\/\",\"name\":\"Formulaire ESTA pour les USA\",\"description\":\"\",\"publisher\":{\"@id\":\"https:\/\/123-esta.com\/es\/#organization\"},\"potentialAction\":[{\"@type\":\"SearchAction\",\"target\":{\"@type\":\"EntryPoint\",\"urlTemplate\":\"https:\/\/123-esta.com\/es\/?s={search_term_string}\"},\"query-input\":{\"@type\":\"PropertyValueSpecification\",\"valueRequired\":true,\"valueName\":\"search_term_string\"}}],\"inLanguage\":\"es\"},{\"@type\":\"Organization\",\"@id\":\"https:\/\/123-esta.com\/es\/#organization\",\"name\":\"Formulaire ESTA pour les USA\",\"url\":\"https:\/\/123-esta.com\/es\/\",\"logo\":{\"@type\":\"ImageObject\",\"inLanguage\":\"es\",\"@id\":\"https:\/\/123-esta.com\/es\/#\/schema\/logo\/image\/\",\"url\":\"https:\/\/123-esta.com\/wp-content\/uploads\/2018\/03\/logo-123-esta.png\",\"contentUrl\":\"https:\/\/123-esta.com\/wp-content\/uploads\/2018\/03\/logo-123-esta.png\",\"width\":191,\"height\":54,\"caption\":\"Formulaire ESTA pour les USA\"},\"image\":{\"@id\":\"https:\/\/123-esta.com\/es\/#\/schema\/logo\/image\/\"}}]}<\/script>\n<!-- \/ Yoast SEO plugin. -->","yoast_head_json":{"title":"Los tr\u00e1mites para preparar tu viaje a Estados Unidos","description":"Mudarse a Estados Unidos es una experiencia emocionante para la que hay que prepararse, de lo contrario ser\u00e1 una pesadilla. Recordatorio de las formalidades de EE. UU. Que deben cumplirse.","robots":{"index":"index","follow":"follow","max-snippet":"max-snippet:-1","max-image-preview":"max-image-preview:large","max-video-preview":"max-video-preview:-1"},"canonical":"https:\/\/123-esta.com\/es\/tramites-usa\/","og_locale":"es_ES","og_type":"article","og_title":"Los tr\u00e1mites para preparar tu viaje a Estados Unidos","og_description":"Mudarse a Estados Unidos es una experiencia emocionante para la que hay que prepararse, de lo contrario ser\u00e1 una pesadilla. Recordatorio de las formalidades de EE. UU. Que deben cumplirse.","og_url":"https:\/\/123-esta.com\/es\/tramites-usa\/","og_site_name":"Formulaire ESTA pour les USA","article_modified_time":"2022-08-23T21:45:52+00:00","twitter_card":"summary_large_image","twitter_misc":{"Tiempo de lectura":"3 minutos"},"schema":{"@context":"https:\/\/schema.org","@graph":[{"@type":"WebPage","@id":"https:\/\/123-esta.com\/es\/tramites-usa\/","url":"https:\/\/123-esta.com\/es\/tramites-usa\/","name":"Los tr\u00e1mites para preparar tu viaje a Estados Unidos","isPartOf":{"@id":"https:\/\/123-esta.com\/es\/#website"},"datePublished":"2021-12-21T12:57:02+00:00","dateModified":"2022-08-23T21:45:52+00:00","description":"Mudarse a Estados Unidos es una experiencia emocionante para la que hay que prepararse, de lo contrario ser\u00e1 una pesadilla. Recordatorio de las formalidades de EE. UU. Que deben cumplirse.","inLanguage":"es","potentialAction":[{"@type":"ReadAction","target":["https:\/\/123-esta.com\/es\/tramites-usa\/"]}]},{"@type":"WebSite","@id":"https:\/\/123-esta.com\/es\/#website","url":"https:\/\/123-esta.com\/es\/","name":"Formulaire ESTA pour les USA","description":"","publisher":{"@id":"https:\/\/123-esta.com\/es\/#organization"},"potentialAction":[{"@type":"SearchAction","target":{"@type":"EntryPoint","urlTemplate":"https:\/\/123-esta.com\/es\/?s={search_term_string}"},"query-input":{"@type":"PropertyValueSpecification","valueRequired":true,"valueName":"search_term_string"}}],"inLanguage":"es"},{"@type":"Organization","@id":"https:\/\/123-esta.com\/es\/#organization","name":"Formulaire ESTA pour les USA","url":"https:\/\/123-esta.com\/es\/","logo":{"@type":"ImageObject","inLanguage":"es","@id":"https:\/\/123-esta.com\/es\/#\/schema\/logo\/image\/","url":"https:\/\/123-esta.com\/wp-content\/uploads\/2018\/03\/logo-123-esta.png","contentUrl":"https:\/\/123-esta.com\/wp-content\/uploads\/2018\/03\/logo-123-esta.png","width":191,"height":54,"caption":"Formulaire ESTA pour les USA"},"image":{"@id":"https:\/\/123-esta.com\/es\/#\/schema\/logo\/image\/"}}]}},"_links":{"self":[{"href":"https:\/\/123-esta.com\/es\/wp-json\/wp\/v2\/pages\/1352","targetHints":{"allow":["GET"]}}],"collection":[{"href":"https:\/\/123-esta.com\/es\/wp-json\/wp\/v2\/pages"}],"about":[{"href":"https:\/\/123-esta.com\/es\/wp-json\/wp\/v2\/types\/page"}],"author":[{"embeddable":true,"href":"https:\/\/123-esta.com\/es\/wp-json\/wp\/v2\/users\/1"}],"replies":[{"embeddable":true,"href":"https:\/\/123-esta.com\/es\/wp-json\/wp\/v2\/comments?post=1352"}],"version-history":[{"count":0,"href":"https:\/\/123-esta.com\/es\/wp-json\/wp\/v2\/pages\/1352\/revisions"}],"wp:attachment":[{"href":"https:\/\/123-esta.com\/es\/wp-json\/wp\/v2\/media?parent=1352"}],"curies":[{"name":"wp","href":"https:\/\/api.w.org\/{rel}","templated":true}]}}