{"id":1341,"date":"2021-12-21T13:42:31","date_gmt":"2021-12-21T12:42:31","guid":{"rendered":"https:\/\/123-esta.com\/formulario-en-linea-esta\/"},"modified":"2023-08-24T11:49:58","modified_gmt":"2023-08-24T09:49:58","slug":"formulario-esta-en-espanol","status":"publish","type":"page","link":"https:\/\/123-esta.com\/es\/formulario-esta-en-espanol\/","title":{"rendered":"Formulario ESTA en l\u00ednea"},"content":{"rendered":"\t\t<div data-elementor-type=\"wp-page\" data-elementor-id=\"1341\" class=\"elementor elementor-1341 elementor-715\" data-elementor-post-type=\"page\">\n\t\t\t\t\t\t<section class=\"elementor-section elementor-top-section elementor-element elementor-element-feebf82 elementor-section-boxed elementor-section-height-default elementor-section-height-default\" data-id=\"feebf82\" data-element_type=\"section\" data-e-type=\"section\">\n\t\t\t\t\t\t<div class=\"elementor-container elementor-column-gap-default\">\n\t\t\t\t\t<div class=\"elementor-column elementor-col-100 elementor-top-column elementor-element elementor-element-652c94f\" data-id=\"652c94f\" data-element_type=\"column\" data-e-type=\"column\">\n\t\t\t<div class=\"elementor-widget-wrap elementor-element-populated\">\n\t\t\t\t\t\t<div class=\"elementor-element elementor-element-cc3db0a elementor-widget elementor-widget-spacer\" data-id=\"cc3db0a\" data-element_type=\"widget\" data-e-type=\"widget\" data-widget_type=\"spacer.default\">\n\t\t\t\t<div class=\"elementor-widget-container\">\n\t\t\t\t\t\t\t<div class=\"elementor-spacer\">\n\t\t\t<div class=\"elementor-spacer-inner\"><\/div>\n\t\t<\/div>\n\t\t\t\t\t\t<\/div>\n\t\t\t\t<\/div>\n\t\t\t\t\t<\/div>\n\t\t<\/div>\n\t\t\t\t\t<\/div>\n\t\t<\/section>\n\t\t\t\t<section class=\"elementor-section elementor-top-section elementor-element elementor-element-32a9414 elementor-section-boxed elementor-section-height-default elementor-section-height-default\" data-id=\"32a9414\" data-element_type=\"section\" data-e-type=\"section\">\n\t\t\t\t\t\t<div class=\"elementor-container elementor-column-gap-default\">\n\t\t\t\t\t<div class=\"elementor-column elementor-col-50 elementor-top-column elementor-element elementor-element-102f3fe\" data-id=\"102f3fe\" data-element_type=\"column\" data-e-type=\"column\">\n\t\t\t<div class=\"elementor-widget-wrap elementor-element-populated\">\n\t\t\t\t\t\t<div class=\"elementor-element elementor-element-a9cd3d3 elementor-button-danger elementor-widget elementor-widget-button\" data-id=\"a9cd3d3\" data-element_type=\"widget\" data-e-type=\"widget\" data-widget_type=\"button.default\">\n\t\t\t\t<div class=\"elementor-widget-container\">\n\t\t\t\t\t\t\t\t\t<div class=\"elementor-button-wrapper\">\n\t\t\t\t\t<a class=\"elementor-button elementor-button-link elementor-size-sm\" href=\"https:\/\/oficial-esta.es\/solicitud-esta\/?aid=1\">\n\t\t\t\t\t\t<span class=\"elementor-button-content-wrapper\">\n\t\t\t\t\t\t\t\t\t<span class=\"elementor-button-text\">Haga clic aqu\u00ed<\/span>\n\t\t\t\t\t<\/span>\n\t\t\t\t\t<\/a>\n\t\t\t\t<\/div>\n\t\t\t\t\t\t\t\t<\/div>\n\t\t\t\t<\/div>\n\t\t\t\t\t<\/div>\n\t\t<\/div>\n\t\t\t\t<div class=\"elementor-column elementor-col-50 elementor-top-column elementor-element elementor-element-a00866f\" data-id=\"a00866f\" data-element_type=\"column\" data-e-type=\"column\">\n\t\t\t<div class=\"elementor-widget-wrap elementor-element-populated\">\n\t\t\t\t\t\t<div class=\"elementor-element elementor-element-42ac55a elementor-widget elementor-widget-text-editor\" data-id=\"42ac55a\" data-element_type=\"widget\" data-e-type=\"widget\" data-widget_type=\"text-editor.default\">\n\t\t\t\t<div class=\"elementor-widget-container\">\n\t\t\t\t\t\t\t\t\t<p>La solicitud de autorizaci\u00f3n de viaje ESTA se realiza \u00edntegramente en l\u00ednea a trav\u00e9s de Internet. Si tiene sus documentos de viaje, puede completar el formulario para obtener su ESTA en unos minutos. <\/p>\n\t\t\t\t\t\t\t\t<\/div>\n\t\t\t\t<\/div>\n\t\t\t\t\t<\/div>\n\t\t<\/div>\n\t\t\t\t\t<\/div>\n\t\t<\/section>\n\t\t\t\t<section class=\"elementor-section elementor-top-section elementor-element elementor-element-8f1c345 elementor-section-boxed elementor-section-height-default elementor-section-height-default\" data-id=\"8f1c345\" data-element_type=\"section\" data-e-type=\"section\">\n\t\t\t\t\t\t<div class=\"elementor-container elementor-column-gap-default\">\n\t\t\t\t\t<div class=\"elementor-column elementor-col-100 elementor-top-column elementor-element elementor-element-3d0cb0b\" data-id=\"3d0cb0b\" data-element_type=\"column\" data-e-type=\"column\">\n\t\t\t<div class=\"elementor-widget-wrap elementor-element-populated\">\n\t\t\t\t\t\t<div class=\"elementor-element elementor-element-27f2ed2 elementor-widget elementor-widget-spacer\" data-id=\"27f2ed2\" data-element_type=\"widget\" data-e-type=\"widget\" data-widget_type=\"spacer.default\">\n\t\t\t\t<div class=\"elementor-widget-container\">\n\t\t\t\t\t\t\t<div class=\"elementor-spacer\">\n\t\t\t<div class=\"elementor-spacer-inner\"><\/div>\n\t\t<\/div>\n\t\t\t\t\t\t<\/div>\n\t\t\t\t<\/div>\n\t\t\t\t\t<\/div>\n\t\t<\/div>\n\t\t\t\t\t<\/div>\n\t\t<\/section>\n\t\t\t\t<section class=\"elementor-section elementor-top-section elementor-element elementor-element-7b0fc160 elementor-section-boxed elementor-section-height-default elementor-section-height-default\" data-id=\"7b0fc160\" data-element_type=\"section\" data-e-type=\"section\">\n\t\t\t\t\t\t<div class=\"elementor-container elementor-column-gap-default\">\n\t\t\t\t\t<div class=\"elementor-column elementor-col-100 elementor-top-column elementor-element elementor-element-68f20d73\" data-id=\"68f20d73\" data-element_type=\"column\" data-e-type=\"column\">\n\t\t\t<div class=\"elementor-widget-wrap elementor-element-populated\">\n\t\t\t\t\t\t<div class=\"elementor-element elementor-element-c383530 elementor-widget elementor-widget-text-editor\" data-id=\"c383530\" data-element_type=\"widget\" data-e-type=\"widget\" data-widget_type=\"text-editor.default\">\n\t\t\t\t<div class=\"elementor-widget-container\">\n\t\t\t\t\t\t\t\t\t<p><strong>Informaci\u00f3n importante: <\/strong>A partir de mayo de 2023, ya no es necesario vacunarse contra el coronavirus (COVID 19) para viajar a Estados Unidos.<\/p>\n<h2>El cuestionario para obtener la ESTA<\/h2>\nEl proceso de presentaci\u00f3n de una solicitud ESTA en l\u00ednea se divide en las siguientes etapas:\n<ul>\n \t<li>Vaya al sitio web del <a href=\"https:\/\/esta.cbp.dhs.gov\/\">Departamento de Seguridad Nacional<\/a> para hacer una nueva solicitud;<\/li>\n \t<li>Validar el acceso al formulario aceptando las renuncias y las condiciones generales;<\/li>\n \t<li>Complete los datos del solicitante y marque su casilla de correo electr\u00f3nico para validar el correo electr\u00f3nico de contacto;<\/li>\n \t<li>Complete la informaci\u00f3n de identidad personal (nombre, nombre, sexo, su lugar y fecha de nacimiento, identidad de los padres, direcci\u00f3n, trabajo, perfiles sociales;<\/li>\n \t<li>Complete la informaci\u00f3n del viaje, debe completar un contacto de emergencia as\u00ed como una direcci\u00f3n de domicilio durante su estad\u00eda en los EE. UU.<\/li>\n \t<li>Al responder las preguntas de elegibilidad, solo puede responder s\u00ed o no. Esto implica responder honestamente a preguntas sobre su estado de salud y otras relacionadas con su historial con la ley;<\/li>\n \t<li>Para completar este formulario ESTA, debe releer su diversa informaci\u00f3n, luego validar el env\u00edo del archivo pagando la cantidad solicitada, mediante tarjeta de cr\u00e9dito o Paypal.<\/li>\n<\/ul>\n<h2>\u00bfQu\u00e9 hacer si su solicitud ESTA es rechazada?<\/h2>\nSolicitar una visa en la Embajada de los Estados Unidos sigue siendo una soluci\u00f3n si tiene tiempo antes de su partida a los Estados Unidos de Am\u00e9rica. Si las autoridades estadounidenses se niegan a emitirle una ESTA, es posible realizar una nueva solicitud 10 d\u00edas despu\u00e9s, pero solo si este rechazo se debe a un error tipogr\u00e1fico durante la solicitud en l\u00ednea inicial rechazada.\n<h2>\u00bfCu\u00e1l es la diferencia entre un ESTA y un visado?<\/h2>\nAunque la ESTA parece ser una visa estadounidense, no lo es. La ESTA es una autorizaci\u00f3n electr\u00f3nica previa a la llegada a los Estados Unidos, mientras que la visa es un permiso de residencia emitido por la Embajada de los Estados Unidos siguiendo un proceso espec\u00edfico. \n\nAntes de completar el formulario ESTA en l\u00ednea, verifique que cumple con todas las condiciones requeridas:\n<ol>\n \t<li>Es ciudadano de uno de los pa\u00edses afectados por el Programa de exenci\u00f3n de visa estadounidense (VWP);<\/li>\n \t<li>Tiene un pasaporte electr\u00f3nico o biom\u00e9trico v\u00e1lido;<\/li>\n \t<li>Desea permanecer en los EE. UU. Por turismo, negocios o <a href=\"https:\/\/123-esta.com\/es\/debe-uno-solicitar-una-esta-para-un-transito\/\">tr\u00e1nsito<\/a> , por un m\u00e1ximo de 90 d\u00edas;<\/li>\n<\/ol>\n&nbsp;\t\t\t\t\t\t\t\t<\/div>\n\t\t\t\t<\/div>\n\t\t\t\t\t<\/div>\n\t\t<\/div>\n\t\t\t\t\t<\/div>\n\t\t<\/section>\n\t\t\t\t<\/div>\n\t\t","protected":false},"excerpt":{"rendered":"<p>Haga clic aqu\u00ed La solicitud de autorizaci\u00f3n de viaje ESTA se realiza \u00edntegramente en l\u00ednea a trav\u00e9s de Internet. Si tiene sus documentos de viaje, puede completar el formulario para obtener su ESTA en unos minutos. Informaci\u00f3n importante: A partir de mayo de 2023, ya no es necesario vacunarse contra el coronavirus (COVID 19) para [&hellip;]<\/p>\n","protected":false},"author":1,"featured_media":0,"parent":0,"menu_order":0,"comment_status":"closed","ping_status":"closed","template":"","meta":{"site-sidebar-layout":"default","site-content-layout":"default","ast-site-content-layout":"default","site-content-style":"default","site-sidebar-style":"default","ast-global-header-display":"","ast-banner-title-visibility":"","ast-main-header-display":"","ast-hfb-above-header-display":"","ast-hfb-below-header-display":"","ast-hfb-mobile-header-display":"","site-post-title":"","ast-breadcrumbs-content":"","ast-featured-img":"","footer-sml-layout":"","ast-disable-related-posts":"","theme-transparent-header-meta":"default","adv-header-id-meta":"","stick-header-meta":"default","header-above-stick-meta":"","header-main-stick-meta":"","header-below-stick-meta":"","astra-migrate-meta-layouts":"default","ast-page-background-enabled":"default","ast-page-background-meta":{"desktop":{"background-color":"","background-image":"","background-repeat":"repeat","background-position":"center center","background-size":"auto","background-attachment":"scroll","background-type":"","background-media":"","overlay-type":"","overlay-color":"","overlay-opacity":"","overlay-gradient":""},"tablet":{"background-color":"","background-image":"","background-repeat":"repeat","background-position":"center center","background-size":"auto","background-attachment":"scroll","background-type":"","background-media":"","overlay-type":"","overlay-color":"","overlay-opacity":"","overlay-gradient":""},"mobile":{"background-color":"","background-image":"","background-repeat":"repeat","background-position":"center center","background-size":"auto","background-attachment":"scroll","background-type":"","background-media":"","overlay-type":"","overlay-color":"","overlay-opacity":"","overlay-gradient":""}},"ast-content-background-meta":{"desktop":{"background-color":"var(--ast-global-color-5)","background-image":"","background-repeat":"repeat","background-position":"center center","background-size":"auto","background-attachment":"scroll","background-type":"","background-media":"","overlay-type":"","overlay-color":"","overlay-opacity":"","overlay-gradient":""},"tablet":{"background-color":"var(--ast-global-color-5)","background-image":"","background-repeat":"repeat","background-position":"center center","background-size":"auto","background-attachment":"scroll","background-type":"","background-media":"","overlay-type":"","overlay-color":"","overlay-opacity":"","overlay-gradient":""},"mobile":{"background-color":"var(--ast-global-color-5)","background-image":"","background-repeat":"repeat","background-position":"center center","background-size":"auto","background-attachment":"scroll","background-type":"","background-media":"","overlay-type":"","overlay-color":"","overlay-opacity":"","overlay-gradient":""}},"footnotes":""},"class_list":["post-1341","page","type-page","status-publish","hentry"],"yoast_head":"<!-- This site is optimized with the Yoast SEO plugin v27.1.1 - https:\/\/yoast.com\/product\/yoast-seo-wordpress\/ -->\n<title>\u00bfC\u00f3mo se ve el formulario de autorizaci\u00f3n ESTA?<\/title>\n<meta name=\"description\" content=\"Rellene el formulario en l\u00ednea para obtener r\u00e1pidamente su autorizaci\u00f3n para viajar a los Estados Unidos de Am\u00e9rica durante 2 a\u00f1os\" \/>\n<meta name=\"robots\" content=\"index, follow, max-snippet:-1, max-image-preview:large, max-video-preview:-1\" \/>\n<link rel=\"canonical\" href=\"https:\/\/123-esta.com\/es\/formulario-esta-en-espanol\/\" \/>\n<meta property=\"og:locale\" content=\"es_ES\" \/>\n<meta property=\"og:type\" content=\"article\" \/>\n<meta property=\"og:title\" content=\"\u00bfC\u00f3mo se ve el formulario de autorizaci\u00f3n ESTA?\" \/>\n<meta property=\"og:description\" content=\"Rellene el formulario en l\u00ednea para obtener r\u00e1pidamente su autorizaci\u00f3n para viajar a los Estados Unidos de Am\u00e9rica durante 2 a\u00f1os\" \/>\n<meta property=\"og:url\" content=\"https:\/\/123-esta.com\/es\/formulario-esta-en-espanol\/\" \/>\n<meta property=\"og:site_name\" content=\"Formulaire ESTA pour les USA\" \/>\n<meta property=\"article:modified_time\" content=\"2023-08-24T09:49:58+00:00\" \/>\n<meta name=\"twitter:card\" content=\"summary_large_image\" \/>\n<meta name=\"twitter:label1\" content=\"Tiempo de lectura\" \/>\n\t<meta name=\"twitter:data1\" content=\"3 minutos\" \/>\n<script type=\"application\/ld+json\" class=\"yoast-schema-graph\">{\"@context\":\"https:\/\/schema.org\",\"@graph\":[{\"@type\":\"WebPage\",\"@id\":\"https:\/\/123-esta.com\/es\/formulario-esta-en-espanol\/\",\"url\":\"https:\/\/123-esta.com\/es\/formulario-esta-en-espanol\/\",\"name\":\"\u00bfC\u00f3mo se ve el formulario de autorizaci\u00f3n ESTA?\",\"isPartOf\":{\"@id\":\"https:\/\/123-esta.com\/es\/#website\"},\"datePublished\":\"2021-12-21T12:42:31+00:00\",\"dateModified\":\"2023-08-24T09:49:58+00:00\",\"description\":\"Rellene el formulario en l\u00ednea para obtener r\u00e1pidamente su autorizaci\u00f3n para viajar a los Estados Unidos de Am\u00e9rica durante 2 a\u00f1os\",\"inLanguage\":\"es\",\"potentialAction\":[{\"@type\":\"ReadAction\",\"target\":[\"https:\/\/123-esta.com\/es\/formulario-esta-en-espanol\/\"]}]},{\"@type\":\"WebSite\",\"@id\":\"https:\/\/123-esta.com\/es\/#website\",\"url\":\"https:\/\/123-esta.com\/es\/\",\"name\":\"Formulaire ESTA pour les USA\",\"description\":\"\",\"publisher\":{\"@id\":\"https:\/\/123-esta.com\/es\/#organization\"},\"potentialAction\":[{\"@type\":\"SearchAction\",\"target\":{\"@type\":\"EntryPoint\",\"urlTemplate\":\"https:\/\/123-esta.com\/es\/?s={search_term_string}\"},\"query-input\":{\"@type\":\"PropertyValueSpecification\",\"valueRequired\":true,\"valueName\":\"search_term_string\"}}],\"inLanguage\":\"es\"},{\"@type\":\"Organization\",\"@id\":\"https:\/\/123-esta.com\/es\/#organization\",\"name\":\"Formulaire ESTA pour les USA\",\"url\":\"https:\/\/123-esta.com\/es\/\",\"logo\":{\"@type\":\"ImageObject\",\"inLanguage\":\"es\",\"@id\":\"https:\/\/123-esta.com\/es\/#\/schema\/logo\/image\/\",\"url\":\"https:\/\/123-esta.com\/wp-content\/uploads\/2018\/03\/logo-123-esta.png\",\"contentUrl\":\"https:\/\/123-esta.com\/wp-content\/uploads\/2018\/03\/logo-123-esta.png\",\"width\":191,\"height\":54,\"caption\":\"Formulaire ESTA pour les USA\"},\"image\":{\"@id\":\"https:\/\/123-esta.com\/es\/#\/schema\/logo\/image\/\"}}]}<\/script>\n<!-- \/ Yoast SEO plugin. -->","yoast_head_json":{"title":"\u00bfC\u00f3mo se ve el formulario de autorizaci\u00f3n ESTA?","description":"Rellene el formulario en l\u00ednea para obtener r\u00e1pidamente su autorizaci\u00f3n para viajar a los Estados Unidos de Am\u00e9rica durante 2 a\u00f1os","robots":{"index":"index","follow":"follow","max-snippet":"max-snippet:-1","max-image-preview":"max-image-preview:large","max-video-preview":"max-video-preview:-1"},"canonical":"https:\/\/123-esta.com\/es\/formulario-esta-en-espanol\/","og_locale":"es_ES","og_type":"article","og_title":"\u00bfC\u00f3mo se ve el formulario de autorizaci\u00f3n ESTA?","og_description":"Rellene el formulario en l\u00ednea para obtener r\u00e1pidamente su autorizaci\u00f3n para viajar a los Estados Unidos de Am\u00e9rica durante 2 a\u00f1os","og_url":"https:\/\/123-esta.com\/es\/formulario-esta-en-espanol\/","og_site_name":"Formulaire ESTA pour les USA","article_modified_time":"2023-08-24T09:49:58+00:00","twitter_card":"summary_large_image","twitter_misc":{"Tiempo de lectura":"3 minutos"},"schema":{"@context":"https:\/\/schema.org","@graph":[{"@type":"WebPage","@id":"https:\/\/123-esta.com\/es\/formulario-esta-en-espanol\/","url":"https:\/\/123-esta.com\/es\/formulario-esta-en-espanol\/","name":"\u00bfC\u00f3mo se ve el formulario de autorizaci\u00f3n ESTA?","isPartOf":{"@id":"https:\/\/123-esta.com\/es\/#website"},"datePublished":"2021-12-21T12:42:31+00:00","dateModified":"2023-08-24T09:49:58+00:00","description":"Rellene el formulario en l\u00ednea para obtener r\u00e1pidamente su autorizaci\u00f3n para viajar a los Estados Unidos de Am\u00e9rica durante 2 a\u00f1os","inLanguage":"es","potentialAction":[{"@type":"ReadAction","target":["https:\/\/123-esta.com\/es\/formulario-esta-en-espanol\/"]}]},{"@type":"WebSite","@id":"https:\/\/123-esta.com\/es\/#website","url":"https:\/\/123-esta.com\/es\/","name":"Formulaire ESTA pour les USA","description":"","publisher":{"@id":"https:\/\/123-esta.com\/es\/#organization"},"potentialAction":[{"@type":"SearchAction","target":{"@type":"EntryPoint","urlTemplate":"https:\/\/123-esta.com\/es\/?s={search_term_string}"},"query-input":{"@type":"PropertyValueSpecification","valueRequired":true,"valueName":"search_term_string"}}],"inLanguage":"es"},{"@type":"Organization","@id":"https:\/\/123-esta.com\/es\/#organization","name":"Formulaire ESTA pour les USA","url":"https:\/\/123-esta.com\/es\/","logo":{"@type":"ImageObject","inLanguage":"es","@id":"https:\/\/123-esta.com\/es\/#\/schema\/logo\/image\/","url":"https:\/\/123-esta.com\/wp-content\/uploads\/2018\/03\/logo-123-esta.png","contentUrl":"https:\/\/123-esta.com\/wp-content\/uploads\/2018\/03\/logo-123-esta.png","width":191,"height":54,"caption":"Formulaire ESTA pour les USA"},"image":{"@id":"https:\/\/123-esta.com\/es\/#\/schema\/logo\/image\/"}}]}},"_links":{"self":[{"href":"https:\/\/123-esta.com\/es\/wp-json\/wp\/v2\/pages\/1341","targetHints":{"allow":["GET"]}}],"collection":[{"href":"https:\/\/123-esta.com\/es\/wp-json\/wp\/v2\/pages"}],"about":[{"href":"https:\/\/123-esta.com\/es\/wp-json\/wp\/v2\/types\/page"}],"author":[{"embeddable":true,"href":"https:\/\/123-esta.com\/es\/wp-json\/wp\/v2\/users\/1"}],"replies":[{"embeddable":true,"href":"https:\/\/123-esta.com\/es\/wp-json\/wp\/v2\/comments?post=1341"}],"version-history":[{"count":0,"href":"https:\/\/123-esta.com\/es\/wp-json\/wp\/v2\/pages\/1341\/revisions"}],"wp:attachment":[{"href":"https:\/\/123-esta.com\/es\/wp-json\/wp\/v2\/media?parent=1341"}],"curies":[{"name":"wp","href":"https:\/\/api.w.org\/{rel}","templated":true}]}}