{"id":1329,"date":"2021-12-21T13:37:31","date_gmt":"2021-12-21T12:37:31","guid":{"rendered":"https:\/\/123-esta.com\/terminos-y-condiciones\/"},"modified":"2022-09-13T23:43:42","modified_gmt":"2022-09-13T21:43:42","slug":"terminos-y-condiciones","status":"publish","type":"page","link":"https:\/\/123-esta.com\/es\/terminos-y-condiciones\/","title":{"rendered":"T\u00e9rminos y Condiciones"},"content":{"rendered":"\n<h2 class=\"wp-block-heading\">Alcance general<\/h2>\n\n<p>Usted revisa los T\u00e9rminos y Condiciones (los \u00abT\u00e9rminos y Condiciones\u00bb) antes de navegar por las p\u00e1ginas del sitio web https:\/\/123-esta.com. Al acceder y utilizar el sitio 123-esta.com, usted reconoce y acepta que est\u00e1 actuando de acuerdo con estos T\u00e9rminos y condiciones.<\/p>\n\n<h2 class=\"wp-block-heading\">servicios en l\u00ednea<\/h2>\n\n<p>https:\/\/123-esta.com es un sitio de informaci\u00f3n sobre ESTA (Sistema electr\u00f3nico de autorizaci\u00f3n de viaje) independiente de cualquier administraci\u00f3n, en particular independiente y no relacionada con la administraci\u00f3n de EE. UU. Es un portal de informaci\u00f3n privada en Internet cuya \u00fanica finalidad es informar a los usuarios de Internet y no ofrece ning\u00fan servicio adicional.<\/p>\n\n<h2 class=\"wp-block-heading\">Limitaci\u00f3n de responsabilidad, exclusi\u00f3n de garant\u00eda.<\/h2>\n\n<p>El sitio web https:\/\/123-esta.com contiene algunos enlaces de hipertexto salientes raros a sitios web de terceros. No tenemos trato ni control sobre estos sitios, y no somos responsables de sus pol\u00edticas de privacidad ni de sus pr\u00e1cticas comerciales o de marketing.<\/p>\n\n<h2 class=\"wp-block-heading\">Vida privada<\/h2>\n\n<p>El sitio https:\/\/123-esta.com no recopila ning\u00fan dato sobre sus usuarios. El sitio no ofrece ning\u00fan servicio en l\u00ednea ni ning\u00fan formulario en l\u00ednea. El sitio tampoco utiliza herramientas para rastrear el tr\u00e1fico y los usuarios para conocer su navegaci\u00f3n.<\/p>\n\n<h2 class=\"wp-block-heading\">Aviso Legal<\/h2>\n\n<p>123-esta.com est\u00e1 representado por una empresa privada e independiente que no est\u00e1 afiliada a las autoridades estadounidenses.<\/p>\n\n<h2 class=\"wp-block-heading\">Ley aplicable, lugar de cumplimiento<\/h2>\n\n<p>Se aplica la ley maltesa. Cualquier pregunta relacionada con estos t\u00e9rminos y condiciones, que no sea tratada por estas disposiciones contractuales, se regir\u00e1 por la ley de Malta con exclusi\u00f3n de todos los dem\u00e1s derechos. Acepta someterse a la jurisdicci\u00f3n exclusiva de los tribunales de Malta.<\/p>\n","protected":false},"excerpt":{"rendered":"<p>Alcance general Usted revisa los T\u00e9rminos y Condiciones (los \u00abT\u00e9rminos y Condiciones\u00bb) antes de navegar por las p\u00e1ginas del sitio web https:\/\/123-esta.com. Al acceder y utilizar el sitio 123-esta.com, usted reconoce y acepta que est\u00e1 actuando de acuerdo con estos T\u00e9rminos y condiciones. servicios en l\u00ednea https:\/\/123-esta.com es un sitio de informaci\u00f3n sobre ESTA (Sistema [&hellip;]<\/p>\n","protected":false},"author":1,"featured_media":0,"parent":0,"menu_order":0,"comment_status":"closed","ping_status":"closed","template":"","meta":{"site-sidebar-layout":"default","site-content-layout":"default","ast-site-content-layout":"default","site-content-style":"default","site-sidebar-style":"default","ast-global-header-display":"","ast-banner-title-visibility":"","ast-main-header-display":"","ast-hfb-above-header-display":"","ast-hfb-below-header-display":"","ast-hfb-mobile-header-display":"","site-post-title":"","ast-breadcrumbs-content":"","ast-featured-img":"","footer-sml-layout":"","ast-disable-related-posts":"","theme-transparent-header-meta":"default","adv-header-id-meta":"","stick-header-meta":"default","header-above-stick-meta":"","header-main-stick-meta":"","header-below-stick-meta":"","astra-migrate-meta-layouts":"default","ast-page-background-enabled":"default","ast-page-background-meta":{"desktop":{"background-color":"","background-image":"","background-repeat":"repeat","background-position":"center center","background-size":"auto","background-attachment":"scroll","background-type":"","background-media":"","overlay-type":"","overlay-color":"","overlay-opacity":"","overlay-gradient":""},"tablet":{"background-color":"","background-image":"","background-repeat":"repeat","background-position":"center center","background-size":"auto","background-attachment":"scroll","background-type":"","background-media":"","overlay-type":"","overlay-color":"","overlay-opacity":"","overlay-gradient":""},"mobile":{"background-color":"","background-image":"","background-repeat":"repeat","background-position":"center center","background-size":"auto","background-attachment":"scroll","background-type":"","background-media":"","overlay-type":"","overlay-color":"","overlay-opacity":"","overlay-gradient":""}},"ast-content-background-meta":{"desktop":{"background-color":"var(--ast-global-color-5)","background-image":"","background-repeat":"repeat","background-position":"center center","background-size":"auto","background-attachment":"scroll","background-type":"","background-media":"","overlay-type":"","overlay-color":"","overlay-opacity":"","overlay-gradient":""},"tablet":{"background-color":"var(--ast-global-color-5)","background-image":"","background-repeat":"repeat","background-position":"center center","background-size":"auto","background-attachment":"scroll","background-type":"","background-media":"","overlay-type":"","overlay-color":"","overlay-opacity":"","overlay-gradient":""},"mobile":{"background-color":"var(--ast-global-color-5)","background-image":"","background-repeat":"repeat","background-position":"center center","background-size":"auto","background-attachment":"scroll","background-type":"","background-media":"","overlay-type":"","overlay-color":"","overlay-opacity":"","overlay-gradient":""}},"footnotes":""},"class_list":["post-1329","page","type-page","status-publish","hentry"],"yoast_head":"<!-- This site is optimized with the Yoast SEO plugin v27.1.1 - https:\/\/yoast.com\/product\/yoast-seo-wordpress\/ -->\n<title>T\u00e9rminos y condiciones detallados del sitio<\/title>\n<meta name=\"description\" content=\"T\u00e9rminos y condiciones del sitio web 123-esta.com\" \/>\n<meta name=\"robots\" content=\"index, follow, max-snippet:-1, max-image-preview:large, max-video-preview:-1\" \/>\n<link rel=\"canonical\" href=\"https:\/\/123-esta.com\/es\/terminos-y-condiciones\/\" \/>\n<meta property=\"og:locale\" content=\"es_ES\" \/>\n<meta property=\"og:type\" content=\"article\" \/>\n<meta property=\"og:title\" content=\"T\u00e9rminos y condiciones detallados del sitio\" \/>\n<meta property=\"og:description\" content=\"T\u00e9rminos y condiciones del sitio web 123-esta.com\" \/>\n<meta property=\"og:url\" content=\"https:\/\/123-esta.com\/es\/terminos-y-condiciones\/\" \/>\n<meta property=\"og:site_name\" content=\"Formulaire ESTA pour les USA\" \/>\n<meta property=\"article:modified_time\" content=\"2022-09-13T21:43:42+00:00\" \/>\n<meta name=\"twitter:card\" content=\"summary_large_image\" \/>\n<meta name=\"twitter:label1\" content=\"Tiempo de lectura\" \/>\n\t<meta name=\"twitter:data1\" content=\"1 minuto\" \/>\n<script type=\"application\/ld+json\" class=\"yoast-schema-graph\">{\"@context\":\"https:\/\/schema.org\",\"@graph\":[{\"@type\":\"WebPage\",\"@id\":\"https:\/\/123-esta.com\/es\/terminos-y-condiciones\/\",\"url\":\"https:\/\/123-esta.com\/es\/terminos-y-condiciones\/\",\"name\":\"T\u00e9rminos y condiciones detallados del sitio\",\"isPartOf\":{\"@id\":\"https:\/\/123-esta.com\/es\/#website\"},\"datePublished\":\"2021-12-21T12:37:31+00:00\",\"dateModified\":\"2022-09-13T21:43:42+00:00\",\"description\":\"T\u00e9rminos y condiciones del sitio web 123-esta.com\",\"inLanguage\":\"es\",\"potentialAction\":[{\"@type\":\"ReadAction\",\"target\":[\"https:\/\/123-esta.com\/es\/terminos-y-condiciones\/\"]}]},{\"@type\":\"WebSite\",\"@id\":\"https:\/\/123-esta.com\/es\/#website\",\"url\":\"https:\/\/123-esta.com\/es\/\",\"name\":\"Formulaire ESTA pour les USA\",\"description\":\"\",\"publisher\":{\"@id\":\"https:\/\/123-esta.com\/es\/#organization\"},\"potentialAction\":[{\"@type\":\"SearchAction\",\"target\":{\"@type\":\"EntryPoint\",\"urlTemplate\":\"https:\/\/123-esta.com\/es\/?s={search_term_string}\"},\"query-input\":{\"@type\":\"PropertyValueSpecification\",\"valueRequired\":true,\"valueName\":\"search_term_string\"}}],\"inLanguage\":\"es\"},{\"@type\":\"Organization\",\"@id\":\"https:\/\/123-esta.com\/es\/#organization\",\"name\":\"Formulaire ESTA pour les USA\",\"url\":\"https:\/\/123-esta.com\/es\/\",\"logo\":{\"@type\":\"ImageObject\",\"inLanguage\":\"es\",\"@id\":\"https:\/\/123-esta.com\/es\/#\/schema\/logo\/image\/\",\"url\":\"https:\/\/123-esta.com\/wp-content\/uploads\/2018\/03\/logo-123-esta.png\",\"contentUrl\":\"https:\/\/123-esta.com\/wp-content\/uploads\/2018\/03\/logo-123-esta.png\",\"width\":191,\"height\":54,\"caption\":\"Formulaire ESTA pour les USA\"},\"image\":{\"@id\":\"https:\/\/123-esta.com\/es\/#\/schema\/logo\/image\/\"}}]}<\/script>\n<!-- \/ Yoast SEO plugin. -->","yoast_head_json":{"title":"T\u00e9rminos y condiciones detallados del sitio","description":"T\u00e9rminos y condiciones del sitio web 123-esta.com","robots":{"index":"index","follow":"follow","max-snippet":"max-snippet:-1","max-image-preview":"max-image-preview:large","max-video-preview":"max-video-preview:-1"},"canonical":"https:\/\/123-esta.com\/es\/terminos-y-condiciones\/","og_locale":"es_ES","og_type":"article","og_title":"T\u00e9rminos y condiciones detallados del sitio","og_description":"T\u00e9rminos y condiciones del sitio web 123-esta.com","og_url":"https:\/\/123-esta.com\/es\/terminos-y-condiciones\/","og_site_name":"Formulaire ESTA pour les USA","article_modified_time":"2022-09-13T21:43:42+00:00","twitter_card":"summary_large_image","twitter_misc":{"Tiempo de lectura":"1 minuto"},"schema":{"@context":"https:\/\/schema.org","@graph":[{"@type":"WebPage","@id":"https:\/\/123-esta.com\/es\/terminos-y-condiciones\/","url":"https:\/\/123-esta.com\/es\/terminos-y-condiciones\/","name":"T\u00e9rminos y condiciones detallados del sitio","isPartOf":{"@id":"https:\/\/123-esta.com\/es\/#website"},"datePublished":"2021-12-21T12:37:31+00:00","dateModified":"2022-09-13T21:43:42+00:00","description":"T\u00e9rminos y condiciones del sitio web 123-esta.com","inLanguage":"es","potentialAction":[{"@type":"ReadAction","target":["https:\/\/123-esta.com\/es\/terminos-y-condiciones\/"]}]},{"@type":"WebSite","@id":"https:\/\/123-esta.com\/es\/#website","url":"https:\/\/123-esta.com\/es\/","name":"Formulaire ESTA pour les USA","description":"","publisher":{"@id":"https:\/\/123-esta.com\/es\/#organization"},"potentialAction":[{"@type":"SearchAction","target":{"@type":"EntryPoint","urlTemplate":"https:\/\/123-esta.com\/es\/?s={search_term_string}"},"query-input":{"@type":"PropertyValueSpecification","valueRequired":true,"valueName":"search_term_string"}}],"inLanguage":"es"},{"@type":"Organization","@id":"https:\/\/123-esta.com\/es\/#organization","name":"Formulaire ESTA pour les USA","url":"https:\/\/123-esta.com\/es\/","logo":{"@type":"ImageObject","inLanguage":"es","@id":"https:\/\/123-esta.com\/es\/#\/schema\/logo\/image\/","url":"https:\/\/123-esta.com\/wp-content\/uploads\/2018\/03\/logo-123-esta.png","contentUrl":"https:\/\/123-esta.com\/wp-content\/uploads\/2018\/03\/logo-123-esta.png","width":191,"height":54,"caption":"Formulaire ESTA pour les USA"},"image":{"@id":"https:\/\/123-esta.com\/es\/#\/schema\/logo\/image\/"}}]}},"_links":{"self":[{"href":"https:\/\/123-esta.com\/es\/wp-json\/wp\/v2\/pages\/1329","targetHints":{"allow":["GET"]}}],"collection":[{"href":"https:\/\/123-esta.com\/es\/wp-json\/wp\/v2\/pages"}],"about":[{"href":"https:\/\/123-esta.com\/es\/wp-json\/wp\/v2\/types\/page"}],"author":[{"embeddable":true,"href":"https:\/\/123-esta.com\/es\/wp-json\/wp\/v2\/users\/1"}],"replies":[{"embeddable":true,"href":"https:\/\/123-esta.com\/es\/wp-json\/wp\/v2\/comments?post=1329"}],"version-history":[{"count":0,"href":"https:\/\/123-esta.com\/es\/wp-json\/wp\/v2\/pages\/1329\/revisions"}],"wp:attachment":[{"href":"https:\/\/123-esta.com\/es\/wp-json\/wp\/v2\/media?parent=1329"}],"curies":[{"name":"wp","href":"https:\/\/api.w.org\/{rel}","templated":true}]}}