{"id":1319,"date":"2021-12-21T13:22:57","date_gmt":"2021-12-21T12:22:57","guid":{"rendered":"https:\/\/123-esta.com\/formulario-esta-para-los-estados-unidos\/"},"modified":"2025-12-18T12:34:12","modified_gmt":"2025-12-18T11:34:12","slug":"inicio","status":"publish","type":"page","link":"https:\/\/123-esta.com\/es\/","title":{"rendered":"Formulario ESTA para los Estados Unidos"},"content":{"rendered":"\t\t<div data-elementor-type=\"wp-post\" data-elementor-id=\"1319\" class=\"elementor elementor-1319 elementor-4\" data-elementor-post-type=\"page\">\n\t\t\t\t\t\t<section class=\"elementor-section elementor-top-section elementor-element elementor-element-2d3ad03 elementor-section-stretched elementor-section-boxed elementor-section-height-default elementor-section-height-default\" data-id=\"2d3ad03\" data-element_type=\"section\" data-e-type=\"section\" data-settings=\"{&quot;stretch_section&quot;:&quot;section-stretched&quot;,&quot;background_background&quot;:&quot;classic&quot;}\">\n\t\t\t\t\t\t<div class=\"elementor-container elementor-column-gap-default\">\n\t\t\t\t\t<div class=\"elementor-column elementor-col-100 elementor-top-column elementor-element elementor-element-6d353e0\" data-id=\"6d353e0\" data-element_type=\"column\" data-e-type=\"column\">\n\t\t\t<div class=\"elementor-widget-wrap elementor-element-populated\">\n\t\t\t\t\t\t<section class=\"elementor-section elementor-inner-section elementor-element elementor-element-9bafa84 elementor-section-boxed elementor-section-height-default elementor-section-height-default\" data-id=\"9bafa84\" data-element_type=\"section\" data-e-type=\"section\">\n\t\t\t\t\t\t<div class=\"elementor-container elementor-column-gap-default\">\n\t\t\t\t\t<div class=\"elementor-column elementor-col-50 elementor-inner-column elementor-element elementor-element-2436f2e\" data-id=\"2436f2e\" data-element_type=\"column\" data-e-type=\"column\">\n\t\t\t<div class=\"elementor-widget-wrap elementor-element-populated\">\n\t\t\t\t\t\t<div class=\"elementor-element elementor-element-5f977d7 elementor-widget elementor-widget-spacer\" data-id=\"5f977d7\" data-element_type=\"widget\" data-e-type=\"widget\" data-widget_type=\"spacer.default\">\n\t\t\t\t<div class=\"elementor-widget-container\">\n\t\t\t\t\t\t\t<div class=\"elementor-spacer\">\n\t\t\t<div class=\"elementor-spacer-inner\"><\/div>\n\t\t<\/div>\n\t\t\t\t\t\t<\/div>\n\t\t\t\t<\/div>\n\t\t\t\t\t<\/div>\n\t\t<\/div>\n\t\t\t\t<div class=\"elementor-column elementor-col-50 elementor-inner-column elementor-element elementor-element-3773590\" data-id=\"3773590\" data-element_type=\"column\" data-e-type=\"column\">\n\t\t\t<div class=\"elementor-widget-wrap elementor-element-populated\">\n\t\t\t\t\t\t<div class=\"elementor-element elementor-element-f1ba379 elementor-widget elementor-widget-heading\" data-id=\"f1ba379\" data-element_type=\"widget\" data-e-type=\"widget\" data-widget_type=\"heading.default\">\n\t\t\t\t<div class=\"elementor-widget-container\">\n\t\t\t\t\t<h1 class=\"elementor-heading-title elementor-size-default\">Autorizaci\u00f3n de viaje ESTA para EE.UU.<\/h1>\t\t\t\t<\/div>\n\t\t\t\t<\/div>\n\t\t\t\t<div class=\"elementor-element elementor-element-075bfb1 elementor-widget elementor-widget-text-editor\" data-id=\"075bfb1\" data-element_type=\"widget\" data-e-type=\"widget\" data-widget_type=\"text-editor.default\">\n\t\t\t\t<div class=\"elementor-widget-container\">\n\t\t\t\t\t\t\t\t\t<p>El proceso de solicitud en l\u00ednea de la ESTA garantiza que obtenga r\u00e1pidamente su autorizaci\u00f3n ESTA. El formulario est\u00e1 disponible en l\u00ednea, con instrucciones detalladas para cada campo. Solo tardar\u00e1 unos minutos en rellenar y enviar su solicitud en l\u00ednea.<\/p>\t\t\t\t\t\t\t\t<\/div>\n\t\t\t\t<\/div>\n\t\t\t\t\t<\/div>\n\t\t<\/div>\n\t\t\t\t\t<\/div>\n\t\t<\/section>\n\t\t\t\t\t<\/div>\n\t\t<\/div>\n\t\t\t\t\t<\/div>\n\t\t<\/section>\n\t\t\t\t<section class=\"elementor-section elementor-top-section elementor-element elementor-element-d5a5f66 elementor-section-boxed elementor-section-height-default elementor-section-height-default\" data-id=\"d5a5f66\" data-element_type=\"section\" data-e-type=\"section\">\n\t\t\t\t\t\t<div class=\"elementor-container elementor-column-gap-default\">\n\t\t\t\t\t<div class=\"elementor-column elementor-col-100 elementor-top-column elementor-element elementor-element-a391abb\" data-id=\"a391abb\" data-element_type=\"column\" data-e-type=\"column\">\n\t\t\t<div class=\"elementor-widget-wrap elementor-element-populated\">\n\t\t\t\t\t\t<div class=\"elementor-element elementor-element-21084ef elementor-widget elementor-widget-text-editor\" data-id=\"21084ef\" data-element_type=\"widget\" data-e-type=\"widget\" data-widget_type=\"text-editor.default\">\n\t\t\t\t<div class=\"elementor-widget-container\">\n\t\t\t\t\t\t\t\t\t<h2>Viajar a Estados Unidos sin visado<\/h2><p>Los tr\u00e1mites para una estancia en EE.UU. inferior a 90 d\u00edas pueden realizarse directamente en l\u00ednea. No es necesario obtener una cita en la embajada o consulado estadounidense.<\/p><p><strong>Para una estancia inferior a 90 d\u00edas en Estados Unidos<\/strong>: Puede realizar los tr\u00e1mites haciendo clic en el <a href=\"https:\/\/123-esta.com\/es\/formulario-esta-en-espanol\/\">formulario en l\u00ednea<\/a>.<\/p><p>El formulario en l\u00ednea puede cumplimentarse en unos minutos si dispone de su pasaporte, y basta con rellenar los datos personales solicitados para obtener la autorizaci\u00f3n ESTA. El pago se efect\u00faa directamente tras cumplimentar el formulario en l\u00ednea, y en unos minutos recibir\u00e1 la confirmaci\u00f3n de que su ESTA ha sido validado.<\/p><h2>\u00bfQu\u00e9 es el ESTA?<\/h2><p>ESTA es una autorizaci\u00f3n de viaje electr\u00f3nica para los Estados Unidos. Fue implementado por el gobierno de EE. UU. En 2009 y debe obtenerse antes de abordar. La autorizaci\u00f3n ESTA est\u00e1 reservada para viajes de negocios y estancias tur\u00edsticas de hasta 90 d\u00edas en suelo americano. La ESTA tambi\u00e9n es obligatoria para una escala simple en los Estados Unidos.<\/p><p>La ESTA se requiere para todas las personas elegibles que viajan por aire y mar, y debe completarse para cada miembro de la familia, incluidos los ni\u00f1os peque\u00f1os. Debe tener un pasaporte electr\u00f3nico o un pasaporte biom\u00e9trico para poder presentar la solicitud. Ya no es necesario que visite la Embajada o el Consulado de los Estados Unidos, ya que el proceso de solicitud se realiza completamente en l\u00ednea. Para obtener m\u00e1s informaci\u00f3n, lea nuestra p\u00e1gina sobre <a href=\"https:\/\/123-esta.com\/es\/que-es-esta\/\">qu\u00e9 es ESTA<\/a> .<\/p><p>La ESTA tiene una validez de dos a\u00f1os, durante los cuales el viajero puede realizar tantos viajes de ida y vuelta como desee. Una vez que ha pasado el per\u00edodo de validez, o si obtiene un nuevo pasaporte franc\u00e9s mientras tanto, debe realizar una nueva solicitud en l\u00ednea. Para obtener esta autorizaci\u00f3n de viaje, debe completar el formulario ESTA. Para obtener m\u00e1s informaci\u00f3n, haga clic en este sitio en ESTA.<\/p><h2>\u00bfPor qu\u00e9 es obligatorio ESTA?<\/h2><p>No es posible viajar a los Estados Unidos sin una autorizaci\u00f3n de viaje, ESTA o visa de los Estados Unidos. ESTA, o sistema electr\u00f3nico de autorizaci\u00f3n de viaje, es un dispositivo para fortalecer las medidas de seguridad para viajar a los EE. UU. Es un sistema de preselecci\u00f3n de cada viajero. Con base en la informaci\u00f3n proporcionada al completar el cuestionario en l\u00ednea, las autoridades estadounidenses determinar\u00e1n si el viajero puede o no viajar a los Estados Unidos sin una visa.<\/p><p>ESTA permite reforzar la seguridad a la vez que reduce el tiempo de espera en el puesto fronterizo, ya que permite que el servicio de aduanas tenga informaci\u00f3n sobre los viajeros incluso antes de su llegada a Estados Unidos. El DHS (Department of Homeland Security) se encarga de gestionar su <a href=\"https:\/\/123-esta.com\/es\/todo-conocimiento-sobre-la-solicitud-para-destacar-en-linea-para-mudarse-a-usa\/\">solicitud ESTA<\/a>.<\/p><h2>\u00bfQu\u00e9 pa\u00edses se ven afectados por ESTA?<\/h2><p>El ESTA se basa en el <a href=\"https:\/\/travel.state.gov\/content\/travel\/en\/us-visas\/tourism-visit\/visa-waiver-program.html\">Programa de Exenci\u00f3n de Visado<\/a>. Este r\u00e9gimen se aplica a los nacionales de los siguientes pa\u00edses Alemania, Andorra, Australia, Austria, B\u00e9lgica, Brun\u00e9i, Chile, Corea del Sur, Croacia, Dinamarca, Eslovaquia, Eslovenia, Espa\u00f1a, Estonia, Finlandia, Francia, Grecia, Hungr\u00eda, Irlanda, Islandia, Israel, Italia, Jap\u00f3n, Letonia, Liechtenstein, Lituania, Luxemburgo, M\u00f3naco, Noruega, Nueva Zelanda, Pa\u00edses Bajos, Polonia, Portugal, Reino Unido, Rep\u00fablica Checa, Rep\u00fablica de Malta, San Marino, Singapur, Suecia, Suiza y Taiw\u00e1n.  <\/p><p>Usted es elegible para ESTA si tiene una de estas nacionalidades y desea viajar a los Estados Unidos para una estad\u00eda temporal.<\/p><h2>\u00bfCu\u00e1l es la diferencia entre el visado y el ESTA?<\/h2><p>A menudo vemos asociadas las dos palabras visado y ESTA. Mucha gente habla de visado ESTA porque la autorizaci\u00f3n de viaje ESTA permite la entrada en Estados Unidos. La expedici\u00f3n de un visado de turista B2 es mucho m\u00e1s vinculante para el Departamento de Seguridad Nacional de EEUU. Los distintos visados estadounidenses permiten a los extranjeros permanecer mucho m\u00e1s tiempo en Estados Unidos que con un ESTA, que s\u00f3lo permite un m\u00e1ximo de 90 d\u00edas en Estados Unidos.<\/p><p>La obtenci\u00f3n de un visado estadounidense es un proceso m\u00e1s largo y complicado que la simple obtenci\u00f3n de una autorizaci\u00f3n ESTA por Internet. Para obtener un visado para EE.UU., los solicitantes deben asistir a una entrevista en la embajada estadounidense. Esta entrevista con un agente americano es obligatoria y decisiva para la obtenci\u00f3n de un visado para viajar a Estados Unidos.<\/p><h2>\u00bfCu\u00e1l es el tiempo de procesamiento de mi formulario ESTA?<\/h2><p>Una vez cumplimentado el formulario ESTA y realizado el pago, la tramitaci\u00f3n de la solicitud de autorizaci\u00f3n ESTA comienza inmediatamente. El primer paso es verificar su informaci\u00f3n. Esta operaci\u00f3n le permite detectar cualquier error u omisi\u00f3n al completar el formulario en l\u00ednea. Si la informaci\u00f3n est\u00e1 completa y es correcta, puede recibir su solicitud en minutos.<\/p><p>Es posible que la emisi\u00f3n de este documento demore hasta 72 horas si las autoridades de EE. UU. <a href=\"https:\/\/123-esta.com\/es\/que-hacer-si-solicitas-esta-esperando\/\">suspenden su solicitud<\/a>. <br>En este caso, las autoridades estadounidenses se conceden un plazo m\u00e1ximo de tres d\u00edas para estudiar tu solicitud y enviarnos una respuesta. Una vez que hayas recibido tu ESTA, aprovecha para leer nuestros<a href=\"https:\/\/123-esta.com\/es\/nuestro-consejo-para-un-viaje-pacifico-a-estados-unidos\/\">consejos para viajar a Estados Unidos<\/a>. Ya sea que est\u00e9 planeando ir a Nueva York, visitar las Cataratas del Ni\u00e1gara o descubrir Florida, su pr\u00f3ximo viaje a los EE. UU. Ser\u00e1 mucho m\u00e1s f\u00e1cil de preparar.<\/p><h2>\u00bfPuedo viajar a Canad\u00e1 o al Reino Unido con un ESTA?<\/h2><p>La autorizaci\u00f3n ESTA no le permite entrar en Canad\u00e1 ni en el Reino Unido. El ESTA s\u00f3lo sirve para entrar en Estados Unidos. Desde 2016, Canad\u00e1 ha introducido un sistema informatizado de autorizaci\u00f3n de viaje similar al de Estados Unidos. Este sistema expide una autorizaci\u00f3n eTA Canad\u00e1 a los viajeros que desean visitar Canad\u00e1.<\/p><p>En 2024, el Reino Unido tambi\u00e9n puso en marcha su programa de Documento de Viaje Electr\u00f3nico, que expide una <a href=\"https:\/\/uk-gb.net\/es\/eta-inglaterra-reino-unido\/\">eTA para el Reino Unido<\/a>. Este certificado de viaje anticipado permite a los viajeros extranjeros que re\u00fanan los requisitos necesarios realizar una estancia corta en el Reino Unido sin necesidad de visado.<\/p>\t\t\t\t\t\t\t\t<\/div>\n\t\t\t\t<\/div>\n\t\t\t\t\t<\/div>\n\t\t<\/div>\n\t\t\t\t\t<\/div>\n\t\t<\/section>\n\t\t\t\t<\/div>\n\t\t","protected":false},"excerpt":{"rendered":"<p>Autorizaci\u00f3n de viaje ESTA para EE.UU. El proceso de solicitud en l\u00ednea de la ESTA garantiza que obtenga r\u00e1pidamente su autorizaci\u00f3n ESTA. El formulario est\u00e1 disponible en l\u00ednea, con instrucciones detalladas para cada campo. Solo tardar\u00e1 unos minutos en rellenar y enviar su solicitud en l\u00ednea. Viajar a Estados Unidos sin visado Los tr\u00e1mites para [&hellip;]<\/p>\n","protected":false},"author":1,"featured_media":0,"parent":0,"menu_order":0,"comment_status":"closed","ping_status":"closed","template":"","meta":{"site-sidebar-layout":"no-sidebar","site-content-layout":"page-builder","ast-site-content-layout":"full-width-container","site-content-style":"unboxed","site-sidebar-style":"unboxed","ast-global-header-display":"","ast-banner-title-visibility":"","ast-main-header-display":"","ast-hfb-above-header-display":"","ast-hfb-below-header-display":"","ast-hfb-mobile-header-display":"","site-post-title":"disabled","ast-breadcrumbs-content":"","ast-featured-img":"disabled","footer-sml-layout":"","ast-disable-related-posts":"","theme-transparent-header-meta":"default","adv-header-id-meta":"","stick-header-meta":"default","header-above-stick-meta":"","header-main-stick-meta":"","header-below-stick-meta":"","astra-migrate-meta-layouts":"default","ast-page-background-enabled":"default","ast-page-background-meta":{"desktop":{"background-color":"","background-image":"","background-repeat":"repeat","background-position":"center center","background-size":"auto","background-attachment":"scroll","background-type":"","background-media":"","overlay-type":"","overlay-color":"","overlay-opacity":"","overlay-gradient":""},"tablet":{"background-color":"","background-image":"","background-repeat":"repeat","background-position":"center center","background-size":"auto","background-attachment":"scroll","background-type":"","background-media":"","overlay-type":"","overlay-color":"","overlay-opacity":"","overlay-gradient":""},"mobile":{"background-color":"","background-image":"","background-repeat":"repeat","background-position":"center center","background-size":"auto","background-attachment":"scroll","background-type":"","background-media":"","overlay-type":"","overlay-color":"","overlay-opacity":"","overlay-gradient":""}},"ast-content-background-meta":{"desktop":{"background-color":"var(--ast-global-color-5)","background-image":"","background-repeat":"repeat","background-position":"center center","background-size":"auto","background-attachment":"scroll","background-type":"","background-media":"","overlay-type":"","overlay-color":"","overlay-opacity":"","overlay-gradient":""},"tablet":{"background-color":"var(--ast-global-color-5)","background-image":"","background-repeat":"repeat","background-position":"center center","background-size":"auto","background-attachment":"scroll","background-type":"","background-media":"","overlay-type":"","overlay-color":"","overlay-opacity":"","overlay-gradient":""},"mobile":{"background-color":"var(--ast-global-color-5)","background-image":"","background-repeat":"repeat","background-position":"center center","background-size":"auto","background-attachment":"scroll","background-type":"","background-media":"","overlay-type":"","overlay-color":"","overlay-opacity":"","overlay-gradient":""}},"footnotes":""},"class_list":["post-1319","page","type-page","status-publish","hentry"],"yoast_head":"<!-- This site is optimized with the Yoast SEO plugin v27.1.1 - https:\/\/yoast.com\/product\/yoast-seo-wordpress\/ -->\n<title>Formulario ESTA para los Estados Unidos<\/title>\n<meta name=\"description\" content=\"Nos facilitamos toda la informaci\u00f3n para obtener f\u00e1cilmente la visa ESTA a trav\u00e9s de Internet, su precio y las condiciones para obtenerla.\" \/>\n<meta name=\"robots\" content=\"index, follow, max-snippet:-1, max-image-preview:large, max-video-preview:-1\" \/>\n<link rel=\"canonical\" href=\"https:\/\/123-esta.com\/es\/\" \/>\n<meta property=\"og:locale\" content=\"es_ES\" \/>\n<meta property=\"og:type\" content=\"article\" \/>\n<meta property=\"og:title\" content=\"Formulario ESTA para los Estados Unidos\" \/>\n<meta property=\"og:description\" content=\"Nos facilitamos toda la informaci\u00f3n para obtener f\u00e1cilmente la visa ESTA a trav\u00e9s de Internet, su precio y las condiciones para obtenerla.\" \/>\n<meta property=\"og:url\" content=\"https:\/\/123-esta.com\/es\/\" \/>\n<meta property=\"og:site_name\" content=\"Formulaire ESTA pour les USA\" \/>\n<meta property=\"article:modified_time\" content=\"2025-12-18T11:34:12+00:00\" \/>\n<meta name=\"twitter:card\" content=\"summary_large_image\" \/>\n<meta name=\"twitter:label1\" content=\"Tiempo de lectura\" \/>\n\t<meta name=\"twitter:data1\" content=\"4 minutos\" \/>\n<script type=\"application\/ld+json\" class=\"yoast-schema-graph\">{\"@context\":\"https:\/\/schema.org\",\"@graph\":[{\"@type\":\"WebPage\",\"@id\":\"https:\/\/123-esta.com\/es\/\",\"url\":\"https:\/\/123-esta.com\/es\/\",\"name\":\"Formulario ESTA para los Estados Unidos\",\"isPartOf\":{\"@id\":\"https:\/\/123-esta.com\/es\/#website\"},\"datePublished\":\"2021-12-21T12:22:57+00:00\",\"dateModified\":\"2025-12-18T11:34:12+00:00\",\"description\":\"Nos facilitamos toda la informaci\u00f3n para obtener f\u00e1cilmente la visa ESTA a trav\u00e9s de Internet, su precio y las condiciones para obtenerla.\",\"inLanguage\":\"es\",\"potentialAction\":[{\"@type\":\"ReadAction\",\"target\":[\"https:\/\/123-esta.com\/es\/\"]}]},{\"@type\":\"WebSite\",\"@id\":\"https:\/\/123-esta.com\/es\/#website\",\"url\":\"https:\/\/123-esta.com\/es\/\",\"name\":\"Formulaire ESTA pour les USA\",\"description\":\"\",\"publisher\":{\"@id\":\"https:\/\/123-esta.com\/es\/#organization\"},\"potentialAction\":[{\"@type\":\"SearchAction\",\"target\":{\"@type\":\"EntryPoint\",\"urlTemplate\":\"https:\/\/123-esta.com\/es\/?s={search_term_string}\"},\"query-input\":{\"@type\":\"PropertyValueSpecification\",\"valueRequired\":true,\"valueName\":\"search_term_string\"}}],\"inLanguage\":\"es\"},{\"@type\":\"Organization\",\"@id\":\"https:\/\/123-esta.com\/es\/#organization\",\"name\":\"Formulaire ESTA pour les USA\",\"url\":\"https:\/\/123-esta.com\/es\/\",\"logo\":{\"@type\":\"ImageObject\",\"inLanguage\":\"es\",\"@id\":\"https:\/\/123-esta.com\/es\/#\/schema\/logo\/image\/\",\"url\":\"https:\/\/123-esta.com\/wp-content\/uploads\/2018\/03\/logo-123-esta.png\",\"contentUrl\":\"https:\/\/123-esta.com\/wp-content\/uploads\/2018\/03\/logo-123-esta.png\",\"width\":191,\"height\":54,\"caption\":\"Formulaire ESTA pour les USA\"},\"image\":{\"@id\":\"https:\/\/123-esta.com\/es\/#\/schema\/logo\/image\/\"}}]}<\/script>\n<!-- \/ Yoast SEO plugin. -->","yoast_head_json":{"title":"Formulario ESTA para los Estados Unidos","description":"Nos facilitamos toda la informaci\u00f3n para obtener f\u00e1cilmente la visa ESTA a trav\u00e9s de Internet, su precio y las condiciones para obtenerla.","robots":{"index":"index","follow":"follow","max-snippet":"max-snippet:-1","max-image-preview":"max-image-preview:large","max-video-preview":"max-video-preview:-1"},"canonical":"https:\/\/123-esta.com\/es\/","og_locale":"es_ES","og_type":"article","og_title":"Formulario ESTA para los Estados Unidos","og_description":"Nos facilitamos toda la informaci\u00f3n para obtener f\u00e1cilmente la visa ESTA a trav\u00e9s de Internet, su precio y las condiciones para obtenerla.","og_url":"https:\/\/123-esta.com\/es\/","og_site_name":"Formulaire ESTA pour les USA","article_modified_time":"2025-12-18T11:34:12+00:00","twitter_card":"summary_large_image","twitter_misc":{"Tiempo de lectura":"4 minutos"},"schema":{"@context":"https:\/\/schema.org","@graph":[{"@type":"WebPage","@id":"https:\/\/123-esta.com\/es\/","url":"https:\/\/123-esta.com\/es\/","name":"Formulario ESTA para los Estados Unidos","isPartOf":{"@id":"https:\/\/123-esta.com\/es\/#website"},"datePublished":"2021-12-21T12:22:57+00:00","dateModified":"2025-12-18T11:34:12+00:00","description":"Nos facilitamos toda la informaci\u00f3n para obtener f\u00e1cilmente la visa ESTA a trav\u00e9s de Internet, su precio y las condiciones para obtenerla.","inLanguage":"es","potentialAction":[{"@type":"ReadAction","target":["https:\/\/123-esta.com\/es\/"]}]},{"@type":"WebSite","@id":"https:\/\/123-esta.com\/es\/#website","url":"https:\/\/123-esta.com\/es\/","name":"Formulaire ESTA pour les USA","description":"","publisher":{"@id":"https:\/\/123-esta.com\/es\/#organization"},"potentialAction":[{"@type":"SearchAction","target":{"@type":"EntryPoint","urlTemplate":"https:\/\/123-esta.com\/es\/?s={search_term_string}"},"query-input":{"@type":"PropertyValueSpecification","valueRequired":true,"valueName":"search_term_string"}}],"inLanguage":"es"},{"@type":"Organization","@id":"https:\/\/123-esta.com\/es\/#organization","name":"Formulaire ESTA pour les USA","url":"https:\/\/123-esta.com\/es\/","logo":{"@type":"ImageObject","inLanguage":"es","@id":"https:\/\/123-esta.com\/es\/#\/schema\/logo\/image\/","url":"https:\/\/123-esta.com\/wp-content\/uploads\/2018\/03\/logo-123-esta.png","contentUrl":"https:\/\/123-esta.com\/wp-content\/uploads\/2018\/03\/logo-123-esta.png","width":191,"height":54,"caption":"Formulaire ESTA pour les USA"},"image":{"@id":"https:\/\/123-esta.com\/es\/#\/schema\/logo\/image\/"}}]}},"_links":{"self":[{"href":"https:\/\/123-esta.com\/es\/wp-json\/wp\/v2\/pages\/1319","targetHints":{"allow":["GET"]}}],"collection":[{"href":"https:\/\/123-esta.com\/es\/wp-json\/wp\/v2\/pages"}],"about":[{"href":"https:\/\/123-esta.com\/es\/wp-json\/wp\/v2\/types\/page"}],"author":[{"embeddable":true,"href":"https:\/\/123-esta.com\/es\/wp-json\/wp\/v2\/users\/1"}],"replies":[{"embeddable":true,"href":"https:\/\/123-esta.com\/es\/wp-json\/wp\/v2\/comments?post=1319"}],"version-history":[{"count":0,"href":"https:\/\/123-esta.com\/es\/wp-json\/wp\/v2\/pages\/1319\/revisions"}],"wp:attachment":[{"href":"https:\/\/123-esta.com\/es\/wp-json\/wp\/v2\/media?parent=1319"}],"curies":[{"name":"wp","href":"https:\/\/api.w.org\/{rel}","templated":true}]}}