{"id":2537,"date":"2022-07-27T21:36:09","date_gmt":"2022-07-27T19:36:09","guid":{"rendered":"https:\/\/123-esta.com\/bedingungen-und-konditionen\/"},"modified":"2022-09-13T23:43:41","modified_gmt":"2022-09-13T21:43:41","slug":"bedingungen-und-konditionen","status":"publish","type":"page","link":"https:\/\/123-esta.com\/de\/bedingungen-und-konditionen\/","title":{"rendered":"Bedingungen und Konditionen"},"content":{"rendered":"\n<h2 class=\"wp-block-heading\">Allgemeines &#8211; Umfang<\/h2>\n\n<p>Sie lesen die Allgemeinen Gesch\u00e4ftsbedingungen (die &#8222;Allgemeinen Gesch\u00e4ftsbedingungen&#8220;), bevor Sie die Seiten der Website https:\/\/123-esta.com durchsuchen. Durch den Zugriff auf und die Nutzung der Website 123-esta.com erkennen Sie an und erkl\u00e4ren sich damit einverstanden, dass Sie in \u00dcbereinstimmung mit diesen Allgemeinen Gesch\u00e4ftsbedingungen handeln.<\/p>\n\n<h2 class=\"wp-block-heading\">ONLINE-Dienste<\/h2>\n\n<p>https:\/\/123-esta.com ist eine regierungsunabh\u00e4ngige Informationsseite \u00fcber ESTA (Electronic System for Travel Authorization), insbesondere unabh\u00e4ngig und ohne Verbindung zur US-Regierung. Es handelt sich um ein privates Nachrichtenportal im Internet, das ausschlie\u00dflich der Information von Internetnutzern dient und keine zus\u00e4tzlichen Dienstleistungen anbietet.<\/p>\n\n<h2 class=\"wp-block-heading\">Haftungsbeschr\u00e4nkung, Garantieausschluss<\/h2>\n\n<p>Die Website https:\/\/123-esta.com enth\u00e4lt einige wenige ausgehende Hyperlinks, die zu Websites Dritter f\u00fchren. Wir haben keine Verbindung zu und keine Kontrolle \u00fcber diese Websites und sind nicht f\u00fcr ihre Datenschutzrichtlinien oder Gesch\u00e4fts- oder Marketingpraktiken verantwortlich.<\/p>\n\n<h2 class=\"wp-block-heading\">Privatleben<\/h2>\n\n<p>Die Website https:\/\/123-esta.com sammelt keine Daten \u00fcber ihre Nutzer. Die Website bietet keine Online-Dienste oder Online-Formulare an. Die Seite verwendet auch keine Tracking-Tools, um den Datenverkehr und die Nutzer zu verfolgen, um zu erfahren, wie sie navigieren.<\/p>\n\n<h2 class=\"wp-block-heading\">Rechtliche Hinweise<\/h2>\n\n<p>123-esta.com wird von einem privaten und unabh\u00e4ngigen Unternehmen vertreten, das nicht mit den US-Beh\u00f6rden verbunden ist.<\/p>\n\n<h2 class=\"wp-block-heading\">Anwendbares Recht, Erf\u00fcllungsort<\/h2>\n\n<p>Es gilt maltesisches Recht. Alle Fragen im Zusammenhang mit diesen Gesch\u00e4ftsbedingungen, die nicht in diesen Vertragsbestimmungen behandelt werden, unterliegen dem maltesischen Recht unter Ausschluss jeglichen anderen Rechts. Sie erkl\u00e4ren sich damit einverstanden, sich der ausschlie\u00dflichen Zust\u00e4ndigkeit der Gerichte von Malta zu unterwerfen.<\/p>\n","protected":false},"excerpt":{"rendered":"<p>Allgemeines &#8211; Umfang Sie lesen die Allgemeinen Gesch\u00e4ftsbedingungen (die &#8222;Allgemeinen Gesch\u00e4ftsbedingungen&#8220;), bevor Sie die Seiten der Website https:\/\/123-esta.com durchsuchen. Durch den Zugriff auf und die Nutzung der Website 123-esta.com erkennen Sie an und erkl\u00e4ren sich damit einverstanden, dass Sie in \u00dcbereinstimmung mit diesen Allgemeinen Gesch\u00e4ftsbedingungen handeln. ONLINE-Dienste https:\/\/123-esta.com ist eine regierungsunabh\u00e4ngige Informationsseite \u00fcber ESTA (Electronic [&hellip;]<\/p>\n","protected":false},"author":1,"featured_media":0,"parent":0,"menu_order":0,"comment_status":"closed","ping_status":"closed","template":"","meta":{"site-sidebar-layout":"default","site-content-layout":"default","ast-site-content-layout":"default","site-content-style":"default","site-sidebar-style":"default","ast-global-header-display":"","ast-banner-title-visibility":"","ast-main-header-display":"","ast-hfb-above-header-display":"","ast-hfb-below-header-display":"","ast-hfb-mobile-header-display":"","site-post-title":"","ast-breadcrumbs-content":"","ast-featured-img":"","footer-sml-layout":"","ast-disable-related-posts":"","theme-transparent-header-meta":"default","adv-header-id-meta":"","stick-header-meta":"default","header-above-stick-meta":"","header-main-stick-meta":"","header-below-stick-meta":"","astra-migrate-meta-layouts":"default","ast-page-background-enabled":"default","ast-page-background-meta":{"desktop":{"background-color":"","background-image":"","background-repeat":"repeat","background-position":"center center","background-size":"auto","background-attachment":"scroll","background-type":"","background-media":"","overlay-type":"","overlay-color":"","overlay-opacity":"","overlay-gradient":""},"tablet":{"background-color":"","background-image":"","background-repeat":"repeat","background-position":"center center","background-size":"auto","background-attachment":"scroll","background-type":"","background-media":"","overlay-type":"","overlay-color":"","overlay-opacity":"","overlay-gradient":""},"mobile":{"background-color":"","background-image":"","background-repeat":"repeat","background-position":"center center","background-size":"auto","background-attachment":"scroll","background-type":"","background-media":"","overlay-type":"","overlay-color":"","overlay-opacity":"","overlay-gradient":""}},"ast-content-background-meta":{"desktop":{"background-color":"var(--ast-global-color-5)","background-image":"","background-repeat":"repeat","background-position":"center center","background-size":"auto","background-attachment":"scroll","background-type":"","background-media":"","overlay-type":"","overlay-color":"","overlay-opacity":"","overlay-gradient":""},"tablet":{"background-color":"var(--ast-global-color-5)","background-image":"","background-repeat":"repeat","background-position":"center center","background-size":"auto","background-attachment":"scroll","background-type":"","background-media":"","overlay-type":"","overlay-color":"","overlay-opacity":"","overlay-gradient":""},"mobile":{"background-color":"var(--ast-global-color-5)","background-image":"","background-repeat":"repeat","background-position":"center center","background-size":"auto","background-attachment":"scroll","background-type":"","background-media":"","overlay-type":"","overlay-color":"","overlay-opacity":"","overlay-gradient":""}},"footnotes":""},"class_list":["post-2537","page","type-page","status-publish","hentry"],"yoast_head":"<!-- This site is optimized with the Yoast SEO plugin v27.1.1 - https:\/\/yoast.com\/product\/yoast-seo-wordpress\/ -->\n<title>Ausf\u00fchrliche Website-Bedingungen<\/title>\n<meta name=\"description\" content=\"Allgemeine Gesch\u00e4ftsbedingungen der Website 123-esta.com\" \/>\n<meta name=\"robots\" content=\"index, follow, max-snippet:-1, max-image-preview:large, max-video-preview:-1\" \/>\n<link rel=\"canonical\" href=\"https:\/\/123-esta.com\/de\/bedingungen-und-konditionen\/\" \/>\n<meta property=\"og:locale\" content=\"de_DE\" \/>\n<meta property=\"og:type\" content=\"article\" \/>\n<meta property=\"og:title\" content=\"Ausf\u00fchrliche Website-Bedingungen\" \/>\n<meta property=\"og:description\" content=\"Allgemeine Gesch\u00e4ftsbedingungen der Website 123-esta.com\" \/>\n<meta property=\"og:url\" content=\"https:\/\/123-esta.com\/de\/bedingungen-und-konditionen\/\" \/>\n<meta property=\"og:site_name\" content=\"Formulaire ESTA pour les USA\" \/>\n<meta property=\"article:modified_time\" content=\"2022-09-13T21:43:41+00:00\" \/>\n<meta name=\"twitter:card\" content=\"summary_large_image\" \/>\n<meta name=\"twitter:label1\" content=\"Gesch\u00e4tzte Lesezeit\" \/>\n\t<meta name=\"twitter:data1\" content=\"1\u00a0Minute\" \/>\n<script type=\"application\/ld+json\" class=\"yoast-schema-graph\">{\"@context\":\"https:\/\/schema.org\",\"@graph\":[{\"@type\":\"WebPage\",\"@id\":\"https:\/\/123-esta.com\/de\/bedingungen-und-konditionen\/\",\"url\":\"https:\/\/123-esta.com\/de\/bedingungen-und-konditionen\/\",\"name\":\"Ausf\u00fchrliche Website-Bedingungen\",\"isPartOf\":{\"@id\":\"https:\/\/123-esta.com\/de\/#website\"},\"datePublished\":\"2022-07-27T19:36:09+00:00\",\"dateModified\":\"2022-09-13T21:43:41+00:00\",\"description\":\"Allgemeine Gesch\u00e4ftsbedingungen der Website 123-esta.com\",\"inLanguage\":\"de\",\"potentialAction\":[{\"@type\":\"ReadAction\",\"target\":[\"https:\/\/123-esta.com\/de\/bedingungen-und-konditionen\/\"]}]},{\"@type\":\"WebSite\",\"@id\":\"https:\/\/123-esta.com\/de\/#website\",\"url\":\"https:\/\/123-esta.com\/de\/\",\"name\":\"Formulaire ESTA pour les USA\",\"description\":\"\",\"publisher\":{\"@id\":\"https:\/\/123-esta.com\/de\/#organization\"},\"potentialAction\":[{\"@type\":\"SearchAction\",\"target\":{\"@type\":\"EntryPoint\",\"urlTemplate\":\"https:\/\/123-esta.com\/de\/?s={search_term_string}\"},\"query-input\":{\"@type\":\"PropertyValueSpecification\",\"valueRequired\":true,\"valueName\":\"search_term_string\"}}],\"inLanguage\":\"de\"},{\"@type\":\"Organization\",\"@id\":\"https:\/\/123-esta.com\/de\/#organization\",\"name\":\"Formulaire ESTA pour les USA\",\"url\":\"https:\/\/123-esta.com\/de\/\",\"logo\":{\"@type\":\"ImageObject\",\"inLanguage\":\"de\",\"@id\":\"https:\/\/123-esta.com\/de\/#\/schema\/logo\/image\/\",\"url\":\"https:\/\/123-esta.com\/wp-content\/uploads\/2018\/03\/logo-123-esta.png\",\"contentUrl\":\"https:\/\/123-esta.com\/wp-content\/uploads\/2018\/03\/logo-123-esta.png\",\"width\":191,\"height\":54,\"caption\":\"Formulaire ESTA pour les USA\"},\"image\":{\"@id\":\"https:\/\/123-esta.com\/de\/#\/schema\/logo\/image\/\"}}]}<\/script>\n<!-- \/ Yoast SEO plugin. -->","yoast_head_json":{"title":"Ausf\u00fchrliche Website-Bedingungen","description":"Allgemeine Gesch\u00e4ftsbedingungen der Website 123-esta.com","robots":{"index":"index","follow":"follow","max-snippet":"max-snippet:-1","max-image-preview":"max-image-preview:large","max-video-preview":"max-video-preview:-1"},"canonical":"https:\/\/123-esta.com\/de\/bedingungen-und-konditionen\/","og_locale":"de_DE","og_type":"article","og_title":"Ausf\u00fchrliche Website-Bedingungen","og_description":"Allgemeine Gesch\u00e4ftsbedingungen der Website 123-esta.com","og_url":"https:\/\/123-esta.com\/de\/bedingungen-und-konditionen\/","og_site_name":"Formulaire ESTA pour les USA","article_modified_time":"2022-09-13T21:43:41+00:00","twitter_card":"summary_large_image","twitter_misc":{"Gesch\u00e4tzte Lesezeit":"1\u00a0Minute"},"schema":{"@context":"https:\/\/schema.org","@graph":[{"@type":"WebPage","@id":"https:\/\/123-esta.com\/de\/bedingungen-und-konditionen\/","url":"https:\/\/123-esta.com\/de\/bedingungen-und-konditionen\/","name":"Ausf\u00fchrliche Website-Bedingungen","isPartOf":{"@id":"https:\/\/123-esta.com\/de\/#website"},"datePublished":"2022-07-27T19:36:09+00:00","dateModified":"2022-09-13T21:43:41+00:00","description":"Allgemeine Gesch\u00e4ftsbedingungen der Website 123-esta.com","inLanguage":"de","potentialAction":[{"@type":"ReadAction","target":["https:\/\/123-esta.com\/de\/bedingungen-und-konditionen\/"]}]},{"@type":"WebSite","@id":"https:\/\/123-esta.com\/de\/#website","url":"https:\/\/123-esta.com\/de\/","name":"Formulaire ESTA pour les USA","description":"","publisher":{"@id":"https:\/\/123-esta.com\/de\/#organization"},"potentialAction":[{"@type":"SearchAction","target":{"@type":"EntryPoint","urlTemplate":"https:\/\/123-esta.com\/de\/?s={search_term_string}"},"query-input":{"@type":"PropertyValueSpecification","valueRequired":true,"valueName":"search_term_string"}}],"inLanguage":"de"},{"@type":"Organization","@id":"https:\/\/123-esta.com\/de\/#organization","name":"Formulaire ESTA pour les USA","url":"https:\/\/123-esta.com\/de\/","logo":{"@type":"ImageObject","inLanguage":"de","@id":"https:\/\/123-esta.com\/de\/#\/schema\/logo\/image\/","url":"https:\/\/123-esta.com\/wp-content\/uploads\/2018\/03\/logo-123-esta.png","contentUrl":"https:\/\/123-esta.com\/wp-content\/uploads\/2018\/03\/logo-123-esta.png","width":191,"height":54,"caption":"Formulaire ESTA pour les USA"},"image":{"@id":"https:\/\/123-esta.com\/de\/#\/schema\/logo\/image\/"}}]}},"_links":{"self":[{"href":"https:\/\/123-esta.com\/de\/wp-json\/wp\/v2\/pages\/2537","targetHints":{"allow":["GET"]}}],"collection":[{"href":"https:\/\/123-esta.com\/de\/wp-json\/wp\/v2\/pages"}],"about":[{"href":"https:\/\/123-esta.com\/de\/wp-json\/wp\/v2\/types\/page"}],"author":[{"embeddable":true,"href":"https:\/\/123-esta.com\/de\/wp-json\/wp\/v2\/users\/1"}],"replies":[{"embeddable":true,"href":"https:\/\/123-esta.com\/de\/wp-json\/wp\/v2\/comments?post=2537"}],"version-history":[{"count":0,"href":"https:\/\/123-esta.com\/de\/wp-json\/wp\/v2\/pages\/2537\/revisions"}],"wp:attachment":[{"href":"https:\/\/123-esta.com\/de\/wp-json\/wp\/v2\/media?parent=2537"}],"curies":[{"name":"wp","href":"https:\/\/api.w.org\/{rel}","templated":true}]}}