{"id":2534,"date":"2022-07-27T21:36:09","date_gmt":"2022-07-27T19:36:09","guid":{"rendered":"https:\/\/123-esta.com\/esta-flugticket-hin-und-zurueck-obligatorisch-fuer-die-vereinigten-staaten\/"},"modified":"2022-08-23T22:55:34","modified_gmt":"2022-08-23T20:55:34","slug":"esta-flugticket-hin-und-zuruck-obligatorisch-fur-die-vereinigten-staaten","status":"publish","type":"page","link":"https:\/\/123-esta.com\/de\/esta-flugticket-hin-und-zuruck-obligatorisch-fur-die-vereinigten-staaten\/","title":{"rendered":"ESTA: Obligatorisches Hin- und R\u00fcckflugticket f\u00fcr die USA"},"content":{"rendered":"\n<p>Wenn Sie in die USA reisen m\u00f6chten, sollten Sie wissen, dass einige L\u00e4nder ihren B\u00fcrgern erlauben, ohne Visumantrag in die USA zu reisen. Das bedeutet nicht, dass der Aufenthalt auf amerikanischem Boden ohne Beantragung einer Genehmigung erfolgen kann, sondern dass es einen Ersatz f\u00fcr das USA-Visum gibt, der schneller zu erhalten ist. Bevor Sie zu einer Touristenreise oder einem Sprachaufenthalt aufbrechen, sollten Sie auf keinen Fall Ihren ESTA-Antrag vergessen! Um es zu erhalten und nach Manhattan oder Florida zu fliegen, m\u00fcssen Sie ein Formular ausf\u00fcllen, das im Internet leicht zug\u00e4nglich ist. Es m\u00fcssen bestimmte Kriterien erf\u00fcllt sein, z. B. der Besitz von <a href=\"https:\/\/123-esta.com\/de\/fragen-esta-vor-dem-kauf-eines-flugtickets\/\">Flugtickets<\/a> (oder <a href=\"https:\/\/123-esta.com\/de\/fragen-esta-vor-dem-kauf-eines-flugtickets\/\">Schiffstickets<\/a> ), die belegen, dass Sie f\u00fcr maximal 90 Tage reisen. Wie Sie vielleicht schon bemerkt haben, wird ein einfaches Ticket die US-Regierung nicht zufriedenstellen und Ihnen eine Absage erteilen: Sie m\u00fcssen f\u00fcr jeden Aufenthalt in den USA ein Hin- und R\u00fcckflugticket besitzen.<\/p>\n\n<h2 class=\"wp-block-heading\">Ein Hin- und R\u00fcckflugticket, das f\u00fcr die ESTA-Genehmigung ben\u00f6tigt wird, aber nicht nur daf\u00fcr<\/h2>\n\n<p>Ein amerikanisches Visum wird h\u00e4ufig f\u00fcr eine Reise in die USA beantragt. Dies ist jedoch keine universelle Voraussetzung, z. B. dank des Visa Waiver Program (VWP), das von den US-Beh\u00f6rden eingef\u00fchrt wurde. Dieses System vereinfacht die Verfahren f\u00fcr B\u00fcrger aus 40 L\u00e4ndern, die nur ein ESTA-Formular ausf\u00fcllen m\u00fcssen, um in die USA einreisen zu k\u00f6nnen. Achtung: Der <a href=\"https:\/\/123-esta.com\/de\/alle-wissen-uber-esta-antrag\/\">Online-Antrag<\/a> ist einfach, f\u00fchrt aber nicht mit Sicherheit zu einer positiven Antwort der Regierung.<\/p>\n\n<p>Die Erf\u00fcllung mehrerer kumulativer Bedingungen ist notwendig:<\/p>\n\n<ul class=\"wp-block-list\"><li>Zweck der Reise in die USA: Tourismus, Transit oder Gesch\u00e4ftsreise<\/li><li>Reisedauer: maximal 90 aufeinanderfolgende Tage<\/li><li>Einen biometrischen oder elektronischen Reisepass besitzen, dessen G\u00fcltigkeitsdauer den gesamten Aufenthalt umfasst (andernfalls einen neuen Reisepass beantragen).<\/li><li>Ein Hin- und R\u00fcckflugticket oder ein Weiterflugticket besitzen und damit nachweisen, dass Sie nicht l\u00e4nger als 90 Tage in den USA bleiben.<\/li><\/ul>\n\n<p>Wenn Ihr Vorhaben eine Unternehmensgr\u00fcndung, einen Job, ein Studiensemester oder auch eine Einwanderung betrifft, sollten Sie besser keine Zeit mit einem ESTA-Antrag verlieren. Ohne ein <a href=\"https:\/\/123-esta.com\/de\/touristenvisum-vereinigten-staaten\/\">B2-Touristenvisum<\/a> k\u00f6nnen Sie nicht an Bord gehen und diese Art von Zielen verwirklichen. Informieren Sie sich zum Beispiel \u00fcber die Green Card.<\/p>\n\n<p>Wenn Sie hingegen die oben genannten Bedingungen erf\u00fcllen, k\u00f6nnen Sie jetzt mit Ihrem franz\u00f6sischen Reisepass das Online-Formular ausf\u00fcllen. Die Antwort der US-Regierung erfolgt innerhalb von 72 Stunden, aber diese Frist ist in der Regel viel k\u00fcrzer. Auch wenn es dank dieser schnellen Reaktion m\u00f6glich ist, im letzten Moment in die USA zu reisen, empfehlen wir Ihnen, das Verfahren im Voraus zu planen. (ESTA wird \u00fcber elektronische Systeme ausgestellt, die nicht unfehlbar <a href=\"https:\/\/123-esta.com\/de\/was-zu-tun-wenn-der-esta-antrag-aussteht\/\">sind<\/a> ).<\/p>\n\n<h2 class=\"wp-block-heading\">Mit Ihrem Hin- und R\u00fcckflugticket und Ihrem g\u00fcltigen Reisepass in der Tasche geh\u00f6rt ESTA fast Ihnen!<\/h2>\n\n<p>Die Wahrscheinlichkeit, dass ein ESTA-Antrag abgelehnt wird, ist minimal, fast null. Abgesehen davon, dass die oben genannten Kriterien nicht erf\u00fcllt werden, f\u00fchren bestimmte Antworten im Online-Fragebogen zu einer Ablehnung der Reise in die USA, z. B. wenn die innere Sicherheit als gef\u00e4hrdet angesehen wird.<\/p>\n\n<p>Wenn Sie keinen Anschlag in New York planen oder nicht die Staatsangeh\u00f6rigkeit eines der von einem Einreiseverbot betroffenen L\u00e4nder besitzen, k\u00f6nnen Sie relativ beruhigt sein, wenn Sie das Formular auf der Website der Regierung oder einer privaten Website ausf\u00fcllen. Ein kurzfristiger Auslandsaufenthalt, um den Grand Canyon oder die Str\u00e4nde von Miami zu besuchen, ist in der Regel kein Problem.<\/p>\n\n<p>Dann warten Sie nicht l\u00e4nger, sondern kaufen Sie Ihre Hin- und R\u00fcckfahrkarten und stellen Sie den Antrag auf Genehmigung. Lesen Sie Ihre Angaben (Nachname, Passnummer, M\u00e4dchenname usw.) noch einmal genau durch; Fehler erfordern einen neuen Antrag (nur die E-Mail-Adresse und die Adresse des endg\u00fcltigen Zielortes in den USA k\u00f6nnen nach Einreichung des ESTA-Auftrags ge\u00e4ndert werden).<br\/>Z\u00f6gern Sie nicht, sich an das Konsulat oder die Botschaft der USA zu wenden, um weitere Informationen zu erhalten (Fluggesellschaften und -wege, die Sie benutzen m\u00fcssen, Ablauf des elektronischen Reisepasses, Ausreise aus den USA w\u00e4hrend eines Aufenthalts mit ESTA&#8230;).<\/p>\n\n<p>Wir w\u00fcnschen Ihnen eine gute Reise nach New York oder in den amerikanischen Westen!<\/p>\n","protected":false},"excerpt":{"rendered":"<p>Wenn Sie in die USA reisen m\u00f6chten, sollten Sie wissen, dass einige L\u00e4nder ihren B\u00fcrgern erlauben, ohne Visumantrag in die USA zu reisen. Das bedeutet nicht, dass der Aufenthalt auf amerikanischem Boden ohne Beantragung einer Genehmigung erfolgen kann, sondern dass es einen Ersatz f\u00fcr das USA-Visum gibt, der schneller zu erhalten ist. Bevor Sie zu [&hellip;]<\/p>\n","protected":false},"author":1,"featured_media":0,"parent":0,"menu_order":0,"comment_status":"closed","ping_status":"closed","template":"","meta":{"site-sidebar-layout":"default","site-content-layout":"default","ast-site-content-layout":"default","site-content-style":"default","site-sidebar-style":"default","ast-global-header-display":"","ast-banner-title-visibility":"","ast-main-header-display":"","ast-hfb-above-header-display":"","ast-hfb-below-header-display":"","ast-hfb-mobile-header-display":"","site-post-title":"","ast-breadcrumbs-content":"","ast-featured-img":"","footer-sml-layout":"","ast-disable-related-posts":"","theme-transparent-header-meta":"default","adv-header-id-meta":"","stick-header-meta":"default","header-above-stick-meta":"","header-main-stick-meta":"","header-below-stick-meta":"","astra-migrate-meta-layouts":"default","ast-page-background-enabled":"default","ast-page-background-meta":{"desktop":{"background-color":"","background-image":"","background-repeat":"repeat","background-position":"center center","background-size":"auto","background-attachment":"scroll","background-type":"","background-media":"","overlay-type":"","overlay-color":"","overlay-opacity":"","overlay-gradient":""},"tablet":{"background-color":"","background-image":"","background-repeat":"repeat","background-position":"center center","background-size":"auto","background-attachment":"scroll","background-type":"","background-media":"","overlay-type":"","overlay-color":"","overlay-opacity":"","overlay-gradient":""},"mobile":{"background-color":"","background-image":"","background-repeat":"repeat","background-position":"center center","background-size":"auto","background-attachment":"scroll","background-type":"","background-media":"","overlay-type":"","overlay-color":"","overlay-opacity":"","overlay-gradient":""}},"ast-content-background-meta":{"desktop":{"background-color":"var(--ast-global-color-5)","background-image":"","background-repeat":"repeat","background-position":"center center","background-size":"auto","background-attachment":"scroll","background-type":"","background-media":"","overlay-type":"","overlay-color":"","overlay-opacity":"","overlay-gradient":""},"tablet":{"background-color":"var(--ast-global-color-5)","background-image":"","background-repeat":"repeat","background-position":"center center","background-size":"auto","background-attachment":"scroll","background-type":"","background-media":"","overlay-type":"","overlay-color":"","overlay-opacity":"","overlay-gradient":""},"mobile":{"background-color":"var(--ast-global-color-5)","background-image":"","background-repeat":"repeat","background-position":"center center","background-size":"auto","background-attachment":"scroll","background-type":"","background-media":"","overlay-type":"","overlay-color":"","overlay-opacity":"","overlay-gradient":""}},"footnotes":""},"class_list":["post-2534","page","type-page","status-publish","hentry"],"yoast_head":"<!-- This site is optimized with the Yoast SEO plugin v27.1.1 - https:\/\/yoast.com\/product\/yoast-seo-wordpress\/ -->\n<title>ESTA: Obligatorisches Hin- und R\u00fcckflugticket f\u00fcr die USA<\/title>\n<meta name=\"description\" content=\"ESTA erm\u00f6glicht kurzfristige Aufenthalte in den USA. Um einen Aufenthalt von bis zu 90 Tagen zu garantieren, m\u00fcssen Sie ein Hin- und R\u00fcckflugticket vorlegen.\" \/>\n<meta name=\"robots\" content=\"index, follow, max-snippet:-1, max-image-preview:large, max-video-preview:-1\" \/>\n<link rel=\"canonical\" href=\"https:\/\/123-esta.com\/de\/esta-flugticket-hin-und-zuruck-obligatorisch-fur-die-vereinigten-staaten\/\" \/>\n<meta property=\"og:locale\" content=\"de_DE\" \/>\n<meta property=\"og:type\" content=\"article\" \/>\n<meta property=\"og:title\" content=\"ESTA: Obligatorisches Hin- und R\u00fcckflugticket f\u00fcr die USA\" \/>\n<meta property=\"og:description\" content=\"ESTA erm\u00f6glicht kurzfristige Aufenthalte in den USA. Um einen Aufenthalt von bis zu 90 Tagen zu garantieren, m\u00fcssen Sie ein Hin- und R\u00fcckflugticket vorlegen.\" \/>\n<meta property=\"og:url\" content=\"https:\/\/123-esta.com\/de\/esta-flugticket-hin-und-zuruck-obligatorisch-fur-die-vereinigten-staaten\/\" \/>\n<meta property=\"og:site_name\" content=\"Formulaire ESTA pour les USA\" \/>\n<meta property=\"article:modified_time\" content=\"2022-08-23T20:55:34+00:00\" \/>\n<meta name=\"twitter:card\" content=\"summary_large_image\" \/>\n<meta name=\"twitter:label1\" content=\"Gesch\u00e4tzte Lesezeit\" \/>\n\t<meta name=\"twitter:data1\" content=\"3\u00a0Minuten\" \/>\n<script type=\"application\/ld+json\" class=\"yoast-schema-graph\">{\"@context\":\"https:\/\/schema.org\",\"@graph\":[{\"@type\":\"WebPage\",\"@id\":\"https:\/\/123-esta.com\/de\/esta-flugticket-hin-und-zuruck-obligatorisch-fur-die-vereinigten-staaten\/\",\"url\":\"https:\/\/123-esta.com\/de\/esta-flugticket-hin-und-zuruck-obligatorisch-fur-die-vereinigten-staaten\/\",\"name\":\"ESTA: Obligatorisches Hin- und R\u00fcckflugticket f\u00fcr die USA\",\"isPartOf\":{\"@id\":\"https:\/\/123-esta.com\/de\/#website\"},\"datePublished\":\"2022-07-27T19:36:09+00:00\",\"dateModified\":\"2022-08-23T20:55:34+00:00\",\"description\":\"ESTA erm\u00f6glicht kurzfristige Aufenthalte in den USA. Um einen Aufenthalt von bis zu 90 Tagen zu garantieren, m\u00fcssen Sie ein Hin- und R\u00fcckflugticket vorlegen.\",\"inLanguage\":\"de\",\"potentialAction\":[{\"@type\":\"ReadAction\",\"target\":[\"https:\/\/123-esta.com\/de\/esta-flugticket-hin-und-zuruck-obligatorisch-fur-die-vereinigten-staaten\/\"]}]},{\"@type\":\"WebSite\",\"@id\":\"https:\/\/123-esta.com\/de\/#website\",\"url\":\"https:\/\/123-esta.com\/de\/\",\"name\":\"Formulaire ESTA pour les USA\",\"description\":\"\",\"publisher\":{\"@id\":\"https:\/\/123-esta.com\/de\/#organization\"},\"potentialAction\":[{\"@type\":\"SearchAction\",\"target\":{\"@type\":\"EntryPoint\",\"urlTemplate\":\"https:\/\/123-esta.com\/de\/?s={search_term_string}\"},\"query-input\":{\"@type\":\"PropertyValueSpecification\",\"valueRequired\":true,\"valueName\":\"search_term_string\"}}],\"inLanguage\":\"de\"},{\"@type\":\"Organization\",\"@id\":\"https:\/\/123-esta.com\/de\/#organization\",\"name\":\"Formulaire ESTA pour les USA\",\"url\":\"https:\/\/123-esta.com\/de\/\",\"logo\":{\"@type\":\"ImageObject\",\"inLanguage\":\"de\",\"@id\":\"https:\/\/123-esta.com\/de\/#\/schema\/logo\/image\/\",\"url\":\"https:\/\/123-esta.com\/wp-content\/uploads\/2018\/03\/logo-123-esta.png\",\"contentUrl\":\"https:\/\/123-esta.com\/wp-content\/uploads\/2018\/03\/logo-123-esta.png\",\"width\":191,\"height\":54,\"caption\":\"Formulaire ESTA pour les USA\"},\"image\":{\"@id\":\"https:\/\/123-esta.com\/de\/#\/schema\/logo\/image\/\"}}]}<\/script>\n<!-- \/ Yoast SEO plugin. -->","yoast_head_json":{"title":"ESTA: Obligatorisches Hin- und R\u00fcckflugticket f\u00fcr die USA","description":"ESTA erm\u00f6glicht kurzfristige Aufenthalte in den USA. Um einen Aufenthalt von bis zu 90 Tagen zu garantieren, m\u00fcssen Sie ein Hin- und R\u00fcckflugticket vorlegen.","robots":{"index":"index","follow":"follow","max-snippet":"max-snippet:-1","max-image-preview":"max-image-preview:large","max-video-preview":"max-video-preview:-1"},"canonical":"https:\/\/123-esta.com\/de\/esta-flugticket-hin-und-zuruck-obligatorisch-fur-die-vereinigten-staaten\/","og_locale":"de_DE","og_type":"article","og_title":"ESTA: Obligatorisches Hin- und R\u00fcckflugticket f\u00fcr die USA","og_description":"ESTA erm\u00f6glicht kurzfristige Aufenthalte in den USA. Um einen Aufenthalt von bis zu 90 Tagen zu garantieren, m\u00fcssen Sie ein Hin- und R\u00fcckflugticket vorlegen.","og_url":"https:\/\/123-esta.com\/de\/esta-flugticket-hin-und-zuruck-obligatorisch-fur-die-vereinigten-staaten\/","og_site_name":"Formulaire ESTA pour les USA","article_modified_time":"2022-08-23T20:55:34+00:00","twitter_card":"summary_large_image","twitter_misc":{"Gesch\u00e4tzte Lesezeit":"3\u00a0Minuten"},"schema":{"@context":"https:\/\/schema.org","@graph":[{"@type":"WebPage","@id":"https:\/\/123-esta.com\/de\/esta-flugticket-hin-und-zuruck-obligatorisch-fur-die-vereinigten-staaten\/","url":"https:\/\/123-esta.com\/de\/esta-flugticket-hin-und-zuruck-obligatorisch-fur-die-vereinigten-staaten\/","name":"ESTA: Obligatorisches Hin- und R\u00fcckflugticket f\u00fcr die USA","isPartOf":{"@id":"https:\/\/123-esta.com\/de\/#website"},"datePublished":"2022-07-27T19:36:09+00:00","dateModified":"2022-08-23T20:55:34+00:00","description":"ESTA erm\u00f6glicht kurzfristige Aufenthalte in den USA. Um einen Aufenthalt von bis zu 90 Tagen zu garantieren, m\u00fcssen Sie ein Hin- und R\u00fcckflugticket vorlegen.","inLanguage":"de","potentialAction":[{"@type":"ReadAction","target":["https:\/\/123-esta.com\/de\/esta-flugticket-hin-und-zuruck-obligatorisch-fur-die-vereinigten-staaten\/"]}]},{"@type":"WebSite","@id":"https:\/\/123-esta.com\/de\/#website","url":"https:\/\/123-esta.com\/de\/","name":"Formulaire ESTA pour les USA","description":"","publisher":{"@id":"https:\/\/123-esta.com\/de\/#organization"},"potentialAction":[{"@type":"SearchAction","target":{"@type":"EntryPoint","urlTemplate":"https:\/\/123-esta.com\/de\/?s={search_term_string}"},"query-input":{"@type":"PropertyValueSpecification","valueRequired":true,"valueName":"search_term_string"}}],"inLanguage":"de"},{"@type":"Organization","@id":"https:\/\/123-esta.com\/de\/#organization","name":"Formulaire ESTA pour les USA","url":"https:\/\/123-esta.com\/de\/","logo":{"@type":"ImageObject","inLanguage":"de","@id":"https:\/\/123-esta.com\/de\/#\/schema\/logo\/image\/","url":"https:\/\/123-esta.com\/wp-content\/uploads\/2018\/03\/logo-123-esta.png","contentUrl":"https:\/\/123-esta.com\/wp-content\/uploads\/2018\/03\/logo-123-esta.png","width":191,"height":54,"caption":"Formulaire ESTA pour les USA"},"image":{"@id":"https:\/\/123-esta.com\/de\/#\/schema\/logo\/image\/"}}]}},"_links":{"self":[{"href":"https:\/\/123-esta.com\/de\/wp-json\/wp\/v2\/pages\/2534","targetHints":{"allow":["GET"]}}],"collection":[{"href":"https:\/\/123-esta.com\/de\/wp-json\/wp\/v2\/pages"}],"about":[{"href":"https:\/\/123-esta.com\/de\/wp-json\/wp\/v2\/types\/page"}],"author":[{"embeddable":true,"href":"https:\/\/123-esta.com\/de\/wp-json\/wp\/v2\/users\/1"}],"replies":[{"embeddable":true,"href":"https:\/\/123-esta.com\/de\/wp-json\/wp\/v2\/comments?post=2534"}],"version-history":[{"count":0,"href":"https:\/\/123-esta.com\/de\/wp-json\/wp\/v2\/pages\/2534\/revisions"}],"wp:attachment":[{"href":"https:\/\/123-esta.com\/de\/wp-json\/wp\/v2\/media?parent=2534"}],"curies":[{"name":"wp","href":"https:\/\/api.w.org\/{rel}","templated":true}]}}