{"id":2503,"date":"2022-07-27T21:35:26","date_gmt":"2022-07-27T19:35:26","guid":{"rendered":"https:\/\/123-esta.com\/renseigner-facebook-esta\/"},"modified":"2022-08-23T22:48:28","modified_gmt":"2022-08-23T20:48:28","slug":"facebook-konto-fur-esta-ausfullen","status":"publish","type":"page","link":"https:\/\/123-esta.com\/de\/facebook-konto-fur-esta-ausfullen\/","title":{"rendered":"M\u00fcssen Sie Ihr Facebook-Konto angeben, um Ihr ESTA zu beantragen?"},"content":{"rendered":"\n<p>Seit einigen Monaten kursieren falsche Ger\u00fcchte \u00fcber die obligatorische Angabe der Facebook-ID und anderer sozialer Netzwerke f\u00fcr die elektronische Reisegenehmigung f\u00fcr die USA (ESTA). Viele Reisende glauben, dass sie ein ESTA nur erhalten k\u00f6nnen, wenn sie ihre Facebook-ID oder andere soziale Netzwerke, in denen sie angemeldet sind, ausf\u00fcllen. Unsere <a href=\"https:\/\/123-esta.com\/de\/faq-esta\/\">FAQs zum ESTA<\/a> helfen Ihnen dabei, die Wahrheit von der F\u00e4lschung <a href=\"https:\/\/123-esta.com\/de\/faq-esta\/\">zu<\/a> trennen.<\/p>\n\n<p>Diese Vorstellung kann unbequem sein, und unbegr\u00fcndete Ger\u00fcchte l\u00f6sen bei den Antragstellern das Gef\u00fchl aus, ausspioniert zu werden, was zu Unbehagen f\u00fchrt. Logins in sozialen Netzwerken sind private und sensible Informationen. Dies sind Informationen, die den Antragstellern wichtig sind. Das US-Ministerium f\u00fcr Innere Sicherheit stellt eine freiwillige Frage zu Ihren Facebook- und anderen sozialen Netzwerken. Entgegen anderslautender Ger\u00fcchte ist diese Frage nicht obligatorisch und der Erhalt des ESTA h\u00e4ngt nicht davon ab.<\/p>\n\n<p>Die Antr\u00e4ge auf Reisegenehmigung werden \u00fcber ein Computersystem automatisiert. Wie bekannt, erfolgt die Anmeldung online und hinter jedem Antrag steht keine nat\u00fcrliche Person. Im Gegensatz dazu kann die Beantwortung der Frage nach sozialen Netzwerken mit &#8222;Ja&#8220; und die Angabe des Benutzernamens dazu f\u00fchren, dass Ihnen das ESTA verweigert wird.<\/p>\n\n<p>Um Ihr ESTA zu erhalten und Ihre Chancen zu erh\u00f6hen, sollten Sie diese Frage ignorieren und Ihre Anmeldedaten nicht angeben. Dies ist gesetzlich vorgeschrieben und f\u00fchrt zu keinerlei Benachteiligungen. Denken Sie daran, dass es sich hierbei um eine freiwillige Frage handelt, die der Antragsteller \u00fcberhaupt nicht beantworten muss.<\/p>\n\n<p>Der Reisende ben\u00f6tigt nur seinen aktuellen Reisepass, um das <a href=\"https:\/\/123-esta.com\/de\/formular-esta\/\">Anmeldeformular<\/a> auszuf\u00fcllen. Die Antworten erfolgen innerhalb einer mehr oder weniger kurzen Frist, k\u00f6nnen aber bei bestimmten Anfragen, die eine \u00dcberpr\u00fcfung bei US-Beh\u00f6rden erfordern, bis zu 72 Stunden dauern. Ablehnungen sind selten und oft auf Eingabefehler und mangelndes Wissen \u00fcber die Funktionsweise des Systems zur\u00fcckzuf\u00fchren. Daher ist es einfacher, gegen eine Geb\u00fchr professionelle Dienstleistungen in Anspruch zu nehmen, um die Verfahren zu beschleunigen und zu vereinfachen. Dadurch werden wahrscheinliche Fehler bei der Einreichung vermieden.<\/p>\n","protected":false},"excerpt":{"rendered":"<p>Seit einigen Monaten kursieren falsche Ger\u00fcchte \u00fcber die obligatorische Angabe der Facebook-ID und anderer sozialer Netzwerke f\u00fcr die elektronische Reisegenehmigung f\u00fcr die USA (ESTA). Viele Reisende glauben, dass sie ein ESTA nur erhalten k\u00f6nnen, wenn sie ihre Facebook-ID oder andere soziale Netzwerke, in denen sie angemeldet sind, ausf\u00fcllen. Unsere FAQs zum ESTA helfen Ihnen dabei, [&hellip;]<\/p>\n","protected":false},"author":1,"featured_media":0,"parent":0,"menu_order":0,"comment_status":"closed","ping_status":"closed","template":"","meta":{"site-sidebar-layout":"default","site-content-layout":"default","ast-site-content-layout":"default","site-content-style":"default","site-sidebar-style":"default","ast-global-header-display":"","ast-banner-title-visibility":"","ast-main-header-display":"","ast-hfb-above-header-display":"","ast-hfb-below-header-display":"","ast-hfb-mobile-header-display":"","site-post-title":"","ast-breadcrumbs-content":"","ast-featured-img":"","footer-sml-layout":"","ast-disable-related-posts":"","theme-transparent-header-meta":"default","adv-header-id-meta":"","stick-header-meta":"default","header-above-stick-meta":"","header-main-stick-meta":"","header-below-stick-meta":"","astra-migrate-meta-layouts":"default","ast-page-background-enabled":"default","ast-page-background-meta":{"desktop":{"background-color":"","background-image":"","background-repeat":"repeat","background-position":"center center","background-size":"auto","background-attachment":"scroll","background-type":"","background-media":"","overlay-type":"","overlay-color":"","overlay-opacity":"","overlay-gradient":""},"tablet":{"background-color":"","background-image":"","background-repeat":"repeat","background-position":"center center","background-size":"auto","background-attachment":"scroll","background-type":"","background-media":"","overlay-type":"","overlay-color":"","overlay-opacity":"","overlay-gradient":""},"mobile":{"background-color":"","background-image":"","background-repeat":"repeat","background-position":"center center","background-size":"auto","background-attachment":"scroll","background-type":"","background-media":"","overlay-type":"","overlay-color":"","overlay-opacity":"","overlay-gradient":""}},"ast-content-background-meta":{"desktop":{"background-color":"var(--ast-global-color-5)","background-image":"","background-repeat":"repeat","background-position":"center center","background-size":"auto","background-attachment":"scroll","background-type":"","background-media":"","overlay-type":"","overlay-color":"","overlay-opacity":"","overlay-gradient":""},"tablet":{"background-color":"var(--ast-global-color-5)","background-image":"","background-repeat":"repeat","background-position":"center center","background-size":"auto","background-attachment":"scroll","background-type":"","background-media":"","overlay-type":"","overlay-color":"","overlay-opacity":"","overlay-gradient":""},"mobile":{"background-color":"var(--ast-global-color-5)","background-image":"","background-repeat":"repeat","background-position":"center center","background-size":"auto","background-attachment":"scroll","background-type":"","background-media":"","overlay-type":"","overlay-color":"","overlay-opacity":"","overlay-gradient":""}},"footnotes":""},"class_list":["post-2503","page","type-page","status-publish","hentry"],"yoast_head":"<!-- This site is optimized with the Yoast SEO plugin v27.1.1 - https:\/\/yoast.com\/product\/yoast-seo-wordpress\/ -->\n<title>M\u00fcssen Sie Ihr Facebook-Konto angeben, um Ihr ESTA zu beantragen?<\/title>\n<meta name=\"description\" content=\"Die Ger\u00fcchtek\u00fcche brodelt und brodelt: ESTA wird nur im Austausch gegen Ihre Facebook-, Twitter- und anderen Social-Networking-Anmeldedaten ausgestellt. Wie sieht es aus?\" \/>\n<meta name=\"robots\" content=\"index, follow, max-snippet:-1, max-image-preview:large, max-video-preview:-1\" \/>\n<link rel=\"canonical\" href=\"https:\/\/123-esta.com\/de\/facebook-konto-fur-esta-ausfullen\/\" \/>\n<meta property=\"og:locale\" content=\"de_DE\" \/>\n<meta property=\"og:type\" content=\"article\" \/>\n<meta property=\"og:title\" content=\"M\u00fcssen Sie Ihr Facebook-Konto angeben, um Ihr ESTA zu beantragen?\" \/>\n<meta property=\"og:description\" content=\"Die Ger\u00fcchtek\u00fcche brodelt und brodelt: ESTA wird nur im Austausch gegen Ihre Facebook-, Twitter- und anderen Social-Networking-Anmeldedaten ausgestellt. Wie sieht es aus?\" \/>\n<meta property=\"og:url\" content=\"https:\/\/123-esta.com\/de\/facebook-konto-fur-esta-ausfullen\/\" \/>\n<meta property=\"og:site_name\" content=\"Formulaire ESTA pour les USA\" \/>\n<meta property=\"article:modified_time\" content=\"2022-08-23T20:48:28+00:00\" \/>\n<meta name=\"twitter:card\" content=\"summary_large_image\" \/>\n<meta name=\"twitter:label1\" content=\"Gesch\u00e4tzte Lesezeit\" \/>\n\t<meta name=\"twitter:data1\" content=\"2\u00a0Minuten\" \/>\n<script type=\"application\/ld+json\" class=\"yoast-schema-graph\">{\"@context\":\"https:\/\/schema.org\",\"@graph\":[{\"@type\":\"WebPage\",\"@id\":\"https:\/\/123-esta.com\/de\/facebook-konto-fur-esta-ausfullen\/\",\"url\":\"https:\/\/123-esta.com\/de\/facebook-konto-fur-esta-ausfullen\/\",\"name\":\"M\u00fcssen Sie Ihr Facebook-Konto angeben, um Ihr ESTA zu beantragen?\",\"isPartOf\":{\"@id\":\"https:\/\/123-esta.com\/de\/#website\"},\"datePublished\":\"2022-07-27T19:35:26+00:00\",\"dateModified\":\"2022-08-23T20:48:28+00:00\",\"description\":\"Die Ger\u00fcchtek\u00fcche brodelt und brodelt: ESTA wird nur im Austausch gegen Ihre Facebook-, Twitter- und anderen Social-Networking-Anmeldedaten ausgestellt. Wie sieht es aus?\",\"inLanguage\":\"de\",\"potentialAction\":[{\"@type\":\"ReadAction\",\"target\":[\"https:\/\/123-esta.com\/de\/facebook-konto-fur-esta-ausfullen\/\"]}]},{\"@type\":\"WebSite\",\"@id\":\"https:\/\/123-esta.com\/de\/#website\",\"url\":\"https:\/\/123-esta.com\/de\/\",\"name\":\"Formulaire ESTA pour les USA\",\"description\":\"\",\"publisher\":{\"@id\":\"https:\/\/123-esta.com\/de\/#organization\"},\"potentialAction\":[{\"@type\":\"SearchAction\",\"target\":{\"@type\":\"EntryPoint\",\"urlTemplate\":\"https:\/\/123-esta.com\/de\/?s={search_term_string}\"},\"query-input\":{\"@type\":\"PropertyValueSpecification\",\"valueRequired\":true,\"valueName\":\"search_term_string\"}}],\"inLanguage\":\"de\"},{\"@type\":\"Organization\",\"@id\":\"https:\/\/123-esta.com\/de\/#organization\",\"name\":\"Formulaire ESTA pour les USA\",\"url\":\"https:\/\/123-esta.com\/de\/\",\"logo\":{\"@type\":\"ImageObject\",\"inLanguage\":\"de\",\"@id\":\"https:\/\/123-esta.com\/de\/#\/schema\/logo\/image\/\",\"url\":\"https:\/\/123-esta.com\/wp-content\/uploads\/2018\/03\/logo-123-esta.png\",\"contentUrl\":\"https:\/\/123-esta.com\/wp-content\/uploads\/2018\/03\/logo-123-esta.png\",\"width\":191,\"height\":54,\"caption\":\"Formulaire ESTA pour les USA\"},\"image\":{\"@id\":\"https:\/\/123-esta.com\/de\/#\/schema\/logo\/image\/\"}}]}<\/script>\n<!-- \/ Yoast SEO plugin. -->","yoast_head_json":{"title":"M\u00fcssen Sie Ihr Facebook-Konto angeben, um Ihr ESTA zu beantragen?","description":"Die Ger\u00fcchtek\u00fcche brodelt und brodelt: ESTA wird nur im Austausch gegen Ihre Facebook-, Twitter- und anderen Social-Networking-Anmeldedaten ausgestellt. Wie sieht es aus?","robots":{"index":"index","follow":"follow","max-snippet":"max-snippet:-1","max-image-preview":"max-image-preview:large","max-video-preview":"max-video-preview:-1"},"canonical":"https:\/\/123-esta.com\/de\/facebook-konto-fur-esta-ausfullen\/","og_locale":"de_DE","og_type":"article","og_title":"M\u00fcssen Sie Ihr Facebook-Konto angeben, um Ihr ESTA zu beantragen?","og_description":"Die Ger\u00fcchtek\u00fcche brodelt und brodelt: ESTA wird nur im Austausch gegen Ihre Facebook-, Twitter- und anderen Social-Networking-Anmeldedaten ausgestellt. Wie sieht es aus?","og_url":"https:\/\/123-esta.com\/de\/facebook-konto-fur-esta-ausfullen\/","og_site_name":"Formulaire ESTA pour les USA","article_modified_time":"2022-08-23T20:48:28+00:00","twitter_card":"summary_large_image","twitter_misc":{"Gesch\u00e4tzte Lesezeit":"2\u00a0Minuten"},"schema":{"@context":"https:\/\/schema.org","@graph":[{"@type":"WebPage","@id":"https:\/\/123-esta.com\/de\/facebook-konto-fur-esta-ausfullen\/","url":"https:\/\/123-esta.com\/de\/facebook-konto-fur-esta-ausfullen\/","name":"M\u00fcssen Sie Ihr Facebook-Konto angeben, um Ihr ESTA zu beantragen?","isPartOf":{"@id":"https:\/\/123-esta.com\/de\/#website"},"datePublished":"2022-07-27T19:35:26+00:00","dateModified":"2022-08-23T20:48:28+00:00","description":"Die Ger\u00fcchtek\u00fcche brodelt und brodelt: ESTA wird nur im Austausch gegen Ihre Facebook-, Twitter- und anderen Social-Networking-Anmeldedaten ausgestellt. Wie sieht es aus?","inLanguage":"de","potentialAction":[{"@type":"ReadAction","target":["https:\/\/123-esta.com\/de\/facebook-konto-fur-esta-ausfullen\/"]}]},{"@type":"WebSite","@id":"https:\/\/123-esta.com\/de\/#website","url":"https:\/\/123-esta.com\/de\/","name":"Formulaire ESTA pour les USA","description":"","publisher":{"@id":"https:\/\/123-esta.com\/de\/#organization"},"potentialAction":[{"@type":"SearchAction","target":{"@type":"EntryPoint","urlTemplate":"https:\/\/123-esta.com\/de\/?s={search_term_string}"},"query-input":{"@type":"PropertyValueSpecification","valueRequired":true,"valueName":"search_term_string"}}],"inLanguage":"de"},{"@type":"Organization","@id":"https:\/\/123-esta.com\/de\/#organization","name":"Formulaire ESTA pour les USA","url":"https:\/\/123-esta.com\/de\/","logo":{"@type":"ImageObject","inLanguage":"de","@id":"https:\/\/123-esta.com\/de\/#\/schema\/logo\/image\/","url":"https:\/\/123-esta.com\/wp-content\/uploads\/2018\/03\/logo-123-esta.png","contentUrl":"https:\/\/123-esta.com\/wp-content\/uploads\/2018\/03\/logo-123-esta.png","width":191,"height":54,"caption":"Formulaire ESTA pour les USA"},"image":{"@id":"https:\/\/123-esta.com\/de\/#\/schema\/logo\/image\/"}}]}},"_links":{"self":[{"href":"https:\/\/123-esta.com\/de\/wp-json\/wp\/v2\/pages\/2503","targetHints":{"allow":["GET"]}}],"collection":[{"href":"https:\/\/123-esta.com\/de\/wp-json\/wp\/v2\/pages"}],"about":[{"href":"https:\/\/123-esta.com\/de\/wp-json\/wp\/v2\/types\/page"}],"author":[{"embeddable":true,"href":"https:\/\/123-esta.com\/de\/wp-json\/wp\/v2\/users\/1"}],"replies":[{"embeddable":true,"href":"https:\/\/123-esta.com\/de\/wp-json\/wp\/v2\/comments?post=2503"}],"version-history":[{"count":0,"href":"https:\/\/123-esta.com\/de\/wp-json\/wp\/v2\/pages\/2503\/revisions"}],"wp:attachment":[{"href":"https:\/\/123-esta.com\/de\/wp-json\/wp\/v2\/media?parent=2503"}],"curies":[{"name":"wp","href":"https:\/\/api.w.org\/{rel}","templated":true}]}}