{"id":2500,"date":"2022-07-27T21:35:26","date_gmt":"2022-07-27T19:35:26","guid":{"rendered":"https:\/\/123-esta.com\/esta-ueber-den-landweg\/"},"modified":"2022-08-23T23:27:36","modified_gmt":"2022-08-23T21:27:36","slug":"esta-ueber-den-landweg","status":"publish","type":"page","link":"https:\/\/123-esta.com\/de\/esta-ueber-den-landweg\/","title":{"rendered":"Funktioniert ESTA auch bei der Einreise auf dem Landweg in die USA?"},"content":{"rendered":"\n<p>Das ESTA ist ein <a href=\"https:\/\/123-esta.com\/de\/faq-esta\/\">elektronisches Dokument<\/a>, das in bestimmten F\u00e4llen von Einzelpersonen ben\u00f6tigt wird, die in die USA reisen m\u00f6chten. Sein Antrag erfolgt online auf einer Website, die auf das elektronische Genehmigungssystem spezialisiert ist.<\/p>\n\n<p>Der Antrag enth\u00e4lt mehrere Fragen, anhand derer die US-Beh\u00f6rden beurteilen k\u00f6nnen, ob der Antragsteller ohne Risiken &#8211; sozialer oder medizinischer Art &#8211; f\u00fcr US-B\u00fcrger in die USA einreisen kann.<\/p>\n\n<h2 class=\"wp-block-heading\">Die N\u00fctzlichkeiten von ESTA<\/h2>\n\n<p>Dieses Dokument ist von nun an f\u00fcr alle Einreisen in die USA erforderlich, sei es mit dem Flugzeug, dem Schiff oder dem Auto aus dem Ausland. Es erlaubt dem Antragsteller einen Aufenthalt von weniger als 90 Tagen in den USA.<\/p>\n\n<p>Diese elektronische Genehmigung \u00e4hnelt einem Visum, ist aber nur in bestimmten F\u00e4llen und f\u00fcr eine begrenzte Zeit wirksam. Denn im Gegensatz zu einem Visum wird diese Genehmigung nur im Rahmen des Programms f\u00fcr visumfreies Reisen (Visa Waiver Program) beantragt.<\/p>\n\n<h2 class=\"wp-block-heading\">ESTA IST AB 2022 OBLIGATORISCH f\u00fcr die Einreise auf dem Landweg in die USA<\/h2>\n\n<p>F\u00fcr die Einreise auf dem Landweg in die USA durch nicht-lokale Personen aus Kanada oder Mexiko ist seit Mai 2022 ein ESTA-Antrag erforderlich.<\/p>\n\n<p>Zuvor konnten Reisende einfach das Formular I-94W ausf\u00fcllen. Dieses Dokument erm\u00f6glichte vor 2022 die Einreise in die USA auf dem Landweg f\u00fcr einen Aufenthalt von bis zu 90 Tagen in den USA. Beachten Sie, dass Autos beim \u00dcberschreiten einer Landgrenze unbedingt durch den Zoll \u00fcber eine Warteschlange fahren m\u00fcssen.<\/p>\n","protected":false},"excerpt":{"rendered":"<p>Das ESTA ist ein elektronisches Dokument, das in bestimmten F\u00e4llen von Einzelpersonen ben\u00f6tigt wird, die in die USA reisen m\u00f6chten. Sein Antrag erfolgt online auf einer Website, die auf das elektronische Genehmigungssystem spezialisiert ist. Der Antrag enth\u00e4lt mehrere Fragen, anhand derer die US-Beh\u00f6rden beurteilen k\u00f6nnen, ob der Antragsteller ohne Risiken &#8211; sozialer oder medizinischer Art [&hellip;]<\/p>\n","protected":false},"author":1,"featured_media":0,"parent":0,"menu_order":0,"comment_status":"closed","ping_status":"closed","template":"","meta":{"site-sidebar-layout":"default","site-content-layout":"default","ast-site-content-layout":"default","site-content-style":"default","site-sidebar-style":"default","ast-global-header-display":"","ast-banner-title-visibility":"","ast-main-header-display":"","ast-hfb-above-header-display":"","ast-hfb-below-header-display":"","ast-hfb-mobile-header-display":"","site-post-title":"","ast-breadcrumbs-content":"","ast-featured-img":"","footer-sml-layout":"","ast-disable-related-posts":"","theme-transparent-header-meta":"default","adv-header-id-meta":"","stick-header-meta":"default","header-above-stick-meta":"","header-main-stick-meta":"","header-below-stick-meta":"","astra-migrate-meta-layouts":"default","ast-page-background-enabled":"default","ast-page-background-meta":{"desktop":{"background-color":"","background-image":"","background-repeat":"repeat","background-position":"center center","background-size":"auto","background-attachment":"scroll","background-type":"","background-media":"","overlay-type":"","overlay-color":"","overlay-opacity":"","overlay-gradient":""},"tablet":{"background-color":"","background-image":"","background-repeat":"repeat","background-position":"center center","background-size":"auto","background-attachment":"scroll","background-type":"","background-media":"","overlay-type":"","overlay-color":"","overlay-opacity":"","overlay-gradient":""},"mobile":{"background-color":"","background-image":"","background-repeat":"repeat","background-position":"center center","background-size":"auto","background-attachment":"scroll","background-type":"","background-media":"","overlay-type":"","overlay-color":"","overlay-opacity":"","overlay-gradient":""}},"ast-content-background-meta":{"desktop":{"background-color":"var(--ast-global-color-5)","background-image":"","background-repeat":"repeat","background-position":"center center","background-size":"auto","background-attachment":"scroll","background-type":"","background-media":"","overlay-type":"","overlay-color":"","overlay-opacity":"","overlay-gradient":""},"tablet":{"background-color":"var(--ast-global-color-5)","background-image":"","background-repeat":"repeat","background-position":"center center","background-size":"auto","background-attachment":"scroll","background-type":"","background-media":"","overlay-type":"","overlay-color":"","overlay-opacity":"","overlay-gradient":""},"mobile":{"background-color":"var(--ast-global-color-5)","background-image":"","background-repeat":"repeat","background-position":"center center","background-size":"auto","background-attachment":"scroll","background-type":"","background-media":"","overlay-type":"","overlay-color":"","overlay-opacity":"","overlay-gradient":""}},"footnotes":""},"class_list":["post-2500","page","type-page","status-publish","hentry"],"yoast_head":"<!-- This site is optimized with the Yoast SEO plugin v27.1.1 - https:\/\/yoast.com\/product\/yoast-seo-wordpress\/ -->\n<title>Funktioniert ESTA auch bei der Einreise auf dem Landweg in die USA?<\/title>\n<meta name=\"description\" content=\"Muss ich einen ESTA-Antrag stellen, um mit dem Auto von Mexiko in die USA zu reisen? Informationen \u00fcber die Einreise auf dem Landweg.\" \/>\n<meta name=\"robots\" content=\"index, follow, max-snippet:-1, max-image-preview:large, max-video-preview:-1\" \/>\n<link rel=\"canonical\" href=\"https:\/\/123-esta.com\/de\/esta-ueber-den-landweg\/\" \/>\n<meta property=\"og:locale\" content=\"de_DE\" \/>\n<meta property=\"og:type\" content=\"article\" \/>\n<meta property=\"og:title\" content=\"Funktioniert ESTA auch bei der Einreise auf dem Landweg in die USA?\" \/>\n<meta property=\"og:description\" content=\"Muss ich einen ESTA-Antrag stellen, um mit dem Auto von Mexiko in die USA zu reisen? Informationen \u00fcber die Einreise auf dem Landweg.\" \/>\n<meta property=\"og:url\" content=\"https:\/\/123-esta.com\/de\/esta-ueber-den-landweg\/\" \/>\n<meta property=\"og:site_name\" content=\"Formulaire ESTA pour les USA\" \/>\n<meta property=\"article:modified_time\" content=\"2022-08-23T21:27:36+00:00\" \/>\n<meta name=\"twitter:card\" content=\"summary_large_image\" \/>\n<meta name=\"twitter:label1\" content=\"Gesch\u00e4tzte Lesezeit\" \/>\n\t<meta name=\"twitter:data1\" content=\"1\u00a0Minute\" \/>\n<script type=\"application\/ld+json\" class=\"yoast-schema-graph\">{\"@context\":\"https:\/\/schema.org\",\"@graph\":[{\"@type\":\"WebPage\",\"@id\":\"https:\/\/123-esta.com\/de\/esta-ueber-den-landweg\/\",\"url\":\"https:\/\/123-esta.com\/de\/esta-ueber-den-landweg\/\",\"name\":\"Funktioniert ESTA auch bei der Einreise auf dem Landweg in die USA?\",\"isPartOf\":{\"@id\":\"https:\/\/123-esta.com\/de\/#website\"},\"datePublished\":\"2022-07-27T19:35:26+00:00\",\"dateModified\":\"2022-08-23T21:27:36+00:00\",\"description\":\"Muss ich einen ESTA-Antrag stellen, um mit dem Auto von Mexiko in die USA zu reisen? Informationen \u00fcber die Einreise auf dem Landweg.\",\"inLanguage\":\"de\",\"potentialAction\":[{\"@type\":\"ReadAction\",\"target\":[\"https:\/\/123-esta.com\/de\/esta-ueber-den-landweg\/\"]}]},{\"@type\":\"WebSite\",\"@id\":\"https:\/\/123-esta.com\/de\/#website\",\"url\":\"https:\/\/123-esta.com\/de\/\",\"name\":\"Formulaire ESTA pour les USA\",\"description\":\"\",\"publisher\":{\"@id\":\"https:\/\/123-esta.com\/de\/#organization\"},\"potentialAction\":[{\"@type\":\"SearchAction\",\"target\":{\"@type\":\"EntryPoint\",\"urlTemplate\":\"https:\/\/123-esta.com\/de\/?s={search_term_string}\"},\"query-input\":{\"@type\":\"PropertyValueSpecification\",\"valueRequired\":true,\"valueName\":\"search_term_string\"}}],\"inLanguage\":\"de\"},{\"@type\":\"Organization\",\"@id\":\"https:\/\/123-esta.com\/de\/#organization\",\"name\":\"Formulaire ESTA pour les USA\",\"url\":\"https:\/\/123-esta.com\/de\/\",\"logo\":{\"@type\":\"ImageObject\",\"inLanguage\":\"de\",\"@id\":\"https:\/\/123-esta.com\/de\/#\/schema\/logo\/image\/\",\"url\":\"https:\/\/123-esta.com\/wp-content\/uploads\/2018\/03\/logo-123-esta.png\",\"contentUrl\":\"https:\/\/123-esta.com\/wp-content\/uploads\/2018\/03\/logo-123-esta.png\",\"width\":191,\"height\":54,\"caption\":\"Formulaire ESTA pour les USA\"},\"image\":{\"@id\":\"https:\/\/123-esta.com\/de\/#\/schema\/logo\/image\/\"}}]}<\/script>\n<!-- \/ Yoast SEO plugin. -->","yoast_head_json":{"title":"Funktioniert ESTA auch bei der Einreise auf dem Landweg in die USA?","description":"Muss ich einen ESTA-Antrag stellen, um mit dem Auto von Mexiko in die USA zu reisen? Informationen \u00fcber die Einreise auf dem Landweg.","robots":{"index":"index","follow":"follow","max-snippet":"max-snippet:-1","max-image-preview":"max-image-preview:large","max-video-preview":"max-video-preview:-1"},"canonical":"https:\/\/123-esta.com\/de\/esta-ueber-den-landweg\/","og_locale":"de_DE","og_type":"article","og_title":"Funktioniert ESTA auch bei der Einreise auf dem Landweg in die USA?","og_description":"Muss ich einen ESTA-Antrag stellen, um mit dem Auto von Mexiko in die USA zu reisen? Informationen \u00fcber die Einreise auf dem Landweg.","og_url":"https:\/\/123-esta.com\/de\/esta-ueber-den-landweg\/","og_site_name":"Formulaire ESTA pour les USA","article_modified_time":"2022-08-23T21:27:36+00:00","twitter_card":"summary_large_image","twitter_misc":{"Gesch\u00e4tzte Lesezeit":"1\u00a0Minute"},"schema":{"@context":"https:\/\/schema.org","@graph":[{"@type":"WebPage","@id":"https:\/\/123-esta.com\/de\/esta-ueber-den-landweg\/","url":"https:\/\/123-esta.com\/de\/esta-ueber-den-landweg\/","name":"Funktioniert ESTA auch bei der Einreise auf dem Landweg in die USA?","isPartOf":{"@id":"https:\/\/123-esta.com\/de\/#website"},"datePublished":"2022-07-27T19:35:26+00:00","dateModified":"2022-08-23T21:27:36+00:00","description":"Muss ich einen ESTA-Antrag stellen, um mit dem Auto von Mexiko in die USA zu reisen? Informationen \u00fcber die Einreise auf dem Landweg.","inLanguage":"de","potentialAction":[{"@type":"ReadAction","target":["https:\/\/123-esta.com\/de\/esta-ueber-den-landweg\/"]}]},{"@type":"WebSite","@id":"https:\/\/123-esta.com\/de\/#website","url":"https:\/\/123-esta.com\/de\/","name":"Formulaire ESTA pour les USA","description":"","publisher":{"@id":"https:\/\/123-esta.com\/de\/#organization"},"potentialAction":[{"@type":"SearchAction","target":{"@type":"EntryPoint","urlTemplate":"https:\/\/123-esta.com\/de\/?s={search_term_string}"},"query-input":{"@type":"PropertyValueSpecification","valueRequired":true,"valueName":"search_term_string"}}],"inLanguage":"de"},{"@type":"Organization","@id":"https:\/\/123-esta.com\/de\/#organization","name":"Formulaire ESTA pour les USA","url":"https:\/\/123-esta.com\/de\/","logo":{"@type":"ImageObject","inLanguage":"de","@id":"https:\/\/123-esta.com\/de\/#\/schema\/logo\/image\/","url":"https:\/\/123-esta.com\/wp-content\/uploads\/2018\/03\/logo-123-esta.png","contentUrl":"https:\/\/123-esta.com\/wp-content\/uploads\/2018\/03\/logo-123-esta.png","width":191,"height":54,"caption":"Formulaire ESTA pour les USA"},"image":{"@id":"https:\/\/123-esta.com\/de\/#\/schema\/logo\/image\/"}}]}},"_links":{"self":[{"href":"https:\/\/123-esta.com\/de\/wp-json\/wp\/v2\/pages\/2500","targetHints":{"allow":["GET"]}}],"collection":[{"href":"https:\/\/123-esta.com\/de\/wp-json\/wp\/v2\/pages"}],"about":[{"href":"https:\/\/123-esta.com\/de\/wp-json\/wp\/v2\/types\/page"}],"author":[{"embeddable":true,"href":"https:\/\/123-esta.com\/de\/wp-json\/wp\/v2\/users\/1"}],"replies":[{"embeddable":true,"href":"https:\/\/123-esta.com\/de\/wp-json\/wp\/v2\/comments?post=2500"}],"version-history":[{"count":0,"href":"https:\/\/123-esta.com\/de\/wp-json\/wp\/v2\/pages\/2500\/revisions"}],"wp:attachment":[{"href":"https:\/\/123-esta.com\/de\/wp-json\/wp\/v2\/media?parent=2500"}],"curies":[{"name":"wp","href":"https:\/\/api.w.org\/{rel}","templated":true}]}}