{"id":2499,"date":"2022-07-27T21:35:25","date_gmt":"2022-07-27T19:35:25","guid":{"rendered":"https:\/\/123-esta.com\/faq-esta\/"},"modified":"2022-09-19T09:12:01","modified_gmt":"2022-09-19T07:12:01","slug":"faq-esta","status":"publish","type":"page","link":"https:\/\/123-esta.com\/de\/faq-esta\/","title":{"rendered":"FAQ &#8211; Alle Antworten auf Ihre Fragen zu ESTA"},"content":{"rendered":"\n<h2 class=\"wp-block-heading\">Was ist die ESTA-Reisegenehmigung?<\/h2>\n\n<p>Das <a href=\"https:\/\/123-esta.com\/de\/was-ist-esta\/\">ESTA-Visum<\/a> ist ein englisches Akronym und steht f\u00fcr &#8222;Electronic System for Travel Authorization&#8220; (Elektronisches System zur Reisegenehmigung). Dabei handelt es sich um ein elektronisches System zur Genehmigung von Reisen in die USA. Diese Genehmigung wurde eingef\u00fchrt, um Reisen in die USA sicherer zu machen.<\/p>\n\n<p>Es handelt sich um ein Programm, das zusammen mit dem Visa Waiver Program (VWP) entwickelt wurde und das Reisen in die USA ohne Visum erm\u00f6glicht. Dieses Dokument ist f\u00fcr alle visumfreien Reisenden aus den L\u00e4ndern, die an diesem Programm teilnehmen, erforderlich.<\/p>\n\n<p>Um eine ESTA-Genehmigung zu erhalten, m\u00fcssen Sie das Antragsformular ausf\u00fcllen. Sie k\u00f6nnen das Formular auf unserer Website ausf\u00fcllen.<\/p>\n\n<h2 class=\"wp-block-heading\">ESTA, f\u00fcr wen?<\/h2>\n\n<p>Ein ESTA ist f\u00fcr alle Personen erforderlich, die per Schiff oder Flugzeug in die USA reisen m\u00f6chten und sich weniger als drei Monate auf amerikanischem Boden aufhalten. Auch Kleinkinder (Babys) m\u00fcssen ein ESTA beantragen. Eine Liste der L\u00e4nder, die f\u00fcr das Programm in Frage kommen, finden Sie unten.<\/p>\n\n<h2 class=\"wp-block-heading\">Bin ich mit ESTA verpflichtet, in die USA einzureisen?<\/h2>\n\n<p>Der Besitz einer ESTA-Genehmigung ist keine Garantie f\u00fcr Ihre Einreise in die USA. Ein Einwanderungsbeamter wird Sie kontrollieren, sobald Sie am Grenz\u00fcbergang angekommen sind. Er kann Ihre Aufnahme auf der Grundlage des US-amerikanischen Rechts tats\u00e4chlich ablehnen.<\/p>\n\n<h2 class=\"wp-block-heading\">Ist ESTA gleichbedeutend mit einem Visum?<\/h2>\n\n<p>Nein ESTA und das Visum sind zwei verschiedene Dokumente, die sich nicht gegenseitig ersetzen k\u00f6nnen. Wenn ein Visum erforderlich ist, kann ESTA dieses nicht ersetzen. Wenn Sie ein g\u00fcltiges Visum mit einem Aufenthaltszweck haben, der diesem Visum entspricht, k\u00f6nnen Sie ohne ESTA in dieses Land reisen.<\/p>\n\n<h2 class=\"wp-block-heading\">Wie lange ist eine ESTA-Genehmigung g\u00fcltig?<\/h2>\n\n<p>Das ESTA ist ab dem Datum der Genehmigung zwei (2) Jahre lang g\u00fcltig. Sie kann auch w\u00e4hrend der G\u00fcltigkeitsdauer annulliert werden oder zusammen mit dem Reisepass enden, wenn dieser vor dem Ende der G\u00fcltigkeit Ihres ESTAs abl\u00e4uft.<\/p>\n\n<h2 class=\"wp-block-heading\">Wann sollte man eine ESTA-Genehmigung beantragen?<\/h2>\n\n<p>Es wird empfohlen, den Antrag mindestens 72 Stunden vor der Abreise zu stellen. Obwohl die Reisegenehmigung innerhalb weniger Minuten erteilt werden kann, behalten sich die US-Beh\u00f6rden, wenn Ihr Antrag zur\u00fcckgestellt wird, eine Frist von h\u00f6chstens drei Tagen vor, um Ihren Antrag genauer zu pr\u00fcfen und Ihnen eine Antwort zu geben.<\/p>\n\n<h2 class=\"wp-block-heading\">Kann der ESTA-Antrag auch ohne konkretes Projekt angenommen werden?<\/h2>\n\n<p>Es ist nicht zwingend erforderlich, im Rahmen des ESTA-Antrags einen bestimmten Reisegrund anzugeben. Sie verlangt weder Ihre Reiseroute noch Ihre Unterkunft. Sie k\u00f6nnen bei vielen Fragen, zu denen Sie keine Informationen haben, mit &#8222;unknown&#8220; antworten, z. B. bei der Kontaktaufnahme in den USA.<\/p>\n\n<p>Auch Aktualisierungen Ihres Dossiers sind nicht zwingend erforderlich, sobald der Antrag angenommen wurde.<\/p>\n\n<h2 class=\"wp-block-heading\">Ben\u00f6tige ich eine ESTA-Genehmigung f\u00fcr einen einfachen Zwischenstopp w\u00e4hrend einer Reise?<\/h2>\n\n<p>F\u00fcr einen Zwischenstopp in den USA ist es f\u00fcr Staatsangeh\u00f6rige eines ENP-Mitgliedslandes zwingend erforderlich, eine ESTA-Genehmigung oder ein g\u00fcltiges Visum zu besitzen. Sie m\u00fcssen bei der Beantragung &#8222;in Transit&#8220; angeben.<\/p>\n\n<h2 class=\"wp-block-heading\">Aus welchem Grund ist ESTA f\u00fcr die Einreise in die USA erforderlich?<\/h2>\n\n<p>Durch die Einf\u00fchrung der ESTA-Genehmigung wird die innere Sicherheit der USA gest\u00e4rkt. Mit ihrer Hilfe bewertet das Department of Homeland Security (DHS) Ihre Zul\u00e4ssigkeit auf amerikanischem Boden, lange bevor Sie dort ankommen, und das gilt sowohl f\u00fcr Flug- als auch f\u00fcr Seereisen. Achtung seit 2022<a href=\"https:\/\/123-esta.com\/de\/esta-ueber-den-landweg\/\">ist<\/a> das<a href=\"https:\/\/123-esta.com\/de\/esta-ueber-den-landweg\/\">ESTA f\u00fcr die Einreise in die USA auf dem Landweg obligatorisch<\/a>. Er stellt fest, ob Ihr Besuch eine Bedrohung f\u00fcr die nationale Sicherheit darstellt oder gegen lokale Gesetze verst\u00f6\u00dft.<\/p>\n\n<h2 class=\"wp-block-heading\">Visa Waiver Program (Programm zur Befreiung von der Visumspflicht), was ist das?<\/h2>\n\n<p>Das Visa Waiver Program (VWP) ist eine M\u00f6glichkeit, ohne Visum in die USA einzureisen. Es betrifft nur Gesch\u00e4fts- oder Urlaubsreisen, die weniger als 90 Tage dauern. Es ist nicht m\u00f6glich, gegen eine Ablehnung der Erteilung einer ESTA-Genehmigung Berufung einzulegen oder diese anzufechten.<\/p>\n\n<h2 class=\"wp-block-heading\">Welche L\u00e4nder sind im Visa Waiver Program registriert?<\/h2>\n\n<p>Das <a href=\"https:\/\/123-esta.com\/de\/liste-der-lander-visa-waiver-program\/\">Programm zur Befreiung von der Visumspflicht<\/a>  ist das Vorrecht der folgenden L\u00e4nder: Andorra, Australien, Belgien, Brunei, Chile, D\u00e4nemark, Deutschland, Estland, Finnland, Frankreich, Griechenland, Gro\u00dfbritannien, Irland, Island, Italien, Japan, Kroatien, Lettland, Liechtenstein, Litauen, Luxemburg, Monaco, Neuseeland, Niederlande, Norwegen, \u00d6sterreich, Polen, Portugal, Republik Malta, San Marino, Schweden, Schweiz, Singapur, Slowakei, Slowenien, Spanien, S\u00fcdkorea, Taiwan, Tschechische Republik, Ungarn und das Vereinigte K\u00f6nigreich. Sie sind f\u00fcr das Programm geeignet, wenn Sie eine dieser Nationalit\u00e4ten haben.<\/p>\n\n<h2 class=\"wp-block-heading\">F\u00fcr wen ist das Programm zur Befreiung von der Visumspflicht gedacht?<\/h2>\n\n<p>Alle Personen, die Staatsangeh\u00f6rige eines der oben genannten L\u00e4nder sind, sind ausdr\u00fccklich Beg\u00fcnstigte des Visa Waiver Program, wenn sie die Voraussetzungen erf\u00fcllen.<\/p>\n\n<p>Diese Bedingungen sind :<\/p>\n\n<ul class=\"wp-block-list\"><li>eine Reise von weniger als 90 Tagen in die USA planen, die als Tourismus, Zwischenstopp oder gesch\u00e4ftlich genutzt wird;<\/li><li>einen Reisepass haben, der von einem Mitgliedsland des VWP ausgestellt wurde ;<\/li><li>\u00fcber eine ESTA-Reisegenehmigung verf\u00fcgen;<\/li><li>mit einer Fluggesellschaft reisen, die das VWP-Abkommen unterzeichnet hat ;<\/li><li>ein Ticket in ein anderes Land oder ein Hin- und R\u00fcckflugticket besitzen;<\/li><li>eine harmlose Person sein (die keine Gefahr f\u00fcr die Sicherheit, die Gesundheit, das Gleichgewicht und die \u00f6rtliche Sicherheit darstellt) ;<\/li><li>im Falle eines Zwischenstopps darf Ihr Endziel keine Insel sein, die an das US-amerikanische Festland angrenzt, oder ein Grenzgebiet. Ansonsten muss man ein Einwohner eines dieser Orte sein.<\/li><\/ul>\n\n<h2 class=\"wp-block-heading\">Gibt es im Visa Waiver Program Anforderungen an den Reisepass?<\/h2>\n\n<p>Ja, Ihr Reisepass muss den Anforderungen des Visa Waiver Programms entsprechen, d. h. :<\/p>\n\n<ul class=\"wp-block-list\"><li>\u00fcber eine maschinenlesbare Zone auf der Seite Ihrer Identit\u00e4t verf\u00fcgen,<\/li><li>einen elektronischen Reisepass besitzen, d. h. mit einem Mikrochip, der ein digitales Foto enth\u00e4lt, f\u00fcr einen Reisepass, der nach dem 26. Oktober 2005 ausgestellt wurde,<\/li><li>einen biometrischen Reisepass haben, d. h. und einen digitalen Chip mit biometrischen Daten f\u00fcr einen Reisepass integrieren, der ab dem 26. Oktober 2006 ausgestellt wurde.<\/li><\/ul>\n\n<h2 class=\"wp-block-heading\">Wann sollte man ein Visum f\u00fcr eine Reise in die USA beantragen?<\/h2>\n\n<p>Das <a href=\"https:\/\/123-esta.com\/de\/touristenvisum-vereinigten-staaten\/\">USA-Touristenvisum<\/a> ist erforderlich, wenn :<\/p>\n\n<ul class=\"wp-block-list\"><li>Sie mit einer Schiffs- oder Fluggesellschaft reisen, die das Programm nicht unterzeichnet hat ;<\/li><li>Sie sich l\u00e4nger als 90 Tage in den USA aufhalten wollen;<\/li><li>der ESTA-Antrag wahrscheinlich abgelehnt wird oder bereits abgelehnt wurde. In diesem Fall muss ein Visum f\u00fcr einen befristeten Aufenthalt beantragt werden ;<\/li><li>Sie aus einem anderen Grund als zu touristischen Zwecken oder als Gesch\u00e4ftsreise in die USA reisen.<\/li><\/ul>\n\n<h2 class=\"wp-block-heading\">Was brauche ich, um meinen Antrag zu stellen?<\/h2>\n\n<p>Um Ihren ESTA-Antrag auszuf\u00fcllen, ben\u00f6tigen Sie Ihre :<\/p>\n\n<ul class=\"wp-block-list\"><li>Name und Vorname ;<\/li><li>Geschlecht ;<\/li><li>Geburtsdatum (Tag, Monat, Jahr) ;<\/li><li>Geburtsland ;<\/li><li>Land des Wohnsitzes ;<\/li><li>Telefonnummer mit vorangestellter Landesvorwahl ;<\/li><li>E-Mail-Addresse ;<\/li><li>Ablaufdatum des Reisepasses (Tag, Monat, Jahr) ;<\/li><li>Datum der Ausstellung des Reisepasses (Tag, Monat, Jahr) ;<\/li><li>Land, in dem der Reisepass ausgestellt wurde ;<\/li><li>Nummer des Reisepasses ;<\/li><li>Liste von Krankheiten, Allergien, geistigen oder k\u00f6rperlichen St\u00f6rungen, die Sie betreffen ;<\/li><li>beachten Sie, dass es <a href=\"https:\/\/123-esta.com\/de\/facebook-konto-fur-esta-ausfullen\/\">nicht erforderlich<\/a> ist, <a href=\"https:\/\/123-esta.com\/de\/facebook-konto-fur-esta-ausfullen\/\">Ihr Facebook-Konto<\/a> oder andere Konten in sozialen Netzwerken <a href=\"https:\/\/123-esta.com\/de\/facebook-konto-fur-esta-ausfullen\/\">anzugeben<\/a>.<\/li><\/ul>\n\n<p>Beachten Sie, dass alle diese Informationen so angegeben werden m\u00fcssen, wie sie in Ihrem Reisepass erscheinen.<\/p>\n\n<h2 class=\"wp-block-heading\">Ist die Vorlage einer Kopie der ESTA-Genehmigung f\u00fcr das Boarding am Flughafen erforderlich?<\/h2>\n\n<p>Nein, dies ist nicht verpflichtend. Das Ministerium f\u00fcr Innere Sicherheit hat die Reisegesellschaft bereits \u00fcber den Status Ihres Antrags informiert. Wir empfehlen dennoch, f\u00fcr den Fall der F\u00e4lle eine Kopie bei sich zu haben.<\/p>\n\n<h2 class=\"wp-block-heading\">Muss ich den ESTA-Antrag f\u00fcr zuk\u00fcnftige Reisen erneuern?<\/h2>\n\n<p>Es ist nicht m\u00f6glich, eine Reisegenehmigung zu verl\u00e4ngern. Sie m\u00fcssen einen neuen Antrag stellen. Dies kann geschehen, wenn :<\/p>\n\n<ul class=\"wp-block-list\"><li>der Antrag abgelaufen ist oder bald ablaufen wird ;<\/li><li>der Reisepass muss erneuert werden ;<\/li><li>es eine Ver\u00e4nderung in Ihrem Leben gegeben hat, durch die sich Ihre Identifikationsinformationen ge\u00e4ndert haben (Umzug, Heirat, Scheidung usw.) ;<\/li><li>Sie das Geschlecht wechseln;<\/li><li>wechseln Sie die Staatsangeh\u00f6rigkeit;<\/li><li>sich eine Ihrer Antworten auf geschlossene Fragen (Ja oder Nein) ge\u00e4ndert hat.<\/li><\/ul>\n\n<h2 class=\"wp-block-heading\">\u00a0<\/h2>\n\n<h2 class=\"wp-block-heading\">Meine ESTA-Genehmigung endet vor meiner R\u00fcckkehr aus den Vereinigten Staaten. Muss ich vor meiner Abreise einen neuen Antrag stellen?<\/h2>\n\n<p>Nein, das ESTA muss bei der Ankunft in den USA g\u00fcltig sein und nicht bei der R\u00fcckkehr aus den USA.<\/p>\n\n<h2 class=\"wp-block-heading\">Welche Daten kann ich aktualisieren?<\/h2>\n\n<p>k\u00f6nnen Sie Ihre :<\/p>\n\n<ul class=\"wp-block-list\"><li>E-Mail-Adresse ;<\/li><li>Adresse am Zielort (Adresse und Stadt).<\/li><\/ul>\n\n<h2 class=\"wp-block-heading\">Was kann ich tun, wenn sich die Angaben in meinem Pass ge\u00e4ndert haben?<\/h2>\n\n<p>Ein neuer ESTA-Antrag muss gestellt werden, sobald Sie Ihren neuen Reisepass erhalten haben. Dasselbe gilt, wenn dessen Informationen ge\u00e4ndert wurden.<\/p>\n\n<h2 class=\"wp-block-heading\">Kann ich meinen ESTA-Antrag korrigieren?<\/h2>\n\n<p>Bevor Sie Ihren Antrag einreichen, sollten Sie alle Ihre Angaben sorgf\u00e4ltig \u00fcberpr\u00fcfen. Wenn nach der Einreichung des Antrags ein Fehler auftritt, k\u00f6nnen die eingereichten Informationen nicht mehr ge\u00e4ndert werden. Sie m\u00fcssen einen neuen Antrag stellen und eine neue Zahlung vornehmen.<\/p>\n\n<p>Es gibt eine Aktualisierungsfunktion, mit der Sie die Felder \u00e4ndern k\u00f6nnen, die ohne erneute Anmeldung ge\u00e4ndert werden k\u00f6nnen. Dies betrifft jedoch nur Ihre E-Mail-Adresse und Ihre Adresse vor Ort.<\/p>\n\n<h2 class=\"wp-block-heading\">Es gab einen Fehler beim Ablauf- oder Ausstellungsdatum des Reisepasses. Wie kann man ihn korrigieren?<\/h2>\n\n<p>Wenn der Antrag validiert und genehmigt wurde, ist es nicht m\u00f6glich, diese Daten zu \u00e4ndern. Sie m\u00fcssen einen neuen Antrag stellen und eine neue Zahlung vornehmen. Das zuvor eingereichte Formular wird automatisch annulliert.<\/p>\n\n<h2 class=\"wp-block-heading\">Was kann ich tun, wenn mein ESTA-Antrag abgelehnt wird?<\/h2>\n\n<p>Nicht alle ESTA-Antr\u00e4ge werden angenommen. Falls Ihr ESTA-Antrag ungl\u00fccklicherweise abgelehnt wird, m\u00fcssen Sie ein Visum beantragen. Wenden Sie sich an die US-Botschaft oder das US-Konsulat, um Informationen \u00fcber diesen Schritt zu erhalten.<\/p>\n\n<h2 class=\"wp-block-heading\">Kann ich nach einer Ablehnung erneut einen ESTA-Antrag stellen?<\/h2>\n\n<p>Ja, Sie k\u00f6nnen einen neuen ESTA-Antrag stellen, wenn der vorherige abgelehnt wurde. Die Antwort wird jedoch dieselbe sein, wenn Ihre Angaben gleich bleiben. Nun d\u00fcrfen Sie aber im ESTA-Antragsformular keine falschen Angaben machen.<\/p>\n\n<p>Dies kann zu einem dauerhaften Aufenthaltsverbot in diesem Land f\u00fchren. Es ist auch unwahrscheinlich, dass Ihr zweiter Antrag angenommen wird. Aus diesem Grund ist es besser, au\u00dferhalb des Visa Waiver Programms in die USA zu reisen. Dies geschieht durch die Beantragung eines Visums.<\/p>\n\n<h2 class=\"wp-block-heading\">Wird mir das System die Gr\u00fcnde f\u00fcr die Ablehnung mitteilen?<\/h2>\n\n<p>Das ESTA-System lehnt nur Personen ab, die die Voraussetzungen f\u00fcr das Visa Waiver Program nicht erf\u00fcllen. Dasselbe gilt f\u00fcr Personen, die ein potenzielles Risiko f\u00fcr die Sicherheit und den Schutz der USA darstellen. Im Falle einer Ablehnung werden Ihnen die Gr\u00fcnde nicht mitgeteilt.<\/p>\n\n<h2 class=\"wp-block-heading\">Wenn eine dringende Reise abgelehnt wird, kann ich dann einen Notfall-Termin bei der Botschaft beantragen?<\/h2>\n\n<p>Sie k\u00f6nnen einen sofortigen Termin erhalten, wenn die Zahl der anstehenden Visumantr\u00e4ge gering ist, aber das ist nicht garantiert. Um sicherzustellen, dass Sie zum gew\u00fcnschten Zeitpunkt abreisen, sollten Sie den ESTA-Antrag mehrere Monate im Voraus stellen. So k\u00f6nnen Sie im Falle einer Ablehnung rechtzeitig ein Visum beantragen.<\/p>\n","protected":false},"excerpt":{"rendered":"<p>Was ist die ESTA-Reisegenehmigung? Das ESTA-Visum ist ein englisches Akronym und steht f\u00fcr &#8222;Electronic System for Travel Authorization&#8220; (Elektronisches System zur Reisegenehmigung). Dabei handelt es sich um ein elektronisches System zur Genehmigung von Reisen in die USA. Diese Genehmigung wurde eingef\u00fchrt, um Reisen in die USA sicherer zu machen. Es handelt sich um ein Programm, [&hellip;]<\/p>\n","protected":false},"author":1,"featured_media":0,"parent":0,"menu_order":0,"comment_status":"closed","ping_status":"closed","template":"","meta":{"site-sidebar-layout":"default","site-content-layout":"default","ast-site-content-layout":"default","site-content-style":"default","site-sidebar-style":"default","ast-global-header-display":"","ast-banner-title-visibility":"","ast-main-header-display":"","ast-hfb-above-header-display":"","ast-hfb-below-header-display":"","ast-hfb-mobile-header-display":"","site-post-title":"","ast-breadcrumbs-content":"","ast-featured-img":"","footer-sml-layout":"","ast-disable-related-posts":"","theme-transparent-header-meta":"default","adv-header-id-meta":"","stick-header-meta":"default","header-above-stick-meta":"","header-main-stick-meta":"","header-below-stick-meta":"","astra-migrate-meta-layouts":"default","ast-page-background-enabled":"default","ast-page-background-meta":{"desktop":{"background-color":"","background-image":"","background-repeat":"repeat","background-position":"center center","background-size":"auto","background-attachment":"scroll","background-type":"","background-media":"","overlay-type":"","overlay-color":"","overlay-opacity":"","overlay-gradient":""},"tablet":{"background-color":"","background-image":"","background-repeat":"repeat","background-position":"center center","background-size":"auto","background-attachment":"scroll","background-type":"","background-media":"","overlay-type":"","overlay-color":"","overlay-opacity":"","overlay-gradient":""},"mobile":{"background-color":"","background-image":"","background-repeat":"repeat","background-position":"center center","background-size":"auto","background-attachment":"scroll","background-type":"","background-media":"","overlay-type":"","overlay-color":"","overlay-opacity":"","overlay-gradient":""}},"ast-content-background-meta":{"desktop":{"background-color":"var(--ast-global-color-5)","background-image":"","background-repeat":"repeat","background-position":"center center","background-size":"auto","background-attachment":"scroll","background-type":"","background-media":"","overlay-type":"","overlay-color":"","overlay-opacity":"","overlay-gradient":""},"tablet":{"background-color":"var(--ast-global-color-5)","background-image":"","background-repeat":"repeat","background-position":"center center","background-size":"auto","background-attachment":"scroll","background-type":"","background-media":"","overlay-type":"","overlay-color":"","overlay-opacity":"","overlay-gradient":""},"mobile":{"background-color":"var(--ast-global-color-5)","background-image":"","background-repeat":"repeat","background-position":"center center","background-size":"auto","background-attachment":"scroll","background-type":"","background-media":"","overlay-type":"","overlay-color":"","overlay-opacity":"","overlay-gradient":""}},"footnotes":""},"class_list":["post-2499","page","type-page","status-publish","hentry"],"yoast_head":"<!-- This site is optimized with the Yoast SEO plugin v27.1.1 - https:\/\/yoast.com\/product\/yoast-seo-wordpress\/ -->\n<title>FAQ - Alle Antworten auf Ihre Fragen zu ESTA<\/title>\n<meta name=\"description\" content=\"Alle Antworten auf Ihre Fragen zu ESTA finden Sie auf unserer Website. Unsere Antworten sind klar, einfach und pr\u00e4zise.\" \/>\n<meta name=\"robots\" content=\"index, follow, max-snippet:-1, max-image-preview:large, max-video-preview:-1\" \/>\n<link rel=\"canonical\" href=\"https:\/\/123-esta.com\/de\/faq-esta\/\" \/>\n<meta property=\"og:locale\" content=\"de_DE\" \/>\n<meta property=\"og:type\" content=\"article\" \/>\n<meta property=\"og:title\" content=\"FAQ - Alle Antworten auf Ihre Fragen zu ESTA\" \/>\n<meta property=\"og:description\" content=\"Alle Antworten auf Ihre Fragen zu ESTA finden Sie auf unserer Website. Unsere Antworten sind klar, einfach und pr\u00e4zise.\" \/>\n<meta property=\"og:url\" content=\"https:\/\/123-esta.com\/de\/faq-esta\/\" \/>\n<meta property=\"og:site_name\" content=\"Formulaire ESTA pour les USA\" \/>\n<meta property=\"article:modified_time\" content=\"2022-09-19T07:12:01+00:00\" \/>\n<meta name=\"twitter:card\" content=\"summary_large_image\" \/>\n<meta name=\"twitter:label1\" content=\"Gesch\u00e4tzte Lesezeit\" \/>\n\t<meta name=\"twitter:data1\" content=\"9\u00a0Minuten\" \/>\n<script type=\"application\/ld+json\" class=\"yoast-schema-graph\">{\"@context\":\"https:\/\/schema.org\",\"@graph\":[{\"@type\":\"WebPage\",\"@id\":\"https:\/\/123-esta.com\/de\/faq-esta\/\",\"url\":\"https:\/\/123-esta.com\/de\/faq-esta\/\",\"name\":\"FAQ - Alle Antworten auf Ihre Fragen zu ESTA\",\"isPartOf\":{\"@id\":\"https:\/\/123-esta.com\/de\/#website\"},\"datePublished\":\"2022-07-27T19:35:25+00:00\",\"dateModified\":\"2022-09-19T07:12:01+00:00\",\"description\":\"Alle Antworten auf Ihre Fragen zu ESTA finden Sie auf unserer Website. Unsere Antworten sind klar, einfach und pr\u00e4zise.\",\"inLanguage\":\"de\",\"potentialAction\":[{\"@type\":\"ReadAction\",\"target\":[\"https:\/\/123-esta.com\/de\/faq-esta\/\"]}]},{\"@type\":\"WebSite\",\"@id\":\"https:\/\/123-esta.com\/de\/#website\",\"url\":\"https:\/\/123-esta.com\/de\/\",\"name\":\"Formulaire ESTA pour les USA\",\"description\":\"\",\"publisher\":{\"@id\":\"https:\/\/123-esta.com\/de\/#organization\"},\"potentialAction\":[{\"@type\":\"SearchAction\",\"target\":{\"@type\":\"EntryPoint\",\"urlTemplate\":\"https:\/\/123-esta.com\/de\/?s={search_term_string}\"},\"query-input\":{\"@type\":\"PropertyValueSpecification\",\"valueRequired\":true,\"valueName\":\"search_term_string\"}}],\"inLanguage\":\"de\"},{\"@type\":\"Organization\",\"@id\":\"https:\/\/123-esta.com\/de\/#organization\",\"name\":\"Formulaire ESTA pour les USA\",\"url\":\"https:\/\/123-esta.com\/de\/\",\"logo\":{\"@type\":\"ImageObject\",\"inLanguage\":\"de\",\"@id\":\"https:\/\/123-esta.com\/de\/#\/schema\/logo\/image\/\",\"url\":\"https:\/\/123-esta.com\/wp-content\/uploads\/2018\/03\/logo-123-esta.png\",\"contentUrl\":\"https:\/\/123-esta.com\/wp-content\/uploads\/2018\/03\/logo-123-esta.png\",\"width\":191,\"height\":54,\"caption\":\"Formulaire ESTA pour les USA\"},\"image\":{\"@id\":\"https:\/\/123-esta.com\/de\/#\/schema\/logo\/image\/\"}}]}<\/script>\n<!-- \/ Yoast SEO plugin. -->","yoast_head_json":{"title":"FAQ - Alle Antworten auf Ihre Fragen zu ESTA","description":"Alle Antworten auf Ihre Fragen zu ESTA finden Sie auf unserer Website. Unsere Antworten sind klar, einfach und pr\u00e4zise.","robots":{"index":"index","follow":"follow","max-snippet":"max-snippet:-1","max-image-preview":"max-image-preview:large","max-video-preview":"max-video-preview:-1"},"canonical":"https:\/\/123-esta.com\/de\/faq-esta\/","og_locale":"de_DE","og_type":"article","og_title":"FAQ - Alle Antworten auf Ihre Fragen zu ESTA","og_description":"Alle Antworten auf Ihre Fragen zu ESTA finden Sie auf unserer Website. Unsere Antworten sind klar, einfach und pr\u00e4zise.","og_url":"https:\/\/123-esta.com\/de\/faq-esta\/","og_site_name":"Formulaire ESTA pour les USA","article_modified_time":"2022-09-19T07:12:01+00:00","twitter_card":"summary_large_image","twitter_misc":{"Gesch\u00e4tzte Lesezeit":"9\u00a0Minuten"},"schema":{"@context":"https:\/\/schema.org","@graph":[{"@type":"WebPage","@id":"https:\/\/123-esta.com\/de\/faq-esta\/","url":"https:\/\/123-esta.com\/de\/faq-esta\/","name":"FAQ - Alle Antworten auf Ihre Fragen zu ESTA","isPartOf":{"@id":"https:\/\/123-esta.com\/de\/#website"},"datePublished":"2022-07-27T19:35:25+00:00","dateModified":"2022-09-19T07:12:01+00:00","description":"Alle Antworten auf Ihre Fragen zu ESTA finden Sie auf unserer Website. Unsere Antworten sind klar, einfach und pr\u00e4zise.","inLanguage":"de","potentialAction":[{"@type":"ReadAction","target":["https:\/\/123-esta.com\/de\/faq-esta\/"]}]},{"@type":"WebSite","@id":"https:\/\/123-esta.com\/de\/#website","url":"https:\/\/123-esta.com\/de\/","name":"Formulaire ESTA pour les USA","description":"","publisher":{"@id":"https:\/\/123-esta.com\/de\/#organization"},"potentialAction":[{"@type":"SearchAction","target":{"@type":"EntryPoint","urlTemplate":"https:\/\/123-esta.com\/de\/?s={search_term_string}"},"query-input":{"@type":"PropertyValueSpecification","valueRequired":true,"valueName":"search_term_string"}}],"inLanguage":"de"},{"@type":"Organization","@id":"https:\/\/123-esta.com\/de\/#organization","name":"Formulaire ESTA pour les USA","url":"https:\/\/123-esta.com\/de\/","logo":{"@type":"ImageObject","inLanguage":"de","@id":"https:\/\/123-esta.com\/de\/#\/schema\/logo\/image\/","url":"https:\/\/123-esta.com\/wp-content\/uploads\/2018\/03\/logo-123-esta.png","contentUrl":"https:\/\/123-esta.com\/wp-content\/uploads\/2018\/03\/logo-123-esta.png","width":191,"height":54,"caption":"Formulaire ESTA pour les USA"},"image":{"@id":"https:\/\/123-esta.com\/de\/#\/schema\/logo\/image\/"}}]}},"_links":{"self":[{"href":"https:\/\/123-esta.com\/de\/wp-json\/wp\/v2\/pages\/2499","targetHints":{"allow":["GET"]}}],"collection":[{"href":"https:\/\/123-esta.com\/de\/wp-json\/wp\/v2\/pages"}],"about":[{"href":"https:\/\/123-esta.com\/de\/wp-json\/wp\/v2\/types\/page"}],"author":[{"embeddable":true,"href":"https:\/\/123-esta.com\/de\/wp-json\/wp\/v2\/users\/1"}],"replies":[{"embeddable":true,"href":"https:\/\/123-esta.com\/de\/wp-json\/wp\/v2\/comments?post=2499"}],"version-history":[{"count":0,"href":"https:\/\/123-esta.com\/de\/wp-json\/wp\/v2\/pages\/2499\/revisions"}],"wp:attachment":[{"href":"https:\/\/123-esta.com\/de\/wp-json\/wp\/v2\/media?parent=2499"}],"curies":[{"name":"wp","href":"https:\/\/api.w.org\/{rel}","templated":true}]}}