{"id":2497,"date":"2022-07-27T21:35:25","date_gmt":"2022-07-27T19:35:25","guid":{"rendered":"https:\/\/123-esta.com\/pays-visa-waiver-program\/"},"modified":"2022-09-23T11:13:25","modified_gmt":"2022-09-23T09:13:25","slug":"liste-der-lander-visa-waiver-program","status":"publish","type":"page","link":"https:\/\/123-esta.com\/de\/liste-der-lander-visa-waiver-program\/","title":{"rendered":"Visa Waiver Program: L\u00e4nder des Programms f\u00fcr visumfreies Reisen"},"content":{"rendered":"\n<p>Bei einem Aufenthalt in den USA von bis zu 90 aufeinanderfolgenden Tagen k\u00f6nnen Reisende ohne Visum in die USA einreisen.<\/p>\n\n<p>Sie m\u00fcssen lediglich \u00fcber ein Online-Formular einen Antrag auf Visumsfreiheit (ESTA) stellen, der ihnen die legale Einreise in die USA erm\u00f6glicht.<br\/>Dieses Programm ist jedoch nur in bestimmten L\u00e4ndern wirksam, die eine Partnerschaft mit den USA haben, und es steht nur Reisenden offen, die die vom US-Ministerium f\u00fcr Innere Sicherheit festgelegten Kriterien erf\u00fcllen. Wir werden hier auf das Visa Waiver Program zur\u00fcckkommen, aber wenn Sie spezifischere Fragen haben, k\u00f6nnen Sie gerne unsere speziellen <a href=\"https:\/\/123-esta.com\/de\/faq-esta\/\">ESTA FAQs<\/a> lesen.<\/p>\n\n<h2 class=\"wp-block-heading\">L\u00e4nder, die am Programm f\u00fcr visumfreies Reisen (ESTA) teilnehmen<\/h2>\n\n<p>Das am 12. Januar 2009 eingef\u00fchrte Programm f\u00fcr visumfreies Reisen hat bis Ende 2021 insgesamt 40 Mitgliedsl\u00e4nder. Ihre Staatsangeh\u00f6rigen kommen somit potenziell f\u00fcr die Beantragung eines ESTA in Frage. Die Liste der L\u00e4nder ist in alphabetischer Reihenfolge aufgef\u00fchrt:<\/p>\n\n<ul class=\"wp-block-list\"><li>Deutschland, Andorra, Australien, \u00d6sterreich<\/li><li>Belgien, Brunei<\/li><li>Chile, S\u00fcdkorea, Kroatien<\/li><li>D\u00e4nemark<\/li><li>Spanien, Estland<\/li><li>Finnland, Frankreich<\/li><li>Griechenland<\/li><li>Ungarn<\/li><li>Island, Irland, Italien<\/li><li>Japan<\/li><li>Lettland, Liechtenstein, Litauen, Luxemburg<\/li><li>Malta, Monaco<\/li><li>Neuseeland, Norwegen<\/li><li>Niederlande, Portugal, Polen<\/li><li>Tschechische Republik, Vereinigtes K\u00f6nigreich<\/li><li>San Marino, Singapur, Slowakei, Slowenien, Schweden, Schweiz<\/li><li>Taiwan<\/li><\/ul>\n\n<h2 class=\"wp-block-heading\">Voraussetzungen f\u00fcr die Befreiung von der Visumpflicht in den USA<\/h2>\n\n<p>Um das Programm zur Befreiung von der Visumspflicht in Anspruch nehmen zu k\u00f6nnen, muss der Reisende unbedingt die Staatsangeh\u00f6rigkeit eines der oben genannten L\u00e4nder besitzen. Personen mit doppelter Staatsangeh\u00f6rigkeit m\u00fcssen mit dem Reisepass des Landes reisen, f\u00fcr das sie von der Visumpflicht befreit sind. Automatisch vom ESTA ausgeschlossen sind binationale Staatsangeh\u00f6rige aus dem Irak, Iran, Syrien und Sudan.<\/p>\n\n<p>Die Staatsb\u00fcrgerschaft des Reisenden ist jedoch nicht die einzige Voraussetzung, um ein ESTA beantragen zu k\u00f6nnen. Au\u00dferdem muss man unbedingt im Besitz eines g\u00fcltigen Reisepasses mit einem integrierten Chip sein, d. h. eines elektronischen oder biometrischen Reisepasses, der mit den elektronischen Systemen der US-Regierung kompatibel ist. Die Passnummer ist \u00fcbrigens eine Information, die bei der Beantragung der Genehmigung angegeben werden muss, damit die US-Beh\u00f6rden Ihre Identit\u00e4t im Vorfeld \u00fcberpr\u00fcfen k\u00f6nnen.<\/p>\n\n<p>Die Dauer des Aufenthalts in den USA darf ebenfalls maximal 90 Tage betragen und der Aufenthalt muss im Rahmen einer touristischen oder beruflichen Reise erfolgen (Besuch der USA, Sprachaufenthalt, Teilnahme an Konferenzen&#8230;). Er ist auch f\u00fcr die Durchreise erforderlich.<\/p>\n\n<p>Der Antragsteller muss mit einem von der US-Regierung zugelassenen Unternehmen auf dem Luft- oder Seeweg in die USA reisen.<\/p>\n\n<h2 class=\"wp-block-heading\">Kosten und Fristen f\u00fcr ESTA<\/h2>\n\n<p>Der Antrag auf Visumbefreiung wird im Internet gestellt. Der Reisende muss die ESTA-Geb\u00fchr in H\u00f6he von 21 US-Dollar (neuer Tarif seit 2022) aus US-Steuern entrichten, um seinen Antrag online abzuschlie\u00dfen. Es ist ratsam, das ESTA-Formular vor dem Einsteigen in ein Flugzeug auszuf\u00fcllen, im Idealfall so fr\u00fch wie m\u00f6glich und sp\u00e4testens drei Tage vor der Abreise.<\/p>\n\n<p>Eine Antwort wird von den US-Beh\u00f6rden innerhalb von h\u00f6chstens 72 Stunden mitgeteilt. Wenn also der ESTA-Status auf &#8222;Wartend&#8220; steht, ist das nichts Ungew\u00f6hnliches: Der US-Zoll f\u00fchrt regelm\u00e4\u00dfig Stichproben durch.<\/p>\n\n<h2 class=\"wp-block-heading\">M\u00f6gliche Gr\u00fcnde f\u00fcr die Verweigerung der ESTA-Genehmigung<\/h2>\n\n<p>Personen, die sich in einer dieser Situationen befinden, wird die ESTA-Genehmigung in der Regel <a href=\"https:\/\/123-esta.com\/de\/grunde-fur-ein-abgelehntes-esta\/\">verweigert<\/a>:<\/p>\n\n<ul class=\"wp-block-list\"><li>ein Strafregister besitzen und dies auch bei einem Freispruch oder einer Kronzeugenregelung;<\/li><li>an einer schweren oder ansteckenden Krankheit leiden ;<\/li><li>in der Vergangenheit eine Einreiseverweigerung erhalten haben oder bei einer fr\u00fcheren Reise in die USA die Aufenthaltsdauer im Land \u00fcberschritten haben;<\/li><li>in den USA ein Verkehrsdelikt begangen haben ;<\/li><li>\u00fcber einen Reisepass verf\u00fcgen, dessen G\u00fcltigkeitsdauer w\u00e4hrend der Reise abl\u00e4uft (in diesem Fall muss ein neuer Reisepass ausgestellt werden);<\/li><li>Ihren Status w\u00e4hrend des Aufenthalts in den USA ge\u00e4ndert haben (z. B. von einem Touristen zu einem Arbeitsmigranten) ;<\/li><li>seit dem 1. M\u00e4rz 2011 in den Iran, Irak, Libyen, Somalia, Syrien, Sudan oder Jemen gereist sein.<\/li><\/ul>\n\n<p>Das US-Visumbefreiungsprogramm steht daher weiterhin allen Reisenden offen, die keine dieser Merkmale aufweisen, und nur selten wird die Einreise verweigert. Wenn dies nicht der Fall ist, m\u00fcssen Sie ein Visum beantragen, um in das Land einreisen zu k\u00f6nnen. EU-B\u00fcrger k\u00f6nnen sich an das Konsulat oder die Botschaft der Vereinigten Staaten in ihrem Heimatland wenden. Das US-Konsulat ist die einzige Stelle, die ein US-Visum im Ausland ausstellen kann.<\/p>\n","protected":false},"excerpt":{"rendered":"<p>Bei einem Aufenthalt in den USA von bis zu 90 aufeinanderfolgenden Tagen k\u00f6nnen Reisende ohne Visum in die USA einreisen. Sie m\u00fcssen lediglich \u00fcber ein Online-Formular einen Antrag auf Visumsfreiheit (ESTA) stellen, der ihnen die legale Einreise in die USA erm\u00f6glicht.Dieses Programm ist jedoch nur in bestimmten L\u00e4ndern wirksam, die eine Partnerschaft mit den USA [&hellip;]<\/p>\n","protected":false},"author":1,"featured_media":0,"parent":0,"menu_order":0,"comment_status":"closed","ping_status":"closed","template":"","meta":{"site-sidebar-layout":"default","site-content-layout":"default","ast-site-content-layout":"default","site-content-style":"default","site-sidebar-style":"default","ast-global-header-display":"","ast-banner-title-visibility":"","ast-main-header-display":"","ast-hfb-above-header-display":"","ast-hfb-below-header-display":"","ast-hfb-mobile-header-display":"","site-post-title":"","ast-breadcrumbs-content":"","ast-featured-img":"","footer-sml-layout":"","ast-disable-related-posts":"","theme-transparent-header-meta":"default","adv-header-id-meta":"","stick-header-meta":"default","header-above-stick-meta":"","header-main-stick-meta":"","header-below-stick-meta":"","astra-migrate-meta-layouts":"default","ast-page-background-enabled":"default","ast-page-background-meta":{"desktop":{"background-color":"","background-image":"","background-repeat":"repeat","background-position":"center center","background-size":"auto","background-attachment":"scroll","background-type":"","background-media":"","overlay-type":"","overlay-color":"","overlay-opacity":"","overlay-gradient":""},"tablet":{"background-color":"","background-image":"","background-repeat":"repeat","background-position":"center center","background-size":"auto","background-attachment":"scroll","background-type":"","background-media":"","overlay-type":"","overlay-color":"","overlay-opacity":"","overlay-gradient":""},"mobile":{"background-color":"","background-image":"","background-repeat":"repeat","background-position":"center center","background-size":"auto","background-attachment":"scroll","background-type":"","background-media":"","overlay-type":"","overlay-color":"","overlay-opacity":"","overlay-gradient":""}},"ast-content-background-meta":{"desktop":{"background-color":"var(--ast-global-color-5)","background-image":"","background-repeat":"repeat","background-position":"center center","background-size":"auto","background-attachment":"scroll","background-type":"","background-media":"","overlay-type":"","overlay-color":"","overlay-opacity":"","overlay-gradient":""},"tablet":{"background-color":"var(--ast-global-color-5)","background-image":"","background-repeat":"repeat","background-position":"center center","background-size":"auto","background-attachment":"scroll","background-type":"","background-media":"","overlay-type":"","overlay-color":"","overlay-opacity":"","overlay-gradient":""},"mobile":{"background-color":"var(--ast-global-color-5)","background-image":"","background-repeat":"repeat","background-position":"center center","background-size":"auto","background-attachment":"scroll","background-type":"","background-media":"","overlay-type":"","overlay-color":"","overlay-opacity":"","overlay-gradient":""}},"footnotes":""},"class_list":["post-2497","page","type-page","status-publish","hentry"],"yoast_head":"<!-- This site is optimized with the Yoast SEO plugin v27.1.1 - https:\/\/yoast.com\/product\/yoast-seo-wordpress\/ -->\n<title>Visa Waiver Program: L\u00e4nder des Programms f\u00fcr visumfreies Reisen<\/title>\n<meta name=\"description\" content=\"Liste der Mitgliedsl\u00e4nder des Visa Waiver Program und Bedingungen f\u00fcr ESTA. Alle Informationen, um ESTA problemlos zu bekommen\" \/>\n<meta name=\"robots\" content=\"index, follow, max-snippet:-1, max-image-preview:large, max-video-preview:-1\" \/>\n<link rel=\"canonical\" href=\"https:\/\/123-esta.com\/de\/liste-der-lander-visa-waiver-program\/\" \/>\n<meta property=\"og:locale\" content=\"de_DE\" \/>\n<meta property=\"og:type\" content=\"article\" \/>\n<meta property=\"og:title\" content=\"Visa Waiver Program: L\u00e4nder des Programms f\u00fcr visumfreies Reisen\" \/>\n<meta property=\"og:description\" content=\"Liste der Mitgliedsl\u00e4nder des Visa Waiver Program und Bedingungen f\u00fcr ESTA. Alle Informationen, um ESTA problemlos zu bekommen\" \/>\n<meta property=\"og:url\" content=\"https:\/\/123-esta.com\/de\/liste-der-lander-visa-waiver-program\/\" \/>\n<meta property=\"og:site_name\" content=\"Formulaire ESTA pour les USA\" \/>\n<meta property=\"article:modified_time\" content=\"2022-09-23T09:13:25+00:00\" \/>\n<meta name=\"twitter:card\" content=\"summary_large_image\" \/>\n<meta name=\"twitter:label1\" content=\"Gesch\u00e4tzte Lesezeit\" \/>\n\t<meta name=\"twitter:data1\" content=\"3\u00a0Minuten\" \/>\n<script type=\"application\/ld+json\" class=\"yoast-schema-graph\">{\"@context\":\"https:\/\/schema.org\",\"@graph\":[{\"@type\":\"WebPage\",\"@id\":\"https:\/\/123-esta.com\/de\/liste-der-lander-visa-waiver-program\/\",\"url\":\"https:\/\/123-esta.com\/de\/liste-der-lander-visa-waiver-program\/\",\"name\":\"Visa Waiver Program: L\u00e4nder des Programms f\u00fcr visumfreies Reisen\",\"isPartOf\":{\"@id\":\"https:\/\/123-esta.com\/de\/#website\"},\"datePublished\":\"2022-07-27T19:35:25+00:00\",\"dateModified\":\"2022-09-23T09:13:25+00:00\",\"description\":\"Liste der Mitgliedsl\u00e4nder des Visa Waiver Program und Bedingungen f\u00fcr ESTA. Alle Informationen, um ESTA problemlos zu bekommen\",\"inLanguage\":\"de\",\"potentialAction\":[{\"@type\":\"ReadAction\",\"target\":[\"https:\/\/123-esta.com\/de\/liste-der-lander-visa-waiver-program\/\"]}]},{\"@type\":\"WebSite\",\"@id\":\"https:\/\/123-esta.com\/de\/#website\",\"url\":\"https:\/\/123-esta.com\/de\/\",\"name\":\"Formulaire ESTA pour les USA\",\"description\":\"\",\"publisher\":{\"@id\":\"https:\/\/123-esta.com\/de\/#organization\"},\"potentialAction\":[{\"@type\":\"SearchAction\",\"target\":{\"@type\":\"EntryPoint\",\"urlTemplate\":\"https:\/\/123-esta.com\/de\/?s={search_term_string}\"},\"query-input\":{\"@type\":\"PropertyValueSpecification\",\"valueRequired\":true,\"valueName\":\"search_term_string\"}}],\"inLanguage\":\"de\"},{\"@type\":\"Organization\",\"@id\":\"https:\/\/123-esta.com\/de\/#organization\",\"name\":\"Formulaire ESTA pour les USA\",\"url\":\"https:\/\/123-esta.com\/de\/\",\"logo\":{\"@type\":\"ImageObject\",\"inLanguage\":\"de\",\"@id\":\"https:\/\/123-esta.com\/de\/#\/schema\/logo\/image\/\",\"url\":\"https:\/\/123-esta.com\/wp-content\/uploads\/2018\/03\/logo-123-esta.png\",\"contentUrl\":\"https:\/\/123-esta.com\/wp-content\/uploads\/2018\/03\/logo-123-esta.png\",\"width\":191,\"height\":54,\"caption\":\"Formulaire ESTA pour les USA\"},\"image\":{\"@id\":\"https:\/\/123-esta.com\/de\/#\/schema\/logo\/image\/\"}}]}<\/script>\n<!-- \/ Yoast SEO plugin. -->","yoast_head_json":{"title":"Visa Waiver Program: L\u00e4nder des Programms f\u00fcr visumfreies Reisen","description":"Liste der Mitgliedsl\u00e4nder des Visa Waiver Program und Bedingungen f\u00fcr ESTA. Alle Informationen, um ESTA problemlos zu bekommen","robots":{"index":"index","follow":"follow","max-snippet":"max-snippet:-1","max-image-preview":"max-image-preview:large","max-video-preview":"max-video-preview:-1"},"canonical":"https:\/\/123-esta.com\/de\/liste-der-lander-visa-waiver-program\/","og_locale":"de_DE","og_type":"article","og_title":"Visa Waiver Program: L\u00e4nder des Programms f\u00fcr visumfreies Reisen","og_description":"Liste der Mitgliedsl\u00e4nder des Visa Waiver Program und Bedingungen f\u00fcr ESTA. Alle Informationen, um ESTA problemlos zu bekommen","og_url":"https:\/\/123-esta.com\/de\/liste-der-lander-visa-waiver-program\/","og_site_name":"Formulaire ESTA pour les USA","article_modified_time":"2022-09-23T09:13:25+00:00","twitter_card":"summary_large_image","twitter_misc":{"Gesch\u00e4tzte Lesezeit":"3\u00a0Minuten"},"schema":{"@context":"https:\/\/schema.org","@graph":[{"@type":"WebPage","@id":"https:\/\/123-esta.com\/de\/liste-der-lander-visa-waiver-program\/","url":"https:\/\/123-esta.com\/de\/liste-der-lander-visa-waiver-program\/","name":"Visa Waiver Program: L\u00e4nder des Programms f\u00fcr visumfreies Reisen","isPartOf":{"@id":"https:\/\/123-esta.com\/de\/#website"},"datePublished":"2022-07-27T19:35:25+00:00","dateModified":"2022-09-23T09:13:25+00:00","description":"Liste der Mitgliedsl\u00e4nder des Visa Waiver Program und Bedingungen f\u00fcr ESTA. Alle Informationen, um ESTA problemlos zu bekommen","inLanguage":"de","potentialAction":[{"@type":"ReadAction","target":["https:\/\/123-esta.com\/de\/liste-der-lander-visa-waiver-program\/"]}]},{"@type":"WebSite","@id":"https:\/\/123-esta.com\/de\/#website","url":"https:\/\/123-esta.com\/de\/","name":"Formulaire ESTA pour les USA","description":"","publisher":{"@id":"https:\/\/123-esta.com\/de\/#organization"},"potentialAction":[{"@type":"SearchAction","target":{"@type":"EntryPoint","urlTemplate":"https:\/\/123-esta.com\/de\/?s={search_term_string}"},"query-input":{"@type":"PropertyValueSpecification","valueRequired":true,"valueName":"search_term_string"}}],"inLanguage":"de"},{"@type":"Organization","@id":"https:\/\/123-esta.com\/de\/#organization","name":"Formulaire ESTA pour les USA","url":"https:\/\/123-esta.com\/de\/","logo":{"@type":"ImageObject","inLanguage":"de","@id":"https:\/\/123-esta.com\/de\/#\/schema\/logo\/image\/","url":"https:\/\/123-esta.com\/wp-content\/uploads\/2018\/03\/logo-123-esta.png","contentUrl":"https:\/\/123-esta.com\/wp-content\/uploads\/2018\/03\/logo-123-esta.png","width":191,"height":54,"caption":"Formulaire ESTA pour les USA"},"image":{"@id":"https:\/\/123-esta.com\/de\/#\/schema\/logo\/image\/"}}]}},"_links":{"self":[{"href":"https:\/\/123-esta.com\/de\/wp-json\/wp\/v2\/pages\/2497","targetHints":{"allow":["GET"]}}],"collection":[{"href":"https:\/\/123-esta.com\/de\/wp-json\/wp\/v2\/pages"}],"about":[{"href":"https:\/\/123-esta.com\/de\/wp-json\/wp\/v2\/types\/page"}],"author":[{"embeddable":true,"href":"https:\/\/123-esta.com\/de\/wp-json\/wp\/v2\/users\/1"}],"replies":[{"embeddable":true,"href":"https:\/\/123-esta.com\/de\/wp-json\/wp\/v2\/comments?post=2497"}],"version-history":[{"count":0,"href":"https:\/\/123-esta.com\/de\/wp-json\/wp\/v2\/pages\/2497\/revisions"}],"wp:attachment":[{"href":"https:\/\/123-esta.com\/de\/wp-json\/wp\/v2\/media?parent=2497"}],"curies":[{"name":"wp","href":"https:\/\/api.w.org\/{rel}","templated":true}]}}