{"id":2485,"date":"2022-07-27T21:35:22","date_gmt":"2022-07-27T19:35:22","guid":{"rendered":"https:\/\/123-esta.com\/ueberschreitung-des-grenzdatums-fuer-den-aufenthalt-in-der-usa\/"},"modified":"2024-10-07T15:01:22","modified_gmt":"2024-10-07T13:01:22","slug":"uberschreitung-der-verjahrungsfrist-fur-den-aufenthalt-in-den-usa","status":"publish","type":"page","link":"https:\/\/123-esta.com\/de\/uberschreitung-der-verjahrungsfrist-fur-den-aufenthalt-in-den-usa\/","title":{"rendered":"Risiken bei einem Overstay in den USA"},"content":{"rendered":"\n<p>Die USA geh\u00f6ren das ganze Jahr \u00fcber zu den Reisezielen mit den meisten Besuchern, insbesondere zur Weihnachtszeit. Wenn Sie zum ersten Mal in dieses Gebiet reisen oder wenn es mehr als zwei Jahre her ist, dass Sie dorthin zur\u00fcckgekehrt sind, m\u00fcssen Sie eine ESTA-Genehmigung beantragen, wenn Ihr Land Mitglied des Programms f\u00fcr visumfreies Reisen (Visa Waiver Program) ist.<\/p>\n\n<p>Die Beantragung ist einfach, da Sie nur das ESTA-Formular online ausf\u00fcllen m\u00fcssen. Dann k\u00f6nnen drei F\u00e4lle eintreten:<\/p>\n\n<ul class=\"wp-block-list\">\n<li>Ihr Antrag genehmigt wird ;<\/li>\n\n\n\n<li>Ihr Antrag wird abgelehnt ;<\/li>\n\n\n\n<li>Ihr Antrag wird zur\u00fcckgestellt.<\/li>\n<\/ul>\n\n<p>Wenn Ihnen eine ESTA-Genehmigung erteilt wird, bedeutet dies, dass Sie sich jederzeit f\u00fcr einen Zeitraum, der oftmals maximal drei Monaten entspricht, in den USA aufhalten d\u00fcrfen. Zur Erinnerung: <a href=\"\/\/123-esta.com\/validite-esta\/\">Diese ESTA-Genehmigung ist zwei Jahre lang g\u00fcltig<\/a>.<\/p>\n\n<h2 class=\"wp-block-heading\">Was passiert, wenn Sie die Aufenthaltsdauer \u00fcberschreiten?<\/h2>\n\n<p>Sobald Sie die Frist f\u00fcr Ihren Aufenthalt \u00fcberschritten haben, werden Sie automatisch als illegaler Einwanderer betrachtet.<\/p>\n\n<p>Um diese unangenehme Situation zu vermeiden, m\u00fcssen Sie nat\u00fcrlich darauf achten, dass Sie die USA vor Ablauf der Aufenthaltsfrist verlassen. Andernfalls kann dies zu einem Verbot oder einer Verweigerung der Einreise in die USA f\u00fchren, die je nach Dauer der \u00dcberschreitung zwischen 3 und 10 Jahren betragen kann.<\/p>\n\n<p>Im Falle einer \u00dcberschreitung der Grenze wird der Konsularbeamte Sie zu den Gr\u00fcnden f\u00fcr die \u00dcberschreitung befragen m\u00fcssen. Wenn Sie ein gutes Argument haben (Unfall, medizinische Probleme, h\u00f6here Gewalt usw.), k\u00f6nnen Sie in die USA zur\u00fcckkehren, ohne dass es irgendwelche Probleme gibt. Wenn Ihr Argument die US-Regierung jedoch nicht \u00fcberzeugt, werden Sie automatisch bestraft und als Person mit der Absicht, sich illegal in den USA aufzuhalten, vermerkt.<\/p>\n\n<h2 class=\"wp-block-heading\">Was Sie tun sollten, um eine solche Situation zu vermeiden<\/h2>\n\n<p>Wenn Ihr Aufenthalt aus irgendeinem Grund l\u00e4nger als 90 Tage dauern k\u00f6nnte, wird dringend empfohlen, ein Visum zu beantragen und den ESTA-Antrag abzulehnen. Tats\u00e4chlich gibt es einige Arten von Visa, die es Ihnen erlauben, l\u00e4nger als drei Monate in den USA zu bleiben.<\/p>\n\n<p>\u00dcbrigens: Mit einem Visum k\u00f6nnen Sie Ihren Aufenthalt verl\u00e4ngern, indem Sie einfach einen begr\u00fcndeten Antrag stellen. Dies gilt nicht f\u00fcr eine ESTA-Genehmigung, es sei denn, es handelt sich um einen medizinischen Notfall oder um einen Antrag auf politisches Asyl.<\/p>\n\n<p>Wie dem auch sei, Aufenthalte von mehr als 90 Tagen sind selten und erfordern oft lange und kostspielige Verwaltungsverfahren. Wenn Sie sicher sind, dass Ihr Aufenthalt weniger als drei Monate dauern wird, k\u00f6nnen Sie einfach eine ESTA-Genehmigung beantragen. Genehmigung, mit der Sie sich legal und sicher auf amerikanischem Boden aufhalten.<\/p>\n\n<p><\/p>\n","protected":false},"excerpt":{"rendered":"<p>Die USA geh\u00f6ren das ganze Jahr \u00fcber zu den Reisezielen mit den meisten Besuchern, insbesondere zur Weihnachtszeit. Wenn Sie zum ersten Mal in dieses Gebiet reisen oder wenn es mehr als zwei Jahre her ist, dass Sie dorthin zur\u00fcckgekehrt sind, m\u00fcssen Sie eine ESTA-Genehmigung beantragen, wenn Ihr Land Mitglied des Programms f\u00fcr visumfreies Reisen (Visa [&hellip;]<\/p>\n","protected":false},"author":1,"featured_media":0,"parent":0,"menu_order":0,"comment_status":"closed","ping_status":"closed","template":"","meta":{"site-sidebar-layout":"default","site-content-layout":"default","ast-site-content-layout":"default","site-content-style":"default","site-sidebar-style":"default","ast-global-header-display":"","ast-banner-title-visibility":"","ast-main-header-display":"","ast-hfb-above-header-display":"","ast-hfb-below-header-display":"","ast-hfb-mobile-header-display":"","site-post-title":"","ast-breadcrumbs-content":"","ast-featured-img":"","footer-sml-layout":"","ast-disable-related-posts":"","theme-transparent-header-meta":"default","adv-header-id-meta":"","stick-header-meta":"default","header-above-stick-meta":"","header-main-stick-meta":"","header-below-stick-meta":"","astra-migrate-meta-layouts":"default","ast-page-background-enabled":"default","ast-page-background-meta":{"desktop":{"background-color":"","background-image":"","background-repeat":"repeat","background-position":"center center","background-size":"auto","background-attachment":"scroll","background-type":"","background-media":"","overlay-type":"","overlay-color":"","overlay-opacity":"","overlay-gradient":""},"tablet":{"background-color":"","background-image":"","background-repeat":"repeat","background-position":"center center","background-size":"auto","background-attachment":"scroll","background-type":"","background-media":"","overlay-type":"","overlay-color":"","overlay-opacity":"","overlay-gradient":""},"mobile":{"background-color":"","background-image":"","background-repeat":"repeat","background-position":"center center","background-size":"auto","background-attachment":"scroll","background-type":"","background-media":"","overlay-type":"","overlay-color":"","overlay-opacity":"","overlay-gradient":""}},"ast-content-background-meta":{"desktop":{"background-color":"var(--ast-global-color-5)","background-image":"","background-repeat":"repeat","background-position":"center center","background-size":"auto","background-attachment":"scroll","background-type":"","background-media":"","overlay-type":"","overlay-color":"","overlay-opacity":"","overlay-gradient":""},"tablet":{"background-color":"var(--ast-global-color-5)","background-image":"","background-repeat":"repeat","background-position":"center center","background-size":"auto","background-attachment":"scroll","background-type":"","background-media":"","overlay-type":"","overlay-color":"","overlay-opacity":"","overlay-gradient":""},"mobile":{"background-color":"var(--ast-global-color-5)","background-image":"","background-repeat":"repeat","background-position":"center center","background-size":"auto","background-attachment":"scroll","background-type":"","background-media":"","overlay-type":"","overlay-color":"","overlay-opacity":"","overlay-gradient":""}},"footnotes":""},"class_list":["post-2485","page","type-page","status-publish","hentry"],"yoast_head":"<!-- This site is optimized with the Yoast SEO plugin v27.1.1 - https:\/\/yoast.com\/product\/yoast-seo-wordpress\/ -->\n<title>Risiken bei einem Overstay in den USA<\/title>\n<meta name=\"description\" content=\"Unterliegt der mit ESTA genehmigte Aufenthalt einer zeitlichen Begrenzung? Wenn ja, was ist sie und kann sie erweitert werden?\" \/>\n<meta name=\"robots\" content=\"index, follow, max-snippet:-1, max-image-preview:large, max-video-preview:-1\" \/>\n<link rel=\"canonical\" href=\"https:\/\/123-esta.com\/de\/uberschreitung-der-verjahrungsfrist-fur-den-aufenthalt-in-den-usa\/\" \/>\n<meta property=\"og:locale\" content=\"de_DE\" \/>\n<meta property=\"og:type\" content=\"article\" \/>\n<meta property=\"og:title\" content=\"Risiken bei einem Overstay in den USA\" \/>\n<meta property=\"og:description\" content=\"Unterliegt der mit ESTA genehmigte Aufenthalt einer zeitlichen Begrenzung? Wenn ja, was ist sie und kann sie erweitert werden?\" \/>\n<meta property=\"og:url\" content=\"https:\/\/123-esta.com\/de\/uberschreitung-der-verjahrungsfrist-fur-den-aufenthalt-in-den-usa\/\" \/>\n<meta property=\"og:site_name\" content=\"Formulaire ESTA pour les USA\" \/>\n<meta property=\"article:modified_time\" content=\"2024-10-07T13:01:22+00:00\" \/>\n<meta name=\"twitter:card\" content=\"summary_large_image\" \/>\n<meta name=\"twitter:label1\" content=\"Gesch\u00e4tzte Lesezeit\" \/>\n\t<meta name=\"twitter:data1\" content=\"2\u00a0Minuten\" \/>\n<script type=\"application\/ld+json\" class=\"yoast-schema-graph\">{\"@context\":\"https:\/\/schema.org\",\"@graph\":[{\"@type\":\"WebPage\",\"@id\":\"https:\/\/123-esta.com\/de\/uberschreitung-der-verjahrungsfrist-fur-den-aufenthalt-in-den-usa\/\",\"url\":\"https:\/\/123-esta.com\/de\/uberschreitung-der-verjahrungsfrist-fur-den-aufenthalt-in-den-usa\/\",\"name\":\"Risiken bei einem Overstay in den USA\",\"isPartOf\":{\"@id\":\"https:\/\/123-esta.com\/de\/#website\"},\"datePublished\":\"2022-07-27T19:35:22+00:00\",\"dateModified\":\"2024-10-07T13:01:22+00:00\",\"description\":\"Unterliegt der mit ESTA genehmigte Aufenthalt einer zeitlichen Begrenzung? Wenn ja, was ist sie und kann sie erweitert werden?\",\"inLanguage\":\"de\",\"potentialAction\":[{\"@type\":\"ReadAction\",\"target\":[\"https:\/\/123-esta.com\/de\/uberschreitung-der-verjahrungsfrist-fur-den-aufenthalt-in-den-usa\/\"]}]},{\"@type\":\"WebSite\",\"@id\":\"https:\/\/123-esta.com\/de\/#website\",\"url\":\"https:\/\/123-esta.com\/de\/\",\"name\":\"Formulaire ESTA pour les USA\",\"description\":\"\",\"publisher\":{\"@id\":\"https:\/\/123-esta.com\/de\/#organization\"},\"potentialAction\":[{\"@type\":\"SearchAction\",\"target\":{\"@type\":\"EntryPoint\",\"urlTemplate\":\"https:\/\/123-esta.com\/de\/?s={search_term_string}\"},\"query-input\":{\"@type\":\"PropertyValueSpecification\",\"valueRequired\":true,\"valueName\":\"search_term_string\"}}],\"inLanguage\":\"de\"},{\"@type\":\"Organization\",\"@id\":\"https:\/\/123-esta.com\/de\/#organization\",\"name\":\"Formulaire ESTA pour les USA\",\"url\":\"https:\/\/123-esta.com\/de\/\",\"logo\":{\"@type\":\"ImageObject\",\"inLanguage\":\"de\",\"@id\":\"https:\/\/123-esta.com\/de\/#\/schema\/logo\/image\/\",\"url\":\"https:\/\/123-esta.com\/wp-content\/uploads\/2018\/03\/logo-123-esta.png\",\"contentUrl\":\"https:\/\/123-esta.com\/wp-content\/uploads\/2018\/03\/logo-123-esta.png\",\"width\":191,\"height\":54,\"caption\":\"Formulaire ESTA pour les USA\"},\"image\":{\"@id\":\"https:\/\/123-esta.com\/de\/#\/schema\/logo\/image\/\"}}]}<\/script>\n<!-- \/ Yoast SEO plugin. -->","yoast_head_json":{"title":"Risiken bei einem Overstay in den USA","description":"Unterliegt der mit ESTA genehmigte Aufenthalt einer zeitlichen Begrenzung? Wenn ja, was ist sie und kann sie erweitert werden?","robots":{"index":"index","follow":"follow","max-snippet":"max-snippet:-1","max-image-preview":"max-image-preview:large","max-video-preview":"max-video-preview:-1"},"canonical":"https:\/\/123-esta.com\/de\/uberschreitung-der-verjahrungsfrist-fur-den-aufenthalt-in-den-usa\/","og_locale":"de_DE","og_type":"article","og_title":"Risiken bei einem Overstay in den USA","og_description":"Unterliegt der mit ESTA genehmigte Aufenthalt einer zeitlichen Begrenzung? Wenn ja, was ist sie und kann sie erweitert werden?","og_url":"https:\/\/123-esta.com\/de\/uberschreitung-der-verjahrungsfrist-fur-den-aufenthalt-in-den-usa\/","og_site_name":"Formulaire ESTA pour les USA","article_modified_time":"2024-10-07T13:01:22+00:00","twitter_card":"summary_large_image","twitter_misc":{"Gesch\u00e4tzte Lesezeit":"2\u00a0Minuten"},"schema":{"@context":"https:\/\/schema.org","@graph":[{"@type":"WebPage","@id":"https:\/\/123-esta.com\/de\/uberschreitung-der-verjahrungsfrist-fur-den-aufenthalt-in-den-usa\/","url":"https:\/\/123-esta.com\/de\/uberschreitung-der-verjahrungsfrist-fur-den-aufenthalt-in-den-usa\/","name":"Risiken bei einem Overstay in den USA","isPartOf":{"@id":"https:\/\/123-esta.com\/de\/#website"},"datePublished":"2022-07-27T19:35:22+00:00","dateModified":"2024-10-07T13:01:22+00:00","description":"Unterliegt der mit ESTA genehmigte Aufenthalt einer zeitlichen Begrenzung? Wenn ja, was ist sie und kann sie erweitert werden?","inLanguage":"de","potentialAction":[{"@type":"ReadAction","target":["https:\/\/123-esta.com\/de\/uberschreitung-der-verjahrungsfrist-fur-den-aufenthalt-in-den-usa\/"]}]},{"@type":"WebSite","@id":"https:\/\/123-esta.com\/de\/#website","url":"https:\/\/123-esta.com\/de\/","name":"Formulaire ESTA pour les USA","description":"","publisher":{"@id":"https:\/\/123-esta.com\/de\/#organization"},"potentialAction":[{"@type":"SearchAction","target":{"@type":"EntryPoint","urlTemplate":"https:\/\/123-esta.com\/de\/?s={search_term_string}"},"query-input":{"@type":"PropertyValueSpecification","valueRequired":true,"valueName":"search_term_string"}}],"inLanguage":"de"},{"@type":"Organization","@id":"https:\/\/123-esta.com\/de\/#organization","name":"Formulaire ESTA pour les USA","url":"https:\/\/123-esta.com\/de\/","logo":{"@type":"ImageObject","inLanguage":"de","@id":"https:\/\/123-esta.com\/de\/#\/schema\/logo\/image\/","url":"https:\/\/123-esta.com\/wp-content\/uploads\/2018\/03\/logo-123-esta.png","contentUrl":"https:\/\/123-esta.com\/wp-content\/uploads\/2018\/03\/logo-123-esta.png","width":191,"height":54,"caption":"Formulaire ESTA pour les USA"},"image":{"@id":"https:\/\/123-esta.com\/de\/#\/schema\/logo\/image\/"}}]}},"_links":{"self":[{"href":"https:\/\/123-esta.com\/de\/wp-json\/wp\/v2\/pages\/2485","targetHints":{"allow":["GET"]}}],"collection":[{"href":"https:\/\/123-esta.com\/de\/wp-json\/wp\/v2\/pages"}],"about":[{"href":"https:\/\/123-esta.com\/de\/wp-json\/wp\/v2\/types\/page"}],"author":[{"embeddable":true,"href":"https:\/\/123-esta.com\/de\/wp-json\/wp\/v2\/users\/1"}],"replies":[{"embeddable":true,"href":"https:\/\/123-esta.com\/de\/wp-json\/wp\/v2\/comments?post=2485"}],"version-history":[{"count":0,"href":"https:\/\/123-esta.com\/de\/wp-json\/wp\/v2\/pages\/2485\/revisions"}],"wp:attachment":[{"href":"https:\/\/123-esta.com\/de\/wp-json\/wp\/v2\/media?parent=2485"}],"curies":[{"name":"wp","href":"https:\/\/api.w.org\/{rel}","templated":true}]}}