{"id":2483,"date":"2022-07-27T21:35:21","date_gmt":"2022-07-27T19:35:21","guid":{"rendered":"https:\/\/123-esta.com\/drucken-esta-formular\/"},"modified":"2022-08-23T22:51:13","modified_gmt":"2022-08-23T20:51:13","slug":"drucken-esta-formular","status":"publish","type":"page","link":"https:\/\/123-esta.com\/de\/drucken-esta-formular\/","title":{"rendered":"Muss man das ESTA-Dokument ausdrucken, bevor man in die USA reist?"},"content":{"rendered":"\n<p>Sobald Sie Ihre Genehmigung erhalten haben, nachdem Sie <a href=\"https:\/\/123-esta.com\/de\/wie-man-den-esta-fragebogen-ausfullt\/\">Ihr ESTA-Formular ausgef\u00fcllt<\/a> haben, wird Ihnen eine Quittungsnummer zugeteilt. Diese Nummer sollten Sie aufbewahren, insbesondere f\u00fcr den Fall, dass Sie sie verlieren. Nat\u00fcrlich k\u00f6nnen Sie die Zusammenfassung ausdrucken und die Daten bei sich tragen, wenn Sie den US-Zoll passieren. Damit Ihre Kopie g\u00fcltig ist, muss sie die Quittungsnummer enthalten, die Ihrer Genehmigung zugewiesen wurde.<\/p>\n\n<p>Beim Ausf\u00fcllen des Fragebogens m\u00fcssen die angegebenen Daten korrekt sein und mit den Informationen in Ihrem Reisepass \u00fcbereinstimmen, wie z. B. Vor- und Nachname, Geburtsdatum, Passnummer und Staatsangeh\u00f6rigkeit.<\/p>\n\n<p>Denn bei der Erteilung Ihrer Reisegenehmigung durch die US-Zollbeh\u00f6rde werden diese Daten ber\u00fccksichtigt. Bei der Einreise in die USA wird Ihr Reisepass gescannt und das System erkennt automatisch, ob Ihnen eine Reisegenehmigung erteilt wurde. Ein Fehler in den Daten, die Sie beim ESTA-Fragebogen eingegeben haben, verhindert, dass Sie in die USA einreisen d\u00fcrfen.<\/p>\n\n<p>Da die Informationen im Voraus von der Zollbeh\u00f6rde empfangen werden, ist der Ausdruck nicht zwingend erforderlich. Die zust\u00e4ndigen Beh\u00f6rden in den USA raten jedoch dringend dazu, eine Kopie w\u00e4hrend Ihres Aufenthalts aufzubewahren. Auf diese Weise wird es nicht schwierig sein, den Besitz Ihrer ESTA-Genehmigung ohne Internetverbindung zu \u00fcberpr\u00fcfen. Diese gedruckte Version stellt einen unwiderlegbaren Beweis dar, den Sie griffbereit aufbewahren sollten.<\/p>\n\n<h2 class=\"wp-block-heading\">Gr\u00fcnde f\u00fcr das Ausdrucken des ESTA-Formulars<\/h2>\n\n<p>Auch wenn es nicht vorgeschrieben ist, ist es dennoch ratsam, eine Kopie Ihres ESTA-Formulars aufzubewahren, um sich \u00fcber die \u00fcbermittelten Informationen zu vergewissern. Und das aus mehreren Gr\u00fcnden:<\/p>\n\n<ul class=\"wp-block-list\"><li>im Falle eines Fehlers k\u00f6nnen Sie leichter erkennen, in welchem Teil sich die falsche Information befindet;<\/li><li>Ihre Kopie des ESTA-Formulars kann Ihnen helfen, sich vor Problemen bei der Abreise zu sch\u00fctzen, bei Computerproblemen zu helfen oder Fragen von US-Einwanderungsbeamten zu beantworten;<\/li><li>Ihre Kopie gibt Ihnen Aufschluss \u00fcber die G\u00fcltigkeitsdauer Ihrer ESTA-Genehmigung. Nat\u00fcrlich ist es wichtig, das Verfallsdatum zu kennen.<\/li><\/ul>\n\n<p>Kurz gesagt: Diese Kopie k\u00f6nnte Ihnen w\u00e4hrend Ihres Aufenthalts auf amerikanischem Boden \u00fcberall n\u00fctzlich sein.<\/p>\n\n<h2 class=\"wp-block-heading\">Weitere wichtige Informationen<\/h2>\n\n<p>Bei Erhalt Ihrer ESTA-Genehmigung ist es immer ratsam, die darin enthaltenen Informationen genau zu lesen. Sollte ein Fehler auftreten, m\u00fcssen Sie diesen sofort melden, um weitere Probleme zu vermeiden.<\/p>\n\n<p>Wenn Sie sich sicher sind, dass die Angaben in Ihrem Reisepass mit Ihrer ESTA-Genehmigung \u00fcbereinstimmen, m\u00fcssen Sie das Dokument nur noch ausdrucken. Wie bereits oben bemerkt, ist dieses Verfahren nicht obligatorisch, aber ratsam.<\/p>\n\n<p>Wenn Sie das Dokument aus irgendeinem Grund nicht ausgedruckt haben, ist es von entscheidender Bedeutung, dass Sie zumindest Ihre Identifikationsnummer zur Hand haben. Dieser kann n\u00e4mlich beim Einsteigen in das Flugzeug von Ihnen verlangt werden.<\/p>\n","protected":false},"excerpt":{"rendered":"<p>Sobald Sie Ihre Genehmigung erhalten haben, nachdem Sie Ihr ESTA-Formular ausgef\u00fcllt haben, wird Ihnen eine Quittungsnummer zugeteilt. Diese Nummer sollten Sie aufbewahren, insbesondere f\u00fcr den Fall, dass Sie sie verlieren. Nat\u00fcrlich k\u00f6nnen Sie die Zusammenfassung ausdrucken und die Daten bei sich tragen, wenn Sie den US-Zoll passieren. Damit Ihre Kopie g\u00fcltig ist, muss sie die [&hellip;]<\/p>\n","protected":false},"author":1,"featured_media":0,"parent":0,"menu_order":0,"comment_status":"closed","ping_status":"closed","template":"","meta":{"site-sidebar-layout":"default","site-content-layout":"default","ast-site-content-layout":"default","site-content-style":"default","site-sidebar-style":"default","ast-global-header-display":"","ast-banner-title-visibility":"","ast-main-header-display":"","ast-hfb-above-header-display":"","ast-hfb-below-header-display":"","ast-hfb-mobile-header-display":"","site-post-title":"","ast-breadcrumbs-content":"","ast-featured-img":"","footer-sml-layout":"","ast-disable-related-posts":"","theme-transparent-header-meta":"default","adv-header-id-meta":"","stick-header-meta":"default","header-above-stick-meta":"","header-main-stick-meta":"","header-below-stick-meta":"","astra-migrate-meta-layouts":"default","ast-page-background-enabled":"default","ast-page-background-meta":{"desktop":{"background-color":"","background-image":"","background-repeat":"repeat","background-position":"center center","background-size":"auto","background-attachment":"scroll","background-type":"","background-media":"","overlay-type":"","overlay-color":"","overlay-opacity":"","overlay-gradient":""},"tablet":{"background-color":"","background-image":"","background-repeat":"repeat","background-position":"center center","background-size":"auto","background-attachment":"scroll","background-type":"","background-media":"","overlay-type":"","overlay-color":"","overlay-opacity":"","overlay-gradient":""},"mobile":{"background-color":"","background-image":"","background-repeat":"repeat","background-position":"center center","background-size":"auto","background-attachment":"scroll","background-type":"","background-media":"","overlay-type":"","overlay-color":"","overlay-opacity":"","overlay-gradient":""}},"ast-content-background-meta":{"desktop":{"background-color":"var(--ast-global-color-5)","background-image":"","background-repeat":"repeat","background-position":"center center","background-size":"auto","background-attachment":"scroll","background-type":"","background-media":"","overlay-type":"","overlay-color":"","overlay-opacity":"","overlay-gradient":""},"tablet":{"background-color":"var(--ast-global-color-5)","background-image":"","background-repeat":"repeat","background-position":"center center","background-size":"auto","background-attachment":"scroll","background-type":"","background-media":"","overlay-type":"","overlay-color":"","overlay-opacity":"","overlay-gradient":""},"mobile":{"background-color":"var(--ast-global-color-5)","background-image":"","background-repeat":"repeat","background-position":"center center","background-size":"auto","background-attachment":"scroll","background-type":"","background-media":"","overlay-type":"","overlay-color":"","overlay-opacity":"","overlay-gradient":""}},"footnotes":""},"class_list":["post-2483","page","type-page","status-publish","hentry"],"yoast_head":"<!-- This site is optimized with the Yoast SEO plugin v27.1.1 - https:\/\/yoast.com\/product\/yoast-seo-wordpress\/ -->\n<title>Muss man das ESTA-Dokument ausdrucken, bevor man in die USA reist?<\/title>\n<meta name=\"description\" content=\"Das Ausdrucken des ESTA-Reiseformulars vor dem Einsteigen in das Flugzeug wird empfohlen, ist aber nicht zwingend erforderlich. Wir gehen noch einmal auf die Vorgehensweise ein.\" \/>\n<meta name=\"robots\" content=\"index, follow, max-snippet:-1, max-image-preview:large, max-video-preview:-1\" \/>\n<link rel=\"canonical\" href=\"https:\/\/123-esta.com\/de\/drucken-esta-formular\/\" \/>\n<meta property=\"og:locale\" content=\"de_DE\" \/>\n<meta property=\"og:type\" content=\"article\" \/>\n<meta property=\"og:title\" content=\"Muss man das ESTA-Dokument ausdrucken, bevor man in die USA reist?\" \/>\n<meta property=\"og:description\" content=\"Das Ausdrucken des ESTA-Reiseformulars vor dem Einsteigen in das Flugzeug wird empfohlen, ist aber nicht zwingend erforderlich. Wir gehen noch einmal auf die Vorgehensweise ein.\" \/>\n<meta property=\"og:url\" content=\"https:\/\/123-esta.com\/de\/drucken-esta-formular\/\" \/>\n<meta property=\"og:site_name\" content=\"Formulaire ESTA pour les USA\" \/>\n<meta property=\"article:modified_time\" content=\"2022-08-23T20:51:13+00:00\" \/>\n<meta name=\"twitter:card\" content=\"summary_large_image\" \/>\n<meta name=\"twitter:label1\" content=\"Gesch\u00e4tzte Lesezeit\" \/>\n\t<meta name=\"twitter:data1\" content=\"2\u00a0Minuten\" \/>\n<script type=\"application\/ld+json\" class=\"yoast-schema-graph\">{\"@context\":\"https:\/\/schema.org\",\"@graph\":[{\"@type\":\"WebPage\",\"@id\":\"https:\/\/123-esta.com\/de\/drucken-esta-formular\/\",\"url\":\"https:\/\/123-esta.com\/de\/drucken-esta-formular\/\",\"name\":\"Muss man das ESTA-Dokument ausdrucken, bevor man in die USA reist?\",\"isPartOf\":{\"@id\":\"https:\/\/123-esta.com\/de\/#website\"},\"datePublished\":\"2022-07-27T19:35:21+00:00\",\"dateModified\":\"2022-08-23T20:51:13+00:00\",\"description\":\"Das Ausdrucken des ESTA-Reiseformulars vor dem Einsteigen in das Flugzeug wird empfohlen, ist aber nicht zwingend erforderlich. Wir gehen noch einmal auf die Vorgehensweise ein.\",\"inLanguage\":\"de\",\"potentialAction\":[{\"@type\":\"ReadAction\",\"target\":[\"https:\/\/123-esta.com\/de\/drucken-esta-formular\/\"]}]},{\"@type\":\"WebSite\",\"@id\":\"https:\/\/123-esta.com\/de\/#website\",\"url\":\"https:\/\/123-esta.com\/de\/\",\"name\":\"Formulaire ESTA pour les USA\",\"description\":\"\",\"publisher\":{\"@id\":\"https:\/\/123-esta.com\/de\/#organization\"},\"potentialAction\":[{\"@type\":\"SearchAction\",\"target\":{\"@type\":\"EntryPoint\",\"urlTemplate\":\"https:\/\/123-esta.com\/de\/?s={search_term_string}\"},\"query-input\":{\"@type\":\"PropertyValueSpecification\",\"valueRequired\":true,\"valueName\":\"search_term_string\"}}],\"inLanguage\":\"de\"},{\"@type\":\"Organization\",\"@id\":\"https:\/\/123-esta.com\/de\/#organization\",\"name\":\"Formulaire ESTA pour les USA\",\"url\":\"https:\/\/123-esta.com\/de\/\",\"logo\":{\"@type\":\"ImageObject\",\"inLanguage\":\"de\",\"@id\":\"https:\/\/123-esta.com\/de\/#\/schema\/logo\/image\/\",\"url\":\"https:\/\/123-esta.com\/wp-content\/uploads\/2018\/03\/logo-123-esta.png\",\"contentUrl\":\"https:\/\/123-esta.com\/wp-content\/uploads\/2018\/03\/logo-123-esta.png\",\"width\":191,\"height\":54,\"caption\":\"Formulaire ESTA pour les USA\"},\"image\":{\"@id\":\"https:\/\/123-esta.com\/de\/#\/schema\/logo\/image\/\"}}]}<\/script>\n<!-- \/ Yoast SEO plugin. -->","yoast_head_json":{"title":"Muss man das ESTA-Dokument ausdrucken, bevor man in die USA reist?","description":"Das Ausdrucken des ESTA-Reiseformulars vor dem Einsteigen in das Flugzeug wird empfohlen, ist aber nicht zwingend erforderlich. Wir gehen noch einmal auf die Vorgehensweise ein.","robots":{"index":"index","follow":"follow","max-snippet":"max-snippet:-1","max-image-preview":"max-image-preview:large","max-video-preview":"max-video-preview:-1"},"canonical":"https:\/\/123-esta.com\/de\/drucken-esta-formular\/","og_locale":"de_DE","og_type":"article","og_title":"Muss man das ESTA-Dokument ausdrucken, bevor man in die USA reist?","og_description":"Das Ausdrucken des ESTA-Reiseformulars vor dem Einsteigen in das Flugzeug wird empfohlen, ist aber nicht zwingend erforderlich. Wir gehen noch einmal auf die Vorgehensweise ein.","og_url":"https:\/\/123-esta.com\/de\/drucken-esta-formular\/","og_site_name":"Formulaire ESTA pour les USA","article_modified_time":"2022-08-23T20:51:13+00:00","twitter_card":"summary_large_image","twitter_misc":{"Gesch\u00e4tzte Lesezeit":"2\u00a0Minuten"},"schema":{"@context":"https:\/\/schema.org","@graph":[{"@type":"WebPage","@id":"https:\/\/123-esta.com\/de\/drucken-esta-formular\/","url":"https:\/\/123-esta.com\/de\/drucken-esta-formular\/","name":"Muss man das ESTA-Dokument ausdrucken, bevor man in die USA reist?","isPartOf":{"@id":"https:\/\/123-esta.com\/de\/#website"},"datePublished":"2022-07-27T19:35:21+00:00","dateModified":"2022-08-23T20:51:13+00:00","description":"Das Ausdrucken des ESTA-Reiseformulars vor dem Einsteigen in das Flugzeug wird empfohlen, ist aber nicht zwingend erforderlich. Wir gehen noch einmal auf die Vorgehensweise ein.","inLanguage":"de","potentialAction":[{"@type":"ReadAction","target":["https:\/\/123-esta.com\/de\/drucken-esta-formular\/"]}]},{"@type":"WebSite","@id":"https:\/\/123-esta.com\/de\/#website","url":"https:\/\/123-esta.com\/de\/","name":"Formulaire ESTA pour les USA","description":"","publisher":{"@id":"https:\/\/123-esta.com\/de\/#organization"},"potentialAction":[{"@type":"SearchAction","target":{"@type":"EntryPoint","urlTemplate":"https:\/\/123-esta.com\/de\/?s={search_term_string}"},"query-input":{"@type":"PropertyValueSpecification","valueRequired":true,"valueName":"search_term_string"}}],"inLanguage":"de"},{"@type":"Organization","@id":"https:\/\/123-esta.com\/de\/#organization","name":"Formulaire ESTA pour les USA","url":"https:\/\/123-esta.com\/de\/","logo":{"@type":"ImageObject","inLanguage":"de","@id":"https:\/\/123-esta.com\/de\/#\/schema\/logo\/image\/","url":"https:\/\/123-esta.com\/wp-content\/uploads\/2018\/03\/logo-123-esta.png","contentUrl":"https:\/\/123-esta.com\/wp-content\/uploads\/2018\/03\/logo-123-esta.png","width":191,"height":54,"caption":"Formulaire ESTA pour les USA"},"image":{"@id":"https:\/\/123-esta.com\/de\/#\/schema\/logo\/image\/"}}]}},"_links":{"self":[{"href":"https:\/\/123-esta.com\/de\/wp-json\/wp\/v2\/pages\/2483","targetHints":{"allow":["GET"]}}],"collection":[{"href":"https:\/\/123-esta.com\/de\/wp-json\/wp\/v2\/pages"}],"about":[{"href":"https:\/\/123-esta.com\/de\/wp-json\/wp\/v2\/types\/page"}],"author":[{"embeddable":true,"href":"https:\/\/123-esta.com\/de\/wp-json\/wp\/v2\/users\/1"}],"replies":[{"embeddable":true,"href":"https:\/\/123-esta.com\/de\/wp-json\/wp\/v2\/comments?post=2483"}],"version-history":[{"count":0,"href":"https:\/\/123-esta.com\/de\/wp-json\/wp\/v2\/pages\/2483\/revisions"}],"wp:attachment":[{"href":"https:\/\/123-esta.com\/de\/wp-json\/wp\/v2\/media?parent=2483"}],"curies":[{"name":"wp","href":"https:\/\/api.w.org\/{rel}","templated":true}]}}