{"id":2465,"date":"2022-07-27T21:35:18","date_gmt":"2022-07-27T19:35:18","guid":{"rendered":"https:\/\/123-esta.com\/gueltigkeit-esta\/"},"modified":"2022-07-29T13:15:34","modified_gmt":"2022-07-29T11:15:34","slug":"alles-uber-die-gultigkeit-des-esta","status":"publish","type":"page","link":"https:\/\/123-esta.com\/de\/alles-uber-die-gultigkeit-des-esta\/","title":{"rendered":"Alles \u00fcber die G\u00fcltigkeit der ESTA-Reisegenehmigung"},"content":{"rendered":"\n<p>ESTA ist die beste L\u00f6sung, um in die USA zu reisen, da das Programm zur Befreiung von der Visumspflicht Staatsangeh\u00f6rigen aus 40 L\u00e4ndern weltweit zugute kommt.<\/p>\n\n<p>Diese Reisegenehmigung, die auch als <a href=\"\/\/123-esta.com\/quest-ce-que-lesta\/\">ESTA-Visum f\u00fcr die USA<\/a> bezeichnet wird, ist einfach und schnell zu <a href=\"\/\/123-esta.com\/delai-dobtention-esta-pour-voyager-aux-etats-unis\/\">beantragen<\/a> und erfreut sich bei Reisenden, die in den USA Urlaub machen m\u00f6chten, gro\u00dfer Beliebtheit. Dieses Dokument ist jedoch nicht unbegrenzt g\u00fcltig. Wir werden ausf\u00fchrlich darauf eingehen, ob ESTA g\u00fcltig ist, was man damit machen kann und in welchem Umfang.<\/p>\n\n<h2 class=\"wp-block-heading\">Wie lange ist ESTA g\u00fcltig?<\/h2>\n\n<p>Die Reisegenehmigung f\u00fcr die USA ist zeitlich begrenzt: Die <a href=\"\/\/123-esta.com\/depassement-de-date-limite-de-sejour-aux-usa\/\">G\u00fcltigkeitsdauer von ESTA<\/a> betr\u00e4gt 2 Jahre ab dem Ausstellungsdatum. W\u00e4hrend dieser Zeit k\u00f6nnen Sie mit einer einzigen Genehmigung viele Reisen in die USA unternehmen.<\/p>\n\n<p>Sie m\u00fcssen jedoch darauf achten, dass Sie bestimmte Bedingungen einhalten: Ihre Aufenthalte d\u00fcrfen nicht l\u00e4nger als 90 aufeinanderfolgende Tage dauern und sie m\u00fcssen zu touristischen oder gesch\u00e4ftlichen (aber unbezahlten) Zwecken erfolgen. Danach m\u00fcssen Sie die USA verlassen, bevor Sie nach einer angemessenen Zeit wieder einreisen, damit der Zoll nicht vermutet, dass Sie sich illegal in den USA aufhalten. Diese Frist ist sehr ernst zu nehmen, da es schnell zu Verwechslungen zwischen 90 Tagen und 3 Monaten kommen kann (achten Sie insbesondere auf die ungeraden Monate). Um die G\u00fcltigkeit von ESTA zu \u00fcberpr\u00fcfen, schauen Sie einfach auf Ihr Dokument.<\/p>\n\n<p>Wenn die G\u00fcltigkeit von ESTA abl\u00e4uft, ist es nicht m\u00f6glich, eine <a href=\"\/\/123-esta.com\/a-quel-moment-doit-on-faire-une-demande-de-renouvellement-esta\/\">Verl\u00e4ngerung<\/a> derselben Genehmigung zu beantragen. Sie m\u00fcssen einen neuen ESTA-Antrag stellen, um legal in die USA reisen zu k\u00f6nnen.<\/p>\n\n<h2 class=\"wp-block-heading\">ESTA-G\u00fcltigkeit nach einer Pass\u00e4nderung<\/h2>\n\n<p>ESTA ist zwar zwei Jahre lang g\u00fcltig, kann aber in der Praxis schon viel fr\u00fcher ablaufen. Bei der Beantragung m\u00fcssen Sie ein Formular ausf\u00fcllen, in dem Sie Angaben zu Ihrem Familienstand, Ihrem Reisepass und Ihrem Aufenthalt in den USA machen m\u00fcssen. All diese Informationen erm\u00f6glichen es der US-Regierung, Sie zu identifizieren und festzustellen, ob Sie berechtigt sind, an der US-Grenze zu erscheinen oder nicht. Sie haben also verstanden, dass die G\u00fcltigkeitsdauer von ESTA nicht nur vom Kalender abh\u00e4ngt.<\/p>\n\n<p>Es kommt h\u00e4ufig vor, dass sich einige Ihrer Informationen \u00e4ndern (Pass\u00e4nderung, Familienstand usw.). Wenn Sie also Ihren <a href=\"\/\/123-esta.com\/verification-du-passeport-pour-esta\">USA-Pass<\/a> innerhalb dieser zwei Jahre wechseln, wird ihm eine neue Identifikationsnummer zugewiesen, die dann nicht mehr mit der Nummer auf Ihrer Reisegenehmigung \u00fcbereinstimmt. Die ESTA-G\u00fcltigkeit wird dann in den Augen der US-Beh\u00f6rden ung\u00fcltig.<\/p>\n\n<p>Um Ihre Informationen auf den neuesten Stand zu bringen, m\u00fcssen Sie in diesem Fall erst Ihren Reisepass erneuern lassen, bevor Sie eine neue Reisegenehmigung beantragen k\u00f6nnen &#8211; und nicht umgekehrt!<\/p>\n\n<p>Diese beiden Dokumente geh\u00f6ren zu den wenigen <a href=\"\/\/123-esta.com\/formalites-usa\/\">Formalit\u00e4ten in den USA<\/a>, die f\u00fcr die Einreise in die USA unerl\u00e4sslich sind. Wenn Ihre Dokumente nicht in Ordnung sind, wird die US-Regierung Ihnen mit Sicherheit die Einreise verweigern.<\/p>\n\n<p>Vergewissern Sie sich also, dass sowohl ESTA als auch Ihr Reisepass g\u00fcltig sind, bevor Sie Ihren Aufenthalt in den USA genauer planen.<\/p>\n","protected":false},"excerpt":{"rendered":"<p>ESTA ist die beste L\u00f6sung, um in die USA zu reisen, da das Programm zur Befreiung von der Visumspflicht Staatsangeh\u00f6rigen aus 40 L\u00e4ndern weltweit zugute kommt. Diese Reisegenehmigung, die auch als ESTA-Visum f\u00fcr die USA bezeichnet wird, ist einfach und schnell zu beantragen und erfreut sich bei Reisenden, die in den USA Urlaub machen m\u00f6chten, [&hellip;]<\/p>\n","protected":false},"author":1,"featured_media":0,"parent":0,"menu_order":0,"comment_status":"closed","ping_status":"closed","template":"","meta":{"site-sidebar-layout":"default","site-content-layout":"default","ast-site-content-layout":"default","site-content-style":"default","site-sidebar-style":"default","ast-global-header-display":"","ast-banner-title-visibility":"","ast-main-header-display":"","ast-hfb-above-header-display":"","ast-hfb-below-header-display":"","ast-hfb-mobile-header-display":"","site-post-title":"","ast-breadcrumbs-content":"","ast-featured-img":"","footer-sml-layout":"","ast-disable-related-posts":"","theme-transparent-header-meta":"default","adv-header-id-meta":"","stick-header-meta":"default","header-above-stick-meta":"","header-main-stick-meta":"","header-below-stick-meta":"","astra-migrate-meta-layouts":"default","ast-page-background-enabled":"default","ast-page-background-meta":{"desktop":{"background-color":"","background-image":"","background-repeat":"repeat","background-position":"center center","background-size":"auto","background-attachment":"scroll","background-type":"","background-media":"","overlay-type":"","overlay-color":"","overlay-opacity":"","overlay-gradient":""},"tablet":{"background-color":"","background-image":"","background-repeat":"repeat","background-position":"center center","background-size":"auto","background-attachment":"scroll","background-type":"","background-media":"","overlay-type":"","overlay-color":"","overlay-opacity":"","overlay-gradient":""},"mobile":{"background-color":"","background-image":"","background-repeat":"repeat","background-position":"center center","background-size":"auto","background-attachment":"scroll","background-type":"","background-media":"","overlay-type":"","overlay-color":"","overlay-opacity":"","overlay-gradient":""}},"ast-content-background-meta":{"desktop":{"background-color":"var(--ast-global-color-5)","background-image":"","background-repeat":"repeat","background-position":"center center","background-size":"auto","background-attachment":"scroll","background-type":"","background-media":"","overlay-type":"","overlay-color":"","overlay-opacity":"","overlay-gradient":""},"tablet":{"background-color":"var(--ast-global-color-5)","background-image":"","background-repeat":"repeat","background-position":"center center","background-size":"auto","background-attachment":"scroll","background-type":"","background-media":"","overlay-type":"","overlay-color":"","overlay-opacity":"","overlay-gradient":""},"mobile":{"background-color":"var(--ast-global-color-5)","background-image":"","background-repeat":"repeat","background-position":"center center","background-size":"auto","background-attachment":"scroll","background-type":"","background-media":"","overlay-type":"","overlay-color":"","overlay-opacity":"","overlay-gradient":""}},"footnotes":""},"class_list":["post-2465","page","type-page","status-publish","hentry"],"yoast_head":"<!-- This site is optimized with the Yoast SEO plugin v27.1.1 - https:\/\/yoast.com\/product\/yoast-seo-wordpress\/ -->\n<title>Alles \u00fcber die G\u00fcltigkeit der ESTA-Reisegenehmigung<\/title>\n<meta name=\"description\" content=\"Es ist nicht sinnvoll, bei jeder Reise in die USA eine ESTA-Genehmigung zu beantragen. Das ESTA hat n\u00e4mlich eine G\u00fcltigkeitsdauer von mehreren Jahren.\" \/>\n<meta name=\"robots\" content=\"index, follow, max-snippet:-1, max-image-preview:large, max-video-preview:-1\" \/>\n<link rel=\"canonical\" href=\"https:\/\/123-esta.com\/de\/alles-uber-die-gultigkeit-des-esta\/\" \/>\n<meta property=\"og:locale\" content=\"de_DE\" \/>\n<meta property=\"og:type\" content=\"article\" \/>\n<meta property=\"og:title\" content=\"Alles \u00fcber die G\u00fcltigkeit der ESTA-Reisegenehmigung\" \/>\n<meta property=\"og:description\" content=\"Es ist nicht sinnvoll, bei jeder Reise in die USA eine ESTA-Genehmigung zu beantragen. Das ESTA hat n\u00e4mlich eine G\u00fcltigkeitsdauer von mehreren Jahren.\" \/>\n<meta property=\"og:url\" content=\"https:\/\/123-esta.com\/de\/alles-uber-die-gultigkeit-des-esta\/\" \/>\n<meta property=\"og:site_name\" content=\"Formulaire ESTA pour les USA\" \/>\n<meta property=\"article:modified_time\" content=\"2022-07-29T11:15:34+00:00\" \/>\n<meta name=\"twitter:card\" content=\"summary_large_image\" \/>\n<meta name=\"twitter:label1\" content=\"Gesch\u00e4tzte Lesezeit\" \/>\n\t<meta name=\"twitter:data1\" content=\"3\u00a0Minuten\" \/>\n<script type=\"application\/ld+json\" class=\"yoast-schema-graph\">{\"@context\":\"https:\/\/schema.org\",\"@graph\":[{\"@type\":\"WebPage\",\"@id\":\"https:\/\/123-esta.com\/de\/alles-uber-die-gultigkeit-des-esta\/\",\"url\":\"https:\/\/123-esta.com\/de\/alles-uber-die-gultigkeit-des-esta\/\",\"name\":\"Alles \u00fcber die G\u00fcltigkeit der ESTA-Reisegenehmigung\",\"isPartOf\":{\"@id\":\"https:\/\/123-esta.com\/de\/#website\"},\"datePublished\":\"2022-07-27T19:35:18+00:00\",\"dateModified\":\"2022-07-29T11:15:34+00:00\",\"description\":\"Es ist nicht sinnvoll, bei jeder Reise in die USA eine ESTA-Genehmigung zu beantragen. Das ESTA hat n\u00e4mlich eine G\u00fcltigkeitsdauer von mehreren Jahren.\",\"inLanguage\":\"de\",\"potentialAction\":[{\"@type\":\"ReadAction\",\"target\":[\"https:\/\/123-esta.com\/de\/alles-uber-die-gultigkeit-des-esta\/\"]}]},{\"@type\":\"WebSite\",\"@id\":\"https:\/\/123-esta.com\/de\/#website\",\"url\":\"https:\/\/123-esta.com\/de\/\",\"name\":\"Formulaire ESTA pour les USA\",\"description\":\"\",\"publisher\":{\"@id\":\"https:\/\/123-esta.com\/de\/#organization\"},\"potentialAction\":[{\"@type\":\"SearchAction\",\"target\":{\"@type\":\"EntryPoint\",\"urlTemplate\":\"https:\/\/123-esta.com\/de\/?s={search_term_string}\"},\"query-input\":{\"@type\":\"PropertyValueSpecification\",\"valueRequired\":true,\"valueName\":\"search_term_string\"}}],\"inLanguage\":\"de\"},{\"@type\":\"Organization\",\"@id\":\"https:\/\/123-esta.com\/de\/#organization\",\"name\":\"Formulaire ESTA pour les USA\",\"url\":\"https:\/\/123-esta.com\/de\/\",\"logo\":{\"@type\":\"ImageObject\",\"inLanguage\":\"de\",\"@id\":\"https:\/\/123-esta.com\/de\/#\/schema\/logo\/image\/\",\"url\":\"https:\/\/123-esta.com\/wp-content\/uploads\/2018\/03\/logo-123-esta.png\",\"contentUrl\":\"https:\/\/123-esta.com\/wp-content\/uploads\/2018\/03\/logo-123-esta.png\",\"width\":191,\"height\":54,\"caption\":\"Formulaire ESTA pour les USA\"},\"image\":{\"@id\":\"https:\/\/123-esta.com\/de\/#\/schema\/logo\/image\/\"}}]}<\/script>\n<!-- \/ Yoast SEO plugin. -->","yoast_head_json":{"title":"Alles \u00fcber die G\u00fcltigkeit der ESTA-Reisegenehmigung","description":"Es ist nicht sinnvoll, bei jeder Reise in die USA eine ESTA-Genehmigung zu beantragen. Das ESTA hat n\u00e4mlich eine G\u00fcltigkeitsdauer von mehreren Jahren.","robots":{"index":"index","follow":"follow","max-snippet":"max-snippet:-1","max-image-preview":"max-image-preview:large","max-video-preview":"max-video-preview:-1"},"canonical":"https:\/\/123-esta.com\/de\/alles-uber-die-gultigkeit-des-esta\/","og_locale":"de_DE","og_type":"article","og_title":"Alles \u00fcber die G\u00fcltigkeit der ESTA-Reisegenehmigung","og_description":"Es ist nicht sinnvoll, bei jeder Reise in die USA eine ESTA-Genehmigung zu beantragen. Das ESTA hat n\u00e4mlich eine G\u00fcltigkeitsdauer von mehreren Jahren.","og_url":"https:\/\/123-esta.com\/de\/alles-uber-die-gultigkeit-des-esta\/","og_site_name":"Formulaire ESTA pour les USA","article_modified_time":"2022-07-29T11:15:34+00:00","twitter_card":"summary_large_image","twitter_misc":{"Gesch\u00e4tzte Lesezeit":"3\u00a0Minuten"},"schema":{"@context":"https:\/\/schema.org","@graph":[{"@type":"WebPage","@id":"https:\/\/123-esta.com\/de\/alles-uber-die-gultigkeit-des-esta\/","url":"https:\/\/123-esta.com\/de\/alles-uber-die-gultigkeit-des-esta\/","name":"Alles \u00fcber die G\u00fcltigkeit der ESTA-Reisegenehmigung","isPartOf":{"@id":"https:\/\/123-esta.com\/de\/#website"},"datePublished":"2022-07-27T19:35:18+00:00","dateModified":"2022-07-29T11:15:34+00:00","description":"Es ist nicht sinnvoll, bei jeder Reise in die USA eine ESTA-Genehmigung zu beantragen. Das ESTA hat n\u00e4mlich eine G\u00fcltigkeitsdauer von mehreren Jahren.","inLanguage":"de","potentialAction":[{"@type":"ReadAction","target":["https:\/\/123-esta.com\/de\/alles-uber-die-gultigkeit-des-esta\/"]}]},{"@type":"WebSite","@id":"https:\/\/123-esta.com\/de\/#website","url":"https:\/\/123-esta.com\/de\/","name":"Formulaire ESTA pour les USA","description":"","publisher":{"@id":"https:\/\/123-esta.com\/de\/#organization"},"potentialAction":[{"@type":"SearchAction","target":{"@type":"EntryPoint","urlTemplate":"https:\/\/123-esta.com\/de\/?s={search_term_string}"},"query-input":{"@type":"PropertyValueSpecification","valueRequired":true,"valueName":"search_term_string"}}],"inLanguage":"de"},{"@type":"Organization","@id":"https:\/\/123-esta.com\/de\/#organization","name":"Formulaire ESTA pour les USA","url":"https:\/\/123-esta.com\/de\/","logo":{"@type":"ImageObject","inLanguage":"de","@id":"https:\/\/123-esta.com\/de\/#\/schema\/logo\/image\/","url":"https:\/\/123-esta.com\/wp-content\/uploads\/2018\/03\/logo-123-esta.png","contentUrl":"https:\/\/123-esta.com\/wp-content\/uploads\/2018\/03\/logo-123-esta.png","width":191,"height":54,"caption":"Formulaire ESTA pour les USA"},"image":{"@id":"https:\/\/123-esta.com\/de\/#\/schema\/logo\/image\/"}}]}},"_links":{"self":[{"href":"https:\/\/123-esta.com\/de\/wp-json\/wp\/v2\/pages\/2465","targetHints":{"allow":["GET"]}}],"collection":[{"href":"https:\/\/123-esta.com\/de\/wp-json\/wp\/v2\/pages"}],"about":[{"href":"https:\/\/123-esta.com\/de\/wp-json\/wp\/v2\/types\/page"}],"author":[{"embeddable":true,"href":"https:\/\/123-esta.com\/de\/wp-json\/wp\/v2\/users\/1"}],"replies":[{"embeddable":true,"href":"https:\/\/123-esta.com\/de\/wp-json\/wp\/v2\/comments?post=2465"}],"version-history":[{"count":0,"href":"https:\/\/123-esta.com\/de\/wp-json\/wp\/v2\/pages\/2465\/revisions"}],"wp:attachment":[{"href":"https:\/\/123-esta.com\/de\/wp-json\/wp\/v2\/media?parent=2465"}],"curies":[{"name":"wp","href":"https:\/\/api.w.org\/{rel}","templated":true}]}}